{"id":105,"date":"2011-03-10T13:10:43","date_gmt":"2011-03-10T19:10:43","guid":{"rendered":"https:\/\/www.parrinst.com\/?page_id=105"},"modified":"2025-06-02T13:40:33","modified_gmt":"2025-06-02T18:40:33","slug":"series-4520-1-2l-bench-top-reactors","status":"publish","type":"page","link":"https:\/\/www.parrinst.com\/de\/products\/stirred-reactors\/series-4520-1-2l-bench-top-reactors\/","title":{"rendered":"Serie 4520 Tischreaktoren, 1 und 2 Liter"},"content":{"rendered":"<div class=\"caption-below\">\n\n\t\t\t<div id='105-1' class='gallery gallery-105 gallery-columns-3 gallery-size-medium' itemscope itemtype='http:\/\/schema.org\/ImageGallery'>\n\t\t\t\t<div class='gallery-row gallery-col-3 gallery-clear'>\n\t\t\t\t\t<figure class='gallery-item col-3' itemprop='associatedMedia' itemscope itemtype='http:\/\/schema.org\/ImageObject'>\n\t\t\t\t\t\t<div class='gallery-icon landscape'><a href=\"https:\/\/i0.wp.com\/www.parrinst.com\/de\/wp-content\/uploads\/sites\/6\/2025\/02\/4523-System_300100PI2_1590web.jpg?ssl=1\" itemprop=\"contentURL\"><img loading=\"lazy\" decoding=\"async\" width=\"300\" height=\"281\" src=\"https:\/\/i0.wp.com\/www.parrinst.com\/de\/wp-content\/uploads\/sites\/6\/2025\/02\/4523-System_300100PI2_1590web.jpg?fit=300%2C281&amp;ssl=1\" class=\"attachment-medium size-medium\" alt=\"\" srcset=\"https:\/\/i0.wp.com\/www.parrinst.com\/de\/wp-content\/uploads\/sites\/6\/2025\/02\/4523-System_300100PI2_1590web.jpg?w=640&amp;ssl=1 640w, https:\/\/i0.wp.com\/www.parrinst.com\/de\/wp-content\/uploads\/sites\/6\/2025\/02\/4523-System_300100PI2_1590web.jpg?resize=300%2C281&amp;ssl=1 300w, https:\/\/i0.wp.com\/www.parrinst.com\/de\/wp-content\/uploads\/sites\/6\/2025\/02\/4523-System_300100PI2_1590web.jpg?resize=160%2C150&amp;ssl=1 160w\" sizes=\"auto, (max-width: 300px) 100vw, 300px\" itemprop=\"thumbnail\" \/><\/a><\/div>\n\t\t\t\t\t<\/figure>\n\t\t\t\t\t<figure class='gallery-item col-3' itemprop='associatedMedia' itemscope itemtype='http:\/\/schema.org\/ImageObject'>\n\t\t\t\t\t\t<div class='gallery-icon portrait'><a href=\"https:\/\/i0.wp.com\/www.parrinst.com\/de\/wp-content\/uploads\/sites\/6\/2025\/02\/4523-Solo_300100PI2_1594web.jpg?ssl=1\" itemprop=\"contentURL\"><img loading=\"lazy\" decoding=\"async\" width=\"215\" height=\"300\" src=\"https:\/\/i0.wp.com\/www.parrinst.com\/de\/wp-content\/uploads\/sites\/6\/2025\/02\/4523-Solo_300100PI2_1594web.jpg?fit=215%2C300&amp;ssl=1\" class=\"attachment-medium size-medium\" alt=\"\" srcset=\"https:\/\/i0.wp.com\/www.parrinst.com\/de\/wp-content\/uploads\/sites\/6\/2025\/02\/4523-Solo_300100PI2_1594web.jpg?w=429&amp;ssl=1 429w, https:\/\/i0.wp.com\/www.parrinst.com\/de\/wp-content\/uploads\/sites\/6\/2025\/02\/4523-Solo_300100PI2_1594web.jpg?resize=215%2C300&amp;ssl=1 215w, https:\/\/i0.wp.com\/www.parrinst.com\/de\/wp-content\/uploads\/sites\/6\/2025\/02\/4523-Solo_300100PI2_1594web.jpg?resize=107%2C150&amp;ssl=1 107w\" sizes=\"auto, (max-width: 215px) 100vw, 215px\" itemprop=\"thumbnail\" \/><\/a><\/div>\n\t\t\t\t\t<\/figure>\n\t\t\t\t\t<figure class='gallery-item col-3' itemprop='associatedMedia' itemscope itemtype='http:\/\/schema.org\/ImageObject'>\n\t\t\t\t\t\t<div class='gallery-icon portrait'><a href=\"https:\/\/i0.wp.com\/www.parrinst.com\/de\/wp-content\/uploads\/sites\/6\/2011\/03\/4525-moveable_4848.jpg?ssl=1\" itemprop=\"contentURL\"><img loading=\"lazy\" decoding=\"async\" width=\"260\" height=\"300\" src=\"https:\/\/i0.wp.com\/www.parrinst.com\/de\/wp-content\/uploads\/sites\/6\/2011\/03\/4525-moveable_4848.jpg?fit=260%2C300&amp;ssl=1\" class=\"attachment-medium size-medium\" alt=\"4525 Reaktor, 1000 ml, &quot;Moveable&quot; Beh\u00e4lter mit 4848 Controller und Opt. Erweiterungsmodul\" srcset=\"https:\/\/i0.wp.com\/www.parrinst.com\/de\/wp-content\/uploads\/sites\/6\/2011\/03\/4525-moveable_4848.jpg?w=520&amp;ssl=1 520w, https:\/\/i0.wp.com\/www.parrinst.com\/de\/wp-content\/uploads\/sites\/6\/2011\/03\/4525-moveable_4848.jpg?resize=130%2C150&amp;ssl=1 130w, https:\/\/i0.wp.com\/www.parrinst.com\/de\/wp-content\/uploads\/sites\/6\/2011\/03\/4525-moveable_4848.jpg?resize=260%2C300&amp;ssl=1 260w\" sizes=\"auto, (max-width: 260px) 100vw, 260px\" itemprop=\"thumbnail\" \/><\/a><\/div>\n\t\t\t\t\t<\/figure>\n\t\t\t\t<\/div>\n\t\t\t\t<div class='gallery-row gallery-col-3 gallery-clear'>\n\t\t\t\t\t<figure class='gallery-item col-3' itemprop='associatedMedia' itemscope itemtype='http:\/\/schema.org\/ImageObject'>\n\t\t\t\t\t\t<div class='gallery-icon portrait'><a href=\"https:\/\/i0.wp.com\/www.parrinst.com\/de\/wp-content\/uploads\/sites\/6\/2011\/03\/4642-Vessel.jpg?ssl=1\" itemprop=\"contentURL\"><img loading=\"lazy\" decoding=\"async\" width=\"214\" height=\"300\" src=\"https:\/\/i0.wp.com\/www.parrinst.com\/de\/wp-content\/uploads\/sites\/6\/2011\/03\/4642-Vessel.jpg?fit=214%2C300&amp;ssl=1\" class=\"attachment-medium size-medium\" alt=\"4526 &quot;Moveable&quot; Beh\u00e4lter , 2000 ml\" srcset=\"https:\/\/i0.wp.com\/www.parrinst.com\/de\/wp-content\/uploads\/sites\/6\/2011\/03\/4642-Vessel.jpg?w=600&amp;ssl=1 600w, https:\/\/i0.wp.com\/www.parrinst.com\/de\/wp-content\/uploads\/sites\/6\/2011\/03\/4642-Vessel.jpg?resize=107%2C150&amp;ssl=1 107w, https:\/\/i0.wp.com\/www.parrinst.com\/de\/wp-content\/uploads\/sites\/6\/2011\/03\/4642-Vessel.jpg?resize=214%2C300&amp;ssl=1 214w\" sizes=\"auto, (max-width: 214px) 100vw, 214px\" itemprop=\"thumbnail\" \/><\/a><\/div>\n\t\t\t\t\t<\/figure>\n\t\t\t<\/div>\n\t\t\t<\/div><!-- .gallery -->\n\n<\/div>\n<p><strong>Dies sind die gr\u00f6\u00dften Parr Reaktoren, die auf einem Labortisch eingesetzt werden k\u00f6nnen.<\/strong> Sie k\u00f6nnen entweder mit einer FKM O-Ring-Dichtung f\u00fcr Arbeitstemperaturen bis 225\u00b0C, FFKM O-Ring-Dichtung f\u00fcr\u00a0Arbeitstemperaturen bis 300\u00b0C oder mit einer Flachdichtung aus PTFE f\u00fcr Temperaturen bis maximal 350\u00b0C ausgef\u00fchrt werden.<\/p>\n<p>Eine optionale Hochdruckversion (HP \u2013 High Pressure) ist mit einer PTFE Flachdichtung f\u00fcr Arbeitsdr\u00fccke bis 200 bar (2900 psi) bei 350\u00b0C ebenfalls erh\u00e4ltlich. Dieser Reaktor ist sowohl als \u201eFixed Head\u201c, als auch als \u201eMoveable Head\u201c-Variante verf\u00fcgbar. Optional ist auch eine pneumatische Hebevorrichtung f\u00fcr den schwereren 2-Liter-Zylinder mit Heizung erh\u00e4ltlich. Es ist anzumerken, dass das 2-Liter Fixed Head Modell eine sehr gro\u00dfe Bauh\u00f6he hat und es schwierig sein k\u00f6nnte, diesen Reaktor auf einem Tisch zu betreiben. Daher empfehlen wir die Verwendung eines Standreaktors.<a title=\"Floor Stand Reactors (Series 4530 1 &amp; 2L)\" href=\"https:\/\/www.parrinst.com\/de\/products\/stirred-reactors\/floor-stand-reactors-series-4530-1-2\/\">(siehe Serie 4530)<\/a><\/p>\n<p>Aufgrund des gr\u00f6\u00dferem Durchmessers bieten diese Reaktoren mittlerer Gr\u00f6\u00dfe gen\u00fcgend Spielraum f\u00fcr spezielle Modifikationen, wie zum Beispiel: interne K\u00fchlschlangen, Bodenablassventil (au\u00dfer bei der 2L-Tischversion), Kugelhahn f\u00fcr die Feststoffzugabe, Aufsatz zur Katalysatorzugabe, Kondenser, elektrische Durchflusssysteme und vieles mehr.<\/p>\n<p>Der magnetische R\u00fchrantrieb der Modelle 4520 ist konzipiert f\u00fcr Substanzen mit einer dynamischen Viskosit\u00e4t bis 25 Pa*s (25000 Zentipoise). Bei gr\u00f6\u00dferen R\u00fchrlasten k\u00f6nnen diese Reaktoren mit st\u00e4rkeren Magnetantrieben, leistungsst\u00e4rkeren Motoren und gr\u00f6\u00dferem Drehmoment ausgestattet werden.<\/p>\n","protected":false},"excerpt":{"rendered":"<p>Dies sind die gr\u00f6\u00dften Parr Reaktoren, die auf einem Labortisch eingesetzt werden k\u00f6nnen. Sie k\u00f6nnen entweder mit einer FKM O-Ring-Dichtung f\u00fcr Arbeitstemperaturen bis 225\u00b0C, FFKM O-Ring-Dichtung f\u00fcr\u00a0Arbeitstemperaturen bis 300\u00b0C oder mit einer Flachdichtung aus PTFE f\u00fcr Temperaturen bis maximal 350\u00b0C ausgef\u00fchrt werden. Eine optionale Hochdruckversion (HP \u2013 High Pressure) ist mit einer PTFE Flachdichtung f\u00fcr [&hellip;]<\/p>\n","protected":false},"author":2,"featured_media":36873,"parent":47,"menu_order":1,"comment_status":"closed","ping_status":"closed","template":"product-wide-strirred-filter.php","meta":{"_acf_changed":false,"footnotes":"","_links_to":"","_links_to_target":""},"class_list":["post-105","page","type-page","status-publish","has-post-thumbnail","hentry"],"acf":[],"yoast_head":"<!-- This site is optimized with the Yoast SEO plugin v27.4 - https:\/\/yoast.com\/product\/yoast-seo-wordpress\/ -->\n<title>Serie 4520 Tischreaktoren, 1 und 2 Liter - Parr Instrument GmbH<\/title>\n<meta name=\"robots\" content=\"index, follow, max-snippet:-1, max-image-preview:large, max-video-preview:-1\" \/>\n<link rel=\"canonical\" href=\"https:\/\/www.parrinst.com\/de\/products\/stirred-reactors\/series-4520-1-2l-bench-top-reactors\/\" \/>\n<meta property=\"og:locale\" content=\"en_US\" \/>\n<meta property=\"og:type\" content=\"article\" \/>\n<meta property=\"og:title\" content=\"Serie 4520 Tischreaktoren, 1 und 2 Liter - Parr Instrument GmbH\" \/>\n<meta property=\"og:description\" content=\"Dies sind die gr\u00f6\u00dften Parr Reaktoren, die auf einem Labortisch eingesetzt werden k\u00f6nnen. Sie k\u00f6nnen entweder mit einer FKM O-Ring-Dichtung f\u00fcr Arbeitstemperaturen bis 225\u00b0C, FFKM O-Ring-Dichtung f\u00fcr\u00a0Arbeitstemperaturen bis 300\u00b0C oder mit einer Flachdichtung aus PTFE f\u00fcr Temperaturen bis maximal 350\u00b0C ausgef\u00fchrt werden. Eine optionale Hochdruckversion (HP \u2013 High Pressure) ist mit einer PTFE Flachdichtung f\u00fcr [&hellip;]\" \/>\n<meta property=\"og:url\" content=\"https:\/\/www.parrinst.com\/de\/products\/stirred-reactors\/series-4520-1-2l-bench-top-reactors\/\" \/>\n<meta property=\"og:site_name\" content=\"Parr Instrument GmbH\" \/>\n<meta property=\"article:modified_time\" content=\"2025-06-02T18:40:33+00:00\" \/>\n<meta property=\"og:image\" content=\"https:\/\/www.parrinst.com\/de\/files\/2017\/12\/parr_banner_stirred3_secondary.jpg\" \/>\n\t<meta property=\"og:image:width\" content=\"2200\" \/>\n\t<meta property=\"og:image:height\" content=\"399\" \/>\n\t<meta property=\"og:image:type\" content=\"image\/jpeg\" \/>\n<meta name=\"twitter:card\" content=\"summary_large_image\" \/>\n<meta name=\"twitter:label1\" content=\"Est. reading time\" \/>\n\t<meta name=\"twitter:data1\" content=\"2 minutes\" \/>\n<script type=\"application\/ld+json\" class=\"yoast-schema-graph\">{\"@context\":\"https:\\\/\\\/schema.org\",\"@graph\":[{\"@type\":\"WebPage\",\"@id\":\"https:\\\/\\\/www.parrinst.com\\\/de\\\/products\\\/stirred-reactors\\\/series-4520-1-2l-bench-top-reactors\\\/\",\"url\":\"https:\\\/\\\/www.parrinst.com\\\/de\\\/products\\\/stirred-reactors\\\/series-4520-1-2l-bench-top-reactors\\\/\",\"name\":\"Serie 4520 Tischreaktoren, 1 und 2 Liter - Parr Instrument GmbH\",\"isPartOf\":{\"@id\":\"https:\\\/\\\/www.parrinst.com\\\/de\\\/#website\"},\"primaryImageOfPage\":{\"@id\":\"https:\\\/\\\/www.parrinst.com\\\/de\\\/products\\\/stirred-reactors\\\/series-4520-1-2l-bench-top-reactors\\\/#primaryimage\"},\"image\":{\"@id\":\"https:\\\/\\\/www.parrinst.com\\\/de\\\/products\\\/stirred-reactors\\\/series-4520-1-2l-bench-top-reactors\\\/#primaryimage\"},\"thumbnailUrl\":\"https:\\\/\\\/i0.wp.com\\\/www.parrinst.com\\\/de\\\/wp-content\\\/uploads\\\/sites\\\/6\\\/2017\\\/12\\\/parr_banner_stirred3_secondary.jpg?fit=2200%2C399&ssl=1\",\"datePublished\":\"2011-03-10T19:10:43+00:00\",\"dateModified\":\"2025-06-02T18:40:33+00:00\",\"breadcrumb\":{\"@id\":\"https:\\\/\\\/www.parrinst.com\\\/de\\\/products\\\/stirred-reactors\\\/series-4520-1-2l-bench-top-reactors\\\/#breadcrumb\"},\"inLanguage\":\"en-US\",\"potentialAction\":[{\"@type\":\"ReadAction\",\"target\":[\"https:\\\/\\\/www.parrinst.com\\\/de\\\/products\\\/stirred-reactors\\\/series-4520-1-2l-bench-top-reactors\\\/\"]}]},{\"@type\":\"ImageObject\",\"inLanguage\":\"en-US\",\"@id\":\"https:\\\/\\\/www.parrinst.com\\\/de\\\/products\\\/stirred-reactors\\\/series-4520-1-2l-bench-top-reactors\\\/#primaryimage\",\"url\":\"https:\\\/\\\/i0.wp.com\\\/www.parrinst.com\\\/de\\\/wp-content\\\/uploads\\\/sites\\\/6\\\/2017\\\/12\\\/parr_banner_stirred3_secondary.jpg?fit=2200%2C399&ssl=1\",\"contentUrl\":\"https:\\\/\\\/i0.wp.com\\\/www.parrinst.com\\\/de\\\/wp-content\\\/uploads\\\/sites\\\/6\\\/2017\\\/12\\\/parr_banner_stirred3_secondary.jpg?fit=2200%2C399&ssl=1\",\"width\":2200,\"height\":399},{\"@type\":\"BreadcrumbList\",\"@id\":\"https:\\\/\\\/www.parrinst.com\\\/de\\\/products\\\/stirred-reactors\\\/series-4520-1-2l-bench-top-reactors\\\/#breadcrumb\",\"itemListElement\":[{\"@type\":\"ListItem\",\"position\":1,\"name\":\"Home\",\"item\":\"https:\\\/\\\/www.parrinst.com\\\/de\\\/\"},{\"@type\":\"ListItem\",\"position\":2,\"name\":\"Products\",\"item\":\"https:\\\/\\\/www.parrinst.com\\\/de\\\/products\\\/\"},{\"@type\":\"ListItem\",\"position\":3,\"name\":\"Ger\u00fchrte Reaktoren\",\"item\":\"https:\\\/\\\/www.parrinst.com\\\/de\\\/products\\\/stirred-reactors\\\/\"},{\"@type\":\"ListItem\",\"position\":4,\"name\":\"Serie 4520 Tischreaktoren, 1 und 2 Liter\"}]},{\"@type\":\"WebSite\",\"@id\":\"https:\\\/\\\/www.parrinst.com\\\/de\\\/#website\",\"url\":\"https:\\\/\\\/www.parrinst.com\\\/de\\\/\",\"name\":\"Parr Instrument GmbH\",\"description\":\"\",\"potentialAction\":[{\"@type\":\"SearchAction\",\"target\":{\"@type\":\"EntryPoint\",\"urlTemplate\":\"https:\\\/\\\/www.parrinst.com\\\/de\\\/?s={search_term_string}\"},\"query-input\":{\"@type\":\"PropertyValueSpecification\",\"valueRequired\":true,\"valueName\":\"search_term_string\"}}],\"inLanguage\":\"en-US\"}]}<\/script>\n<!-- \/ Yoast SEO plugin. -->","yoast_head_json":{"title":"Serie 4520 Tischreaktoren, 1 und 2 Liter - Parr Instrument GmbH","robots":{"index":"index","follow":"follow","max-snippet":"max-snippet:-1","max-image-preview":"max-image-preview:large","max-video-preview":"max-video-preview:-1"},"canonical":"https:\/\/www.parrinst.com\/de\/products\/stirred-reactors\/series-4520-1-2l-bench-top-reactors\/","og_locale":"en_US","og_type":"article","og_title":"Serie 4520 Tischreaktoren, 1 und 2 Liter - Parr Instrument GmbH","og_description":"Dies sind die gr\u00f6\u00dften Parr Reaktoren, die auf einem Labortisch eingesetzt werden k\u00f6nnen. Sie k\u00f6nnen entweder mit einer FKM O-Ring-Dichtung f\u00fcr Arbeitstemperaturen bis 225\u00b0C, FFKM O-Ring-Dichtung f\u00fcr\u00a0Arbeitstemperaturen bis 300\u00b0C oder mit einer Flachdichtung aus PTFE f\u00fcr Temperaturen bis maximal 350\u00b0C ausgef\u00fchrt werden. Eine optionale Hochdruckversion (HP \u2013 High Pressure) ist mit einer PTFE Flachdichtung f\u00fcr [&hellip;]","og_url":"https:\/\/www.parrinst.com\/de\/products\/stirred-reactors\/series-4520-1-2l-bench-top-reactors\/","og_site_name":"Parr Instrument GmbH","article_modified_time":"2025-06-02T18:40:33+00:00","og_image":[{"width":2200,"height":399,"url":"https:\/\/www.parrinst.com\/de\/files\/2017\/12\/parr_banner_stirred3_secondary.jpg","type":"image\/jpeg"}],"twitter_card":"summary_large_image","twitter_misc":{"Est. reading time":"2 minutes"},"schema":{"@context":"https:\/\/schema.org","@graph":[{"@type":"WebPage","@id":"https:\/\/www.parrinst.com\/de\/products\/stirred-reactors\/series-4520-1-2l-bench-top-reactors\/","url":"https:\/\/www.parrinst.com\/de\/products\/stirred-reactors\/series-4520-1-2l-bench-top-reactors\/","name":"Serie 4520 Tischreaktoren, 1 und 2 Liter - Parr Instrument GmbH","isPartOf":{"@id":"https:\/\/www.parrinst.com\/de\/#website"},"primaryImageOfPage":{"@id":"https:\/\/www.parrinst.com\/de\/products\/stirred-reactors\/series-4520-1-2l-bench-top-reactors\/#primaryimage"},"image":{"@id":"https:\/\/www.parrinst.com\/de\/products\/stirred-reactors\/series-4520-1-2l-bench-top-reactors\/#primaryimage"},"thumbnailUrl":"https:\/\/i0.wp.com\/www.parrinst.com\/de\/wp-content\/uploads\/sites\/6\/2017\/12\/parr_banner_stirred3_secondary.jpg?fit=2200%2C399&ssl=1","datePublished":"2011-03-10T19:10:43+00:00","dateModified":"2025-06-02T18:40:33+00:00","breadcrumb":{"@id":"https:\/\/www.parrinst.com\/de\/products\/stirred-reactors\/series-4520-1-2l-bench-top-reactors\/#breadcrumb"},"inLanguage":"en-US","potentialAction":[{"@type":"ReadAction","target":["https:\/\/www.parrinst.com\/de\/products\/stirred-reactors\/series-4520-1-2l-bench-top-reactors\/"]}]},{"@type":"ImageObject","inLanguage":"en-US","@id":"https:\/\/www.parrinst.com\/de\/products\/stirred-reactors\/series-4520-1-2l-bench-top-reactors\/#primaryimage","url":"https:\/\/i0.wp.com\/www.parrinst.com\/de\/wp-content\/uploads\/sites\/6\/2017\/12\/parr_banner_stirred3_secondary.jpg?fit=2200%2C399&ssl=1","contentUrl":"https:\/\/i0.wp.com\/www.parrinst.com\/de\/wp-content\/uploads\/sites\/6\/2017\/12\/parr_banner_stirred3_secondary.jpg?fit=2200%2C399&ssl=1","width":2200,"height":399},{"@type":"BreadcrumbList","@id":"https:\/\/www.parrinst.com\/de\/products\/stirred-reactors\/series-4520-1-2l-bench-top-reactors\/#breadcrumb","itemListElement":[{"@type":"ListItem","position":1,"name":"Home","item":"https:\/\/www.parrinst.com\/de\/"},{"@type":"ListItem","position":2,"name":"Products","item":"https:\/\/www.parrinst.com\/de\/products\/"},{"@type":"ListItem","position":3,"name":"Ger\u00fchrte Reaktoren","item":"https:\/\/www.parrinst.com\/de\/products\/stirred-reactors\/"},{"@type":"ListItem","position":4,"name":"Serie 4520 Tischreaktoren, 1 und 2 Liter"}]},{"@type":"WebSite","@id":"https:\/\/www.parrinst.com\/de\/#website","url":"https:\/\/www.parrinst.com\/de\/","name":"Parr Instrument GmbH","description":"","potentialAction":[{"@type":"SearchAction","target":{"@type":"EntryPoint","urlTemplate":"https:\/\/www.parrinst.com\/de\/?s={search_term_string}"},"query-input":{"@type":"PropertyValueSpecification","valueRequired":true,"valueName":"search_term_string"}}],"inLanguage":"en-US"}]}},"jetpack_sharing_enabled":true,"_links":{"self":[{"href":"https:\/\/www.parrinst.com\/de\/wp-json\/wp\/v2\/pages\/105","targetHints":{"allow":["GET"]}}],"collection":[{"href":"https:\/\/www.parrinst.com\/de\/wp-json\/wp\/v2\/pages"}],"about":[{"href":"https:\/\/www.parrinst.com\/de\/wp-json\/wp\/v2\/types\/page"}],"author":[{"embeddable":true,"href":"https:\/\/www.parrinst.com\/de\/wp-json\/wp\/v2\/users\/2"}],"replies":[{"embeddable":true,"href":"https:\/\/www.parrinst.com\/de\/wp-json\/wp\/v2\/comments?post=105"}],"version-history":[{"count":8,"href":"https:\/\/www.parrinst.com\/de\/wp-json\/wp\/v2\/pages\/105\/revisions"}],"predecessor-version":[{"id":41549,"href":"https:\/\/www.parrinst.com\/de\/wp-json\/wp\/v2\/pages\/105\/revisions\/41549"}],"up":[{"embeddable":true,"href":"https:\/\/www.parrinst.com\/de\/wp-json\/wp\/v2\/pages\/47"}],"wp:featuredmedia":[{"embeddable":true,"href":"https:\/\/www.parrinst.com\/de\/wp-json\/wp\/v2\/media\/36873"}],"wp:attachment":[{"href":"https:\/\/www.parrinst.com\/de\/wp-json\/wp\/v2\/media?parent=105"}],"curies":[{"name":"wp","href":"https:\/\/api.w.org\/{rel}","templated":true}]}}