{"id":10767,"date":"2014-04-23T21:02:15","date_gmt":"2014-04-23T19:02:15","guid":{"rendered":"https:\/\/www.parrinst.com\/de\/?page_id=10767"},"modified":"2018-02-28T23:07:58","modified_gmt":"2018-02-28T22:07:58","slug":"6765-combination-calorimeter","status":"publish","type":"page","link":"https:\/\/www.parrinst.com\/de\/products\/oxygen-bomb-calorimeters\/6765-combination-calorimeter\/","title":{"rendered":"6765 Semimikro\/ L\u00f6sungs- Kalorimeterkombination"},"content":{"rendered":"\n\t\t\t<div id='10767-1' class='gallery gallery-10767 gallery-columns-3 gallery-size-medium' itemscope itemtype='http:\/\/schema.org\/ImageGallery'>\n\t\t\t\t<div class='gallery-row gallery-col-3 gallery-clear'>\n\t\t\t\t\t<figure class='gallery-item col-3' itemprop='associatedMedia' itemscope itemtype='http:\/\/schema.org\/ImageObject'>\n\t\t\t\t\t\t<div class='gallery-icon landscape'><a href=\"https:\/\/i0.wp.com\/www.parrinst.com\/de\/wp-content\/uploads\/sites\/6\/2012\/08\/6765_ComboCalorimeterDSC2212.jpg?ssl=1\" itemprop=\"contentURL\"><img loading=\"lazy\" decoding=\"async\" width=\"300\" height=\"278\" src=\"https:\/\/i0.wp.com\/www.parrinst.com\/de\/wp-content\/uploads\/sites\/6\/2012\/08\/6765_ComboCalorimeterDSC2212.jpg?fit=300%2C278&amp;ssl=1\" class=\"attachment-medium size-medium\" alt=\"6765 Combination Calorimeter\" srcset=\"https:\/\/i0.wp.com\/www.parrinst.com\/de\/wp-content\/uploads\/sites\/6\/2012\/08\/6765_ComboCalorimeterDSC2212.jpg?w=600&amp;ssl=1 600w, https:\/\/i0.wp.com\/www.parrinst.com\/de\/wp-content\/uploads\/sites\/6\/2012\/08\/6765_ComboCalorimeterDSC2212.jpg?resize=162%2C150&amp;ssl=1 162w, https:\/\/i0.wp.com\/www.parrinst.com\/de\/wp-content\/uploads\/sites\/6\/2012\/08\/6765_ComboCalorimeterDSC2212.jpg?resize=300%2C278&amp;ssl=1 300w\" sizes=\"auto, (max-width: 300px) 100vw, 300px\" itemprop=\"thumbnail\" \/><\/a><\/div>\n\t\t\t\t\t<\/figure>\n\t\t\t\t\t<figure class='gallery-item col-3' itemprop='associatedMedia' itemscope itemtype='http:\/\/schema.org\/ImageObject'>\n\t\t\t\t\t\t<div class='gallery-icon landscape'><a href=\"https:\/\/i0.wp.com\/www.parrinst.com\/de\/wp-content\/uploads\/sites\/6\/2011\/06\/6725-conversion_0522.jpg?ssl=1\" itemprop=\"contentURL\"><img loading=\"lazy\" decoding=\"async\" width=\"300\" height=\"190\" src=\"https:\/\/i0.wp.com\/www.parrinst.com\/de\/wp-content\/uploads\/sites\/6\/2011\/06\/6725-conversion_0522.jpg?fit=300%2C190&amp;ssl=1\" class=\"attachment-medium size-medium\" alt=\"6725 Semimicro Calorimeter with Accessories\" srcset=\"https:\/\/i0.wp.com\/www.parrinst.com\/de\/wp-content\/uploads\/sites\/6\/2011\/06\/6725-conversion_0522.jpg?w=2100&amp;ssl=1 2100w, https:\/\/i0.wp.com\/www.parrinst.com\/de\/wp-content\/uploads\/sites\/6\/2011\/06\/6725-conversion_0522.jpg?resize=300%2C190&amp;ssl=1 300w, https:\/\/i0.wp.com\/www.parrinst.com\/de\/wp-content\/uploads\/sites\/6\/2011\/06\/6725-conversion_0522.jpg?resize=1024%2C648&amp;ssl=1 1024w, https:\/\/i0.wp.com\/www.parrinst.com\/de\/wp-content\/uploads\/sites\/6\/2011\/06\/6725-conversion_0522.jpg?resize=237%2C150&amp;ssl=1 237w, https:\/\/i0.wp.com\/www.parrinst.com\/de\/wp-content\/uploads\/sites\/6\/2011\/06\/6725-conversion_0522.jpg?resize=1536%2C971&amp;ssl=1 1536w, https:\/\/i0.wp.com\/www.parrinst.com\/de\/wp-content\/uploads\/sites\/6\/2011\/06\/6725-conversion_0522.jpg?resize=2048%2C1295&amp;ssl=1 2048w, https:\/\/i0.wp.com\/www.parrinst.com\/de\/wp-content\/uploads\/sites\/6\/2011\/06\/6725-conversion_0522.jpg?w=1280&amp;ssl=1 1280w, https:\/\/i0.wp.com\/www.parrinst.com\/de\/wp-content\/uploads\/sites\/6\/2011\/06\/6725-conversion_0522.jpg?w=1920&amp;ssl=1 1920w\" sizes=\"auto, (max-width: 300px) 100vw, 300px\" itemprop=\"thumbnail\" \/><\/a><\/div>\n\t\t\t\t\t<\/figure>\n\t\t\t<\/div>\n\t\t\t<\/div><!-- .gallery -->\n\n<p>F\u00fcr Labore, die beide, L\u00f6sungs- und Semimikro-Sauerstoffbomben kalorimetrische Untersuchungen, durchf\u00fchren m\u00f6chten, bietet Parr eine 6765 Semimikro\/ L\u00f6sungs- Kalorimeterkombination an. Dieses Kalorimeter besteht aus einem kalorimetrischen Thermometer Modul 6772, Kalorimeter Modul und Umbauteile f\u00fcr <a href=\"https:\/\/www.parrinst.com\/de\/products\/oxygen-bomb-calorimeters\/6755-solution-calorimeter\/\">6755 L\u00f6sungskalorimeter<\/a> und <a href=\"https:\/\/www.parrinst.com\/de\/products\/oxygen-bomb-calorimeters\/6725-semimicro-calorimeter\/\">6725 Semimikrokalorimeter<\/a>. Dieses Modell wird gerne in \u00dcbungslaboren eingesetzt, die beide Typen der kalorimetrischen Untersuchungen in ihrem Unterricht durchf\u00fchren m\u00f6chten.<\/p>\n<h3>Umbaus\u00e4tze<\/h3>\n<p>Die Umbaus\u00e4tze 6729 und 6759 stehen auch den Anwendern zur Verf\u00fcgung, die schon eines von den beiden Kalorimetern besitzen und ihr Kalorimeter-System um die zweite Funktion erweitern m\u00f6chten.<\/p>\n","protected":false},"excerpt":{"rendered":"<p>F\u00fcr Labore, die beide, L\u00f6sungs- und Semimikro-Sauerstoffbomben kalorimetrische Untersuchungen, durchf\u00fchren m\u00f6chten, bietet Parr eine 6765 Semimikro\/ L\u00f6sungs- Kalorimeterkombination an. Dieses Kalorimeter besteht aus einem kalorimetrischen Thermometer Modul 6772, Kalorimeter Modul und Umbauteile f\u00fcr 6755 L\u00f6sungskalorimeter und 6725 Semimikrokalorimeter. Dieses Modell wird gerne in \u00dcbungslaboren eingesetzt, die beide Typen der kalorimetrischen Untersuchungen in ihrem Unterricht durchf\u00fchren [&hellip;]<\/p>\n","protected":false},"author":12,"featured_media":37712,"parent":83,"menu_order":70,"comment_status":"closed","ping_status":"closed","template":"product-narrow.php","meta":{"_acf_changed":false,"footnotes":"","_links_to":"","_links_to_target":""},"class_list":["post-10767","page","type-page","status-publish","has-post-thumbnail","hentry"],"acf":[],"yoast_head":"<!-- This site is optimized with the Yoast SEO plugin v27.4 - https:\/\/yoast.com\/product\/yoast-seo-wordpress\/ -->\n<title>6765 Semimikro\/ L\u00f6sungs- Kalorimeterkombination - Parr Instrument GmbH<\/title>\n<meta name=\"robots\" content=\"index, follow, max-snippet:-1, max-image-preview:large, max-video-preview:-1\" \/>\n<link rel=\"canonical\" href=\"https:\/\/www.parrinst.com\/de\/products\/oxygen-bomb-calorimeters\/6765-combination-calorimeter\/\" \/>\n<meta property=\"og:locale\" content=\"en_US\" \/>\n<meta property=\"og:type\" content=\"article\" \/>\n<meta property=\"og:title\" content=\"6765 Semimikro\/ L\u00f6sungs- Kalorimeterkombination - Parr Instrument GmbH\" \/>\n<meta property=\"og:description\" content=\"F\u00fcr Labore, die beide, L\u00f6sungs- und Semimikro-Sauerstoffbomben kalorimetrische Untersuchungen, durchf\u00fchren m\u00f6chten, bietet Parr eine 6765 Semimikro\/ L\u00f6sungs- Kalorimeterkombination an. Dieses Kalorimeter besteht aus einem kalorimetrischen Thermometer Modul 6772, Kalorimeter Modul und Umbauteile f\u00fcr 6755 L\u00f6sungskalorimeter und 6725 Semimikrokalorimeter. Dieses Modell wird gerne in \u00dcbungslaboren eingesetzt, die beide Typen der kalorimetrischen Untersuchungen in ihrem Unterricht durchf\u00fchren [&hellip;]\" \/>\n<meta property=\"og:url\" content=\"https:\/\/www.parrinst.com\/de\/products\/oxygen-bomb-calorimeters\/6765-combination-calorimeter\/\" \/>\n<meta property=\"og:site_name\" content=\"Parr Instrument GmbH\" \/>\n<meta property=\"article:modified_time\" content=\"2018-02-28T22:07:58+00:00\" \/>\n<meta property=\"og:image\" content=\"https:\/\/www.parrinst.com\/de\/files\/2018\/01\/parr_banner_calorimeter_secondary-3.jpg\" \/>\n\t<meta property=\"og:image:width\" content=\"2200\" \/>\n\t<meta property=\"og:image:height\" content=\"399\" \/>\n\t<meta property=\"og:image:type\" content=\"image\/jpeg\" \/>\n<meta name=\"twitter:card\" content=\"summary_large_image\" \/>\n<script type=\"application\/ld+json\" class=\"yoast-schema-graph\">{\"@context\":\"https:\\\/\\\/schema.org\",\"@graph\":[{\"@type\":\"WebPage\",\"@id\":\"https:\\\/\\\/www.parrinst.com\\\/de\\\/products\\\/oxygen-bomb-calorimeters\\\/6765-combination-calorimeter\\\/\",\"url\":\"https:\\\/\\\/www.parrinst.com\\\/de\\\/products\\\/oxygen-bomb-calorimeters\\\/6765-combination-calorimeter\\\/\",\"name\":\"6765 Semimikro\\\/ L\u00f6sungs- Kalorimeterkombination - Parr Instrument GmbH\",\"isPartOf\":{\"@id\":\"https:\\\/\\\/www.parrinst.com\\\/de\\\/#website\"},\"primaryImageOfPage\":{\"@id\":\"https:\\\/\\\/www.parrinst.com\\\/de\\\/products\\\/oxygen-bomb-calorimeters\\\/6765-combination-calorimeter\\\/#primaryimage\"},\"image\":{\"@id\":\"https:\\\/\\\/www.parrinst.com\\\/de\\\/products\\\/oxygen-bomb-calorimeters\\\/6765-combination-calorimeter\\\/#primaryimage\"},\"thumbnailUrl\":\"https:\\\/\\\/i0.wp.com\\\/www.parrinst.com\\\/de\\\/wp-content\\\/uploads\\\/sites\\\/6\\\/2018\\\/01\\\/parr_banner_calorimeter_secondary-3.jpg?fit=2200%2C399&ssl=1\",\"datePublished\":\"2014-04-23T19:02:15+00:00\",\"dateModified\":\"2018-02-28T22:07:58+00:00\",\"breadcrumb\":{\"@id\":\"https:\\\/\\\/www.parrinst.com\\\/de\\\/products\\\/oxygen-bomb-calorimeters\\\/6765-combination-calorimeter\\\/#breadcrumb\"},\"inLanguage\":\"en-US\",\"potentialAction\":[{\"@type\":\"ReadAction\",\"target\":[\"https:\\\/\\\/www.parrinst.com\\\/de\\\/products\\\/oxygen-bomb-calorimeters\\\/6765-combination-calorimeter\\\/\"]}]},{\"@type\":\"ImageObject\",\"inLanguage\":\"en-US\",\"@id\":\"https:\\\/\\\/www.parrinst.com\\\/de\\\/products\\\/oxygen-bomb-calorimeters\\\/6765-combination-calorimeter\\\/#primaryimage\",\"url\":\"https:\\\/\\\/i0.wp.com\\\/www.parrinst.com\\\/de\\\/wp-content\\\/uploads\\\/sites\\\/6\\\/2018\\\/01\\\/parr_banner_calorimeter_secondary-3.jpg?fit=2200%2C399&ssl=1\",\"contentUrl\":\"https:\\\/\\\/i0.wp.com\\\/www.parrinst.com\\\/de\\\/wp-content\\\/uploads\\\/sites\\\/6\\\/2018\\\/01\\\/parr_banner_calorimeter_secondary-3.jpg?fit=2200%2C399&ssl=1\",\"width\":2200,\"height\":399},{\"@type\":\"BreadcrumbList\",\"@id\":\"https:\\\/\\\/www.parrinst.com\\\/de\\\/products\\\/oxygen-bomb-calorimeters\\\/6765-combination-calorimeter\\\/#breadcrumb\",\"itemListElement\":[{\"@type\":\"ListItem\",\"position\":1,\"name\":\"Home\",\"item\":\"https:\\\/\\\/www.parrinst.com\\\/de\\\/\"},{\"@type\":\"ListItem\",\"position\":2,\"name\":\"Products\",\"item\":\"https:\\\/\\\/www.parrinst.com\\\/de\\\/products\\\/\"},{\"@type\":\"ListItem\",\"position\":3,\"name\":\"Sauerstoffbomben-Kalorimeter\",\"item\":\"https:\\\/\\\/www.parrinst.com\\\/de\\\/products\\\/oxygen-bomb-calorimeters\\\/\"},{\"@type\":\"ListItem\",\"position\":4,\"name\":\"6765 Semimikro\\\/ L\u00f6sungs- Kalorimeterkombination\"}]},{\"@type\":\"WebSite\",\"@id\":\"https:\\\/\\\/www.parrinst.com\\\/de\\\/#website\",\"url\":\"https:\\\/\\\/www.parrinst.com\\\/de\\\/\",\"name\":\"Parr Instrument GmbH\",\"description\":\"\",\"potentialAction\":[{\"@type\":\"SearchAction\",\"target\":{\"@type\":\"EntryPoint\",\"urlTemplate\":\"https:\\\/\\\/www.parrinst.com\\\/de\\\/?s={search_term_string}\"},\"query-input\":{\"@type\":\"PropertyValueSpecification\",\"valueRequired\":true,\"valueName\":\"search_term_string\"}}],\"inLanguage\":\"en-US\"}]}<\/script>\n<!-- \/ Yoast SEO plugin. -->","yoast_head_json":{"title":"6765 Semimikro\/ L\u00f6sungs- Kalorimeterkombination - Parr Instrument GmbH","robots":{"index":"index","follow":"follow","max-snippet":"max-snippet:-1","max-image-preview":"max-image-preview:large","max-video-preview":"max-video-preview:-1"},"canonical":"https:\/\/www.parrinst.com\/de\/products\/oxygen-bomb-calorimeters\/6765-combination-calorimeter\/","og_locale":"en_US","og_type":"article","og_title":"6765 Semimikro\/ L\u00f6sungs- Kalorimeterkombination - Parr Instrument GmbH","og_description":"F\u00fcr Labore, die beide, L\u00f6sungs- und Semimikro-Sauerstoffbomben kalorimetrische Untersuchungen, durchf\u00fchren m\u00f6chten, bietet Parr eine 6765 Semimikro\/ L\u00f6sungs- Kalorimeterkombination an. Dieses Kalorimeter besteht aus einem kalorimetrischen Thermometer Modul 6772, Kalorimeter Modul und Umbauteile f\u00fcr 6755 L\u00f6sungskalorimeter und 6725 Semimikrokalorimeter. Dieses Modell wird gerne in \u00dcbungslaboren eingesetzt, die beide Typen der kalorimetrischen Untersuchungen in ihrem Unterricht durchf\u00fchren [&hellip;]","og_url":"https:\/\/www.parrinst.com\/de\/products\/oxygen-bomb-calorimeters\/6765-combination-calorimeter\/","og_site_name":"Parr Instrument GmbH","article_modified_time":"2018-02-28T22:07:58+00:00","og_image":[{"width":2200,"height":399,"url":"https:\/\/www.parrinst.com\/de\/files\/2018\/01\/parr_banner_calorimeter_secondary-3.jpg","type":"image\/jpeg"}],"twitter_card":"summary_large_image","schema":{"@context":"https:\/\/schema.org","@graph":[{"@type":"WebPage","@id":"https:\/\/www.parrinst.com\/de\/products\/oxygen-bomb-calorimeters\/6765-combination-calorimeter\/","url":"https:\/\/www.parrinst.com\/de\/products\/oxygen-bomb-calorimeters\/6765-combination-calorimeter\/","name":"6765 Semimikro\/ L\u00f6sungs- Kalorimeterkombination - Parr Instrument GmbH","isPartOf":{"@id":"https:\/\/www.parrinst.com\/de\/#website"},"primaryImageOfPage":{"@id":"https:\/\/www.parrinst.com\/de\/products\/oxygen-bomb-calorimeters\/6765-combination-calorimeter\/#primaryimage"},"image":{"@id":"https:\/\/www.parrinst.com\/de\/products\/oxygen-bomb-calorimeters\/6765-combination-calorimeter\/#primaryimage"},"thumbnailUrl":"https:\/\/i0.wp.com\/www.parrinst.com\/de\/wp-content\/uploads\/sites\/6\/2018\/01\/parr_banner_calorimeter_secondary-3.jpg?fit=2200%2C399&ssl=1","datePublished":"2014-04-23T19:02:15+00:00","dateModified":"2018-02-28T22:07:58+00:00","breadcrumb":{"@id":"https:\/\/www.parrinst.com\/de\/products\/oxygen-bomb-calorimeters\/6765-combination-calorimeter\/#breadcrumb"},"inLanguage":"en-US","potentialAction":[{"@type":"ReadAction","target":["https:\/\/www.parrinst.com\/de\/products\/oxygen-bomb-calorimeters\/6765-combination-calorimeter\/"]}]},{"@type":"ImageObject","inLanguage":"en-US","@id":"https:\/\/www.parrinst.com\/de\/products\/oxygen-bomb-calorimeters\/6765-combination-calorimeter\/#primaryimage","url":"https:\/\/i0.wp.com\/www.parrinst.com\/de\/wp-content\/uploads\/sites\/6\/2018\/01\/parr_banner_calorimeter_secondary-3.jpg?fit=2200%2C399&ssl=1","contentUrl":"https:\/\/i0.wp.com\/www.parrinst.com\/de\/wp-content\/uploads\/sites\/6\/2018\/01\/parr_banner_calorimeter_secondary-3.jpg?fit=2200%2C399&ssl=1","width":2200,"height":399},{"@type":"BreadcrumbList","@id":"https:\/\/www.parrinst.com\/de\/products\/oxygen-bomb-calorimeters\/6765-combination-calorimeter\/#breadcrumb","itemListElement":[{"@type":"ListItem","position":1,"name":"Home","item":"https:\/\/www.parrinst.com\/de\/"},{"@type":"ListItem","position":2,"name":"Products","item":"https:\/\/www.parrinst.com\/de\/products\/"},{"@type":"ListItem","position":3,"name":"Sauerstoffbomben-Kalorimeter","item":"https:\/\/www.parrinst.com\/de\/products\/oxygen-bomb-calorimeters\/"},{"@type":"ListItem","position":4,"name":"6765 Semimikro\/ L\u00f6sungs- Kalorimeterkombination"}]},{"@type":"WebSite","@id":"https:\/\/www.parrinst.com\/de\/#website","url":"https:\/\/www.parrinst.com\/de\/","name":"Parr Instrument GmbH","description":"","potentialAction":[{"@type":"SearchAction","target":{"@type":"EntryPoint","urlTemplate":"https:\/\/www.parrinst.com\/de\/?s={search_term_string}"},"query-input":{"@type":"PropertyValueSpecification","valueRequired":true,"valueName":"search_term_string"}}],"inLanguage":"en-US"}]}},"jetpack_sharing_enabled":true,"_links":{"self":[{"href":"https:\/\/www.parrinst.com\/de\/wp-json\/wp\/v2\/pages\/10767","targetHints":{"allow":["GET"]}}],"collection":[{"href":"https:\/\/www.parrinst.com\/de\/wp-json\/wp\/v2\/pages"}],"about":[{"href":"https:\/\/www.parrinst.com\/de\/wp-json\/wp\/v2\/types\/page"}],"author":[{"embeddable":true,"href":"https:\/\/www.parrinst.com\/de\/wp-json\/wp\/v2\/users\/12"}],"replies":[{"embeddable":true,"href":"https:\/\/www.parrinst.com\/de\/wp-json\/wp\/v2\/comments?post=10767"}],"version-history":[{"count":1,"href":"https:\/\/www.parrinst.com\/de\/wp-json\/wp\/v2\/pages\/10767\/revisions"}],"predecessor-version":[{"id":38296,"href":"https:\/\/www.parrinst.com\/de\/wp-json\/wp\/v2\/pages\/10767\/revisions\/38296"}],"up":[{"embeddable":true,"href":"https:\/\/www.parrinst.com\/de\/wp-json\/wp\/v2\/pages\/83"}],"wp:featuredmedia":[{"embeddable":true,"href":"https:\/\/www.parrinst.com\/de\/wp-json\/wp\/v2\/media\/37712"}],"wp:attachment":[{"href":"https:\/\/www.parrinst.com\/de\/wp-json\/wp\/v2\/media?parent=10767"}],"curies":[{"name":"wp","href":"https:\/\/api.w.org\/{rel}","templated":true}]}}