{"id":108,"date":"2011-03-10T13:11:12","date_gmt":"2011-03-10T19:11:12","guid":{"rendered":"https:\/\/www.parrinst.com\/?page_id=108"},"modified":"2021-07-01T09:52:37","modified_gmt":"2021-07-01T14:52:37","slug":"series-4540-600-1200-ml-hp-reactors","status":"publish","type":"page","link":"https:\/\/www.parrinst.com\/de\/products\/stirred-reactors\/series-4540-600-1200-ml-hp-reactors\/","title":{"rendered":"Serie 4540 Hochdruckreaktoren, 600 und 1200 ml"},"content":{"rendered":"\n\t\t\t<div id='108-1' class='gallery gallery-108 gallery-columns-3 gallery-size-medium' itemscope itemtype='http:\/\/schema.org\/ImageGallery'>\n\t\t\t\t<div class='gallery-row gallery-col-3 gallery-clear'>\n\t\t\t\t\t<figure class='gallery-item col-3' itemprop='associatedMedia' itemscope itemtype='http:\/\/schema.org\/ImageObject'>\n\t\t\t\t\t\t<div class='gallery-icon portrait'><a href=\"https:\/\/i0.wp.com\/www.parrinst.com\/de\/wp-content\/uploads\/sites\/6\/2011\/05\/4544_HP_Moveable_heaterdown-600mL_4848.jpg?ssl=1\" itemprop=\"contentURL\"><img loading=\"lazy\" decoding=\"async\" width=\"214\" height=\"300\" src=\"https:\/\/i0.wp.com\/www.parrinst.com\/de\/wp-content\/uploads\/sites\/6\/2011\/05\/4544_HP_Moveable_heaterdown-600mL_4848.jpg?fit=214%2C300&amp;ssl=1\" class=\"attachment-medium size-medium\" alt=\"Modell 4544 Hochdruckreaktor, 600 ml, &quot;Moveable&quot; Beh\u00e4lter, mit Heizung unten, und 4848 Controller mit optionalen Erweiterungsmodulen.\" srcset=\"https:\/\/i0.wp.com\/www.parrinst.com\/de\/wp-content\/uploads\/sites\/6\/2011\/05\/4544_HP_Moveable_heaterdown-600mL_4848.jpg?w=600&amp;ssl=1 600w, https:\/\/i0.wp.com\/www.parrinst.com\/de\/wp-content\/uploads\/sites\/6\/2011\/05\/4544_HP_Moveable_heaterdown-600mL_4848.jpg?resize=107%2C150&amp;ssl=1 107w, https:\/\/i0.wp.com\/www.parrinst.com\/de\/wp-content\/uploads\/sites\/6\/2011\/05\/4544_HP_Moveable_heaterdown-600mL_4848.jpg?resize=214%2C300&amp;ssl=1 214w\" sizes=\"auto, (max-width: 214px) 100vw, 214px\" itemprop=\"thumbnail\" \/><\/a><\/div>\n\t\t\t\t\t<\/figure>\n\t\t\t\t\t<figure class='gallery-item col-3' itemprop='associatedMedia' itemscope itemtype='http:\/\/schema.org\/ImageObject'>\n\t\t\t\t\t\t<div class='gallery-icon portrait'><a href=\"https:\/\/i0.wp.com\/www.parrinst.com\/de\/wp-content\/uploads\/sites\/6\/2011\/05\/4546C_moveable-cart_1200mL_4848.jpg?ssl=1\" itemprop=\"contentURL\"><img loading=\"lazy\" decoding=\"async\" width=\"214\" height=\"300\" src=\"https:\/\/i0.wp.com\/www.parrinst.com\/de\/wp-content\/uploads\/sites\/6\/2011\/05\/4546C_moveable-cart_1200mL_4848.jpg?fit=214%2C300&amp;ssl=1\" class=\"attachment-medium size-medium\" alt=\"Modell 4546C Reaktor, 1200 ml, &quot;Moveable&quot; Kopfausf\u00fchrung, Laborwagen mit 4848 Reaktorcontroller; mit optionalen Erweiterungsmodulen.\" srcset=\"https:\/\/i0.wp.com\/www.parrinst.com\/de\/wp-content\/uploads\/sites\/6\/2011\/05\/4546C_moveable-cart_1200mL_4848.jpg?w=600&amp;ssl=1 600w, https:\/\/i0.wp.com\/www.parrinst.com\/de\/wp-content\/uploads\/sites\/6\/2011\/05\/4546C_moveable-cart_1200mL_4848.jpg?resize=107%2C150&amp;ssl=1 107w, https:\/\/i0.wp.com\/www.parrinst.com\/de\/wp-content\/uploads\/sites\/6\/2011\/05\/4546C_moveable-cart_1200mL_4848.jpg?resize=214%2C300&amp;ssl=1 214w\" sizes=\"auto, (max-width: 214px) 100vw, 214px\" itemprop=\"thumbnail\" \/><\/a><\/div>\n\t\t\t\t\t<\/figure>\n\t\t\t\t\t<figure class='gallery-item col-3' itemprop='associatedMedia' itemscope itemtype='http:\/\/schema.org\/ImageObject'>\n\t\t\t\t\t\t<div class='gallery-icon portrait'><a href=\"https:\/\/i0.wp.com\/www.parrinst.com\/de\/wp-content\/uploads\/sites\/6\/2011\/05\/4544-600-1200.jpg?ssl=1\" itemprop=\"contentURL\"><img loading=\"lazy\" decoding=\"async\" width=\"214\" height=\"300\" src=\"https:\/\/i0.wp.com\/www.parrinst.com\/de\/wp-content\/uploads\/sites\/6\/2011\/05\/4544-600-1200.jpg?fit=214%2C300&amp;ssl=1\" class=\"attachment-medium size-medium\" alt=\"1200 ml, &quot;Fixed Head&quot; und 600ml &quot;Moveable&quot; Beh\u00e4lter.\" srcset=\"https:\/\/i0.wp.com\/www.parrinst.com\/de\/wp-content\/uploads\/sites\/6\/2011\/05\/4544-600-1200.jpg?w=600&amp;ssl=1 600w, https:\/\/i0.wp.com\/www.parrinst.com\/de\/wp-content\/uploads\/sites\/6\/2011\/05\/4544-600-1200.jpg?resize=107%2C150&amp;ssl=1 107w, https:\/\/i0.wp.com\/www.parrinst.com\/de\/wp-content\/uploads\/sites\/6\/2011\/05\/4544-600-1200.jpg?resize=214%2C300&amp;ssl=1 214w\" sizes=\"auto, (max-width: 214px) 100vw, 214px\" itemprop=\"thumbnail\" \/><\/a><\/div>\n\t\t\t\t\t<\/figure>\n\t\t\t\t<\/div>\n\t\t\t<\/div><!-- .gallery -->\n\n<p><strong>Diese Serie der ger\u00fchrten Reaktoren wurde f\u00fcr alle Anwender entwickelt, die h\u00f6here Arbeitsdr\u00fccke<\/strong> \u00a0als die f\u00fcr die Universalreaktoren zul\u00e4ssigen 135 \u00a0bis 200 bar (1900 bis 2900 psi), aber nicht die hohen Arbeitstemperaturen der Serie 4570 Hochdruck-\/ Hochtemperaturreaktoren ben\u00f6tigen. Die Hochdruckreaktoren der Baureihe 4540 erm\u00f6glichen Arbeitsdruck bis zu 345 bar (5000 psi) bei Temperaturen bis 350\u00b0C.<\/p>\n<p>Die Druckbeh\u00e4lter wurden so konstruiert, dass die Abmessungen kompatibel zu den Reaktoren der Serien 4520 und 4530 sind, sodass derselbe Aufbau, derselbe Magnetantrieb und dieselbe Heizung wie beim Universalmodell verwendet werden kann. Daraus resultiert nicht nur ein attraktiver Preis f\u00fcr ein Hochdrucksystem bei moderaten Temperaturen, sondern auch ein Reaktor, der leicht zwischen 1 und 2 Litern umger\u00fcstet werden kann. Die dickeren W\u00e4nde, die f\u00fcr die Hochdruckanwendung erforderlich sind, reduzieren allerdings das Beh\u00e4ltervolumen auf 600 ml beziehungsweise 1200\u00a0ml.<\/p>\n<p>Die Reaktoren dieser Serie k\u00f6nnen sowohl im Tischreaktorstand als auch in einem Bodenstand verwendet werden. Allerding ist der 1200ml Reaktor, obwohl auch er als \u201eTischmodell\u201c angeboten wird, eigentlich zu gro\u00df und zu schwer f\u00fcr eine Benutzung auf einem Labortisch mit Standard-H\u00f6he. Daher wird empfohlen, den Bodenstand zu w\u00e4hlen, sofern man nicht\u00fcber einen h\u00f6henverstellbaren Tisch verf\u00fcgt, mit dem man die Gesamth\u00f6he des 1200 ml System ausgleichen kann.<\/p>\n<p>&nbsp;<\/p>\n","protected":false},"excerpt":{"rendered":"<p>Diese Serie der ger\u00fchrten Reaktoren wurde f\u00fcr alle Anwender entwickelt, die h\u00f6here Arbeitsdr\u00fccke \u00a0als die f\u00fcr die Universalreaktoren zul\u00e4ssigen 135 \u00a0bis 200 bar (1900 bis 2900 psi), aber nicht die hohen Arbeitstemperaturen der Serie 4570 Hochdruck-\/ Hochtemperaturreaktoren ben\u00f6tigen. Die Hochdruckreaktoren der Baureihe 4540 erm\u00f6glichen Arbeitsdruck bis zu 345 bar (5000 psi) bei Temperaturen bis 350\u00b0C. [&hellip;]<\/p>\n","protected":false},"author":2,"featured_media":36873,"parent":47,"menu_order":3,"comment_status":"closed","ping_status":"closed","template":"product-wide-strirred-filter.php","meta":{"_acf_changed":false,"footnotes":"","_links_to":"","_links_to_target":""},"class_list":["post-108","page","type-page","status-publish","has-post-thumbnail","hentry"],"acf":[],"yoast_head":"<!-- This site is optimized with the Yoast SEO plugin v27.4 - https:\/\/yoast.com\/product\/yoast-seo-wordpress\/ -->\n<title>Serie 4540 Hochdruckreaktoren, 600 und 1200 ml - Parr Instrument GmbH<\/title>\n<meta name=\"robots\" content=\"index, follow, max-snippet:-1, max-image-preview:large, max-video-preview:-1\" \/>\n<link rel=\"canonical\" href=\"https:\/\/www.parrinst.com\/de\/products\/stirred-reactors\/series-4540-600-1200-ml-hp-reactors\/\" \/>\n<meta property=\"og:locale\" content=\"en_US\" \/>\n<meta property=\"og:type\" content=\"article\" \/>\n<meta property=\"og:title\" content=\"Serie 4540 Hochdruckreaktoren, 600 und 1200 ml - Parr Instrument GmbH\" \/>\n<meta property=\"og:description\" content=\"Diese Serie der ger\u00fchrten Reaktoren wurde f\u00fcr alle Anwender entwickelt, die h\u00f6here Arbeitsdr\u00fccke \u00a0als die f\u00fcr die Universalreaktoren zul\u00e4ssigen 135 \u00a0bis 200 bar (1900 bis 2900 psi), aber nicht die hohen Arbeitstemperaturen der Serie 4570 Hochdruck-\/ Hochtemperaturreaktoren ben\u00f6tigen. Die Hochdruckreaktoren der Baureihe 4540 erm\u00f6glichen Arbeitsdruck bis zu 345 bar (5000 psi) bei Temperaturen bis 350\u00b0C. [&hellip;]\" \/>\n<meta property=\"og:url\" content=\"https:\/\/www.parrinst.com\/de\/products\/stirred-reactors\/series-4540-600-1200-ml-hp-reactors\/\" \/>\n<meta property=\"og:site_name\" content=\"Parr Instrument GmbH\" \/>\n<meta property=\"article:modified_time\" content=\"2021-07-01T14:52:37+00:00\" \/>\n<meta property=\"og:image\" content=\"https:\/\/www.parrinst.com\/de\/files\/2017\/12\/parr_banner_stirred3_secondary.jpg\" \/>\n\t<meta property=\"og:image:width\" content=\"2200\" \/>\n\t<meta property=\"og:image:height\" content=\"399\" \/>\n\t<meta property=\"og:image:type\" content=\"image\/jpeg\" \/>\n<meta name=\"twitter:card\" content=\"summary_large_image\" \/>\n<meta name=\"twitter:label1\" content=\"Est. reading time\" \/>\n\t<meta name=\"twitter:data1\" content=\"1 minute\" \/>\n<script type=\"application\/ld+json\" class=\"yoast-schema-graph\">{\"@context\":\"https:\\\/\\\/schema.org\",\"@graph\":[{\"@type\":\"WebPage\",\"@id\":\"https:\\\/\\\/www.parrinst.com\\\/de\\\/products\\\/stirred-reactors\\\/series-4540-600-1200-ml-hp-reactors\\\/\",\"url\":\"https:\\\/\\\/www.parrinst.com\\\/de\\\/products\\\/stirred-reactors\\\/series-4540-600-1200-ml-hp-reactors\\\/\",\"name\":\"Serie 4540 Hochdruckreaktoren, 600 und 1200 ml - Parr Instrument GmbH\",\"isPartOf\":{\"@id\":\"https:\\\/\\\/www.parrinst.com\\\/de\\\/#website\"},\"primaryImageOfPage\":{\"@id\":\"https:\\\/\\\/www.parrinst.com\\\/de\\\/products\\\/stirred-reactors\\\/series-4540-600-1200-ml-hp-reactors\\\/#primaryimage\"},\"image\":{\"@id\":\"https:\\\/\\\/www.parrinst.com\\\/de\\\/products\\\/stirred-reactors\\\/series-4540-600-1200-ml-hp-reactors\\\/#primaryimage\"},\"thumbnailUrl\":\"https:\\\/\\\/i0.wp.com\\\/www.parrinst.com\\\/de\\\/wp-content\\\/uploads\\\/sites\\\/6\\\/2017\\\/12\\\/parr_banner_stirred3_secondary.jpg?fit=2200%2C399&ssl=1\",\"datePublished\":\"2011-03-10T19:11:12+00:00\",\"dateModified\":\"2021-07-01T14:52:37+00:00\",\"breadcrumb\":{\"@id\":\"https:\\\/\\\/www.parrinst.com\\\/de\\\/products\\\/stirred-reactors\\\/series-4540-600-1200-ml-hp-reactors\\\/#breadcrumb\"},\"inLanguage\":\"en-US\",\"potentialAction\":[{\"@type\":\"ReadAction\",\"target\":[\"https:\\\/\\\/www.parrinst.com\\\/de\\\/products\\\/stirred-reactors\\\/series-4540-600-1200-ml-hp-reactors\\\/\"]}]},{\"@type\":\"ImageObject\",\"inLanguage\":\"en-US\",\"@id\":\"https:\\\/\\\/www.parrinst.com\\\/de\\\/products\\\/stirred-reactors\\\/series-4540-600-1200-ml-hp-reactors\\\/#primaryimage\",\"url\":\"https:\\\/\\\/i0.wp.com\\\/www.parrinst.com\\\/de\\\/wp-content\\\/uploads\\\/sites\\\/6\\\/2017\\\/12\\\/parr_banner_stirred3_secondary.jpg?fit=2200%2C399&ssl=1\",\"contentUrl\":\"https:\\\/\\\/i0.wp.com\\\/www.parrinst.com\\\/de\\\/wp-content\\\/uploads\\\/sites\\\/6\\\/2017\\\/12\\\/parr_banner_stirred3_secondary.jpg?fit=2200%2C399&ssl=1\",\"width\":2200,\"height\":399},{\"@type\":\"BreadcrumbList\",\"@id\":\"https:\\\/\\\/www.parrinst.com\\\/de\\\/products\\\/stirred-reactors\\\/series-4540-600-1200-ml-hp-reactors\\\/#breadcrumb\",\"itemListElement\":[{\"@type\":\"ListItem\",\"position\":1,\"name\":\"Home\",\"item\":\"https:\\\/\\\/www.parrinst.com\\\/de\\\/\"},{\"@type\":\"ListItem\",\"position\":2,\"name\":\"Products\",\"item\":\"https:\\\/\\\/www.parrinst.com\\\/de\\\/products\\\/\"},{\"@type\":\"ListItem\",\"position\":3,\"name\":\"Ger\u00fchrte Reaktoren\",\"item\":\"https:\\\/\\\/www.parrinst.com\\\/de\\\/products\\\/stirred-reactors\\\/\"},{\"@type\":\"ListItem\",\"position\":4,\"name\":\"Serie 4540 Hochdruckreaktoren, 600 und 1200 ml\"}]},{\"@type\":\"WebSite\",\"@id\":\"https:\\\/\\\/www.parrinst.com\\\/de\\\/#website\",\"url\":\"https:\\\/\\\/www.parrinst.com\\\/de\\\/\",\"name\":\"Parr Instrument GmbH\",\"description\":\"\",\"potentialAction\":[{\"@type\":\"SearchAction\",\"target\":{\"@type\":\"EntryPoint\",\"urlTemplate\":\"https:\\\/\\\/www.parrinst.com\\\/de\\\/?s={search_term_string}\"},\"query-input\":{\"@type\":\"PropertyValueSpecification\",\"valueRequired\":true,\"valueName\":\"search_term_string\"}}],\"inLanguage\":\"en-US\"}]}<\/script>\n<!-- \/ Yoast SEO plugin. -->","yoast_head_json":{"title":"Serie 4540 Hochdruckreaktoren, 600 und 1200 ml - Parr Instrument GmbH","robots":{"index":"index","follow":"follow","max-snippet":"max-snippet:-1","max-image-preview":"max-image-preview:large","max-video-preview":"max-video-preview:-1"},"canonical":"https:\/\/www.parrinst.com\/de\/products\/stirred-reactors\/series-4540-600-1200-ml-hp-reactors\/","og_locale":"en_US","og_type":"article","og_title":"Serie 4540 Hochdruckreaktoren, 600 und 1200 ml - Parr Instrument GmbH","og_description":"Diese Serie der ger\u00fchrten Reaktoren wurde f\u00fcr alle Anwender entwickelt, die h\u00f6here Arbeitsdr\u00fccke \u00a0als die f\u00fcr die Universalreaktoren zul\u00e4ssigen 135 \u00a0bis 200 bar (1900 bis 2900 psi), aber nicht die hohen Arbeitstemperaturen der Serie 4570 Hochdruck-\/ Hochtemperaturreaktoren ben\u00f6tigen. Die Hochdruckreaktoren der Baureihe 4540 erm\u00f6glichen Arbeitsdruck bis zu 345 bar (5000 psi) bei Temperaturen bis 350\u00b0C. [&hellip;]","og_url":"https:\/\/www.parrinst.com\/de\/products\/stirred-reactors\/series-4540-600-1200-ml-hp-reactors\/","og_site_name":"Parr Instrument GmbH","article_modified_time":"2021-07-01T14:52:37+00:00","og_image":[{"width":2200,"height":399,"url":"https:\/\/www.parrinst.com\/de\/files\/2017\/12\/parr_banner_stirred3_secondary.jpg","type":"image\/jpeg"}],"twitter_card":"summary_large_image","twitter_misc":{"Est. reading time":"1 minute"},"schema":{"@context":"https:\/\/schema.org","@graph":[{"@type":"WebPage","@id":"https:\/\/www.parrinst.com\/de\/products\/stirred-reactors\/series-4540-600-1200-ml-hp-reactors\/","url":"https:\/\/www.parrinst.com\/de\/products\/stirred-reactors\/series-4540-600-1200-ml-hp-reactors\/","name":"Serie 4540 Hochdruckreaktoren, 600 und 1200 ml - Parr Instrument GmbH","isPartOf":{"@id":"https:\/\/www.parrinst.com\/de\/#website"},"primaryImageOfPage":{"@id":"https:\/\/www.parrinst.com\/de\/products\/stirred-reactors\/series-4540-600-1200-ml-hp-reactors\/#primaryimage"},"image":{"@id":"https:\/\/www.parrinst.com\/de\/products\/stirred-reactors\/series-4540-600-1200-ml-hp-reactors\/#primaryimage"},"thumbnailUrl":"https:\/\/i0.wp.com\/www.parrinst.com\/de\/wp-content\/uploads\/sites\/6\/2017\/12\/parr_banner_stirred3_secondary.jpg?fit=2200%2C399&ssl=1","datePublished":"2011-03-10T19:11:12+00:00","dateModified":"2021-07-01T14:52:37+00:00","breadcrumb":{"@id":"https:\/\/www.parrinst.com\/de\/products\/stirred-reactors\/series-4540-600-1200-ml-hp-reactors\/#breadcrumb"},"inLanguage":"en-US","potentialAction":[{"@type":"ReadAction","target":["https:\/\/www.parrinst.com\/de\/products\/stirred-reactors\/series-4540-600-1200-ml-hp-reactors\/"]}]},{"@type":"ImageObject","inLanguage":"en-US","@id":"https:\/\/www.parrinst.com\/de\/products\/stirred-reactors\/series-4540-600-1200-ml-hp-reactors\/#primaryimage","url":"https:\/\/i0.wp.com\/www.parrinst.com\/de\/wp-content\/uploads\/sites\/6\/2017\/12\/parr_banner_stirred3_secondary.jpg?fit=2200%2C399&ssl=1","contentUrl":"https:\/\/i0.wp.com\/www.parrinst.com\/de\/wp-content\/uploads\/sites\/6\/2017\/12\/parr_banner_stirred3_secondary.jpg?fit=2200%2C399&ssl=1","width":2200,"height":399},{"@type":"BreadcrumbList","@id":"https:\/\/www.parrinst.com\/de\/products\/stirred-reactors\/series-4540-600-1200-ml-hp-reactors\/#breadcrumb","itemListElement":[{"@type":"ListItem","position":1,"name":"Home","item":"https:\/\/www.parrinst.com\/de\/"},{"@type":"ListItem","position":2,"name":"Products","item":"https:\/\/www.parrinst.com\/de\/products\/"},{"@type":"ListItem","position":3,"name":"Ger\u00fchrte Reaktoren","item":"https:\/\/www.parrinst.com\/de\/products\/stirred-reactors\/"},{"@type":"ListItem","position":4,"name":"Serie 4540 Hochdruckreaktoren, 600 und 1200 ml"}]},{"@type":"WebSite","@id":"https:\/\/www.parrinst.com\/de\/#website","url":"https:\/\/www.parrinst.com\/de\/","name":"Parr Instrument GmbH","description":"","potentialAction":[{"@type":"SearchAction","target":{"@type":"EntryPoint","urlTemplate":"https:\/\/www.parrinst.com\/de\/?s={search_term_string}"},"query-input":{"@type":"PropertyValueSpecification","valueRequired":true,"valueName":"search_term_string"}}],"inLanguage":"en-US"}]}},"jetpack_sharing_enabled":true,"_links":{"self":[{"href":"https:\/\/www.parrinst.com\/de\/wp-json\/wp\/v2\/pages\/108","targetHints":{"allow":["GET"]}}],"collection":[{"href":"https:\/\/www.parrinst.com\/de\/wp-json\/wp\/v2\/pages"}],"about":[{"href":"https:\/\/www.parrinst.com\/de\/wp-json\/wp\/v2\/types\/page"}],"author":[{"embeddable":true,"href":"https:\/\/www.parrinst.com\/de\/wp-json\/wp\/v2\/users\/2"}],"replies":[{"embeddable":true,"href":"https:\/\/www.parrinst.com\/de\/wp-json\/wp\/v2\/comments?post=108"}],"version-history":[{"count":14,"href":"https:\/\/www.parrinst.com\/de\/wp-json\/wp\/v2\/pages\/108\/revisions"}],"predecessor-version":[{"id":40759,"href":"https:\/\/www.parrinst.com\/de\/wp-json\/wp\/v2\/pages\/108\/revisions\/40759"}],"up":[{"embeddable":true,"href":"https:\/\/www.parrinst.com\/de\/wp-json\/wp\/v2\/pages\/47"}],"wp:featuredmedia":[{"embeddable":true,"href":"https:\/\/www.parrinst.com\/de\/wp-json\/wp\/v2\/media\/36873"}],"wp:attachment":[{"href":"https:\/\/www.parrinst.com\/de\/wp-json\/wp\/v2\/media?parent=108"}],"curies":[{"name":"wp","href":"https:\/\/api.w.org\/{rel}","templated":true}]}}