{"id":11594,"date":"2015-10-08T23:11:04","date_gmt":"2015-10-08T21:11:04","guid":{"rendered":"https:\/\/www.parrinst.com\/de\/?page_id=11594"},"modified":"2021-09-10T13:59:41","modified_gmt":"2021-09-10T18:59:41","slug":"tubular-reactor-systems","status":"publish","type":"page","link":"https:\/\/www.parrinst.com\/de\/products\/tubular-reactor-systems\/","title":{"rendered":"Tubular Reactor Systems"},"content":{"rendered":"\n\t\t\t<div id='11594-1' class='gallery gallery-11594 gallery-columns-2 gallery-size-medium' itemscope itemtype='http:\/\/schema.org\/ImageGallery'>\n\t\t\t\t<div class='gallery-row gallery-col-2 gallery-clear'>\n\t\t\t\t\t<figure class='gallery-item col-2' itemprop='associatedMedia' itemscope itemtype='http:\/\/schema.org\/ImageObject'>\n\t\t\t\t\t\t<div class='gallery-icon portrait'><a href=\"https:\/\/i0.wp.com\/www.parrinst.com\/de\/wp-content\/uploads\/sites\/6\/2020\/01\/tubular-with-touchscreen-control-open-heaterPI2_44475x7_lr.jpg?ssl=1\" itemprop=\"contentURL\"><img loading=\"lazy\" decoding=\"async\" width=\"214\" height=\"300\" src=\"https:\/\/i0.wp.com\/www.parrinst.com\/de\/wp-content\/uploads\/sites\/6\/2020\/01\/tubular-with-touchscreen-control-open-heaterPI2_44475x7_lr.jpg?fit=214%2C300&amp;ssl=1\" class=\"attachment-medium size-medium\" alt=\"Tubular Reactor System with integrated Touchscreen Control\" srcset=\"https:\/\/i0.wp.com\/www.parrinst.com\/de\/wp-content\/uploads\/sites\/6\/2020\/01\/tubular-with-touchscreen-control-open-heaterPI2_44475x7_lr.jpg?w=360&amp;ssl=1 360w, https:\/\/i0.wp.com\/www.parrinst.com\/de\/wp-content\/uploads\/sites\/6\/2020\/01\/tubular-with-touchscreen-control-open-heaterPI2_44475x7_lr.jpg?resize=214%2C300&amp;ssl=1 214w, https:\/\/i0.wp.com\/www.parrinst.com\/de\/wp-content\/uploads\/sites\/6\/2020\/01\/tubular-with-touchscreen-control-open-heaterPI2_44475x7_lr.jpg?resize=107%2C150&amp;ssl=1 107w\" sizes=\"auto, (max-width: 214px) 100vw, 214px\" itemprop=\"thumbnail\" \/><\/a><\/div>\n\t\t\t\t\t<\/figure>\n\t\t\t\t\t<figure class='gallery-item col-2' itemprop='associatedMedia' itemscope itemtype='http:\/\/schema.org\/ImageObject'>\n\t\t\t\t\t\t<div class='gallery-icon landscape'><a href=\"https:\/\/i0.wp.com\/www.parrinst.com\/de\/wp-content\/uploads\/sites\/6\/2019\/07\/Tubular_downflow-5402_918031PI2_3311lr.jpg?ssl=1\" itemprop=\"contentURL\"><img loading=\"lazy\" decoding=\"async\" width=\"300\" height=\"300\" src=\"https:\/\/i0.wp.com\/www.parrinst.com\/de\/wp-content\/uploads\/sites\/6\/2019\/07\/Tubular_downflow-5402_918031PI2_3311lr.jpg?fit=300%2C300&amp;ssl=1\" class=\"attachment-medium size-medium\" alt=\"Down-flow 5402 Tubular Reactor System with 20 mL volume, automated shutoffvalves to safely shutdown in case of alarm\/interlock, two gas feeds, one purge line,one liquid feed, and automated back pressure regulator. Automatically alternatesbetween high pressure liquid collection and draining, with one of two heatedgas\/liquid separators collecting while the other drains.\" srcset=\"https:\/\/i0.wp.com\/www.parrinst.com\/de\/wp-content\/uploads\/sites\/6\/2019\/07\/Tubular_downflow-5402_918031PI2_3311lr.jpg?w=600&amp;ssl=1 600w, https:\/\/i0.wp.com\/www.parrinst.com\/de\/wp-content\/uploads\/sites\/6\/2019\/07\/Tubular_downflow-5402_918031PI2_3311lr.jpg?resize=150%2C150&amp;ssl=1 150w, https:\/\/i0.wp.com\/www.parrinst.com\/de\/wp-content\/uploads\/sites\/6\/2019\/07\/Tubular_downflow-5402_918031PI2_3311lr.jpg?resize=300%2C300&amp;ssl=1 300w\" sizes=\"auto, (max-width: 300px) 100vw, 300px\" itemprop=\"thumbnail\" \/><\/a><\/div>\n\t\t\t\t\t<\/figure>\n\t\t\t\t<\/div>\n\t\t\t\t<div class='gallery-row gallery-col-2 gallery-clear'>\n\t\t\t\t\t<figure class='gallery-item col-2' itemprop='associatedMedia' itemscope itemtype='http:\/\/schema.org\/ImageObject'>\n\t\t\t\t\t\t<div class='gallery-icon portrait'><a href=\"https:\/\/i0.wp.com\/www.parrinst.com\/de\/wp-content\/uploads\/sites\/6\/2019\/07\/917942_Tubular_021419PI2_3291lr.jpg?ssl=1\" itemprop=\"contentURL\"><img loading=\"lazy\" decoding=\"async\" width=\"214\" height=\"300\" src=\"https:\/\/i0.wp.com\/www.parrinst.com\/de\/wp-content\/uploads\/sites\/6\/2019\/07\/917942_Tubular_021419PI2_3291lr.jpg?fit=214%2C300&amp;ssl=1\" class=\"attachment-medium size-medium\" alt=\"Up-flow 5403 Tubular Reactor System with 300 mL heated volume, one purge line, one gas feed, two liquid feeds, product cooling condenser, and automated 2-phase back pressure regulator. An automated liquid sampler captures representative samples at a user-programmable interval.\" srcset=\"https:\/\/i0.wp.com\/www.parrinst.com\/de\/wp-content\/uploads\/sites\/6\/2019\/07\/917942_Tubular_021419PI2_3291lr.jpg?w=600&amp;ssl=1 600w, https:\/\/i0.wp.com\/www.parrinst.com\/de\/wp-content\/uploads\/sites\/6\/2019\/07\/917942_Tubular_021419PI2_3291lr.jpg?resize=107%2C150&amp;ssl=1 107w, https:\/\/i0.wp.com\/www.parrinst.com\/de\/wp-content\/uploads\/sites\/6\/2019\/07\/917942_Tubular_021419PI2_3291lr.jpg?resize=214%2C300&amp;ssl=1 214w\" sizes=\"auto, (max-width: 214px) 100vw, 214px\" itemprop=\"thumbnail\" \/><\/a><\/div>\n\t\t\t\t\t<\/figure>\n\t\t\t\t\t<figure class='gallery-item col-2' itemprop='associatedMedia' itemscope itemtype='http:\/\/schema.org\/ImageObject'>\n\t\t\t\t\t\t<div class='gallery-icon portrait'><a href=\"https:\/\/i0.wp.com\/www.parrinst.com\/de\/wp-content\/uploads\/sites\/6\/2015\/10\/Tubular_new-support-closed-1.jpg?ssl=1\" itemprop=\"contentURL\"><img loading=\"lazy\" decoding=\"async\" width=\"214\" height=\"300\" src=\"https:\/\/i0.wp.com\/www.parrinst.com\/de\/wp-content\/uploads\/sites\/6\/2015\/10\/Tubular_new-support-closed-1.jpg?fit=214%2C300&amp;ssl=1\" class=\"attachment-medium size-medium\" alt=\"Model 5403 Tubular Reactor with 1&quot; inside dia x 24&quot; length, 3-zone split tube furnace with gas feed system, cooling condenser, gas\/liquid separator vessel, and automated back pressure regulator.\" srcset=\"https:\/\/i0.wp.com\/www.parrinst.com\/de\/wp-content\/uploads\/sites\/6\/2015\/10\/Tubular_new-support-closed-1.jpg?w=600&amp;ssl=1 600w, https:\/\/i0.wp.com\/www.parrinst.com\/de\/wp-content\/uploads\/sites\/6\/2015\/10\/Tubular_new-support-closed-1.jpg?resize=107%2C150&amp;ssl=1 107w, https:\/\/i0.wp.com\/www.parrinst.com\/de\/wp-content\/uploads\/sites\/6\/2015\/10\/Tubular_new-support-closed-1.jpg?resize=214%2C300&amp;ssl=1 214w\" sizes=\"auto, (max-width: 214px) 100vw, 214px\" itemprop=\"thumbnail\" \/><\/a><\/div>\n\t\t\t\t\t<\/figure>\n\t\t\t\t<\/div>\n\t\t\t\t<div class='gallery-row gallery-col-2 gallery-clear'>\n\t\t\t\t\t<figure class='gallery-item col-2' itemprop='associatedMedia' itemscope itemtype='http:\/\/schema.org\/ImageObject'>\n\t\t\t\t\t\t<div class='gallery-icon portrait'><a href=\"https:\/\/i0.wp.com\/www.parrinst.com\/de\/wp-content\/uploads\/sites\/6\/2015\/10\/Tubular_exotic-heaterDSC3637.jpg?ssl=1\" itemprop=\"contentURL\"><img loading=\"lazy\" decoding=\"async\" width=\"214\" height=\"300\" src=\"https:\/\/i0.wp.com\/www.parrinst.com\/de\/wp-content\/uploads\/sites\/6\/2015\/10\/Tubular_exotic-heaterDSC3637.jpg?fit=214%2C300&amp;ssl=1\" class=\"attachment-medium size-medium\" alt=\"1-L Tubular Reactor System w\/2 gas feeds, 1 purge line, 1 liquid feed, &amp; custom pressure controls to enhance the heated gas\/liquid separator.\" srcset=\"https:\/\/i0.wp.com\/www.parrinst.com\/de\/wp-content\/uploads\/sites\/6\/2015\/10\/Tubular_exotic-heaterDSC3637.jpg?w=600&amp;ssl=1 600w, https:\/\/i0.wp.com\/www.parrinst.com\/de\/wp-content\/uploads\/sites\/6\/2015\/10\/Tubular_exotic-heaterDSC3637.jpg?resize=107%2C150&amp;ssl=1 107w, https:\/\/i0.wp.com\/www.parrinst.com\/de\/wp-content\/uploads\/sites\/6\/2015\/10\/Tubular_exotic-heaterDSC3637.jpg?resize=214%2C300&amp;ssl=1 214w\" sizes=\"auto, (max-width: 214px) 100vw, 214px\" itemprop=\"thumbnail\" \/><\/a><\/div>\n\t\t\t\t\t<\/figure>\n\t\t\t\t\t<figure class='gallery-item col-2' itemprop='associatedMedia' itemscope itemtype='http:\/\/schema.org\/ImageObject'>\n\t\t\t\t\t\t<div class='gallery-icon landscape'><a href=\"https:\/\/i0.wp.com\/www.parrinst.com\/de\/wp-content\/uploads\/sites\/6\/2015\/10\/3_250ml_parallel-run_19PI2_54917x5.jpg?ssl=1\" itemprop=\"contentURL\"><img loading=\"lazy\" decoding=\"async\" width=\"300\" height=\"264\" src=\"https:\/\/i0.wp.com\/www.parrinst.com\/de\/wp-content\/uploads\/sites\/6\/2015\/10\/3_250ml_parallel-run_19PI2_54917x5.jpg?fit=300%2C264&amp;ssl=1\" class=\"attachment-medium size-medium\" alt=\"Three 250 mL Reactors; parallel operation; 4871 Process Controller interfacing to PC. Weighted feed tanks &amp; 2-stage pressure let down.\" srcset=\"https:\/\/i0.wp.com\/www.parrinst.com\/de\/wp-content\/uploads\/sites\/6\/2015\/10\/3_250ml_parallel-run_19PI2_54917x5.jpg?w=600&amp;ssl=1 600w, https:\/\/i0.wp.com\/www.parrinst.com\/de\/wp-content\/uploads\/sites\/6\/2015\/10\/3_250ml_parallel-run_19PI2_54917x5.jpg?resize=170%2C150&amp;ssl=1 170w, https:\/\/i0.wp.com\/www.parrinst.com\/de\/wp-content\/uploads\/sites\/6\/2015\/10\/3_250ml_parallel-run_19PI2_54917x5.jpg?resize=300%2C264&amp;ssl=1 300w\" sizes=\"auto, (max-width: 300px) 100vw, 300px\" itemprop=\"thumbnail\" \/><\/a><\/div>\n\t\t\t\t\t<\/figure>\n\t\t\t\t<\/div>\n\t\t\t\t<div class='gallery-row gallery-col-2 gallery-clear'>\n\t\t\t\t\t<figure class='gallery-item col-2' itemprop='associatedMedia' itemscope itemtype='http:\/\/schema.org\/ImageObject'>\n\t\t\t\t\t\t<div class='gallery-icon portrait'><a href=\"https:\/\/i0.wp.com\/www.parrinst.com\/de\/wp-content\/uploads\/sites\/6\/2015\/10\/tubular-batch.jpg?ssl=1\" itemprop=\"contentURL\"><img loading=\"lazy\" decoding=\"async\" width=\"214\" height=\"300\" src=\"https:\/\/i0.wp.com\/www.parrinst.com\/de\/wp-content\/uploads\/sites\/6\/2015\/10\/tubular-batch.jpg?fit=214%2C300&amp;ssl=1\" class=\"attachment-medium size-medium\" alt=\"Continuous Flow Stirred Reactor on Cart w\/modular frame for easy access &amp; flex hook-ups, accessories &amp; flow incl. interchangeable tubular reactor\" srcset=\"https:\/\/i0.wp.com\/www.parrinst.com\/de\/wp-content\/uploads\/sites\/6\/2015\/10\/tubular-batch.jpg?w=600&amp;ssl=1 600w, https:\/\/i0.wp.com\/www.parrinst.com\/de\/wp-content\/uploads\/sites\/6\/2015\/10\/tubular-batch.jpg?resize=107%2C150&amp;ssl=1 107w, https:\/\/i0.wp.com\/www.parrinst.com\/de\/wp-content\/uploads\/sites\/6\/2015\/10\/tubular-batch.jpg?resize=214%2C300&amp;ssl=1 214w\" sizes=\"auto, (max-width: 214px) 100vw, 214px\" itemprop=\"thumbnail\" \/><\/a><\/div>\n\t\t\t\t\t<\/figure>\n\t\t\t\t\t<figure class='gallery-item col-2' itemprop='associatedMedia' itemscope itemtype='http:\/\/schema.org\/ImageObject'>\n\t\t\t\t\t\t<div class='gallery-icon portrait'><a href=\"https:\/\/i0.wp.com\/www.parrinst.com\/de\/wp-content\/uploads\/sites\/6\/2015\/10\/Tubular_02062110.jpg?ssl=1\" itemprop=\"contentURL\"><img loading=\"lazy\" decoding=\"async\" width=\"214\" height=\"300\" src=\"https:\/\/i0.wp.com\/www.parrinst.com\/de\/wp-content\/uploads\/sites\/6\/2015\/10\/Tubular_02062110.jpg?fit=214%2C300&amp;ssl=1\" class=\"attachment-medium size-medium\" alt=\"Tubular Reaction System; Single-zone 12&quot; heater, gas feed, auto shut off valves, 3 MCFs; purge line. Jacketed Gas\/liquid separator; remote PC using 4871 Controller\" srcset=\"https:\/\/i0.wp.com\/www.parrinst.com\/de\/wp-content\/uploads\/sites\/6\/2015\/10\/Tubular_02062110.jpg?w=600&amp;ssl=1 600w, https:\/\/i0.wp.com\/www.parrinst.com\/de\/wp-content\/uploads\/sites\/6\/2015\/10\/Tubular_02062110.jpg?resize=107%2C150&amp;ssl=1 107w, https:\/\/i0.wp.com\/www.parrinst.com\/de\/wp-content\/uploads\/sites\/6\/2015\/10\/Tubular_02062110.jpg?resize=214%2C300&amp;ssl=1 214w\" sizes=\"auto, (max-width: 214px) 100vw, 214px\" itemprop=\"thumbnail\" \/><\/a><\/div>\n\t\t\t\t\t<\/figure>\n\t\t\t\t<\/div>\n\t\t\t\t<div class='gallery-row gallery-col-2 gallery-clear'>\n\t\t\t\t\t<figure class='gallery-item col-2' itemprop='associatedMedia' itemscope itemtype='http:\/\/schema.org\/ImageObject'>\n\t\t\t\t\t\t<div class='gallery-icon portrait'><a href=\"https:\/\/i0.wp.com\/www.parrinst.com\/de\/wp-content\/uploads\/sites\/6\/2015\/10\/FluidizedBedPID_3072.jpg?ssl=1\" itemprop=\"contentURL\"><img loading=\"lazy\" decoding=\"async\" width=\"214\" height=\"300\" src=\"https:\/\/i0.wp.com\/www.parrinst.com\/de\/wp-content\/uploads\/sites\/6\/2015\/10\/FluidizedBedPID_3072.jpg?fit=214%2C300&amp;ssl=1\" class=\"attachment-medium size-medium\" alt=\"Fluidized Bed Reactor; Flex Mantle Heater Wrap; Cyclonic Separator. 2 gas feeds w\/auto shut-off valves and pressure control plus a 4871 process controller\" srcset=\"https:\/\/i0.wp.com\/www.parrinst.com\/de\/wp-content\/uploads\/sites\/6\/2015\/10\/FluidizedBedPID_3072.jpg?w=600&amp;ssl=1 600w, https:\/\/i0.wp.com\/www.parrinst.com\/de\/wp-content\/uploads\/sites\/6\/2015\/10\/FluidizedBedPID_3072.jpg?resize=107%2C150&amp;ssl=1 107w, https:\/\/i0.wp.com\/www.parrinst.com\/de\/wp-content\/uploads\/sites\/6\/2015\/10\/FluidizedBedPID_3072.jpg?resize=214%2C300&amp;ssl=1 214w\" sizes=\"auto, (max-width: 214px) 100vw, 214px\" itemprop=\"thumbnail\" \/><\/a><\/div>\n\t\t\t\t\t<\/figure>\n\t\t\t\t\t<figure class='gallery-item col-2' itemprop='associatedMedia' itemscope itemtype='http:\/\/schema.org\/ImageObject'>\n\t\t\t\t\t\t<div class='gallery-icon portrait'><a href=\"https:\/\/i0.wp.com\/www.parrinst.com\/de\/wp-content\/uploads\/sites\/6\/2019\/07\/Fluidized-Bed-open-without-cyclone-heater_918083PI2_3976lr.jpg?ssl=1\" itemprop=\"contentURL\"><img loading=\"lazy\" decoding=\"async\" width=\"214\" height=\"300\" src=\"https:\/\/i0.wp.com\/www.parrinst.com\/de\/wp-content\/uploads\/sites\/6\/2019\/07\/Fluidized-Bed-open-without-cyclone-heater_918083PI2_3976lr.jpg?fit=214%2C300&amp;ssl=1\" class=\"attachment-medium size-medium\" alt=\"Wirbelschichtreaktor mit 3-Zonen Keramikheizung, Zyklonabscheider, gek\u00fchltem Kondensator und Sammelbeh\u00e4lter f\u00fcr das Produkt.\" srcset=\"https:\/\/i0.wp.com\/www.parrinst.com\/de\/wp-content\/uploads\/sites\/6\/2019\/07\/Fluidized-Bed-open-without-cyclone-heater_918083PI2_3976lr.jpg?w=600&amp;ssl=1 600w, https:\/\/i0.wp.com\/www.parrinst.com\/de\/wp-content\/uploads\/sites\/6\/2019\/07\/Fluidized-Bed-open-without-cyclone-heater_918083PI2_3976lr.jpg?resize=107%2C150&amp;ssl=1 107w, https:\/\/i0.wp.com\/www.parrinst.com\/de\/wp-content\/uploads\/sites\/6\/2019\/07\/Fluidized-Bed-open-without-cyclone-heater_918083PI2_3976lr.jpg?resize=214%2C300&amp;ssl=1 214w\" sizes=\"auto, (max-width: 214px) 100vw, 214px\" itemprop=\"thumbnail\" \/><\/a><\/div>\n\t\t\t\t\t<\/figure>\n\t\t\t\t<\/div>\n\t\t\t<\/div><!-- .gallery -->\n\n<p>Parr&#8217;s <a href=\"https:\/\/www.parrinst.com\/de\/products\/specialty-custom-systems\/5400-continuous-flow-tubular-reactors\/\">5400 Tubular Reactor Systems<\/a> offer an efficient and cost-effective way for researchers to meet their research requirements and specifications for continuous flow tubular and stirred reactor applications. Parr Tubular Reactors use continuous reactant feed, a variety of heating and product handling options, with automation and data collection options. Systems range in size from desktop to pilot plant.<\/p>\n<p>The new\u00a0<a href=\"https:\/\/www.parrinst.com\/de\/products\/tubular-reactor-systems\/tubular-reactor-with-touchscreen-control\/\">Tubular Reactor with Touchscreen Control<\/a>\u00a0from Parr was designed with researchers in mind and offers a compact footprint, easy set-up and integrated touchscreen control, all at a budget-friendly price. The reactor allows the use of traditional and non-traditional solid catalysts and has a standard pressure rating of 3000 to 5000 psi with temperature ratings to 550 \u00b0C.<\/p>\n<p>In Parr&#8217;s <a href=\"https:\/\/www.parrinst.com\/de\/products\/specialty-custom-systems\/fluidized-bed-reactors\/\">5410 Fluidized Bed Reactors<\/a>, the solids bed or catalytic particles are supported by an up flow of gas. Advantages of this reactor include easy loading and removal of catalyst, a high conversion with large throughput, tight temperature control, no hot spots in the bed, uniform catalyst distribution, and longer catalyst life.<\/p>\n","protected":false},"excerpt":{"rendered":"<p>Parr&#8217;s 5400 Tubular Reactor Systems offer an efficient and cost-effective way for researchers to meet their research requirements and specifications for continuous flow tubular and stirred reactor applications. Parr Tubular Reactors use continuous reactant feed, a variety of heating and product handling options, with automation and data collection options. Systems range in size from desktop [&hellip;]<\/p>\n","protected":false},"author":2,"featured_media":37710,"parent":22,"menu_order":7,"comment_status":"closed","ping_status":"closed","template":"general-tabs.php","meta":{"_acf_changed":false,"footnotes":"","_links_to":"","_links_to_target":""},"class_list":["post-11594","page","type-page","status-publish","has-post-thumbnail","hentry"],"acf":[],"yoast_head":"<!-- This site is optimized with the Yoast SEO plugin v27.4 - https:\/\/yoast.com\/product\/yoast-seo-wordpress\/ -->\n<title>Tubular Reactor Systems - Parr Instrument GmbH<\/title>\n<meta name=\"robots\" content=\"index, follow, max-snippet:-1, max-image-preview:large, max-video-preview:-1\" \/>\n<link rel=\"canonical\" href=\"https:\/\/www.parrinst.com\/de\/products\/tubular-reactor-systems\/\" \/>\n<meta property=\"og:locale\" content=\"en_US\" \/>\n<meta property=\"og:type\" content=\"article\" \/>\n<meta property=\"og:title\" content=\"Tubular Reactor Systems - Parr Instrument GmbH\" \/>\n<meta property=\"og:description\" content=\"Parr&#8217;s 5400 Tubular Reactor Systems offer an efficient and cost-effective way for researchers to meet their research requirements and specifications for continuous flow tubular and stirred reactor applications. Parr Tubular Reactors use continuous reactant feed, a variety of heating and product handling options, with automation and data collection options. Systems range in size from desktop [&hellip;]\" \/>\n<meta property=\"og:url\" content=\"https:\/\/www.parrinst.com\/de\/products\/tubular-reactor-systems\/\" \/>\n<meta property=\"og:site_name\" content=\"Parr Instrument GmbH\" \/>\n<meta property=\"article:modified_time\" content=\"2021-09-10T18:59:41+00:00\" \/>\n<meta property=\"og:image\" content=\"https:\/\/www.parrinst.com\/de\/files\/2018\/01\/parr_banner_tubular_secondary.jpg\" \/>\n\t<meta property=\"og:image:width\" content=\"2200\" \/>\n\t<meta property=\"og:image:height\" content=\"399\" \/>\n\t<meta property=\"og:image:type\" content=\"image\/jpeg\" \/>\n<meta name=\"twitter:card\" content=\"summary_large_image\" \/>\n<meta name=\"twitter:label1\" content=\"Est. reading time\" \/>\n\t<meta name=\"twitter:data1\" content=\"1 minute\" \/>\n<script type=\"application\/ld+json\" class=\"yoast-schema-graph\">{\"@context\":\"https:\\\/\\\/schema.org\",\"@graph\":[{\"@type\":\"WebPage\",\"@id\":\"https:\\\/\\\/www.parrinst.com\\\/de\\\/products\\\/tubular-reactor-systems\\\/\",\"url\":\"https:\\\/\\\/www.parrinst.com\\\/de\\\/products\\\/tubular-reactor-systems\\\/\",\"name\":\"Tubular Reactor Systems - Parr Instrument GmbH\",\"isPartOf\":{\"@id\":\"https:\\\/\\\/www.parrinst.com\\\/de\\\/#website\"},\"primaryImageOfPage\":{\"@id\":\"https:\\\/\\\/www.parrinst.com\\\/de\\\/products\\\/tubular-reactor-systems\\\/#primaryimage\"},\"image\":{\"@id\":\"https:\\\/\\\/www.parrinst.com\\\/de\\\/products\\\/tubular-reactor-systems\\\/#primaryimage\"},\"thumbnailUrl\":\"https:\\\/\\\/i0.wp.com\\\/www.parrinst.com\\\/de\\\/wp-content\\\/uploads\\\/sites\\\/6\\\/2018\\\/01\\\/parr_banner_tubular_secondary.jpg?fit=2200%2C399&ssl=1\",\"datePublished\":\"2015-10-08T21:11:04+00:00\",\"dateModified\":\"2021-09-10T18:59:41+00:00\",\"breadcrumb\":{\"@id\":\"https:\\\/\\\/www.parrinst.com\\\/de\\\/products\\\/tubular-reactor-systems\\\/#breadcrumb\"},\"inLanguage\":\"en-US\",\"potentialAction\":[{\"@type\":\"ReadAction\",\"target\":[\"https:\\\/\\\/www.parrinst.com\\\/de\\\/products\\\/tubular-reactor-systems\\\/\"]}]},{\"@type\":\"ImageObject\",\"inLanguage\":\"en-US\",\"@id\":\"https:\\\/\\\/www.parrinst.com\\\/de\\\/products\\\/tubular-reactor-systems\\\/#primaryimage\",\"url\":\"https:\\\/\\\/i0.wp.com\\\/www.parrinst.com\\\/de\\\/wp-content\\\/uploads\\\/sites\\\/6\\\/2018\\\/01\\\/parr_banner_tubular_secondary.jpg?fit=2200%2C399&ssl=1\",\"contentUrl\":\"https:\\\/\\\/i0.wp.com\\\/www.parrinst.com\\\/de\\\/wp-content\\\/uploads\\\/sites\\\/6\\\/2018\\\/01\\\/parr_banner_tubular_secondary.jpg?fit=2200%2C399&ssl=1\",\"width\":2200,\"height\":399},{\"@type\":\"BreadcrumbList\",\"@id\":\"https:\\\/\\\/www.parrinst.com\\\/de\\\/products\\\/tubular-reactor-systems\\\/#breadcrumb\",\"itemListElement\":[{\"@type\":\"ListItem\",\"position\":1,\"name\":\"Home\",\"item\":\"https:\\\/\\\/www.parrinst.com\\\/de\\\/\"},{\"@type\":\"ListItem\",\"position\":2,\"name\":\"Products\",\"item\":\"https:\\\/\\\/www.parrinst.com\\\/de\\\/products\\\/\"},{\"@type\":\"ListItem\",\"position\":3,\"name\":\"Tubular Reactor Systems\"}]},{\"@type\":\"WebSite\",\"@id\":\"https:\\\/\\\/www.parrinst.com\\\/de\\\/#website\",\"url\":\"https:\\\/\\\/www.parrinst.com\\\/de\\\/\",\"name\":\"Parr Instrument GmbH\",\"description\":\"\",\"potentialAction\":[{\"@type\":\"SearchAction\",\"target\":{\"@type\":\"EntryPoint\",\"urlTemplate\":\"https:\\\/\\\/www.parrinst.com\\\/de\\\/?s={search_term_string}\"},\"query-input\":{\"@type\":\"PropertyValueSpecification\",\"valueRequired\":true,\"valueName\":\"search_term_string\"}}],\"inLanguage\":\"en-US\"}]}<\/script>\n<!-- \/ Yoast SEO plugin. -->","yoast_head_json":{"title":"Tubular Reactor Systems - Parr Instrument GmbH","robots":{"index":"index","follow":"follow","max-snippet":"max-snippet:-1","max-image-preview":"max-image-preview:large","max-video-preview":"max-video-preview:-1"},"canonical":"https:\/\/www.parrinst.com\/de\/products\/tubular-reactor-systems\/","og_locale":"en_US","og_type":"article","og_title":"Tubular Reactor Systems - Parr Instrument GmbH","og_description":"Parr&#8217;s 5400 Tubular Reactor Systems offer an efficient and cost-effective way for researchers to meet their research requirements and specifications for continuous flow tubular and stirred reactor applications. Parr Tubular Reactors use continuous reactant feed, a variety of heating and product handling options, with automation and data collection options. Systems range in size from desktop [&hellip;]","og_url":"https:\/\/www.parrinst.com\/de\/products\/tubular-reactor-systems\/","og_site_name":"Parr Instrument GmbH","article_modified_time":"2021-09-10T18:59:41+00:00","og_image":[{"width":2200,"height":399,"url":"https:\/\/www.parrinst.com\/de\/files\/2018\/01\/parr_banner_tubular_secondary.jpg","type":"image\/jpeg"}],"twitter_card":"summary_large_image","twitter_misc":{"Est. reading time":"1 minute"},"schema":{"@context":"https:\/\/schema.org","@graph":[{"@type":"WebPage","@id":"https:\/\/www.parrinst.com\/de\/products\/tubular-reactor-systems\/","url":"https:\/\/www.parrinst.com\/de\/products\/tubular-reactor-systems\/","name":"Tubular Reactor Systems - Parr Instrument GmbH","isPartOf":{"@id":"https:\/\/www.parrinst.com\/de\/#website"},"primaryImageOfPage":{"@id":"https:\/\/www.parrinst.com\/de\/products\/tubular-reactor-systems\/#primaryimage"},"image":{"@id":"https:\/\/www.parrinst.com\/de\/products\/tubular-reactor-systems\/#primaryimage"},"thumbnailUrl":"https:\/\/i0.wp.com\/www.parrinst.com\/de\/wp-content\/uploads\/sites\/6\/2018\/01\/parr_banner_tubular_secondary.jpg?fit=2200%2C399&ssl=1","datePublished":"2015-10-08T21:11:04+00:00","dateModified":"2021-09-10T18:59:41+00:00","breadcrumb":{"@id":"https:\/\/www.parrinst.com\/de\/products\/tubular-reactor-systems\/#breadcrumb"},"inLanguage":"en-US","potentialAction":[{"@type":"ReadAction","target":["https:\/\/www.parrinst.com\/de\/products\/tubular-reactor-systems\/"]}]},{"@type":"ImageObject","inLanguage":"en-US","@id":"https:\/\/www.parrinst.com\/de\/products\/tubular-reactor-systems\/#primaryimage","url":"https:\/\/i0.wp.com\/www.parrinst.com\/de\/wp-content\/uploads\/sites\/6\/2018\/01\/parr_banner_tubular_secondary.jpg?fit=2200%2C399&ssl=1","contentUrl":"https:\/\/i0.wp.com\/www.parrinst.com\/de\/wp-content\/uploads\/sites\/6\/2018\/01\/parr_banner_tubular_secondary.jpg?fit=2200%2C399&ssl=1","width":2200,"height":399},{"@type":"BreadcrumbList","@id":"https:\/\/www.parrinst.com\/de\/products\/tubular-reactor-systems\/#breadcrumb","itemListElement":[{"@type":"ListItem","position":1,"name":"Home","item":"https:\/\/www.parrinst.com\/de\/"},{"@type":"ListItem","position":2,"name":"Products","item":"https:\/\/www.parrinst.com\/de\/products\/"},{"@type":"ListItem","position":3,"name":"Tubular Reactor Systems"}]},{"@type":"WebSite","@id":"https:\/\/www.parrinst.com\/de\/#website","url":"https:\/\/www.parrinst.com\/de\/","name":"Parr Instrument GmbH","description":"","potentialAction":[{"@type":"SearchAction","target":{"@type":"EntryPoint","urlTemplate":"https:\/\/www.parrinst.com\/de\/?s={search_term_string}"},"query-input":{"@type":"PropertyValueSpecification","valueRequired":true,"valueName":"search_term_string"}}],"inLanguage":"en-US"}]}},"jetpack_sharing_enabled":true,"_links":{"self":[{"href":"https:\/\/www.parrinst.com\/de\/wp-json\/wp\/v2\/pages\/11594","targetHints":{"allow":["GET"]}}],"collection":[{"href":"https:\/\/www.parrinst.com\/de\/wp-json\/wp\/v2\/pages"}],"about":[{"href":"https:\/\/www.parrinst.com\/de\/wp-json\/wp\/v2\/types\/page"}],"author":[{"embeddable":true,"href":"https:\/\/www.parrinst.com\/de\/wp-json\/wp\/v2\/users\/2"}],"replies":[{"embeddable":true,"href":"https:\/\/www.parrinst.com\/de\/wp-json\/wp\/v2\/comments?post=11594"}],"version-history":[{"count":6,"href":"https:\/\/www.parrinst.com\/de\/wp-json\/wp\/v2\/pages\/11594\/revisions"}],"predecessor-version":[{"id":40240,"href":"https:\/\/www.parrinst.com\/de\/wp-json\/wp\/v2\/pages\/11594\/revisions\/40240"}],"up":[{"embeddable":true,"href":"https:\/\/www.parrinst.com\/de\/wp-json\/wp\/v2\/pages\/22"}],"wp:featuredmedia":[{"embeddable":true,"href":"https:\/\/www.parrinst.com\/de\/wp-json\/wp\/v2\/media\/37710"}],"wp:attachment":[{"href":"https:\/\/www.parrinst.com\/de\/wp-json\/wp\/v2\/media?parent=11594"}],"curies":[{"name":"wp","href":"https:\/\/api.w.org\/{rel}","templated":true}]}}