{"id":11596,"date":"2015-10-12T18:40:04","date_gmt":"2015-10-12T16:40:04","guid":{"rendered":"https:\/\/www.parrinst.com\/de\/?page_id=11596"},"modified":"2021-09-10T15:15:20","modified_gmt":"2021-09-10T20:15:20","slug":"multi-reactor-systems","status":"publish","type":"page","link":"https:\/\/www.parrinst.com\/de\/products\/multi-reactor-systems\/","title":{"rendered":"Mehrfachreaktorsysteme"},"content":{"rendered":"\n\t\t\t<div id='11596-1' class='gallery gallery-11596 gallery-columns-2 gallery-size-medium' itemscope itemtype='http:\/\/schema.org\/ImageGallery'>\n\t\t\t\t<div class='gallery-row gallery-col-2 gallery-clear'>\n\t\t\t\t\t<figure class='gallery-item col-2' itemprop='associatedMedia' itemscope itemtype='http:\/\/schema.org\/ImageObject'>\n\t\t\t\t\t\t<div class='gallery-icon landscape'><a href=\"https:\/\/i0.wp.com\/www.parrinst.com\/de\/wp-content\/uploads\/sites\/6\/2011\/03\/5000-multi_4871.jpg?ssl=1\" itemprop=\"contentURL\"><img loading=\"lazy\" decoding=\"async\" width=\"300\" height=\"197\" src=\"https:\/\/i0.wp.com\/www.parrinst.com\/de\/wp-content\/uploads\/sites\/6\/2011\/03\/5000-multi_4871.jpg?fit=300%2C197&amp;ssl=1\" class=\"attachment-medium size-medium\" alt=\"5000 Mehrfachreaktorsystem; sechs 75 ml Beh\u00e4lter mit Flachdichtungen und kopfmontierten Ventilen, mit 4871 Controller\" srcset=\"https:\/\/i0.wp.com\/www.parrinst.com\/de\/wp-content\/uploads\/sites\/6\/2011\/03\/5000-multi_4871.jpg?w=600&amp;ssl=1 600w, https:\/\/i0.wp.com\/www.parrinst.com\/de\/wp-content\/uploads\/sites\/6\/2011\/03\/5000-multi_4871.jpg?resize=228%2C150&amp;ssl=1 228w, https:\/\/i0.wp.com\/www.parrinst.com\/de\/wp-content\/uploads\/sites\/6\/2011\/03\/5000-multi_4871.jpg?resize=300%2C197&amp;ssl=1 300w\" sizes=\"auto, (max-width: 300px) 100vw, 300px\" itemprop=\"thumbnail\" \/><\/a><\/div>\n\t\t\t\t\t<\/figure>\n\t\t\t\t\t<figure class='gallery-item col-2' itemprop='associatedMedia' itemscope itemtype='http:\/\/schema.org\/ImageObject'>\n\t\t\t\t\t\t<div class='gallery-icon landscape'><a href=\"https:\/\/i0.wp.com\/www.parrinst.com\/de\/wp-content\/uploads\/sites\/6\/2011\/03\/5000-MRS_Multi-Reactor-4871.jpg?ssl=1\" itemprop=\"contentURL\"><img loading=\"lazy\" decoding=\"async\" width=\"300\" height=\"300\" src=\"https:\/\/i0.wp.com\/www.parrinst.com\/de\/wp-content\/uploads\/sites\/6\/2011\/03\/5000-MRS_Multi-Reactor-4871.jpg?fit=300%2C300&amp;ssl=1\" class=\"attachment-medium size-medium\" alt=\"MRS mit individuell angesteuerten Gasb\u00fcretten\" srcset=\"https:\/\/i0.wp.com\/www.parrinst.com\/de\/wp-content\/uploads\/sites\/6\/2011\/03\/5000-MRS_Multi-Reactor-4871.jpg?w=400&amp;ssl=1 400w, https:\/\/i0.wp.com\/www.parrinst.com\/de\/wp-content\/uploads\/sites\/6\/2011\/03\/5000-MRS_Multi-Reactor-4871.jpg?resize=150%2C150&amp;ssl=1 150w, https:\/\/i0.wp.com\/www.parrinst.com\/de\/wp-content\/uploads\/sites\/6\/2011\/03\/5000-MRS_Multi-Reactor-4871.jpg?resize=300%2C300&amp;ssl=1 300w\" sizes=\"auto, (max-width: 300px) 100vw, 300px\" itemprop=\"thumbnail\" \/><\/a><\/div>\n\t\t\t\t\t<\/figure>\n\t\t\t\t<\/div>\n\t\t\t\t<div class='gallery-row gallery-col-2 gallery-clear'>\n\t\t\t\t\t<figure class='gallery-item col-2' itemprop='associatedMedia' itemscope itemtype='http:\/\/schema.org\/ImageObject'>\n\t\t\t\t\t\t<div class='gallery-icon landscape'><a href=\"https:\/\/i0.wp.com\/www.parrinst.com\/de\/wp-content\/uploads\/sites\/6\/2015\/10\/3-Reactor-Parallel-System_914883pi4555web.jpg?ssl=1\" itemprop=\"contentURL\"><img loading=\"lazy\" decoding=\"async\" width=\"300\" height=\"300\" src=\"https:\/\/i0.wp.com\/www.parrinst.com\/de\/wp-content\/uploads\/sites\/6\/2015\/10\/3-Reactor-Parallel-System_914883pi4555web.jpg?fit=300%2C300&amp;ssl=1\" class=\"attachment-medium size-medium\" alt=\"Parallelsystem von drei Reaktoren\" srcset=\"https:\/\/i0.wp.com\/www.parrinst.com\/de\/wp-content\/uploads\/sites\/6\/2015\/10\/3-Reactor-Parallel-System_914883pi4555web.jpg?w=600&amp;ssl=1 600w, https:\/\/i0.wp.com\/www.parrinst.com\/de\/wp-content\/uploads\/sites\/6\/2015\/10\/3-Reactor-Parallel-System_914883pi4555web.jpg?resize=300%2C300&amp;ssl=1 300w, https:\/\/i0.wp.com\/www.parrinst.com\/de\/wp-content\/uploads\/sites\/6\/2015\/10\/3-Reactor-Parallel-System_914883pi4555web.jpg?resize=150%2C150&amp;ssl=1 150w\" sizes=\"auto, (max-width: 300px) 100vw, 300px\" itemprop=\"thumbnail\" \/><\/a><\/div>\n\t\t\t\t\t<\/figure>\n\t\t\t\t\t<figure class='gallery-item col-2' itemprop='associatedMedia' itemscope itemtype='http:\/\/schema.org\/ImageObject'>\n\t\t\t\t\t\t<div class='gallery-icon portrait'><a href=\"https:\/\/i0.wp.com\/www.parrinst.com\/de\/wp-content\/uploads\/sites\/6\/2015\/10\/Multi-Reactor_915037PI2_3808.jpg?ssl=1\" itemprop=\"contentURL\"><img loading=\"lazy\" decoding=\"async\" width=\"248\" height=\"300\" src=\"https:\/\/i0.wp.com\/www.parrinst.com\/de\/wp-content\/uploads\/sites\/6\/2015\/10\/Multi-Reactor_915037PI2_3808.jpg?fit=248%2C300&amp;ssl=1\" class=\"attachment-medium size-medium\" alt=\"Parallelsystem von vier Reaktoren\" srcset=\"https:\/\/i0.wp.com\/www.parrinst.com\/de\/wp-content\/uploads\/sites\/6\/2015\/10\/Multi-Reactor_915037PI2_3808.jpg?w=600&amp;ssl=1 600w, https:\/\/i0.wp.com\/www.parrinst.com\/de\/wp-content\/uploads\/sites\/6\/2015\/10\/Multi-Reactor_915037PI2_3808.jpg?resize=124%2C150&amp;ssl=1 124w, https:\/\/i0.wp.com\/www.parrinst.com\/de\/wp-content\/uploads\/sites\/6\/2015\/10\/Multi-Reactor_915037PI2_3808.jpg?resize=248%2C300&amp;ssl=1 248w\" sizes=\"auto, (max-width: 248px) 100vw, 248px\" itemprop=\"thumbnail\" \/><\/a><\/div>\n\t\t\t\t\t<\/figure>\n\t\t\t\t<\/div>\n\t\t\t\t<div class='gallery-row gallery-col-2 gallery-clear'>\n\t\t\t\t\t<figure class='gallery-item col-2' itemprop='associatedMedia' itemscope itemtype='http:\/\/schema.org\/ImageObject'>\n\t\t\t\t\t\t<div class='gallery-icon portrait'><a href=\"https:\/\/i0.wp.com\/www.parrinst.com\/de\/wp-content\/uploads\/sites\/6\/2011\/06\/5000s_multireactor.jpg?ssl=1\" itemprop=\"contentURL\"><img loading=\"lazy\" decoding=\"async\" width=\"214\" height=\"300\" src=\"https:\/\/i0.wp.com\/www.parrinst.com\/de\/wp-content\/uploads\/sites\/6\/2011\/06\/5000s_multireactor.jpg?fit=214%2C300&amp;ssl=1\" class=\"attachment-medium size-medium\" alt=\"Parallelsystem von f\u00fcnf Reaktoren\" srcset=\"https:\/\/i0.wp.com\/www.parrinst.com\/de\/wp-content\/uploads\/sites\/6\/2011\/06\/5000s_multireactor.jpg?w=600&amp;ssl=1 600w, https:\/\/i0.wp.com\/www.parrinst.com\/de\/wp-content\/uploads\/sites\/6\/2011\/06\/5000s_multireactor.jpg?resize=107%2C150&amp;ssl=1 107w, https:\/\/i0.wp.com\/www.parrinst.com\/de\/wp-content\/uploads\/sites\/6\/2011\/06\/5000s_multireactor.jpg?resize=214%2C300&amp;ssl=1 214w\" sizes=\"auto, (max-width: 214px) 100vw, 214px\" itemprop=\"thumbnail\" \/><\/a><\/div>\n\t\t\t\t\t<\/figure>\n\t\t\t\t\t<figure class='gallery-item col-2' itemprop='associatedMedia' itemscope itemtype='http:\/\/schema.org\/ImageObject'>\n\t\t\t\t\t\t<div class='gallery-icon landscape'><a href=\"https:\/\/i0.wp.com\/www.parrinst.com\/de\/wp-content\/uploads\/sites\/6\/2015\/10\/Six-Reactor-Parallel_915508PI2_8068DN.jpg?ssl=1\" itemprop=\"contentURL\"><img loading=\"lazy\" decoding=\"async\" width=\"300\" height=\"258\" src=\"https:\/\/i0.wp.com\/www.parrinst.com\/de\/wp-content\/uploads\/sites\/6\/2015\/10\/Six-Reactor-Parallel_915508PI2_8068DN.jpg?fit=300%2C258&amp;ssl=1\" class=\"attachment-medium size-medium\" alt=\"Parallelsystem von sechs Reaktoren mit automatischem Probenahmesystem\" srcset=\"https:\/\/i0.wp.com\/www.parrinst.com\/de\/wp-content\/uploads\/sites\/6\/2015\/10\/Six-Reactor-Parallel_915508PI2_8068DN.jpg?w=600&amp;ssl=1 600w, https:\/\/i0.wp.com\/www.parrinst.com\/de\/wp-content\/uploads\/sites\/6\/2015\/10\/Six-Reactor-Parallel_915508PI2_8068DN.jpg?resize=174%2C150&amp;ssl=1 174w, https:\/\/i0.wp.com\/www.parrinst.com\/de\/wp-content\/uploads\/sites\/6\/2015\/10\/Six-Reactor-Parallel_915508PI2_8068DN.jpg?resize=300%2C258&amp;ssl=1 300w\" sizes=\"auto, (max-width: 300px) 100vw, 300px\" itemprop=\"thumbnail\" \/><\/a><\/div>\n\t\t\t\t\t<\/figure>\n\t\t\t\t<\/div>\n\t\t\t\t<div class='gallery-row gallery-col-2 gallery-clear'>\n\t\t\t\t\t<figure class='gallery-item col-2' itemprop='associatedMedia' itemscope itemtype='http:\/\/schema.org\/ImageObject'>\n\t\t\t\t\t\t<div class='gallery-icon landscape'><a href=\"https:\/\/i0.wp.com\/www.parrinst.com\/de\/wp-content\/uploads\/sites\/6\/2015\/10\/Multi-reactor_mini12.jpg?ssl=1\" itemprop=\"contentURL\"><img loading=\"lazy\" decoding=\"async\" width=\"300\" height=\"177\" src=\"https:\/\/i0.wp.com\/www.parrinst.com\/de\/wp-content\/uploads\/sites\/6\/2015\/10\/Multi-reactor_mini12.jpg?fit=300%2C177&amp;ssl=1\" class=\"attachment-medium size-medium\" alt=\"HPCL System mit 12 Stationen\" srcset=\"https:\/\/i0.wp.com\/www.parrinst.com\/de\/wp-content\/uploads\/sites\/6\/2015\/10\/Multi-reactor_mini12.jpg?w=600&amp;ssl=1 600w, https:\/\/i0.wp.com\/www.parrinst.com\/de\/wp-content\/uploads\/sites\/6\/2015\/10\/Multi-reactor_mini12.jpg?resize=254%2C150&amp;ssl=1 254w, https:\/\/i0.wp.com\/www.parrinst.com\/de\/wp-content\/uploads\/sites\/6\/2015\/10\/Multi-reactor_mini12.jpg?resize=300%2C177&amp;ssl=1 300w\" sizes=\"auto, (max-width: 300px) 100vw, 300px\" itemprop=\"thumbnail\" \/><\/a><\/div>\n\t\t\t\t\t<\/figure>\n\t\t\t\t\t<figure class='gallery-item col-2' itemprop='associatedMedia' itemscope itemtype='http:\/\/schema.org\/ImageObject'>\n\t\t\t\t\t\t<div class='gallery-icon landscape'><a href=\"https:\/\/i0.wp.com\/www.parrinst.com\/de\/wp-content\/uploads\/sites\/6\/2015\/10\/Multi-Reactor-System16_4870.jpg?ssl=1\" itemprop=\"contentURL\"><img loading=\"lazy\" decoding=\"async\" width=\"300\" height=\"203\" src=\"https:\/\/i0.wp.com\/www.parrinst.com\/de\/wp-content\/uploads\/sites\/6\/2015\/10\/Multi-Reactor-System16_4870.jpg?fit=300%2C203&amp;ssl=1\" class=\"attachment-medium size-medium\" alt=\"Mehrfachreaktorsystem mit 16 Stationen\" srcset=\"https:\/\/i0.wp.com\/www.parrinst.com\/de\/wp-content\/uploads\/sites\/6\/2015\/10\/Multi-Reactor-System16_4870.jpg?w=600&amp;ssl=1 600w, https:\/\/i0.wp.com\/www.parrinst.com\/de\/wp-content\/uploads\/sites\/6\/2015\/10\/Multi-Reactor-System16_4870.jpg?resize=222%2C150&amp;ssl=1 222w, https:\/\/i0.wp.com\/www.parrinst.com\/de\/wp-content\/uploads\/sites\/6\/2015\/10\/Multi-Reactor-System16_4870.jpg?resize=300%2C203&amp;ssl=1 300w\" sizes=\"auto, (max-width: 300px) 100vw, 300px\" itemprop=\"thumbnail\" \/><\/a><\/div>\n\t\t\t\t\t<\/figure>\n\t\t\t\t<\/div>\n\t\t\t<\/div><!-- .gallery -->\n\n<p>Von vollst\u00e4ndig kundenspezifischen <a href=\"https:\/\/www.parrinst.com\/de\/products\/specialty-custom-systems\/combinatory-chemistry-high-throughput-screening\/\">Mehrfachreaktorsystemen f\u00fcr kombinatorische Chemie und Hochdruchsatz-Screening<\/a> bis zu komplettem <a href=\"https:\/\/www.parrinst.com\/de\/products\/multi-reactor-systems\/series-5000-multiple-reactor-system\/\">Mehrfachreaktorsystem der Serie 5000<\/a>, bietet Parr Mehrfachreaktorsysteme, die parallel, sequentiell oder in jeder beliebigen Kombination f\u00fcr die Hochdruchsatz-Forschung laufen k\u00f6nnen.<\/p>\n<p>Wir entwickeln und bauen Systeme, die Ihre Forschungsanforderungen nicht nur erf\u00fcllen, sondern weit \u00fcbertreffen.<\/p>\n<p><strong>Wir hoffen schon bald ein hochwertiges Laborsystem f\u00fcr Sie bauen zu d\u00fcrfen! \u00a0<\/strong><\/p>\n","protected":false},"excerpt":{"rendered":"<p>Von vollst\u00e4ndig kundenspezifischen Mehrfachreaktorsystemen f\u00fcr kombinatorische Chemie und Hochdruchsatz-Screening bis zu komplettem Mehrfachreaktorsystem der Serie 5000, bietet Parr Mehrfachreaktorsysteme, die parallel, sequentiell oder in jeder beliebigen Kombination f\u00fcr die Hochdruchsatz-Forschung laufen k\u00f6nnen. Wir entwickeln und bauen Systeme, die Ihre Forschungsanforderungen nicht nur erf\u00fcllen, sondern weit \u00fcbertreffen. Wir hoffen schon bald ein hochwertiges Laborsystem f\u00fcr Sie [&hellip;]<\/p>\n","protected":false},"author":2,"featured_media":36913,"parent":22,"menu_order":7,"comment_status":"closed","ping_status":"closed","template":"general-tabs.php","meta":{"_acf_changed":false,"footnotes":"","_links_to":"","_links_to_target":""},"class_list":["post-11596","page","type-page","status-publish","has-post-thumbnail","hentry"],"acf":[],"yoast_head":"<!-- This site is optimized with the Yoast SEO plugin v27.4 - https:\/\/yoast.com\/product\/yoast-seo-wordpress\/ -->\n<title>Mehrfachreaktorsysteme - Parr Instrument GmbH<\/title>\n<meta name=\"robots\" content=\"index, follow, max-snippet:-1, max-image-preview:large, max-video-preview:-1\" \/>\n<link rel=\"canonical\" href=\"https:\/\/www.parrinst.com\/de\/products\/multi-reactor-systems\/\" \/>\n<meta property=\"og:locale\" content=\"en_US\" \/>\n<meta property=\"og:type\" content=\"article\" \/>\n<meta property=\"og:title\" content=\"Mehrfachreaktorsysteme - Parr Instrument GmbH\" \/>\n<meta property=\"og:description\" content=\"Von vollst\u00e4ndig kundenspezifischen Mehrfachreaktorsystemen f\u00fcr kombinatorische Chemie und Hochdruchsatz-Screening bis zu komplettem Mehrfachreaktorsystem der Serie 5000, bietet Parr Mehrfachreaktorsysteme, die parallel, sequentiell oder in jeder beliebigen Kombination f\u00fcr die Hochdruchsatz-Forschung laufen k\u00f6nnen. Wir entwickeln und bauen Systeme, die Ihre Forschungsanforderungen nicht nur erf\u00fcllen, sondern weit \u00fcbertreffen. Wir hoffen schon bald ein hochwertiges Laborsystem f\u00fcr Sie [&hellip;]\" \/>\n<meta property=\"og:url\" content=\"https:\/\/www.parrinst.com\/de\/products\/multi-reactor-systems\/\" \/>\n<meta property=\"og:site_name\" content=\"Parr Instrument GmbH\" \/>\n<meta property=\"article:modified_time\" content=\"2021-09-10T20:15:20+00:00\" \/>\n<meta property=\"og:image\" content=\"https:\/\/www.parrinst.com\/de\/files\/2018\/01\/parr_banner_multi_secondary.jpg\" \/>\n\t<meta property=\"og:image:width\" content=\"2200\" \/>\n\t<meta property=\"og:image:height\" content=\"399\" \/>\n\t<meta property=\"og:image:type\" content=\"image\/jpeg\" \/>\n<meta name=\"twitter:card\" content=\"summary_large_image\" \/>\n<script type=\"application\/ld+json\" class=\"yoast-schema-graph\">{\"@context\":\"https:\\\/\\\/schema.org\",\"@graph\":[{\"@type\":\"WebPage\",\"@id\":\"https:\\\/\\\/www.parrinst.com\\\/de\\\/products\\\/multi-reactor-systems\\\/\",\"url\":\"https:\\\/\\\/www.parrinst.com\\\/de\\\/products\\\/multi-reactor-systems\\\/\",\"name\":\"Mehrfachreaktorsysteme - Parr Instrument GmbH\",\"isPartOf\":{\"@id\":\"https:\\\/\\\/www.parrinst.com\\\/de\\\/#website\"},\"primaryImageOfPage\":{\"@id\":\"https:\\\/\\\/www.parrinst.com\\\/de\\\/products\\\/multi-reactor-systems\\\/#primaryimage\"},\"image\":{\"@id\":\"https:\\\/\\\/www.parrinst.com\\\/de\\\/products\\\/multi-reactor-systems\\\/#primaryimage\"},\"thumbnailUrl\":\"https:\\\/\\\/i0.wp.com\\\/www.parrinst.com\\\/de\\\/wp-content\\\/uploads\\\/sites\\\/6\\\/2018\\\/01\\\/parr_banner_multi_secondary.jpg?fit=2200%2C399&ssl=1\",\"datePublished\":\"2015-10-12T16:40:04+00:00\",\"dateModified\":\"2021-09-10T20:15:20+00:00\",\"breadcrumb\":{\"@id\":\"https:\\\/\\\/www.parrinst.com\\\/de\\\/products\\\/multi-reactor-systems\\\/#breadcrumb\"},\"inLanguage\":\"en-US\",\"potentialAction\":[{\"@type\":\"ReadAction\",\"target\":[\"https:\\\/\\\/www.parrinst.com\\\/de\\\/products\\\/multi-reactor-systems\\\/\"]}]},{\"@type\":\"ImageObject\",\"inLanguage\":\"en-US\",\"@id\":\"https:\\\/\\\/www.parrinst.com\\\/de\\\/products\\\/multi-reactor-systems\\\/#primaryimage\",\"url\":\"https:\\\/\\\/i0.wp.com\\\/www.parrinst.com\\\/de\\\/wp-content\\\/uploads\\\/sites\\\/6\\\/2018\\\/01\\\/parr_banner_multi_secondary.jpg?fit=2200%2C399&ssl=1\",\"contentUrl\":\"https:\\\/\\\/i0.wp.com\\\/www.parrinst.com\\\/de\\\/wp-content\\\/uploads\\\/sites\\\/6\\\/2018\\\/01\\\/parr_banner_multi_secondary.jpg?fit=2200%2C399&ssl=1\",\"width\":2200,\"height\":399},{\"@type\":\"BreadcrumbList\",\"@id\":\"https:\\\/\\\/www.parrinst.com\\\/de\\\/products\\\/multi-reactor-systems\\\/#breadcrumb\",\"itemListElement\":[{\"@type\":\"ListItem\",\"position\":1,\"name\":\"Home\",\"item\":\"https:\\\/\\\/www.parrinst.com\\\/de\\\/\"},{\"@type\":\"ListItem\",\"position\":2,\"name\":\"Products\",\"item\":\"https:\\\/\\\/www.parrinst.com\\\/de\\\/products\\\/\"},{\"@type\":\"ListItem\",\"position\":3,\"name\":\"Mehrfachreaktorsysteme\"}]},{\"@type\":\"WebSite\",\"@id\":\"https:\\\/\\\/www.parrinst.com\\\/de\\\/#website\",\"url\":\"https:\\\/\\\/www.parrinst.com\\\/de\\\/\",\"name\":\"Parr Instrument GmbH\",\"description\":\"\",\"potentialAction\":[{\"@type\":\"SearchAction\",\"target\":{\"@type\":\"EntryPoint\",\"urlTemplate\":\"https:\\\/\\\/www.parrinst.com\\\/de\\\/?s={search_term_string}\"},\"query-input\":{\"@type\":\"PropertyValueSpecification\",\"valueRequired\":true,\"valueName\":\"search_term_string\"}}],\"inLanguage\":\"en-US\"}]}<\/script>\n<!-- \/ Yoast SEO plugin. -->","yoast_head_json":{"title":"Mehrfachreaktorsysteme - Parr Instrument GmbH","robots":{"index":"index","follow":"follow","max-snippet":"max-snippet:-1","max-image-preview":"max-image-preview:large","max-video-preview":"max-video-preview:-1"},"canonical":"https:\/\/www.parrinst.com\/de\/products\/multi-reactor-systems\/","og_locale":"en_US","og_type":"article","og_title":"Mehrfachreaktorsysteme - Parr Instrument GmbH","og_description":"Von vollst\u00e4ndig kundenspezifischen Mehrfachreaktorsystemen f\u00fcr kombinatorische Chemie und Hochdruchsatz-Screening bis zu komplettem Mehrfachreaktorsystem der Serie 5000, bietet Parr Mehrfachreaktorsysteme, die parallel, sequentiell oder in jeder beliebigen Kombination f\u00fcr die Hochdruchsatz-Forschung laufen k\u00f6nnen. Wir entwickeln und bauen Systeme, die Ihre Forschungsanforderungen nicht nur erf\u00fcllen, sondern weit \u00fcbertreffen. Wir hoffen schon bald ein hochwertiges Laborsystem f\u00fcr Sie [&hellip;]","og_url":"https:\/\/www.parrinst.com\/de\/products\/multi-reactor-systems\/","og_site_name":"Parr Instrument GmbH","article_modified_time":"2021-09-10T20:15:20+00:00","og_image":[{"width":2200,"height":399,"url":"https:\/\/www.parrinst.com\/de\/files\/2018\/01\/parr_banner_multi_secondary.jpg","type":"image\/jpeg"}],"twitter_card":"summary_large_image","schema":{"@context":"https:\/\/schema.org","@graph":[{"@type":"WebPage","@id":"https:\/\/www.parrinst.com\/de\/products\/multi-reactor-systems\/","url":"https:\/\/www.parrinst.com\/de\/products\/multi-reactor-systems\/","name":"Mehrfachreaktorsysteme - Parr Instrument GmbH","isPartOf":{"@id":"https:\/\/www.parrinst.com\/de\/#website"},"primaryImageOfPage":{"@id":"https:\/\/www.parrinst.com\/de\/products\/multi-reactor-systems\/#primaryimage"},"image":{"@id":"https:\/\/www.parrinst.com\/de\/products\/multi-reactor-systems\/#primaryimage"},"thumbnailUrl":"https:\/\/i0.wp.com\/www.parrinst.com\/de\/wp-content\/uploads\/sites\/6\/2018\/01\/parr_banner_multi_secondary.jpg?fit=2200%2C399&ssl=1","datePublished":"2015-10-12T16:40:04+00:00","dateModified":"2021-09-10T20:15:20+00:00","breadcrumb":{"@id":"https:\/\/www.parrinst.com\/de\/products\/multi-reactor-systems\/#breadcrumb"},"inLanguage":"en-US","potentialAction":[{"@type":"ReadAction","target":["https:\/\/www.parrinst.com\/de\/products\/multi-reactor-systems\/"]}]},{"@type":"ImageObject","inLanguage":"en-US","@id":"https:\/\/www.parrinst.com\/de\/products\/multi-reactor-systems\/#primaryimage","url":"https:\/\/i0.wp.com\/www.parrinst.com\/de\/wp-content\/uploads\/sites\/6\/2018\/01\/parr_banner_multi_secondary.jpg?fit=2200%2C399&ssl=1","contentUrl":"https:\/\/i0.wp.com\/www.parrinst.com\/de\/wp-content\/uploads\/sites\/6\/2018\/01\/parr_banner_multi_secondary.jpg?fit=2200%2C399&ssl=1","width":2200,"height":399},{"@type":"BreadcrumbList","@id":"https:\/\/www.parrinst.com\/de\/products\/multi-reactor-systems\/#breadcrumb","itemListElement":[{"@type":"ListItem","position":1,"name":"Home","item":"https:\/\/www.parrinst.com\/de\/"},{"@type":"ListItem","position":2,"name":"Products","item":"https:\/\/www.parrinst.com\/de\/products\/"},{"@type":"ListItem","position":3,"name":"Mehrfachreaktorsysteme"}]},{"@type":"WebSite","@id":"https:\/\/www.parrinst.com\/de\/#website","url":"https:\/\/www.parrinst.com\/de\/","name":"Parr Instrument GmbH","description":"","potentialAction":[{"@type":"SearchAction","target":{"@type":"EntryPoint","urlTemplate":"https:\/\/www.parrinst.com\/de\/?s={search_term_string}"},"query-input":{"@type":"PropertyValueSpecification","valueRequired":true,"valueName":"search_term_string"}}],"inLanguage":"en-US"}]}},"jetpack_sharing_enabled":true,"_links":{"self":[{"href":"https:\/\/www.parrinst.com\/de\/wp-json\/wp\/v2\/pages\/11596","targetHints":{"allow":["GET"]}}],"collection":[{"href":"https:\/\/www.parrinst.com\/de\/wp-json\/wp\/v2\/pages"}],"about":[{"href":"https:\/\/www.parrinst.com\/de\/wp-json\/wp\/v2\/types\/page"}],"author":[{"embeddable":true,"href":"https:\/\/www.parrinst.com\/de\/wp-json\/wp\/v2\/users\/2"}],"replies":[{"embeddable":true,"href":"https:\/\/www.parrinst.com\/de\/wp-json\/wp\/v2\/comments?post=11596"}],"version-history":[{"count":5,"href":"https:\/\/www.parrinst.com\/de\/wp-json\/wp\/v2\/pages\/11596\/revisions"}],"predecessor-version":[{"id":38838,"href":"https:\/\/www.parrinst.com\/de\/wp-json\/wp\/v2\/pages\/11596\/revisions\/38838"}],"up":[{"embeddable":true,"href":"https:\/\/www.parrinst.com\/de\/wp-json\/wp\/v2\/pages\/22"}],"wp:featuredmedia":[{"embeddable":true,"href":"https:\/\/www.parrinst.com\/de\/wp-json\/wp\/v2\/media\/36913"}],"wp:attachment":[{"href":"https:\/\/www.parrinst.com\/de\/wp-json\/wp\/v2\/media?parent=11596"}],"curies":[{"name":"wp","href":"https:\/\/api.w.org\/{rel}","templated":true}]}}