{"id":118,"date":"2011-03-10T13:13:30","date_gmt":"2011-03-10T19:13:30","guid":{"rendered":"https:\/\/www.parrinst.com\/?page_id=118"},"modified":"2024-10-04T11:27:35","modified_gmt":"2024-10-04T16:27:35","slug":"series-4590-micro-stirred-reactors","status":"publish","type":"page","link":"https:\/\/www.parrinst.com\/de\/products\/stirred-reactors\/series-4590-micro-stirred-reactors\/","title":{"rendered":"Serie 4590 ger\u00fchrte Mikroreaktoren, 25-100 ml"},"content":{"rendered":"\n\t\t\t<div id='118-1' class='gallery gallery-118 gallery-columns-3 gallery-size-medium' itemscope itemtype='http:\/\/schema.org\/ImageGallery'>\n\t\t\t\t<div class='gallery-row gallery-col-3 gallery-clear'>\n\t\t\t\t\t<figure class='gallery-item col-3' itemprop='associatedMedia' itemscope itemtype='http:\/\/schema.org\/ImageObject'>\n\t\t\t\t\t\t<div class='gallery-icon portrait'><a href=\"https:\/\/i0.wp.com\/www.parrinst.com\/de\/wp-content\/uploads\/sites\/6\/2018\/01\/4598_Micro-Reactor-System_571376PI2_4837DN_pi.jpg?ssl=1\" itemprop=\"contentURL\"><img loading=\"lazy\" decoding=\"async\" width=\"214\" height=\"300\" src=\"https:\/\/i0.wp.com\/www.parrinst.com\/de\/wp-content\/uploads\/sites\/6\/2018\/01\/4598_Micro-Reactor-System_571376PI2_4837DN_pi.jpg?fit=214%2C300&amp;ssl=1\" class=\"attachment-medium size-medium\" alt=\"4598 Mikroreactor, &quot;Fixed Head&quot;, 100ml, HP\/HT Beh\u00e4lter\" srcset=\"https:\/\/i0.wp.com\/www.parrinst.com\/de\/wp-content\/uploads\/sites\/6\/2018\/01\/4598_Micro-Reactor-System_571376PI2_4837DN_pi.jpg?w=600&amp;ssl=1 600w, https:\/\/i0.wp.com\/www.parrinst.com\/de\/wp-content\/uploads\/sites\/6\/2018\/01\/4598_Micro-Reactor-System_571376PI2_4837DN_pi.jpg?resize=107%2C150&amp;ssl=1 107w, https:\/\/i0.wp.com\/www.parrinst.com\/de\/wp-content\/uploads\/sites\/6\/2018\/01\/4598_Micro-Reactor-System_571376PI2_4837DN_pi.jpg?resize=214%2C300&amp;ssl=1 214w\" sizes=\"auto, (max-width: 214px) 100vw, 214px\" itemprop=\"thumbnail\" \/><\/a><\/div>\n\t\t\t\t\t<\/figure>\n\t\t\t\t\t<figure class='gallery-item col-3' itemprop='associatedMedia' itemscope itemtype='http:\/\/schema.org\/ImageObject'>\n\t\t\t\t\t\t<div class='gallery-icon portrait'><a href=\"https:\/\/i0.wp.com\/www.parrinst.com\/de\/wp-content\/uploads\/sites\/6\/2011\/03\/4597_HPHT-Stirred-Reactor.jpg?ssl=1\" itemprop=\"contentURL\"><img loading=\"lazy\" decoding=\"async\" width=\"214\" height=\"300\" src=\"https:\/\/i0.wp.com\/www.parrinst.com\/de\/wp-content\/uploads\/sites\/6\/2011\/03\/4597_HPHT-Stirred-Reactor.jpg?fit=214%2C300&amp;ssl=1\" class=\"attachment-medium size-medium\" alt=\"Modell 4598, 100ml HP\/HT ger\u00fchrter Beh\u00e4lter\" srcset=\"https:\/\/i0.wp.com\/www.parrinst.com\/de\/wp-content\/uploads\/sites\/6\/2011\/03\/4597_HPHT-Stirred-Reactor.jpg?w=600&amp;ssl=1 600w, https:\/\/i0.wp.com\/www.parrinst.com\/de\/wp-content\/uploads\/sites\/6\/2011\/03\/4597_HPHT-Stirred-Reactor.jpg?resize=107%2C150&amp;ssl=1 107w, https:\/\/i0.wp.com\/www.parrinst.com\/de\/wp-content\/uploads\/sites\/6\/2011\/03\/4597_HPHT-Stirred-Reactor.jpg?resize=214%2C300&amp;ssl=1 214w\" sizes=\"auto, (max-width: 214px) 100vw, 214px\" itemprop=\"thumbnail\" \/><\/a><\/div>\n\t\t\t\t\t<\/figure>\n\t\t\t<\/div>\n\t\t\t<\/div><!-- .gallery -->\n\n<p>Dies sind Parrs kleinste einzelne R\u00fchrreaktoren. Kleinere Beh\u00e4ltergr\u00f6\u00dfen sind in unserem Micro Batch-System der Serie 2500 erh\u00e4ltlich, das drei Reaktoren in Volumina von 5 ml oder 10 ml umfasst. Sie sind die erste Wahl f\u00fcr Chemiker, die mit sehr teuren oder nur in geringen Mengen verf\u00fcgbaren Materialien arbeiten. Sie bieten sich auch allen Nutzern an, die m\u00f6gliche Risiken im Umgang mit gef\u00e4hrlichen Stoffen oder Reaktionen minimieren wollen, indem sie die Mengen an Edukten und Produkten auf ein Minimum reduzieren. Die Verwendung dieser kleinen Reaktoren hilft auch, die Menge der Abfallprodukte, die einer speziellen Entsorgung zugef\u00fchrt werden m\u00fcssen, zu verringern. Die 4590 Systeme sind nun auch in einer Hochdruckvariante (5000psi \/ 345 bar) oder in einer Hochdruck-\/Hochtemperatur Variante f\u00fcr bis zu 500\u00b0C erh\u00e4ltlich.<\/p>\n<p>Diese Mikroreaktoren wurden so konzipiert, dass sie trotz begrenzter Platzverh\u00e4ltnisse so viele Funktionen und Vorteile der gr\u00f6\u00dferen Druckbeh\u00e4lter bieten k\u00f6nnen. Alle \u00fcblichen Kopfanschl\u00fcsse sind vorhanden. Die optionale K\u00fchlung kann bei dieser Gr\u00f6\u00dfe \u00fcber einen Aluminiumheizblock mit K\u00fchlm\u00f6glichkeit, einem aufgeschwei\u00dften Doppelmantel oder einem K\u00fchlfinger erzielt werden.<\/p>\n<p><strong>Diese Systeme sind sowohl in der \u201eFixed Head\u201c als auch in der \u201eMoveable Head\u201c Ausf\u00fchrung erh\u00e4ltlich<\/strong> und bieten die Wahl zwischen einem selbstabdichtenden O-Ring f\u00fcr Temperaturen bis 225\u00b0C, einem O-Ring aus FFKM bis 275\u00b0C oder einer Flachdichtung aus PTFE f\u00fcr Temperaturen bis 350\u00b0C. Weiterhin ist auch eine flexible Grafitflachdichtung f\u00fcr Temperaturen bis 500\u00b0C in der Hochdruck\/Hochtemperatur-Option erh\u00e4ltlich (ausschlie\u00dflich f\u00fcr Fixed Head Versionen).<\/p>\n<p>Die Beh\u00e4lter in allen drei Gr\u00f6\u00dfen nutzen Keramikfaser-Heizungen.<\/p>\n<p><strong>Alle Reaktoren dieser Serie k\u00f6nnen leicht von einer Gr\u00f6\u00dfe auf eine andere umger\u00fcstet werden.<\/strong> Dies geschieht durch einfaches Austauschen des Zylinders und der inneren Einbauten. Der Reaktorstand kann auch auf alle Druckbeh\u00e4lter der Minireaktorserie 4560 angepasst werden. Die M\u00f6glichkeit zur Modifizierung dieser kleinen Reaktoren ist jedoch wegen des begrenzten Raumes im Beh\u00e4lterkopf eingeschr\u00e4nkt.<\/p>\n","protected":false},"excerpt":{"rendered":"<p>Dies sind Parrs kleinste einzelne R\u00fchrreaktoren. Kleinere Beh\u00e4ltergr\u00f6\u00dfen sind in unserem Micro Batch-System der Serie 2500 erh\u00e4ltlich, das drei Reaktoren in Volumina von 5 ml oder 10 ml umfasst. Sie sind die erste Wahl f\u00fcr Chemiker, die mit sehr teuren oder nur in geringen Mengen verf\u00fcgbaren Materialien arbeiten. Sie bieten sich auch allen Nutzern an, [&hellip;]<\/p>\n","protected":false},"author":1,"featured_media":36873,"parent":47,"menu_order":8,"comment_status":"closed","ping_status":"closed","template":"product-wide-strirred-filter.php","meta":{"_acf_changed":false,"footnotes":"","_links_to":"","_links_to_target":""},"class_list":["post-118","page","type-page","status-publish","has-post-thumbnail","hentry"],"acf":[],"yoast_head":"<!-- This site is optimized with the Yoast SEO plugin v27.4 - https:\/\/yoast.com\/product\/yoast-seo-wordpress\/ -->\n<title>Serie 4590 ger\u00fchrte Mikroreaktoren, 25-100 ml - Parr Instrument GmbH<\/title>\n<meta name=\"robots\" content=\"index, follow, max-snippet:-1, max-image-preview:large, max-video-preview:-1\" \/>\n<link rel=\"canonical\" href=\"https:\/\/www.parrinst.com\/de\/products\/stirred-reactors\/series-4590-micro-stirred-reactors\/\" \/>\n<meta property=\"og:locale\" content=\"en_US\" \/>\n<meta property=\"og:type\" content=\"article\" \/>\n<meta property=\"og:title\" content=\"Serie 4590 ger\u00fchrte Mikroreaktoren, 25-100 ml - Parr Instrument GmbH\" \/>\n<meta property=\"og:description\" content=\"Dies sind Parrs kleinste einzelne R\u00fchrreaktoren. Kleinere Beh\u00e4ltergr\u00f6\u00dfen sind in unserem Micro Batch-System der Serie 2500 erh\u00e4ltlich, das drei Reaktoren in Volumina von 5 ml oder 10 ml umfasst. Sie sind die erste Wahl f\u00fcr Chemiker, die mit sehr teuren oder nur in geringen Mengen verf\u00fcgbaren Materialien arbeiten. Sie bieten sich auch allen Nutzern an, [&hellip;]\" \/>\n<meta property=\"og:url\" content=\"https:\/\/www.parrinst.com\/de\/products\/stirred-reactors\/series-4590-micro-stirred-reactors\/\" \/>\n<meta property=\"og:site_name\" content=\"Parr Instrument GmbH\" \/>\n<meta property=\"article:modified_time\" content=\"2024-10-04T16:27:35+00:00\" \/>\n<meta property=\"og:image\" content=\"https:\/\/www.parrinst.com\/de\/files\/2017\/12\/parr_banner_stirred3_secondary.jpg\" \/>\n\t<meta property=\"og:image:width\" content=\"2200\" \/>\n\t<meta property=\"og:image:height\" content=\"399\" \/>\n\t<meta property=\"og:image:type\" content=\"image\/jpeg\" \/>\n<meta name=\"twitter:card\" content=\"summary_large_image\" \/>\n<meta name=\"twitter:label1\" content=\"Est. reading time\" \/>\n\t<meta name=\"twitter:data1\" content=\"2 minutes\" \/>\n<script type=\"application\/ld+json\" class=\"yoast-schema-graph\">{\"@context\":\"https:\\\/\\\/schema.org\",\"@graph\":[{\"@type\":\"WebPage\",\"@id\":\"https:\\\/\\\/www.parrinst.com\\\/de\\\/products\\\/stirred-reactors\\\/series-4590-micro-stirred-reactors\\\/\",\"url\":\"https:\\\/\\\/www.parrinst.com\\\/de\\\/products\\\/stirred-reactors\\\/series-4590-micro-stirred-reactors\\\/\",\"name\":\"Serie 4590 ger\u00fchrte Mikroreaktoren, 25-100 ml - Parr Instrument GmbH\",\"isPartOf\":{\"@id\":\"https:\\\/\\\/www.parrinst.com\\\/de\\\/#website\"},\"primaryImageOfPage\":{\"@id\":\"https:\\\/\\\/www.parrinst.com\\\/de\\\/products\\\/stirred-reactors\\\/series-4590-micro-stirred-reactors\\\/#primaryimage\"},\"image\":{\"@id\":\"https:\\\/\\\/www.parrinst.com\\\/de\\\/products\\\/stirred-reactors\\\/series-4590-micro-stirred-reactors\\\/#primaryimage\"},\"thumbnailUrl\":\"https:\\\/\\\/i0.wp.com\\\/www.parrinst.com\\\/de\\\/wp-content\\\/uploads\\\/sites\\\/6\\\/2017\\\/12\\\/parr_banner_stirred3_secondary.jpg?fit=2200%2C399&ssl=1\",\"datePublished\":\"2011-03-10T19:13:30+00:00\",\"dateModified\":\"2024-10-04T16:27:35+00:00\",\"breadcrumb\":{\"@id\":\"https:\\\/\\\/www.parrinst.com\\\/de\\\/products\\\/stirred-reactors\\\/series-4590-micro-stirred-reactors\\\/#breadcrumb\"},\"inLanguage\":\"en-US\",\"potentialAction\":[{\"@type\":\"ReadAction\",\"target\":[\"https:\\\/\\\/www.parrinst.com\\\/de\\\/products\\\/stirred-reactors\\\/series-4590-micro-stirred-reactors\\\/\"]}]},{\"@type\":\"ImageObject\",\"inLanguage\":\"en-US\",\"@id\":\"https:\\\/\\\/www.parrinst.com\\\/de\\\/products\\\/stirred-reactors\\\/series-4590-micro-stirred-reactors\\\/#primaryimage\",\"url\":\"https:\\\/\\\/i0.wp.com\\\/www.parrinst.com\\\/de\\\/wp-content\\\/uploads\\\/sites\\\/6\\\/2017\\\/12\\\/parr_banner_stirred3_secondary.jpg?fit=2200%2C399&ssl=1\",\"contentUrl\":\"https:\\\/\\\/i0.wp.com\\\/www.parrinst.com\\\/de\\\/wp-content\\\/uploads\\\/sites\\\/6\\\/2017\\\/12\\\/parr_banner_stirred3_secondary.jpg?fit=2200%2C399&ssl=1\",\"width\":2200,\"height\":399},{\"@type\":\"BreadcrumbList\",\"@id\":\"https:\\\/\\\/www.parrinst.com\\\/de\\\/products\\\/stirred-reactors\\\/series-4590-micro-stirred-reactors\\\/#breadcrumb\",\"itemListElement\":[{\"@type\":\"ListItem\",\"position\":1,\"name\":\"Home\",\"item\":\"https:\\\/\\\/www.parrinst.com\\\/de\\\/\"},{\"@type\":\"ListItem\",\"position\":2,\"name\":\"Products\",\"item\":\"https:\\\/\\\/www.parrinst.com\\\/de\\\/products\\\/\"},{\"@type\":\"ListItem\",\"position\":3,\"name\":\"Ger\u00fchrte Reaktoren\",\"item\":\"https:\\\/\\\/www.parrinst.com\\\/de\\\/products\\\/stirred-reactors\\\/\"},{\"@type\":\"ListItem\",\"position\":4,\"name\":\"Serie 4590 ger\u00fchrte Mikroreaktoren, 25-100 ml\"}]},{\"@type\":\"WebSite\",\"@id\":\"https:\\\/\\\/www.parrinst.com\\\/de\\\/#website\",\"url\":\"https:\\\/\\\/www.parrinst.com\\\/de\\\/\",\"name\":\"Parr Instrument GmbH\",\"description\":\"\",\"potentialAction\":[{\"@type\":\"SearchAction\",\"target\":{\"@type\":\"EntryPoint\",\"urlTemplate\":\"https:\\\/\\\/www.parrinst.com\\\/de\\\/?s={search_term_string}\"},\"query-input\":{\"@type\":\"PropertyValueSpecification\",\"valueRequired\":true,\"valueName\":\"search_term_string\"}}],\"inLanguage\":\"en-US\"}]}<\/script>\n<!-- \/ Yoast SEO plugin. -->","yoast_head_json":{"title":"Serie 4590 ger\u00fchrte Mikroreaktoren, 25-100 ml - Parr Instrument GmbH","robots":{"index":"index","follow":"follow","max-snippet":"max-snippet:-1","max-image-preview":"max-image-preview:large","max-video-preview":"max-video-preview:-1"},"canonical":"https:\/\/www.parrinst.com\/de\/products\/stirred-reactors\/series-4590-micro-stirred-reactors\/","og_locale":"en_US","og_type":"article","og_title":"Serie 4590 ger\u00fchrte Mikroreaktoren, 25-100 ml - Parr Instrument GmbH","og_description":"Dies sind Parrs kleinste einzelne R\u00fchrreaktoren. Kleinere Beh\u00e4ltergr\u00f6\u00dfen sind in unserem Micro Batch-System der Serie 2500 erh\u00e4ltlich, das drei Reaktoren in Volumina von 5 ml oder 10 ml umfasst. Sie sind die erste Wahl f\u00fcr Chemiker, die mit sehr teuren oder nur in geringen Mengen verf\u00fcgbaren Materialien arbeiten. Sie bieten sich auch allen Nutzern an, [&hellip;]","og_url":"https:\/\/www.parrinst.com\/de\/products\/stirred-reactors\/series-4590-micro-stirred-reactors\/","og_site_name":"Parr Instrument GmbH","article_modified_time":"2024-10-04T16:27:35+00:00","og_image":[{"width":2200,"height":399,"url":"https:\/\/www.parrinst.com\/de\/files\/2017\/12\/parr_banner_stirred3_secondary.jpg","type":"image\/jpeg"}],"twitter_card":"summary_large_image","twitter_misc":{"Est. reading time":"2 minutes"},"schema":{"@context":"https:\/\/schema.org","@graph":[{"@type":"WebPage","@id":"https:\/\/www.parrinst.com\/de\/products\/stirred-reactors\/series-4590-micro-stirred-reactors\/","url":"https:\/\/www.parrinst.com\/de\/products\/stirred-reactors\/series-4590-micro-stirred-reactors\/","name":"Serie 4590 ger\u00fchrte Mikroreaktoren, 25-100 ml - Parr Instrument GmbH","isPartOf":{"@id":"https:\/\/www.parrinst.com\/de\/#website"},"primaryImageOfPage":{"@id":"https:\/\/www.parrinst.com\/de\/products\/stirred-reactors\/series-4590-micro-stirred-reactors\/#primaryimage"},"image":{"@id":"https:\/\/www.parrinst.com\/de\/products\/stirred-reactors\/series-4590-micro-stirred-reactors\/#primaryimage"},"thumbnailUrl":"https:\/\/i0.wp.com\/www.parrinst.com\/de\/wp-content\/uploads\/sites\/6\/2017\/12\/parr_banner_stirred3_secondary.jpg?fit=2200%2C399&ssl=1","datePublished":"2011-03-10T19:13:30+00:00","dateModified":"2024-10-04T16:27:35+00:00","breadcrumb":{"@id":"https:\/\/www.parrinst.com\/de\/products\/stirred-reactors\/series-4590-micro-stirred-reactors\/#breadcrumb"},"inLanguage":"en-US","potentialAction":[{"@type":"ReadAction","target":["https:\/\/www.parrinst.com\/de\/products\/stirred-reactors\/series-4590-micro-stirred-reactors\/"]}]},{"@type":"ImageObject","inLanguage":"en-US","@id":"https:\/\/www.parrinst.com\/de\/products\/stirred-reactors\/series-4590-micro-stirred-reactors\/#primaryimage","url":"https:\/\/i0.wp.com\/www.parrinst.com\/de\/wp-content\/uploads\/sites\/6\/2017\/12\/parr_banner_stirred3_secondary.jpg?fit=2200%2C399&ssl=1","contentUrl":"https:\/\/i0.wp.com\/www.parrinst.com\/de\/wp-content\/uploads\/sites\/6\/2017\/12\/parr_banner_stirred3_secondary.jpg?fit=2200%2C399&ssl=1","width":2200,"height":399},{"@type":"BreadcrumbList","@id":"https:\/\/www.parrinst.com\/de\/products\/stirred-reactors\/series-4590-micro-stirred-reactors\/#breadcrumb","itemListElement":[{"@type":"ListItem","position":1,"name":"Home","item":"https:\/\/www.parrinst.com\/de\/"},{"@type":"ListItem","position":2,"name":"Products","item":"https:\/\/www.parrinst.com\/de\/products\/"},{"@type":"ListItem","position":3,"name":"Ger\u00fchrte Reaktoren","item":"https:\/\/www.parrinst.com\/de\/products\/stirred-reactors\/"},{"@type":"ListItem","position":4,"name":"Serie 4590 ger\u00fchrte Mikroreaktoren, 25-100 ml"}]},{"@type":"WebSite","@id":"https:\/\/www.parrinst.com\/de\/#website","url":"https:\/\/www.parrinst.com\/de\/","name":"Parr Instrument GmbH","description":"","potentialAction":[{"@type":"SearchAction","target":{"@type":"EntryPoint","urlTemplate":"https:\/\/www.parrinst.com\/de\/?s={search_term_string}"},"query-input":{"@type":"PropertyValueSpecification","valueRequired":true,"valueName":"search_term_string"}}],"inLanguage":"en-US"}]}},"jetpack_sharing_enabled":true,"_links":{"self":[{"href":"https:\/\/www.parrinst.com\/de\/wp-json\/wp\/v2\/pages\/118","targetHints":{"allow":["GET"]}}],"collection":[{"href":"https:\/\/www.parrinst.com\/de\/wp-json\/wp\/v2\/pages"}],"about":[{"href":"https:\/\/www.parrinst.com\/de\/wp-json\/wp\/v2\/types\/page"}],"author":[{"embeddable":true,"href":"https:\/\/www.parrinst.com\/de\/wp-json\/wp\/v2\/users\/1"}],"replies":[{"embeddable":true,"href":"https:\/\/www.parrinst.com\/de\/wp-json\/wp\/v2\/comments?post=118"}],"version-history":[{"count":8,"href":"https:\/\/www.parrinst.com\/de\/wp-json\/wp\/v2\/pages\/118\/revisions"}],"predecessor-version":[{"id":40393,"href":"https:\/\/www.parrinst.com\/de\/wp-json\/wp\/v2\/pages\/118\/revisions\/40393"}],"up":[{"embeddable":true,"href":"https:\/\/www.parrinst.com\/de\/wp-json\/wp\/v2\/pages\/47"}],"wp:featuredmedia":[{"embeddable":true,"href":"https:\/\/www.parrinst.com\/de\/wp-json\/wp\/v2\/media\/36873"}],"wp:attachment":[{"href":"https:\/\/www.parrinst.com\/de\/wp-json\/wp\/v2\/media?parent=118"}],"curies":[{"name":"wp","href":"https:\/\/api.w.org\/{rel}","templated":true}]}}