{"id":11886,"date":"2015-12-29T22:00:41","date_gmt":"2015-12-29T21:00:41","guid":{"rendered":"https:\/\/www.parrinst.com\/de\/?page_id=11886"},"modified":"2018-07-18T22:25:27","modified_gmt":"2018-07-18T20:25:27","slug":"four-reactor-parallel-system","status":"publish","type":"page","link":"https:\/\/www.parrinst.com\/de\/products\/multi-reactor-systems\/four-reactor-parallel-system\/","title":{"rendered":"Parallelsystem von vier Reaktoren"},"content":{"rendered":"<table class=\"nostyle\">\n<tbody>\n<tr>\n<td>\n<figure id=\"attachment_11925\" aria-describedby=\"caption-attachment-11925\" style=\"width: 248px\" class=\"wp-caption alignright\"><a href=\"https:\/\/i0.wp.com\/www.parrinst.com\/de\/wp-content\/uploads\/sites\/6\/2011\/03\/Multi-Reactor_915037PI2_3808.jpg?ssl=1\"><img data-recalc-dims=\"1\" loading=\"lazy\" decoding=\"async\" class=\"wp-image-11925 size-medium\" src=\"https:\/\/i0.wp.com\/www.parrinst.com\/de\/wp-content\/uploads\/sites\/6\/2011\/03\/Multi-Reactor_915037PI2_3808.jpg?resize=248%2C300&#038;ssl=1\" alt=\"Parallelsystem von vier Reaktoren\" width=\"248\" height=\"300\" srcset=\"https:\/\/i0.wp.com\/www.parrinst.com\/de\/wp-content\/uploads\/sites\/6\/2011\/03\/Multi-Reactor_915037PI2_3808.jpg?resize=248%2C300&amp;ssl=1 248w, https:\/\/i0.wp.com\/www.parrinst.com\/de\/wp-content\/uploads\/sites\/6\/2011\/03\/Multi-Reactor_915037PI2_3808.jpg?resize=124%2C150&amp;ssl=1 124w, https:\/\/i0.wp.com\/www.parrinst.com\/de\/wp-content\/uploads\/sites\/6\/2011\/03\/Multi-Reactor_915037PI2_3808.jpg?w=600&amp;ssl=1 600w\" sizes=\"auto, (max-width: 248px) 100vw, 248px\" \/><\/a><figcaption id=\"caption-attachment-11925\" class=\"wp-caption-text\">Parallelsystem von vier Reaktoren<\/figcaption><\/figure>\n<p>Dieses Sytem besteht aus drei 160 ml und einem 450 ml Reaktoren der Serie 4560, die f\u00fcr 200 bar (3000 psi) bei 350 \u00b0C ausgelegt sind. Diese Konfiguration erm\u00f6glicht nach Bedarf sowohl Hochdurchsatz-Screening, als auch Skalierung. Das System beinhaltet die Gasspeisung und Ventilation\/Absaugung sowie den Druckregler f\u00fcr den gr\u00f6\u00dferen Reaktor. Reaktortemperaturen und R\u00fchrgeschwindigkeiten werden mittels vier 4848 Reaktorcontroller gesteuert (nicht abgebildet).<\/td>\n<\/tr>\n<tr>\n<td>\n<hr \/>\n<figure id=\"attachment_38830\" aria-describedby=\"caption-attachment-38830\" style=\"width: 300px\" class=\"wp-caption alignright\"><a href=\"https:\/\/i0.wp.com\/www.parrinst.com\/de\/wp-content\/uploads\/sites\/6\/2018\/07\/Multi-Reactor_916931-PI2_8755.jpg?ssl=1\"><img data-recalc-dims=\"1\" loading=\"lazy\" decoding=\"async\" class=\"wp-image-38830 size-medium\" src=\"https:\/\/i0.wp.com\/www.parrinst.com\/de\/wp-content\/uploads\/sites\/6\/2018\/07\/Multi-Reactor_916931-PI2_8755.jpg?resize=300%2C279&#038;ssl=1\" alt=\"Parallelsystem von vier Reaktoren\" width=\"300\" height=\"279\" srcset=\"https:\/\/i0.wp.com\/www.parrinst.com\/de\/wp-content\/uploads\/sites\/6\/2018\/07\/Multi-Reactor_916931-PI2_8755.jpg?resize=300%2C279&amp;ssl=1 300w, https:\/\/i0.wp.com\/www.parrinst.com\/de\/wp-content\/uploads\/sites\/6\/2018\/07\/Multi-Reactor_916931-PI2_8755.jpg?resize=161%2C150&amp;ssl=1 161w, https:\/\/i0.wp.com\/www.parrinst.com\/de\/wp-content\/uploads\/sites\/6\/2018\/07\/Multi-Reactor_916931-PI2_8755.jpg?w=600&amp;ssl=1 600w\" sizes=\"auto, (max-width: 300px) 100vw, 300px\" \/><\/a><figcaption id=\"caption-attachment-38830\" class=\"wp-caption-text\">Parallelsystem von vier Reaktoren<\/figcaption><\/figure>\n<p>This system combines four 160 mL, 4560 Series Mini Bench Top Reactors dual rated for 2900 psi (200 bar) at up to 350 \u00b0C and 2000 psi (137 bar) @ 500\u00b0C. This multiple reactor system was designed for hydrogenation testing in the petroleum industry and includes individually controlled gas feed lines, a liquid pump to sequentially fill the reactors, and an automated vent system. Manifolds for gas supply &amp; vent, as well as cooling water supply and drain are also included. Independent temperature and motor control for each reactor is provided by a 4871 Process Controller (not shown).<\/td>\n<\/tr>\n<\/tbody>\n<\/table>\n","protected":false},"excerpt":{"rendered":"<p>Dieses Sytem besteht aus drei 160 ml und einem 450 ml Reaktoren der Serie 4560, die f\u00fcr 200 bar (3000 psi) bei 350 \u00b0C ausgelegt sind. Diese Konfiguration erm\u00f6glicht nach Bedarf sowohl Hochdurchsatz-Screening, als auch Skalierung. Das System beinhaltet die Gasspeisung und Ventilation\/Absaugung sowie den Druckregler f\u00fcr den gr\u00f6\u00dferen Reaktor. Reaktortemperaturen und R\u00fchrgeschwindigkeiten werden mittels [&hellip;]<\/p>\n","protected":false},"author":12,"featured_media":36913,"parent":11596,"menu_order":4,"comment_status":"closed","ping_status":"closed","template":"product-narrow.php","meta":{"_acf_changed":false,"footnotes":"","_links_to":"","_links_to_target":""},"class_list":["post-11886","page","type-page","status-publish","has-post-thumbnail","hentry"],"acf":[],"yoast_head":"<!-- This site is optimized with the Yoast SEO plugin v27.5 - https:\/\/yoast.com\/product\/yoast-seo-wordpress\/ -->\n<title>Parallelsystem von vier Reaktoren - Parr Instrument GmbH<\/title>\n<meta name=\"robots\" content=\"index, follow, max-snippet:-1, max-image-preview:large, max-video-preview:-1\" \/>\n<link rel=\"canonical\" href=\"https:\/\/www.parrinst.com\/de\/products\/multi-reactor-systems\/four-reactor-parallel-system\/\" \/>\n<meta property=\"og:locale\" content=\"en_US\" \/>\n<meta property=\"og:type\" content=\"article\" \/>\n<meta property=\"og:title\" content=\"Parallelsystem von vier Reaktoren - Parr Instrument GmbH\" \/>\n<meta property=\"og:description\" content=\"Dieses Sytem besteht aus drei 160 ml und einem 450 ml Reaktoren der Serie 4560, die f\u00fcr 200 bar (3000 psi) bei 350 \u00b0C ausgelegt sind. Diese Konfiguration erm\u00f6glicht nach Bedarf sowohl Hochdurchsatz-Screening, als auch Skalierung. Das System beinhaltet die Gasspeisung und Ventilation\/Absaugung sowie den Druckregler f\u00fcr den gr\u00f6\u00dferen Reaktor. Reaktortemperaturen und R\u00fchrgeschwindigkeiten werden mittels [&hellip;]\" \/>\n<meta property=\"og:url\" content=\"https:\/\/www.parrinst.com\/de\/products\/multi-reactor-systems\/four-reactor-parallel-system\/\" \/>\n<meta property=\"og:site_name\" content=\"Parr Instrument GmbH\" \/>\n<meta property=\"article:modified_time\" content=\"2018-07-18T20:25:27+00:00\" \/>\n<meta property=\"og:image\" content=\"https:\/\/www.parrinst.com\/de\/files\/2018\/01\/parr_banner_multi_secondary.jpg\" \/>\n\t<meta property=\"og:image:width\" content=\"2200\" \/>\n\t<meta property=\"og:image:height\" content=\"399\" \/>\n\t<meta property=\"og:image:type\" content=\"image\/jpeg\" \/>\n<meta name=\"twitter:card\" content=\"summary_large_image\" \/>\n<meta name=\"twitter:label1\" content=\"Est. reading time\" \/>\n\t<meta name=\"twitter:data1\" content=\"1 minute\" \/>\n<script type=\"application\/ld+json\" class=\"yoast-schema-graph\">{\"@context\":\"https:\\\/\\\/schema.org\",\"@graph\":[{\"@type\":\"WebPage\",\"@id\":\"https:\\\/\\\/www.parrinst.com\\\/de\\\/products\\\/multi-reactor-systems\\\/four-reactor-parallel-system\\\/\",\"url\":\"https:\\\/\\\/www.parrinst.com\\\/de\\\/products\\\/multi-reactor-systems\\\/four-reactor-parallel-system\\\/\",\"name\":\"Parallelsystem von vier Reaktoren - Parr Instrument GmbH\",\"isPartOf\":{\"@id\":\"https:\\\/\\\/www.parrinst.com\\\/de\\\/#website\"},\"primaryImageOfPage\":{\"@id\":\"https:\\\/\\\/www.parrinst.com\\\/de\\\/products\\\/multi-reactor-systems\\\/four-reactor-parallel-system\\\/#primaryimage\"},\"image\":{\"@id\":\"https:\\\/\\\/www.parrinst.com\\\/de\\\/products\\\/multi-reactor-systems\\\/four-reactor-parallel-system\\\/#primaryimage\"},\"thumbnailUrl\":\"https:\\\/\\\/i0.wp.com\\\/www.parrinst.com\\\/de\\\/wp-content\\\/uploads\\\/sites\\\/6\\\/2018\\\/01\\\/parr_banner_multi_secondary.jpg?fit=2200%2C399&ssl=1\",\"datePublished\":\"2015-12-29T21:00:41+00:00\",\"dateModified\":\"2018-07-18T20:25:27+00:00\",\"breadcrumb\":{\"@id\":\"https:\\\/\\\/www.parrinst.com\\\/de\\\/products\\\/multi-reactor-systems\\\/four-reactor-parallel-system\\\/#breadcrumb\"},\"inLanguage\":\"en-US\",\"potentialAction\":[{\"@type\":\"ReadAction\",\"target\":[\"https:\\\/\\\/www.parrinst.com\\\/de\\\/products\\\/multi-reactor-systems\\\/four-reactor-parallel-system\\\/\"]}]},{\"@type\":\"ImageObject\",\"inLanguage\":\"en-US\",\"@id\":\"https:\\\/\\\/www.parrinst.com\\\/de\\\/products\\\/multi-reactor-systems\\\/four-reactor-parallel-system\\\/#primaryimage\",\"url\":\"https:\\\/\\\/i0.wp.com\\\/www.parrinst.com\\\/de\\\/wp-content\\\/uploads\\\/sites\\\/6\\\/2018\\\/01\\\/parr_banner_multi_secondary.jpg?fit=2200%2C399&ssl=1\",\"contentUrl\":\"https:\\\/\\\/i0.wp.com\\\/www.parrinst.com\\\/de\\\/wp-content\\\/uploads\\\/sites\\\/6\\\/2018\\\/01\\\/parr_banner_multi_secondary.jpg?fit=2200%2C399&ssl=1\",\"width\":2200,\"height\":399},{\"@type\":\"BreadcrumbList\",\"@id\":\"https:\\\/\\\/www.parrinst.com\\\/de\\\/products\\\/multi-reactor-systems\\\/four-reactor-parallel-system\\\/#breadcrumb\",\"itemListElement\":[{\"@type\":\"ListItem\",\"position\":1,\"name\":\"Home\",\"item\":\"https:\\\/\\\/www.parrinst.com\\\/de\\\/\"},{\"@type\":\"ListItem\",\"position\":2,\"name\":\"Products\",\"item\":\"https:\\\/\\\/www.parrinst.com\\\/de\\\/products\\\/\"},{\"@type\":\"ListItem\",\"position\":3,\"name\":\"Mehrfachreaktorsysteme\",\"item\":\"https:\\\/\\\/www.parrinst.com\\\/de\\\/products\\\/multi-reactor-systems\\\/\"},{\"@type\":\"ListItem\",\"position\":4,\"name\":\"Parallelsystem von vier Reaktoren\"}]},{\"@type\":\"WebSite\",\"@id\":\"https:\\\/\\\/www.parrinst.com\\\/de\\\/#website\",\"url\":\"https:\\\/\\\/www.parrinst.com\\\/de\\\/\",\"name\":\"Parr Instrument GmbH\",\"description\":\"\",\"potentialAction\":[{\"@type\":\"SearchAction\",\"target\":{\"@type\":\"EntryPoint\",\"urlTemplate\":\"https:\\\/\\\/www.parrinst.com\\\/de\\\/?s={search_term_string}\"},\"query-input\":{\"@type\":\"PropertyValueSpecification\",\"valueRequired\":true,\"valueName\":\"search_term_string\"}}],\"inLanguage\":\"en-US\"}]}<\/script>\n<!-- \/ Yoast SEO plugin. -->","yoast_head_json":{"title":"Parallelsystem von vier Reaktoren - Parr Instrument GmbH","robots":{"index":"index","follow":"follow","max-snippet":"max-snippet:-1","max-image-preview":"max-image-preview:large","max-video-preview":"max-video-preview:-1"},"canonical":"https:\/\/www.parrinst.com\/de\/products\/multi-reactor-systems\/four-reactor-parallel-system\/","og_locale":"en_US","og_type":"article","og_title":"Parallelsystem von vier Reaktoren - Parr Instrument GmbH","og_description":"Dieses Sytem besteht aus drei 160 ml und einem 450 ml Reaktoren der Serie 4560, die f\u00fcr 200 bar (3000 psi) bei 350 \u00b0C ausgelegt sind. Diese Konfiguration erm\u00f6glicht nach Bedarf sowohl Hochdurchsatz-Screening, als auch Skalierung. Das System beinhaltet die Gasspeisung und Ventilation\/Absaugung sowie den Druckregler f\u00fcr den gr\u00f6\u00dferen Reaktor. Reaktortemperaturen und R\u00fchrgeschwindigkeiten werden mittels [&hellip;]","og_url":"https:\/\/www.parrinst.com\/de\/products\/multi-reactor-systems\/four-reactor-parallel-system\/","og_site_name":"Parr Instrument GmbH","article_modified_time":"2018-07-18T20:25:27+00:00","og_image":[{"width":2200,"height":399,"url":"https:\/\/www.parrinst.com\/de\/files\/2018\/01\/parr_banner_multi_secondary.jpg","type":"image\/jpeg"}],"twitter_card":"summary_large_image","twitter_misc":{"Est. reading time":"1 minute"},"schema":{"@context":"https:\/\/schema.org","@graph":[{"@type":"WebPage","@id":"https:\/\/www.parrinst.com\/de\/products\/multi-reactor-systems\/four-reactor-parallel-system\/","url":"https:\/\/www.parrinst.com\/de\/products\/multi-reactor-systems\/four-reactor-parallel-system\/","name":"Parallelsystem von vier Reaktoren - Parr Instrument GmbH","isPartOf":{"@id":"https:\/\/www.parrinst.com\/de\/#website"},"primaryImageOfPage":{"@id":"https:\/\/www.parrinst.com\/de\/products\/multi-reactor-systems\/four-reactor-parallel-system\/#primaryimage"},"image":{"@id":"https:\/\/www.parrinst.com\/de\/products\/multi-reactor-systems\/four-reactor-parallel-system\/#primaryimage"},"thumbnailUrl":"https:\/\/i0.wp.com\/www.parrinst.com\/de\/wp-content\/uploads\/sites\/6\/2018\/01\/parr_banner_multi_secondary.jpg?fit=2200%2C399&ssl=1","datePublished":"2015-12-29T21:00:41+00:00","dateModified":"2018-07-18T20:25:27+00:00","breadcrumb":{"@id":"https:\/\/www.parrinst.com\/de\/products\/multi-reactor-systems\/four-reactor-parallel-system\/#breadcrumb"},"inLanguage":"en-US","potentialAction":[{"@type":"ReadAction","target":["https:\/\/www.parrinst.com\/de\/products\/multi-reactor-systems\/four-reactor-parallel-system\/"]}]},{"@type":"ImageObject","inLanguage":"en-US","@id":"https:\/\/www.parrinst.com\/de\/products\/multi-reactor-systems\/four-reactor-parallel-system\/#primaryimage","url":"https:\/\/i0.wp.com\/www.parrinst.com\/de\/wp-content\/uploads\/sites\/6\/2018\/01\/parr_banner_multi_secondary.jpg?fit=2200%2C399&ssl=1","contentUrl":"https:\/\/i0.wp.com\/www.parrinst.com\/de\/wp-content\/uploads\/sites\/6\/2018\/01\/parr_banner_multi_secondary.jpg?fit=2200%2C399&ssl=1","width":2200,"height":399},{"@type":"BreadcrumbList","@id":"https:\/\/www.parrinst.com\/de\/products\/multi-reactor-systems\/four-reactor-parallel-system\/#breadcrumb","itemListElement":[{"@type":"ListItem","position":1,"name":"Home","item":"https:\/\/www.parrinst.com\/de\/"},{"@type":"ListItem","position":2,"name":"Products","item":"https:\/\/www.parrinst.com\/de\/products\/"},{"@type":"ListItem","position":3,"name":"Mehrfachreaktorsysteme","item":"https:\/\/www.parrinst.com\/de\/products\/multi-reactor-systems\/"},{"@type":"ListItem","position":4,"name":"Parallelsystem von vier Reaktoren"}]},{"@type":"WebSite","@id":"https:\/\/www.parrinst.com\/de\/#website","url":"https:\/\/www.parrinst.com\/de\/","name":"Parr Instrument GmbH","description":"","potentialAction":[{"@type":"SearchAction","target":{"@type":"EntryPoint","urlTemplate":"https:\/\/www.parrinst.com\/de\/?s={search_term_string}"},"query-input":{"@type":"PropertyValueSpecification","valueRequired":true,"valueName":"search_term_string"}}],"inLanguage":"en-US"}]}},"jetpack_sharing_enabled":true,"_links":{"self":[{"href":"https:\/\/www.parrinst.com\/de\/wp-json\/wp\/v2\/pages\/11886","targetHints":{"allow":["GET"]}}],"collection":[{"href":"https:\/\/www.parrinst.com\/de\/wp-json\/wp\/v2\/pages"}],"about":[{"href":"https:\/\/www.parrinst.com\/de\/wp-json\/wp\/v2\/types\/page"}],"author":[{"embeddable":true,"href":"https:\/\/www.parrinst.com\/de\/wp-json\/wp\/v2\/users\/12"}],"replies":[{"embeddable":true,"href":"https:\/\/www.parrinst.com\/de\/wp-json\/wp\/v2\/comments?post=11886"}],"version-history":[{"count":6,"href":"https:\/\/www.parrinst.com\/de\/wp-json\/wp\/v2\/pages\/11886\/revisions"}],"predecessor-version":[{"id":38864,"href":"https:\/\/www.parrinst.com\/de\/wp-json\/wp\/v2\/pages\/11886\/revisions\/38864"}],"up":[{"embeddable":true,"href":"https:\/\/www.parrinst.com\/de\/wp-json\/wp\/v2\/pages\/11596"}],"wp:featuredmedia":[{"embeddable":true,"href":"https:\/\/www.parrinst.com\/de\/wp-json\/wp\/v2\/media\/36913"}],"wp:attachment":[{"href":"https:\/\/www.parrinst.com\/de\/wp-json\/wp\/v2\/media?parent=11886"}],"curies":[{"name":"wp","href":"https:\/\/api.w.org\/{rel}","templated":true}]}}