{"id":11892,"date":"2015-12-29T22:15:47","date_gmt":"2015-12-29T21:15:47","guid":{"rendered":"https:\/\/www.parrinst.com\/de\/?page_id=11892"},"modified":"2018-03-08T20:09:55","modified_gmt":"2018-03-08T19:09:55","slug":"five-reactor-parallel-system","status":"publish","type":"page","link":"https:\/\/www.parrinst.com\/de\/products\/multi-reactor-systems\/five-reactor-parallel-system\/","title":{"rendered":"Parallelsystem von f\u00fcnf Reaktoren"},"content":{"rendered":"<figure id=\"attachment_2376\" aria-describedby=\"caption-attachment-2376\" style=\"width: 214px\" class=\"wp-caption alignright\"><a href=\"https:\/\/i0.wp.com\/www.parrinst.com\/de\/wp-content\/uploads\/sites\/6\/2011\/06\/5000s_multireactor.jpg?ssl=1\"><img data-recalc-dims=\"1\" loading=\"lazy\" decoding=\"async\" class=\"size-medium wp-image-2376\" src=\"https:\/\/i0.wp.com\/www.parrinst.com\/de\/wp-content\/uploads\/sites\/6\/2011\/06\/5000s_multireactor.jpg?resize=214%2C300&#038;ssl=1\" alt=\"Parallelsystem von f\u00fcnf Reaktoren\" width=\"214\" height=\"300\" srcset=\"https:\/\/i0.wp.com\/www.parrinst.com\/de\/wp-content\/uploads\/sites\/6\/2011\/06\/5000s_multireactor.jpg?resize=214%2C300&amp;ssl=1 214w, https:\/\/i0.wp.com\/www.parrinst.com\/de\/wp-content\/uploads\/sites\/6\/2011\/06\/5000s_multireactor.jpg?resize=107%2C150&amp;ssl=1 107w, https:\/\/i0.wp.com\/www.parrinst.com\/de\/wp-content\/uploads\/sites\/6\/2011\/06\/5000s_multireactor.jpg?w=600&amp;ssl=1 600w\" sizes=\"auto, (max-width: 214px) 100vw, 214px\" \/><\/a><figcaption id=\"caption-attachment-2376\" class=\"wp-caption-text\">Parallelsystem von f\u00fcnf Reaktoren<\/figcaption><\/figure>\n<p>Dieses Parallelreaktorsystem besteht aus f\u00fcnf ger\u00fchrten Minireaktoren der Serie 4560 mit je 160 ml Fassungsverm\u00f6gen, die f\u00fcr 350\u00b0C sowie 200 bar (3000 psi) ausgelegt sind. Jeder Reaktor hat einen zugeh\u00f6rigen Hochdruckbeh\u00e4ter (340 bar) mit einem Volumen von 100 ml, welcher zur Speisung mit gasf\u00f6rmigen Edukten dient. Diese Speisebeh\u00e4lter werden oberhalb und hinter dem Hauptreaktor angebracht. Jeder Speisebeh\u00e4lter ist mit einem Druckaufnehmer, einem Thermoelement und einem Regler f\u00fcr konstanten Druck ausgestattet. Der Regler sorgt f\u00fcr eine Gasstr\u00f6mung zum Reaktor bei gleichbleibendem Druck, w\u00e4hrend der Druckaufnehmer in Kombination mit dem Thermoelement dem Prozess-Controller die \u00dcberwachung und Aufzeichnung des Gasverbrauchs in Echtzeit erm\u00f6glichen. Dieses System wird normalerweise dazu verwendet die vielen Aspekte einer Hydrier- oder Carbonylationreaktion zu untersuchen. Der Prozess-Controller 4871 erfasst und regelt dar\u00fcber hinaus die Reaktortemperatur, sowie die R\u00fchrgeschwindigkeit und \u00fcberwacht den Druck w\u00e4hrend der Reaktion. Das kompakte Stand der Reaktoren beinhaltet nicht nur die Gasspeisung und Ventilation\/Absaugung, sondern auch eine K\u00fchlwasserspeisung und die Abflussleitungen und erleichtert so den Aufbau und die Inbetriebnahme.<\/p>\n","protected":false},"excerpt":{"rendered":"<p>Dieses Parallelreaktorsystem besteht aus f\u00fcnf ger\u00fchrten Minireaktoren der Serie 4560 mit je 160 ml Fassungsverm\u00f6gen, die f\u00fcr 350\u00b0C sowie 200 bar (3000 psi) ausgelegt sind. Jeder Reaktor hat einen zugeh\u00f6rigen Hochdruckbeh\u00e4ter (340 bar) mit einem Volumen von 100 ml, welcher zur Speisung mit gasf\u00f6rmigen Edukten dient. Diese Speisebeh\u00e4lter werden oberhalb und hinter dem Hauptreaktor angebracht. [&hellip;]<\/p>\n","protected":false},"author":12,"featured_media":36913,"parent":11596,"menu_order":5,"comment_status":"closed","ping_status":"closed","template":"product-narrow.php","meta":{"_acf_changed":false,"footnotes":"","_links_to":"","_links_to_target":""},"class_list":["post-11892","page","type-page","status-publish","has-post-thumbnail","hentry"],"acf":[],"yoast_head":"<!-- This site is optimized with the Yoast SEO plugin v27.5 - https:\/\/yoast.com\/product\/yoast-seo-wordpress\/ -->\n<title>Parallelsystem von f\u00fcnf Reaktoren - Parr Instrument GmbH<\/title>\n<meta name=\"robots\" content=\"index, follow, max-snippet:-1, max-image-preview:large, max-video-preview:-1\" \/>\n<link rel=\"canonical\" href=\"https:\/\/www.parrinst.com\/de\/products\/multi-reactor-systems\/five-reactor-parallel-system\/\" \/>\n<meta property=\"og:locale\" content=\"en_US\" \/>\n<meta property=\"og:type\" content=\"article\" \/>\n<meta property=\"og:title\" content=\"Parallelsystem von f\u00fcnf Reaktoren - Parr Instrument GmbH\" \/>\n<meta property=\"og:description\" content=\"Dieses Parallelreaktorsystem besteht aus f\u00fcnf ger\u00fchrten Minireaktoren der Serie 4560 mit je 160 ml Fassungsverm\u00f6gen, die f\u00fcr 350\u00b0C sowie 200 bar (3000 psi) ausgelegt sind. Jeder Reaktor hat einen zugeh\u00f6rigen Hochdruckbeh\u00e4ter (340 bar) mit einem Volumen von 100 ml, welcher zur Speisung mit gasf\u00f6rmigen Edukten dient. Diese Speisebeh\u00e4lter werden oberhalb und hinter dem Hauptreaktor angebracht. [&hellip;]\" \/>\n<meta property=\"og:url\" content=\"https:\/\/www.parrinst.com\/de\/products\/multi-reactor-systems\/five-reactor-parallel-system\/\" \/>\n<meta property=\"og:site_name\" content=\"Parr Instrument GmbH\" \/>\n<meta property=\"article:modified_time\" content=\"2018-03-08T19:09:55+00:00\" \/>\n<meta property=\"og:image\" content=\"https:\/\/www.parrinst.com\/de\/files\/2018\/01\/parr_banner_multi_secondary.jpg\" \/>\n\t<meta property=\"og:image:width\" content=\"2200\" \/>\n\t<meta property=\"og:image:height\" content=\"399\" \/>\n\t<meta property=\"og:image:type\" content=\"image\/jpeg\" \/>\n<meta name=\"twitter:card\" content=\"summary_large_image\" \/>\n<meta name=\"twitter:label1\" content=\"Est. reading time\" \/>\n\t<meta name=\"twitter:data1\" content=\"1 minute\" \/>\n<script type=\"application\/ld+json\" class=\"yoast-schema-graph\">{\"@context\":\"https:\\\/\\\/schema.org\",\"@graph\":[{\"@type\":\"WebPage\",\"@id\":\"https:\\\/\\\/www.parrinst.com\\\/de\\\/products\\\/multi-reactor-systems\\\/five-reactor-parallel-system\\\/\",\"url\":\"https:\\\/\\\/www.parrinst.com\\\/de\\\/products\\\/multi-reactor-systems\\\/five-reactor-parallel-system\\\/\",\"name\":\"Parallelsystem von f\u00fcnf Reaktoren - Parr Instrument GmbH\",\"isPartOf\":{\"@id\":\"https:\\\/\\\/www.parrinst.com\\\/de\\\/#website\"},\"primaryImageOfPage\":{\"@id\":\"https:\\\/\\\/www.parrinst.com\\\/de\\\/products\\\/multi-reactor-systems\\\/five-reactor-parallel-system\\\/#primaryimage\"},\"image\":{\"@id\":\"https:\\\/\\\/www.parrinst.com\\\/de\\\/products\\\/multi-reactor-systems\\\/five-reactor-parallel-system\\\/#primaryimage\"},\"thumbnailUrl\":\"https:\\\/\\\/i0.wp.com\\\/www.parrinst.com\\\/de\\\/wp-content\\\/uploads\\\/sites\\\/6\\\/2018\\\/01\\\/parr_banner_multi_secondary.jpg?fit=2200%2C399&ssl=1\",\"datePublished\":\"2015-12-29T21:15:47+00:00\",\"dateModified\":\"2018-03-08T19:09:55+00:00\",\"breadcrumb\":{\"@id\":\"https:\\\/\\\/www.parrinst.com\\\/de\\\/products\\\/multi-reactor-systems\\\/five-reactor-parallel-system\\\/#breadcrumb\"},\"inLanguage\":\"en-US\",\"potentialAction\":[{\"@type\":\"ReadAction\",\"target\":[\"https:\\\/\\\/www.parrinst.com\\\/de\\\/products\\\/multi-reactor-systems\\\/five-reactor-parallel-system\\\/\"]}]},{\"@type\":\"ImageObject\",\"inLanguage\":\"en-US\",\"@id\":\"https:\\\/\\\/www.parrinst.com\\\/de\\\/products\\\/multi-reactor-systems\\\/five-reactor-parallel-system\\\/#primaryimage\",\"url\":\"https:\\\/\\\/i0.wp.com\\\/www.parrinst.com\\\/de\\\/wp-content\\\/uploads\\\/sites\\\/6\\\/2018\\\/01\\\/parr_banner_multi_secondary.jpg?fit=2200%2C399&ssl=1\",\"contentUrl\":\"https:\\\/\\\/i0.wp.com\\\/www.parrinst.com\\\/de\\\/wp-content\\\/uploads\\\/sites\\\/6\\\/2018\\\/01\\\/parr_banner_multi_secondary.jpg?fit=2200%2C399&ssl=1\",\"width\":2200,\"height\":399},{\"@type\":\"BreadcrumbList\",\"@id\":\"https:\\\/\\\/www.parrinst.com\\\/de\\\/products\\\/multi-reactor-systems\\\/five-reactor-parallel-system\\\/#breadcrumb\",\"itemListElement\":[{\"@type\":\"ListItem\",\"position\":1,\"name\":\"Home\",\"item\":\"https:\\\/\\\/www.parrinst.com\\\/de\\\/\"},{\"@type\":\"ListItem\",\"position\":2,\"name\":\"Products\",\"item\":\"https:\\\/\\\/www.parrinst.com\\\/de\\\/products\\\/\"},{\"@type\":\"ListItem\",\"position\":3,\"name\":\"Mehrfachreaktorsysteme\",\"item\":\"https:\\\/\\\/www.parrinst.com\\\/de\\\/products\\\/multi-reactor-systems\\\/\"},{\"@type\":\"ListItem\",\"position\":4,\"name\":\"Parallelsystem von f\u00fcnf Reaktoren\"}]},{\"@type\":\"WebSite\",\"@id\":\"https:\\\/\\\/www.parrinst.com\\\/de\\\/#website\",\"url\":\"https:\\\/\\\/www.parrinst.com\\\/de\\\/\",\"name\":\"Parr Instrument GmbH\",\"description\":\"\",\"potentialAction\":[{\"@type\":\"SearchAction\",\"target\":{\"@type\":\"EntryPoint\",\"urlTemplate\":\"https:\\\/\\\/www.parrinst.com\\\/de\\\/?s={search_term_string}\"},\"query-input\":{\"@type\":\"PropertyValueSpecification\",\"valueRequired\":true,\"valueName\":\"search_term_string\"}}],\"inLanguage\":\"en-US\"}]}<\/script>\n<!-- \/ Yoast SEO plugin. -->","yoast_head_json":{"title":"Parallelsystem von f\u00fcnf Reaktoren - Parr Instrument GmbH","robots":{"index":"index","follow":"follow","max-snippet":"max-snippet:-1","max-image-preview":"max-image-preview:large","max-video-preview":"max-video-preview:-1"},"canonical":"https:\/\/www.parrinst.com\/de\/products\/multi-reactor-systems\/five-reactor-parallel-system\/","og_locale":"en_US","og_type":"article","og_title":"Parallelsystem von f\u00fcnf Reaktoren - Parr Instrument GmbH","og_description":"Dieses Parallelreaktorsystem besteht aus f\u00fcnf ger\u00fchrten Minireaktoren der Serie 4560 mit je 160 ml Fassungsverm\u00f6gen, die f\u00fcr 350\u00b0C sowie 200 bar (3000 psi) ausgelegt sind. Jeder Reaktor hat einen zugeh\u00f6rigen Hochdruckbeh\u00e4ter (340 bar) mit einem Volumen von 100 ml, welcher zur Speisung mit gasf\u00f6rmigen Edukten dient. Diese Speisebeh\u00e4lter werden oberhalb und hinter dem Hauptreaktor angebracht. [&hellip;]","og_url":"https:\/\/www.parrinst.com\/de\/products\/multi-reactor-systems\/five-reactor-parallel-system\/","og_site_name":"Parr Instrument GmbH","article_modified_time":"2018-03-08T19:09:55+00:00","og_image":[{"width":2200,"height":399,"url":"https:\/\/www.parrinst.com\/de\/files\/2018\/01\/parr_banner_multi_secondary.jpg","type":"image\/jpeg"}],"twitter_card":"summary_large_image","twitter_misc":{"Est. reading time":"1 minute"},"schema":{"@context":"https:\/\/schema.org","@graph":[{"@type":"WebPage","@id":"https:\/\/www.parrinst.com\/de\/products\/multi-reactor-systems\/five-reactor-parallel-system\/","url":"https:\/\/www.parrinst.com\/de\/products\/multi-reactor-systems\/five-reactor-parallel-system\/","name":"Parallelsystem von f\u00fcnf Reaktoren - Parr Instrument GmbH","isPartOf":{"@id":"https:\/\/www.parrinst.com\/de\/#website"},"primaryImageOfPage":{"@id":"https:\/\/www.parrinst.com\/de\/products\/multi-reactor-systems\/five-reactor-parallel-system\/#primaryimage"},"image":{"@id":"https:\/\/www.parrinst.com\/de\/products\/multi-reactor-systems\/five-reactor-parallel-system\/#primaryimage"},"thumbnailUrl":"https:\/\/i0.wp.com\/www.parrinst.com\/de\/wp-content\/uploads\/sites\/6\/2018\/01\/parr_banner_multi_secondary.jpg?fit=2200%2C399&ssl=1","datePublished":"2015-12-29T21:15:47+00:00","dateModified":"2018-03-08T19:09:55+00:00","breadcrumb":{"@id":"https:\/\/www.parrinst.com\/de\/products\/multi-reactor-systems\/five-reactor-parallel-system\/#breadcrumb"},"inLanguage":"en-US","potentialAction":[{"@type":"ReadAction","target":["https:\/\/www.parrinst.com\/de\/products\/multi-reactor-systems\/five-reactor-parallel-system\/"]}]},{"@type":"ImageObject","inLanguage":"en-US","@id":"https:\/\/www.parrinst.com\/de\/products\/multi-reactor-systems\/five-reactor-parallel-system\/#primaryimage","url":"https:\/\/i0.wp.com\/www.parrinst.com\/de\/wp-content\/uploads\/sites\/6\/2018\/01\/parr_banner_multi_secondary.jpg?fit=2200%2C399&ssl=1","contentUrl":"https:\/\/i0.wp.com\/www.parrinst.com\/de\/wp-content\/uploads\/sites\/6\/2018\/01\/parr_banner_multi_secondary.jpg?fit=2200%2C399&ssl=1","width":2200,"height":399},{"@type":"BreadcrumbList","@id":"https:\/\/www.parrinst.com\/de\/products\/multi-reactor-systems\/five-reactor-parallel-system\/#breadcrumb","itemListElement":[{"@type":"ListItem","position":1,"name":"Home","item":"https:\/\/www.parrinst.com\/de\/"},{"@type":"ListItem","position":2,"name":"Products","item":"https:\/\/www.parrinst.com\/de\/products\/"},{"@type":"ListItem","position":3,"name":"Mehrfachreaktorsysteme","item":"https:\/\/www.parrinst.com\/de\/products\/multi-reactor-systems\/"},{"@type":"ListItem","position":4,"name":"Parallelsystem von f\u00fcnf Reaktoren"}]},{"@type":"WebSite","@id":"https:\/\/www.parrinst.com\/de\/#website","url":"https:\/\/www.parrinst.com\/de\/","name":"Parr Instrument GmbH","description":"","potentialAction":[{"@type":"SearchAction","target":{"@type":"EntryPoint","urlTemplate":"https:\/\/www.parrinst.com\/de\/?s={search_term_string}"},"query-input":{"@type":"PropertyValueSpecification","valueRequired":true,"valueName":"search_term_string"}}],"inLanguage":"en-US"}]}},"jetpack_sharing_enabled":true,"_links":{"self":[{"href":"https:\/\/www.parrinst.com\/de\/wp-json\/wp\/v2\/pages\/11892","targetHints":{"allow":["GET"]}}],"collection":[{"href":"https:\/\/www.parrinst.com\/de\/wp-json\/wp\/v2\/pages"}],"about":[{"href":"https:\/\/www.parrinst.com\/de\/wp-json\/wp\/v2\/types\/page"}],"author":[{"embeddable":true,"href":"https:\/\/www.parrinst.com\/de\/wp-json\/wp\/v2\/users\/12"}],"replies":[{"embeddable":true,"href":"https:\/\/www.parrinst.com\/de\/wp-json\/wp\/v2\/comments?post=11892"}],"version-history":[{"count":4,"href":"https:\/\/www.parrinst.com\/de\/wp-json\/wp\/v2\/pages\/11892\/revisions"}],"predecessor-version":[{"id":38367,"href":"https:\/\/www.parrinst.com\/de\/wp-json\/wp\/v2\/pages\/11892\/revisions\/38367"}],"up":[{"embeddable":true,"href":"https:\/\/www.parrinst.com\/de\/wp-json\/wp\/v2\/pages\/11596"}],"wp:featuredmedia":[{"embeddable":true,"href":"https:\/\/www.parrinst.com\/de\/wp-json\/wp\/v2\/media\/36913"}],"wp:attachment":[{"href":"https:\/\/www.parrinst.com\/de\/wp-json\/wp\/v2\/media?parent=11892"}],"curies":[{"name":"wp","href":"https:\/\/api.w.org\/{rel}","templated":true}]}}