{"id":11899,"date":"2015-12-29T22:24:37","date_gmt":"2015-12-29T21:24:37","guid":{"rendered":"https:\/\/www.parrinst.com\/de\/?page_id=11899"},"modified":"2020-08-05T14:20:06","modified_gmt":"2020-08-05T19:20:06","slug":"six-reactor-parallel-system","status":"publish","type":"page","link":"https:\/\/www.parrinst.com\/de\/products\/multi-reactor-systems\/six-reactor-parallel-system\/","title":{"rendered":"Parallelsystem von sechs Reaktoren mit automatischem Probenahmesystem"},"content":{"rendered":"<figure id=\"attachment_11773\" aria-describedby=\"caption-attachment-11773\" style=\"width: 300px\" class=\"wp-caption alignright\"><a href=\"https:\/\/i0.wp.com\/www.parrinst.com\/de\/wp-content\/uploads\/sites\/6\/2015\/10\/Six-Reactor-Parallel_915508PI2_8068DN.jpg?ssl=1\"><img data-recalc-dims=\"1\" loading=\"lazy\" decoding=\"async\" class=\"wp-image-11773 size-medium\" src=\"https:\/\/i0.wp.com\/www.parrinst.com\/de\/wp-content\/uploads\/sites\/6\/2015\/10\/Six-Reactor-Parallel_915508PI2_8068DN.jpg?resize=300%2C258&#038;ssl=1\" alt=\"Parallelsystem von sechs Reaktoren mit automatischem Probenahmesystem\" width=\"300\" height=\"258\" srcset=\"https:\/\/i0.wp.com\/www.parrinst.com\/de\/wp-content\/uploads\/sites\/6\/2015\/10\/Six-Reactor-Parallel_915508PI2_8068DN.jpg?resize=300%2C258&amp;ssl=1 300w, https:\/\/i0.wp.com\/www.parrinst.com\/de\/wp-content\/uploads\/sites\/6\/2015\/10\/Six-Reactor-Parallel_915508PI2_8068DN.jpg?resize=174%2C150&amp;ssl=1 174w, https:\/\/i0.wp.com\/www.parrinst.com\/de\/wp-content\/uploads\/sites\/6\/2015\/10\/Six-Reactor-Parallel_915508PI2_8068DN.jpg?w=600&amp;ssl=1 600w\" sizes=\"auto, (max-width: 300px) 100vw, 300px\" \/><\/a><figcaption id=\"caption-attachment-11773\" class=\"wp-caption-text\">Parallelsystem von sechs Reaktoren mit automatischem Probenahmesystem<\/figcaption><\/figure>\n<p>Dieses System besteht aus sechs 25 ml ger\u00fchrten <a href=\"https:\/\/www.parrinst.com\/de\/products\/stirred-reactors\/series-4590-micro-stirred-reactors\/\">Mikroreaktoren der Serie 4590<\/a>, die f\u00fcr 200 bar (3000 psi) bei 350 \u00b0C ausgelegt sind. Das System beinhaltet nicht nur die Gasspeisung und Ventilation\/Absaugung, sondern auch eine K\u00fchlwasserspeisung und die Abflussleitungen, die mit entweder einem innenliegenden Kaltfinger oder einer externen Aluminiumblockheizung mit K\u00fchlkan\u00e4len verbunden sind.<\/p>\n<p>Links im Bild ist ein automatisches Probenahmesystem zu sehen. Mit diesem System k\u00f6nnen sequentiell mehrere ~1 ml fl\u00fcssige Proben bei vollem Betriebsdruck entnommen werden. Anschlie\u00dfend werden die Probenkapillaren automatisch gereinigt. Die Steuerung erfolgt durch einen <a href=\"https:\/\/www.parrinst.com\/de\/products\/controllers-2\/4871-process-controller\/\">4871 Prozesscontroller<\/a>.<\/p>\n<p>&nbsp;<\/p>\n","protected":false},"excerpt":{"rendered":"<p>Dieses System besteht aus sechs 25 ml ger\u00fchrten Mikroreaktoren der Serie 4590, die f\u00fcr 200 bar (3000 psi) bei 350 \u00b0C ausgelegt sind. Das System beinhaltet nicht nur die Gasspeisung und Ventilation\/Absaugung, sondern auch eine K\u00fchlwasserspeisung und die Abflussleitungen, die mit entweder einem innenliegenden Kaltfinger oder einer externen Aluminiumblockheizung mit K\u00fchlkan\u00e4len verbunden sind. Links im [&hellip;]<\/p>\n","protected":false},"author":12,"featured_media":36913,"parent":11596,"menu_order":6,"comment_status":"closed","ping_status":"closed","template":"product-narrow.php","meta":{"_acf_changed":false,"footnotes":"","_links_to":"","_links_to_target":""},"class_list":["post-11899","page","type-page","status-publish","has-post-thumbnail","hentry"],"acf":[],"yoast_head":"<!-- This site is optimized with the Yoast SEO plugin v27.5 - https:\/\/yoast.com\/product\/yoast-seo-wordpress\/ -->\n<title>Parallelsystem von sechs Reaktoren mit automatischem Probenahmesystem - Parr Instrument GmbH<\/title>\n<meta name=\"robots\" content=\"index, follow, max-snippet:-1, max-image-preview:large, max-video-preview:-1\" \/>\n<link rel=\"canonical\" href=\"https:\/\/www.parrinst.com\/de\/products\/multi-reactor-systems\/six-reactor-parallel-system\/\" \/>\n<meta property=\"og:locale\" content=\"en_US\" \/>\n<meta property=\"og:type\" content=\"article\" \/>\n<meta property=\"og:title\" content=\"Parallelsystem von sechs Reaktoren mit automatischem Probenahmesystem - Parr Instrument GmbH\" \/>\n<meta property=\"og:description\" content=\"Dieses System besteht aus sechs 25 ml ger\u00fchrten Mikroreaktoren der Serie 4590, die f\u00fcr 200 bar (3000 psi) bei 350 \u00b0C ausgelegt sind. Das System beinhaltet nicht nur die Gasspeisung und Ventilation\/Absaugung, sondern auch eine K\u00fchlwasserspeisung und die Abflussleitungen, die mit entweder einem innenliegenden Kaltfinger oder einer externen Aluminiumblockheizung mit K\u00fchlkan\u00e4len verbunden sind. Links im [&hellip;]\" \/>\n<meta property=\"og:url\" content=\"https:\/\/www.parrinst.com\/de\/products\/multi-reactor-systems\/six-reactor-parallel-system\/\" \/>\n<meta property=\"og:site_name\" content=\"Parr Instrument GmbH\" \/>\n<meta property=\"article:modified_time\" content=\"2020-08-05T19:20:06+00:00\" \/>\n<meta property=\"og:image\" content=\"https:\/\/www.parrinst.com\/de\/files\/2018\/01\/parr_banner_multi_secondary.jpg\" \/>\n\t<meta property=\"og:image:width\" content=\"2200\" \/>\n\t<meta property=\"og:image:height\" content=\"399\" \/>\n\t<meta property=\"og:image:type\" content=\"image\/jpeg\" \/>\n<meta name=\"twitter:card\" content=\"summary_large_image\" \/>\n<meta name=\"twitter:label1\" content=\"Est. reading time\" \/>\n\t<meta name=\"twitter:data1\" content=\"1 minute\" \/>\n<script type=\"application\/ld+json\" class=\"yoast-schema-graph\">{\"@context\":\"https:\\\/\\\/schema.org\",\"@graph\":[{\"@type\":\"WebPage\",\"@id\":\"https:\\\/\\\/www.parrinst.com\\\/de\\\/products\\\/multi-reactor-systems\\\/six-reactor-parallel-system\\\/\",\"url\":\"https:\\\/\\\/www.parrinst.com\\\/de\\\/products\\\/multi-reactor-systems\\\/six-reactor-parallel-system\\\/\",\"name\":\"Parallelsystem von sechs Reaktoren mit automatischem Probenahmesystem - Parr Instrument GmbH\",\"isPartOf\":{\"@id\":\"https:\\\/\\\/www.parrinst.com\\\/de\\\/#website\"},\"primaryImageOfPage\":{\"@id\":\"https:\\\/\\\/www.parrinst.com\\\/de\\\/products\\\/multi-reactor-systems\\\/six-reactor-parallel-system\\\/#primaryimage\"},\"image\":{\"@id\":\"https:\\\/\\\/www.parrinst.com\\\/de\\\/products\\\/multi-reactor-systems\\\/six-reactor-parallel-system\\\/#primaryimage\"},\"thumbnailUrl\":\"https:\\\/\\\/i0.wp.com\\\/www.parrinst.com\\\/de\\\/wp-content\\\/uploads\\\/sites\\\/6\\\/2018\\\/01\\\/parr_banner_multi_secondary.jpg?fit=2200%2C399&ssl=1\",\"datePublished\":\"2015-12-29T21:24:37+00:00\",\"dateModified\":\"2020-08-05T19:20:06+00:00\",\"breadcrumb\":{\"@id\":\"https:\\\/\\\/www.parrinst.com\\\/de\\\/products\\\/multi-reactor-systems\\\/six-reactor-parallel-system\\\/#breadcrumb\"},\"inLanguage\":\"en-US\",\"potentialAction\":[{\"@type\":\"ReadAction\",\"target\":[\"https:\\\/\\\/www.parrinst.com\\\/de\\\/products\\\/multi-reactor-systems\\\/six-reactor-parallel-system\\\/\"]}]},{\"@type\":\"ImageObject\",\"inLanguage\":\"en-US\",\"@id\":\"https:\\\/\\\/www.parrinst.com\\\/de\\\/products\\\/multi-reactor-systems\\\/six-reactor-parallel-system\\\/#primaryimage\",\"url\":\"https:\\\/\\\/i0.wp.com\\\/www.parrinst.com\\\/de\\\/wp-content\\\/uploads\\\/sites\\\/6\\\/2018\\\/01\\\/parr_banner_multi_secondary.jpg?fit=2200%2C399&ssl=1\",\"contentUrl\":\"https:\\\/\\\/i0.wp.com\\\/www.parrinst.com\\\/de\\\/wp-content\\\/uploads\\\/sites\\\/6\\\/2018\\\/01\\\/parr_banner_multi_secondary.jpg?fit=2200%2C399&ssl=1\",\"width\":2200,\"height\":399},{\"@type\":\"BreadcrumbList\",\"@id\":\"https:\\\/\\\/www.parrinst.com\\\/de\\\/products\\\/multi-reactor-systems\\\/six-reactor-parallel-system\\\/#breadcrumb\",\"itemListElement\":[{\"@type\":\"ListItem\",\"position\":1,\"name\":\"Home\",\"item\":\"https:\\\/\\\/www.parrinst.com\\\/de\\\/\"},{\"@type\":\"ListItem\",\"position\":2,\"name\":\"Products\",\"item\":\"https:\\\/\\\/www.parrinst.com\\\/de\\\/products\\\/\"},{\"@type\":\"ListItem\",\"position\":3,\"name\":\"Mehrfachreaktorsysteme\",\"item\":\"https:\\\/\\\/www.parrinst.com\\\/de\\\/products\\\/multi-reactor-systems\\\/\"},{\"@type\":\"ListItem\",\"position\":4,\"name\":\"Parallelsystem von sechs Reaktoren mit automatischem Probenahmesystem\"}]},{\"@type\":\"WebSite\",\"@id\":\"https:\\\/\\\/www.parrinst.com\\\/de\\\/#website\",\"url\":\"https:\\\/\\\/www.parrinst.com\\\/de\\\/\",\"name\":\"Parr Instrument GmbH\",\"description\":\"\",\"potentialAction\":[{\"@type\":\"SearchAction\",\"target\":{\"@type\":\"EntryPoint\",\"urlTemplate\":\"https:\\\/\\\/www.parrinst.com\\\/de\\\/?s={search_term_string}\"},\"query-input\":{\"@type\":\"PropertyValueSpecification\",\"valueRequired\":true,\"valueName\":\"search_term_string\"}}],\"inLanguage\":\"en-US\"}]}<\/script>\n<!-- \/ Yoast SEO plugin. -->","yoast_head_json":{"title":"Parallelsystem von sechs Reaktoren mit automatischem Probenahmesystem - Parr Instrument GmbH","robots":{"index":"index","follow":"follow","max-snippet":"max-snippet:-1","max-image-preview":"max-image-preview:large","max-video-preview":"max-video-preview:-1"},"canonical":"https:\/\/www.parrinst.com\/de\/products\/multi-reactor-systems\/six-reactor-parallel-system\/","og_locale":"en_US","og_type":"article","og_title":"Parallelsystem von sechs Reaktoren mit automatischem Probenahmesystem - Parr Instrument GmbH","og_description":"Dieses System besteht aus sechs 25 ml ger\u00fchrten Mikroreaktoren der Serie 4590, die f\u00fcr 200 bar (3000 psi) bei 350 \u00b0C ausgelegt sind. Das System beinhaltet nicht nur die Gasspeisung und Ventilation\/Absaugung, sondern auch eine K\u00fchlwasserspeisung und die Abflussleitungen, die mit entweder einem innenliegenden Kaltfinger oder einer externen Aluminiumblockheizung mit K\u00fchlkan\u00e4len verbunden sind. Links im [&hellip;]","og_url":"https:\/\/www.parrinst.com\/de\/products\/multi-reactor-systems\/six-reactor-parallel-system\/","og_site_name":"Parr Instrument GmbH","article_modified_time":"2020-08-05T19:20:06+00:00","og_image":[{"width":2200,"height":399,"url":"https:\/\/www.parrinst.com\/de\/files\/2018\/01\/parr_banner_multi_secondary.jpg","type":"image\/jpeg"}],"twitter_card":"summary_large_image","twitter_misc":{"Est. reading time":"1 minute"},"schema":{"@context":"https:\/\/schema.org","@graph":[{"@type":"WebPage","@id":"https:\/\/www.parrinst.com\/de\/products\/multi-reactor-systems\/six-reactor-parallel-system\/","url":"https:\/\/www.parrinst.com\/de\/products\/multi-reactor-systems\/six-reactor-parallel-system\/","name":"Parallelsystem von sechs Reaktoren mit automatischem Probenahmesystem - Parr Instrument GmbH","isPartOf":{"@id":"https:\/\/www.parrinst.com\/de\/#website"},"primaryImageOfPage":{"@id":"https:\/\/www.parrinst.com\/de\/products\/multi-reactor-systems\/six-reactor-parallel-system\/#primaryimage"},"image":{"@id":"https:\/\/www.parrinst.com\/de\/products\/multi-reactor-systems\/six-reactor-parallel-system\/#primaryimage"},"thumbnailUrl":"https:\/\/i0.wp.com\/www.parrinst.com\/de\/wp-content\/uploads\/sites\/6\/2018\/01\/parr_banner_multi_secondary.jpg?fit=2200%2C399&ssl=1","datePublished":"2015-12-29T21:24:37+00:00","dateModified":"2020-08-05T19:20:06+00:00","breadcrumb":{"@id":"https:\/\/www.parrinst.com\/de\/products\/multi-reactor-systems\/six-reactor-parallel-system\/#breadcrumb"},"inLanguage":"en-US","potentialAction":[{"@type":"ReadAction","target":["https:\/\/www.parrinst.com\/de\/products\/multi-reactor-systems\/six-reactor-parallel-system\/"]}]},{"@type":"ImageObject","inLanguage":"en-US","@id":"https:\/\/www.parrinst.com\/de\/products\/multi-reactor-systems\/six-reactor-parallel-system\/#primaryimage","url":"https:\/\/i0.wp.com\/www.parrinst.com\/de\/wp-content\/uploads\/sites\/6\/2018\/01\/parr_banner_multi_secondary.jpg?fit=2200%2C399&ssl=1","contentUrl":"https:\/\/i0.wp.com\/www.parrinst.com\/de\/wp-content\/uploads\/sites\/6\/2018\/01\/parr_banner_multi_secondary.jpg?fit=2200%2C399&ssl=1","width":2200,"height":399},{"@type":"BreadcrumbList","@id":"https:\/\/www.parrinst.com\/de\/products\/multi-reactor-systems\/six-reactor-parallel-system\/#breadcrumb","itemListElement":[{"@type":"ListItem","position":1,"name":"Home","item":"https:\/\/www.parrinst.com\/de\/"},{"@type":"ListItem","position":2,"name":"Products","item":"https:\/\/www.parrinst.com\/de\/products\/"},{"@type":"ListItem","position":3,"name":"Mehrfachreaktorsysteme","item":"https:\/\/www.parrinst.com\/de\/products\/multi-reactor-systems\/"},{"@type":"ListItem","position":4,"name":"Parallelsystem von sechs Reaktoren mit automatischem Probenahmesystem"}]},{"@type":"WebSite","@id":"https:\/\/www.parrinst.com\/de\/#website","url":"https:\/\/www.parrinst.com\/de\/","name":"Parr Instrument GmbH","description":"","potentialAction":[{"@type":"SearchAction","target":{"@type":"EntryPoint","urlTemplate":"https:\/\/www.parrinst.com\/de\/?s={search_term_string}"},"query-input":{"@type":"PropertyValueSpecification","valueRequired":true,"valueName":"search_term_string"}}],"inLanguage":"en-US"}]}},"jetpack_sharing_enabled":true,"_links":{"self":[{"href":"https:\/\/www.parrinst.com\/de\/wp-json\/wp\/v2\/pages\/11899","targetHints":{"allow":["GET"]}}],"collection":[{"href":"https:\/\/www.parrinst.com\/de\/wp-json\/wp\/v2\/pages"}],"about":[{"href":"https:\/\/www.parrinst.com\/de\/wp-json\/wp\/v2\/types\/page"}],"author":[{"embeddable":true,"href":"https:\/\/www.parrinst.com\/de\/wp-json\/wp\/v2\/users\/12"}],"replies":[{"embeddable":true,"href":"https:\/\/www.parrinst.com\/de\/wp-json\/wp\/v2\/comments?post=11899"}],"version-history":[{"count":6,"href":"https:\/\/www.parrinst.com\/de\/wp-json\/wp\/v2\/pages\/11899\/revisions"}],"predecessor-version":[{"id":40504,"href":"https:\/\/www.parrinst.com\/de\/wp-json\/wp\/v2\/pages\/11899\/revisions\/40504"}],"up":[{"embeddable":true,"href":"https:\/\/www.parrinst.com\/de\/wp-json\/wp\/v2\/pages\/11596"}],"wp:featuredmedia":[{"embeddable":true,"href":"https:\/\/www.parrinst.com\/de\/wp-json\/wp\/v2\/media\/36913"}],"wp:attachment":[{"href":"https:\/\/www.parrinst.com\/de\/wp-json\/wp\/v2\/media?parent=11899"}],"curies":[{"name":"wp","href":"https:\/\/api.w.org\/{rel}","templated":true}]}}