{"id":11911,"date":"2015-12-29T22:39:46","date_gmt":"2015-12-29T21:39:46","guid":{"rendered":"https:\/\/www.parrinst.com\/de\/?page_id=11911"},"modified":"2018-03-12T20:15:17","modified_gmt":"2018-03-12T19:15:17","slug":"16-station-multiple-reactor-system","status":"publish","type":"page","link":"https:\/\/www.parrinst.com\/de\/products\/multi-reactor-systems\/16-station-multiple-reactor-system\/","title":{"rendered":"Mehrfachreaktorsystem mit 16 Stationen"},"content":{"rendered":"<figure id=\"attachment_2426\" aria-describedby=\"caption-attachment-2426\" style=\"width: 300px\" class=\"wp-caption alignright\"><a href=\"https:\/\/i0.wp.com\/www.parrinst.com\/de\/wp-content\/uploads\/sites\/6\/2011\/06\/Multi-Reactor-System16_4870.jpg?ssl=1\"><img data-recalc-dims=\"1\" loading=\"lazy\" decoding=\"async\" class=\"wp-image-2426 size-medium\" src=\"https:\/\/i0.wp.com\/www.parrinst.com\/de\/wp-content\/uploads\/sites\/6\/2011\/06\/Multi-Reactor-System16_4870.jpg?resize=300%2C203&#038;ssl=1\" alt=\"Multi-Reactor System with 4871 Process Controller\" width=\"300\" height=\"203\" srcset=\"https:\/\/i0.wp.com\/www.parrinst.com\/de\/wp-content\/uploads\/sites\/6\/2011\/06\/Multi-Reactor-System16_4870.jpg?resize=300%2C203&amp;ssl=1 300w, https:\/\/i0.wp.com\/www.parrinst.com\/de\/wp-content\/uploads\/sites\/6\/2011\/06\/Multi-Reactor-System16_4870.jpg?resize=222%2C150&amp;ssl=1 222w, https:\/\/i0.wp.com\/www.parrinst.com\/de\/wp-content\/uploads\/sites\/6\/2011\/06\/Multi-Reactor-System16_4870.jpg?w=600&amp;ssl=1 600w\" sizes=\"auto, (max-width: 300px) 100vw, 300px\" \/><\/a><figcaption id=\"caption-attachment-2426\" class=\"wp-caption-text\">Mehrfachreaktorsystem mit 4871 Prozess-Controller<\/figcaption><\/figure>\n<p>Bei diesem System handelt es sich um sechzehn Minireaktoren 4560 mit Heizung, Ventilen, Manometer und Berstscheiben, sowie zwei Prozess-Controllern 4871 mit sechzehn Power-Controllern 4875. Dies erlaubt es mehrere Reaktionen zeitgleich ablaufen zu lassen und somit die Grundlagen f\u00fcr Experimente mit gro\u00dfem Durchsatz zu schaffen. Die einzelnen Variablen, welche geregelt werden k\u00f6nnen, sind die Gasmischungsverh\u00e4ltnisse, Fl\u00fcssigkeiten, Katalysatoren oder andere Feststoffe, die R\u00fchrgeschwindigkeit, Temperatur, Druck und Zeitdauere.<\/p>\n","protected":false},"excerpt":{"rendered":"<p>Bei diesem System handelt es sich um sechzehn Minireaktoren 4560 mit Heizung, Ventilen, Manometer und Berstscheiben, sowie zwei Prozess-Controllern 4871 mit sechzehn Power-Controllern 4875. Dies erlaubt es mehrere Reaktionen zeitgleich ablaufen zu lassen und somit die Grundlagen f\u00fcr Experimente mit gro\u00dfem Durchsatz zu schaffen. Die einzelnen Variablen, welche geregelt werden k\u00f6nnen, sind die Gasmischungsverh\u00e4ltnisse, Fl\u00fcssigkeiten, [&hellip;]<\/p>\n","protected":false},"author":12,"featured_media":36913,"parent":11596,"menu_order":8,"comment_status":"closed","ping_status":"closed","template":"product-narrow.php","meta":{"_acf_changed":false,"footnotes":"","_links_to":"","_links_to_target":""},"class_list":["post-11911","page","type-page","status-publish","has-post-thumbnail","hentry"],"acf":[],"yoast_head":"<!-- This site is optimized with the Yoast SEO plugin v27.5 - https:\/\/yoast.com\/product\/yoast-seo-wordpress\/ -->\n<title>Mehrfachreaktorsystem mit 16 Stationen - Parr Instrument GmbH<\/title>\n<meta name=\"robots\" content=\"index, follow, max-snippet:-1, max-image-preview:large, max-video-preview:-1\" \/>\n<link rel=\"canonical\" href=\"https:\/\/www.parrinst.com\/de\/products\/multi-reactor-systems\/16-station-multiple-reactor-system\/\" \/>\n<meta property=\"og:locale\" content=\"en_US\" \/>\n<meta property=\"og:type\" content=\"article\" \/>\n<meta property=\"og:title\" content=\"Mehrfachreaktorsystem mit 16 Stationen - Parr Instrument GmbH\" \/>\n<meta property=\"og:description\" content=\"Bei diesem System handelt es sich um sechzehn Minireaktoren 4560 mit Heizung, Ventilen, Manometer und Berstscheiben, sowie zwei Prozess-Controllern 4871 mit sechzehn Power-Controllern 4875. Dies erlaubt es mehrere Reaktionen zeitgleich ablaufen zu lassen und somit die Grundlagen f\u00fcr Experimente mit gro\u00dfem Durchsatz zu schaffen. Die einzelnen Variablen, welche geregelt werden k\u00f6nnen, sind die Gasmischungsverh\u00e4ltnisse, Fl\u00fcssigkeiten, [&hellip;]\" \/>\n<meta property=\"og:url\" content=\"https:\/\/www.parrinst.com\/de\/products\/multi-reactor-systems\/16-station-multiple-reactor-system\/\" \/>\n<meta property=\"og:site_name\" content=\"Parr Instrument GmbH\" \/>\n<meta property=\"article:modified_time\" content=\"2018-03-12T19:15:17+00:00\" \/>\n<meta property=\"og:image\" content=\"https:\/\/www.parrinst.com\/de\/files\/2018\/01\/parr_banner_multi_secondary.jpg\" \/>\n\t<meta property=\"og:image:width\" content=\"2200\" \/>\n\t<meta property=\"og:image:height\" content=\"399\" \/>\n\t<meta property=\"og:image:type\" content=\"image\/jpeg\" \/>\n<meta name=\"twitter:card\" content=\"summary_large_image\" \/>\n<script type=\"application\/ld+json\" class=\"yoast-schema-graph\">{\"@context\":\"https:\\\/\\\/schema.org\",\"@graph\":[{\"@type\":\"WebPage\",\"@id\":\"https:\\\/\\\/www.parrinst.com\\\/de\\\/products\\\/multi-reactor-systems\\\/16-station-multiple-reactor-system\\\/\",\"url\":\"https:\\\/\\\/www.parrinst.com\\\/de\\\/products\\\/multi-reactor-systems\\\/16-station-multiple-reactor-system\\\/\",\"name\":\"Mehrfachreaktorsystem mit 16 Stationen - Parr Instrument GmbH\",\"isPartOf\":{\"@id\":\"https:\\\/\\\/www.parrinst.com\\\/de\\\/#website\"},\"primaryImageOfPage\":{\"@id\":\"https:\\\/\\\/www.parrinst.com\\\/de\\\/products\\\/multi-reactor-systems\\\/16-station-multiple-reactor-system\\\/#primaryimage\"},\"image\":{\"@id\":\"https:\\\/\\\/www.parrinst.com\\\/de\\\/products\\\/multi-reactor-systems\\\/16-station-multiple-reactor-system\\\/#primaryimage\"},\"thumbnailUrl\":\"https:\\\/\\\/i0.wp.com\\\/www.parrinst.com\\\/de\\\/wp-content\\\/uploads\\\/sites\\\/6\\\/2018\\\/01\\\/parr_banner_multi_secondary.jpg?fit=2200%2C399&ssl=1\",\"datePublished\":\"2015-12-29T21:39:46+00:00\",\"dateModified\":\"2018-03-12T19:15:17+00:00\",\"breadcrumb\":{\"@id\":\"https:\\\/\\\/www.parrinst.com\\\/de\\\/products\\\/multi-reactor-systems\\\/16-station-multiple-reactor-system\\\/#breadcrumb\"},\"inLanguage\":\"en-US\",\"potentialAction\":[{\"@type\":\"ReadAction\",\"target\":[\"https:\\\/\\\/www.parrinst.com\\\/de\\\/products\\\/multi-reactor-systems\\\/16-station-multiple-reactor-system\\\/\"]}]},{\"@type\":\"ImageObject\",\"inLanguage\":\"en-US\",\"@id\":\"https:\\\/\\\/www.parrinst.com\\\/de\\\/products\\\/multi-reactor-systems\\\/16-station-multiple-reactor-system\\\/#primaryimage\",\"url\":\"https:\\\/\\\/i0.wp.com\\\/www.parrinst.com\\\/de\\\/wp-content\\\/uploads\\\/sites\\\/6\\\/2018\\\/01\\\/parr_banner_multi_secondary.jpg?fit=2200%2C399&ssl=1\",\"contentUrl\":\"https:\\\/\\\/i0.wp.com\\\/www.parrinst.com\\\/de\\\/wp-content\\\/uploads\\\/sites\\\/6\\\/2018\\\/01\\\/parr_banner_multi_secondary.jpg?fit=2200%2C399&ssl=1\",\"width\":2200,\"height\":399},{\"@type\":\"BreadcrumbList\",\"@id\":\"https:\\\/\\\/www.parrinst.com\\\/de\\\/products\\\/multi-reactor-systems\\\/16-station-multiple-reactor-system\\\/#breadcrumb\",\"itemListElement\":[{\"@type\":\"ListItem\",\"position\":1,\"name\":\"Home\",\"item\":\"https:\\\/\\\/www.parrinst.com\\\/de\\\/\"},{\"@type\":\"ListItem\",\"position\":2,\"name\":\"Products\",\"item\":\"https:\\\/\\\/www.parrinst.com\\\/de\\\/products\\\/\"},{\"@type\":\"ListItem\",\"position\":3,\"name\":\"Mehrfachreaktorsysteme\",\"item\":\"https:\\\/\\\/www.parrinst.com\\\/de\\\/products\\\/multi-reactor-systems\\\/\"},{\"@type\":\"ListItem\",\"position\":4,\"name\":\"Mehrfachreaktorsystem mit 16 Stationen\"}]},{\"@type\":\"WebSite\",\"@id\":\"https:\\\/\\\/www.parrinst.com\\\/de\\\/#website\",\"url\":\"https:\\\/\\\/www.parrinst.com\\\/de\\\/\",\"name\":\"Parr Instrument GmbH\",\"description\":\"\",\"potentialAction\":[{\"@type\":\"SearchAction\",\"target\":{\"@type\":\"EntryPoint\",\"urlTemplate\":\"https:\\\/\\\/www.parrinst.com\\\/de\\\/?s={search_term_string}\"},\"query-input\":{\"@type\":\"PropertyValueSpecification\",\"valueRequired\":true,\"valueName\":\"search_term_string\"}}],\"inLanguage\":\"en-US\"}]}<\/script>\n<!-- \/ Yoast SEO plugin. -->","yoast_head_json":{"title":"Mehrfachreaktorsystem mit 16 Stationen - Parr Instrument GmbH","robots":{"index":"index","follow":"follow","max-snippet":"max-snippet:-1","max-image-preview":"max-image-preview:large","max-video-preview":"max-video-preview:-1"},"canonical":"https:\/\/www.parrinst.com\/de\/products\/multi-reactor-systems\/16-station-multiple-reactor-system\/","og_locale":"en_US","og_type":"article","og_title":"Mehrfachreaktorsystem mit 16 Stationen - Parr Instrument GmbH","og_description":"Bei diesem System handelt es sich um sechzehn Minireaktoren 4560 mit Heizung, Ventilen, Manometer und Berstscheiben, sowie zwei Prozess-Controllern 4871 mit sechzehn Power-Controllern 4875. Dies erlaubt es mehrere Reaktionen zeitgleich ablaufen zu lassen und somit die Grundlagen f\u00fcr Experimente mit gro\u00dfem Durchsatz zu schaffen. Die einzelnen Variablen, welche geregelt werden k\u00f6nnen, sind die Gasmischungsverh\u00e4ltnisse, Fl\u00fcssigkeiten, [&hellip;]","og_url":"https:\/\/www.parrinst.com\/de\/products\/multi-reactor-systems\/16-station-multiple-reactor-system\/","og_site_name":"Parr Instrument GmbH","article_modified_time":"2018-03-12T19:15:17+00:00","og_image":[{"width":2200,"height":399,"url":"https:\/\/www.parrinst.com\/de\/files\/2018\/01\/parr_banner_multi_secondary.jpg","type":"image\/jpeg"}],"twitter_card":"summary_large_image","schema":{"@context":"https:\/\/schema.org","@graph":[{"@type":"WebPage","@id":"https:\/\/www.parrinst.com\/de\/products\/multi-reactor-systems\/16-station-multiple-reactor-system\/","url":"https:\/\/www.parrinst.com\/de\/products\/multi-reactor-systems\/16-station-multiple-reactor-system\/","name":"Mehrfachreaktorsystem mit 16 Stationen - Parr Instrument GmbH","isPartOf":{"@id":"https:\/\/www.parrinst.com\/de\/#website"},"primaryImageOfPage":{"@id":"https:\/\/www.parrinst.com\/de\/products\/multi-reactor-systems\/16-station-multiple-reactor-system\/#primaryimage"},"image":{"@id":"https:\/\/www.parrinst.com\/de\/products\/multi-reactor-systems\/16-station-multiple-reactor-system\/#primaryimage"},"thumbnailUrl":"https:\/\/i0.wp.com\/www.parrinst.com\/de\/wp-content\/uploads\/sites\/6\/2018\/01\/parr_banner_multi_secondary.jpg?fit=2200%2C399&ssl=1","datePublished":"2015-12-29T21:39:46+00:00","dateModified":"2018-03-12T19:15:17+00:00","breadcrumb":{"@id":"https:\/\/www.parrinst.com\/de\/products\/multi-reactor-systems\/16-station-multiple-reactor-system\/#breadcrumb"},"inLanguage":"en-US","potentialAction":[{"@type":"ReadAction","target":["https:\/\/www.parrinst.com\/de\/products\/multi-reactor-systems\/16-station-multiple-reactor-system\/"]}]},{"@type":"ImageObject","inLanguage":"en-US","@id":"https:\/\/www.parrinst.com\/de\/products\/multi-reactor-systems\/16-station-multiple-reactor-system\/#primaryimage","url":"https:\/\/i0.wp.com\/www.parrinst.com\/de\/wp-content\/uploads\/sites\/6\/2018\/01\/parr_banner_multi_secondary.jpg?fit=2200%2C399&ssl=1","contentUrl":"https:\/\/i0.wp.com\/www.parrinst.com\/de\/wp-content\/uploads\/sites\/6\/2018\/01\/parr_banner_multi_secondary.jpg?fit=2200%2C399&ssl=1","width":2200,"height":399},{"@type":"BreadcrumbList","@id":"https:\/\/www.parrinst.com\/de\/products\/multi-reactor-systems\/16-station-multiple-reactor-system\/#breadcrumb","itemListElement":[{"@type":"ListItem","position":1,"name":"Home","item":"https:\/\/www.parrinst.com\/de\/"},{"@type":"ListItem","position":2,"name":"Products","item":"https:\/\/www.parrinst.com\/de\/products\/"},{"@type":"ListItem","position":3,"name":"Mehrfachreaktorsysteme","item":"https:\/\/www.parrinst.com\/de\/products\/multi-reactor-systems\/"},{"@type":"ListItem","position":4,"name":"Mehrfachreaktorsystem mit 16 Stationen"}]},{"@type":"WebSite","@id":"https:\/\/www.parrinst.com\/de\/#website","url":"https:\/\/www.parrinst.com\/de\/","name":"Parr Instrument GmbH","description":"","potentialAction":[{"@type":"SearchAction","target":{"@type":"EntryPoint","urlTemplate":"https:\/\/www.parrinst.com\/de\/?s={search_term_string}"},"query-input":{"@type":"PropertyValueSpecification","valueRequired":true,"valueName":"search_term_string"}}],"inLanguage":"en-US"}]}},"jetpack_sharing_enabled":true,"_links":{"self":[{"href":"https:\/\/www.parrinst.com\/de\/wp-json\/wp\/v2\/pages\/11911","targetHints":{"allow":["GET"]}}],"collection":[{"href":"https:\/\/www.parrinst.com\/de\/wp-json\/wp\/v2\/pages"}],"about":[{"href":"https:\/\/www.parrinst.com\/de\/wp-json\/wp\/v2\/types\/page"}],"author":[{"embeddable":true,"href":"https:\/\/www.parrinst.com\/de\/wp-json\/wp\/v2\/users\/12"}],"replies":[{"embeddable":true,"href":"https:\/\/www.parrinst.com\/de\/wp-json\/wp\/v2\/comments?post=11911"}],"version-history":[{"count":3,"href":"https:\/\/www.parrinst.com\/de\/wp-json\/wp\/v2\/pages\/11911\/revisions"}],"predecessor-version":[{"id":38413,"href":"https:\/\/www.parrinst.com\/de\/wp-json\/wp\/v2\/pages\/11911\/revisions\/38413"}],"up":[{"embeddable":true,"href":"https:\/\/www.parrinst.com\/de\/wp-json\/wp\/v2\/pages\/11596"}],"wp:featuredmedia":[{"embeddable":true,"href":"https:\/\/www.parrinst.com\/de\/wp-json\/wp\/v2\/media\/36913"}],"wp:attachment":[{"href":"https:\/\/www.parrinst.com\/de\/wp-json\/wp\/v2\/media?parent=11911"}],"curies":[{"name":"wp","href":"https:\/\/api.w.org\/{rel}","templated":true}]}}