{"id":11915,"date":"2015-12-29T22:42:16","date_gmt":"2015-12-29T21:42:16","guid":{"rendered":"https:\/\/www.parrinst.com\/de\/?page_id=11915"},"modified":"2022-04-06T16:09:33","modified_gmt":"2022-04-06T21:09:33","slug":"rfq","status":"publish","type":"page","link":"https:\/\/www.parrinst.com\/de\/products\/multi-reactor-systems\/16-station-multiple-reactor-system\/rfq\/","title":{"rendered":"RFQ"},"content":{"rendered":"<h2><strong>Request for Quotation<\/strong><\/h2>\n<p><strong>Wenden Sie sich an <\/strong>die technische Verkaufsabteilung von Parr Instrument Company, um Ihre Anwendung f\u00fcr dieses ma\u00dfgeschneiderte <strong>Mehrfachreaktorsystem mit 16 Stationen<\/strong> zu besprechen.<\/p>\n<p>Ihre Kontaktinformationen und Anfragen k\u00f6nnen an unsere autorisierten Vertriebs- und Kundendienstmitarbeiter in Ihrer N\u00e4he weitergegeben werden. Wir geben keine der Daten, die Sie uns zur Verf\u00fcgung stellen, an Dritte au\u00dferhalb unserer Organisation oder unserer Vertreter weiter.<\/p>\n<div id=\"frmapi-101383\" class=\"frmapi-form\" data-url=\"https:\/\/www.parrinst.com\/wp-json\/frm\/v2\/forms\/10?exclude_script=&#038;return=html\"><\/div>\n","protected":false},"excerpt":{"rendered":"<p>Request for Quotation Wenden Sie sich an die technische Verkaufsabteilung von Parr Instrument Company, um Ihre Anwendung f\u00fcr dieses ma\u00dfgeschneiderte Mehrfachreaktorsystem mit 16 Stationen zu besprechen. Ihre Kontaktinformationen und Anfragen k\u00f6nnen an unsere autorisierten Vertriebs- und Kundendienstmitarbeiter in Ihrer N\u00e4he weitergegeben werden. Wir geben keine der Daten, die Sie uns zur Verf\u00fcgung stellen, an Dritte [&hellip;]<\/p>\n","protected":false},"author":12,"featured_media":36913,"parent":11911,"menu_order":2,"comment_status":"closed","ping_status":"closed","template":"product-narrow.php","meta":{"_acf_changed":false,"footnotes":"","_links_to":"","_links_to_target":""},"class_list":["post-11915","page","type-page","status-publish","has-post-thumbnail","hentry"],"acf":[],"yoast_head":"<!-- This site is optimized with the Yoast SEO plugin v27.5 - https:\/\/yoast.com\/product\/yoast-seo-wordpress\/ -->\n<title>RFQ - Parr Instrument GmbH<\/title>\n<meta name=\"robots\" content=\"index, follow, max-snippet:-1, max-image-preview:large, max-video-preview:-1\" \/>\n<link rel=\"canonical\" href=\"https:\/\/www.parrinst.com\/de\/products\/multi-reactor-systems\/16-station-multiple-reactor-system\/rfq\/\" \/>\n<meta property=\"og:locale\" content=\"en_US\" \/>\n<meta property=\"og:type\" content=\"article\" \/>\n<meta property=\"og:title\" content=\"RFQ - Parr Instrument GmbH\" \/>\n<meta property=\"og:description\" content=\"Request for Quotation Wenden Sie sich an die technische Verkaufsabteilung von Parr Instrument Company, um Ihre Anwendung f\u00fcr dieses ma\u00dfgeschneiderte Mehrfachreaktorsystem mit 16 Stationen zu besprechen. Ihre Kontaktinformationen und Anfragen k\u00f6nnen an unsere autorisierten Vertriebs- und Kundendienstmitarbeiter in Ihrer N\u00e4he weitergegeben werden. Wir geben keine der Daten, die Sie uns zur Verf\u00fcgung stellen, an Dritte [&hellip;]\" \/>\n<meta property=\"og:url\" content=\"https:\/\/www.parrinst.com\/de\/products\/multi-reactor-systems\/16-station-multiple-reactor-system\/rfq\/\" \/>\n<meta property=\"og:site_name\" content=\"Parr Instrument GmbH\" \/>\n<meta property=\"article:modified_time\" content=\"2022-04-06T21:09:33+00:00\" \/>\n<meta property=\"og:image\" content=\"https:\/\/www.parrinst.com\/de\/files\/2018\/01\/parr_banner_multi_secondary.jpg\" \/>\n\t<meta property=\"og:image:width\" content=\"2200\" \/>\n\t<meta property=\"og:image:height\" content=\"399\" \/>\n\t<meta property=\"og:image:type\" content=\"image\/jpeg\" \/>\n<meta name=\"twitter:card\" content=\"summary_large_image\" \/>\n<script type=\"application\/ld+json\" class=\"yoast-schema-graph\">{\"@context\":\"https:\\\/\\\/schema.org\",\"@graph\":[{\"@type\":\"WebPage\",\"@id\":\"https:\\\/\\\/www.parrinst.com\\\/de\\\/products\\\/multi-reactor-systems\\\/16-station-multiple-reactor-system\\\/rfq\\\/\",\"url\":\"https:\\\/\\\/www.parrinst.com\\\/de\\\/products\\\/multi-reactor-systems\\\/16-station-multiple-reactor-system\\\/rfq\\\/\",\"name\":\"RFQ - Parr Instrument GmbH\",\"isPartOf\":{\"@id\":\"https:\\\/\\\/www.parrinst.com\\\/de\\\/#website\"},\"primaryImageOfPage\":{\"@id\":\"https:\\\/\\\/www.parrinst.com\\\/de\\\/products\\\/multi-reactor-systems\\\/16-station-multiple-reactor-system\\\/rfq\\\/#primaryimage\"},\"image\":{\"@id\":\"https:\\\/\\\/www.parrinst.com\\\/de\\\/products\\\/multi-reactor-systems\\\/16-station-multiple-reactor-system\\\/rfq\\\/#primaryimage\"},\"thumbnailUrl\":\"https:\\\/\\\/i0.wp.com\\\/www.parrinst.com\\\/de\\\/wp-content\\\/uploads\\\/sites\\\/6\\\/2018\\\/01\\\/parr_banner_multi_secondary.jpg?fit=2200%2C399&ssl=1\",\"datePublished\":\"2015-12-29T21:42:16+00:00\",\"dateModified\":\"2022-04-06T21:09:33+00:00\",\"breadcrumb\":{\"@id\":\"https:\\\/\\\/www.parrinst.com\\\/de\\\/products\\\/multi-reactor-systems\\\/16-station-multiple-reactor-system\\\/rfq\\\/#breadcrumb\"},\"inLanguage\":\"en-US\",\"potentialAction\":[{\"@type\":\"ReadAction\",\"target\":[\"https:\\\/\\\/www.parrinst.com\\\/de\\\/products\\\/multi-reactor-systems\\\/16-station-multiple-reactor-system\\\/rfq\\\/\"]}]},{\"@type\":\"ImageObject\",\"inLanguage\":\"en-US\",\"@id\":\"https:\\\/\\\/www.parrinst.com\\\/de\\\/products\\\/multi-reactor-systems\\\/16-station-multiple-reactor-system\\\/rfq\\\/#primaryimage\",\"url\":\"https:\\\/\\\/i0.wp.com\\\/www.parrinst.com\\\/de\\\/wp-content\\\/uploads\\\/sites\\\/6\\\/2018\\\/01\\\/parr_banner_multi_secondary.jpg?fit=2200%2C399&ssl=1\",\"contentUrl\":\"https:\\\/\\\/i0.wp.com\\\/www.parrinst.com\\\/de\\\/wp-content\\\/uploads\\\/sites\\\/6\\\/2018\\\/01\\\/parr_banner_multi_secondary.jpg?fit=2200%2C399&ssl=1\",\"width\":2200,\"height\":399},{\"@type\":\"BreadcrumbList\",\"@id\":\"https:\\\/\\\/www.parrinst.com\\\/de\\\/products\\\/multi-reactor-systems\\\/16-station-multiple-reactor-system\\\/rfq\\\/#breadcrumb\",\"itemListElement\":[{\"@type\":\"ListItem\",\"position\":1,\"name\":\"Home\",\"item\":\"https:\\\/\\\/www.parrinst.com\\\/de\\\/\"},{\"@type\":\"ListItem\",\"position\":2,\"name\":\"Products\",\"item\":\"https:\\\/\\\/www.parrinst.com\\\/de\\\/products\\\/\"},{\"@type\":\"ListItem\",\"position\":3,\"name\":\"Mehrfachreaktorsysteme\",\"item\":\"https:\\\/\\\/www.parrinst.com\\\/de\\\/products\\\/multi-reactor-systems\\\/\"},{\"@type\":\"ListItem\",\"position\":4,\"name\":\"Mehrfachreaktorsystem mit 16 Stationen\",\"item\":\"https:\\\/\\\/www.parrinst.com\\\/de\\\/products\\\/multi-reactor-systems\\\/16-station-multiple-reactor-system\\\/\"},{\"@type\":\"ListItem\",\"position\":5,\"name\":\"RFQ\"}]},{\"@type\":\"WebSite\",\"@id\":\"https:\\\/\\\/www.parrinst.com\\\/de\\\/#website\",\"url\":\"https:\\\/\\\/www.parrinst.com\\\/de\\\/\",\"name\":\"Parr Instrument GmbH\",\"description\":\"\",\"potentialAction\":[{\"@type\":\"SearchAction\",\"target\":{\"@type\":\"EntryPoint\",\"urlTemplate\":\"https:\\\/\\\/www.parrinst.com\\\/de\\\/?s={search_term_string}\"},\"query-input\":{\"@type\":\"PropertyValueSpecification\",\"valueRequired\":true,\"valueName\":\"search_term_string\"}}],\"inLanguage\":\"en-US\"}]}<\/script>\n<!-- \/ Yoast SEO plugin. -->","yoast_head_json":{"title":"RFQ - Parr Instrument GmbH","robots":{"index":"index","follow":"follow","max-snippet":"max-snippet:-1","max-image-preview":"max-image-preview:large","max-video-preview":"max-video-preview:-1"},"canonical":"https:\/\/www.parrinst.com\/de\/products\/multi-reactor-systems\/16-station-multiple-reactor-system\/rfq\/","og_locale":"en_US","og_type":"article","og_title":"RFQ - Parr Instrument GmbH","og_description":"Request for Quotation Wenden Sie sich an die technische Verkaufsabteilung von Parr Instrument Company, um Ihre Anwendung f\u00fcr dieses ma\u00dfgeschneiderte Mehrfachreaktorsystem mit 16 Stationen zu besprechen. Ihre Kontaktinformationen und Anfragen k\u00f6nnen an unsere autorisierten Vertriebs- und Kundendienstmitarbeiter in Ihrer N\u00e4he weitergegeben werden. Wir geben keine der Daten, die Sie uns zur Verf\u00fcgung stellen, an Dritte [&hellip;]","og_url":"https:\/\/www.parrinst.com\/de\/products\/multi-reactor-systems\/16-station-multiple-reactor-system\/rfq\/","og_site_name":"Parr Instrument GmbH","article_modified_time":"2022-04-06T21:09:33+00:00","og_image":[{"width":2200,"height":399,"url":"https:\/\/www.parrinst.com\/de\/files\/2018\/01\/parr_banner_multi_secondary.jpg","type":"image\/jpeg"}],"twitter_card":"summary_large_image","schema":{"@context":"https:\/\/schema.org","@graph":[{"@type":"WebPage","@id":"https:\/\/www.parrinst.com\/de\/products\/multi-reactor-systems\/16-station-multiple-reactor-system\/rfq\/","url":"https:\/\/www.parrinst.com\/de\/products\/multi-reactor-systems\/16-station-multiple-reactor-system\/rfq\/","name":"RFQ - Parr Instrument GmbH","isPartOf":{"@id":"https:\/\/www.parrinst.com\/de\/#website"},"primaryImageOfPage":{"@id":"https:\/\/www.parrinst.com\/de\/products\/multi-reactor-systems\/16-station-multiple-reactor-system\/rfq\/#primaryimage"},"image":{"@id":"https:\/\/www.parrinst.com\/de\/products\/multi-reactor-systems\/16-station-multiple-reactor-system\/rfq\/#primaryimage"},"thumbnailUrl":"https:\/\/i0.wp.com\/www.parrinst.com\/de\/wp-content\/uploads\/sites\/6\/2018\/01\/parr_banner_multi_secondary.jpg?fit=2200%2C399&ssl=1","datePublished":"2015-12-29T21:42:16+00:00","dateModified":"2022-04-06T21:09:33+00:00","breadcrumb":{"@id":"https:\/\/www.parrinst.com\/de\/products\/multi-reactor-systems\/16-station-multiple-reactor-system\/rfq\/#breadcrumb"},"inLanguage":"en-US","potentialAction":[{"@type":"ReadAction","target":["https:\/\/www.parrinst.com\/de\/products\/multi-reactor-systems\/16-station-multiple-reactor-system\/rfq\/"]}]},{"@type":"ImageObject","inLanguage":"en-US","@id":"https:\/\/www.parrinst.com\/de\/products\/multi-reactor-systems\/16-station-multiple-reactor-system\/rfq\/#primaryimage","url":"https:\/\/i0.wp.com\/www.parrinst.com\/de\/wp-content\/uploads\/sites\/6\/2018\/01\/parr_banner_multi_secondary.jpg?fit=2200%2C399&ssl=1","contentUrl":"https:\/\/i0.wp.com\/www.parrinst.com\/de\/wp-content\/uploads\/sites\/6\/2018\/01\/parr_banner_multi_secondary.jpg?fit=2200%2C399&ssl=1","width":2200,"height":399},{"@type":"BreadcrumbList","@id":"https:\/\/www.parrinst.com\/de\/products\/multi-reactor-systems\/16-station-multiple-reactor-system\/rfq\/#breadcrumb","itemListElement":[{"@type":"ListItem","position":1,"name":"Home","item":"https:\/\/www.parrinst.com\/de\/"},{"@type":"ListItem","position":2,"name":"Products","item":"https:\/\/www.parrinst.com\/de\/products\/"},{"@type":"ListItem","position":3,"name":"Mehrfachreaktorsysteme","item":"https:\/\/www.parrinst.com\/de\/products\/multi-reactor-systems\/"},{"@type":"ListItem","position":4,"name":"Mehrfachreaktorsystem mit 16 Stationen","item":"https:\/\/www.parrinst.com\/de\/products\/multi-reactor-systems\/16-station-multiple-reactor-system\/"},{"@type":"ListItem","position":5,"name":"RFQ"}]},{"@type":"WebSite","@id":"https:\/\/www.parrinst.com\/de\/#website","url":"https:\/\/www.parrinst.com\/de\/","name":"Parr Instrument GmbH","description":"","potentialAction":[{"@type":"SearchAction","target":{"@type":"EntryPoint","urlTemplate":"https:\/\/www.parrinst.com\/de\/?s={search_term_string}"},"query-input":{"@type":"PropertyValueSpecification","valueRequired":true,"valueName":"search_term_string"}}],"inLanguage":"en-US"}]}},"jetpack_sharing_enabled":true,"_links":{"self":[{"href":"https:\/\/www.parrinst.com\/de\/wp-json\/wp\/v2\/pages\/11915","targetHints":{"allow":["GET"]}}],"collection":[{"href":"https:\/\/www.parrinst.com\/de\/wp-json\/wp\/v2\/pages"}],"about":[{"href":"https:\/\/www.parrinst.com\/de\/wp-json\/wp\/v2\/types\/page"}],"author":[{"embeddable":true,"href":"https:\/\/www.parrinst.com\/de\/wp-json\/wp\/v2\/users\/12"}],"replies":[{"embeddable":true,"href":"https:\/\/www.parrinst.com\/de\/wp-json\/wp\/v2\/comments?post=11915"}],"version-history":[{"count":3,"href":"https:\/\/www.parrinst.com\/de\/wp-json\/wp\/v2\/pages\/11915\/revisions"}],"predecessor-version":[{"id":41030,"href":"https:\/\/www.parrinst.com\/de\/wp-json\/wp\/v2\/pages\/11915\/revisions\/41030"}],"up":[{"embeddable":true,"href":"https:\/\/www.parrinst.com\/de\/wp-json\/wp\/v2\/pages\/11911"}],"wp:featuredmedia":[{"embeddable":true,"href":"https:\/\/www.parrinst.com\/de\/wp-json\/wp\/v2\/media\/36913"}],"wp:attachment":[{"href":"https:\/\/www.parrinst.com\/de\/wp-json\/wp\/v2\/media?parent=11915"}],"curies":[{"name":"wp","href":"https:\/\/api.w.org\/{rel}","templated":true}]}}