{"id":122,"date":"2011-03-10T13:14:12","date_gmt":"2011-03-10T19:14:12","guid":{"rendered":"https:\/\/www.parrinst.com\/?page_id=122"},"modified":"2020-01-22T14:25:38","modified_gmt":"2020-01-22T20:25:38","slug":"series-5500-hp-compact-reactors","status":"publish","type":"page","link":"https:\/\/www.parrinst.com\/de\/products\/stirred-reactors\/series-5500-hp-compact-reactors\/","title":{"rendered":"Serie 5500 Hochdruck-Kompaktreaktoren, 25-600 ml"},"content":{"rendered":"<h2>Vertrautes Parr-Design<\/h2>\n<figure id=\"attachment_8435\" aria-describedby=\"caption-attachment-8435\" style=\"width: 300px\" class=\"wp-caption alignright\"><a href=\"https:\/\/i0.wp.com\/www.parrinst.com\/de\/wp-content\/uploads\/sites\/6\/2011\/03\/5500_100mL-4848-1.jpg?ssl=1\"><img data-recalc-dims=\"1\" loading=\"lazy\" decoding=\"async\" class=\"wp-image-8435 size-medium\" src=\"https:\/\/i0.wp.com\/www.parrinst.com\/de\/wp-content\/uploads\/sites\/6\/2011\/03\/5500_100mL-4848-1.jpg?resize=300%2C300&#038;ssl=1\" alt=\"Parr Serie 5500 HPCL Reaktor mit 4848 Controller und optionalen Erweiterungsmodulen.\" width=\"300\" height=\"300\" srcset=\"https:\/\/i0.wp.com\/www.parrinst.com\/de\/wp-content\/uploads\/sites\/6\/2011\/03\/5500_100mL-4848-1.jpg?resize=300%2C300&amp;ssl=1 300w, https:\/\/i0.wp.com\/www.parrinst.com\/de\/wp-content\/uploads\/sites\/6\/2011\/03\/5500_100mL-4848-1.jpg?resize=150%2C150&amp;ssl=1 150w, https:\/\/i0.wp.com\/www.parrinst.com\/de\/wp-content\/uploads\/sites\/6\/2011\/03\/5500_100mL-4848-1.jpg?w=600&amp;ssl=1 600w\" sizes=\"auto, (max-width: 300px) 100vw, 300px\" \/><\/a><figcaption id=\"caption-attachment-8435\" class=\"wp-caption-text\">Parr Serie 5500 HPCL Reaktor mit 4848 Controller und optionalen Erweiterungsmodulen.<\/figcaption><\/figure>\n<p>Alle Sicherheits-, Komfort- und Zuverl\u00e4ssigkeitsmerkmale, die seit mehr als 50 Jahren als Markenzeichen von Parr Druckreaktorausstattungen gelten, wurden in die neue Baureihe von Hochdruck-Kompakt-Laborreaktoren aufgenommen (HPCL &#8211; reactors.)<\/p>\n<p><strong>Diese Reaktoren der Serie 5500<\/strong> basieren auf den bekannten Mikro- und Mini-Reaktoren der Serien 4590 und 4560. Es gibt allerdings einige Unterschiede zwischen diesen Reaktoren und ihren urspr\u00fcnglichen Gegenst\u00fccken. Dies sind vor allem:<\/p>\n<ol>\n<li>Ein kleinerer, kompakterer Magnetantrieb.<\/li>\n<li>Ein kleinerer, kompakterer R\u00fchrmotor mit variabler Geschwindigkeit.<\/li>\n<li>Ein gr\u00f6\u00dferer Stand, der F\u00fchrungsarm und der gro\u00dfe Motor entfallen.<\/li>\n<li>Ein Aluminiumheizblock dient jetzt auch als Stand.<\/li>\n<\/ol>\n<p>Als Ergebnis dieser \u00c4nderungen k\u00f6nnen wir nun diese neuen Reaktoren allen Nutzern, die nicht die breite Anzahl an Optionen und Erweiterungen der Reaktorserie 4500 ben\u00f6tigen, zu einem deutlich niedrigeren Preis anbieten. Diese neue Bauart kommt aber nicht nur Forschern mit begrenztem Budget entgegen, sondern auch denjenigen, die vielf\u00e4ltige Reaktorinstallationen f\u00fcr die kombinatorische Chemie ben\u00f6tigen oder mit h\u00f6herem Durchsatz arbeiten wollen.<\/p>\n<p><strong>Die Reaktionsbeh\u00e4lter, die in diesen neuen Reaktoren verwendet werden<\/strong>, sind baugleich mit denen der Mikro- und Mini-Reaktorserien 4590 und 4560. Auch das bekannte Split-Ring Verschluss-System kommt zum Einsatz. Die Druckbeh\u00e4lter sind bis zu einem maximalen Arbeitsdruck von 206 bar (3000 psi) zugelassen. Die H\u00f6chsttemperatur ist abh\u00e4ngig von der verwendeten Dichtung: PTFE-Dichtungen bis 350\u00b0C; FKM O-Ring bis 225\u00b0C; FFKM O-Ring bis 275\u00b0C.<\/p>\n<figure id=\"attachment_1973\" aria-describedby=\"caption-attachment-1973\" style=\"width: 214px\" class=\"wp-caption alignleft\"><a href=\"https:\/\/i0.wp.com\/www.parrinst.com\/de\/wp-content\/uploads\/sites\/6\/2011\/03\/5513_no-isolator.jpg?ssl=1\"><img data-recalc-dims=\"1\" loading=\"lazy\" decoding=\"async\" class=\"wp-image-1973 size-medium\" src=\"https:\/\/i0.wp.com\/www.parrinst.com\/de\/wp-content\/uploads\/sites\/6\/2011\/03\/5513_no-isolator.jpg?resize=214%2C300&#038;ssl=1\" alt=\"Hochdruck-Kompakt-reaktorbeh\u00e4lter, 100 ml.\" width=\"214\" height=\"300\" srcset=\"https:\/\/i0.wp.com\/www.parrinst.com\/de\/wp-content\/uploads\/sites\/6\/2011\/03\/5513_no-isolator.jpg?resize=214%2C300&amp;ssl=1 214w, https:\/\/i0.wp.com\/www.parrinst.com\/de\/wp-content\/uploads\/sites\/6\/2011\/03\/5513_no-isolator.jpg?resize=107%2C150&amp;ssl=1 107w, https:\/\/i0.wp.com\/www.parrinst.com\/de\/wp-content\/uploads\/sites\/6\/2011\/03\/5513_no-isolator.jpg?w=600&amp;ssl=1 600w\" sizes=\"auto, (max-width: 214px) 100vw, 214px\" \/><\/a><figcaption id=\"caption-attachment-1973\" class=\"wp-caption-text\">Hochdruck-Kompakt-reaktorbeh\u00e4lter, 100 ml.<\/figcaption><\/figure>\n<p>Die 25, 50 und 100 ml Reaktoren sind mit Gaseinlass- und Auslassventilen sowie einem Fl\u00fcssigkeitsentnahmeventil, einem Manometer, einer Berstscheibe und einem internen Thermoelement zus\u00e4tzlich zum internen R\u00fchrwerk ausgestattet. Die 300, 450 und 600 ml Reaktoren bieten \u00fcber diese Anschl\u00fcsse hinaus einen optionalen K\u00fchlkreislauf. Zus\u00e4tzlich zum Standard-Typ aus rostfreiem Edelstahl T316 k\u00f6nnen die Druckbeh\u00e4lter der neuen Serie aus allen anderen verf\u00fcgbaren Parr Werkstoffen hergestellt werden.<\/p>\n<p>Die Beh\u00e4lter werden nach ASME Druckbeh\u00e4lterrichtlinien, EG-Druckger\u00e4terichtlinie und anderen lokalen Richtlinien entworfen und gebaut, sowie k\u00f6nnen zertifiziert werden. Die elektrische Sicherheit wird mit dem CSA-Zeichen und dem europ\u00e4ischen CE-Pr\u00fcfsiegel zertifiziert.<\/p>\n<h3>Neuer Magnetantrieb<\/h3>\n<p>In Anwendung der modernen Magnettechnologie hat Parr einen neuen, kompakten, magnetisch gekoppelten R\u00fchrantrieb speziell f\u00fcr kleine Druckbeh\u00e4lter entworfen. Probel\u00e4ufe haben gezeigt, dass es problemlos m\u00f6glich ist, Reaktionsgemische mit einer Viskosit\u00e4t von bis zu 1000 Pa*s (10,000 Centipoise) in einem 600 ml Reaktionsbeh\u00e4lter zu r\u00fchren.<\/p>\n<h3>Motor mit variabler Drehzahl<\/h3>\n<p>Ein 40 Watt Motor mit variabler Drehzahl sorgt f\u00fcr eine einstellbare R\u00fchrgeschwindigkeit von 0 bis 1700 Umdrehungen pro Minute. Eine optionale Drehzahlerfassung gibt ein Signal an das ebenfalls optionale Drehzahlanzeigemodul, das im Controller 4848 verbaut werden kann.<\/p>\n<h3>Neue Heizung \/ Reaktorstand<\/h3>\n<p>F\u00fcr die Reaktoren dieser Serie wurde eine neue Heizung, die gleichzeitig als Reaktorstand fungiert, entwickelt. Es handelt sich um eine Heizung aus einem Aluminiumblock mit ausgezeichneter W\u00e4rmeleitf\u00e4higkeit und gleichm\u00e4\u00dfiger W\u00e4rmeverteilung. Die auswechselbaren Heizelemente, die in diesen Heizbl\u00f6cken verwendet werden, k\u00f6nnen bei Bedarf einfach ersetzt werden. Der Heizblock wird von einem Hitzeschutzblech aus Edelstahl ummantelt. Die Kombination aus Heizung und Reaktorstand minimiert die Grundfl\u00e4che des Reaktors und ist daher ideal bei begrenztem Platz auf Labortischen.<\/p>\n<h3>4848 Temperatur-Controller<\/h3>\n<p>Die Controller-Serie 4848, die mit den Parr Standard Reaktoren f\u00fcr mittlere und hohe Dr\u00fccke benutzt wird, kann auch f\u00fcr diese Reaktoren eingesetzt werden. Der 4848 bietet dem Nutzer die M\u00f6glichkeiten f\u00fcr redundante Temperatursensoren und Alarmsignale, digitale Druckerfassung, R\u00fchrgeschwindigkeitsanzeige oder -regelung, Kontrolle und Regelung der Motorbelastung und eine bidirektionale, digitale Kommunikation (RS-485).<\/p>\n<h3>Alternativ erh\u00e4ltliche Controller<\/h3>\n<p>Ein einzelner Prozesscontroller 4871 kann bis zu acht Hochdruck-Kompakt-Laborreaktoren steuern.<\/p>\n<h3>Optionen<\/h3>\n<p>Im Bestellschl\u00fcssel sind die zahlreichen Optionen f\u00fcr die Reaktoren der Baureihe 5500 aufgelistet. \u00dcber die hier beschriebenen Optionen hinaus werden im Bereich \u201eOptionen\u201c der Parr Website noch diverse zus\u00e4tzliche Ausstattungen beschrieben, wie zum Beispiel Glas- oder PTFE-Eins\u00e4tze, spezielle R\u00fchrer, Manometer, Gas- und Fl\u00fcssigkeitseinspeisungen, kundenspezifische Ventile und so weiter. Mehr Informationen entnehmen Sie der Sektion <a href=\"https:\/\/www.parrinst.com\/de\/products\/stirred-reactors\/options-accessories\/\">Optionen und Zubeh\u00f6r<\/a> der Parr-Webseite.<\/p>\n<p>Die Reaktorserie 5500 wurde entwickelt, um f\u00fcr kompakte Laborreaktoren die notwendigen Basis-Funktionen vorzusehen; nicht alle Optionen, die f\u00fcr die vielseitigere Reaktorbaureihe 4500 verf\u00fcgbar sind, k\u00f6nnen dabei integriert werden. Allen Interessenten, die einen explosionsgesch\u00fctzten Betrieb, ummantelte Beh\u00e4lter, Bodenablassventile, R\u00fchrwerke mit gro\u00dfem Drehmoment, Katalysatorgeflechte etc. w\u00fcnschen, werden die Mikroreaktoren und Minireaktoren der Baureihen 4590 &amp; 4560 empfohlen.<\/p>\n","protected":false},"excerpt":{"rendered":"<p>Vertrautes Parr-Design Alle Sicherheits-, Komfort- und Zuverl\u00e4ssigkeitsmerkmale, die seit mehr als 50 Jahren als Markenzeichen von Parr Druckreaktorausstattungen gelten, wurden in die neue Baureihe von Hochdruck-Kompakt-Laborreaktoren aufgenommen (HPCL &#8211; reactors.) Diese Reaktoren der Serie 5500 basieren auf den bekannten Mikro- und Mini-Reaktoren der Serien 4590 und 4560. Es gibt allerdings einige Unterschiede zwischen diesen Reaktoren [&hellip;]<\/p>\n","protected":false},"author":1,"featured_media":36873,"parent":47,"menu_order":10,"comment_status":"closed","ping_status":"closed","template":"product-wide-strirred-filter.php","meta":{"_acf_changed":false,"footnotes":"","_links_to":"","_links_to_target":""},"class_list":["post-122","page","type-page","status-publish","has-post-thumbnail","hentry"],"acf":[],"yoast_head":"<!-- This site is optimized with the Yoast SEO plugin v27.4 - https:\/\/yoast.com\/product\/yoast-seo-wordpress\/ -->\n<title>Serie 5500 Hochdruck-Kompaktreaktoren, 25-600 ml - Parr Instrument GmbH<\/title>\n<meta name=\"robots\" content=\"index, follow, max-snippet:-1, max-image-preview:large, max-video-preview:-1\" \/>\n<link rel=\"canonical\" href=\"https:\/\/www.parrinst.com\/de\/products\/stirred-reactors\/series-5500-hp-compact-reactors\/\" \/>\n<meta property=\"og:locale\" content=\"en_US\" \/>\n<meta property=\"og:type\" content=\"article\" \/>\n<meta property=\"og:title\" content=\"Serie 5500 Hochdruck-Kompaktreaktoren, 25-600 ml - Parr Instrument GmbH\" \/>\n<meta property=\"og:description\" content=\"Vertrautes Parr-Design Alle Sicherheits-, Komfort- und Zuverl\u00e4ssigkeitsmerkmale, die seit mehr als 50 Jahren als Markenzeichen von Parr Druckreaktorausstattungen gelten, wurden in die neue Baureihe von Hochdruck-Kompakt-Laborreaktoren aufgenommen (HPCL &#8211; reactors.) Diese Reaktoren der Serie 5500 basieren auf den bekannten Mikro- und Mini-Reaktoren der Serien 4590 und 4560. Es gibt allerdings einige Unterschiede zwischen diesen Reaktoren [&hellip;]\" \/>\n<meta property=\"og:url\" content=\"https:\/\/www.parrinst.com\/de\/products\/stirred-reactors\/series-5500-hp-compact-reactors\/\" \/>\n<meta property=\"og:site_name\" content=\"Parr Instrument GmbH\" \/>\n<meta property=\"article:modified_time\" content=\"2020-01-22T20:25:38+00:00\" \/>\n<meta property=\"og:image\" content=\"https:\/\/www.parrinst.com\/de\/files\/2017\/12\/parr_banner_stirred3_secondary.jpg\" \/>\n\t<meta property=\"og:image:width\" content=\"2200\" \/>\n\t<meta property=\"og:image:height\" content=\"399\" \/>\n\t<meta property=\"og:image:type\" content=\"image\/jpeg\" \/>\n<meta name=\"twitter:card\" content=\"summary_large_image\" \/>\n<meta name=\"twitter:label1\" content=\"Est. reading time\" \/>\n\t<meta name=\"twitter:data1\" content=\"4 minutes\" \/>\n<script type=\"application\/ld+json\" class=\"yoast-schema-graph\">{\"@context\":\"https:\\\/\\\/schema.org\",\"@graph\":[{\"@type\":\"WebPage\",\"@id\":\"https:\\\/\\\/www.parrinst.com\\\/de\\\/products\\\/stirred-reactors\\\/series-5500-hp-compact-reactors\\\/\",\"url\":\"https:\\\/\\\/www.parrinst.com\\\/de\\\/products\\\/stirred-reactors\\\/series-5500-hp-compact-reactors\\\/\",\"name\":\"Serie 5500 Hochdruck-Kompaktreaktoren, 25-600 ml - Parr Instrument GmbH\",\"isPartOf\":{\"@id\":\"https:\\\/\\\/www.parrinst.com\\\/de\\\/#website\"},\"primaryImageOfPage\":{\"@id\":\"https:\\\/\\\/www.parrinst.com\\\/de\\\/products\\\/stirred-reactors\\\/series-5500-hp-compact-reactors\\\/#primaryimage\"},\"image\":{\"@id\":\"https:\\\/\\\/www.parrinst.com\\\/de\\\/products\\\/stirred-reactors\\\/series-5500-hp-compact-reactors\\\/#primaryimage\"},\"thumbnailUrl\":\"https:\\\/\\\/i0.wp.com\\\/www.parrinst.com\\\/de\\\/wp-content\\\/uploads\\\/sites\\\/6\\\/2017\\\/12\\\/parr_banner_stirred3_secondary.jpg?fit=2200%2C399&ssl=1\",\"datePublished\":\"2011-03-10T19:14:12+00:00\",\"dateModified\":\"2020-01-22T20:25:38+00:00\",\"breadcrumb\":{\"@id\":\"https:\\\/\\\/www.parrinst.com\\\/de\\\/products\\\/stirred-reactors\\\/series-5500-hp-compact-reactors\\\/#breadcrumb\"},\"inLanguage\":\"en-US\",\"potentialAction\":[{\"@type\":\"ReadAction\",\"target\":[\"https:\\\/\\\/www.parrinst.com\\\/de\\\/products\\\/stirred-reactors\\\/series-5500-hp-compact-reactors\\\/\"]}]},{\"@type\":\"ImageObject\",\"inLanguage\":\"en-US\",\"@id\":\"https:\\\/\\\/www.parrinst.com\\\/de\\\/products\\\/stirred-reactors\\\/series-5500-hp-compact-reactors\\\/#primaryimage\",\"url\":\"https:\\\/\\\/i0.wp.com\\\/www.parrinst.com\\\/de\\\/wp-content\\\/uploads\\\/sites\\\/6\\\/2017\\\/12\\\/parr_banner_stirred3_secondary.jpg?fit=2200%2C399&ssl=1\",\"contentUrl\":\"https:\\\/\\\/i0.wp.com\\\/www.parrinst.com\\\/de\\\/wp-content\\\/uploads\\\/sites\\\/6\\\/2017\\\/12\\\/parr_banner_stirred3_secondary.jpg?fit=2200%2C399&ssl=1\",\"width\":2200,\"height\":399},{\"@type\":\"BreadcrumbList\",\"@id\":\"https:\\\/\\\/www.parrinst.com\\\/de\\\/products\\\/stirred-reactors\\\/series-5500-hp-compact-reactors\\\/#breadcrumb\",\"itemListElement\":[{\"@type\":\"ListItem\",\"position\":1,\"name\":\"Home\",\"item\":\"https:\\\/\\\/www.parrinst.com\\\/de\\\/\"},{\"@type\":\"ListItem\",\"position\":2,\"name\":\"Products\",\"item\":\"https:\\\/\\\/www.parrinst.com\\\/de\\\/products\\\/\"},{\"@type\":\"ListItem\",\"position\":3,\"name\":\"Ger\u00fchrte Reaktoren\",\"item\":\"https:\\\/\\\/www.parrinst.com\\\/de\\\/products\\\/stirred-reactors\\\/\"},{\"@type\":\"ListItem\",\"position\":4,\"name\":\"Serie 5500 Hochdruck-Kompaktreaktoren, 25-600 ml\"}]},{\"@type\":\"WebSite\",\"@id\":\"https:\\\/\\\/www.parrinst.com\\\/de\\\/#website\",\"url\":\"https:\\\/\\\/www.parrinst.com\\\/de\\\/\",\"name\":\"Parr Instrument GmbH\",\"description\":\"\",\"potentialAction\":[{\"@type\":\"SearchAction\",\"target\":{\"@type\":\"EntryPoint\",\"urlTemplate\":\"https:\\\/\\\/www.parrinst.com\\\/de\\\/?s={search_term_string}\"},\"query-input\":{\"@type\":\"PropertyValueSpecification\",\"valueRequired\":true,\"valueName\":\"search_term_string\"}}],\"inLanguage\":\"en-US\"}]}<\/script>\n<!-- \/ Yoast SEO plugin. -->","yoast_head_json":{"title":"Serie 5500 Hochdruck-Kompaktreaktoren, 25-600 ml - Parr Instrument GmbH","robots":{"index":"index","follow":"follow","max-snippet":"max-snippet:-1","max-image-preview":"max-image-preview:large","max-video-preview":"max-video-preview:-1"},"canonical":"https:\/\/www.parrinst.com\/de\/products\/stirred-reactors\/series-5500-hp-compact-reactors\/","og_locale":"en_US","og_type":"article","og_title":"Serie 5500 Hochdruck-Kompaktreaktoren, 25-600 ml - Parr Instrument GmbH","og_description":"Vertrautes Parr-Design Alle Sicherheits-, Komfort- und Zuverl\u00e4ssigkeitsmerkmale, die seit mehr als 50 Jahren als Markenzeichen von Parr Druckreaktorausstattungen gelten, wurden in die neue Baureihe von Hochdruck-Kompakt-Laborreaktoren aufgenommen (HPCL &#8211; reactors.) Diese Reaktoren der Serie 5500 basieren auf den bekannten Mikro- und Mini-Reaktoren der Serien 4590 und 4560. Es gibt allerdings einige Unterschiede zwischen diesen Reaktoren [&hellip;]","og_url":"https:\/\/www.parrinst.com\/de\/products\/stirred-reactors\/series-5500-hp-compact-reactors\/","og_site_name":"Parr Instrument GmbH","article_modified_time":"2020-01-22T20:25:38+00:00","og_image":[{"width":2200,"height":399,"url":"https:\/\/www.parrinst.com\/de\/files\/2017\/12\/parr_banner_stirred3_secondary.jpg","type":"image\/jpeg"}],"twitter_card":"summary_large_image","twitter_misc":{"Est. reading time":"4 minutes"},"schema":{"@context":"https:\/\/schema.org","@graph":[{"@type":"WebPage","@id":"https:\/\/www.parrinst.com\/de\/products\/stirred-reactors\/series-5500-hp-compact-reactors\/","url":"https:\/\/www.parrinst.com\/de\/products\/stirred-reactors\/series-5500-hp-compact-reactors\/","name":"Serie 5500 Hochdruck-Kompaktreaktoren, 25-600 ml - Parr Instrument GmbH","isPartOf":{"@id":"https:\/\/www.parrinst.com\/de\/#website"},"primaryImageOfPage":{"@id":"https:\/\/www.parrinst.com\/de\/products\/stirred-reactors\/series-5500-hp-compact-reactors\/#primaryimage"},"image":{"@id":"https:\/\/www.parrinst.com\/de\/products\/stirred-reactors\/series-5500-hp-compact-reactors\/#primaryimage"},"thumbnailUrl":"https:\/\/i0.wp.com\/www.parrinst.com\/de\/wp-content\/uploads\/sites\/6\/2017\/12\/parr_banner_stirred3_secondary.jpg?fit=2200%2C399&ssl=1","datePublished":"2011-03-10T19:14:12+00:00","dateModified":"2020-01-22T20:25:38+00:00","breadcrumb":{"@id":"https:\/\/www.parrinst.com\/de\/products\/stirred-reactors\/series-5500-hp-compact-reactors\/#breadcrumb"},"inLanguage":"en-US","potentialAction":[{"@type":"ReadAction","target":["https:\/\/www.parrinst.com\/de\/products\/stirred-reactors\/series-5500-hp-compact-reactors\/"]}]},{"@type":"ImageObject","inLanguage":"en-US","@id":"https:\/\/www.parrinst.com\/de\/products\/stirred-reactors\/series-5500-hp-compact-reactors\/#primaryimage","url":"https:\/\/i0.wp.com\/www.parrinst.com\/de\/wp-content\/uploads\/sites\/6\/2017\/12\/parr_banner_stirred3_secondary.jpg?fit=2200%2C399&ssl=1","contentUrl":"https:\/\/i0.wp.com\/www.parrinst.com\/de\/wp-content\/uploads\/sites\/6\/2017\/12\/parr_banner_stirred3_secondary.jpg?fit=2200%2C399&ssl=1","width":2200,"height":399},{"@type":"BreadcrumbList","@id":"https:\/\/www.parrinst.com\/de\/products\/stirred-reactors\/series-5500-hp-compact-reactors\/#breadcrumb","itemListElement":[{"@type":"ListItem","position":1,"name":"Home","item":"https:\/\/www.parrinst.com\/de\/"},{"@type":"ListItem","position":2,"name":"Products","item":"https:\/\/www.parrinst.com\/de\/products\/"},{"@type":"ListItem","position":3,"name":"Ger\u00fchrte Reaktoren","item":"https:\/\/www.parrinst.com\/de\/products\/stirred-reactors\/"},{"@type":"ListItem","position":4,"name":"Serie 5500 Hochdruck-Kompaktreaktoren, 25-600 ml"}]},{"@type":"WebSite","@id":"https:\/\/www.parrinst.com\/de\/#website","url":"https:\/\/www.parrinst.com\/de\/","name":"Parr Instrument GmbH","description":"","potentialAction":[{"@type":"SearchAction","target":{"@type":"EntryPoint","urlTemplate":"https:\/\/www.parrinst.com\/de\/?s={search_term_string}"},"query-input":{"@type":"PropertyValueSpecification","valueRequired":true,"valueName":"search_term_string"}}],"inLanguage":"en-US"}]}},"jetpack_sharing_enabled":true,"_links":{"self":[{"href":"https:\/\/www.parrinst.com\/de\/wp-json\/wp\/v2\/pages\/122","targetHints":{"allow":["GET"]}}],"collection":[{"href":"https:\/\/www.parrinst.com\/de\/wp-json\/wp\/v2\/pages"}],"about":[{"href":"https:\/\/www.parrinst.com\/de\/wp-json\/wp\/v2\/types\/page"}],"author":[{"embeddable":true,"href":"https:\/\/www.parrinst.com\/de\/wp-json\/wp\/v2\/users\/1"}],"replies":[{"embeddable":true,"href":"https:\/\/www.parrinst.com\/de\/wp-json\/wp\/v2\/comments?post=122"}],"version-history":[{"count":17,"href":"https:\/\/www.parrinst.com\/de\/wp-json\/wp\/v2\/pages\/122\/revisions"}],"predecessor-version":[{"id":40293,"href":"https:\/\/www.parrinst.com\/de\/wp-json\/wp\/v2\/pages\/122\/revisions\/40293"}],"up":[{"embeddable":true,"href":"https:\/\/www.parrinst.com\/de\/wp-json\/wp\/v2\/pages\/47"}],"wp:featuredmedia":[{"embeddable":true,"href":"https:\/\/www.parrinst.com\/de\/wp-json\/wp\/v2\/media\/36873"}],"wp:attachment":[{"href":"https:\/\/www.parrinst.com\/de\/wp-json\/wp\/v2\/media?parent=122"}],"curies":[{"name":"wp","href":"https:\/\/api.w.org\/{rel}","templated":true}]}}