{"id":126,"date":"2011-03-10T13:15:02","date_gmt":"2011-03-10T19:15:02","guid":{"rendered":"https:\/\/www.parrinst.com\/?page_id=126"},"modified":"2021-09-10T15:46:59","modified_gmt":"2021-09-10T20:46:59","slug":"design-features","status":"publish","type":"page","link":"https:\/\/www.parrinst.com\/de\/products\/stirred-reactors\/design-features\/","title":{"rendered":"Designmerkmale"},"content":{"rendered":"<p>Parr bietet eine gro\u00dfe Bandbreite an Zusatzausstattung, um den individuellen Anforderungen an Aufbau und Bedienung gerecht zu werden. F\u00fcr alle, die mehrere Optionen f\u00fcr Einlass, Entl\u00fcftung und Instrumentierung w\u00fcnschen, bieten wir die \u201eFixed Head\u201c-Modelle an. Der abnehmbare (\u201emoveable\u201c) Beh\u00e4lter hingegen ist f\u00fcr die Nutzer gedacht, die die Bef\u00fcllung und sp\u00e4tere Produktentnahme nicht im Arbeitsbereich durchf\u00fchren m\u00f6chten. Die schnell zu \u00f6ffnenden Druckbeh\u00e4lter mit O-Ringdichtung haben einen hohen Bedienkomfort bei moderaten Arbeitstemperaturen. F\u00fcr h\u00f6here Arbeitstemperaturen stehen PTFE- oder auch Grafitdichtungen zur Verf\u00fcgung.<\/p>\n<p>Die magnetisch gekoppelten R\u00fchrantriebe werden in zwei Geschwindigkeiten in vier Drehmomentbereichen angeboten. Heizungen sind als elektrische Version und als Heizm\u00e4ntel mit Zirkulationssystem verf\u00fcgbar. Temperaturregler gibt es als einfache Regelung oder f\u00fcr eine vollst\u00e4ndige Einbindung des Prozesscontrollers. Dar\u00fcber hinaus sind noch vielf\u00e4ltige Sonderausstattungen erh\u00e4ltlich, wie zum Beispiel interne K\u00fchlwicklungen, Bodenablassventile, Kondensatabscheider, Spezialr\u00fchrwerke, explosionsgesch\u00fctzte Komponenten, Fl\u00fcssiggasbef\u00fcllung, Anzeigesysteme und viele weitere.<\/p>\n<p>Es gibt noch viele andere Optionen und Ausstattungen, um einen ger\u00fchrten Reaktor in ein Druckreaktorsystem zu verwandeln. Wir bieten zahlreiche Wahlm\u00f6glichkeiten an, doch letztendlich muss allein der Kunde entscheiden, welche Anbauten f\u00fcr seine Zwecke ben\u00f6tigt werden.<\/p>\n<p><a title=\"Materials of Construction\" href=\"https:\/\/www.parrinst.com\/de\/products\/stirred-reactors\/options-accessories\/materials-of-construction\/\">Werkstoffe<\/a><\/p>\n<p><a title=\"Pressure and Temperature Limits\" href=\"https:\/\/www.parrinst.com\/de\/products\/stirred-reactors\/design-features\/pressure-and-temperature-limits\/\">Druck- und Temperaturgrenzen<\/a><\/p>\n<p><a title=\"Design Codes and Certifications\" href=\"https:\/\/www.parrinst.com\/de\/support\/certifications\/\">Konstruktionsrichtlinien und Zertifizierung<\/a><\/p>\n<p><a title=\"Magnetic Drives\" href=\"https:\/\/www.parrinst.com\/de\/products\/stirred-reactors\/options-accessories\/magnetic-drives\/\">Magnetantrieb<\/a><\/p>\n<p><a title=\"Split-Ring Closures\" href=\"https:\/\/www.parrinst.com\/de\/products\/stirred-reactors\/options-accessories\/split-ring-closures\/\">Split-Ring Verschluss<\/a><\/p>\n<p><a title=\"Gaskets and Seals\" href=\"https:\/\/www.parrinst.com\/de\/products\/stirred-reactors\/options-accessories\/gaskets-and-seals\/\">Dichtungen<\/a><\/p>\n<p><a title=\"Mounting Styles\" href=\"https:\/\/www.parrinst.com\/de\/products\/stirred-reactors\/design-features\/mounting-styles\/\">Einbauarten<\/a><\/p>\n<h3>Anwendungsbereiche<\/h3>\n<p>Unsere ger\u00fchrten Reaktoren werden in vielen Bereichen der chemischen Industrie verwendet. Die katalytische Hydrierung mit der zugeh\u00f6rigen Katalysatorentwicklung und -erprobung ist einer der prinzipiellen Anwendungsbereiche dieser Reaktoren mit ihrem ausgezeichneten 3-Phasen-Mischsystem. Eine weitere, verbreitete Anwendungsm\u00f6glichkeit ist die Polymerentwicklung. Auch bei hydrometallurgischen Anwendungen werden diese Druckbeh\u00e4lter gerne eingesetzt.<\/p>\n<p>&nbsp;<\/p>\n","protected":false},"excerpt":{"rendered":"<p>Parr bietet eine gro\u00dfe Bandbreite an Zusatzausstattung, um den individuellen Anforderungen an Aufbau und Bedienung gerecht zu werden. F\u00fcr alle, die mehrere Optionen f\u00fcr Einlass, Entl\u00fcftung und Instrumentierung w\u00fcnschen, bieten wir die \u201eFixed Head\u201c-Modelle an. Der abnehmbare (\u201emoveable\u201c) Beh\u00e4lter hingegen ist f\u00fcr die Nutzer gedacht, die die Bef\u00fcllung und sp\u00e4tere Produktentnahme nicht im Arbeitsbereich durchf\u00fchren [&hellip;]<\/p>\n","protected":false},"author":2,"featured_media":36873,"parent":47,"menu_order":2,"comment_status":"closed","ping_status":"closed","template":"general-tabs.php","meta":{"_acf_changed":false,"footnotes":"","_links_to":"","_links_to_target":""},"class_list":["post-126","page","type-page","status-publish","has-post-thumbnail","hentry"],"acf":[],"yoast_head":"<!-- This site is optimized with the Yoast SEO plugin v27.4 - https:\/\/yoast.com\/product\/yoast-seo-wordpress\/ -->\n<title>Designmerkmale - Parr Instrument GmbH<\/title>\n<meta name=\"robots\" content=\"index, follow, max-snippet:-1, max-image-preview:large, max-video-preview:-1\" \/>\n<link rel=\"canonical\" href=\"https:\/\/www.parrinst.com\/de\/products\/stirred-reactors\/design-features\/\" \/>\n<meta property=\"og:locale\" content=\"en_US\" \/>\n<meta property=\"og:type\" content=\"article\" \/>\n<meta property=\"og:title\" content=\"Designmerkmale - Parr Instrument GmbH\" \/>\n<meta property=\"og:description\" content=\"Parr bietet eine gro\u00dfe Bandbreite an Zusatzausstattung, um den individuellen Anforderungen an Aufbau und Bedienung gerecht zu werden. F\u00fcr alle, die mehrere Optionen f\u00fcr Einlass, Entl\u00fcftung und Instrumentierung w\u00fcnschen, bieten wir die \u201eFixed Head\u201c-Modelle an. Der abnehmbare (\u201emoveable\u201c) Beh\u00e4lter hingegen ist f\u00fcr die Nutzer gedacht, die die Bef\u00fcllung und sp\u00e4tere Produktentnahme nicht im Arbeitsbereich durchf\u00fchren [&hellip;]\" \/>\n<meta property=\"og:url\" content=\"https:\/\/www.parrinst.com\/de\/products\/stirred-reactors\/design-features\/\" \/>\n<meta property=\"og:site_name\" content=\"Parr Instrument GmbH\" \/>\n<meta property=\"article:modified_time\" content=\"2021-09-10T20:46:59+00:00\" \/>\n<meta property=\"og:image\" content=\"https:\/\/www.parrinst.com\/de\/files\/2017\/12\/parr_banner_stirred3_secondary.jpg\" \/>\n\t<meta property=\"og:image:width\" content=\"2200\" \/>\n\t<meta property=\"og:image:height\" content=\"399\" \/>\n\t<meta property=\"og:image:type\" content=\"image\/jpeg\" \/>\n<meta name=\"twitter:card\" content=\"summary_large_image\" \/>\n<meta name=\"twitter:label1\" content=\"Est. reading time\" \/>\n\t<meta name=\"twitter:data1\" content=\"1 minute\" \/>\n<script type=\"application\/ld+json\" class=\"yoast-schema-graph\">{\"@context\":\"https:\\\/\\\/schema.org\",\"@graph\":[{\"@type\":\"WebPage\",\"@id\":\"https:\\\/\\\/www.parrinst.com\\\/de\\\/products\\\/stirred-reactors\\\/design-features\\\/\",\"url\":\"https:\\\/\\\/www.parrinst.com\\\/de\\\/products\\\/stirred-reactors\\\/design-features\\\/\",\"name\":\"Designmerkmale - Parr Instrument GmbH\",\"isPartOf\":{\"@id\":\"https:\\\/\\\/www.parrinst.com\\\/de\\\/#website\"},\"primaryImageOfPage\":{\"@id\":\"https:\\\/\\\/www.parrinst.com\\\/de\\\/products\\\/stirred-reactors\\\/design-features\\\/#primaryimage\"},\"image\":{\"@id\":\"https:\\\/\\\/www.parrinst.com\\\/de\\\/products\\\/stirred-reactors\\\/design-features\\\/#primaryimage\"},\"thumbnailUrl\":\"https:\\\/\\\/i0.wp.com\\\/www.parrinst.com\\\/de\\\/wp-content\\\/uploads\\\/sites\\\/6\\\/2017\\\/12\\\/parr_banner_stirred3_secondary.jpg?fit=2200%2C399&ssl=1\",\"datePublished\":\"2011-03-10T19:15:02+00:00\",\"dateModified\":\"2021-09-10T20:46:59+00:00\",\"breadcrumb\":{\"@id\":\"https:\\\/\\\/www.parrinst.com\\\/de\\\/products\\\/stirred-reactors\\\/design-features\\\/#breadcrumb\"},\"inLanguage\":\"en-US\",\"potentialAction\":[{\"@type\":\"ReadAction\",\"target\":[\"https:\\\/\\\/www.parrinst.com\\\/de\\\/products\\\/stirred-reactors\\\/design-features\\\/\"]}]},{\"@type\":\"ImageObject\",\"inLanguage\":\"en-US\",\"@id\":\"https:\\\/\\\/www.parrinst.com\\\/de\\\/products\\\/stirred-reactors\\\/design-features\\\/#primaryimage\",\"url\":\"https:\\\/\\\/i0.wp.com\\\/www.parrinst.com\\\/de\\\/wp-content\\\/uploads\\\/sites\\\/6\\\/2017\\\/12\\\/parr_banner_stirred3_secondary.jpg?fit=2200%2C399&ssl=1\",\"contentUrl\":\"https:\\\/\\\/i0.wp.com\\\/www.parrinst.com\\\/de\\\/wp-content\\\/uploads\\\/sites\\\/6\\\/2017\\\/12\\\/parr_banner_stirred3_secondary.jpg?fit=2200%2C399&ssl=1\",\"width\":2200,\"height\":399},{\"@type\":\"BreadcrumbList\",\"@id\":\"https:\\\/\\\/www.parrinst.com\\\/de\\\/products\\\/stirred-reactors\\\/design-features\\\/#breadcrumb\",\"itemListElement\":[{\"@type\":\"ListItem\",\"position\":1,\"name\":\"Home\",\"item\":\"https:\\\/\\\/www.parrinst.com\\\/de\\\/\"},{\"@type\":\"ListItem\",\"position\":2,\"name\":\"Products\",\"item\":\"https:\\\/\\\/www.parrinst.com\\\/de\\\/products\\\/\"},{\"@type\":\"ListItem\",\"position\":3,\"name\":\"Ger\u00fchrte Reaktoren\",\"item\":\"https:\\\/\\\/www.parrinst.com\\\/de\\\/products\\\/stirred-reactors\\\/\"},{\"@type\":\"ListItem\",\"position\":4,\"name\":\"Designmerkmale\"}]},{\"@type\":\"WebSite\",\"@id\":\"https:\\\/\\\/www.parrinst.com\\\/de\\\/#website\",\"url\":\"https:\\\/\\\/www.parrinst.com\\\/de\\\/\",\"name\":\"Parr Instrument GmbH\",\"description\":\"\",\"potentialAction\":[{\"@type\":\"SearchAction\",\"target\":{\"@type\":\"EntryPoint\",\"urlTemplate\":\"https:\\\/\\\/www.parrinst.com\\\/de\\\/?s={search_term_string}\"},\"query-input\":{\"@type\":\"PropertyValueSpecification\",\"valueRequired\":true,\"valueName\":\"search_term_string\"}}],\"inLanguage\":\"en-US\"}]}<\/script>\n<!-- \/ Yoast SEO plugin. -->","yoast_head_json":{"title":"Designmerkmale - Parr Instrument GmbH","robots":{"index":"index","follow":"follow","max-snippet":"max-snippet:-1","max-image-preview":"max-image-preview:large","max-video-preview":"max-video-preview:-1"},"canonical":"https:\/\/www.parrinst.com\/de\/products\/stirred-reactors\/design-features\/","og_locale":"en_US","og_type":"article","og_title":"Designmerkmale - Parr Instrument GmbH","og_description":"Parr bietet eine gro\u00dfe Bandbreite an Zusatzausstattung, um den individuellen Anforderungen an Aufbau und Bedienung gerecht zu werden. F\u00fcr alle, die mehrere Optionen f\u00fcr Einlass, Entl\u00fcftung und Instrumentierung w\u00fcnschen, bieten wir die \u201eFixed Head\u201c-Modelle an. Der abnehmbare (\u201emoveable\u201c) Beh\u00e4lter hingegen ist f\u00fcr die Nutzer gedacht, die die Bef\u00fcllung und sp\u00e4tere Produktentnahme nicht im Arbeitsbereich durchf\u00fchren [&hellip;]","og_url":"https:\/\/www.parrinst.com\/de\/products\/stirred-reactors\/design-features\/","og_site_name":"Parr Instrument GmbH","article_modified_time":"2021-09-10T20:46:59+00:00","og_image":[{"width":2200,"height":399,"url":"https:\/\/www.parrinst.com\/de\/files\/2017\/12\/parr_banner_stirred3_secondary.jpg","type":"image\/jpeg"}],"twitter_card":"summary_large_image","twitter_misc":{"Est. reading time":"1 minute"},"schema":{"@context":"https:\/\/schema.org","@graph":[{"@type":"WebPage","@id":"https:\/\/www.parrinst.com\/de\/products\/stirred-reactors\/design-features\/","url":"https:\/\/www.parrinst.com\/de\/products\/stirred-reactors\/design-features\/","name":"Designmerkmale - Parr Instrument GmbH","isPartOf":{"@id":"https:\/\/www.parrinst.com\/de\/#website"},"primaryImageOfPage":{"@id":"https:\/\/www.parrinst.com\/de\/products\/stirred-reactors\/design-features\/#primaryimage"},"image":{"@id":"https:\/\/www.parrinst.com\/de\/products\/stirred-reactors\/design-features\/#primaryimage"},"thumbnailUrl":"https:\/\/i0.wp.com\/www.parrinst.com\/de\/wp-content\/uploads\/sites\/6\/2017\/12\/parr_banner_stirred3_secondary.jpg?fit=2200%2C399&ssl=1","datePublished":"2011-03-10T19:15:02+00:00","dateModified":"2021-09-10T20:46:59+00:00","breadcrumb":{"@id":"https:\/\/www.parrinst.com\/de\/products\/stirred-reactors\/design-features\/#breadcrumb"},"inLanguage":"en-US","potentialAction":[{"@type":"ReadAction","target":["https:\/\/www.parrinst.com\/de\/products\/stirred-reactors\/design-features\/"]}]},{"@type":"ImageObject","inLanguage":"en-US","@id":"https:\/\/www.parrinst.com\/de\/products\/stirred-reactors\/design-features\/#primaryimage","url":"https:\/\/i0.wp.com\/www.parrinst.com\/de\/wp-content\/uploads\/sites\/6\/2017\/12\/parr_banner_stirred3_secondary.jpg?fit=2200%2C399&ssl=1","contentUrl":"https:\/\/i0.wp.com\/www.parrinst.com\/de\/wp-content\/uploads\/sites\/6\/2017\/12\/parr_banner_stirred3_secondary.jpg?fit=2200%2C399&ssl=1","width":2200,"height":399},{"@type":"BreadcrumbList","@id":"https:\/\/www.parrinst.com\/de\/products\/stirred-reactors\/design-features\/#breadcrumb","itemListElement":[{"@type":"ListItem","position":1,"name":"Home","item":"https:\/\/www.parrinst.com\/de\/"},{"@type":"ListItem","position":2,"name":"Products","item":"https:\/\/www.parrinst.com\/de\/products\/"},{"@type":"ListItem","position":3,"name":"Ger\u00fchrte Reaktoren","item":"https:\/\/www.parrinst.com\/de\/products\/stirred-reactors\/"},{"@type":"ListItem","position":4,"name":"Designmerkmale"}]},{"@type":"WebSite","@id":"https:\/\/www.parrinst.com\/de\/#website","url":"https:\/\/www.parrinst.com\/de\/","name":"Parr Instrument GmbH","description":"","potentialAction":[{"@type":"SearchAction","target":{"@type":"EntryPoint","urlTemplate":"https:\/\/www.parrinst.com\/de\/?s={search_term_string}"},"query-input":{"@type":"PropertyValueSpecification","valueRequired":true,"valueName":"search_term_string"}}],"inLanguage":"en-US"}]}},"jetpack_sharing_enabled":true,"_links":{"self":[{"href":"https:\/\/www.parrinst.com\/de\/wp-json\/wp\/v2\/pages\/126","targetHints":{"allow":["GET"]}}],"collection":[{"href":"https:\/\/www.parrinst.com\/de\/wp-json\/wp\/v2\/pages"}],"about":[{"href":"https:\/\/www.parrinst.com\/de\/wp-json\/wp\/v2\/types\/page"}],"author":[{"embeddable":true,"href":"https:\/\/www.parrinst.com\/de\/wp-json\/wp\/v2\/users\/2"}],"replies":[{"embeddable":true,"href":"https:\/\/www.parrinst.com\/de\/wp-json\/wp\/v2\/comments?post=126"}],"version-history":[{"count":4,"href":"https:\/\/www.parrinst.com\/de\/wp-json\/wp\/v2\/pages\/126\/revisions"}],"predecessor-version":[{"id":38938,"href":"https:\/\/www.parrinst.com\/de\/wp-json\/wp\/v2\/pages\/126\/revisions\/38938"}],"up":[{"embeddable":true,"href":"https:\/\/www.parrinst.com\/de\/wp-json\/wp\/v2\/pages\/47"}],"wp:featuredmedia":[{"embeddable":true,"href":"https:\/\/www.parrinst.com\/de\/wp-json\/wp\/v2\/media\/36873"}],"wp:attachment":[{"href":"https:\/\/www.parrinst.com\/de\/wp-json\/wp\/v2\/media?parent=126"}],"curies":[{"name":"wp","href":"https:\/\/api.w.org\/{rel}","templated":true}]}}