{"id":128,"date":"2011-03-10T13:16:35","date_gmt":"2011-03-10T19:16:35","guid":{"rendered":"https:\/\/www.parrinst.com\/?page_id=128"},"modified":"2020-05-06T15:06:36","modified_gmt":"2020-05-06T20:06:36","slug":"options-accessories","status":"publish","type":"page","link":"https:\/\/www.parrinst.com\/de\/products\/stirred-reactors\/options-accessories\/","title":{"rendered":"Zubeh\u00f6r"},"content":{"rendered":"<h2>Optionen und Zubeh\u00f6r f\u00fcr ger\u00fchrte Reaktoren<\/h2>\n<p><strong>F\u00fcr Parr Reaktoren und Druckgef\u00e4\u00dfe wird eine Vielzahl von Optionen und Zubeh\u00f6rteilen angeboten, <\/strong>mit denen Sie Ihr System individuell f\u00fcr die beabsichtigten Anwendungen und Betriebsbedingungen konfigurieren k\u00f6nnen. F\u00fcr mehr Informationen folgen Sie den untenstehenden Links:<\/p>\n<a title=\"4878 Automated Liquid Sampler\" href=\"https:\/\/www.parrinst.com\/de\/products\/specialty-custom-systems\/4878-automated-liquid-sampler\/\">4878 Automated Liquid Sampler <\/a><br \/><a title=\"Solids\/Slurry Addition Devices\" href=\"https:\/\/www.parrinst.com\/de\/products\/stirred-reactors\/options-accessories\/solids-slurry-addition-devices\/\">Catalyst Addition Devices<\/a><br \/><a title=\"Catalyst Baskets\" href=\"https:\/\/www.parrinst.com\/de\/products\/stirred-reactors\/options-accessories\/catalyst-baskets\/\">Catalyst Baskets<\/a><br \/><a title=\"Catalyst Loading Toolkit\" href=\"https:\/\/www.parrinst.com\/de\/products\/tubular-reactor-systems\/5400-continuous-flow-tubular-reactors\/catalyst-loading-toolkit\/\">Catalyst Loading Toolkit<\/a><br \/><a title=\"Catalyst Testing System\" href=\"https:\/\/www.parrinst.com\/de\/products\/stirred-reactors\/options-accessories\/catalyst-testing-system\/\">Catalyst Testing System<\/a><br \/><a title=\"Condensers\" href=\"https:\/\/www.parrinst.com\/de\/products\/stirred-reactors\/options-accessories\/condensers\/\">Condensers<\/a><br \/><a title=\"Coned Pressure Fittings\" href=\"https:\/\/www.parrinst.com\/de\/products\/stirred-reactors\/options-accessories\/coned-pressure-fittings\/\">Coned Pressure Fittings<\/a><br \/><a title=\"Continuous Bulk-Solids Feeder\" href=\"https:\/\/www.parrinst.com\/de\/products\/stirred-reactors\/options-accessories\/continuous-bulk-solids-feeder\/\">Continuous Bulk-Solids Feeder<\/a><br \/><a title=\"Controller\" href=\"https:\/\/www.parrinst.com\/de\/products\/controllers\/\">Controllers<\/a><br \/><a title=\"Cooling Coils\" href=\"https:\/\/www.parrinst.com\/de\/products\/stirred-reactors\/options-accessories\/cooling-coils\/\">Cooling Coils<\/a><br \/><a title=\"Equipment for Use in Potentially Ignitable Atmospheres\" href=\"https:\/\/www.parrinst.com\/de\/products\/stirred-reactors\/options-accessories\/explosion-proof-apparatus\/\">Equipment for Use in Potentially Ignitable Atmospheres<\/a><br \/><a title=\"External Valves and Fittings\" href=\"https:\/\/www.parrinst.com\/de\/products\/stirred-reactors\/options-accessories\/external-valves-and-fittings\/\">External Valves and Fittings<\/a><br \/><a title=\"Gas Measurement Systems\" href=\"https:\/\/www.parrinst.com\/de\/products\/stirred-reactors\/options-accessories\/gas-measurement-systems\/\">Gas Measurement Systems<\/a><br \/><a title=\"Intermediate Supply Tanks\" href=\"https:\/\/www.parrinst.com\/de\/products\/stirred-reactors\/options-accessories\/intermediate-supply-tanks\/\">--Intermediate Supply Tanks<\/a><br \/><a title=\"Mass Flow\" href=\"https:\/\/www.parrinst.com\/de\/products\/stirred-reactors\/options-accessories\/mass-flow-meters\/\">--Mass Flow<\/a><br \/><a title=\"High Pressure Burette\" href=\"https:\/\/www.parrinst.com\/de\/products\/stirred-reactors\/options-accessories\/high-pressure-burette\/\">--High Pressure Gas Burettes<\/a><br \/><a title=\"Heaters\" href=\"https:\/\/www.parrinst.com\/de\/products\/stirred-reactors\/options-accessories\/heater-options\/\">Heaters<\/a><br \/><a title=\"Insulated Electrical Glands\" href=\"https:\/\/www.parrinst.com\/de\/products\/stirred-reactors\/options-accessories\/insulated-electrical-glands\/\">Insulated Electrical Glands<\/a><br \/><a title=\"Liners\" href=\"https:\/\/www.parrinst.com\/de\/products\/stirred-reactors\/options-accessories\/liners\/\">Liners<\/a><br \/><a title=\"Liquids Charging Systems\" href=\"https:\/\/www.parrinst.com\/de\/products\/stirred-reactors\/options-accessories\/liquids-charging-systems\/\">Liquids Charging Systems<\/a><br \/><a title=\"Liquid Metering Pumps\" href=\"https:\/\/www.parrinst.com\/de\/products\/stirred-reactors\/options-accessories\/liquid-metering-pumps\/\">--Liquid Metering Pumps<\/a><br \/><a title=\"Liquid Charging Pipettes\" href=\"https:\/\/www.parrinst.com\/de\/products\/stirred-reactors\/options-accessories\/liquid-charging-pipettes\/\">--Liquid Charging Pipettes<\/a><br \/><a title=\"Magnetic Drives\" href=\"https:\/\/www.parrinst.com\/de\/products\/stirred-reactors\/options-accessories\/magnetic-drives\/\">Magnetic Drives<\/a><br \/><a title=\"Motors and Drives\" href=\"https:\/\/www.parrinst.com\/de\/products\/stirred-reactors\/options-accessories\/stirrer-motor-and-drives-3\/\">Motors and Drives<\/a><br \/><a title=\"Pressure Gages\" href=\"https:\/\/www.parrinst.com\/de\/products\/stirred-reactors\/options-accessories\/pressure-gages\/\">Pressure Gages<\/a><br \/><a title=\"Pressure Hose\" href=\"https:\/\/www.parrinst.com\/de\/products\/stirred-reactors\/options-accessories\/pressure-hose\/\">Pressure Hose<\/a><br \/><a title=\"Safety Rupture Discs\" href=\"https:\/\/www.parrinst.com\/de\/products\/stirred-reactors\/options-accessories\/safety-rupture-discs\/\">Safety Rupture Discs<\/a><br \/><a title=\"Sample Collection Vessel\" href=\"https:\/\/www.parrinst.com\/de\/products\/stirred-reactors\/options-accessories\/sample-collection-vessel\/\">Sample Collection Vessel<\/a><br \/><a title=\"Solids\/Slurry Addition Devices\" href=\"https:\/\/www.parrinst.com\/de\/products\/stirred-reactors\/options-accessories\/solids-slurry-addition-devices\/\">Solids\/Slurry Addition Devices<\/a><br \/><a title=\"Spare Parts Kit\" href=\"https:\/\/www.parrinst.com\/de\/products\/stirred-reactors\/options-accessories\/spare-parts-kit\/\">Spare Parts Kits<\/a><br \/><a title=\"Split-Ring Closures\" href=\"https:\/\/www.parrinst.com\/de\/products\/stirred-reactors\/options-accessories\/split-ring-closures\/\">Split-Ring Closures<\/a><br \/><a title=\"Stirrer Options\" href=\"https:\/\/www.parrinst.com\/de\/products\/stirred-reactors\/options-accessories\/stirrer-options\/\">--Stirrer Options<\/a><br \/><a title=\"Gas Entrainment Impellers\" href=\"https:\/\/www.parrinst.com\/de\/products\/stirred-reactors\/options-accessories\/gas-entrainment-impellers\/\">--Gas Entrainment Impellers<\/a><br \/><a title=\"Temperature Limits\" href=\"https:\/\/www.parrinst.com\/de\/products\/stirred-reactors\/options-accessories\/temperature-limits\/\">Temperature Limits<\/a><br \/><a title=\"Thermocouples\" href=\"https:\/\/www.parrinst.com\/de\/products\/stirred-reactors\/options-accessories\/thermocouples\/\">Thermocouples<\/a><br \/><a title=\"Valves and Fittings\" href=\"https:\/\/www.parrinst.com\/de\/products\/stirred-reactors\/options-accessories\/valves-and-fittings\/\">Valves and Fittings <\/a><br \/><a title=\"Bottom Drain Valves\" href=\"https:\/\/www.parrinst.com\/de\/products\/stirred-reactors\/options-accessories\/bottom-drain-valves\/\">--Bottom Drain Valves<\/a><br \/><a title=\"Manual Control Valves for Compressed Gas Tanks\" href=\"https:\/\/www.parrinst.com\/de\/products\/stirred-reactors\/options-accessories\/manual-control-valves-for-compressed-gas-tanks\/\">--Manual Control Valves for Compressed Gas Tanks<\/a><br \/><a title=\"Pressure Relief Valves\" href=\"https:\/\/www.parrinst.com\/de\/products\/stirred-reactors\/options-accessories\/pressure-relief-valves\/\">--Pressure Relief Valves<\/a><br \/><a title=\"Safety Check Valves\" href=\"https:\/\/www.parrinst.com\/de\/products\/stirred-reactors\/options-accessories\/safety-check-valves\/\">--Safety Check Valves<\/a><br \/><a title=\"Windows\" href=\"https:\/\/www.parrinst.com\/de\/products\/stirred-reactors\/options-accessories\/windows\/\">Windows<\/a><br \/>&nbsp<br \/>\n","protected":false},"excerpt":{"rendered":"<p>Optionen und Zubeh\u00f6r f\u00fcr ger\u00fchrte Reaktoren F\u00fcr Parr Reaktoren und Druckgef\u00e4\u00dfe wird eine Vielzahl von Optionen und Zubeh\u00f6rteilen angeboten, mit denen Sie Ihr System individuell f\u00fcr die beabsichtigten Anwendungen und Betriebsbedingungen konfigurieren k\u00f6nnen. F\u00fcr mehr Informationen folgen Sie den untenstehenden Links:<\/p>\n","protected":false},"author":2,"featured_media":36873,"parent":47,"menu_order":3,"comment_status":"closed","ping_status":"closed","template":"general-tabs.php","meta":{"_acf_changed":false,"footnotes":"","_links_to":"","_links_to_target":""},"class_list":["post-128","page","type-page","status-publish","has-post-thumbnail","hentry"],"acf":[],"yoast_head":"<!-- This site is optimized with the Yoast SEO plugin v27.4 - https:\/\/yoast.com\/product\/yoast-seo-wordpress\/ -->\n<title>Zubeh\u00f6r - Parr Instrument GmbH<\/title>\n<meta name=\"robots\" content=\"index, follow, max-snippet:-1, max-image-preview:large, max-video-preview:-1\" \/>\n<link rel=\"canonical\" href=\"https:\/\/www.parrinst.com\/de\/products\/stirred-reactors\/options-accessories\/\" \/>\n<meta property=\"og:locale\" content=\"en_US\" \/>\n<meta property=\"og:type\" content=\"article\" \/>\n<meta property=\"og:title\" content=\"Zubeh\u00f6r - Parr Instrument GmbH\" \/>\n<meta property=\"og:description\" content=\"Optionen und Zubeh\u00f6r f\u00fcr ger\u00fchrte Reaktoren F\u00fcr Parr Reaktoren und Druckgef\u00e4\u00dfe wird eine Vielzahl von Optionen und Zubeh\u00f6rteilen angeboten, mit denen Sie Ihr System individuell f\u00fcr die beabsichtigten Anwendungen und Betriebsbedingungen konfigurieren k\u00f6nnen. F\u00fcr mehr Informationen folgen Sie den untenstehenden Links:\" \/>\n<meta property=\"og:url\" content=\"https:\/\/www.parrinst.com\/de\/products\/stirred-reactors\/options-accessories\/\" \/>\n<meta property=\"og:site_name\" content=\"Parr Instrument GmbH\" \/>\n<meta property=\"article:modified_time\" content=\"2020-05-06T20:06:36+00:00\" \/>\n<meta property=\"og:image\" content=\"https:\/\/www.parrinst.com\/de\/files\/2017\/12\/parr_banner_stirred3_secondary.jpg\" \/>\n\t<meta property=\"og:image:width\" content=\"2200\" \/>\n\t<meta property=\"og:image:height\" content=\"399\" \/>\n\t<meta property=\"og:image:type\" content=\"image\/jpeg\" \/>\n<meta name=\"twitter:card\" content=\"summary_large_image\" \/>\n<script type=\"application\/ld+json\" class=\"yoast-schema-graph\">{\"@context\":\"https:\\\/\\\/schema.org\",\"@graph\":[{\"@type\":\"WebPage\",\"@id\":\"https:\\\/\\\/www.parrinst.com\\\/de\\\/products\\\/stirred-reactors\\\/options-accessories\\\/\",\"url\":\"https:\\\/\\\/www.parrinst.com\\\/de\\\/products\\\/stirred-reactors\\\/options-accessories\\\/\",\"name\":\"Zubeh\u00f6r - Parr Instrument GmbH\",\"isPartOf\":{\"@id\":\"https:\\\/\\\/www.parrinst.com\\\/de\\\/#website\"},\"primaryImageOfPage\":{\"@id\":\"https:\\\/\\\/www.parrinst.com\\\/de\\\/products\\\/stirred-reactors\\\/options-accessories\\\/#primaryimage\"},\"image\":{\"@id\":\"https:\\\/\\\/www.parrinst.com\\\/de\\\/products\\\/stirred-reactors\\\/options-accessories\\\/#primaryimage\"},\"thumbnailUrl\":\"https:\\\/\\\/i0.wp.com\\\/www.parrinst.com\\\/de\\\/wp-content\\\/uploads\\\/sites\\\/6\\\/2017\\\/12\\\/parr_banner_stirred3_secondary.jpg?fit=2200%2C399&ssl=1\",\"datePublished\":\"2011-03-10T19:16:35+00:00\",\"dateModified\":\"2020-05-06T20:06:36+00:00\",\"breadcrumb\":{\"@id\":\"https:\\\/\\\/www.parrinst.com\\\/de\\\/products\\\/stirred-reactors\\\/options-accessories\\\/#breadcrumb\"},\"inLanguage\":\"en-US\",\"potentialAction\":[{\"@type\":\"ReadAction\",\"target\":[\"https:\\\/\\\/www.parrinst.com\\\/de\\\/products\\\/stirred-reactors\\\/options-accessories\\\/\"]}]},{\"@type\":\"ImageObject\",\"inLanguage\":\"en-US\",\"@id\":\"https:\\\/\\\/www.parrinst.com\\\/de\\\/products\\\/stirred-reactors\\\/options-accessories\\\/#primaryimage\",\"url\":\"https:\\\/\\\/i0.wp.com\\\/www.parrinst.com\\\/de\\\/wp-content\\\/uploads\\\/sites\\\/6\\\/2017\\\/12\\\/parr_banner_stirred3_secondary.jpg?fit=2200%2C399&ssl=1\",\"contentUrl\":\"https:\\\/\\\/i0.wp.com\\\/www.parrinst.com\\\/de\\\/wp-content\\\/uploads\\\/sites\\\/6\\\/2017\\\/12\\\/parr_banner_stirred3_secondary.jpg?fit=2200%2C399&ssl=1\",\"width\":2200,\"height\":399},{\"@type\":\"BreadcrumbList\",\"@id\":\"https:\\\/\\\/www.parrinst.com\\\/de\\\/products\\\/stirred-reactors\\\/options-accessories\\\/#breadcrumb\",\"itemListElement\":[{\"@type\":\"ListItem\",\"position\":1,\"name\":\"Home\",\"item\":\"https:\\\/\\\/www.parrinst.com\\\/de\\\/\"},{\"@type\":\"ListItem\",\"position\":2,\"name\":\"Products\",\"item\":\"https:\\\/\\\/www.parrinst.com\\\/de\\\/products\\\/\"},{\"@type\":\"ListItem\",\"position\":3,\"name\":\"Ger\u00fchrte Reaktoren\",\"item\":\"https:\\\/\\\/www.parrinst.com\\\/de\\\/products\\\/stirred-reactors\\\/\"},{\"@type\":\"ListItem\",\"position\":4,\"name\":\"Zubeh\u00f6r\"}]},{\"@type\":\"WebSite\",\"@id\":\"https:\\\/\\\/www.parrinst.com\\\/de\\\/#website\",\"url\":\"https:\\\/\\\/www.parrinst.com\\\/de\\\/\",\"name\":\"Parr Instrument GmbH\",\"description\":\"\",\"potentialAction\":[{\"@type\":\"SearchAction\",\"target\":{\"@type\":\"EntryPoint\",\"urlTemplate\":\"https:\\\/\\\/www.parrinst.com\\\/de\\\/?s={search_term_string}\"},\"query-input\":{\"@type\":\"PropertyValueSpecification\",\"valueRequired\":true,\"valueName\":\"search_term_string\"}}],\"inLanguage\":\"en-US\"}]}<\/script>\n<!-- \/ Yoast SEO plugin. -->","yoast_head_json":{"title":"Zubeh\u00f6r - Parr Instrument GmbH","robots":{"index":"index","follow":"follow","max-snippet":"max-snippet:-1","max-image-preview":"max-image-preview:large","max-video-preview":"max-video-preview:-1"},"canonical":"https:\/\/www.parrinst.com\/de\/products\/stirred-reactors\/options-accessories\/","og_locale":"en_US","og_type":"article","og_title":"Zubeh\u00f6r - Parr Instrument GmbH","og_description":"Optionen und Zubeh\u00f6r f\u00fcr ger\u00fchrte Reaktoren F\u00fcr Parr Reaktoren und Druckgef\u00e4\u00dfe wird eine Vielzahl von Optionen und Zubeh\u00f6rteilen angeboten, mit denen Sie Ihr System individuell f\u00fcr die beabsichtigten Anwendungen und Betriebsbedingungen konfigurieren k\u00f6nnen. F\u00fcr mehr Informationen folgen Sie den untenstehenden Links:","og_url":"https:\/\/www.parrinst.com\/de\/products\/stirred-reactors\/options-accessories\/","og_site_name":"Parr Instrument GmbH","article_modified_time":"2020-05-06T20:06:36+00:00","og_image":[{"width":2200,"height":399,"url":"https:\/\/www.parrinst.com\/de\/files\/2017\/12\/parr_banner_stirred3_secondary.jpg","type":"image\/jpeg"}],"twitter_card":"summary_large_image","schema":{"@context":"https:\/\/schema.org","@graph":[{"@type":"WebPage","@id":"https:\/\/www.parrinst.com\/de\/products\/stirred-reactors\/options-accessories\/","url":"https:\/\/www.parrinst.com\/de\/products\/stirred-reactors\/options-accessories\/","name":"Zubeh\u00f6r - Parr Instrument GmbH","isPartOf":{"@id":"https:\/\/www.parrinst.com\/de\/#website"},"primaryImageOfPage":{"@id":"https:\/\/www.parrinst.com\/de\/products\/stirred-reactors\/options-accessories\/#primaryimage"},"image":{"@id":"https:\/\/www.parrinst.com\/de\/products\/stirred-reactors\/options-accessories\/#primaryimage"},"thumbnailUrl":"https:\/\/i0.wp.com\/www.parrinst.com\/de\/wp-content\/uploads\/sites\/6\/2017\/12\/parr_banner_stirred3_secondary.jpg?fit=2200%2C399&ssl=1","datePublished":"2011-03-10T19:16:35+00:00","dateModified":"2020-05-06T20:06:36+00:00","breadcrumb":{"@id":"https:\/\/www.parrinst.com\/de\/products\/stirred-reactors\/options-accessories\/#breadcrumb"},"inLanguage":"en-US","potentialAction":[{"@type":"ReadAction","target":["https:\/\/www.parrinst.com\/de\/products\/stirred-reactors\/options-accessories\/"]}]},{"@type":"ImageObject","inLanguage":"en-US","@id":"https:\/\/www.parrinst.com\/de\/products\/stirred-reactors\/options-accessories\/#primaryimage","url":"https:\/\/i0.wp.com\/www.parrinst.com\/de\/wp-content\/uploads\/sites\/6\/2017\/12\/parr_banner_stirred3_secondary.jpg?fit=2200%2C399&ssl=1","contentUrl":"https:\/\/i0.wp.com\/www.parrinst.com\/de\/wp-content\/uploads\/sites\/6\/2017\/12\/parr_banner_stirred3_secondary.jpg?fit=2200%2C399&ssl=1","width":2200,"height":399},{"@type":"BreadcrumbList","@id":"https:\/\/www.parrinst.com\/de\/products\/stirred-reactors\/options-accessories\/#breadcrumb","itemListElement":[{"@type":"ListItem","position":1,"name":"Home","item":"https:\/\/www.parrinst.com\/de\/"},{"@type":"ListItem","position":2,"name":"Products","item":"https:\/\/www.parrinst.com\/de\/products\/"},{"@type":"ListItem","position":3,"name":"Ger\u00fchrte Reaktoren","item":"https:\/\/www.parrinst.com\/de\/products\/stirred-reactors\/"},{"@type":"ListItem","position":4,"name":"Zubeh\u00f6r"}]},{"@type":"WebSite","@id":"https:\/\/www.parrinst.com\/de\/#website","url":"https:\/\/www.parrinst.com\/de\/","name":"Parr Instrument GmbH","description":"","potentialAction":[{"@type":"SearchAction","target":{"@type":"EntryPoint","urlTemplate":"https:\/\/www.parrinst.com\/de\/?s={search_term_string}"},"query-input":{"@type":"PropertyValueSpecification","valueRequired":true,"valueName":"search_term_string"}}],"inLanguage":"en-US"}]}},"jetpack_sharing_enabled":true,"_links":{"self":[{"href":"https:\/\/www.parrinst.com\/de\/wp-json\/wp\/v2\/pages\/128","targetHints":{"allow":["GET"]}}],"collection":[{"href":"https:\/\/www.parrinst.com\/de\/wp-json\/wp\/v2\/pages"}],"about":[{"href":"https:\/\/www.parrinst.com\/de\/wp-json\/wp\/v2\/types\/page"}],"author":[{"embeddable":true,"href":"https:\/\/www.parrinst.com\/de\/wp-json\/wp\/v2\/users\/2"}],"replies":[{"embeddable":true,"href":"https:\/\/www.parrinst.com\/de\/wp-json\/wp\/v2\/comments?post=128"}],"version-history":[{"count":2,"href":"https:\/\/www.parrinst.com\/de\/wp-json\/wp\/v2\/pages\/128\/revisions"}],"predecessor-version":[{"id":38217,"href":"https:\/\/www.parrinst.com\/de\/wp-json\/wp\/v2\/pages\/128\/revisions\/38217"}],"up":[{"embeddable":true,"href":"https:\/\/www.parrinst.com\/de\/wp-json\/wp\/v2\/pages\/47"}],"wp:featuredmedia":[{"embeddable":true,"href":"https:\/\/www.parrinst.com\/de\/wp-json\/wp\/v2\/media\/36873"}],"wp:attachment":[{"href":"https:\/\/www.parrinst.com\/de\/wp-json\/wp\/v2\/media?parent=128"}],"curies":[{"name":"wp","href":"https:\/\/api.w.org\/{rel}","templated":true}]}}