{"id":1494,"date":"2011-05-05T10:47:35","date_gmt":"2011-05-05T15:47:35","guid":{"rendered":"https:\/\/www.parrinst.com\/?page_id=1494"},"modified":"2018-07-21T00:23:09","modified_gmt":"2018-07-20T22:23:09","slug":"applications","status":"publish","type":"page","link":"https:\/\/www.parrinst.com\/de\/products\/hydrogenation\/applications\/","title":{"rendered":"Anwendungen"},"content":{"rendered":"<h3>Verschiedene Anwendungen<\/h3>\n<p>Zahlreiche Literaturnachweise in der chemischen Fachliteratur der letzten 90 Jahre zeigen den hohen Stellenwert dieser Ger\u00e4te. Anwendungsm\u00f6glichkeiten finden sich \u00fcberall, wo im Niederdruckbereich katalytische Reaktionen stattfinden: im Bereich der Lehre, der Forschung, der Produktentwicklung oder Herstellung von Arzneimitteln oder neuen Verbindungen der organischen Chemie. Au\u00dferdem werden diese Reaktoren oft verwendet, um eine quantitative Analyse einer chemischen Verbindung mit wasserstoffges\u00e4ttigten Doppelbindungen durchzuf\u00fchren oder um die Aktivit\u00e4t von industriell genutzten Katalysatoren zu testen.<\/p>\n<hr \/>\n<h3>Literaturnachweise<\/h3>\n<p>Wir k\u00f6nnen und wollen an dieser Stelle nicht Hunderte von Literaturnachweisen zum Parr Hydrierapparat auflisten, die seit der ersten Ver\u00f6ffentlichung einer Beschreibung des Ger\u00e4ts durch Dr. Roger Adamsim Jahr 1923 ver\u00f6ffentlicht wurden. Mehr als f\u00fcnfhundert Referenzen finden sich in dem unten genannten Werk \u201eCatalytic Hydrogenation\u201d von Augustine, weitere Referenzen sind in den anderen aufgef\u00fchrten B\u00fcchern enthalten. Dabei sind vor allem die Werke von Augustine, Freifelder und Rylander hilfreich f\u00fcr Anwender, die sich zus\u00e4tzliches Fachwissen zu den Themen Hydriertechnik, Katalysatoren und Behandlung spezieller funktioneller Gruppen aneignen wollen. Die folgenden Werke werden empfohlen:<\/p>\n<ul type=\"disc\">\n<li>Adams, R., In Organic Synthesis, John Wiley &amp; Sons, Inc.: New York, 1928; 8, p. 10-16.<\/li>\n<li>Augustine, R.L., Catalytic Hydrogenation, Marcel Dekker, Inc.: New York, 1965.<\/li>\n<li>Freifelder, M., Practical Catalytic Hydrogenation, Wiley-Interscience Div. of John Wiley &amp; Sons, Inc.: New York, 1971.<\/li>\n<li>Blatt, A.H.; Gilman, H., Organic Synthesis, Collective, John Wiley &amp; Sons, Inc.: New York, 1948; Volume I, p. 65.<\/li>\n<li>Lohse, H.W., Catalytic Chemistry, Chemical Publishing Co., Inc.: New York, 1945.<\/li>\n<li>Rylander, P.N., Catalytic Hydrogenation Over Platinum Metals, Academic Press: New York, 1967.<\/li>\n<li>Rylander, P.N., Catalytic Hydrogenation in Organic Synthesis, Academic Press: New York, 1979.<\/li>\n<li>Rylander, P.N., Hydrogenation Methods, Academic Press: New York, 1985.<\/li>\n<li>Voorhees, V.; Adams, R. The Use of the Oxides of Platinum for the Catalytic Reduction of Organic Compounds. I, J. Am. Chem. Soc., 1922, 44 (6), pp 1397\u20131405.<\/li>\n<li>Seit 1966 werden an der New York Academy of Sciences alle zwei Jahre Tagungen abgehalten; dabei ist im Laufe der Jahre eine ausgezeichnete Sammlung an Schriften unter dem allgemeinen Titel \u201eCatalytic Hydrogenation and Analogous Pressure Reactions\u201c entstanden. Die erste Sammlung wurde in den Annalen der New York Academy of Sciences im Band \u201eVol. 145, Art. 1, pp. 1-206 (1967)\u201c ver\u00f6ffentlicht. Die Schriften der letzten Jahre wurden von Marcel Dekker, New York, unter dem Titel \u201eCatalysis of Organic Reactions\u201c publiziert.<\/li>\n<\/ul>\n","protected":false},"excerpt":{"rendered":"<p>Verschiedene Anwendungen Zahlreiche Literaturnachweise in der chemischen Fachliteratur der letzten 90 Jahre zeigen den hohen Stellenwert dieser Ger\u00e4te. Anwendungsm\u00f6glichkeiten finden sich \u00fcberall, wo im Niederdruckbereich katalytische Reaktionen stattfinden: im Bereich der Lehre, der Forschung, der Produktentwicklung oder Herstellung von Arzneimitteln oder neuen Verbindungen der organischen Chemie. Au\u00dferdem werden diese Reaktoren oft verwendet, um eine quantitative [&hellip;]<\/p>\n","protected":false},"author":1,"featured_media":37709,"parent":91,"menu_order":3,"comment_status":"closed","ping_status":"closed","template":"general-tabs.php","meta":{"_acf_changed":false,"footnotes":"","_links_to":"","_links_to_target":""},"class_list":["post-1494","page","type-page","status-publish","has-post-thumbnail","hentry"],"acf":[],"yoast_head":"<!-- This site is optimized with the Yoast SEO plugin v27.4 - https:\/\/yoast.com\/product\/yoast-seo-wordpress\/ -->\n<title>Anwendungen - Parr Instrument GmbH<\/title>\n<meta name=\"robots\" content=\"index, follow, max-snippet:-1, max-image-preview:large, max-video-preview:-1\" \/>\n<link rel=\"canonical\" href=\"https:\/\/www.parrinst.com\/de\/products\/hydrogenation\/applications\/\" \/>\n<meta property=\"og:locale\" content=\"en_US\" \/>\n<meta property=\"og:type\" content=\"article\" \/>\n<meta property=\"og:title\" content=\"Anwendungen - Parr Instrument GmbH\" \/>\n<meta property=\"og:description\" content=\"Verschiedene Anwendungen Zahlreiche Literaturnachweise in der chemischen Fachliteratur der letzten 90 Jahre zeigen den hohen Stellenwert dieser Ger\u00e4te. Anwendungsm\u00f6glichkeiten finden sich \u00fcberall, wo im Niederdruckbereich katalytische Reaktionen stattfinden: im Bereich der Lehre, der Forschung, der Produktentwicklung oder Herstellung von Arzneimitteln oder neuen Verbindungen der organischen Chemie. Au\u00dferdem werden diese Reaktoren oft verwendet, um eine quantitative [&hellip;]\" \/>\n<meta property=\"og:url\" content=\"https:\/\/www.parrinst.com\/de\/products\/hydrogenation\/applications\/\" \/>\n<meta property=\"og:site_name\" content=\"Parr Instrument GmbH\" \/>\n<meta property=\"article:modified_time\" content=\"2018-07-20T22:23:09+00:00\" \/>\n<meta property=\"og:image\" content=\"https:\/\/www.parrinst.com\/de\/files\/2018\/01\/parr_banner_shaker_secondary.jpg\" \/>\n\t<meta property=\"og:image:width\" content=\"2200\" \/>\n\t<meta property=\"og:image:height\" content=\"399\" \/>\n\t<meta property=\"og:image:type\" content=\"image\/jpeg\" \/>\n<meta name=\"twitter:card\" content=\"summary_large_image\" \/>\n<meta name=\"twitter:label1\" content=\"Est. reading time\" \/>\n\t<meta name=\"twitter:data1\" content=\"2 minutes\" \/>\n<script type=\"application\/ld+json\" class=\"yoast-schema-graph\">{\"@context\":\"https:\\\/\\\/schema.org\",\"@graph\":[{\"@type\":\"WebPage\",\"@id\":\"https:\\\/\\\/www.parrinst.com\\\/de\\\/products\\\/hydrogenation\\\/applications\\\/\",\"url\":\"https:\\\/\\\/www.parrinst.com\\\/de\\\/products\\\/hydrogenation\\\/applications\\\/\",\"name\":\"Anwendungen - Parr Instrument GmbH\",\"isPartOf\":{\"@id\":\"https:\\\/\\\/www.parrinst.com\\\/de\\\/#website\"},\"primaryImageOfPage\":{\"@id\":\"https:\\\/\\\/www.parrinst.com\\\/de\\\/products\\\/hydrogenation\\\/applications\\\/#primaryimage\"},\"image\":{\"@id\":\"https:\\\/\\\/www.parrinst.com\\\/de\\\/products\\\/hydrogenation\\\/applications\\\/#primaryimage\"},\"thumbnailUrl\":\"https:\\\/\\\/i0.wp.com\\\/www.parrinst.com\\\/de\\\/wp-content\\\/uploads\\\/sites\\\/6\\\/2018\\\/01\\\/parr_banner_shaker_secondary.jpg?fit=2200%2C399&ssl=1\",\"datePublished\":\"2011-05-05T15:47:35+00:00\",\"dateModified\":\"2018-07-20T22:23:09+00:00\",\"breadcrumb\":{\"@id\":\"https:\\\/\\\/www.parrinst.com\\\/de\\\/products\\\/hydrogenation\\\/applications\\\/#breadcrumb\"},\"inLanguage\":\"en-US\",\"potentialAction\":[{\"@type\":\"ReadAction\",\"target\":[\"https:\\\/\\\/www.parrinst.com\\\/de\\\/products\\\/hydrogenation\\\/applications\\\/\"]}]},{\"@type\":\"ImageObject\",\"inLanguage\":\"en-US\",\"@id\":\"https:\\\/\\\/www.parrinst.com\\\/de\\\/products\\\/hydrogenation\\\/applications\\\/#primaryimage\",\"url\":\"https:\\\/\\\/i0.wp.com\\\/www.parrinst.com\\\/de\\\/wp-content\\\/uploads\\\/sites\\\/6\\\/2018\\\/01\\\/parr_banner_shaker_secondary.jpg?fit=2200%2C399&ssl=1\",\"contentUrl\":\"https:\\\/\\\/i0.wp.com\\\/www.parrinst.com\\\/de\\\/wp-content\\\/uploads\\\/sites\\\/6\\\/2018\\\/01\\\/parr_banner_shaker_secondary.jpg?fit=2200%2C399&ssl=1\",\"width\":2200,\"height\":399},{\"@type\":\"BreadcrumbList\",\"@id\":\"https:\\\/\\\/www.parrinst.com\\\/de\\\/products\\\/hydrogenation\\\/applications\\\/#breadcrumb\",\"itemListElement\":[{\"@type\":\"ListItem\",\"position\":1,\"name\":\"Home\",\"item\":\"https:\\\/\\\/www.parrinst.com\\\/de\\\/\"},{\"@type\":\"ListItem\",\"position\":2,\"name\":\"Products\",\"item\":\"https:\\\/\\\/www.parrinst.com\\\/de\\\/products\\\/\"},{\"@type\":\"ListItem\",\"position\":3,\"name\":\"Sch\u00fcttel-Hydrierapparate\",\"item\":\"https:\\\/\\\/www.parrinst.com\\\/de\\\/products\\\/hydrogenation\\\/\"},{\"@type\":\"ListItem\",\"position\":4,\"name\":\"Anwendungen\"}]},{\"@type\":\"WebSite\",\"@id\":\"https:\\\/\\\/www.parrinst.com\\\/de\\\/#website\",\"url\":\"https:\\\/\\\/www.parrinst.com\\\/de\\\/\",\"name\":\"Parr Instrument GmbH\",\"description\":\"\",\"potentialAction\":[{\"@type\":\"SearchAction\",\"target\":{\"@type\":\"EntryPoint\",\"urlTemplate\":\"https:\\\/\\\/www.parrinst.com\\\/de\\\/?s={search_term_string}\"},\"query-input\":{\"@type\":\"PropertyValueSpecification\",\"valueRequired\":true,\"valueName\":\"search_term_string\"}}],\"inLanguage\":\"en-US\"}]}<\/script>\n<!-- \/ Yoast SEO plugin. -->","yoast_head_json":{"title":"Anwendungen - Parr Instrument GmbH","robots":{"index":"index","follow":"follow","max-snippet":"max-snippet:-1","max-image-preview":"max-image-preview:large","max-video-preview":"max-video-preview:-1"},"canonical":"https:\/\/www.parrinst.com\/de\/products\/hydrogenation\/applications\/","og_locale":"en_US","og_type":"article","og_title":"Anwendungen - Parr Instrument GmbH","og_description":"Verschiedene Anwendungen Zahlreiche Literaturnachweise in der chemischen Fachliteratur der letzten 90 Jahre zeigen den hohen Stellenwert dieser Ger\u00e4te. Anwendungsm\u00f6glichkeiten finden sich \u00fcberall, wo im Niederdruckbereich katalytische Reaktionen stattfinden: im Bereich der Lehre, der Forschung, der Produktentwicklung oder Herstellung von Arzneimitteln oder neuen Verbindungen der organischen Chemie. Au\u00dferdem werden diese Reaktoren oft verwendet, um eine quantitative [&hellip;]","og_url":"https:\/\/www.parrinst.com\/de\/products\/hydrogenation\/applications\/","og_site_name":"Parr Instrument GmbH","article_modified_time":"2018-07-20T22:23:09+00:00","og_image":[{"width":2200,"height":399,"url":"https:\/\/www.parrinst.com\/de\/files\/2018\/01\/parr_banner_shaker_secondary.jpg","type":"image\/jpeg"}],"twitter_card":"summary_large_image","twitter_misc":{"Est. reading time":"2 minutes"},"schema":{"@context":"https:\/\/schema.org","@graph":[{"@type":"WebPage","@id":"https:\/\/www.parrinst.com\/de\/products\/hydrogenation\/applications\/","url":"https:\/\/www.parrinst.com\/de\/products\/hydrogenation\/applications\/","name":"Anwendungen - Parr Instrument GmbH","isPartOf":{"@id":"https:\/\/www.parrinst.com\/de\/#website"},"primaryImageOfPage":{"@id":"https:\/\/www.parrinst.com\/de\/products\/hydrogenation\/applications\/#primaryimage"},"image":{"@id":"https:\/\/www.parrinst.com\/de\/products\/hydrogenation\/applications\/#primaryimage"},"thumbnailUrl":"https:\/\/i0.wp.com\/www.parrinst.com\/de\/wp-content\/uploads\/sites\/6\/2018\/01\/parr_banner_shaker_secondary.jpg?fit=2200%2C399&ssl=1","datePublished":"2011-05-05T15:47:35+00:00","dateModified":"2018-07-20T22:23:09+00:00","breadcrumb":{"@id":"https:\/\/www.parrinst.com\/de\/products\/hydrogenation\/applications\/#breadcrumb"},"inLanguage":"en-US","potentialAction":[{"@type":"ReadAction","target":["https:\/\/www.parrinst.com\/de\/products\/hydrogenation\/applications\/"]}]},{"@type":"ImageObject","inLanguage":"en-US","@id":"https:\/\/www.parrinst.com\/de\/products\/hydrogenation\/applications\/#primaryimage","url":"https:\/\/i0.wp.com\/www.parrinst.com\/de\/wp-content\/uploads\/sites\/6\/2018\/01\/parr_banner_shaker_secondary.jpg?fit=2200%2C399&ssl=1","contentUrl":"https:\/\/i0.wp.com\/www.parrinst.com\/de\/wp-content\/uploads\/sites\/6\/2018\/01\/parr_banner_shaker_secondary.jpg?fit=2200%2C399&ssl=1","width":2200,"height":399},{"@type":"BreadcrumbList","@id":"https:\/\/www.parrinst.com\/de\/products\/hydrogenation\/applications\/#breadcrumb","itemListElement":[{"@type":"ListItem","position":1,"name":"Home","item":"https:\/\/www.parrinst.com\/de\/"},{"@type":"ListItem","position":2,"name":"Products","item":"https:\/\/www.parrinst.com\/de\/products\/"},{"@type":"ListItem","position":3,"name":"Sch\u00fcttel-Hydrierapparate","item":"https:\/\/www.parrinst.com\/de\/products\/hydrogenation\/"},{"@type":"ListItem","position":4,"name":"Anwendungen"}]},{"@type":"WebSite","@id":"https:\/\/www.parrinst.com\/de\/#website","url":"https:\/\/www.parrinst.com\/de\/","name":"Parr Instrument GmbH","description":"","potentialAction":[{"@type":"SearchAction","target":{"@type":"EntryPoint","urlTemplate":"https:\/\/www.parrinst.com\/de\/?s={search_term_string}"},"query-input":{"@type":"PropertyValueSpecification","valueRequired":true,"valueName":"search_term_string"}}],"inLanguage":"en-US"}]}},"jetpack_sharing_enabled":true,"_links":{"self":[{"href":"https:\/\/www.parrinst.com\/de\/wp-json\/wp\/v2\/pages\/1494","targetHints":{"allow":["GET"]}}],"collection":[{"href":"https:\/\/www.parrinst.com\/de\/wp-json\/wp\/v2\/pages"}],"about":[{"href":"https:\/\/www.parrinst.com\/de\/wp-json\/wp\/v2\/types\/page"}],"author":[{"embeddable":true,"href":"https:\/\/www.parrinst.com\/de\/wp-json\/wp\/v2\/users\/1"}],"replies":[{"embeddable":true,"href":"https:\/\/www.parrinst.com\/de\/wp-json\/wp\/v2\/comments?post=1494"}],"version-history":[{"count":1,"href":"https:\/\/www.parrinst.com\/de\/wp-json\/wp\/v2\/pages\/1494\/revisions"}],"predecessor-version":[{"id":38872,"href":"https:\/\/www.parrinst.com\/de\/wp-json\/wp\/v2\/pages\/1494\/revisions\/38872"}],"up":[{"embeddable":true,"href":"https:\/\/www.parrinst.com\/de\/wp-json\/wp\/v2\/pages\/91"}],"wp:featuredmedia":[{"embeddable":true,"href":"https:\/\/www.parrinst.com\/de\/wp-json\/wp\/v2\/media\/37709"}],"wp:attachment":[{"href":"https:\/\/www.parrinst.com\/de\/wp-json\/wp\/v2\/media?parent=1494"}],"curies":[{"name":"wp","href":"https:\/\/api.w.org\/{rel}","templated":true}]}}