{"id":150,"date":"2011-03-10T14:18:26","date_gmt":"2011-03-10T20:18:26","guid":{"rendered":"https:\/\/www.parrinst.com\/?page_id=150"},"modified":"2019-05-31T13:53:13","modified_gmt":"2019-05-31T18:53:13","slug":"about-parr","status":"publish","type":"page","link":"https:\/\/www.parrinst.com\/de\/company\/about-parr\/","title":{"rendered":"\u00dcber Parr"},"content":{"rendered":"<figure id=\"attachment_2202\" aria-describedby=\"caption-attachment-2202\" style=\"width: 300px\" class=\"wp-caption alignright\"><a href=\"https:\/\/i0.wp.com\/www.parrinst.com\/de\/wp-content\/uploads\/sites\/6\/2011\/03\/ParrBldg-2010_withLogo1.jpg?ssl=1\"><img data-recalc-dims=\"1\" loading=\"lazy\" decoding=\"async\" class=\"size-medium wp-image-2202 \" src=\"https:\/\/i0.wp.com\/www.parrinst.com\/de\/wp-content\/uploads\/sites\/6\/2011\/03\/ParrBldg-2010_withLogo1.jpg?resize=300%2C209&#038;ssl=1\" alt=\"Parr Instrument Company - Moline, Illinois\" width=\"300\" height=\"209\" srcset=\"https:\/\/i0.wp.com\/www.parrinst.com\/de\/wp-content\/uploads\/sites\/6\/2011\/03\/ParrBldg-2010_withLogo1.jpg?resize=300%2C209&amp;ssl=1 300w, https:\/\/i0.wp.com\/www.parrinst.com\/de\/wp-content\/uploads\/sites\/6\/2011\/03\/ParrBldg-2010_withLogo1.jpg?w=792&amp;ssl=1 792w\" sizes=\"auto, (max-width: 300px) 100vw, 300px\" \/><\/a><figcaption id=\"caption-attachment-2202\" class=\"wp-caption-text\">Parr Instrument Company &#8211; Moline, Illinois<\/figcaption><\/figure>\n<p><strong>Parr Instrument Company <\/strong>ist ein privates Unternehmen, das sich auf die Entwicklung, die Herstellung und \u00a0den Vertrieb von Laborger\u00e4ten und Apparaturen spezialisiert hat, die f\u00fcr die Untersuchung von Treibstoffen und Durchf\u00fchrung von chemischen Reaktionen und Analysen unter Hitze und Druck verwendet werden. Der Hauptsitz des Unternehmens befindet sich in 211-53rd Street, Moline, Illinois, USA.<\/p>\n<p>Das vielf\u00e4ltige Portfolio an Reaktoren und Druckbeh\u00e4ltern von Parr umfasst Standard- und kundenspezifische Ger\u00e4te in Labor- und Pilotanlagen-Gr\u00f6\u00dfen, die zahlreiche Anwendungen in chemischen, petrochemischen, pharmazeutischen und biotechnischen Untersuchungs-, Entwicklungs- und Kontrolllaboren finden.<\/p>\n<p>Die Kalorimeter von Parr werden f\u00fcr die Untersuchung von festen und fl\u00fcssigen Treibstoffen, Lebensmitteln und anderen brennbaren Materialien eingesetzt. Das st\u00e4ndig wachsende Sortiment an Treibstoffpr\u00fcfger\u00e4ten zeichnet sich durch viele einzigartige Konstruktionsmerkmale und automatisierte Instrumentierung aus.<\/p>\n<p>In Anerkennung ihrer Exportt\u00e4tigkeit und f\u00fcr den Beitrag zum \u00a0\u201eExport Program of the United States\u201c wurde Parr Instrument Company 1982 vom US-Handelsministerium mit einem \u201ePresident\u2019s \u2018E\u2019 Award\u201c ausgezeichnet. Darauf folgte 1988 eine \u201eE-Star\u201c-Auszeichnung f\u00fcr das kontinuierliche Wachstum im Exportbereich. \u00dcber 60% des gesamten Umsatzes des Unternehmens werden au\u00dferhalb der USA erzielt.<\/p>\n<p>Das \u00fcbergreifende Qualit\u00e4tssicherungssystem von Parr ist nach ISO 9001:2015 f\u00fcr Total- Quality-Verfahren zertifiziert. Au\u00dferdem verf\u00fcgt Parr \u00fcber ASME und europ\u00e4ische PED Zertifizierung f\u00fcr Entwicklung und Pr\u00fcfung von Druckbeh\u00e4ltern sowie eine CSA Zertifizierung f\u00fcr elektrische Sicherheit.<\/p>\n<p>Die Fertigung von Parr-Produkten erfolgt in der Werksanlage in Moline, die ca. 100 Mitarbeiter \u2013 hoch qualifizierte Fachkr\u00e4fte, erfahrende Maschinenbauer und Techniker \u2013 besch\u00e4ftigt. Das Unternehmen betreibt auch eine Vertriebs- und Serviceniederlassung in Frankfurt am Main, Deutschland.<\/p>\n","protected":false},"excerpt":{"rendered":"<p>Parr Instrument Company ist ein privates Unternehmen, das sich auf die Entwicklung, die Herstellung und \u00a0den Vertrieb von Laborger\u00e4ten und Apparaturen spezialisiert hat, die f\u00fcr die Untersuchung von Treibstoffen und Durchf\u00fchrung von chemischen Reaktionen und Analysen unter Hitze und Druck verwendet werden. Der Hauptsitz des Unternehmens befindet sich in 211-53rd Street, Moline, Illinois, USA. Das [&hellip;]<\/p>\n","protected":false},"author":1,"featured_media":0,"parent":26,"menu_order":1,"comment_status":"closed","ping_status":"closed","template":"","meta":{"_acf_changed":false,"footnotes":"","_links_to":"","_links_to_target":""},"class_list":["post-150","page","type-page","status-publish","hentry"],"acf":[],"yoast_head":"<!-- This site is optimized with the Yoast SEO plugin v27.4 - https:\/\/yoast.com\/product\/yoast-seo-wordpress\/ -->\n<title>\u00dcber Parr - Parr Instrument GmbH<\/title>\n<meta name=\"robots\" content=\"index, follow, max-snippet:-1, max-image-preview:large, max-video-preview:-1\" \/>\n<link rel=\"canonical\" href=\"https:\/\/www.parrinst.com\/de\/company\/about-parr\/\" \/>\n<meta property=\"og:locale\" content=\"en_US\" \/>\n<meta property=\"og:type\" content=\"article\" \/>\n<meta property=\"og:title\" content=\"\u00dcber Parr - Parr Instrument GmbH\" \/>\n<meta property=\"og:description\" content=\"Parr Instrument Company ist ein privates Unternehmen, das sich auf die Entwicklung, die Herstellung und \u00a0den Vertrieb von Laborger\u00e4ten und Apparaturen spezialisiert hat, die f\u00fcr die Untersuchung von Treibstoffen und Durchf\u00fchrung von chemischen Reaktionen und Analysen unter Hitze und Druck verwendet werden. Der Hauptsitz des Unternehmens befindet sich in 211-53rd Street, Moline, Illinois, USA. Das [&hellip;]\" \/>\n<meta property=\"og:url\" content=\"https:\/\/www.parrinst.com\/de\/company\/about-parr\/\" \/>\n<meta property=\"og:site_name\" content=\"Parr Instrument GmbH\" \/>\n<meta property=\"article:modified_time\" content=\"2019-05-31T18:53:13+00:00\" \/>\n<meta property=\"og:image\" content=\"https:\/\/www.parrinst.com\/de\/files\/2011\/03\/ParrBldg-2010_withLogo1-300x209.jpg\" \/>\n<meta name=\"twitter:card\" content=\"summary_large_image\" \/>\n<meta name=\"twitter:label1\" content=\"Est. reading time\" \/>\n\t<meta name=\"twitter:data1\" content=\"1 minute\" \/>\n<script type=\"application\/ld+json\" class=\"yoast-schema-graph\">{\"@context\":\"https:\\\/\\\/schema.org\",\"@graph\":[{\"@type\":\"WebPage\",\"@id\":\"https:\\\/\\\/www.parrinst.com\\\/de\\\/company\\\/about-parr\\\/\",\"url\":\"https:\\\/\\\/www.parrinst.com\\\/de\\\/company\\\/about-parr\\\/\",\"name\":\"\u00dcber Parr - Parr Instrument GmbH\",\"isPartOf\":{\"@id\":\"https:\\\/\\\/www.parrinst.com\\\/de\\\/#website\"},\"primaryImageOfPage\":{\"@id\":\"https:\\\/\\\/www.parrinst.com\\\/de\\\/company\\\/about-parr\\\/#primaryimage\"},\"image\":{\"@id\":\"https:\\\/\\\/www.parrinst.com\\\/de\\\/company\\\/about-parr\\\/#primaryimage\"},\"thumbnailUrl\":\"https:\\\/\\\/www.parrinst.com\\\/de\\\/wp-content\\\/uploads\\\/sites\\\/6\\\/2011\\\/03\\\/ParrBldg-2010_withLogo1-300x209.jpg\",\"datePublished\":\"2011-03-10T20:18:26+00:00\",\"dateModified\":\"2019-05-31T18:53:13+00:00\",\"breadcrumb\":{\"@id\":\"https:\\\/\\\/www.parrinst.com\\\/de\\\/company\\\/about-parr\\\/#breadcrumb\"},\"inLanguage\":\"en-US\",\"potentialAction\":[{\"@type\":\"ReadAction\",\"target\":[\"https:\\\/\\\/www.parrinst.com\\\/de\\\/company\\\/about-parr\\\/\"]}]},{\"@type\":\"ImageObject\",\"inLanguage\":\"en-US\",\"@id\":\"https:\\\/\\\/www.parrinst.com\\\/de\\\/company\\\/about-parr\\\/#primaryimage\",\"url\":\"https:\\\/\\\/i0.wp.com\\\/www.parrinst.com\\\/de\\\/wp-content\\\/uploads\\\/sites\\\/6\\\/2011\\\/03\\\/ParrBldg-2010_withLogo1.jpg?fit=792%2C554&ssl=1\",\"contentUrl\":\"https:\\\/\\\/i0.wp.com\\\/www.parrinst.com\\\/de\\\/wp-content\\\/uploads\\\/sites\\\/6\\\/2011\\\/03\\\/ParrBldg-2010_withLogo1.jpg?fit=792%2C554&ssl=1\",\"width\":\"792\",\"height\":\"554\",\"caption\":\"Parr Instrument Company building in Moline, Illinois\"},{\"@type\":\"BreadcrumbList\",\"@id\":\"https:\\\/\\\/www.parrinst.com\\\/de\\\/company\\\/about-parr\\\/#breadcrumb\",\"itemListElement\":[{\"@type\":\"ListItem\",\"position\":1,\"name\":\"Home\",\"item\":\"https:\\\/\\\/www.parrinst.com\\\/de\\\/\"},{\"@type\":\"ListItem\",\"position\":2,\"name\":\"Company\",\"item\":\"https:\\\/\\\/www.parrinst.com\\\/company\\\/about-parr\\\/\"},{\"@type\":\"ListItem\",\"position\":3,\"name\":\"\u00dcber Parr\"}]},{\"@type\":\"WebSite\",\"@id\":\"https:\\\/\\\/www.parrinst.com\\\/de\\\/#website\",\"url\":\"https:\\\/\\\/www.parrinst.com\\\/de\\\/\",\"name\":\"Parr Instrument GmbH\",\"description\":\"\",\"potentialAction\":[{\"@type\":\"SearchAction\",\"target\":{\"@type\":\"EntryPoint\",\"urlTemplate\":\"https:\\\/\\\/www.parrinst.com\\\/de\\\/?s={search_term_string}\"},\"query-input\":{\"@type\":\"PropertyValueSpecification\",\"valueRequired\":true,\"valueName\":\"search_term_string\"}}],\"inLanguage\":\"en-US\"}]}<\/script>\n<!-- \/ Yoast SEO plugin. -->","yoast_head_json":{"title":"\u00dcber Parr - Parr Instrument GmbH","robots":{"index":"index","follow":"follow","max-snippet":"max-snippet:-1","max-image-preview":"max-image-preview:large","max-video-preview":"max-video-preview:-1"},"canonical":"https:\/\/www.parrinst.com\/de\/company\/about-parr\/","og_locale":"en_US","og_type":"article","og_title":"\u00dcber Parr - Parr Instrument GmbH","og_description":"Parr Instrument Company ist ein privates Unternehmen, das sich auf die Entwicklung, die Herstellung und \u00a0den Vertrieb von Laborger\u00e4ten und Apparaturen spezialisiert hat, die f\u00fcr die Untersuchung von Treibstoffen und Durchf\u00fchrung von chemischen Reaktionen und Analysen unter Hitze und Druck verwendet werden. Der Hauptsitz des Unternehmens befindet sich in 211-53rd Street, Moline, Illinois, USA. Das [&hellip;]","og_url":"https:\/\/www.parrinst.com\/de\/company\/about-parr\/","og_site_name":"Parr Instrument GmbH","article_modified_time":"2019-05-31T18:53:13+00:00","og_image":[{"url":"https:\/\/www.parrinst.com\/de\/files\/2011\/03\/ParrBldg-2010_withLogo1-300x209.jpg","type":"","width":"","height":""}],"twitter_card":"summary_large_image","twitter_misc":{"Est. reading time":"1 minute"},"schema":{"@context":"https:\/\/schema.org","@graph":[{"@type":"WebPage","@id":"https:\/\/www.parrinst.com\/de\/company\/about-parr\/","url":"https:\/\/www.parrinst.com\/de\/company\/about-parr\/","name":"\u00dcber Parr - Parr Instrument GmbH","isPartOf":{"@id":"https:\/\/www.parrinst.com\/de\/#website"},"primaryImageOfPage":{"@id":"https:\/\/www.parrinst.com\/de\/company\/about-parr\/#primaryimage"},"image":{"@id":"https:\/\/www.parrinst.com\/de\/company\/about-parr\/#primaryimage"},"thumbnailUrl":"https:\/\/www.parrinst.com\/de\/wp-content\/uploads\/sites\/6\/2011\/03\/ParrBldg-2010_withLogo1-300x209.jpg","datePublished":"2011-03-10T20:18:26+00:00","dateModified":"2019-05-31T18:53:13+00:00","breadcrumb":{"@id":"https:\/\/www.parrinst.com\/de\/company\/about-parr\/#breadcrumb"},"inLanguage":"en-US","potentialAction":[{"@type":"ReadAction","target":["https:\/\/www.parrinst.com\/de\/company\/about-parr\/"]}]},{"@type":"ImageObject","inLanguage":"en-US","@id":"https:\/\/www.parrinst.com\/de\/company\/about-parr\/#primaryimage","url":"https:\/\/i0.wp.com\/www.parrinst.com\/de\/wp-content\/uploads\/sites\/6\/2011\/03\/ParrBldg-2010_withLogo1.jpg?fit=792%2C554&ssl=1","contentUrl":"https:\/\/i0.wp.com\/www.parrinst.com\/de\/wp-content\/uploads\/sites\/6\/2011\/03\/ParrBldg-2010_withLogo1.jpg?fit=792%2C554&ssl=1","width":"792","height":"554","caption":"Parr Instrument Company building in Moline, Illinois"},{"@type":"BreadcrumbList","@id":"https:\/\/www.parrinst.com\/de\/company\/about-parr\/#breadcrumb","itemListElement":[{"@type":"ListItem","position":1,"name":"Home","item":"https:\/\/www.parrinst.com\/de\/"},{"@type":"ListItem","position":2,"name":"Company","item":"https:\/\/www.parrinst.com\/company\/about-parr\/"},{"@type":"ListItem","position":3,"name":"\u00dcber Parr"}]},{"@type":"WebSite","@id":"https:\/\/www.parrinst.com\/de\/#website","url":"https:\/\/www.parrinst.com\/de\/","name":"Parr Instrument GmbH","description":"","potentialAction":[{"@type":"SearchAction","target":{"@type":"EntryPoint","urlTemplate":"https:\/\/www.parrinst.com\/de\/?s={search_term_string}"},"query-input":{"@type":"PropertyValueSpecification","valueRequired":true,"valueName":"search_term_string"}}],"inLanguage":"en-US"}]}},"jetpack_sharing_enabled":true,"_links":{"self":[{"href":"https:\/\/www.parrinst.com\/de\/wp-json\/wp\/v2\/pages\/150","targetHints":{"allow":["GET"]}}],"collection":[{"href":"https:\/\/www.parrinst.com\/de\/wp-json\/wp\/v2\/pages"}],"about":[{"href":"https:\/\/www.parrinst.com\/de\/wp-json\/wp\/v2\/types\/page"}],"author":[{"embeddable":true,"href":"https:\/\/www.parrinst.com\/de\/wp-json\/wp\/v2\/users\/1"}],"replies":[{"embeddable":true,"href":"https:\/\/www.parrinst.com\/de\/wp-json\/wp\/v2\/comments?post=150"}],"version-history":[{"count":1,"href":"https:\/\/www.parrinst.com\/de\/wp-json\/wp\/v2\/pages\/150\/revisions"}],"predecessor-version":[{"id":39814,"href":"https:\/\/www.parrinst.com\/de\/wp-json\/wp\/v2\/pages\/150\/revisions\/39814"}],"up":[{"embeddable":true,"href":"https:\/\/www.parrinst.com\/de\/wp-json\/wp\/v2\/pages\/26"}],"wp:attachment":[{"href":"https:\/\/www.parrinst.com\/de\/wp-json\/wp\/v2\/media?parent=150"}],"curies":[{"name":"wp","href":"https:\/\/api.w.org\/{rel}","templated":true}]}}