{"id":1502,"date":"2011-05-05T10:48:42","date_gmt":"2011-05-05T15:48:42","guid":{"rendered":"https:\/\/www.parrinst.com\/?page_id=1502"},"modified":"2015-08-21T18:34:36","modified_gmt":"2015-08-21T16:34:36","slug":"accessories","status":"publish","type":"page","link":"https:\/\/www.parrinst.com\/de\/products\/hydrogenation\/3911-hydrogenator\/accessories\/","title":{"rendered":"Zubeh\u00f6r"},"content":{"rendered":"<h2>3911 Zubeh\u00f6r<\/h2>\n<p>Nutzen Sie bitte die folgenden Teilenummern, um zus\u00e4tzliche Flaschen oder Zubeh\u00f6rteile zu bestellen:<\/p>\n<table class=\"GeneralTable\">\n<tbody>\n<tr>\n<td class=\"GeneralTable-DarkBlue\" colspan=\"2\">3911 Accessories<\/td>\n<\/tr>\n<tr valign=\"middle\">\n<td><strong>Teile Nr.<\/strong><\/td>\n<td><strong>Beschreibung<\/strong><\/td>\n<\/tr>\n<tr class=\"GeneralTable-LightBlue\">\n<td>66CA<\/td>\n<td>Reaktionsflasche, 500 ml<\/td>\n<\/tr>\n<tr>\n<td>66CA2<\/td>\n<td>Reaktionsflasche, 250 ml<\/td>\n<\/tr>\n<tr class=\"GeneralTable-LightBlue\">\n<td>66CA3<\/td>\n<td>Reaktionsflasche, 500 ml, glasfaserbeschichtet<\/td>\n<\/tr>\n<tr>\n<td>A122CA<\/td>\n<td>Schl\u00e4uche mit Verschraubungen, 500 ml<\/td>\n<\/tr>\n<tr class=\"GeneralTable-LightBlue\">\n<td>A122CA2<\/td>\n<td>Schl\u00e4uche mit Verschraubungen, 250 ml<\/td>\n<\/tr>\n<tr>\n<td>A103CA<\/td>\n<td>Wasserk\u00fchlmantel f\u00fcr 500 ml Flasche<\/td>\n<\/tr>\n<tr class=\"GeneralTable-LightBlue\">\n<td>A159CA2PA<\/td>\n<td>Thermoelement-Einheit, 500 ml<\/td>\n<\/tr>\n<tr>\n<td>A159CAPA<\/td>\n<td>Thermoelement-Einheit, 250 ml<\/td>\n<\/tr>\n<tr class=\"GeneralTable-LightBlue\">\n<td>A450EEE<\/td>\n<td>Heizmantel, 100 Watt, 230V<\/td>\n<\/tr>\n<tr>\n<td>4833EE<\/td>\n<td>Automatisierter Temperaturcontroller, 230V 50\/60 Hz<\/td>\n<\/tr>\n<\/tbody>\n<\/table>\n","protected":false},"excerpt":{"rendered":"<p>3911 Zubeh\u00f6r Nutzen Sie bitte die folgenden Teilenummern, um zus\u00e4tzliche Flaschen oder Zubeh\u00f6rteile zu bestellen: 3911 Accessories Teile Nr. Beschreibung 66CA Reaktionsflasche, 500 ml 66CA2 Reaktionsflasche, 250 ml 66CA3 Reaktionsflasche, 500 ml, glasfaserbeschichtet A122CA Schl\u00e4uche mit Verschraubungen, 500 ml A122CA2 Schl\u00e4uche mit Verschraubungen, 250 ml A103CA Wasserk\u00fchlmantel f\u00fcr 500 ml Flasche A159CA2PA Thermoelement-Einheit, 500 ml [&hellip;]<\/p>\n","protected":false},"author":1,"featured_media":37709,"parent":337,"menu_order":3,"comment_status":"closed","ping_status":"closed","template":"product-narrow.php","meta":{"_acf_changed":false,"footnotes":"","_links_to":"","_links_to_target":""},"class_list":["post-1502","page","type-page","status-publish","has-post-thumbnail","hentry"],"acf":[],"yoast_head":"<!-- This site is optimized with the Yoast SEO plugin v27.4 - https:\/\/yoast.com\/product\/yoast-seo-wordpress\/ -->\n<title>Zubeh\u00f6r - Parr Instrument GmbH<\/title>\n<meta name=\"robots\" content=\"index, follow, max-snippet:-1, max-image-preview:large, max-video-preview:-1\" \/>\n<link rel=\"canonical\" href=\"https:\/\/www.parrinst.com\/de\/products\/hydrogenation\/3911-hydrogenator\/accessories\/\" \/>\n<meta property=\"og:locale\" content=\"en_US\" \/>\n<meta property=\"og:type\" content=\"article\" \/>\n<meta property=\"og:title\" content=\"Zubeh\u00f6r - Parr Instrument GmbH\" \/>\n<meta property=\"og:description\" content=\"3911 Zubeh\u00f6r Nutzen Sie bitte die folgenden Teilenummern, um zus\u00e4tzliche Flaschen oder Zubeh\u00f6rteile zu bestellen: 3911 Accessories Teile Nr. Beschreibung 66CA Reaktionsflasche, 500 ml 66CA2 Reaktionsflasche, 250 ml 66CA3 Reaktionsflasche, 500 ml, glasfaserbeschichtet A122CA Schl\u00e4uche mit Verschraubungen, 500 ml A122CA2 Schl\u00e4uche mit Verschraubungen, 250 ml A103CA Wasserk\u00fchlmantel f\u00fcr 500 ml Flasche A159CA2PA Thermoelement-Einheit, 500 ml [&hellip;]\" \/>\n<meta property=\"og:url\" content=\"https:\/\/www.parrinst.com\/de\/products\/hydrogenation\/3911-hydrogenator\/accessories\/\" \/>\n<meta property=\"og:site_name\" content=\"Parr Instrument GmbH\" \/>\n<meta property=\"article:modified_time\" content=\"2015-08-21T16:34:36+00:00\" \/>\n<meta property=\"og:image\" content=\"https:\/\/www.parrinst.com\/de\/files\/2018\/01\/parr_banner_shaker_secondary.jpg\" \/>\n\t<meta property=\"og:image:width\" content=\"2200\" \/>\n\t<meta property=\"og:image:height\" content=\"399\" \/>\n\t<meta property=\"og:image:type\" content=\"image\/jpeg\" \/>\n<meta name=\"twitter:card\" content=\"summary_large_image\" \/>\n<script type=\"application\/ld+json\" class=\"yoast-schema-graph\">{\"@context\":\"https:\\\/\\\/schema.org\",\"@graph\":[{\"@type\":\"WebPage\",\"@id\":\"https:\\\/\\\/www.parrinst.com\\\/de\\\/products\\\/hydrogenation\\\/3911-hydrogenator\\\/accessories\\\/\",\"url\":\"https:\\\/\\\/www.parrinst.com\\\/de\\\/products\\\/hydrogenation\\\/3911-hydrogenator\\\/accessories\\\/\",\"name\":\"Zubeh\u00f6r - Parr Instrument GmbH\",\"isPartOf\":{\"@id\":\"https:\\\/\\\/www.parrinst.com\\\/de\\\/#website\"},\"primaryImageOfPage\":{\"@id\":\"https:\\\/\\\/www.parrinst.com\\\/de\\\/products\\\/hydrogenation\\\/3911-hydrogenator\\\/accessories\\\/#primaryimage\"},\"image\":{\"@id\":\"https:\\\/\\\/www.parrinst.com\\\/de\\\/products\\\/hydrogenation\\\/3911-hydrogenator\\\/accessories\\\/#primaryimage\"},\"thumbnailUrl\":\"https:\\\/\\\/i0.wp.com\\\/www.parrinst.com\\\/de\\\/wp-content\\\/uploads\\\/sites\\\/6\\\/2018\\\/01\\\/parr_banner_shaker_secondary.jpg?fit=2200%2C399&ssl=1\",\"datePublished\":\"2011-05-05T15:48:42+00:00\",\"dateModified\":\"2015-08-21T16:34:36+00:00\",\"breadcrumb\":{\"@id\":\"https:\\\/\\\/www.parrinst.com\\\/de\\\/products\\\/hydrogenation\\\/3911-hydrogenator\\\/accessories\\\/#breadcrumb\"},\"inLanguage\":\"en-US\",\"potentialAction\":[{\"@type\":\"ReadAction\",\"target\":[\"https:\\\/\\\/www.parrinst.com\\\/de\\\/products\\\/hydrogenation\\\/3911-hydrogenator\\\/accessories\\\/\"]}]},{\"@type\":\"ImageObject\",\"inLanguage\":\"en-US\",\"@id\":\"https:\\\/\\\/www.parrinst.com\\\/de\\\/products\\\/hydrogenation\\\/3911-hydrogenator\\\/accessories\\\/#primaryimage\",\"url\":\"https:\\\/\\\/i0.wp.com\\\/www.parrinst.com\\\/de\\\/wp-content\\\/uploads\\\/sites\\\/6\\\/2018\\\/01\\\/parr_banner_shaker_secondary.jpg?fit=2200%2C399&ssl=1\",\"contentUrl\":\"https:\\\/\\\/i0.wp.com\\\/www.parrinst.com\\\/de\\\/wp-content\\\/uploads\\\/sites\\\/6\\\/2018\\\/01\\\/parr_banner_shaker_secondary.jpg?fit=2200%2C399&ssl=1\",\"width\":2200,\"height\":399},{\"@type\":\"BreadcrumbList\",\"@id\":\"https:\\\/\\\/www.parrinst.com\\\/de\\\/products\\\/hydrogenation\\\/3911-hydrogenator\\\/accessories\\\/#breadcrumb\",\"itemListElement\":[{\"@type\":\"ListItem\",\"position\":1,\"name\":\"Home\",\"item\":\"https:\\\/\\\/www.parrinst.com\\\/de\\\/\"},{\"@type\":\"ListItem\",\"position\":2,\"name\":\"Products\",\"item\":\"https:\\\/\\\/www.parrinst.com\\\/de\\\/products\\\/\"},{\"@type\":\"ListItem\",\"position\":3,\"name\":\"Sch\u00fcttel-Hydrierapparate\",\"item\":\"https:\\\/\\\/www.parrinst.com\\\/de\\\/products\\\/hydrogenation\\\/\"},{\"@type\":\"ListItem\",\"position\":4,\"name\":\"3911 Sch\u00fcttel-Hydrierapparate\",\"item\":\"https:\\\/\\\/www.parrinst.com\\\/de\\\/products\\\/hydrogenation\\\/3911-hydrogenator\\\/\"},{\"@type\":\"ListItem\",\"position\":5,\"name\":\"Zubeh\u00f6r\"}]},{\"@type\":\"WebSite\",\"@id\":\"https:\\\/\\\/www.parrinst.com\\\/de\\\/#website\",\"url\":\"https:\\\/\\\/www.parrinst.com\\\/de\\\/\",\"name\":\"Parr Instrument GmbH\",\"description\":\"\",\"potentialAction\":[{\"@type\":\"SearchAction\",\"target\":{\"@type\":\"EntryPoint\",\"urlTemplate\":\"https:\\\/\\\/www.parrinst.com\\\/de\\\/?s={search_term_string}\"},\"query-input\":{\"@type\":\"PropertyValueSpecification\",\"valueRequired\":true,\"valueName\":\"search_term_string\"}}],\"inLanguage\":\"en-US\"}]}<\/script>\n<!-- \/ Yoast SEO plugin. -->","yoast_head_json":{"title":"Zubeh\u00f6r - Parr Instrument GmbH","robots":{"index":"index","follow":"follow","max-snippet":"max-snippet:-1","max-image-preview":"max-image-preview:large","max-video-preview":"max-video-preview:-1"},"canonical":"https:\/\/www.parrinst.com\/de\/products\/hydrogenation\/3911-hydrogenator\/accessories\/","og_locale":"en_US","og_type":"article","og_title":"Zubeh\u00f6r - Parr Instrument GmbH","og_description":"3911 Zubeh\u00f6r Nutzen Sie bitte die folgenden Teilenummern, um zus\u00e4tzliche Flaschen oder Zubeh\u00f6rteile zu bestellen: 3911 Accessories Teile Nr. Beschreibung 66CA Reaktionsflasche, 500 ml 66CA2 Reaktionsflasche, 250 ml 66CA3 Reaktionsflasche, 500 ml, glasfaserbeschichtet A122CA Schl\u00e4uche mit Verschraubungen, 500 ml A122CA2 Schl\u00e4uche mit Verschraubungen, 250 ml A103CA Wasserk\u00fchlmantel f\u00fcr 500 ml Flasche A159CA2PA Thermoelement-Einheit, 500 ml [&hellip;]","og_url":"https:\/\/www.parrinst.com\/de\/products\/hydrogenation\/3911-hydrogenator\/accessories\/","og_site_name":"Parr Instrument GmbH","article_modified_time":"2015-08-21T16:34:36+00:00","og_image":[{"width":2200,"height":399,"url":"https:\/\/www.parrinst.com\/de\/files\/2018\/01\/parr_banner_shaker_secondary.jpg","type":"image\/jpeg"}],"twitter_card":"summary_large_image","schema":{"@context":"https:\/\/schema.org","@graph":[{"@type":"WebPage","@id":"https:\/\/www.parrinst.com\/de\/products\/hydrogenation\/3911-hydrogenator\/accessories\/","url":"https:\/\/www.parrinst.com\/de\/products\/hydrogenation\/3911-hydrogenator\/accessories\/","name":"Zubeh\u00f6r - Parr Instrument GmbH","isPartOf":{"@id":"https:\/\/www.parrinst.com\/de\/#website"},"primaryImageOfPage":{"@id":"https:\/\/www.parrinst.com\/de\/products\/hydrogenation\/3911-hydrogenator\/accessories\/#primaryimage"},"image":{"@id":"https:\/\/www.parrinst.com\/de\/products\/hydrogenation\/3911-hydrogenator\/accessories\/#primaryimage"},"thumbnailUrl":"https:\/\/i0.wp.com\/www.parrinst.com\/de\/wp-content\/uploads\/sites\/6\/2018\/01\/parr_banner_shaker_secondary.jpg?fit=2200%2C399&ssl=1","datePublished":"2011-05-05T15:48:42+00:00","dateModified":"2015-08-21T16:34:36+00:00","breadcrumb":{"@id":"https:\/\/www.parrinst.com\/de\/products\/hydrogenation\/3911-hydrogenator\/accessories\/#breadcrumb"},"inLanguage":"en-US","potentialAction":[{"@type":"ReadAction","target":["https:\/\/www.parrinst.com\/de\/products\/hydrogenation\/3911-hydrogenator\/accessories\/"]}]},{"@type":"ImageObject","inLanguage":"en-US","@id":"https:\/\/www.parrinst.com\/de\/products\/hydrogenation\/3911-hydrogenator\/accessories\/#primaryimage","url":"https:\/\/i0.wp.com\/www.parrinst.com\/de\/wp-content\/uploads\/sites\/6\/2018\/01\/parr_banner_shaker_secondary.jpg?fit=2200%2C399&ssl=1","contentUrl":"https:\/\/i0.wp.com\/www.parrinst.com\/de\/wp-content\/uploads\/sites\/6\/2018\/01\/parr_banner_shaker_secondary.jpg?fit=2200%2C399&ssl=1","width":2200,"height":399},{"@type":"BreadcrumbList","@id":"https:\/\/www.parrinst.com\/de\/products\/hydrogenation\/3911-hydrogenator\/accessories\/#breadcrumb","itemListElement":[{"@type":"ListItem","position":1,"name":"Home","item":"https:\/\/www.parrinst.com\/de\/"},{"@type":"ListItem","position":2,"name":"Products","item":"https:\/\/www.parrinst.com\/de\/products\/"},{"@type":"ListItem","position":3,"name":"Sch\u00fcttel-Hydrierapparate","item":"https:\/\/www.parrinst.com\/de\/products\/hydrogenation\/"},{"@type":"ListItem","position":4,"name":"3911 Sch\u00fcttel-Hydrierapparate","item":"https:\/\/www.parrinst.com\/de\/products\/hydrogenation\/3911-hydrogenator\/"},{"@type":"ListItem","position":5,"name":"Zubeh\u00f6r"}]},{"@type":"WebSite","@id":"https:\/\/www.parrinst.com\/de\/#website","url":"https:\/\/www.parrinst.com\/de\/","name":"Parr Instrument GmbH","description":"","potentialAction":[{"@type":"SearchAction","target":{"@type":"EntryPoint","urlTemplate":"https:\/\/www.parrinst.com\/de\/?s={search_term_string}"},"query-input":{"@type":"PropertyValueSpecification","valueRequired":true,"valueName":"search_term_string"}}],"inLanguage":"en-US"}]}},"jetpack_sharing_enabled":true,"_links":{"self":[{"href":"https:\/\/www.parrinst.com\/de\/wp-json\/wp\/v2\/pages\/1502","targetHints":{"allow":["GET"]}}],"collection":[{"href":"https:\/\/www.parrinst.com\/de\/wp-json\/wp\/v2\/pages"}],"about":[{"href":"https:\/\/www.parrinst.com\/de\/wp-json\/wp\/v2\/types\/page"}],"author":[{"embeddable":true,"href":"https:\/\/www.parrinst.com\/de\/wp-json\/wp\/v2\/users\/1"}],"replies":[{"embeddable":true,"href":"https:\/\/www.parrinst.com\/de\/wp-json\/wp\/v2\/comments?post=1502"}],"version-history":[{"count":0,"href":"https:\/\/www.parrinst.com\/de\/wp-json\/wp\/v2\/pages\/1502\/revisions"}],"up":[{"embeddable":true,"href":"https:\/\/www.parrinst.com\/de\/wp-json\/wp\/v2\/pages\/337"}],"wp:featuredmedia":[{"embeddable":true,"href":"https:\/\/www.parrinst.com\/de\/wp-json\/wp\/v2\/media\/37709"}],"wp:attachment":[{"href":"https:\/\/www.parrinst.com\/de\/wp-json\/wp\/v2\/media?parent=1502"}],"curies":[{"name":"wp","href":"https:\/\/api.w.org\/{rel}","templated":true}]}}