{"id":1506,"date":"2011-05-05T10:49:05","date_gmt":"2011-05-05T15:49:05","guid":{"rendered":"https:\/\/www.parrinst.com\/?page_id=1506"},"modified":"2024-08-04T20:16:31","modified_gmt":"2024-08-05T01:16:31","slug":"documents","status":"publish","type":"page","link":"https:\/\/www.parrinst.com\/de\/products\/hydrogenation\/3911-hydrogenator\/documents\/","title":{"rendered":"Dokumente"},"content":{"rendered":"<h4>Sales Literature<\/h4>\n<ul>\n<li><a class=\"download-link\" title=\"Version 0519\" href=\"https:\/\/www.parrinst.com\/download\/37537\/\" rel=\"nofollow\">3900MB Shaker Type Hydrogenation Apparatus Sales Literature<\/a><\/li>\n<\/ul>\n<h4>Bedienungsanleitun<\/h4>\n<p>Bitte\u00a0<a href=\"https:\/\/www.parrinst.com\/support\/downloads\/manuals\/\">wenden Sie sich an uns oder Ihren H\u00e4ndler<\/a>\u00a0vor Ort, um Zugang zu den Bedienungsanleitungen zu erhalten.<\/p>\n<hr \/>\n<h3>Sicherheitsbetrachtungen<\/h3>\n<p>Die Parr Hydrierapparate vom Sch\u00fctteltyp werden normalerweise in offenen Laboren ohne zus\u00e4tzliche Schutzw\u00e4nde oder Verschalungen verwendet. Allerdings muss der Anwender wissen, dass zus\u00e4tzliche Schutzma\u00dfnahmen notwendig sein k\u00f6nnen, wenn die Reaktion au\u00dfer Kontrolle geraten k\u00f6nnte oder wenn bei einem unerwarteten Bersten der Flasche giftige oder brennbare Chemikalien austreten k\u00f6nnten. Bei potenziell explosiven Reaktionen wird empfohlen, das Ger\u00e4t mit geeigneten Schutzw\u00e4nden zu umstellen oder in einem Schutzraum aufzubauen.<\/p>\n<p>In der N\u00e4he des Hydrierapparates d\u00fcrfen sich keine Bunsenbrenner oder andere offene Flammen befinden. Der Raum muss gut gel\u00fcftet sein, und alle vom Apparat abgegebenen Gase sollten in eine explosionssichere Abdeckung oder in eine Abzugshaube geleitet werden. Es ist darauf zu achten, dass sich die statische Ladung eines Gegenstandes nicht in einem Z\u00fcndfunken entl\u00e4dt.<\/p>\n<p>Die Gefahren im Umgang mit Druckreaktionen in Glasflaschen k\u00f6nnen minimiert werden, wenn nur druckgetestete Flaschen in einer Stahlummantelung verwendet werden. Es gibt allerdings keine vollkommene Sicherheit, unter gewissen Umst\u00e4nden k\u00f6nnen die Flaschen auch unterhalb des angegebenen Druckes bersten. Der Benutzer muss sich dieser Gefahr bewusst sein und sollte nach eigenem Ermessen zus\u00e4tzliche Sicherheitsvorkehrungen treffen, um sich und andere vor Verletzungen zu sch\u00fctzen.<\/p>\n<p>Mit allen Katalysatoren muss aufgrund ihrer hohen Reaktionsf\u00e4higkeit vorsichtig umgegangen werden. Obwohl unbenutzte Metallkatalysatoren \u00fcblicherweise unbedenklich sind, muss mit besonderer Vorsicht gearbeitet werden, wenn diese in Kontakt mit brennbaren Fl\u00fcssigkeiten oder Gasen unter einer Sauerstoffatmosph\u00e4re kommen. Hierbei k\u00f6nnen die Katalysatoren eine pl\u00f6tzliche Verbrennung verursachen. Alle Katalysatoren, welche mit Wasserstoff in Ber\u00fchrung kamen, m\u00fcssen ebenfalls mit besonderer Vorsicht behandelt werden, weil sich diese w\u00e4hrend der Trocknung selbst entz\u00fcnden k\u00f6nnen. Aus diesen Gr\u00fcnden m\u00fcssen benutzte Katalysatoren immer feucht gelagert werden und der Kontakt zu brennbaren Materialien vermieden werden.<\/p>\n","protected":false},"excerpt":{"rendered":"<p>Sales Literature 3900MB Shaker Type Hydrogenation Apparatus Sales Literature Bedienungsanleitun Bitte\u00a0wenden Sie sich an uns oder Ihren H\u00e4ndler\u00a0vor Ort, um Zugang zu den Bedienungsanleitungen zu erhalten. Sicherheitsbetrachtungen Die Parr Hydrierapparate vom Sch\u00fctteltyp werden normalerweise in offenen Laboren ohne zus\u00e4tzliche Schutzw\u00e4nde oder Verschalungen verwendet. Allerdings muss der Anwender wissen, dass zus\u00e4tzliche Schutzma\u00dfnahmen notwendig sein k\u00f6nnen, wenn [&hellip;]<\/p>\n","protected":false},"author":1,"featured_media":37709,"parent":337,"menu_order":4,"comment_status":"closed","ping_status":"closed","template":"product-narrow.php","meta":{"_acf_changed":false,"footnotes":"","_links_to":"","_links_to_target":""},"class_list":["post-1506","page","type-page","status-publish","has-post-thumbnail","hentry"],"acf":[],"yoast_head":"<!-- This site is optimized with the Yoast SEO plugin v27.4 - https:\/\/yoast.com\/product\/yoast-seo-wordpress\/ -->\n<title>Dokumente - Parr Instrument GmbH<\/title>\n<meta name=\"robots\" content=\"index, follow, max-snippet:-1, max-image-preview:large, max-video-preview:-1\" \/>\n<link rel=\"canonical\" href=\"https:\/\/www.parrinst.com\/de\/products\/hydrogenation\/3911-hydrogenator\/documents\/\" \/>\n<meta property=\"og:locale\" content=\"en_US\" \/>\n<meta property=\"og:type\" content=\"article\" \/>\n<meta property=\"og:title\" content=\"Dokumente - Parr Instrument GmbH\" \/>\n<meta property=\"og:description\" content=\"Sales Literature 3900MB Shaker Type Hydrogenation Apparatus Sales Literature Bedienungsanleitun Bitte\u00a0wenden Sie sich an uns oder Ihren H\u00e4ndler\u00a0vor Ort, um Zugang zu den Bedienungsanleitungen zu erhalten. Sicherheitsbetrachtungen Die Parr Hydrierapparate vom Sch\u00fctteltyp werden normalerweise in offenen Laboren ohne zus\u00e4tzliche Schutzw\u00e4nde oder Verschalungen verwendet. Allerdings muss der Anwender wissen, dass zus\u00e4tzliche Schutzma\u00dfnahmen notwendig sein k\u00f6nnen, wenn [&hellip;]\" \/>\n<meta property=\"og:url\" content=\"https:\/\/www.parrinst.com\/de\/products\/hydrogenation\/3911-hydrogenator\/documents\/\" \/>\n<meta property=\"og:site_name\" content=\"Parr Instrument GmbH\" \/>\n<meta property=\"article:modified_time\" content=\"2024-08-05T01:16:31+00:00\" \/>\n<meta property=\"og:image\" content=\"https:\/\/www.parrinst.com\/de\/files\/2018\/01\/parr_banner_shaker_secondary.jpg\" \/>\n\t<meta property=\"og:image:width\" content=\"2200\" \/>\n\t<meta property=\"og:image:height\" content=\"399\" \/>\n\t<meta property=\"og:image:type\" content=\"image\/jpeg\" \/>\n<meta name=\"twitter:card\" content=\"summary_large_image\" \/>\n<meta name=\"twitter:label1\" content=\"Est. reading time\" \/>\n\t<meta name=\"twitter:data1\" content=\"2 minutes\" \/>\n<script type=\"application\/ld+json\" class=\"yoast-schema-graph\">{\"@context\":\"https:\\\/\\\/schema.org\",\"@graph\":[{\"@type\":\"WebPage\",\"@id\":\"https:\\\/\\\/www.parrinst.com\\\/de\\\/products\\\/hydrogenation\\\/3911-hydrogenator\\\/documents\\\/\",\"url\":\"https:\\\/\\\/www.parrinst.com\\\/de\\\/products\\\/hydrogenation\\\/3911-hydrogenator\\\/documents\\\/\",\"name\":\"Dokumente - Parr Instrument GmbH\",\"isPartOf\":{\"@id\":\"https:\\\/\\\/www.parrinst.com\\\/de\\\/#website\"},\"primaryImageOfPage\":{\"@id\":\"https:\\\/\\\/www.parrinst.com\\\/de\\\/products\\\/hydrogenation\\\/3911-hydrogenator\\\/documents\\\/#primaryimage\"},\"image\":{\"@id\":\"https:\\\/\\\/www.parrinst.com\\\/de\\\/products\\\/hydrogenation\\\/3911-hydrogenator\\\/documents\\\/#primaryimage\"},\"thumbnailUrl\":\"https:\\\/\\\/i0.wp.com\\\/www.parrinst.com\\\/de\\\/wp-content\\\/uploads\\\/sites\\\/6\\\/2018\\\/01\\\/parr_banner_shaker_secondary.jpg?fit=2200%2C399&ssl=1\",\"datePublished\":\"2011-05-05T15:49:05+00:00\",\"dateModified\":\"2024-08-05T01:16:31+00:00\",\"breadcrumb\":{\"@id\":\"https:\\\/\\\/www.parrinst.com\\\/de\\\/products\\\/hydrogenation\\\/3911-hydrogenator\\\/documents\\\/#breadcrumb\"},\"inLanguage\":\"en-US\",\"potentialAction\":[{\"@type\":\"ReadAction\",\"target\":[\"https:\\\/\\\/www.parrinst.com\\\/de\\\/products\\\/hydrogenation\\\/3911-hydrogenator\\\/documents\\\/\"]}]},{\"@type\":\"ImageObject\",\"inLanguage\":\"en-US\",\"@id\":\"https:\\\/\\\/www.parrinst.com\\\/de\\\/products\\\/hydrogenation\\\/3911-hydrogenator\\\/documents\\\/#primaryimage\",\"url\":\"https:\\\/\\\/i0.wp.com\\\/www.parrinst.com\\\/de\\\/wp-content\\\/uploads\\\/sites\\\/6\\\/2018\\\/01\\\/parr_banner_shaker_secondary.jpg?fit=2200%2C399&ssl=1\",\"contentUrl\":\"https:\\\/\\\/i0.wp.com\\\/www.parrinst.com\\\/de\\\/wp-content\\\/uploads\\\/sites\\\/6\\\/2018\\\/01\\\/parr_banner_shaker_secondary.jpg?fit=2200%2C399&ssl=1\",\"width\":2200,\"height\":399},{\"@type\":\"BreadcrumbList\",\"@id\":\"https:\\\/\\\/www.parrinst.com\\\/de\\\/products\\\/hydrogenation\\\/3911-hydrogenator\\\/documents\\\/#breadcrumb\",\"itemListElement\":[{\"@type\":\"ListItem\",\"position\":1,\"name\":\"Home\",\"item\":\"https:\\\/\\\/www.parrinst.com\\\/de\\\/\"},{\"@type\":\"ListItem\",\"position\":2,\"name\":\"Products\",\"item\":\"https:\\\/\\\/www.parrinst.com\\\/de\\\/products\\\/\"},{\"@type\":\"ListItem\",\"position\":3,\"name\":\"Sch\u00fcttel-Hydrierapparate\",\"item\":\"https:\\\/\\\/www.parrinst.com\\\/de\\\/products\\\/hydrogenation\\\/\"},{\"@type\":\"ListItem\",\"position\":4,\"name\":\"3911 Sch\u00fcttel-Hydrierapparate\",\"item\":\"https:\\\/\\\/www.parrinst.com\\\/de\\\/products\\\/hydrogenation\\\/3911-hydrogenator\\\/\"},{\"@type\":\"ListItem\",\"position\":5,\"name\":\"Dokumente\"}]},{\"@type\":\"WebSite\",\"@id\":\"https:\\\/\\\/www.parrinst.com\\\/de\\\/#website\",\"url\":\"https:\\\/\\\/www.parrinst.com\\\/de\\\/\",\"name\":\"Parr Instrument GmbH\",\"description\":\"\",\"potentialAction\":[{\"@type\":\"SearchAction\",\"target\":{\"@type\":\"EntryPoint\",\"urlTemplate\":\"https:\\\/\\\/www.parrinst.com\\\/de\\\/?s={search_term_string}\"},\"query-input\":{\"@type\":\"PropertyValueSpecification\",\"valueRequired\":true,\"valueName\":\"search_term_string\"}}],\"inLanguage\":\"en-US\"}]}<\/script>\n<!-- \/ Yoast SEO plugin. -->","yoast_head_json":{"title":"Dokumente - Parr Instrument GmbH","robots":{"index":"index","follow":"follow","max-snippet":"max-snippet:-1","max-image-preview":"max-image-preview:large","max-video-preview":"max-video-preview:-1"},"canonical":"https:\/\/www.parrinst.com\/de\/products\/hydrogenation\/3911-hydrogenator\/documents\/","og_locale":"en_US","og_type":"article","og_title":"Dokumente - Parr Instrument GmbH","og_description":"Sales Literature 3900MB Shaker Type Hydrogenation Apparatus Sales Literature Bedienungsanleitun Bitte\u00a0wenden Sie sich an uns oder Ihren H\u00e4ndler\u00a0vor Ort, um Zugang zu den Bedienungsanleitungen zu erhalten. Sicherheitsbetrachtungen Die Parr Hydrierapparate vom Sch\u00fctteltyp werden normalerweise in offenen Laboren ohne zus\u00e4tzliche Schutzw\u00e4nde oder Verschalungen verwendet. Allerdings muss der Anwender wissen, dass zus\u00e4tzliche Schutzma\u00dfnahmen notwendig sein k\u00f6nnen, wenn [&hellip;]","og_url":"https:\/\/www.parrinst.com\/de\/products\/hydrogenation\/3911-hydrogenator\/documents\/","og_site_name":"Parr Instrument GmbH","article_modified_time":"2024-08-05T01:16:31+00:00","og_image":[{"width":2200,"height":399,"url":"https:\/\/www.parrinst.com\/de\/files\/2018\/01\/parr_banner_shaker_secondary.jpg","type":"image\/jpeg"}],"twitter_card":"summary_large_image","twitter_misc":{"Est. reading time":"2 minutes"},"schema":{"@context":"https:\/\/schema.org","@graph":[{"@type":"WebPage","@id":"https:\/\/www.parrinst.com\/de\/products\/hydrogenation\/3911-hydrogenator\/documents\/","url":"https:\/\/www.parrinst.com\/de\/products\/hydrogenation\/3911-hydrogenator\/documents\/","name":"Dokumente - Parr Instrument GmbH","isPartOf":{"@id":"https:\/\/www.parrinst.com\/de\/#website"},"primaryImageOfPage":{"@id":"https:\/\/www.parrinst.com\/de\/products\/hydrogenation\/3911-hydrogenator\/documents\/#primaryimage"},"image":{"@id":"https:\/\/www.parrinst.com\/de\/products\/hydrogenation\/3911-hydrogenator\/documents\/#primaryimage"},"thumbnailUrl":"https:\/\/i0.wp.com\/www.parrinst.com\/de\/wp-content\/uploads\/sites\/6\/2018\/01\/parr_banner_shaker_secondary.jpg?fit=2200%2C399&ssl=1","datePublished":"2011-05-05T15:49:05+00:00","dateModified":"2024-08-05T01:16:31+00:00","breadcrumb":{"@id":"https:\/\/www.parrinst.com\/de\/products\/hydrogenation\/3911-hydrogenator\/documents\/#breadcrumb"},"inLanguage":"en-US","potentialAction":[{"@type":"ReadAction","target":["https:\/\/www.parrinst.com\/de\/products\/hydrogenation\/3911-hydrogenator\/documents\/"]}]},{"@type":"ImageObject","inLanguage":"en-US","@id":"https:\/\/www.parrinst.com\/de\/products\/hydrogenation\/3911-hydrogenator\/documents\/#primaryimage","url":"https:\/\/i0.wp.com\/www.parrinst.com\/de\/wp-content\/uploads\/sites\/6\/2018\/01\/parr_banner_shaker_secondary.jpg?fit=2200%2C399&ssl=1","contentUrl":"https:\/\/i0.wp.com\/www.parrinst.com\/de\/wp-content\/uploads\/sites\/6\/2018\/01\/parr_banner_shaker_secondary.jpg?fit=2200%2C399&ssl=1","width":2200,"height":399},{"@type":"BreadcrumbList","@id":"https:\/\/www.parrinst.com\/de\/products\/hydrogenation\/3911-hydrogenator\/documents\/#breadcrumb","itemListElement":[{"@type":"ListItem","position":1,"name":"Home","item":"https:\/\/www.parrinst.com\/de\/"},{"@type":"ListItem","position":2,"name":"Products","item":"https:\/\/www.parrinst.com\/de\/products\/"},{"@type":"ListItem","position":3,"name":"Sch\u00fcttel-Hydrierapparate","item":"https:\/\/www.parrinst.com\/de\/products\/hydrogenation\/"},{"@type":"ListItem","position":4,"name":"3911 Sch\u00fcttel-Hydrierapparate","item":"https:\/\/www.parrinst.com\/de\/products\/hydrogenation\/3911-hydrogenator\/"},{"@type":"ListItem","position":5,"name":"Dokumente"}]},{"@type":"WebSite","@id":"https:\/\/www.parrinst.com\/de\/#website","url":"https:\/\/www.parrinst.com\/de\/","name":"Parr Instrument GmbH","description":"","potentialAction":[{"@type":"SearchAction","target":{"@type":"EntryPoint","urlTemplate":"https:\/\/www.parrinst.com\/de\/?s={search_term_string}"},"query-input":{"@type":"PropertyValueSpecification","valueRequired":true,"valueName":"search_term_string"}}],"inLanguage":"en-US"}]}},"jetpack_sharing_enabled":true,"_links":{"self":[{"href":"https:\/\/www.parrinst.com\/de\/wp-json\/wp\/v2\/pages\/1506","targetHints":{"allow":["GET"]}}],"collection":[{"href":"https:\/\/www.parrinst.com\/de\/wp-json\/wp\/v2\/pages"}],"about":[{"href":"https:\/\/www.parrinst.com\/de\/wp-json\/wp\/v2\/types\/page"}],"author":[{"embeddable":true,"href":"https:\/\/www.parrinst.com\/de\/wp-json\/wp\/v2\/users\/1"}],"replies":[{"embeddable":true,"href":"https:\/\/www.parrinst.com\/de\/wp-json\/wp\/v2\/comments?post=1506"}],"version-history":[{"count":5,"href":"https:\/\/www.parrinst.com\/de\/wp-json\/wp\/v2\/pages\/1506\/revisions"}],"predecessor-version":[{"id":41456,"href":"https:\/\/www.parrinst.com\/de\/wp-json\/wp\/v2\/pages\/1506\/revisions\/41456"}],"up":[{"embeddable":true,"href":"https:\/\/www.parrinst.com\/de\/wp-json\/wp\/v2\/pages\/337"}],"wp:featuredmedia":[{"embeddable":true,"href":"https:\/\/www.parrinst.com\/de\/wp-json\/wp\/v2\/media\/37709"}],"wp:attachment":[{"href":"https:\/\/www.parrinst.com\/de\/wp-json\/wp\/v2\/media?parent=1506"}],"curies":[{"name":"wp","href":"https:\/\/api.w.org\/{rel}","templated":true}]}}