{"id":1566,"date":"2011-05-05T10:00:30","date_gmt":"2011-05-05T15:00:30","guid":{"rendered":"https:\/\/www.parrinst.com\/?page_id=1566"},"modified":"2018-02-20T18:41:45","modified_gmt":"2018-02-20T17:41:45","slug":"specifications","status":"publish","type":"page","link":"https:\/\/www.parrinst.com\/de\/products\/oxygen-bomb-calorimeters\/6100-compensated-jacket-calorimeter\/specifications\/","title":{"rendered":"Specifications"},"content":{"rendered":"<h2>Spezifikationen:<\/h2>\n<ul>\n<li>Spezifikationen\u00a0Kalorimetrie<\/li>\n<li>Entnehmbare 1108P Sauerstoffgef\u00e4\u00df und Beh\u00e4lter<\/li>\n<li>4-7 Tests pro Stunde<\/li>\n<li>Bedienzeit pro Testdurchlauf \u2013 ca. 6 Minuten<\/li>\n<li>Pr\u00e4zision 0,1 \u2013 0,2%<\/li>\n<li>Temperaturaufl\u00f6sung 0,0001 \u00baC<\/li>\n<li>Probenenergie-Messbereich 52-12000 Kalorien, je nach eingesetztem Gef\u00e4\u00df<\/li>\n<li>0,05% Linearit\u00e4t des Arbeitsbereichs<\/li>\n<li>SD-Speicherkarte und TCP\/IP Netzwerkkommunikation<\/li>\n<li>USB-Anschluss f\u00fcr Waage und Drucker<\/li>\n<li>Updates via Internet<\/li>\n<li>Abmessungen (Zoll) 23 breit X 16 tief X 17 hoch<\/li>\n<li>Abmessungen (cm) 57 breit X 40 tief X 43 hoch<\/li>\n<\/ul>\n","protected":false},"excerpt":{"rendered":"<p>Spezifikationen: Spezifikationen\u00a0Kalorimetrie Entnehmbare 1108P Sauerstoffgef\u00e4\u00df und Beh\u00e4lter 4-7 Tests pro Stunde Bedienzeit pro Testdurchlauf \u2013 ca. 6 Minuten Pr\u00e4zision 0,1 \u2013 0,2% Temperaturaufl\u00f6sung 0,0001 \u00baC Probenenergie-Messbereich 52-12000 Kalorien, je nach eingesetztem Gef\u00e4\u00df 0,05% Linearit\u00e4t des Arbeitsbereichs SD-Speicherkarte und TCP\/IP Netzwerkkommunikation USB-Anschluss f\u00fcr Waage und Drucker Updates via Internet Abmessungen (Zoll) 23 breit X 16 tief [&hellip;]<\/p>\n","protected":false},"author":1,"featured_media":37712,"parent":260,"menu_order":2,"comment_status":"closed","ping_status":"closed","template":"product-narrow.php","meta":{"_acf_changed":false,"footnotes":"","_links_to":"","_links_to_target":""},"class_list":["post-1566","page","type-page","status-publish","has-post-thumbnail","hentry"],"acf":[],"yoast_head":"<!-- This site is optimized with the Yoast SEO plugin v27.4 - https:\/\/yoast.com\/product\/yoast-seo-wordpress\/ -->\n<title>Specifications - Parr Instrument GmbH<\/title>\n<meta name=\"robots\" content=\"index, follow, max-snippet:-1, max-image-preview:large, max-video-preview:-1\" \/>\n<link rel=\"canonical\" href=\"https:\/\/www.parrinst.com\/de\/products\/oxygen-bomb-calorimeters\/6100-compensated-jacket-calorimeter\/specifications\/\" \/>\n<meta property=\"og:locale\" content=\"en_US\" \/>\n<meta property=\"og:type\" content=\"article\" \/>\n<meta property=\"og:title\" content=\"Specifications - Parr Instrument GmbH\" \/>\n<meta property=\"og:description\" content=\"Spezifikationen: Spezifikationen\u00a0Kalorimetrie Entnehmbare 1108P Sauerstoffgef\u00e4\u00df und Beh\u00e4lter 4-7 Tests pro Stunde Bedienzeit pro Testdurchlauf \u2013 ca. 6 Minuten Pr\u00e4zision 0,1 \u2013 0,2% Temperaturaufl\u00f6sung 0,0001 \u00baC Probenenergie-Messbereich 52-12000 Kalorien, je nach eingesetztem Gef\u00e4\u00df 0,05% Linearit\u00e4t des Arbeitsbereichs SD-Speicherkarte und TCP\/IP Netzwerkkommunikation USB-Anschluss f\u00fcr Waage und Drucker Updates via Internet Abmessungen (Zoll) 23 breit X 16 tief [&hellip;]\" \/>\n<meta property=\"og:url\" content=\"https:\/\/www.parrinst.com\/de\/products\/oxygen-bomb-calorimeters\/6100-compensated-jacket-calorimeter\/specifications\/\" \/>\n<meta property=\"og:site_name\" content=\"Parr Instrument GmbH\" \/>\n<meta property=\"article:modified_time\" content=\"2018-02-20T17:41:45+00:00\" \/>\n<meta property=\"og:image\" content=\"https:\/\/www.parrinst.com\/de\/files\/2018\/01\/parr_banner_calorimeter_secondary-3.jpg\" \/>\n\t<meta property=\"og:image:width\" content=\"2200\" \/>\n\t<meta property=\"og:image:height\" content=\"399\" \/>\n\t<meta property=\"og:image:type\" content=\"image\/jpeg\" \/>\n<meta name=\"twitter:card\" content=\"summary_large_image\" \/>\n<script type=\"application\/ld+json\" class=\"yoast-schema-graph\">{\"@context\":\"https:\\\/\\\/schema.org\",\"@graph\":[{\"@type\":\"WebPage\",\"@id\":\"https:\\\/\\\/www.parrinst.com\\\/de\\\/products\\\/oxygen-bomb-calorimeters\\\/6100-compensated-jacket-calorimeter\\\/specifications\\\/\",\"url\":\"https:\\\/\\\/www.parrinst.com\\\/de\\\/products\\\/oxygen-bomb-calorimeters\\\/6100-compensated-jacket-calorimeter\\\/specifications\\\/\",\"name\":\"Specifications - Parr Instrument GmbH\",\"isPartOf\":{\"@id\":\"https:\\\/\\\/www.parrinst.com\\\/de\\\/#website\"},\"primaryImageOfPage\":{\"@id\":\"https:\\\/\\\/www.parrinst.com\\\/de\\\/products\\\/oxygen-bomb-calorimeters\\\/6100-compensated-jacket-calorimeter\\\/specifications\\\/#primaryimage\"},\"image\":{\"@id\":\"https:\\\/\\\/www.parrinst.com\\\/de\\\/products\\\/oxygen-bomb-calorimeters\\\/6100-compensated-jacket-calorimeter\\\/specifications\\\/#primaryimage\"},\"thumbnailUrl\":\"https:\\\/\\\/i0.wp.com\\\/www.parrinst.com\\\/de\\\/wp-content\\\/uploads\\\/sites\\\/6\\\/2018\\\/01\\\/parr_banner_calorimeter_secondary-3.jpg?fit=2200%2C399&ssl=1\",\"datePublished\":\"2011-05-05T15:00:30+00:00\",\"dateModified\":\"2018-02-20T17:41:45+00:00\",\"breadcrumb\":{\"@id\":\"https:\\\/\\\/www.parrinst.com\\\/de\\\/products\\\/oxygen-bomb-calorimeters\\\/6100-compensated-jacket-calorimeter\\\/specifications\\\/#breadcrumb\"},\"inLanguage\":\"en-US\",\"potentialAction\":[{\"@type\":\"ReadAction\",\"target\":[\"https:\\\/\\\/www.parrinst.com\\\/de\\\/products\\\/oxygen-bomb-calorimeters\\\/6100-compensated-jacket-calorimeter\\\/specifications\\\/\"]}]},{\"@type\":\"ImageObject\",\"inLanguage\":\"en-US\",\"@id\":\"https:\\\/\\\/www.parrinst.com\\\/de\\\/products\\\/oxygen-bomb-calorimeters\\\/6100-compensated-jacket-calorimeter\\\/specifications\\\/#primaryimage\",\"url\":\"https:\\\/\\\/i0.wp.com\\\/www.parrinst.com\\\/de\\\/wp-content\\\/uploads\\\/sites\\\/6\\\/2018\\\/01\\\/parr_banner_calorimeter_secondary-3.jpg?fit=2200%2C399&ssl=1\",\"contentUrl\":\"https:\\\/\\\/i0.wp.com\\\/www.parrinst.com\\\/de\\\/wp-content\\\/uploads\\\/sites\\\/6\\\/2018\\\/01\\\/parr_banner_calorimeter_secondary-3.jpg?fit=2200%2C399&ssl=1\",\"width\":2200,\"height\":399},{\"@type\":\"BreadcrumbList\",\"@id\":\"https:\\\/\\\/www.parrinst.com\\\/de\\\/products\\\/oxygen-bomb-calorimeters\\\/6100-compensated-jacket-calorimeter\\\/specifications\\\/#breadcrumb\",\"itemListElement\":[{\"@type\":\"ListItem\",\"position\":1,\"name\":\"Home\",\"item\":\"https:\\\/\\\/www.parrinst.com\\\/de\\\/\"},{\"@type\":\"ListItem\",\"position\":2,\"name\":\"Products\",\"item\":\"https:\\\/\\\/www.parrinst.com\\\/de\\\/products\\\/\"},{\"@type\":\"ListItem\",\"position\":3,\"name\":\"Sauerstoffbomben-Kalorimeter\",\"item\":\"https:\\\/\\\/www.parrinst.com\\\/de\\\/products\\\/oxygen-bomb-calorimeters\\\/\"},{\"@type\":\"ListItem\",\"position\":4,\"name\":\"6100 Automatisches Verbrennungskalorimeter\",\"item\":\"https:\\\/\\\/www.parrinst.com\\\/de\\\/products\\\/oxygen-bomb-calorimeters\\\/6100-compensated-jacket-calorimeter\\\/\"},{\"@type\":\"ListItem\",\"position\":5,\"name\":\"Specifications\"}]},{\"@type\":\"WebSite\",\"@id\":\"https:\\\/\\\/www.parrinst.com\\\/de\\\/#website\",\"url\":\"https:\\\/\\\/www.parrinst.com\\\/de\\\/\",\"name\":\"Parr Instrument GmbH\",\"description\":\"\",\"potentialAction\":[{\"@type\":\"SearchAction\",\"target\":{\"@type\":\"EntryPoint\",\"urlTemplate\":\"https:\\\/\\\/www.parrinst.com\\\/de\\\/?s={search_term_string}\"},\"query-input\":{\"@type\":\"PropertyValueSpecification\",\"valueRequired\":true,\"valueName\":\"search_term_string\"}}],\"inLanguage\":\"en-US\"}]}<\/script>\n<!-- \/ Yoast SEO plugin. -->","yoast_head_json":{"title":"Specifications - Parr Instrument GmbH","robots":{"index":"index","follow":"follow","max-snippet":"max-snippet:-1","max-image-preview":"max-image-preview:large","max-video-preview":"max-video-preview:-1"},"canonical":"https:\/\/www.parrinst.com\/de\/products\/oxygen-bomb-calorimeters\/6100-compensated-jacket-calorimeter\/specifications\/","og_locale":"en_US","og_type":"article","og_title":"Specifications - Parr Instrument GmbH","og_description":"Spezifikationen: Spezifikationen\u00a0Kalorimetrie Entnehmbare 1108P Sauerstoffgef\u00e4\u00df und Beh\u00e4lter 4-7 Tests pro Stunde Bedienzeit pro Testdurchlauf \u2013 ca. 6 Minuten Pr\u00e4zision 0,1 \u2013 0,2% Temperaturaufl\u00f6sung 0,0001 \u00baC Probenenergie-Messbereich 52-12000 Kalorien, je nach eingesetztem Gef\u00e4\u00df 0,05% Linearit\u00e4t des Arbeitsbereichs SD-Speicherkarte und TCP\/IP Netzwerkkommunikation USB-Anschluss f\u00fcr Waage und Drucker Updates via Internet Abmessungen (Zoll) 23 breit X 16 tief [&hellip;]","og_url":"https:\/\/www.parrinst.com\/de\/products\/oxygen-bomb-calorimeters\/6100-compensated-jacket-calorimeter\/specifications\/","og_site_name":"Parr Instrument GmbH","article_modified_time":"2018-02-20T17:41:45+00:00","og_image":[{"width":2200,"height":399,"url":"https:\/\/www.parrinst.com\/de\/files\/2018\/01\/parr_banner_calorimeter_secondary-3.jpg","type":"image\/jpeg"}],"twitter_card":"summary_large_image","schema":{"@context":"https:\/\/schema.org","@graph":[{"@type":"WebPage","@id":"https:\/\/www.parrinst.com\/de\/products\/oxygen-bomb-calorimeters\/6100-compensated-jacket-calorimeter\/specifications\/","url":"https:\/\/www.parrinst.com\/de\/products\/oxygen-bomb-calorimeters\/6100-compensated-jacket-calorimeter\/specifications\/","name":"Specifications - Parr Instrument GmbH","isPartOf":{"@id":"https:\/\/www.parrinst.com\/de\/#website"},"primaryImageOfPage":{"@id":"https:\/\/www.parrinst.com\/de\/products\/oxygen-bomb-calorimeters\/6100-compensated-jacket-calorimeter\/specifications\/#primaryimage"},"image":{"@id":"https:\/\/www.parrinst.com\/de\/products\/oxygen-bomb-calorimeters\/6100-compensated-jacket-calorimeter\/specifications\/#primaryimage"},"thumbnailUrl":"https:\/\/i0.wp.com\/www.parrinst.com\/de\/wp-content\/uploads\/sites\/6\/2018\/01\/parr_banner_calorimeter_secondary-3.jpg?fit=2200%2C399&ssl=1","datePublished":"2011-05-05T15:00:30+00:00","dateModified":"2018-02-20T17:41:45+00:00","breadcrumb":{"@id":"https:\/\/www.parrinst.com\/de\/products\/oxygen-bomb-calorimeters\/6100-compensated-jacket-calorimeter\/specifications\/#breadcrumb"},"inLanguage":"en-US","potentialAction":[{"@type":"ReadAction","target":["https:\/\/www.parrinst.com\/de\/products\/oxygen-bomb-calorimeters\/6100-compensated-jacket-calorimeter\/specifications\/"]}]},{"@type":"ImageObject","inLanguage":"en-US","@id":"https:\/\/www.parrinst.com\/de\/products\/oxygen-bomb-calorimeters\/6100-compensated-jacket-calorimeter\/specifications\/#primaryimage","url":"https:\/\/i0.wp.com\/www.parrinst.com\/de\/wp-content\/uploads\/sites\/6\/2018\/01\/parr_banner_calorimeter_secondary-3.jpg?fit=2200%2C399&ssl=1","contentUrl":"https:\/\/i0.wp.com\/www.parrinst.com\/de\/wp-content\/uploads\/sites\/6\/2018\/01\/parr_banner_calorimeter_secondary-3.jpg?fit=2200%2C399&ssl=1","width":2200,"height":399},{"@type":"BreadcrumbList","@id":"https:\/\/www.parrinst.com\/de\/products\/oxygen-bomb-calorimeters\/6100-compensated-jacket-calorimeter\/specifications\/#breadcrumb","itemListElement":[{"@type":"ListItem","position":1,"name":"Home","item":"https:\/\/www.parrinst.com\/de\/"},{"@type":"ListItem","position":2,"name":"Products","item":"https:\/\/www.parrinst.com\/de\/products\/"},{"@type":"ListItem","position":3,"name":"Sauerstoffbomben-Kalorimeter","item":"https:\/\/www.parrinst.com\/de\/products\/oxygen-bomb-calorimeters\/"},{"@type":"ListItem","position":4,"name":"6100 Automatisches Verbrennungskalorimeter","item":"https:\/\/www.parrinst.com\/de\/products\/oxygen-bomb-calorimeters\/6100-compensated-jacket-calorimeter\/"},{"@type":"ListItem","position":5,"name":"Specifications"}]},{"@type":"WebSite","@id":"https:\/\/www.parrinst.com\/de\/#website","url":"https:\/\/www.parrinst.com\/de\/","name":"Parr Instrument GmbH","description":"","potentialAction":[{"@type":"SearchAction","target":{"@type":"EntryPoint","urlTemplate":"https:\/\/www.parrinst.com\/de\/?s={search_term_string}"},"query-input":{"@type":"PropertyValueSpecification","valueRequired":true,"valueName":"search_term_string"}}],"inLanguage":"en-US"}]}},"jetpack_sharing_enabled":true,"_links":{"self":[{"href":"https:\/\/www.parrinst.com\/de\/wp-json\/wp\/v2\/pages\/1566","targetHints":{"allow":["GET"]}}],"collection":[{"href":"https:\/\/www.parrinst.com\/de\/wp-json\/wp\/v2\/pages"}],"about":[{"href":"https:\/\/www.parrinst.com\/de\/wp-json\/wp\/v2\/types\/page"}],"author":[{"embeddable":true,"href":"https:\/\/www.parrinst.com\/de\/wp-json\/wp\/v2\/users\/1"}],"replies":[{"embeddable":true,"href":"https:\/\/www.parrinst.com\/de\/wp-json\/wp\/v2\/comments?post=1566"}],"version-history":[{"count":1,"href":"https:\/\/www.parrinst.com\/de\/wp-json\/wp\/v2\/pages\/1566\/revisions"}],"predecessor-version":[{"id":38182,"href":"https:\/\/www.parrinst.com\/de\/wp-json\/wp\/v2\/pages\/1566\/revisions\/38182"}],"up":[{"embeddable":true,"href":"https:\/\/www.parrinst.com\/de\/wp-json\/wp\/v2\/pages\/260"}],"wp:featuredmedia":[{"embeddable":true,"href":"https:\/\/www.parrinst.com\/de\/wp-json\/wp\/v2\/media\/37712"}],"wp:attachment":[{"href":"https:\/\/www.parrinst.com\/de\/wp-json\/wp\/v2\/media?parent=1566"}],"curies":[{"name":"wp","href":"https:\/\/api.w.org\/{rel}","templated":true}]}}