{"id":1578,"date":"2011-05-05T10:01:10","date_gmt":"2011-05-05T15:01:10","guid":{"rendered":"https:\/\/www.parrinst.com\/?page_id=1578"},"modified":"2022-10-27T11:34:01","modified_gmt":"2022-10-27T16:34:01","slug":"accessories","status":"publish","type":"page","link":"https:\/\/www.parrinst.com\/de\/products\/oxygen-bomb-calorimeters\/6790-detonation-calorimeter\/accessories\/","title":{"rendered":"Accessories"},"content":{"rendered":"<figure id=\"attachment_8908\" aria-describedby=\"caption-attachment-8908\" style=\"width: 300px\" class=\"wp-caption alignright\"><a href=\"https:\/\/i0.wp.com\/www.parrinst.com\/de\/wp-content\/uploads\/sites\/6\/2012\/04\/6772_3-4PI3_1107.jpg?ssl=1\"><img data-recalc-dims=\"1\" loading=\"lazy\" decoding=\"async\" class=\"wp-image-8908 size-medium\" src=\"https:\/\/i0.wp.com\/www.parrinst.com\/de\/wp-content\/uploads\/sites\/6\/2012\/04\/6772_3-4PI3_1107.jpg?resize=300%2C273&#038;ssl=1\" alt=\"6772 Pr\u00e4zisionsthermometer f\u00fcr Kalorimeter\" width=\"300\" height=\"273\" srcset=\"https:\/\/i0.wp.com\/www.parrinst.com\/de\/wp-content\/uploads\/sites\/6\/2012\/04\/6772_3-4PI3_1107.jpg?resize=300%2C273&amp;ssl=1 300w, https:\/\/i0.wp.com\/www.parrinst.com\/de\/wp-content\/uploads\/sites\/6\/2012\/04\/6772_3-4PI3_1107.jpg?resize=1024%2C930&amp;ssl=1 1024w, https:\/\/i0.wp.com\/www.parrinst.com\/de\/wp-content\/uploads\/sites\/6\/2012\/04\/6772_3-4PI3_1107.jpg?resize=165%2C150&amp;ssl=1 165w, https:\/\/i0.wp.com\/www.parrinst.com\/de\/wp-content\/uploads\/sites\/6\/2012\/04\/6772_3-4PI3_1107.jpg?resize=1536%2C1395&amp;ssl=1 1536w, https:\/\/i0.wp.com\/www.parrinst.com\/de\/wp-content\/uploads\/sites\/6\/2012\/04\/6772_3-4PI3_1107.jpg?w=2000&amp;ssl=1 2000w, https:\/\/i0.wp.com\/www.parrinst.com\/de\/wp-content\/uploads\/sites\/6\/2012\/04\/6772_3-4PI3_1107.jpg?w=1280&amp;ssl=1 1280w, https:\/\/i0.wp.com\/www.parrinst.com\/de\/wp-content\/uploads\/sites\/6\/2012\/04\/6772_3-4PI3_1107.jpg?w=1920&amp;ssl=1 1920w\" sizes=\"auto, (max-width: 300px) 100vw, 300px\" \/><\/a><figcaption id=\"caption-attachment-8908\" class=\"wp-caption-text\">6772 Pr\u00e4zisionsthermometer f\u00fcr Kalorimeter<\/figcaption><\/figure>\n<h3>6772 Pr\u00e4zisionsthermometer f\u00fcr Kalorimeter<\/h3>\n<p>Das Kalorimeter-Thermometer von Parr wird f\u00fcr alle Temperaturmessungen und steuert den gesamten Testdurchlauf. Das Thermometer ist mit einem Touch-Farbbildschirm ausgestattet und bietet eine intuitive, grafische Benutzeroberfl\u00e4che. Sowohl die Wassertemperatur des Bombenmantels, als auch die Manteltemperatur des Kalorimeters werden aufgezeichnet. Der W\u00e4rmeverlust wird in Echtzeit durch das Thermometer korrigiert, wodurch der komplett korrigierte Temperaturanstieg bei jedem Durchgang gemessen werden kann. Das Thermometer kann auch an ein Ethernet Netzwerk (LAN) angeschlossen werden und ist mit Web, FTP- und VNC Servern kompatibel. Die M\u00f6glichkeit der Parr Fernbedienungsschnittstelle mittels VNC Server erlaubt die Fernsteuerung des Kalorimeters mit einem angeschlossenen PC, welcher \u00fcber MS Windows oder Linux als Betriebssystem verf\u00fcgt.<\/p>\n<h3>Dynamisches Druckmesssystem<\/h3>\n<p>Das dynamische Druckmesssystem von Parr kann in Verbindung mit dem Detonationskalorimeter verwendet werden, um Druckver\u00e4nderung in der Bombe aufzunehmen die mit der Detonation einhergehen. Dieses System wurde daf\u00fcr entwickelt die Druck\u00e4nderung zu untersuchen, die bei der schnellen Ausdehnung von Materialien, wie zum Beispiel Sprengstoffen, entstehen. Es besteht aus den folgenden Teilsystemen:<\/p>\n<ol>\n<li>Das erste Teilsystem beinhaltet einen schnell ansprechenden, dynamischen Druckumformer mit Elektronik f\u00fcr ein Ausgangssignal. Der Umformer ist f\u00fcr eine Druckmessung bis 690 bar (10.000 psi) geeignet. Die nutzbare, obere Aufl\u00f6sungsgrenze liegt bei 100 kHz. Die kleinste, erfassbare Druck\u00e4nderung betr\u00e4gt 0,034 bar (0,5 psi). Die Messungenauigkeit betr\u00e4gt 1% des gesamten Messbereichs. Die Zeitkonstante des Messsystems liegt bei 10 Minuten. Somit wird eine statische Kurzzeit- oder \u201equasi-statische\u201c Messung realisierbar.<\/li>\n<li>Das System verf\u00fcgt ebenfalls \u00fcber eine PC-basierte Datenerfassung via USB-Anschluss mit einer Abtastrate von 200 kHz, dies wird genutzt um das Ausgangssignal des Druckumformers aufzuzeichnen. Die Datenerfassung wird mit der Aktivierung der Z\u00fcndanlage des Kalorimeters gestartet synchronisiert oder getriggert. Die Druckdaten werden auf der Festplatte des PCs gespeichert.<\/li>\n<li>Ein Windows \u2122 basiertes Anwenderprogramm wird mit dem System geliefert. Das Programm dient der Datenspeicherung auf einer Festplatte, nachdem die Verbrennung eingeleitet wurde. Die Daten k\u00f6nnen ein eine Tabellenkalkulation exportiert werden, um diese zu analysieren oder auszudrucken.<\/li>\n<\/ol>\n","protected":false},"excerpt":{"rendered":"<p>6772 Pr\u00e4zisionsthermometer f\u00fcr Kalorimeter Das Kalorimeter-Thermometer von Parr wird f\u00fcr alle Temperaturmessungen und steuert den gesamten Testdurchlauf. Das Thermometer ist mit einem Touch-Farbbildschirm ausgestattet und bietet eine intuitive, grafische Benutzeroberfl\u00e4che. Sowohl die Wassertemperatur des Bombenmantels, als auch die Manteltemperatur des Kalorimeters werden aufgezeichnet. Der W\u00e4rmeverlust wird in Echtzeit durch das Thermometer korrigiert, wodurch der komplett [&hellip;]<\/p>\n","protected":false},"author":1,"featured_media":37712,"parent":274,"menu_order":3,"comment_status":"closed","ping_status":"closed","template":"product-narrow.php","meta":{"_acf_changed":false,"footnotes":"","_links_to":"","_links_to_target":""},"class_list":["post-1578","page","type-page","status-publish","has-post-thumbnail","hentry"],"acf":[],"yoast_head":"<!-- This site is optimized with the Yoast SEO plugin v27.4 - https:\/\/yoast.com\/product\/yoast-seo-wordpress\/ -->\n<title>Accessories - Parr Instrument GmbH<\/title>\n<meta name=\"robots\" content=\"index, follow, max-snippet:-1, max-image-preview:large, max-video-preview:-1\" \/>\n<link rel=\"canonical\" href=\"https:\/\/www.parrinst.com\/de\/products\/oxygen-bomb-calorimeters\/6790-detonation-calorimeter\/accessories\/\" \/>\n<meta property=\"og:locale\" content=\"en_US\" \/>\n<meta property=\"og:type\" content=\"article\" \/>\n<meta property=\"og:title\" content=\"Accessories - Parr Instrument GmbH\" \/>\n<meta property=\"og:description\" content=\"6772 Pr\u00e4zisionsthermometer f\u00fcr Kalorimeter Das Kalorimeter-Thermometer von Parr wird f\u00fcr alle Temperaturmessungen und steuert den gesamten Testdurchlauf. Das Thermometer ist mit einem Touch-Farbbildschirm ausgestattet und bietet eine intuitive, grafische Benutzeroberfl\u00e4che. Sowohl die Wassertemperatur des Bombenmantels, als auch die Manteltemperatur des Kalorimeters werden aufgezeichnet. Der W\u00e4rmeverlust wird in Echtzeit durch das Thermometer korrigiert, wodurch der komplett [&hellip;]\" \/>\n<meta property=\"og:url\" content=\"https:\/\/www.parrinst.com\/de\/products\/oxygen-bomb-calorimeters\/6790-detonation-calorimeter\/accessories\/\" \/>\n<meta property=\"og:site_name\" content=\"Parr Instrument GmbH\" \/>\n<meta property=\"article:modified_time\" content=\"2022-10-27T16:34:01+00:00\" \/>\n<meta property=\"og:image\" content=\"https:\/\/www.parrinst.com\/de\/files\/2018\/01\/parr_banner_calorimeter_secondary-3.jpg\" \/>\n\t<meta property=\"og:image:width\" content=\"2200\" \/>\n\t<meta property=\"og:image:height\" content=\"399\" \/>\n\t<meta property=\"og:image:type\" content=\"image\/jpeg\" \/>\n<meta name=\"twitter:card\" content=\"summary_large_image\" \/>\n<meta name=\"twitter:label1\" content=\"Est. reading time\" \/>\n\t<meta name=\"twitter:data1\" content=\"2 minutes\" \/>\n<script type=\"application\/ld+json\" class=\"yoast-schema-graph\">{\"@context\":\"https:\\\/\\\/schema.org\",\"@graph\":[{\"@type\":\"WebPage\",\"@id\":\"https:\\\/\\\/www.parrinst.com\\\/de\\\/products\\\/oxygen-bomb-calorimeters\\\/6790-detonation-calorimeter\\\/accessories\\\/\",\"url\":\"https:\\\/\\\/www.parrinst.com\\\/de\\\/products\\\/oxygen-bomb-calorimeters\\\/6790-detonation-calorimeter\\\/accessories\\\/\",\"name\":\"Accessories - Parr Instrument GmbH\",\"isPartOf\":{\"@id\":\"https:\\\/\\\/www.parrinst.com\\\/de\\\/#website\"},\"primaryImageOfPage\":{\"@id\":\"https:\\\/\\\/www.parrinst.com\\\/de\\\/products\\\/oxygen-bomb-calorimeters\\\/6790-detonation-calorimeter\\\/accessories\\\/#primaryimage\"},\"image\":{\"@id\":\"https:\\\/\\\/www.parrinst.com\\\/de\\\/products\\\/oxygen-bomb-calorimeters\\\/6790-detonation-calorimeter\\\/accessories\\\/#primaryimage\"},\"thumbnailUrl\":\"https:\\\/\\\/i0.wp.com\\\/www.parrinst.com\\\/de\\\/wp-content\\\/uploads\\\/sites\\\/6\\\/2018\\\/01\\\/parr_banner_calorimeter_secondary-3.jpg?fit=2200%2C399&ssl=1\",\"datePublished\":\"2011-05-05T15:01:10+00:00\",\"dateModified\":\"2022-10-27T16:34:01+00:00\",\"breadcrumb\":{\"@id\":\"https:\\\/\\\/www.parrinst.com\\\/de\\\/products\\\/oxygen-bomb-calorimeters\\\/6790-detonation-calorimeter\\\/accessories\\\/#breadcrumb\"},\"inLanguage\":\"en-US\",\"potentialAction\":[{\"@type\":\"ReadAction\",\"target\":[\"https:\\\/\\\/www.parrinst.com\\\/de\\\/products\\\/oxygen-bomb-calorimeters\\\/6790-detonation-calorimeter\\\/accessories\\\/\"]}]},{\"@type\":\"ImageObject\",\"inLanguage\":\"en-US\",\"@id\":\"https:\\\/\\\/www.parrinst.com\\\/de\\\/products\\\/oxygen-bomb-calorimeters\\\/6790-detonation-calorimeter\\\/accessories\\\/#primaryimage\",\"url\":\"https:\\\/\\\/i0.wp.com\\\/www.parrinst.com\\\/de\\\/wp-content\\\/uploads\\\/sites\\\/6\\\/2018\\\/01\\\/parr_banner_calorimeter_secondary-3.jpg?fit=2200%2C399&ssl=1\",\"contentUrl\":\"https:\\\/\\\/i0.wp.com\\\/www.parrinst.com\\\/de\\\/wp-content\\\/uploads\\\/sites\\\/6\\\/2018\\\/01\\\/parr_banner_calorimeter_secondary-3.jpg?fit=2200%2C399&ssl=1\",\"width\":2200,\"height\":399},{\"@type\":\"BreadcrumbList\",\"@id\":\"https:\\\/\\\/www.parrinst.com\\\/de\\\/products\\\/oxygen-bomb-calorimeters\\\/6790-detonation-calorimeter\\\/accessories\\\/#breadcrumb\",\"itemListElement\":[{\"@type\":\"ListItem\",\"position\":1,\"name\":\"Home\",\"item\":\"https:\\\/\\\/www.parrinst.com\\\/de\\\/\"},{\"@type\":\"ListItem\",\"position\":2,\"name\":\"Products\",\"item\":\"https:\\\/\\\/www.parrinst.com\\\/de\\\/products\\\/\"},{\"@type\":\"ListItem\",\"position\":3,\"name\":\"Sauerstoffbomben-Kalorimeter\",\"item\":\"https:\\\/\\\/www.parrinst.com\\\/de\\\/products\\\/oxygen-bomb-calorimeters\\\/\"},{\"@type\":\"ListItem\",\"position\":4,\"name\":\"6790 Detonation Calorimeter\",\"item\":\"https:\\\/\\\/www.parrinst.com\\\/de\\\/products\\\/oxygen-bomb-calorimeters\\\/6790-detonation-calorimeter\\\/\"},{\"@type\":\"ListItem\",\"position\":5,\"name\":\"Accessories\"}]},{\"@type\":\"WebSite\",\"@id\":\"https:\\\/\\\/www.parrinst.com\\\/de\\\/#website\",\"url\":\"https:\\\/\\\/www.parrinst.com\\\/de\\\/\",\"name\":\"Parr Instrument GmbH\",\"description\":\"\",\"potentialAction\":[{\"@type\":\"SearchAction\",\"target\":{\"@type\":\"EntryPoint\",\"urlTemplate\":\"https:\\\/\\\/www.parrinst.com\\\/de\\\/?s={search_term_string}\"},\"query-input\":{\"@type\":\"PropertyValueSpecification\",\"valueRequired\":true,\"valueName\":\"search_term_string\"}}],\"inLanguage\":\"en-US\"}]}<\/script>\n<!-- \/ Yoast SEO plugin. -->","yoast_head_json":{"title":"Accessories - Parr Instrument GmbH","robots":{"index":"index","follow":"follow","max-snippet":"max-snippet:-1","max-image-preview":"max-image-preview:large","max-video-preview":"max-video-preview:-1"},"canonical":"https:\/\/www.parrinst.com\/de\/products\/oxygen-bomb-calorimeters\/6790-detonation-calorimeter\/accessories\/","og_locale":"en_US","og_type":"article","og_title":"Accessories - Parr Instrument GmbH","og_description":"6772 Pr\u00e4zisionsthermometer f\u00fcr Kalorimeter Das Kalorimeter-Thermometer von Parr wird f\u00fcr alle Temperaturmessungen und steuert den gesamten Testdurchlauf. Das Thermometer ist mit einem Touch-Farbbildschirm ausgestattet und bietet eine intuitive, grafische Benutzeroberfl\u00e4che. Sowohl die Wassertemperatur des Bombenmantels, als auch die Manteltemperatur des Kalorimeters werden aufgezeichnet. Der W\u00e4rmeverlust wird in Echtzeit durch das Thermometer korrigiert, wodurch der komplett [&hellip;]","og_url":"https:\/\/www.parrinst.com\/de\/products\/oxygen-bomb-calorimeters\/6790-detonation-calorimeter\/accessories\/","og_site_name":"Parr Instrument GmbH","article_modified_time":"2022-10-27T16:34:01+00:00","og_image":[{"width":2200,"height":399,"url":"https:\/\/www.parrinst.com\/de\/files\/2018\/01\/parr_banner_calorimeter_secondary-3.jpg","type":"image\/jpeg"}],"twitter_card":"summary_large_image","twitter_misc":{"Est. reading time":"2 minutes"},"schema":{"@context":"https:\/\/schema.org","@graph":[{"@type":"WebPage","@id":"https:\/\/www.parrinst.com\/de\/products\/oxygen-bomb-calorimeters\/6790-detonation-calorimeter\/accessories\/","url":"https:\/\/www.parrinst.com\/de\/products\/oxygen-bomb-calorimeters\/6790-detonation-calorimeter\/accessories\/","name":"Accessories - Parr Instrument GmbH","isPartOf":{"@id":"https:\/\/www.parrinst.com\/de\/#website"},"primaryImageOfPage":{"@id":"https:\/\/www.parrinst.com\/de\/products\/oxygen-bomb-calorimeters\/6790-detonation-calorimeter\/accessories\/#primaryimage"},"image":{"@id":"https:\/\/www.parrinst.com\/de\/products\/oxygen-bomb-calorimeters\/6790-detonation-calorimeter\/accessories\/#primaryimage"},"thumbnailUrl":"https:\/\/i0.wp.com\/www.parrinst.com\/de\/wp-content\/uploads\/sites\/6\/2018\/01\/parr_banner_calorimeter_secondary-3.jpg?fit=2200%2C399&ssl=1","datePublished":"2011-05-05T15:01:10+00:00","dateModified":"2022-10-27T16:34:01+00:00","breadcrumb":{"@id":"https:\/\/www.parrinst.com\/de\/products\/oxygen-bomb-calorimeters\/6790-detonation-calorimeter\/accessories\/#breadcrumb"},"inLanguage":"en-US","potentialAction":[{"@type":"ReadAction","target":["https:\/\/www.parrinst.com\/de\/products\/oxygen-bomb-calorimeters\/6790-detonation-calorimeter\/accessories\/"]}]},{"@type":"ImageObject","inLanguage":"en-US","@id":"https:\/\/www.parrinst.com\/de\/products\/oxygen-bomb-calorimeters\/6790-detonation-calorimeter\/accessories\/#primaryimage","url":"https:\/\/i0.wp.com\/www.parrinst.com\/de\/wp-content\/uploads\/sites\/6\/2018\/01\/parr_banner_calorimeter_secondary-3.jpg?fit=2200%2C399&ssl=1","contentUrl":"https:\/\/i0.wp.com\/www.parrinst.com\/de\/wp-content\/uploads\/sites\/6\/2018\/01\/parr_banner_calorimeter_secondary-3.jpg?fit=2200%2C399&ssl=1","width":2200,"height":399},{"@type":"BreadcrumbList","@id":"https:\/\/www.parrinst.com\/de\/products\/oxygen-bomb-calorimeters\/6790-detonation-calorimeter\/accessories\/#breadcrumb","itemListElement":[{"@type":"ListItem","position":1,"name":"Home","item":"https:\/\/www.parrinst.com\/de\/"},{"@type":"ListItem","position":2,"name":"Products","item":"https:\/\/www.parrinst.com\/de\/products\/"},{"@type":"ListItem","position":3,"name":"Sauerstoffbomben-Kalorimeter","item":"https:\/\/www.parrinst.com\/de\/products\/oxygen-bomb-calorimeters\/"},{"@type":"ListItem","position":4,"name":"6790 Detonation Calorimeter","item":"https:\/\/www.parrinst.com\/de\/products\/oxygen-bomb-calorimeters\/6790-detonation-calorimeter\/"},{"@type":"ListItem","position":5,"name":"Accessories"}]},{"@type":"WebSite","@id":"https:\/\/www.parrinst.com\/de\/#website","url":"https:\/\/www.parrinst.com\/de\/","name":"Parr Instrument GmbH","description":"","potentialAction":[{"@type":"SearchAction","target":{"@type":"EntryPoint","urlTemplate":"https:\/\/www.parrinst.com\/de\/?s={search_term_string}"},"query-input":{"@type":"PropertyValueSpecification","valueRequired":true,"valueName":"search_term_string"}}],"inLanguage":"en-US"}]}},"jetpack_sharing_enabled":true,"_links":{"self":[{"href":"https:\/\/www.parrinst.com\/de\/wp-json\/wp\/v2\/pages\/1578","targetHints":{"allow":["GET"]}}],"collection":[{"href":"https:\/\/www.parrinst.com\/de\/wp-json\/wp\/v2\/pages"}],"about":[{"href":"https:\/\/www.parrinst.com\/de\/wp-json\/wp\/v2\/types\/page"}],"author":[{"embeddable":true,"href":"https:\/\/www.parrinst.com\/de\/wp-json\/wp\/v2\/users\/1"}],"replies":[{"embeddable":true,"href":"https:\/\/www.parrinst.com\/de\/wp-json\/wp\/v2\/comments?post=1578"}],"version-history":[{"count":3,"href":"https:\/\/www.parrinst.com\/de\/wp-json\/wp\/v2\/pages\/1578\/revisions"}],"predecessor-version":[{"id":41127,"href":"https:\/\/www.parrinst.com\/de\/wp-json\/wp\/v2\/pages\/1578\/revisions\/41127"}],"up":[{"embeddable":true,"href":"https:\/\/www.parrinst.com\/de\/wp-json\/wp\/v2\/pages\/274"}],"wp:featuredmedia":[{"embeddable":true,"href":"https:\/\/www.parrinst.com\/de\/wp-json\/wp\/v2\/media\/37712"}],"wp:attachment":[{"href":"https:\/\/www.parrinst.com\/de\/wp-json\/wp\/v2\/media?parent=1578"}],"curies":[{"name":"wp","href":"https:\/\/api.w.org\/{rel}","templated":true}]}}