{"id":1683,"date":"2011-05-05T19:21:02","date_gmt":"2011-05-06T00:21:02","guid":{"rendered":"https:\/\/www.parrinst.com\/?page_id=1683"},"modified":"2019-01-21T10:36:46","modified_gmt":"2019-01-21T16:36:46","slug":"specifications","status":"publish","type":"page","link":"https:\/\/www.parrinst.com\/de\/products\/controllers\/4848-reactor-controller\/specifications\/","title":{"rendered":"Spezifikationen"},"content":{"rendered":"<figure id=\"attachment_2418\" aria-describedby=\"caption-attachment-2418\" style=\"width: 300px\" class=\"wp-caption alignright\"><a href=\"https:\/\/i0.wp.com\/www.parrinst.com\/de\/wp-content\/uploads\/sites\/6\/2011\/06\/4848_Process-Controller_straightfront.jpg?ssl=1\"><img data-recalc-dims=\"1\" loading=\"lazy\" decoding=\"async\" class=\"wp-image-2418 size-medium\" src=\"https:\/\/i0.wp.com\/www.parrinst.com\/de\/wp-content\/uploads\/sites\/6\/2011\/06\/4848_Process-Controller_straightfront.jpg?resize=300%2C261&#038;ssl=1\" alt=\"4848 Regler mit MCM, PDM und HTM Erweiterungsmodule\" width=\"300\" height=\"261\" srcset=\"https:\/\/i0.wp.com\/www.parrinst.com\/de\/wp-content\/uploads\/sites\/6\/2011\/06\/4848_Process-Controller_straightfront.jpg?resize=300%2C261&amp;ssl=1 300w, https:\/\/i0.wp.com\/www.parrinst.com\/de\/wp-content\/uploads\/sites\/6\/2011\/06\/4848_Process-Controller_straightfront.jpg?resize=172%2C150&amp;ssl=1 172w, https:\/\/i0.wp.com\/www.parrinst.com\/de\/wp-content\/uploads\/sites\/6\/2011\/06\/4848_Process-Controller_straightfront.jpg?w=600&amp;ssl=1 600w\" sizes=\"auto, (max-width: 300px) 100vw, 300px\" \/><\/a><figcaption id=\"caption-attachment-2418\" class=\"wp-caption-text\">4848 Regler mit MCM, PDM und HTM Erweiterungsmodules<\/figcaption><\/figure>\n<p>&nbsp;<\/p>\n<h2>Reaktor-Regler 4848 Spezifikationen<\/h2>\n<h3>Modularer Aufbau<\/h3>\n<p>Insgesamt werden 7 verschiedene Module f\u00fcr den Temperatur-Regler 4848 angeboten. Zus\u00e4tzlich zu dem eigentlichen Temperaturregler k\u00f6nnen bis zu drei Erweiterungsmodule in den Temperatur-Regler 4848 eingebaut werden. Der Benutzer kann entweder das Drehzahlanzeigemodul (TDM) oder das Motorkontrollmodul (MCM) w\u00e4hlen. Au\u00dferdem kann entweder die M\u00f6glichkeit einer Hochtemperaturabschaltung oder ein Modul f\u00fcr externe Temperaturbegrenzung gew\u00e4hlt werden.<\/p>\n<p><strong>1. Haupttemperatursteuermodul (Primary Temperature Control Module, PTM)<\/strong>Das Temperaturregelmodul funktioniert sowohl mit Thermoelementen als auch mit Widerstandsthermometern. Es hat drei Signalausg\u00e4nge f\u00fcr die Steuerung der K\u00fchlung, des Heizmantels und der alarminduzierten Abschaltung der Heizung. Die Regelfunktion ist eine vollst\u00e4ndige PID-Regelung mit der F\u00e4higkeit zur automatischen Parameterfindung.<br \/>\nDer Controller unterst\u00fctzt eine Rampen und Stufen Programmierung mit bis zu 49 Segmenten.<\/p>\n<p><strong>2. Druckanzeigemodul (Pressure Display Module, PDM)<\/strong>Das Druckanzeigemodul zeigt den Druck eines digitalen Druckaufnehmers an, der am Reaktor oder einem Zubeh\u00f6rteil angebracht wurde. Der Druckbereich ist individuell einstellbar. Der angezeigte Druck kann kontinuierlich an einen Computer \u00fcbertragen werden.<br \/>\nDie Module k\u00f6nnen wahlweise auf bar, psi oder mPa eingestellt werden.\u00a0 Das Ausgangssignal des Moduls ist an ein Alarmrelais angeschlossen um die Heizung auszuschalten, wenn eine vorher eingestellte Druckgrenze w\u00e4hrend des Betriebs erreicht oder \u00fcberschritten wurde.<\/p>\n<p><strong>3.\u00a0 Drehzahlanzeigemodul (Tacho Display Module, TDM)<\/strong><br \/>\nDieses Modul zeigt in dieser Ausf\u00fchrung die R\u00fchrgeschwindigkeit an und kann diese kontinuierlich zur Anzeige und Datenaufzeichnung an den PC senden. Die R\u00fchrgeschwindigkeit wird manuell \u00fcber ein Potentiometer an der Vorderseite des Reglers 4848 eingestellt.<\/p>\n<p><strong>4.\u00a0 Motorkontrollmodul (Motor Controll Module, MCM)<\/strong><br \/>\nDieses Modul bietet in dieser Ausf\u00fchrung einen geschlossenen Regelkreis f\u00fcr die R\u00fchrgeschwindigkeit im Reaktor. Der prim\u00e4re Ausgang dieses Moduls ist so angeschlossen, dass die Motorspannung dynamisch an Ver\u00e4nderungen der Motorlast angepasst wird. Dies bewirkt eine verbesserte Regelung der R\u00fchrgeschwindigkeit im Reaktor gegen\u00fcber der gew\u00f6hnlichen Geschwindigkeitsregelung im offenen Regelkreis, besonders bei Reaktionen mit ver\u00e4nderlicher Viskosit\u00e4t. Zus\u00e4tzlich erm\u00f6glicht die Verwendung dieses Moduls die Einstellung des Sollwertes f\u00fcr die R\u00fchrgeschwindigkeit vom PC aus. Ein zus\u00e4tzlicher Vorteil der geschlossenen Regelschleife ist, dass der Wert des prim\u00e4ren Reglerausgangs proportional zum Grad der Motorauslastung ist um somit eine konstante R\u00fchrgeschwindigkeit einzustellen.\u00a0 Obwohl es sich nicht um eine direkte Drehmomentmessung handelt, ist dies eine g\u00e4ngige Methode, Viskosit\u00e4ts\u00e4nderungen zu verfolgen, wenn eine Reaktion fortschreitet.<\/p>\n<p><strong>5.<\/strong> <strong>Motordrehmomentmodul (Motor Torque Module, MTM)<\/strong><br \/>\nBeim Gleichstrommotor mit Permanentmagnet , den Parr verbaut, gibt es bei fester Drehzahl einen linearen Zusammenhang zwischen dem Drehmoment und der anliegenden Spannung. Mit diesem Modul kann die Spannungsversorgung des R\u00fchrmotors kontinuierlich angezeigt und deren Verlauf gespeichert werden. Die Spannung wird als prozentualer Anteil der Maximalspannung angezeigt. Dieses Modul kann nur in Verbindung mit dem Motorkontrollmodul (MCM) eingesetzt werden.<\/p>\n<p><strong>6. Sicherheitstemperaturmodul (High Temperature Cut Off Module, HTM)<\/strong><br \/>\nDas Sicherheitstemperaturmodul bzw. der Temperaturbegrenzungs-Regler erweitert das prim\u00e4re Temperaturregelmodul. Der zugeh\u00f6rige, redundante Sensor kann entweder innerhalb oder au\u00dferhalb des Reaktors angebracht werden. Der prim\u00e4re Ausgang des Moduls wird so verschaltet, dass das Abschaltrelais angesteuert wird, damit es zu einer Sicherheitsabschaltung der Heizung kommt, falls der Reaktor eine kritische Temperatur erreicht.<\/p>\n<p><strong>7. Externes Temperaturbegrenzungsmodul (External Temperature Limit Module, ETLM)<\/strong><br \/>\nDieses Modul basiert auf dem zuvor genannten HTM-Modul und erweitert das prim\u00e4re Temperaturregelmodul um einen redundanten Sensor. Dieser misst die Temperatur der Reaktorau\u00dfenwand. Die Hauptfunktion dieses Moduls ist die Au\u00dfentemperatur des Reaktors zu begrenzen. Dabei wird das Steuersignal des Haupttemperatur-Reglers unterbrochen, wenn die Temperatur an der Au\u00dfenwand den Sollwert \u00fcberschreitet. Die zweite Funktion dieses Moduls wird f\u00fcr die Aktivierung des Abschaltrelais verwendet, falls die \u00e4u\u00dfere Wandtemperatur einen vorgegebenen kritischen Punkt \u00fcbersteigt. Der Gebrauch dieses Moduls stellt eine effektive Alternative zur Kaskadensteuerung dar, weil es eine verbesserte Temperaturregelung in Systemen mit stark zeitverz\u00f6gerten thermischen Schwankungen bietet. Dieses ist interessant f\u00fcr Reaktoren ohne R\u00fchrwerk oder in Systemen, bei denen ein PTFE-Einsatz verwendet wird, als auch in Systemen wo Edukte mit niedriger W\u00e4rmekapazit\u00e4t eingesetzt werden, wie bei Reaktionen in der Gasphase.<\/p>\n<p><strong>8. Magnetventil (Solenoid Valve Module, SVM)<\/strong><br \/>\nDiese Einheit besteht aus einem Magnetventil und einem Nadelventil und erm\u00f6glicht die automatische Regelung des Durchflusses an K\u00fchlfl\u00fcssigkeit durch die K\u00fchlschlange f\u00fcr jeglichen Reaktor. Das Modul wird am Signalausgang f\u00fcr die K\u00fchlung des Reglers 4848 angeschlossen und ist so konstruiert das Leitungswasser als K\u00fchlfl\u00fcssigkeit verwendet werden kann.<\/p>\n<table class=\"GeneralTable\">\n<tbody>\n<tr class=\"GeneralTable-DarkBlue\">\n<td colspan=\"4\">Dimensions<\/td>\n<\/tr>\n<tr>\n<td><strong>Model<\/strong><\/td>\n<td><strong>Width, in.<\/strong><\/td>\n<td><strong>Height, in. <\/strong><\/td>\n<td><strong> Depth, in.<\/strong><\/td>\n<\/tr>\n<tr class=\"GeneralTable-LightBlue\">\n<td>4848<\/td>\n<td>11.1<\/td>\n<td>9.7<\/td>\n<td>11.3<\/td>\n<\/tr>\n<tr>\n<td>4848B<\/td>\n<td>13.6<\/td>\n<td>9.6<\/td>\n<td>11.3<\/td>\n<\/tr>\n<tr class=\"GeneralTable-LightBlue\">\n<td>4848M<\/td>\n<td>11.1<\/td>\n<td>9.7<\/td>\n<td>11.3<\/td>\n<\/tr>\n<tr>\n<td>4848A<\/td>\n<td>13.6<\/td>\n<td>9.6<\/td>\n<td>11.3<\/td>\n<\/tr>\n<\/tbody>\n<\/table>\n","protected":false},"excerpt":{"rendered":"<p>&nbsp; Reaktor-Regler 4848 Spezifikationen Modularer Aufbau Insgesamt werden 7 verschiedene Module f\u00fcr den Temperatur-Regler 4848 angeboten. Zus\u00e4tzlich zu dem eigentlichen Temperaturregler k\u00f6nnen bis zu drei Erweiterungsmodule in den Temperatur-Regler 4848 eingebaut werden. Der Benutzer kann entweder das Drehzahlanzeigemodul (TDM) oder das Motorkontrollmodul (MCM) w\u00e4hlen. Au\u00dferdem kann entweder die M\u00f6glichkeit einer Hochtemperaturabschaltung oder ein Modul f\u00fcr [&hellip;]<\/p>\n","protected":false},"author":1,"featured_media":38329,"parent":306,"menu_order":2,"comment_status":"closed","ping_status":"closed","template":"product-narrow.php","meta":{"_acf_changed":false,"footnotes":"","_links_to":"","_links_to_target":""},"class_list":["post-1683","page","type-page","status-publish","has-post-thumbnail","hentry"],"acf":[],"yoast_head":"<!-- This site is optimized with the Yoast SEO plugin v27.4 - https:\/\/yoast.com\/product\/yoast-seo-wordpress\/ -->\n<title>Spezifikationen - Parr Instrument GmbH<\/title>\n<meta name=\"robots\" content=\"index, follow, max-snippet:-1, max-image-preview:large, max-video-preview:-1\" \/>\n<link rel=\"canonical\" href=\"https:\/\/www.parrinst.com\/de\/products\/controllers\/4848-reactor-controller\/specifications\/\" \/>\n<meta property=\"og:locale\" content=\"en_US\" \/>\n<meta property=\"og:type\" content=\"article\" \/>\n<meta property=\"og:title\" content=\"Spezifikationen - Parr Instrument GmbH\" \/>\n<meta property=\"og:description\" content=\"&nbsp; Reaktor-Regler 4848 Spezifikationen Modularer Aufbau Insgesamt werden 7 verschiedene Module f\u00fcr den Temperatur-Regler 4848 angeboten. Zus\u00e4tzlich zu dem eigentlichen Temperaturregler k\u00f6nnen bis zu drei Erweiterungsmodule in den Temperatur-Regler 4848 eingebaut werden. Der Benutzer kann entweder das Drehzahlanzeigemodul (TDM) oder das Motorkontrollmodul (MCM) w\u00e4hlen. Au\u00dferdem kann entweder die M\u00f6glichkeit einer Hochtemperaturabschaltung oder ein Modul f\u00fcr [&hellip;]\" \/>\n<meta property=\"og:url\" content=\"https:\/\/www.parrinst.com\/de\/products\/controllers\/4848-reactor-controller\/specifications\/\" \/>\n<meta property=\"og:site_name\" content=\"Parr Instrument GmbH\" \/>\n<meta property=\"article:modified_time\" content=\"2019-01-21T16:36:46+00:00\" \/>\n<meta property=\"og:image\" content=\"https:\/\/www.parrinst.com\/de\/files\/2018\/03\/Controller_banner3PI2_1068.jpg\" \/>\n\t<meta property=\"og:image:width\" content=\"2200\" \/>\n\t<meta property=\"og:image:height\" content=\"399\" \/>\n\t<meta property=\"og:image:type\" content=\"image\/jpeg\" \/>\n<meta name=\"twitter:card\" content=\"summary_large_image\" \/>\n<meta name=\"twitter:label1\" content=\"Est. reading time\" \/>\n\t<meta name=\"twitter:data1\" content=\"4 minutes\" \/>\n<script type=\"application\/ld+json\" class=\"yoast-schema-graph\">{\"@context\":\"https:\\\/\\\/schema.org\",\"@graph\":[{\"@type\":\"WebPage\",\"@id\":\"https:\\\/\\\/www.parrinst.com\\\/de\\\/products\\\/controllers\\\/4848-reactor-controller\\\/specifications\\\/\",\"url\":\"https:\\\/\\\/www.parrinst.com\\\/de\\\/products\\\/controllers\\\/4848-reactor-controller\\\/specifications\\\/\",\"name\":\"Spezifikationen - Parr Instrument GmbH\",\"isPartOf\":{\"@id\":\"https:\\\/\\\/www.parrinst.com\\\/de\\\/#website\"},\"primaryImageOfPage\":{\"@id\":\"https:\\\/\\\/www.parrinst.com\\\/de\\\/products\\\/controllers\\\/4848-reactor-controller\\\/specifications\\\/#primaryimage\"},\"image\":{\"@id\":\"https:\\\/\\\/www.parrinst.com\\\/de\\\/products\\\/controllers\\\/4848-reactor-controller\\\/specifications\\\/#primaryimage\"},\"thumbnailUrl\":\"https:\\\/\\\/i0.wp.com\\\/www.parrinst.com\\\/de\\\/wp-content\\\/uploads\\\/sites\\\/6\\\/2018\\\/03\\\/Controller_banner3PI2_1068.jpg?fit=2200%2C399&ssl=1\",\"datePublished\":\"2011-05-06T00:21:02+00:00\",\"dateModified\":\"2019-01-21T16:36:46+00:00\",\"breadcrumb\":{\"@id\":\"https:\\\/\\\/www.parrinst.com\\\/de\\\/products\\\/controllers\\\/4848-reactor-controller\\\/specifications\\\/#breadcrumb\"},\"inLanguage\":\"en-US\",\"potentialAction\":[{\"@type\":\"ReadAction\",\"target\":[\"https:\\\/\\\/www.parrinst.com\\\/de\\\/products\\\/controllers\\\/4848-reactor-controller\\\/specifications\\\/\"]}]},{\"@type\":\"ImageObject\",\"inLanguage\":\"en-US\",\"@id\":\"https:\\\/\\\/www.parrinst.com\\\/de\\\/products\\\/controllers\\\/4848-reactor-controller\\\/specifications\\\/#primaryimage\",\"url\":\"https:\\\/\\\/i0.wp.com\\\/www.parrinst.com\\\/de\\\/wp-content\\\/uploads\\\/sites\\\/6\\\/2018\\\/03\\\/Controller_banner3PI2_1068.jpg?fit=2200%2C399&ssl=1\",\"contentUrl\":\"https:\\\/\\\/i0.wp.com\\\/www.parrinst.com\\\/de\\\/wp-content\\\/uploads\\\/sites\\\/6\\\/2018\\\/03\\\/Controller_banner3PI2_1068.jpg?fit=2200%2C399&ssl=1\",\"width\":2200,\"height\":399},{\"@type\":\"BreadcrumbList\",\"@id\":\"https:\\\/\\\/www.parrinst.com\\\/de\\\/products\\\/controllers\\\/4848-reactor-controller\\\/specifications\\\/#breadcrumb\",\"itemListElement\":[{\"@type\":\"ListItem\",\"position\":1,\"name\":\"Home\",\"item\":\"https:\\\/\\\/www.parrinst.com\\\/de\\\/\"},{\"@type\":\"ListItem\",\"position\":2,\"name\":\"Products\",\"item\":\"https:\\\/\\\/www.parrinst.com\\\/de\\\/products\\\/\"},{\"@type\":\"ListItem\",\"position\":3,\"name\":\"Regler\",\"item\":\"https:\\\/\\\/www.parrinst.com\\\/de\\\/products\\\/controllers\\\/\"},{\"@type\":\"ListItem\",\"position\":4,\"name\":\"4848 Reaktor Regler\",\"item\":\"https:\\\/\\\/www.parrinst.com\\\/de\\\/products\\\/controllers\\\/4848-reactor-controller\\\/\"},{\"@type\":\"ListItem\",\"position\":5,\"name\":\"Spezifikationen\"}]},{\"@type\":\"WebSite\",\"@id\":\"https:\\\/\\\/www.parrinst.com\\\/de\\\/#website\",\"url\":\"https:\\\/\\\/www.parrinst.com\\\/de\\\/\",\"name\":\"Parr Instrument GmbH\",\"description\":\"\",\"potentialAction\":[{\"@type\":\"SearchAction\",\"target\":{\"@type\":\"EntryPoint\",\"urlTemplate\":\"https:\\\/\\\/www.parrinst.com\\\/de\\\/?s={search_term_string}\"},\"query-input\":{\"@type\":\"PropertyValueSpecification\",\"valueRequired\":true,\"valueName\":\"search_term_string\"}}],\"inLanguage\":\"en-US\"}]}<\/script>\n<!-- \/ Yoast SEO plugin. -->","yoast_head_json":{"title":"Spezifikationen - Parr Instrument GmbH","robots":{"index":"index","follow":"follow","max-snippet":"max-snippet:-1","max-image-preview":"max-image-preview:large","max-video-preview":"max-video-preview:-1"},"canonical":"https:\/\/www.parrinst.com\/de\/products\/controllers\/4848-reactor-controller\/specifications\/","og_locale":"en_US","og_type":"article","og_title":"Spezifikationen - Parr Instrument GmbH","og_description":"&nbsp; Reaktor-Regler 4848 Spezifikationen Modularer Aufbau Insgesamt werden 7 verschiedene Module f\u00fcr den Temperatur-Regler 4848 angeboten. Zus\u00e4tzlich zu dem eigentlichen Temperaturregler k\u00f6nnen bis zu drei Erweiterungsmodule in den Temperatur-Regler 4848 eingebaut werden. Der Benutzer kann entweder das Drehzahlanzeigemodul (TDM) oder das Motorkontrollmodul (MCM) w\u00e4hlen. Au\u00dferdem kann entweder die M\u00f6glichkeit einer Hochtemperaturabschaltung oder ein Modul f\u00fcr [&hellip;]","og_url":"https:\/\/www.parrinst.com\/de\/products\/controllers\/4848-reactor-controller\/specifications\/","og_site_name":"Parr Instrument GmbH","article_modified_time":"2019-01-21T16:36:46+00:00","og_image":[{"width":2200,"height":399,"url":"https:\/\/www.parrinst.com\/de\/files\/2018\/03\/Controller_banner3PI2_1068.jpg","type":"image\/jpeg"}],"twitter_card":"summary_large_image","twitter_misc":{"Est. reading time":"4 minutes"},"schema":{"@context":"https:\/\/schema.org","@graph":[{"@type":"WebPage","@id":"https:\/\/www.parrinst.com\/de\/products\/controllers\/4848-reactor-controller\/specifications\/","url":"https:\/\/www.parrinst.com\/de\/products\/controllers\/4848-reactor-controller\/specifications\/","name":"Spezifikationen - Parr Instrument GmbH","isPartOf":{"@id":"https:\/\/www.parrinst.com\/de\/#website"},"primaryImageOfPage":{"@id":"https:\/\/www.parrinst.com\/de\/products\/controllers\/4848-reactor-controller\/specifications\/#primaryimage"},"image":{"@id":"https:\/\/www.parrinst.com\/de\/products\/controllers\/4848-reactor-controller\/specifications\/#primaryimage"},"thumbnailUrl":"https:\/\/i0.wp.com\/www.parrinst.com\/de\/wp-content\/uploads\/sites\/6\/2018\/03\/Controller_banner3PI2_1068.jpg?fit=2200%2C399&ssl=1","datePublished":"2011-05-06T00:21:02+00:00","dateModified":"2019-01-21T16:36:46+00:00","breadcrumb":{"@id":"https:\/\/www.parrinst.com\/de\/products\/controllers\/4848-reactor-controller\/specifications\/#breadcrumb"},"inLanguage":"en-US","potentialAction":[{"@type":"ReadAction","target":["https:\/\/www.parrinst.com\/de\/products\/controllers\/4848-reactor-controller\/specifications\/"]}]},{"@type":"ImageObject","inLanguage":"en-US","@id":"https:\/\/www.parrinst.com\/de\/products\/controllers\/4848-reactor-controller\/specifications\/#primaryimage","url":"https:\/\/i0.wp.com\/www.parrinst.com\/de\/wp-content\/uploads\/sites\/6\/2018\/03\/Controller_banner3PI2_1068.jpg?fit=2200%2C399&ssl=1","contentUrl":"https:\/\/i0.wp.com\/www.parrinst.com\/de\/wp-content\/uploads\/sites\/6\/2018\/03\/Controller_banner3PI2_1068.jpg?fit=2200%2C399&ssl=1","width":2200,"height":399},{"@type":"BreadcrumbList","@id":"https:\/\/www.parrinst.com\/de\/products\/controllers\/4848-reactor-controller\/specifications\/#breadcrumb","itemListElement":[{"@type":"ListItem","position":1,"name":"Home","item":"https:\/\/www.parrinst.com\/de\/"},{"@type":"ListItem","position":2,"name":"Products","item":"https:\/\/www.parrinst.com\/de\/products\/"},{"@type":"ListItem","position":3,"name":"Regler","item":"https:\/\/www.parrinst.com\/de\/products\/controllers\/"},{"@type":"ListItem","position":4,"name":"4848 Reaktor Regler","item":"https:\/\/www.parrinst.com\/de\/products\/controllers\/4848-reactor-controller\/"},{"@type":"ListItem","position":5,"name":"Spezifikationen"}]},{"@type":"WebSite","@id":"https:\/\/www.parrinst.com\/de\/#website","url":"https:\/\/www.parrinst.com\/de\/","name":"Parr Instrument GmbH","description":"","potentialAction":[{"@type":"SearchAction","target":{"@type":"EntryPoint","urlTemplate":"https:\/\/www.parrinst.com\/de\/?s={search_term_string}"},"query-input":{"@type":"PropertyValueSpecification","valueRequired":true,"valueName":"search_term_string"}}],"inLanguage":"en-US"}]}},"jetpack_sharing_enabled":true,"_links":{"self":[{"href":"https:\/\/www.parrinst.com\/de\/wp-json\/wp\/v2\/pages\/1683","targetHints":{"allow":["GET"]}}],"collection":[{"href":"https:\/\/www.parrinst.com\/de\/wp-json\/wp\/v2\/pages"}],"about":[{"href":"https:\/\/www.parrinst.com\/de\/wp-json\/wp\/v2\/types\/page"}],"author":[{"embeddable":true,"href":"https:\/\/www.parrinst.com\/de\/wp-json\/wp\/v2\/users\/1"}],"replies":[{"embeddable":true,"href":"https:\/\/www.parrinst.com\/de\/wp-json\/wp\/v2\/comments?post=1683"}],"version-history":[{"count":6,"href":"https:\/\/www.parrinst.com\/de\/wp-json\/wp\/v2\/pages\/1683\/revisions"}],"predecessor-version":[{"id":39352,"href":"https:\/\/www.parrinst.com\/de\/wp-json\/wp\/v2\/pages\/1683\/revisions\/39352"}],"up":[{"embeddable":true,"href":"https:\/\/www.parrinst.com\/de\/wp-json\/wp\/v2\/pages\/306"}],"wp:featuredmedia":[{"embeddable":true,"href":"https:\/\/www.parrinst.com\/de\/wp-json\/wp\/v2\/media\/38329"}],"wp:attachment":[{"href":"https:\/\/www.parrinst.com\/de\/wp-json\/wp\/v2\/media?parent=1683"}],"curies":[{"name":"wp","href":"https:\/\/api.w.org\/{rel}","templated":true}]}}