{"id":193,"date":"2011-03-10T18:29:36","date_gmt":"2011-03-11T00:29:36","guid":{"rendered":"https:\/\/www.parrinst.com\/?page_id=193"},"modified":"2020-01-22T14:51:39","modified_gmt":"2020-01-22T20:51:39","slug":"series-4740","status":"publish","type":"page","link":"https:\/\/www.parrinst.com\/de\/products\/non-stirred-pressure-vessels\/series-4740\/","title":{"rendered":"Serie 4740 Hochdruck- \/ Hochtemperatur Druckbeh\u00e4lter, 25-75 ml"},"content":{"rendered":"\n\t\t\t<div id='193-1' class='gallery gallery-193 gallery-columns-3 gallery-size-medium' itemscope itemtype='http:\/\/schema.org\/ImageGallery'>\n\t\t\t\t<div class='gallery-row gallery-col-3 gallery-clear'>\n\t\t\t\t\t<figure class='gallery-item col-3' itemprop='associatedMedia' itemscope itemtype='http:\/\/schema.org\/ImageObject'>\n\t\t\t\t\t\t<div class='gallery-icon portrait'><a href=\"https:\/\/i0.wp.com\/www.parrinst.com\/de\/wp-content\/uploads\/sites\/6\/2011\/03\/4740.jpg?ssl=1\" itemprop=\"contentURL\"><img loading=\"lazy\" decoding=\"async\" width=\"214\" height=\"300\" src=\"https:\/\/i0.wp.com\/www.parrinst.com\/de\/wp-content\/uploads\/sites\/6\/2011\/03\/4740.jpg?fit=214%2C300&amp;ssl=1\" class=\"attachment-medium size-medium\" alt=\"Modell 4740-25 ml Beh\u00e4lter mit Manometereinheit\" srcset=\"https:\/\/i0.wp.com\/www.parrinst.com\/de\/wp-content\/uploads\/sites\/6\/2011\/03\/4740.jpg?w=600&amp;ssl=1 600w, https:\/\/i0.wp.com\/www.parrinst.com\/de\/wp-content\/uploads\/sites\/6\/2011\/03\/4740.jpg?resize=107%2C150&amp;ssl=1 107w, https:\/\/i0.wp.com\/www.parrinst.com\/de\/wp-content\/uploads\/sites\/6\/2011\/03\/4740.jpg?resize=214%2C300&amp;ssl=1 214w\" sizes=\"auto, (max-width: 214px) 100vw, 214px\" itemprop=\"thumbnail\" \/><\/a><\/div>\n\t\t\t\t\t<\/figure>\n\t\t\t\t\t<figure class='gallery-item col-3' itemprop='associatedMedia' itemscope itemtype='http:\/\/schema.org\/ImageObject'>\n\t\t\t\t\t\t<div class='gallery-icon portrait'><a href=\"https:\/\/i0.wp.com\/www.parrinst.com\/de\/wp-content\/uploads\/sites\/6\/2011\/06\/4740_CrossSection.png?ssl=1\" itemprop=\"contentURL\"><img loading=\"lazy\" decoding=\"async\" width=\"209\" height=\"300\" src=\"https:\/\/i0.wp.com\/www.parrinst.com\/de\/wp-content\/uploads\/sites\/6\/2011\/06\/4740_CrossSection.png?fit=209%2C300&amp;ssl=1\" class=\"attachment-medium size-medium\" alt=\"4740 Querschnitt\" srcset=\"https:\/\/i0.wp.com\/www.parrinst.com\/de\/wp-content\/uploads\/sites\/6\/2011\/06\/4740_CrossSection.png?w=542&amp;ssl=1 542w, https:\/\/i0.wp.com\/www.parrinst.com\/de\/wp-content\/uploads\/sites\/6\/2011\/06\/4740_CrossSection.png?resize=209%2C300&amp;ssl=1 209w\" sizes=\"auto, (max-width: 209px) 100vw, 209px\" itemprop=\"thumbnail\" \/><\/a><\/div>\n\t\t\t\t\t<\/figure>\n\t\t\t\t\t<figure class='gallery-item col-3' itemprop='associatedMedia' itemscope itemtype='http:\/\/schema.org\/ImageObject'>\n\t\t\t\t\t\t<div class='gallery-icon portrait'><a href=\"https:\/\/i0.wp.com\/www.parrinst.com\/de\/wp-content\/uploads\/sites\/6\/2018\/01\/4740_75mL_400x600.jpg?ssl=1\" itemprop=\"contentURL\"><img loading=\"lazy\" decoding=\"async\" width=\"200\" height=\"300\" src=\"https:\/\/i0.wp.com\/www.parrinst.com\/de\/wp-content\/uploads\/sites\/6\/2018\/01\/4740_75mL_400x600.jpg?fit=200%2C300&amp;ssl=1\" class=\"attachment-medium size-medium\" alt=\"Modell 4740-75 ml Beh\u00e4lter mit Manometereinheit\" srcset=\"https:\/\/i0.wp.com\/www.parrinst.com\/de\/wp-content\/uploads\/sites\/6\/2018\/01\/4740_75mL_400x600.jpg?w=400&amp;ssl=1 400w, https:\/\/i0.wp.com\/www.parrinst.com\/de\/wp-content\/uploads\/sites\/6\/2018\/01\/4740_75mL_400x600.jpg?resize=100%2C150&amp;ssl=1 100w, https:\/\/i0.wp.com\/www.parrinst.com\/de\/wp-content\/uploads\/sites\/6\/2018\/01\/4740_75mL_400x600.jpg?resize=200%2C300&amp;ssl=1 200w\" sizes=\"auto, (max-width: 200px) 100vw, 200px\" itemprop=\"thumbnail\" \/><\/a><\/div>\n\t\t\t\t\t<\/figure>\n\t\t\t\t<\/div>\n\t\t\t<\/div><!-- .gallery -->\n\n<p><strong>Dies sind die kleinsten Hochdruck- \/ Hochtemperatur Beh\u00e4lter von Parr.<\/strong> Sie haben einen Innendurchmesser von einem Zoll (ca. 25,4 mm) und werden in Gr\u00f6\u00dfen von 25 ml oder 75 ml angeboten. Diese Beh\u00e4lter werden mit einem Schraubdeckel aus Edelstahllegierung verschlossen, der mit 6 Deckelschrauben versehen ist, die die erforderliche Dichtkraft auf der flexiblen Grafit-Flachdichtung erzeugen. F\u00fcr die Hochdruckanwendungen bei Temperaturen unter 350\u00b0C sind auch austauschbare PTFE Dichtungen erh\u00e4ltlich. Bei Temperaturen \u00fcber 350\u00b0C reduziert sich der maximale Arbeitsdruck schnell und erreicht den Wert von 1850 psi (125 Bar) bei 538\u00b0C. Die Gef\u00e4\u00dfe k\u00f6nnen aus allen Parr-Standardmaterialien gefertigt werden. Einige von diesen Materialien k\u00f6nnen jedoch zu Einschr\u00e4nkungen der maximalen Druck- und Temperaturleistung der Gef\u00e4\u00dfe f\u00fchren.<\/p>\n<p>Am Beh\u00e4lterkopf ist ausreichend Platz f\u00fcr eine Anschluss\u00f6ffnung, in die der Manometerblock 4310A eingeschraubt werden kann. Dieser ist wahlweise mit oder ohne Thermoelement erh\u00e4ltlich. Ausschlie\u00dflich f\u00fcr den 75 ml 4740 Druckbeh\u00e4lter wird eine 4921 Keramikfaser-Tischheizung angeboten. Kleinere 25 ml Beh\u00e4lter werden meistens in einem Ofen, Wasserbad oder einer \u00e4hnlicher universellen Heizung beheizt (nicht im Parr Angebot enthalten).<\/p>\n","protected":false},"excerpt":{"rendered":"<p>Dies sind die kleinsten Hochdruck- \/ Hochtemperatur Beh\u00e4lter von Parr. Sie haben einen Innendurchmesser von einem Zoll (ca. 25,4 mm) und werden in Gr\u00f6\u00dfen von 25 ml oder 75 ml angeboten. Diese Beh\u00e4lter werden mit einem Schraubdeckel aus Edelstahllegierung verschlossen, der mit 6 Deckelschrauben versehen ist, die die erforderliche Dichtkraft auf der flexiblen Grafit-Flachdichtung erzeugen. [&hellip;]<\/p>\n","protected":false},"author":1,"featured_media":37713,"parent":77,"menu_order":2,"comment_status":"closed","ping_status":"closed","template":"product-wide-strirred-filter.php","meta":{"_acf_changed":false,"footnotes":"","_links_to":"","_links_to_target":""},"class_list":["post-193","page","type-page","status-publish","has-post-thumbnail","hentry"],"acf":[],"yoast_head":"<!-- This site is optimized with the Yoast SEO plugin v27.4 - https:\/\/yoast.com\/product\/yoast-seo-wordpress\/ -->\n<title>Serie 4740 Hochdruck- \/ Hochtemperatur Druckbeh\u00e4lter, 25-75 ml - Parr Instrument GmbH<\/title>\n<meta name=\"robots\" content=\"index, follow, max-snippet:-1, max-image-preview:large, max-video-preview:-1\" \/>\n<link rel=\"canonical\" href=\"https:\/\/www.parrinst.com\/de\/products\/non-stirred-pressure-vessels\/series-4740\/\" \/>\n<meta property=\"og:locale\" content=\"en_US\" \/>\n<meta property=\"og:type\" content=\"article\" \/>\n<meta property=\"og:title\" content=\"Serie 4740 Hochdruck- \/ Hochtemperatur Druckbeh\u00e4lter, 25-75 ml - Parr Instrument GmbH\" \/>\n<meta property=\"og:description\" content=\"Dies sind die kleinsten Hochdruck- \/ Hochtemperatur Beh\u00e4lter von Parr. Sie haben einen Innendurchmesser von einem Zoll (ca. 25,4 mm) und werden in Gr\u00f6\u00dfen von 25 ml oder 75 ml angeboten. Diese Beh\u00e4lter werden mit einem Schraubdeckel aus Edelstahllegierung verschlossen, der mit 6 Deckelschrauben versehen ist, die die erforderliche Dichtkraft auf der flexiblen Grafit-Flachdichtung erzeugen. [&hellip;]\" \/>\n<meta property=\"og:url\" content=\"https:\/\/www.parrinst.com\/de\/products\/non-stirred-pressure-vessels\/series-4740\/\" \/>\n<meta property=\"og:site_name\" content=\"Parr Instrument GmbH\" \/>\n<meta property=\"article:modified_time\" content=\"2020-01-22T20:51:39+00:00\" \/>\n<meta property=\"og:image\" content=\"https:\/\/www.parrinst.com\/de\/files\/2018\/01\/parr_banner_non-stirred_secondary.jpg\" \/>\n\t<meta property=\"og:image:width\" content=\"2200\" \/>\n\t<meta property=\"og:image:height\" content=\"399\" \/>\n\t<meta property=\"og:image:type\" content=\"image\/jpeg\" \/>\n<meta name=\"twitter:card\" content=\"summary_large_image\" \/>\n<meta name=\"twitter:label1\" content=\"Est. reading time\" \/>\n\t<meta name=\"twitter:data1\" content=\"1 minute\" \/>\n<script type=\"application\/ld+json\" class=\"yoast-schema-graph\">{\"@context\":\"https:\\\/\\\/schema.org\",\"@graph\":[{\"@type\":\"WebPage\",\"@id\":\"https:\\\/\\\/www.parrinst.com\\\/de\\\/products\\\/non-stirred-pressure-vessels\\\/series-4740\\\/\",\"url\":\"https:\\\/\\\/www.parrinst.com\\\/de\\\/products\\\/non-stirred-pressure-vessels\\\/series-4740\\\/\",\"name\":\"Serie 4740 Hochdruck- \\\/ Hochtemperatur Druckbeh\u00e4lter, 25-75 ml - Parr Instrument GmbH\",\"isPartOf\":{\"@id\":\"https:\\\/\\\/www.parrinst.com\\\/de\\\/#website\"},\"primaryImageOfPage\":{\"@id\":\"https:\\\/\\\/www.parrinst.com\\\/de\\\/products\\\/non-stirred-pressure-vessels\\\/series-4740\\\/#primaryimage\"},\"image\":{\"@id\":\"https:\\\/\\\/www.parrinst.com\\\/de\\\/products\\\/non-stirred-pressure-vessels\\\/series-4740\\\/#primaryimage\"},\"thumbnailUrl\":\"https:\\\/\\\/i0.wp.com\\\/www.parrinst.com\\\/de\\\/wp-content\\\/uploads\\\/sites\\\/6\\\/2018\\\/01\\\/parr_banner_non-stirred_secondary.jpg?fit=2200%2C399&ssl=1\",\"datePublished\":\"2011-03-11T00:29:36+00:00\",\"dateModified\":\"2020-01-22T20:51:39+00:00\",\"breadcrumb\":{\"@id\":\"https:\\\/\\\/www.parrinst.com\\\/de\\\/products\\\/non-stirred-pressure-vessels\\\/series-4740\\\/#breadcrumb\"},\"inLanguage\":\"en-US\",\"potentialAction\":[{\"@type\":\"ReadAction\",\"target\":[\"https:\\\/\\\/www.parrinst.com\\\/de\\\/products\\\/non-stirred-pressure-vessels\\\/series-4740\\\/\"]}]},{\"@type\":\"ImageObject\",\"inLanguage\":\"en-US\",\"@id\":\"https:\\\/\\\/www.parrinst.com\\\/de\\\/products\\\/non-stirred-pressure-vessels\\\/series-4740\\\/#primaryimage\",\"url\":\"https:\\\/\\\/i0.wp.com\\\/www.parrinst.com\\\/de\\\/wp-content\\\/uploads\\\/sites\\\/6\\\/2018\\\/01\\\/parr_banner_non-stirred_secondary.jpg?fit=2200%2C399&ssl=1\",\"contentUrl\":\"https:\\\/\\\/i0.wp.com\\\/www.parrinst.com\\\/de\\\/wp-content\\\/uploads\\\/sites\\\/6\\\/2018\\\/01\\\/parr_banner_non-stirred_secondary.jpg?fit=2200%2C399&ssl=1\",\"width\":2200,\"height\":399},{\"@type\":\"BreadcrumbList\",\"@id\":\"https:\\\/\\\/www.parrinst.com\\\/de\\\/products\\\/non-stirred-pressure-vessels\\\/series-4740\\\/#breadcrumb\",\"itemListElement\":[{\"@type\":\"ListItem\",\"position\":1,\"name\":\"Home\",\"item\":\"https:\\\/\\\/www.parrinst.com\\\/de\\\/\"},{\"@type\":\"ListItem\",\"position\":2,\"name\":\"Products\",\"item\":\"https:\\\/\\\/www.parrinst.com\\\/de\\\/products\\\/\"},{\"@type\":\"ListItem\",\"position\":3,\"name\":\"Nicht ger\u00fchrte Druckbeh\u00e4lter\",\"item\":\"https:\\\/\\\/www.parrinst.com\\\/de\\\/products\\\/non-stirred-pressure-vessels\\\/\"},{\"@type\":\"ListItem\",\"position\":4,\"name\":\"Serie 4740 Hochdruck- \\\/ Hochtemperatur Druckbeh\u00e4lter, 25-75 ml\"}]},{\"@type\":\"WebSite\",\"@id\":\"https:\\\/\\\/www.parrinst.com\\\/de\\\/#website\",\"url\":\"https:\\\/\\\/www.parrinst.com\\\/de\\\/\",\"name\":\"Parr Instrument GmbH\",\"description\":\"\",\"potentialAction\":[{\"@type\":\"SearchAction\",\"target\":{\"@type\":\"EntryPoint\",\"urlTemplate\":\"https:\\\/\\\/www.parrinst.com\\\/de\\\/?s={search_term_string}\"},\"query-input\":{\"@type\":\"PropertyValueSpecification\",\"valueRequired\":true,\"valueName\":\"search_term_string\"}}],\"inLanguage\":\"en-US\"}]}<\/script>\n<!-- \/ Yoast SEO plugin. -->","yoast_head_json":{"title":"Serie 4740 Hochdruck- \/ Hochtemperatur Druckbeh\u00e4lter, 25-75 ml - Parr Instrument GmbH","robots":{"index":"index","follow":"follow","max-snippet":"max-snippet:-1","max-image-preview":"max-image-preview:large","max-video-preview":"max-video-preview:-1"},"canonical":"https:\/\/www.parrinst.com\/de\/products\/non-stirred-pressure-vessels\/series-4740\/","og_locale":"en_US","og_type":"article","og_title":"Serie 4740 Hochdruck- \/ Hochtemperatur Druckbeh\u00e4lter, 25-75 ml - Parr Instrument GmbH","og_description":"Dies sind die kleinsten Hochdruck- \/ Hochtemperatur Beh\u00e4lter von Parr. Sie haben einen Innendurchmesser von einem Zoll (ca. 25,4 mm) und werden in Gr\u00f6\u00dfen von 25 ml oder 75 ml angeboten. Diese Beh\u00e4lter werden mit einem Schraubdeckel aus Edelstahllegierung verschlossen, der mit 6 Deckelschrauben versehen ist, die die erforderliche Dichtkraft auf der flexiblen Grafit-Flachdichtung erzeugen. [&hellip;]","og_url":"https:\/\/www.parrinst.com\/de\/products\/non-stirred-pressure-vessels\/series-4740\/","og_site_name":"Parr Instrument GmbH","article_modified_time":"2020-01-22T20:51:39+00:00","og_image":[{"width":2200,"height":399,"url":"https:\/\/www.parrinst.com\/de\/files\/2018\/01\/parr_banner_non-stirred_secondary.jpg","type":"image\/jpeg"}],"twitter_card":"summary_large_image","twitter_misc":{"Est. reading time":"1 minute"},"schema":{"@context":"https:\/\/schema.org","@graph":[{"@type":"WebPage","@id":"https:\/\/www.parrinst.com\/de\/products\/non-stirred-pressure-vessels\/series-4740\/","url":"https:\/\/www.parrinst.com\/de\/products\/non-stirred-pressure-vessels\/series-4740\/","name":"Serie 4740 Hochdruck- \/ Hochtemperatur Druckbeh\u00e4lter, 25-75 ml - Parr Instrument GmbH","isPartOf":{"@id":"https:\/\/www.parrinst.com\/de\/#website"},"primaryImageOfPage":{"@id":"https:\/\/www.parrinst.com\/de\/products\/non-stirred-pressure-vessels\/series-4740\/#primaryimage"},"image":{"@id":"https:\/\/www.parrinst.com\/de\/products\/non-stirred-pressure-vessels\/series-4740\/#primaryimage"},"thumbnailUrl":"https:\/\/i0.wp.com\/www.parrinst.com\/de\/wp-content\/uploads\/sites\/6\/2018\/01\/parr_banner_non-stirred_secondary.jpg?fit=2200%2C399&ssl=1","datePublished":"2011-03-11T00:29:36+00:00","dateModified":"2020-01-22T20:51:39+00:00","breadcrumb":{"@id":"https:\/\/www.parrinst.com\/de\/products\/non-stirred-pressure-vessels\/series-4740\/#breadcrumb"},"inLanguage":"en-US","potentialAction":[{"@type":"ReadAction","target":["https:\/\/www.parrinst.com\/de\/products\/non-stirred-pressure-vessels\/series-4740\/"]}]},{"@type":"ImageObject","inLanguage":"en-US","@id":"https:\/\/www.parrinst.com\/de\/products\/non-stirred-pressure-vessels\/series-4740\/#primaryimage","url":"https:\/\/i0.wp.com\/www.parrinst.com\/de\/wp-content\/uploads\/sites\/6\/2018\/01\/parr_banner_non-stirred_secondary.jpg?fit=2200%2C399&ssl=1","contentUrl":"https:\/\/i0.wp.com\/www.parrinst.com\/de\/wp-content\/uploads\/sites\/6\/2018\/01\/parr_banner_non-stirred_secondary.jpg?fit=2200%2C399&ssl=1","width":2200,"height":399},{"@type":"BreadcrumbList","@id":"https:\/\/www.parrinst.com\/de\/products\/non-stirred-pressure-vessels\/series-4740\/#breadcrumb","itemListElement":[{"@type":"ListItem","position":1,"name":"Home","item":"https:\/\/www.parrinst.com\/de\/"},{"@type":"ListItem","position":2,"name":"Products","item":"https:\/\/www.parrinst.com\/de\/products\/"},{"@type":"ListItem","position":3,"name":"Nicht ger\u00fchrte Druckbeh\u00e4lter","item":"https:\/\/www.parrinst.com\/de\/products\/non-stirred-pressure-vessels\/"},{"@type":"ListItem","position":4,"name":"Serie 4740 Hochdruck- \/ Hochtemperatur Druckbeh\u00e4lter, 25-75 ml"}]},{"@type":"WebSite","@id":"https:\/\/www.parrinst.com\/de\/#website","url":"https:\/\/www.parrinst.com\/de\/","name":"Parr Instrument GmbH","description":"","potentialAction":[{"@type":"SearchAction","target":{"@type":"EntryPoint","urlTemplate":"https:\/\/www.parrinst.com\/de\/?s={search_term_string}"},"query-input":{"@type":"PropertyValueSpecification","valueRequired":true,"valueName":"search_term_string"}}],"inLanguage":"en-US"}]}},"jetpack_sharing_enabled":true,"_links":{"self":[{"href":"https:\/\/www.parrinst.com\/de\/wp-json\/wp\/v2\/pages\/193","targetHints":{"allow":["GET"]}}],"collection":[{"href":"https:\/\/www.parrinst.com\/de\/wp-json\/wp\/v2\/pages"}],"about":[{"href":"https:\/\/www.parrinst.com\/de\/wp-json\/wp\/v2\/types\/page"}],"author":[{"embeddable":true,"href":"https:\/\/www.parrinst.com\/de\/wp-json\/wp\/v2\/users\/1"}],"replies":[{"embeddable":true,"href":"https:\/\/www.parrinst.com\/de\/wp-json\/wp\/v2\/comments?post=193"}],"version-history":[{"count":13,"href":"https:\/\/www.parrinst.com\/de\/wp-json\/wp\/v2\/pages\/193\/revisions"}],"predecessor-version":[{"id":40309,"href":"https:\/\/www.parrinst.com\/de\/wp-json\/wp\/v2\/pages\/193\/revisions\/40309"}],"up":[{"embeddable":true,"href":"https:\/\/www.parrinst.com\/de\/wp-json\/wp\/v2\/pages\/77"}],"wp:featuredmedia":[{"embeddable":true,"href":"https:\/\/www.parrinst.com\/de\/wp-json\/wp\/v2\/media\/37713"}],"wp:attachment":[{"href":"https:\/\/www.parrinst.com\/de\/wp-json\/wp\/v2\/media?parent=193"}],"curies":[{"name":"wp","href":"https:\/\/api.w.org\/{rel}","templated":true}]}}