{"id":217,"date":"2011-03-10T18:36:23","date_gmt":"2011-03-11T00:36:23","guid":{"rendered":"https:\/\/www.parrinst.com\/?page_id=217"},"modified":"2019-04-23T13:33:33","modified_gmt":"2019-04-23T18:33:33","slug":"design-features","status":"publish","type":"page","link":"https:\/\/www.parrinst.com\/de\/products\/non-stirred-pressure-vessels\/design-features\/","title":{"rendered":"Design Features"},"content":{"rendered":"<h2>Parr Design Features:<\/h2>\n<p><a title=\"Materials of Construction\" href=\"https:\/\/www.parrinst.com\/de\/products\/non-stirred-pressure-vessels\/materials-of-construction\/\">Materials of Construction<\/a><\/p>\n<p><a title=\"Pressure and Temperature Limits\" href=\"https:\/\/www.parrinst.com\/de\/products\/non-stirred-pressure-vessels\/design-features\/pressure-and-temperature-limits\/\">Pressure and Temperature Limits<\/a><\/p>\n<p><a title=\"Design Codes &amp; Certifications\" href=\"https:\/\/www.parrinst.com\/de\/support\/certifications\/\">Design Codes &amp; Certifications<\/a><\/p>\n<p><a title=\"Split-Ring Closures\" href=\"https:\/\/www.parrinst.com\/de\/products\/stirred-reactors\/options-accessories\/split-ring-closures\/\">Split-Ring Closures<\/a><\/p>\n<p><a title=\"Gaskets &amp; Seals\" href=\"https:\/\/www.parrinst.com\/de\/products\/non-stirred-pressure-vessels\/gaskets-seals\/\">Gaskets &amp; Seals<\/a><\/p>\n<hr \/>\n<figure id=\"attachment_2459\" aria-describedby=\"caption-attachment-2459\" style=\"width: 214px\" class=\"wp-caption alignright\"><a href=\"https:\/\/i0.wp.com\/www.parrinst.com\/de\/wp-content\/uploads\/sites\/6\/2011\/06\/4703_22mL-Vessel.jpg?ssl=1\"><img data-recalc-dims=\"1\" loading=\"lazy\" decoding=\"async\" class=\"wp-image-2459 size-medium\" src=\"https:\/\/i0.wp.com\/www.parrinst.com\/de\/wp-content\/uploads\/sites\/6\/2011\/06\/4703_22mL-Vessel.jpg?resize=214%2C300&#038;ssl=1\" alt=\"Model 4700-22 mL, with Rupture Disc.\" width=\"214\" height=\"300\" srcset=\"https:\/\/i0.wp.com\/www.parrinst.com\/de\/wp-content\/uploads\/sites\/6\/2011\/06\/4703_22mL-Vessel.jpg?resize=214%2C300&amp;ssl=1 214w, https:\/\/i0.wp.com\/www.parrinst.com\/de\/wp-content\/uploads\/sites\/6\/2011\/06\/4703_22mL-Vessel.jpg?resize=107%2C150&amp;ssl=1 107w, https:\/\/i0.wp.com\/www.parrinst.com\/de\/wp-content\/uploads\/sites\/6\/2011\/06\/4703_22mL-Vessel.jpg?w=600&amp;ssl=1 600w\" sizes=\"auto, (max-width: 214px) 100vw, 214px\" \/><\/a><figcaption id=\"caption-attachment-2459\" class=\"wp-caption-text\">Model 4700-22 mL, with Rupture Disc.<\/figcaption><\/figure>\n<h2>Kopfausf\u00fchrung<\/h2>\n<p>Viele der nicht-ger\u00fchrten Druckbeh\u00e4lter bieten einen Serienkopf mit einem 1\/8 Zoll NPT Anschluss. Dies sollte jedoch nur als Ausgangspunkt f\u00fcr Beh\u00e4lter dienen, die je nach Kundenwunsch ver\u00e4ndert werden k\u00f6nnen, solange diese keine Sicherheitseinrichtung, wie eine Berstscheibe, ben\u00f6tigen. Sicherheitsrichtlinien, praktische Erfahrung und ein gesunder Menschenverstand sprechen jedoch f\u00fcr eine solche Sicherheitseinrichtung bei allen Beh\u00e4ltern. Der 1\/8 Zoll NPT Anschluss ist daf\u00fcr gedacht, dass jeder Benutzer sein eigenes Sicherheitssystem daran anschlie\u00dfen kann.<\/p>\n<p>Nutzer, die eine Auslieferung ohne einen Sicherheitsablass w\u00fcnschen, sind selbst daf\u00fcr verantwortlich vor Inbetriebnahme eine ad\u00e4quate Schutzausstattung am Beh\u00e4lter anzubringen.<\/p>\n","protected":false},"excerpt":{"rendered":"<p>Parr Design Features: Materials of Construction Pressure and Temperature Limits Design Codes &amp; Certifications Split-Ring Closures Gaskets &amp; Seals Kopfausf\u00fchrung Viele der nicht-ger\u00fchrten Druckbeh\u00e4lter bieten einen Serienkopf mit einem 1\/8 Zoll NPT Anschluss. Dies sollte jedoch nur als Ausgangspunkt f\u00fcr Beh\u00e4lter dienen, die je nach Kundenwunsch ver\u00e4ndert werden k\u00f6nnen, solange diese keine Sicherheitseinrichtung, wie eine [&hellip;]<\/p>\n","protected":false},"author":1,"featured_media":37713,"parent":77,"menu_order":2,"comment_status":"closed","ping_status":"closed","template":"general-tabs.php","meta":{"_acf_changed":false,"footnotes":"","_links_to":"","_links_to_target":""},"class_list":["post-217","page","type-page","status-publish","has-post-thumbnail","hentry"],"acf":[],"yoast_head":"<!-- This site is optimized with the Yoast SEO plugin v27.4 - https:\/\/yoast.com\/product\/yoast-seo-wordpress\/ -->\n<title>Design Features - Parr Instrument GmbH<\/title>\n<meta name=\"robots\" content=\"index, follow, max-snippet:-1, max-image-preview:large, max-video-preview:-1\" \/>\n<link rel=\"canonical\" href=\"https:\/\/www.parrinst.com\/de\/products\/non-stirred-pressure-vessels\/design-features\/\" \/>\n<meta property=\"og:locale\" content=\"en_US\" \/>\n<meta property=\"og:type\" content=\"article\" \/>\n<meta property=\"og:title\" content=\"Design Features - Parr Instrument GmbH\" \/>\n<meta property=\"og:description\" content=\"Parr Design Features: Materials of Construction Pressure and Temperature Limits Design Codes &amp; Certifications Split-Ring Closures Gaskets &amp; Seals Kopfausf\u00fchrung Viele der nicht-ger\u00fchrten Druckbeh\u00e4lter bieten einen Serienkopf mit einem 1\/8 Zoll NPT Anschluss. Dies sollte jedoch nur als Ausgangspunkt f\u00fcr Beh\u00e4lter dienen, die je nach Kundenwunsch ver\u00e4ndert werden k\u00f6nnen, solange diese keine Sicherheitseinrichtung, wie eine [&hellip;]\" \/>\n<meta property=\"og:url\" content=\"https:\/\/www.parrinst.com\/de\/products\/non-stirred-pressure-vessels\/design-features\/\" \/>\n<meta property=\"og:site_name\" content=\"Parr Instrument GmbH\" \/>\n<meta property=\"article:modified_time\" content=\"2019-04-23T18:33:33+00:00\" \/>\n<meta property=\"og:image\" content=\"https:\/\/www.parrinst.com\/de\/files\/2018\/01\/parr_banner_non-stirred_secondary.jpg\" \/>\n\t<meta property=\"og:image:width\" content=\"2200\" \/>\n\t<meta property=\"og:image:height\" content=\"399\" \/>\n\t<meta property=\"og:image:type\" content=\"image\/jpeg\" \/>\n<meta name=\"twitter:card\" content=\"summary_large_image\" \/>\n<meta name=\"twitter:label1\" content=\"Est. reading time\" \/>\n\t<meta name=\"twitter:data1\" content=\"1 minute\" \/>\n<script type=\"application\/ld+json\" class=\"yoast-schema-graph\">{\"@context\":\"https:\\\/\\\/schema.org\",\"@graph\":[{\"@type\":\"WebPage\",\"@id\":\"https:\\\/\\\/www.parrinst.com\\\/de\\\/products\\\/non-stirred-pressure-vessels\\\/design-features\\\/\",\"url\":\"https:\\\/\\\/www.parrinst.com\\\/de\\\/products\\\/non-stirred-pressure-vessels\\\/design-features\\\/\",\"name\":\"Design Features - Parr Instrument GmbH\",\"isPartOf\":{\"@id\":\"https:\\\/\\\/www.parrinst.com\\\/de\\\/#website\"},\"primaryImageOfPage\":{\"@id\":\"https:\\\/\\\/www.parrinst.com\\\/de\\\/products\\\/non-stirred-pressure-vessels\\\/design-features\\\/#primaryimage\"},\"image\":{\"@id\":\"https:\\\/\\\/www.parrinst.com\\\/de\\\/products\\\/non-stirred-pressure-vessels\\\/design-features\\\/#primaryimage\"},\"thumbnailUrl\":\"https:\\\/\\\/i0.wp.com\\\/www.parrinst.com\\\/de\\\/wp-content\\\/uploads\\\/sites\\\/6\\\/2018\\\/01\\\/parr_banner_non-stirred_secondary.jpg?fit=2200%2C399&ssl=1\",\"datePublished\":\"2011-03-11T00:36:23+00:00\",\"dateModified\":\"2019-04-23T18:33:33+00:00\",\"breadcrumb\":{\"@id\":\"https:\\\/\\\/www.parrinst.com\\\/de\\\/products\\\/non-stirred-pressure-vessels\\\/design-features\\\/#breadcrumb\"},\"inLanguage\":\"en-US\",\"potentialAction\":[{\"@type\":\"ReadAction\",\"target\":[\"https:\\\/\\\/www.parrinst.com\\\/de\\\/products\\\/non-stirred-pressure-vessels\\\/design-features\\\/\"]}]},{\"@type\":\"ImageObject\",\"inLanguage\":\"en-US\",\"@id\":\"https:\\\/\\\/www.parrinst.com\\\/de\\\/products\\\/non-stirred-pressure-vessels\\\/design-features\\\/#primaryimage\",\"url\":\"https:\\\/\\\/i0.wp.com\\\/www.parrinst.com\\\/de\\\/wp-content\\\/uploads\\\/sites\\\/6\\\/2018\\\/01\\\/parr_banner_non-stirred_secondary.jpg?fit=2200%2C399&ssl=1\",\"contentUrl\":\"https:\\\/\\\/i0.wp.com\\\/www.parrinst.com\\\/de\\\/wp-content\\\/uploads\\\/sites\\\/6\\\/2018\\\/01\\\/parr_banner_non-stirred_secondary.jpg?fit=2200%2C399&ssl=1\",\"width\":2200,\"height\":399},{\"@type\":\"BreadcrumbList\",\"@id\":\"https:\\\/\\\/www.parrinst.com\\\/de\\\/products\\\/non-stirred-pressure-vessels\\\/design-features\\\/#breadcrumb\",\"itemListElement\":[{\"@type\":\"ListItem\",\"position\":1,\"name\":\"Home\",\"item\":\"https:\\\/\\\/www.parrinst.com\\\/de\\\/\"},{\"@type\":\"ListItem\",\"position\":2,\"name\":\"Products\",\"item\":\"https:\\\/\\\/www.parrinst.com\\\/de\\\/products\\\/\"},{\"@type\":\"ListItem\",\"position\":3,\"name\":\"Nicht ger\u00fchrte Druckbeh\u00e4lter\",\"item\":\"https:\\\/\\\/www.parrinst.com\\\/de\\\/products\\\/non-stirred-pressure-vessels\\\/\"},{\"@type\":\"ListItem\",\"position\":4,\"name\":\"Design Features\"}]},{\"@type\":\"WebSite\",\"@id\":\"https:\\\/\\\/www.parrinst.com\\\/de\\\/#website\",\"url\":\"https:\\\/\\\/www.parrinst.com\\\/de\\\/\",\"name\":\"Parr Instrument GmbH\",\"description\":\"\",\"potentialAction\":[{\"@type\":\"SearchAction\",\"target\":{\"@type\":\"EntryPoint\",\"urlTemplate\":\"https:\\\/\\\/www.parrinst.com\\\/de\\\/?s={search_term_string}\"},\"query-input\":{\"@type\":\"PropertyValueSpecification\",\"valueRequired\":true,\"valueName\":\"search_term_string\"}}],\"inLanguage\":\"en-US\"}]}<\/script>\n<!-- \/ Yoast SEO plugin. -->","yoast_head_json":{"title":"Design Features - Parr Instrument GmbH","robots":{"index":"index","follow":"follow","max-snippet":"max-snippet:-1","max-image-preview":"max-image-preview:large","max-video-preview":"max-video-preview:-1"},"canonical":"https:\/\/www.parrinst.com\/de\/products\/non-stirred-pressure-vessels\/design-features\/","og_locale":"en_US","og_type":"article","og_title":"Design Features - Parr Instrument GmbH","og_description":"Parr Design Features: Materials of Construction Pressure and Temperature Limits Design Codes &amp; Certifications Split-Ring Closures Gaskets &amp; Seals Kopfausf\u00fchrung Viele der nicht-ger\u00fchrten Druckbeh\u00e4lter bieten einen Serienkopf mit einem 1\/8 Zoll NPT Anschluss. Dies sollte jedoch nur als Ausgangspunkt f\u00fcr Beh\u00e4lter dienen, die je nach Kundenwunsch ver\u00e4ndert werden k\u00f6nnen, solange diese keine Sicherheitseinrichtung, wie eine [&hellip;]","og_url":"https:\/\/www.parrinst.com\/de\/products\/non-stirred-pressure-vessels\/design-features\/","og_site_name":"Parr Instrument GmbH","article_modified_time":"2019-04-23T18:33:33+00:00","og_image":[{"width":2200,"height":399,"url":"https:\/\/www.parrinst.com\/de\/files\/2018\/01\/parr_banner_non-stirred_secondary.jpg","type":"image\/jpeg"}],"twitter_card":"summary_large_image","twitter_misc":{"Est. reading time":"1 minute"},"schema":{"@context":"https:\/\/schema.org","@graph":[{"@type":"WebPage","@id":"https:\/\/www.parrinst.com\/de\/products\/non-stirred-pressure-vessels\/design-features\/","url":"https:\/\/www.parrinst.com\/de\/products\/non-stirred-pressure-vessels\/design-features\/","name":"Design Features - Parr Instrument GmbH","isPartOf":{"@id":"https:\/\/www.parrinst.com\/de\/#website"},"primaryImageOfPage":{"@id":"https:\/\/www.parrinst.com\/de\/products\/non-stirred-pressure-vessels\/design-features\/#primaryimage"},"image":{"@id":"https:\/\/www.parrinst.com\/de\/products\/non-stirred-pressure-vessels\/design-features\/#primaryimage"},"thumbnailUrl":"https:\/\/i0.wp.com\/www.parrinst.com\/de\/wp-content\/uploads\/sites\/6\/2018\/01\/parr_banner_non-stirred_secondary.jpg?fit=2200%2C399&ssl=1","datePublished":"2011-03-11T00:36:23+00:00","dateModified":"2019-04-23T18:33:33+00:00","breadcrumb":{"@id":"https:\/\/www.parrinst.com\/de\/products\/non-stirred-pressure-vessels\/design-features\/#breadcrumb"},"inLanguage":"en-US","potentialAction":[{"@type":"ReadAction","target":["https:\/\/www.parrinst.com\/de\/products\/non-stirred-pressure-vessels\/design-features\/"]}]},{"@type":"ImageObject","inLanguage":"en-US","@id":"https:\/\/www.parrinst.com\/de\/products\/non-stirred-pressure-vessels\/design-features\/#primaryimage","url":"https:\/\/i0.wp.com\/www.parrinst.com\/de\/wp-content\/uploads\/sites\/6\/2018\/01\/parr_banner_non-stirred_secondary.jpg?fit=2200%2C399&ssl=1","contentUrl":"https:\/\/i0.wp.com\/www.parrinst.com\/de\/wp-content\/uploads\/sites\/6\/2018\/01\/parr_banner_non-stirred_secondary.jpg?fit=2200%2C399&ssl=1","width":2200,"height":399},{"@type":"BreadcrumbList","@id":"https:\/\/www.parrinst.com\/de\/products\/non-stirred-pressure-vessels\/design-features\/#breadcrumb","itemListElement":[{"@type":"ListItem","position":1,"name":"Home","item":"https:\/\/www.parrinst.com\/de\/"},{"@type":"ListItem","position":2,"name":"Products","item":"https:\/\/www.parrinst.com\/de\/products\/"},{"@type":"ListItem","position":3,"name":"Nicht ger\u00fchrte Druckbeh\u00e4lter","item":"https:\/\/www.parrinst.com\/de\/products\/non-stirred-pressure-vessels\/"},{"@type":"ListItem","position":4,"name":"Design Features"}]},{"@type":"WebSite","@id":"https:\/\/www.parrinst.com\/de\/#website","url":"https:\/\/www.parrinst.com\/de\/","name":"Parr Instrument GmbH","description":"","potentialAction":[{"@type":"SearchAction","target":{"@type":"EntryPoint","urlTemplate":"https:\/\/www.parrinst.com\/de\/?s={search_term_string}"},"query-input":{"@type":"PropertyValueSpecification","valueRequired":true,"valueName":"search_term_string"}}],"inLanguage":"en-US"}]}},"jetpack_sharing_enabled":true,"_links":{"self":[{"href":"https:\/\/www.parrinst.com\/de\/wp-json\/wp\/v2\/pages\/217","targetHints":{"allow":["GET"]}}],"collection":[{"href":"https:\/\/www.parrinst.com\/de\/wp-json\/wp\/v2\/pages"}],"about":[{"href":"https:\/\/www.parrinst.com\/de\/wp-json\/wp\/v2\/types\/page"}],"author":[{"embeddable":true,"href":"https:\/\/www.parrinst.com\/de\/wp-json\/wp\/v2\/users\/1"}],"replies":[{"embeddable":true,"href":"https:\/\/www.parrinst.com\/de\/wp-json\/wp\/v2\/comments?post=217"}],"version-history":[{"count":4,"href":"https:\/\/www.parrinst.com\/de\/wp-json\/wp\/v2\/pages\/217\/revisions"}],"predecessor-version":[{"id":39640,"href":"https:\/\/www.parrinst.com\/de\/wp-json\/wp\/v2\/pages\/217\/revisions\/39640"}],"up":[{"embeddable":true,"href":"https:\/\/www.parrinst.com\/de\/wp-json\/wp\/v2\/pages\/77"}],"wp:featuredmedia":[{"embeddable":true,"href":"https:\/\/www.parrinst.com\/de\/wp-json\/wp\/v2\/media\/37713"}],"wp:attachment":[{"href":"https:\/\/www.parrinst.com\/de\/wp-json\/wp\/v2\/media?parent=217"}],"curies":[{"name":"wp","href":"https:\/\/api.w.org\/{rel}","templated":true}]}}