{"id":230,"date":"2011-03-10T19:16:39","date_gmt":"2011-03-11T01:16:39","guid":{"rendered":"https:\/\/www.parrinst.com\/?page_id=230"},"modified":"2021-01-13T08:34:37","modified_gmt":"2021-01-13T14:34:37","slug":"series-5000-multiple-reactor-system","status":"publish","type":"page","link":"https:\/\/www.parrinst.com\/de\/products\/multi-reactor-systems\/series-5000-multiple-reactor-system\/","title":{"rendered":"Serie 5000 Mehrfachreaktorsystem"},"content":{"rendered":"\n\t\t\t<div id='230-1' class='gallery gallery-230 gallery-columns-2 gallery-size-medium' itemscope itemtype='http:\/\/schema.org\/ImageGallery'>\n\t\t\t\t<div class='gallery-row gallery-col-2 gallery-clear'>\n\t\t\t\t\t<figure class='gallery-item col-2' itemprop='associatedMedia' itemscope itemtype='http:\/\/schema.org\/ImageObject'>\n\t\t\t\t\t\t<div class='gallery-icon landscape'><a href=\"https:\/\/i0.wp.com\/www.parrinst.com\/de\/wp-content\/uploads\/sites\/6\/2011\/03\/5000-MRS_Multi-Reactor-4871.jpg?ssl=1\" itemprop=\"contentURL\"><img loading=\"lazy\" decoding=\"async\" width=\"300\" height=\"300\" src=\"https:\/\/i0.wp.com\/www.parrinst.com\/de\/wp-content\/uploads\/sites\/6\/2011\/03\/5000-MRS_Multi-Reactor-4871.jpg?fit=300%2C300&amp;ssl=1\" class=\"attachment-medium size-medium\" alt=\"MRS mit individuell angesteuerten Gasb\u00fcretten\" srcset=\"https:\/\/i0.wp.com\/www.parrinst.com\/de\/wp-content\/uploads\/sites\/6\/2011\/03\/5000-MRS_Multi-Reactor-4871.jpg?w=400&amp;ssl=1 400w, https:\/\/i0.wp.com\/www.parrinst.com\/de\/wp-content\/uploads\/sites\/6\/2011\/03\/5000-MRS_Multi-Reactor-4871.jpg?resize=150%2C150&amp;ssl=1 150w, https:\/\/i0.wp.com\/www.parrinst.com\/de\/wp-content\/uploads\/sites\/6\/2011\/03\/5000-MRS_Multi-Reactor-4871.jpg?resize=300%2C300&amp;ssl=1 300w\" sizes=\"auto, (max-width: 300px) 100vw, 300px\" itemprop=\"thumbnail\" \/><\/a><\/div>\n\t\t\t\t\t<\/figure>\n\t\t\t\t\t<figure class='gallery-item col-2' itemprop='associatedMedia' itemscope itemtype='http:\/\/schema.org\/ImageObject'>\n\t\t\t\t\t\t<div class='gallery-icon landscape'><a href=\"https:\/\/i0.wp.com\/www.parrinst.com\/de\/wp-content\/uploads\/sites\/6\/2011\/06\/5000-multi_4871.jpg?ssl=1\" itemprop=\"contentURL\"><img loading=\"lazy\" decoding=\"async\" width=\"300\" height=\"197\" src=\"https:\/\/i0.wp.com\/www.parrinst.com\/de\/wp-content\/uploads\/sites\/6\/2011\/06\/5000-multi_4871.jpg?fit=300%2C197&amp;ssl=1\" class=\"attachment-medium size-medium\" alt=\"5000 Reaktorsystem, sechs 75 ml Beh\u00e4lter mit Flachdichtungen und kopfmontierten Ventilen; mit 4871 Controller\" srcset=\"https:\/\/i0.wp.com\/www.parrinst.com\/de\/wp-content\/uploads\/sites\/6\/2011\/06\/5000-multi_4871.jpg?w=600&amp;ssl=1 600w, https:\/\/i0.wp.com\/www.parrinst.com\/de\/wp-content\/uploads\/sites\/6\/2011\/06\/5000-multi_4871.jpg?resize=228%2C150&amp;ssl=1 228w, https:\/\/i0.wp.com\/www.parrinst.com\/de\/wp-content\/uploads\/sites\/6\/2011\/06\/5000-multi_4871.jpg?resize=300%2C197&amp;ssl=1 300w\" sizes=\"auto, (max-width: 300px) 100vw, 300px\" itemprop=\"thumbnail\" \/><\/a><\/div>\n\t\t\t\t\t<\/figure>\n\t\t\t\t<\/div>\n\t\t\t<\/div><!-- .gallery -->\n\n<p><strong>Das Mehrfachreaktorsystem der Serie 5000 von Parr<\/strong> ist ein Komplettsystem f\u00fcr die kombinatorische Chemie und Katalyse, das unter Anwendung der Hochdurchsatzprinzipien f\u00fcr Reaktionen bei \u00a0Versuchen mit erh\u00f6hten Temperaturen und Dr\u00fccken entwickelt wurde.<\/p>\n<p>Die wichtigsten Merkmale des 5000 Systems sind:<\/p>\n<ul>\n<li>Sechs Reaktoren mit Innenr\u00fchrung.<\/li>\n<li>Arbeitsdr\u00fccke bis 200 bar (3000 psi).<\/li>\n<li>Arbeitstemperaturen bis 300\u00b0C.<\/li>\n<li>Individuelle Temperaturregelung.<\/li>\n<li>Kontinuierliche Druckanzeige jedes Reaktors.<\/li>\n<li>Computersteuerung und Data logging.<\/li>\n<li>Der Mehrfachverteiler f\u00fcr das schnelle Umschalten zwischen zwei Gasen.<\/li>\n<li>Optimierte Reaktor-Volumen-Geometrie f\u00fcr Drei-Phasen-Reaktionen.<\/li>\n<li>Flexible Steuerungssoftware.<\/li>\n<\/ul>\n<hr \/>\n<h5 class=\"collapseomatic \" id=\"id69e0f24ba78f4\"  tabindex=\"0\" title=\"&lt;strong&gt;Ger\u00fchrtes  Batchreaktionssystem&lt;\/strong&gt;\"    ><strong>Ger\u00fchrtes  Batchreaktionssystem<\/strong><\/h5><div id=\"target-id69e0f24ba78f4\" class=\"collapseomatic_content \">\n<p>Dieses Multi-Reaktor-System wurde f\u00fcr Beh\u00e4lter mit einem Gesamtvolumen von 75 ml entwickelt. Diese k\u00f6nnen mit 15 bis 40 ml fl\u00fcssigen Reaktanten gef\u00fcllt werden, was dem Minimalansatz f\u00fcr heterogene katalytische Reaktionen sehr nahe kommt.<\/p>\n<p>Beh\u00e4lterventile und Zubeh\u00f6r sind f\u00fcr maximale Arbeitsdr\u00fccke bis 200 bar (3000 psi) bei Arbeitstemperaturen bis 300\u00b0C ausgelegt. Das System kann auch mit 45 ml Beh\u00e4ltern ausgestattet werden.<\/p>\n<hr \/>\n<\/div>\n<h5 class=\"collapseomatic \" id=\"id69e0f24ba79b8\"  tabindex=\"0\" title=\"R\u00fchrsystem\"    >R\u00fchrsystem<\/h5><div id=\"target-id69e0f24ba79b8\" class=\"collapseomatic_content \">\n<p>Alle sechs Beh\u00e4lter werden von einem Magnetantrieb, das eigens f\u00fcr diese Anwendung entwickelt und gebaut wurde, ger\u00fchrt. Die erzeugten Magnetkr\u00e4fte und Felder sind auf den Magnetstab im Inneren jedes einzelnen Beh\u00e4lters fokussiert. Es werden extra starke Kompaktmagnete verwendet, deren Kupplungskr\u00e4fte durch die Heizungen und die Beh\u00e4lterb\u00f6den reichen. Die Drehzahl der R\u00fchrst\u00e4bchen\u00a0 ist von 0-1200 U\/min regelbar. W\u00e4hrend eines Laufs werden alle Beh\u00e4lter mit der gleichen Geschwindigkeit ger\u00fchrt. Dadurch wird sichergestellt, dass die Unterschiede in den Reaktionsraten zwischen parallel eingesetzten Beh\u00e4ltern sich aus den festgelegten Bedingungen ergeben und nicht auf die R\u00fchrgeschwindigkeit zur\u00fcckzuf\u00fchren sind.<\/p>\n<hr \/>\n<\/div>\n<h5 class=\"collapseomatic \" id=\"id69e0f24ba7a04\"  tabindex=\"0\" title=\"Heaters\"    >Heaters<\/h5><div id=\"target-id69e0f24ba7a04\" class=\"collapseomatic_content \">\n<p>Externe Heizungen umgeben die Beh\u00e4lterw\u00e4nde und gew\u00e4hrleisten schnelles und gleichm\u00e4\u00dfiges Aufheizen und gute Temperaturkontrolle. F\u00fcr jeden Beh\u00e4lter wird die Temperatur einzeln gesteuert. Die einzelnen Beh\u00e4lter-Heizungen haben eine Heizleistung von 250 Watt und Heizraten bis 15\u00b0C\/min. Optional ist ein Beh\u00e4ltergestell zur Luftk\u00fchlung au\u00dferhalb der Heizungen erh\u00e4ltlich.<\/p>\n<hr \/>\n<\/div>\n<h5 class=\"collapseomatic \" id=\"id69e0f24ba7a34\"  tabindex=\"0\" title=\"Fahrweisen\"    >Fahrweisen<\/h5><div id=\"target-id69e0f24ba7a34\" class=\"collapseomatic_content \">\n<p>Das Parr MRS 5000 bietet die M\u00f6glichkeit, bis zu sechs Reaktionen parallel durchzuf\u00fchren, um eine Datenbank f\u00fcr den Vergleich und die Optimierung von Reaktionsparametern aufzubauen. Der Anwender kann je nach Ausstattung unterschiedliche Fahrweisen vorgeben:<\/p>\n<ul>\n<li>Alle Reaktionen unter gleichen Temperatur- und Druckbedingungen bei unterschiedlicher Katalysatormenge oder differierenden Reaktionskonzentrationen, um diese Parameter zu optimieren.<\/li>\n<li>Alle Reaktoren gleich beladen, aber die Dr\u00fccke bei gleichen Temperaturen variieren, um den Druckeinfluss zu untersuchen.<\/li>\n<li>Die einzelnen Reaktoren bei unterschiedlichen F\u00fcllmengen, Temperaturen und Dr\u00fccken fahren, um mehrere Reaktionsparameter f\u00fcr eine gegebene Reaktion zu untersuchen.<\/li>\n<\/ul>\n<p>Wir glauben, dass ein Druck-Zeit-Diagramm w\u00e4hrend des Programmablaufs bei parallelen Bedingungen das bew\u00e4hrteste Instrument zur Aussage \u00fcber Reaktionsraten und den Vergleich von Einsatzbedingungen darstellt. Das innenliegende Thermoelement liefert dar\u00fcber hinaus noch Aussagen \u00fcber m\u00f6gliche exotherme Reaktionen.<\/p>\n<hr \/>\n<\/div>\n<h5 class=\"collapseomatic \" id=\"id69e0f24ba7a63\"  tabindex=\"0\" title=\"Reaktor Optionen\"    >Reaktor Optionen<\/h5><div id=\"target-id69e0f24ba7a63\" class=\"collapseomatic_content \">\n<p>Alle Parr Kunden, die Erfahrungen mit unseren Laborreaktoren haben, wissen und erwarten, dass Parr eine gro\u00dfe Auswahl an Optionen bereith\u00e4lt, um Ihren W\u00fcnschen entsprechend ein anwendungsspezifisches System zu erstellen, mit dem die angestrebten Reaktions- und Arbeitsbedingungen erreicht werden k\u00f6nnen. Zu diesen Optionen geh\u00f6ren:<\/p>\n<p><strong>O-Ring- oder Flachdichtungen.<\/strong> Zum druckdichten Verschlie\u00dfen der Beh\u00e4lter mit O-Ringen gen\u00fcgt es, die Schraubkappe handfest anzuziehen. Die maximale Arbeitstemperatur h\u00e4ngt vom gew\u00e4hlten O-Ring Material ab. Ein breit einsetzbares Fluorelastomer wie FKM erlaubt Arbeitstemperaturen bis 225\u00b0C. Temperaturen bis 300\u00b0C k\u00f6nnen mit hochwertigen Perfluorelastomeren wie FFKM erreicht werden. F\u00fcr alle O-Ring Materialien muss zus\u00e4tzlich zu den Temperatureinschr\u00e4nkungen auch die chemische Vertr\u00e4glichkeit mit in Betracht gezogen werden. PTFE Dichtungen k\u00f6nnen f\u00fcr Temperaturen bis 300\u00b0C im Beh\u00e4lterinneren eingesetzt werden und bieten nahezu universelle chemische Kompatibilit\u00e4t. Sechs Deckelschrauben bringen die n\u00f6tige Dichtkraft, die bei diesem Design erforderlich ist.<\/p>\n<p><strong>Reaktorkopfausstattung. <\/strong>Jeder Reaktionsbeh\u00e4lter ist mit einem Einlassventil, Auslassventil, Berstscheibe und elektronischem Druckaufnehmer sowie einem innenliegendem Thermoelement ausgestattet.\u00a0Die Beh\u00e4lterk\u00f6pfe k\u00f6nnen zus\u00e4tzlich mit einem Tauchrohr zum Entnehmen fl\u00fcssiger Proben oder einem K\u00fchlfinger zur K\u00fchlung ausgestattet werden. Der Anwender kann w\u00e4hlen, ob er die Ventile, Druckaufnehmer und die Berstscheibe mit einem Blockadapter direkt auf dem Kopf angeschraubt oder getrennt an der R\u00fcckwand haben m\u00f6chte.<br \/>\n<strong>\u2013 <\/strong><strong>Mit\u00a0 dem Kopfadapter<\/strong> ist jeder Beh\u00e4lter ein f\u00fcr sich geschlossenes \u00a0System. Er kann also abseits vom eigentlichen Reaktorstand, zum Beispiel in einer Glovebox, bef\u00fcllt oder entleert werden. Jeder Beh\u00e4lter ist mit einem flexibler PEEK Schlauch mit einem Schiebeverbinder ausgestattet, der dem Gaseinlass dient und kann anschlie\u00dfend leicht entfernt werden.<br \/>\n<strong>\u2013 <\/strong><strong>Bei der R\u00fcckwand-Installation<\/strong> werden alle Ein- und Ausl\u00e4sse mittels PTFE-beschichtetem Edelstahlschlauch mit jedem Beh\u00e4lter verbunden. Optional werden bei Bedarf Edelstahlsch\u00e4uche angeboten. Bie dieser Konfiguration bleiben im allgemeinen die Gaseinlassschl\u00e4uche an die Beh\u00e4lter angeschlossen.<\/p>\n<p><strong>Werkstoffe. <\/strong>Edelstahl T316 wird als Standardmaterial f\u00fcr die Druckbeh\u00e4lter, die benetzten Teile und die Blockadapter, die mit den entstehenden D\u00e4mpfen in Ber\u00fchrung kommen, verwendet. F\u00fcr Arbeiten mit korrosiveren Chemikalien k\u00f6nnen Zylinder, Kopf und Einbauteile aus den meisten anderen Parr Standardmaterialien gefertigt werden.<\/p>\n<p><strong>R\u00fchrer-Konfiguration. <\/strong>Das R\u00fchren erfolgt mittels PTFE- oder Glas-beschichteter Magnetr\u00fchrst\u00e4bchen.<\/p>\n<p><strong>Thermoelement Konfiguration. <\/strong>Das rostfreie armierte Thermoelement mit Thermoh\u00fclse liegt im Inneren des Beh\u00e4lters und liefert so die beste Temperaturdarstellung und -regelung. Die Thermoh\u00fclse erleichtert den Umgang mit dem Thermoelement, es wird einfach hineingesteckt und kann genauso schnell wieder entfernt werden. Au\u00dferdem sch\u00fctzt die Thermoh\u00fclse das Thermoelement vor mechanischer oder chemischer Beanspruchung<strong>. <\/strong><\/p>\n<p>Zus\u00e4tzlich wird ein externes Thermoelement angeboten, das zwischen Heizung und Beh\u00e4lter positioniert wird.<\/p>\n<p><strong>Gas-Mehrfachverteiler. <\/strong>Der Gas-Mehrfachverteiler aus Messing erm\u00f6glicht das Umschalten zwischen dem Sp\u00fclgas, meist Stickstoff, und Reaktionsgas, meist Wasserstoff. Es kann so eingestellt werden, dass alle Beh\u00e4lter automatisch auf den gleichen Anfangsdruck bef\u00fcllt werden, oder man kann jeden Beh\u00e4lter einzeln manuell auf den jeweiligen Betriebsdruck f\u00fcllen. F\u00fcr <span class=\"st\">h\u00f6here Anforderungen an Korrosionsbest\u00e4ndigkeit ist d<\/span>er Gas-Verteiler aus T316SS\u00a0 verf\u00fcgbar.<\/p>\n<p><strong>Gas Burettes.<\/strong>\u00a0For applications where gas consumption measurement is important, optional high pressure gas burettes can be provided.\u00a0 These burettes allow monitoring\/calculation of the number of moles of gas consumed during a reaction.<\/p>\n<hr \/>\n<\/div>\n<h5 class=\"collapseomatic \" id=\"id69e0f24ba7a9a\"  tabindex=\"0\" title=\"4871 Process Controller\"    >4871 Process Controller<\/h5><div id=\"target-id69e0f24ba7a9a\" class=\"collapseomatic_content \">\n<p>F\u00fcr die Steuerung des Multi Reaktor Systems der Serie 5000 wird der spezielle Parr Prozess-Controller 4871 verwendet. Ausf\u00fchrliche Beschreibung dazu finden Sie unter <a href=\"https:\/\/www.parrinst.com\/de\/products\/controllers-2\/4871-process-controller\/\">4871 Prozess-Controller<\/a>.<\/p>\n<p>Der Controller ist konfiguriert f\u00fcr:<\/p>\n<ul>\n<li>Temperatur\u00fcberwachung und PID-Steuerung jedes einzelnen Reaktors.<\/li>\n<li>Druckanzeige jedes einzelnen Reaktors.<\/li>\n<li>Datenspeicherung von Temperatur und Druck f\u00fcr jeden Reaktor.<\/li>\n<li>Steuerung und Aufzeichnung der gemeinsamen Drehzahl von Reaktoren.<\/li>\n<\/ul>\n<p>Der Controller kann genutzt werden, um Rampen und Stufen f\u00fcr die einzelnen Reaktionsbeh\u00e4lter zu programmieren. Er verf\u00fcgt \u00fcber digitale Ein- und Ausg\u00e4nge f\u00fcr Interlocks, Alarme und andere Sicherheitsoptionen sowie zus\u00e4tzliche analoge und digitale Ein- und Ausg\u00e4nge zur Regelung von Durchflussmessern oder anderem Zubeh\u00f6r, das noch erg\u00e4nzt werden kann. Zur Eingabe und Steuerung wird ein PC mit einem aktuellen Windows Betriebssystem verwendet. Eine vereinfachte Benutzeroberfl\u00e4che zur Regelung und Anzeige des Parr MRS 5000 geh\u00f6rt zum Lieferumfang. Der PC wird nur als Benutzeroberfl\u00e4che und Speichermedium genutzt. Alle Regelvorg\u00e4nge werden vom Parr Prozesscontroller 4871 durchgef\u00fchrt.<\/p>\n<\/div>\n","protected":false},"excerpt":{"rendered":"<p>Das Mehrfachreaktorsystem der Serie 5000 von Parr ist ein Komplettsystem f\u00fcr die kombinatorische Chemie und Katalyse, das unter Anwendung der Hochdurchsatzprinzipien f\u00fcr Reaktionen bei \u00a0Versuchen mit erh\u00f6hten Temperaturen und Dr\u00fccken entwickelt wurde. Die wichtigsten Merkmale des 5000 Systems sind: Sechs Reaktoren mit Innenr\u00fchrung. Arbeitsdr\u00fccke bis 200 bar (3000 psi). Arbeitstemperaturen bis 300\u00b0C. Individuelle Temperaturregelung. Kontinuierliche [&hellip;]<\/p>\n","protected":false},"author":1,"featured_media":36913,"parent":11596,"menu_order":20,"comment_status":"closed","ping_status":"closed","template":"product-wide-strirred-filter.php","meta":{"_acf_changed":false,"footnotes":"","_links_to":"","_links_to_target":""},"class_list":["post-230","page","type-page","status-publish","has-post-thumbnail","hentry"],"acf":[],"yoast_head":"<!-- This site is optimized with the Yoast SEO plugin v27.4 - https:\/\/yoast.com\/product\/yoast-seo-wordpress\/ -->\n<title>Serie 5000 Mehrfachreaktorsystem - Parr Instrument GmbH<\/title>\n<meta name=\"robots\" content=\"index, follow, max-snippet:-1, max-image-preview:large, max-video-preview:-1\" \/>\n<link rel=\"canonical\" href=\"https:\/\/www.parrinst.com\/de\/products\/multi-reactor-systems\/series-5000-multiple-reactor-system\/\" \/>\n<meta property=\"og:locale\" content=\"en_US\" \/>\n<meta property=\"og:type\" content=\"article\" \/>\n<meta property=\"og:title\" content=\"Serie 5000 Mehrfachreaktorsystem - Parr Instrument GmbH\" \/>\n<meta property=\"og:description\" content=\"Das Mehrfachreaktorsystem der Serie 5000 von Parr ist ein Komplettsystem f\u00fcr die kombinatorische Chemie und Katalyse, das unter Anwendung der Hochdurchsatzprinzipien f\u00fcr Reaktionen bei \u00a0Versuchen mit erh\u00f6hten Temperaturen und Dr\u00fccken entwickelt wurde. Die wichtigsten Merkmale des 5000 Systems sind: Sechs Reaktoren mit Innenr\u00fchrung. Arbeitsdr\u00fccke bis 200 bar (3000 psi). Arbeitstemperaturen bis 300\u00b0C. Individuelle Temperaturregelung. Kontinuierliche [&hellip;]\" \/>\n<meta property=\"og:url\" content=\"https:\/\/www.parrinst.com\/de\/products\/multi-reactor-systems\/series-5000-multiple-reactor-system\/\" \/>\n<meta property=\"og:site_name\" content=\"Parr Instrument GmbH\" \/>\n<meta property=\"article:modified_time\" content=\"2021-01-13T14:34:37+00:00\" \/>\n<meta property=\"og:image\" content=\"https:\/\/www.parrinst.com\/de\/files\/2018\/01\/parr_banner_multi_secondary.jpg\" \/>\n\t<meta property=\"og:image:width\" content=\"2200\" \/>\n\t<meta property=\"og:image:height\" content=\"399\" \/>\n\t<meta property=\"og:image:type\" content=\"image\/jpeg\" \/>\n<meta name=\"twitter:card\" content=\"summary_large_image\" \/>\n<meta name=\"twitter:label1\" content=\"Est. reading time\" \/>\n\t<meta name=\"twitter:data1\" content=\"6 minutes\" \/>\n<script type=\"application\/ld+json\" class=\"yoast-schema-graph\">{\"@context\":\"https:\\\/\\\/schema.org\",\"@graph\":[{\"@type\":\"WebPage\",\"@id\":\"https:\\\/\\\/www.parrinst.com\\\/de\\\/products\\\/multi-reactor-systems\\\/series-5000-multiple-reactor-system\\\/\",\"url\":\"https:\\\/\\\/www.parrinst.com\\\/de\\\/products\\\/multi-reactor-systems\\\/series-5000-multiple-reactor-system\\\/\",\"name\":\"Serie 5000 Mehrfachreaktorsystem - Parr Instrument GmbH\",\"isPartOf\":{\"@id\":\"https:\\\/\\\/www.parrinst.com\\\/de\\\/#website\"},\"primaryImageOfPage\":{\"@id\":\"https:\\\/\\\/www.parrinst.com\\\/de\\\/products\\\/multi-reactor-systems\\\/series-5000-multiple-reactor-system\\\/#primaryimage\"},\"image\":{\"@id\":\"https:\\\/\\\/www.parrinst.com\\\/de\\\/products\\\/multi-reactor-systems\\\/series-5000-multiple-reactor-system\\\/#primaryimage\"},\"thumbnailUrl\":\"https:\\\/\\\/i0.wp.com\\\/www.parrinst.com\\\/de\\\/wp-content\\\/uploads\\\/sites\\\/6\\\/2018\\\/01\\\/parr_banner_multi_secondary.jpg?fit=2200%2C399&ssl=1\",\"datePublished\":\"2011-03-11T01:16:39+00:00\",\"dateModified\":\"2021-01-13T14:34:37+00:00\",\"breadcrumb\":{\"@id\":\"https:\\\/\\\/www.parrinst.com\\\/de\\\/products\\\/multi-reactor-systems\\\/series-5000-multiple-reactor-system\\\/#breadcrumb\"},\"inLanguage\":\"en-US\",\"potentialAction\":[{\"@type\":\"ReadAction\",\"target\":[\"https:\\\/\\\/www.parrinst.com\\\/de\\\/products\\\/multi-reactor-systems\\\/series-5000-multiple-reactor-system\\\/\"]}]},{\"@type\":\"ImageObject\",\"inLanguage\":\"en-US\",\"@id\":\"https:\\\/\\\/www.parrinst.com\\\/de\\\/products\\\/multi-reactor-systems\\\/series-5000-multiple-reactor-system\\\/#primaryimage\",\"url\":\"https:\\\/\\\/i0.wp.com\\\/www.parrinst.com\\\/de\\\/wp-content\\\/uploads\\\/sites\\\/6\\\/2018\\\/01\\\/parr_banner_multi_secondary.jpg?fit=2200%2C399&ssl=1\",\"contentUrl\":\"https:\\\/\\\/i0.wp.com\\\/www.parrinst.com\\\/de\\\/wp-content\\\/uploads\\\/sites\\\/6\\\/2018\\\/01\\\/parr_banner_multi_secondary.jpg?fit=2200%2C399&ssl=1\",\"width\":2200,\"height\":399},{\"@type\":\"BreadcrumbList\",\"@id\":\"https:\\\/\\\/www.parrinst.com\\\/de\\\/products\\\/multi-reactor-systems\\\/series-5000-multiple-reactor-system\\\/#breadcrumb\",\"itemListElement\":[{\"@type\":\"ListItem\",\"position\":1,\"name\":\"Home\",\"item\":\"https:\\\/\\\/www.parrinst.com\\\/de\\\/\"},{\"@type\":\"ListItem\",\"position\":2,\"name\":\"Products\",\"item\":\"https:\\\/\\\/www.parrinst.com\\\/de\\\/products\\\/\"},{\"@type\":\"ListItem\",\"position\":3,\"name\":\"Mehrfachreaktorsysteme\",\"item\":\"https:\\\/\\\/www.parrinst.com\\\/de\\\/products\\\/multi-reactor-systems\\\/\"},{\"@type\":\"ListItem\",\"position\":4,\"name\":\"Serie 5000 Mehrfachreaktorsystem\"}]},{\"@type\":\"WebSite\",\"@id\":\"https:\\\/\\\/www.parrinst.com\\\/de\\\/#website\",\"url\":\"https:\\\/\\\/www.parrinst.com\\\/de\\\/\",\"name\":\"Parr Instrument GmbH\",\"description\":\"\",\"potentialAction\":[{\"@type\":\"SearchAction\",\"target\":{\"@type\":\"EntryPoint\",\"urlTemplate\":\"https:\\\/\\\/www.parrinst.com\\\/de\\\/?s={search_term_string}\"},\"query-input\":{\"@type\":\"PropertyValueSpecification\",\"valueRequired\":true,\"valueName\":\"search_term_string\"}}],\"inLanguage\":\"en-US\"}]}<\/script>\n<!-- \/ Yoast SEO plugin. -->","yoast_head_json":{"title":"Serie 5000 Mehrfachreaktorsystem - Parr Instrument GmbH","robots":{"index":"index","follow":"follow","max-snippet":"max-snippet:-1","max-image-preview":"max-image-preview:large","max-video-preview":"max-video-preview:-1"},"canonical":"https:\/\/www.parrinst.com\/de\/products\/multi-reactor-systems\/series-5000-multiple-reactor-system\/","og_locale":"en_US","og_type":"article","og_title":"Serie 5000 Mehrfachreaktorsystem - Parr Instrument GmbH","og_description":"Das Mehrfachreaktorsystem der Serie 5000 von Parr ist ein Komplettsystem f\u00fcr die kombinatorische Chemie und Katalyse, das unter Anwendung der Hochdurchsatzprinzipien f\u00fcr Reaktionen bei \u00a0Versuchen mit erh\u00f6hten Temperaturen und Dr\u00fccken entwickelt wurde. Die wichtigsten Merkmale des 5000 Systems sind: Sechs Reaktoren mit Innenr\u00fchrung. Arbeitsdr\u00fccke bis 200 bar (3000 psi). Arbeitstemperaturen bis 300\u00b0C. Individuelle Temperaturregelung. Kontinuierliche [&hellip;]","og_url":"https:\/\/www.parrinst.com\/de\/products\/multi-reactor-systems\/series-5000-multiple-reactor-system\/","og_site_name":"Parr Instrument GmbH","article_modified_time":"2021-01-13T14:34:37+00:00","og_image":[{"width":2200,"height":399,"url":"https:\/\/www.parrinst.com\/de\/files\/2018\/01\/parr_banner_multi_secondary.jpg","type":"image\/jpeg"}],"twitter_card":"summary_large_image","twitter_misc":{"Est. reading time":"6 minutes"},"schema":{"@context":"https:\/\/schema.org","@graph":[{"@type":"WebPage","@id":"https:\/\/www.parrinst.com\/de\/products\/multi-reactor-systems\/series-5000-multiple-reactor-system\/","url":"https:\/\/www.parrinst.com\/de\/products\/multi-reactor-systems\/series-5000-multiple-reactor-system\/","name":"Serie 5000 Mehrfachreaktorsystem - Parr Instrument GmbH","isPartOf":{"@id":"https:\/\/www.parrinst.com\/de\/#website"},"primaryImageOfPage":{"@id":"https:\/\/www.parrinst.com\/de\/products\/multi-reactor-systems\/series-5000-multiple-reactor-system\/#primaryimage"},"image":{"@id":"https:\/\/www.parrinst.com\/de\/products\/multi-reactor-systems\/series-5000-multiple-reactor-system\/#primaryimage"},"thumbnailUrl":"https:\/\/i0.wp.com\/www.parrinst.com\/de\/wp-content\/uploads\/sites\/6\/2018\/01\/parr_banner_multi_secondary.jpg?fit=2200%2C399&ssl=1","datePublished":"2011-03-11T01:16:39+00:00","dateModified":"2021-01-13T14:34:37+00:00","breadcrumb":{"@id":"https:\/\/www.parrinst.com\/de\/products\/multi-reactor-systems\/series-5000-multiple-reactor-system\/#breadcrumb"},"inLanguage":"en-US","potentialAction":[{"@type":"ReadAction","target":["https:\/\/www.parrinst.com\/de\/products\/multi-reactor-systems\/series-5000-multiple-reactor-system\/"]}]},{"@type":"ImageObject","inLanguage":"en-US","@id":"https:\/\/www.parrinst.com\/de\/products\/multi-reactor-systems\/series-5000-multiple-reactor-system\/#primaryimage","url":"https:\/\/i0.wp.com\/www.parrinst.com\/de\/wp-content\/uploads\/sites\/6\/2018\/01\/parr_banner_multi_secondary.jpg?fit=2200%2C399&ssl=1","contentUrl":"https:\/\/i0.wp.com\/www.parrinst.com\/de\/wp-content\/uploads\/sites\/6\/2018\/01\/parr_banner_multi_secondary.jpg?fit=2200%2C399&ssl=1","width":2200,"height":399},{"@type":"BreadcrumbList","@id":"https:\/\/www.parrinst.com\/de\/products\/multi-reactor-systems\/series-5000-multiple-reactor-system\/#breadcrumb","itemListElement":[{"@type":"ListItem","position":1,"name":"Home","item":"https:\/\/www.parrinst.com\/de\/"},{"@type":"ListItem","position":2,"name":"Products","item":"https:\/\/www.parrinst.com\/de\/products\/"},{"@type":"ListItem","position":3,"name":"Mehrfachreaktorsysteme","item":"https:\/\/www.parrinst.com\/de\/products\/multi-reactor-systems\/"},{"@type":"ListItem","position":4,"name":"Serie 5000 Mehrfachreaktorsystem"}]},{"@type":"WebSite","@id":"https:\/\/www.parrinst.com\/de\/#website","url":"https:\/\/www.parrinst.com\/de\/","name":"Parr Instrument GmbH","description":"","potentialAction":[{"@type":"SearchAction","target":{"@type":"EntryPoint","urlTemplate":"https:\/\/www.parrinst.com\/de\/?s={search_term_string}"},"query-input":{"@type":"PropertyValueSpecification","valueRequired":true,"valueName":"search_term_string"}}],"inLanguage":"en-US"}]}},"jetpack_sharing_enabled":true,"_links":{"self":[{"href":"https:\/\/www.parrinst.com\/de\/wp-json\/wp\/v2\/pages\/230","targetHints":{"allow":["GET"]}}],"collection":[{"href":"https:\/\/www.parrinst.com\/de\/wp-json\/wp\/v2\/pages"}],"about":[{"href":"https:\/\/www.parrinst.com\/de\/wp-json\/wp\/v2\/types\/page"}],"author":[{"embeddable":true,"href":"https:\/\/www.parrinst.com\/de\/wp-json\/wp\/v2\/users\/1"}],"replies":[{"embeddable":true,"href":"https:\/\/www.parrinst.com\/de\/wp-json\/wp\/v2\/comments?post=230"}],"version-history":[{"count":9,"href":"https:\/\/www.parrinst.com\/de\/wp-json\/wp\/v2\/pages\/230\/revisions"}],"predecessor-version":[{"id":40664,"href":"https:\/\/www.parrinst.com\/de\/wp-json\/wp\/v2\/pages\/230\/revisions\/40664"}],"up":[{"embeddable":true,"href":"https:\/\/www.parrinst.com\/de\/wp-json\/wp\/v2\/pages\/11596"}],"wp:featuredmedia":[{"embeddable":true,"href":"https:\/\/www.parrinst.com\/de\/wp-json\/wp\/v2\/media\/36913"}],"wp:attachment":[{"href":"https:\/\/www.parrinst.com\/de\/wp-json\/wp\/v2\/media?parent=230"}],"curies":[{"name":"wp","href":"https:\/\/api.w.org\/{rel}","templated":true}]}}