{"id":242,"date":"2011-03-10T19:21:39","date_gmt":"2011-03-11T01:21:39","guid":{"rendered":"https:\/\/www.parrinst.com\/?page_id=242"},"modified":"2024-11-19T09:37:51","modified_gmt":"2024-11-19T15:37:51","slug":"fluidized-bed-reactors","status":"publish","type":"page","link":"https:\/\/www.parrinst.com\/de\/products\/tubular-reactor-systems\/fluidized-bed-reactors\/","title":{"rendered":"5410 Wirbelschichtreaktoren"},"content":{"rendered":"\n\t\t\t<div id='242-1' class='gallery gallery-242 gallery-columns-2 gallery-size-medium' itemscope itemtype='http:\/\/schema.org\/ImageGallery'>\n\t\t\t\t<div class='gallery-row gallery-col-2 gallery-clear'>\n\t\t\t\t\t<figure class='gallery-item col-2' itemprop='associatedMedia' itemscope itemtype='http:\/\/schema.org\/ImageObject'>\n\t\t\t\t\t\t<div class='gallery-icon portrait'><a href=\"https:\/\/i0.wp.com\/www.parrinst.com\/de\/wp-content\/uploads\/sites\/6\/2023\/02\/Fluidized-Bed_1220918821Open-no-lid.jpg?ssl=1\" itemprop=\"contentURL\"><img loading=\"lazy\" decoding=\"async\" width=\"214\" height=\"300\" src=\"https:\/\/i0.wp.com\/www.parrinst.com\/de\/wp-content\/uploads\/sites\/6\/2023\/02\/Fluidized-Bed_1220918821Open-no-lid.jpg?fit=214%2C300&amp;ssl=1\" class=\"attachment-medium size-medium\" alt=\"Wirbelschichtreaktor mit 3-Zonen Keramikheizung, Zyklonabscheider, gek\u00fchltem Kondensator und Sammelbeh\u00e4lter f\u00fcr das Produkt.\" srcset=\"https:\/\/i0.wp.com\/www.parrinst.com\/de\/wp-content\/uploads\/sites\/6\/2023\/02\/Fluidized-Bed_1220918821Open-no-lid.jpg?w=1500&amp;ssl=1 1500w, https:\/\/i0.wp.com\/www.parrinst.com\/de\/wp-content\/uploads\/sites\/6\/2023\/02\/Fluidized-Bed_1220918821Open-no-lid.jpg?resize=214%2C300&amp;ssl=1 214w, https:\/\/i0.wp.com\/www.parrinst.com\/de\/wp-content\/uploads\/sites\/6\/2023\/02\/Fluidized-Bed_1220918821Open-no-lid.jpg?resize=731%2C1024&amp;ssl=1 731w, https:\/\/i0.wp.com\/www.parrinst.com\/de\/wp-content\/uploads\/sites\/6\/2023\/02\/Fluidized-Bed_1220918821Open-no-lid.jpg?resize=107%2C150&amp;ssl=1 107w, https:\/\/i0.wp.com\/www.parrinst.com\/de\/wp-content\/uploads\/sites\/6\/2023\/02\/Fluidized-Bed_1220918821Open-no-lid.jpg?resize=1097%2C1536&amp;ssl=1 1097w, https:\/\/i0.wp.com\/www.parrinst.com\/de\/wp-content\/uploads\/sites\/6\/2023\/02\/Fluidized-Bed_1220918821Open-no-lid.jpg?resize=1463%2C2048&amp;ssl=1 1463w, https:\/\/i0.wp.com\/www.parrinst.com\/de\/wp-content\/uploads\/sites\/6\/2023\/02\/Fluidized-Bed_1220918821Open-no-lid.jpg?w=1280&amp;ssl=1 1280w\" sizes=\"auto, (max-width: 214px) 100vw, 214px\" itemprop=\"thumbnail\" \/><\/a><\/div>\n\t\t\t\t\t<\/figure>\n\t\t\t\t\t<figure class='gallery-item col-2' itemprop='associatedMedia' itemscope itemtype='http:\/\/schema.org\/ImageObject'>\n\t\t\t\t\t\t<div class='gallery-icon portrait'><a href=\"https:\/\/i0.wp.com\/www.parrinst.com\/de\/wp-content\/uploads\/sites\/6\/2019\/07\/Fluidized-Bed-open-without-cyclone-heater_918083PI2_3976lr.jpg?ssl=1\" itemprop=\"contentURL\"><img loading=\"lazy\" decoding=\"async\" width=\"214\" height=\"300\" src=\"https:\/\/i0.wp.com\/www.parrinst.com\/de\/wp-content\/uploads\/sites\/6\/2019\/07\/Fluidized-Bed-open-without-cyclone-heater_918083PI2_3976lr.jpg?fit=214%2C300&amp;ssl=1\" class=\"attachment-medium size-medium\" alt=\"Wirbelschichtreaktor mit 3-Zonen Keramikheizung, Zyklonabscheider, gek\u00fchltem Kondensator und Sammelbeh\u00e4lter f\u00fcr das Produkt.\" srcset=\"https:\/\/i0.wp.com\/www.parrinst.com\/de\/wp-content\/uploads\/sites\/6\/2019\/07\/Fluidized-Bed-open-without-cyclone-heater_918083PI2_3976lr.jpg?w=600&amp;ssl=1 600w, https:\/\/i0.wp.com\/www.parrinst.com\/de\/wp-content\/uploads\/sites\/6\/2019\/07\/Fluidized-Bed-open-without-cyclone-heater_918083PI2_3976lr.jpg?resize=107%2C150&amp;ssl=1 107w, https:\/\/i0.wp.com\/www.parrinst.com\/de\/wp-content\/uploads\/sites\/6\/2019\/07\/Fluidized-Bed-open-without-cyclone-heater_918083PI2_3976lr.jpg?resize=214%2C300&amp;ssl=1 214w\" sizes=\"auto, (max-width: 214px) 100vw, 214px\" itemprop=\"thumbnail\" \/><\/a><\/div>\n\t\t\t\t\t<\/figure>\n\t\t\t\t<\/div>\n\t\t\t\t<div class='gallery-row gallery-col-2 gallery-clear'>\n\t\t\t\t\t<figure class='gallery-item col-2' itemprop='associatedMedia' itemscope itemtype='http:\/\/schema.org\/ImageObject'>\n\t\t\t\t\t\t<div class='gallery-icon portrait'><a href=\"https:\/\/i0.wp.com\/www.parrinst.com\/de\/wp-content\/uploads\/sites\/6\/2011\/03\/FluidizedBedPID_3072.jpg?ssl=1\" itemprop=\"contentURL\"><img loading=\"lazy\" decoding=\"async\" width=\"214\" height=\"300\" src=\"https:\/\/i0.wp.com\/www.parrinst.com\/de\/wp-content\/uploads\/sites\/6\/2011\/03\/FluidizedBedPID_3072.jpg?fit=214%2C300&amp;ssl=1\" class=\"attachment-medium size-medium\" alt=\"Wirbelschichtreaktor mit Zyklonabscheider, zwei Gaszuf\u00fchrungen mit automatischen Absperrventil, automatischer Druckregelung und Prozess Kontroller Typ 4871 (nicht dargestellt).\" srcset=\"https:\/\/i0.wp.com\/www.parrinst.com\/de\/wp-content\/uploads\/sites\/6\/2011\/03\/FluidizedBedPID_3072.jpg?w=600&amp;ssl=1 600w, https:\/\/i0.wp.com\/www.parrinst.com\/de\/wp-content\/uploads\/sites\/6\/2011\/03\/FluidizedBedPID_3072.jpg?resize=107%2C150&amp;ssl=1 107w, https:\/\/i0.wp.com\/www.parrinst.com\/de\/wp-content\/uploads\/sites\/6\/2011\/03\/FluidizedBedPID_3072.jpg?resize=214%2C300&amp;ssl=1 214w\" sizes=\"auto, (max-width: 214px) 100vw, 214px\" itemprop=\"thumbnail\" \/><\/a><\/div>\n\t\t\t\t\t<\/figure>\n\t\t\t\t\t<figure class='gallery-item col-2' itemprop='associatedMedia' itemscope itemtype='http:\/\/schema.org\/ImageObject'>\n\t\t\t\t\t\t<div class='gallery-icon portrait'><a href=\"https:\/\/i0.wp.com\/www.parrinst.com\/de\/wp-content\/uploads\/sites\/6\/2011\/06\/Fluidized-Bed-Tubular_heater-off.jpg?ssl=1\" itemprop=\"contentURL\"><img loading=\"lazy\" decoding=\"async\" width=\"256\" height=\"300\" src=\"https:\/\/i0.wp.com\/www.parrinst.com\/de\/wp-content\/uploads\/sites\/6\/2011\/06\/Fluidized-Bed-Tubular_heater-off.jpg?fit=256%2C300&amp;ssl=1\" class=\"attachment-medium size-medium\" alt=\"Wirbelschichtreaktor ohne flexible Mantelheizung\" srcset=\"https:\/\/i0.wp.com\/www.parrinst.com\/de\/wp-content\/uploads\/sites\/6\/2011\/06\/Fluidized-Bed-Tubular_heater-off.jpg?w=600&amp;ssl=1 600w, https:\/\/i0.wp.com\/www.parrinst.com\/de\/wp-content\/uploads\/sites\/6\/2011\/06\/Fluidized-Bed-Tubular_heater-off.jpg?resize=128%2C150&amp;ssl=1 128w, https:\/\/i0.wp.com\/www.parrinst.com\/de\/wp-content\/uploads\/sites\/6\/2011\/06\/Fluidized-Bed-Tubular_heater-off.jpg?resize=256%2C300&amp;ssl=1 256w\" sizes=\"auto, (max-width: 256px) 100vw, 256px\" itemprop=\"thumbnail\" \/><\/a><\/div>\n\t\t\t\t\t<\/figure>\n\t\t\t\t<\/div>\n\t\t\t\t<div class='gallery-row gallery-col-2 gallery-clear'>\n\t\t\t\t\t<figure class='gallery-item col-2' itemprop='associatedMedia' itemscope itemtype='http:\/\/schema.org\/ImageObject'>\n\t\t\t\t\t\t<div class='gallery-icon portrait'><a href=\"https:\/\/i0.wp.com\/www.parrinst.com\/de\/wp-content\/uploads\/sites\/6\/2011\/06\/Fluidized-Bed-Tubular_heater-on.jpg?ssl=1\" itemprop=\"contentURL\"><img loading=\"lazy\" decoding=\"async\" width=\"254\" height=\"300\" src=\"https:\/\/i0.wp.com\/www.parrinst.com\/de\/wp-content\/uploads\/sites\/6\/2011\/06\/Fluidized-Bed-Tubular_heater-on.jpg?fit=254%2C300&amp;ssl=1\" class=\"attachment-medium size-medium\" alt=\"Wirbelschichtreaktor mit montierter flexibler Mantelheizung\" srcset=\"https:\/\/i0.wp.com\/www.parrinst.com\/de\/wp-content\/uploads\/sites\/6\/2011\/06\/Fluidized-Bed-Tubular_heater-on.jpg?w=600&amp;ssl=1 600w, https:\/\/i0.wp.com\/www.parrinst.com\/de\/wp-content\/uploads\/sites\/6\/2011\/06\/Fluidized-Bed-Tubular_heater-on.jpg?resize=127%2C150&amp;ssl=1 127w, https:\/\/i0.wp.com\/www.parrinst.com\/de\/wp-content\/uploads\/sites\/6\/2011\/06\/Fluidized-Bed-Tubular_heater-on.jpg?resize=254%2C300&amp;ssl=1 254w\" sizes=\"auto, (max-width: 254px) 100vw, 254px\" itemprop=\"thumbnail\" \/><\/a><\/div>\n\t\t\t\t\t<\/figure>\n\t\t\t<\/div>\n\t\t\t<\/div><!-- .gallery -->\n\n<h3>Wirbelschichtreaktoren<\/h3>\n<p><strong>Die Wirbelschichtreaktoren von Parr werden in gro\u00dfem Umfang in der chemischen Industrie eingesetzt.<\/strong> Das charakteristische Merkmal des Wirbelschichtreaktors ist ein nach oben gerichteter Gasstrom, der das Festbett und die katalytischen Komponenten vermischt. Dieser Reaktor kann so gestaltet werden, dass er ein leichtes Beladen und Entladen des Katalysators erm\u00f6glicht. Dies bietet Vorteile, wenn das Feststoffbett h\u00e4ufig entfernt und ersetzt werden muss oder es sich bei dem Produkt um einen Sch\u00fcttk\u00f6rper handelt. Mit diesem Reaktortyp ist ein hoher Umsatz bei hohem Durchsatz m\u00f6glich. Solche Reaktoren k\u00f6nnen so konfiguriert werden, dass sie eine hervorragende W\u00e4rme\u00fcbertragung und einen hervorragenden Gas\/Partikel-Kontakt bereitstellen.<\/p>\n<p>Wirbelschichtreaktoren werden in chemischen Prozessen eingesetzt, bei denen Diffusion und W\u00e4rmeleitung die Hauptparameter sind.<\/p>\n<p>Im Vergleich zu einem Festbett kann ein Wirbelbett eine bessere Temperaturkontrolle, die Eliminierung hei\u00dfer Stellen im Bett, eine gleichm\u00e4\u00dfige Katalysatorverteilung und eine l\u00e4ngere Lebensdauer des Katalysators erm\u00f6glichen. Sie werden auch dort eingesetzt, wo ein Edukt oder Produkt ein Sch\u00fcttgut ist.<\/p>\n<p>Nahezu alle sinnvollen industriellen Anwendungen der Wirbelschichtreaktortechnologie beinhalten ein Gas-Feststoff-System. Die Verwendung von Wirbelbettreaktoren schlie\u00dft Gas-Feststoff-Reaktionen, Fischer-Tropsch-Synthese, katalytisches Kohlenwasserstoffcracken ein und ist dem Cracken von Erd\u00f6l mit hohem Molekulargewicht \u00e4hnlich, aber nicht darauf beschr\u00e4nkt. Die Wirbelschichtvergasung kann verwendet werden, um Kohle, Biomasse und andere Abfallstoffe in Synthesegas umzuwandeln.<\/p>\n","protected":false},"excerpt":{"rendered":"<p>Wirbelschichtreaktoren Die Wirbelschichtreaktoren von Parr werden in gro\u00dfem Umfang in der chemischen Industrie eingesetzt. Das charakteristische Merkmal des Wirbelschichtreaktors ist ein nach oben gerichteter Gasstrom, der das Festbett und die katalytischen Komponenten vermischt. Dieser Reaktor kann so gestaltet werden, dass er ein leichtes Beladen und Entladen des Katalysators erm\u00f6glicht. Dies bietet Vorteile, wenn das Feststoffbett [&hellip;]<\/p>\n","protected":false},"author":2,"featured_media":37710,"parent":11594,"menu_order":80,"comment_status":"closed","ping_status":"closed","template":"product-wide.php","meta":{"_acf_changed":false,"footnotes":"","_links_to":"","_links_to_target":""},"class_list":["post-242","page","type-page","status-publish","has-post-thumbnail","hentry"],"acf":[],"yoast_head":"<!-- This site is optimized with the Yoast SEO plugin v27.4 - https:\/\/yoast.com\/product\/yoast-seo-wordpress\/ -->\n<title>5410 Wirbelschichtreaktoren - Parr Instrument GmbH<\/title>\n<meta name=\"robots\" content=\"index, follow, max-snippet:-1, max-image-preview:large, max-video-preview:-1\" \/>\n<link rel=\"canonical\" href=\"https:\/\/www.parrinst.com\/de\/products\/tubular-reactor-systems\/fluidized-bed-reactors\/\" \/>\n<meta property=\"og:locale\" content=\"en_US\" \/>\n<meta property=\"og:type\" content=\"article\" \/>\n<meta property=\"og:title\" content=\"5410 Wirbelschichtreaktoren - Parr Instrument GmbH\" \/>\n<meta property=\"og:description\" content=\"Wirbelschichtreaktoren Die Wirbelschichtreaktoren von Parr werden in gro\u00dfem Umfang in der chemischen Industrie eingesetzt. Das charakteristische Merkmal des Wirbelschichtreaktors ist ein nach oben gerichteter Gasstrom, der das Festbett und die katalytischen Komponenten vermischt. Dieser Reaktor kann so gestaltet werden, dass er ein leichtes Beladen und Entladen des Katalysators erm\u00f6glicht. Dies bietet Vorteile, wenn das Feststoffbett [&hellip;]\" \/>\n<meta property=\"og:url\" content=\"https:\/\/www.parrinst.com\/de\/products\/tubular-reactor-systems\/fluidized-bed-reactors\/\" \/>\n<meta property=\"og:site_name\" content=\"Parr Instrument GmbH\" \/>\n<meta property=\"article:modified_time\" content=\"2024-11-19T15:37:51+00:00\" \/>\n<meta property=\"og:image\" content=\"https:\/\/www.parrinst.com\/de\/files\/2018\/01\/parr_banner_tubular_secondary.jpg\" \/>\n\t<meta property=\"og:image:width\" content=\"2200\" \/>\n\t<meta property=\"og:image:height\" content=\"399\" \/>\n\t<meta property=\"og:image:type\" content=\"image\/jpeg\" \/>\n<meta name=\"twitter:card\" content=\"summary_large_image\" \/>\n<meta name=\"twitter:label1\" content=\"Est. reading time\" \/>\n\t<meta name=\"twitter:data1\" content=\"2 minutes\" \/>\n<script type=\"application\/ld+json\" class=\"yoast-schema-graph\">{\"@context\":\"https:\\\/\\\/schema.org\",\"@graph\":[{\"@type\":\"WebPage\",\"@id\":\"https:\\\/\\\/www.parrinst.com\\\/de\\\/products\\\/tubular-reactor-systems\\\/fluidized-bed-reactors\\\/\",\"url\":\"https:\\\/\\\/www.parrinst.com\\\/de\\\/products\\\/tubular-reactor-systems\\\/fluidized-bed-reactors\\\/\",\"name\":\"5410 Wirbelschichtreaktoren - Parr Instrument GmbH\",\"isPartOf\":{\"@id\":\"https:\\\/\\\/www.parrinst.com\\\/de\\\/#website\"},\"primaryImageOfPage\":{\"@id\":\"https:\\\/\\\/www.parrinst.com\\\/de\\\/products\\\/tubular-reactor-systems\\\/fluidized-bed-reactors\\\/#primaryimage\"},\"image\":{\"@id\":\"https:\\\/\\\/www.parrinst.com\\\/de\\\/products\\\/tubular-reactor-systems\\\/fluidized-bed-reactors\\\/#primaryimage\"},\"thumbnailUrl\":\"https:\\\/\\\/i0.wp.com\\\/www.parrinst.com\\\/de\\\/wp-content\\\/uploads\\\/sites\\\/6\\\/2018\\\/01\\\/parr_banner_tubular_secondary.jpg?fit=2200%2C399&ssl=1\",\"datePublished\":\"2011-03-11T01:21:39+00:00\",\"dateModified\":\"2024-11-19T15:37:51+00:00\",\"breadcrumb\":{\"@id\":\"https:\\\/\\\/www.parrinst.com\\\/de\\\/products\\\/tubular-reactor-systems\\\/fluidized-bed-reactors\\\/#breadcrumb\"},\"inLanguage\":\"en-US\",\"potentialAction\":[{\"@type\":\"ReadAction\",\"target\":[\"https:\\\/\\\/www.parrinst.com\\\/de\\\/products\\\/tubular-reactor-systems\\\/fluidized-bed-reactors\\\/\"]}]},{\"@type\":\"ImageObject\",\"inLanguage\":\"en-US\",\"@id\":\"https:\\\/\\\/www.parrinst.com\\\/de\\\/products\\\/tubular-reactor-systems\\\/fluidized-bed-reactors\\\/#primaryimage\",\"url\":\"https:\\\/\\\/i0.wp.com\\\/www.parrinst.com\\\/de\\\/wp-content\\\/uploads\\\/sites\\\/6\\\/2018\\\/01\\\/parr_banner_tubular_secondary.jpg?fit=2200%2C399&ssl=1\",\"contentUrl\":\"https:\\\/\\\/i0.wp.com\\\/www.parrinst.com\\\/de\\\/wp-content\\\/uploads\\\/sites\\\/6\\\/2018\\\/01\\\/parr_banner_tubular_secondary.jpg?fit=2200%2C399&ssl=1\",\"width\":2200,\"height\":399},{\"@type\":\"BreadcrumbList\",\"@id\":\"https:\\\/\\\/www.parrinst.com\\\/de\\\/products\\\/tubular-reactor-systems\\\/fluidized-bed-reactors\\\/#breadcrumb\",\"itemListElement\":[{\"@type\":\"ListItem\",\"position\":1,\"name\":\"Home\",\"item\":\"https:\\\/\\\/www.parrinst.com\\\/de\\\/\"},{\"@type\":\"ListItem\",\"position\":2,\"name\":\"Products\",\"item\":\"https:\\\/\\\/www.parrinst.com\\\/de\\\/products\\\/\"},{\"@type\":\"ListItem\",\"position\":3,\"name\":\"Tubular Reactor Systems\",\"item\":\"https:\\\/\\\/www.parrinst.com\\\/de\\\/products\\\/tubular-reactor-systems\\\/\"},{\"@type\":\"ListItem\",\"position\":4,\"name\":\"5410 Wirbelschichtreaktoren\"}]},{\"@type\":\"WebSite\",\"@id\":\"https:\\\/\\\/www.parrinst.com\\\/de\\\/#website\",\"url\":\"https:\\\/\\\/www.parrinst.com\\\/de\\\/\",\"name\":\"Parr Instrument GmbH\",\"description\":\"\",\"potentialAction\":[{\"@type\":\"SearchAction\",\"target\":{\"@type\":\"EntryPoint\",\"urlTemplate\":\"https:\\\/\\\/www.parrinst.com\\\/de\\\/?s={search_term_string}\"},\"query-input\":{\"@type\":\"PropertyValueSpecification\",\"valueRequired\":true,\"valueName\":\"search_term_string\"}}],\"inLanguage\":\"en-US\"}]}<\/script>\n<!-- \/ Yoast SEO plugin. -->","yoast_head_json":{"title":"5410 Wirbelschichtreaktoren - Parr Instrument GmbH","robots":{"index":"index","follow":"follow","max-snippet":"max-snippet:-1","max-image-preview":"max-image-preview:large","max-video-preview":"max-video-preview:-1"},"canonical":"https:\/\/www.parrinst.com\/de\/products\/tubular-reactor-systems\/fluidized-bed-reactors\/","og_locale":"en_US","og_type":"article","og_title":"5410 Wirbelschichtreaktoren - Parr Instrument GmbH","og_description":"Wirbelschichtreaktoren Die Wirbelschichtreaktoren von Parr werden in gro\u00dfem Umfang in der chemischen Industrie eingesetzt. Das charakteristische Merkmal des Wirbelschichtreaktors ist ein nach oben gerichteter Gasstrom, der das Festbett und die katalytischen Komponenten vermischt. Dieser Reaktor kann so gestaltet werden, dass er ein leichtes Beladen und Entladen des Katalysators erm\u00f6glicht. Dies bietet Vorteile, wenn das Feststoffbett [&hellip;]","og_url":"https:\/\/www.parrinst.com\/de\/products\/tubular-reactor-systems\/fluidized-bed-reactors\/","og_site_name":"Parr Instrument GmbH","article_modified_time":"2024-11-19T15:37:51+00:00","og_image":[{"width":2200,"height":399,"url":"https:\/\/www.parrinst.com\/de\/files\/2018\/01\/parr_banner_tubular_secondary.jpg","type":"image\/jpeg"}],"twitter_card":"summary_large_image","twitter_misc":{"Est. reading time":"2 minutes"},"schema":{"@context":"https:\/\/schema.org","@graph":[{"@type":"WebPage","@id":"https:\/\/www.parrinst.com\/de\/products\/tubular-reactor-systems\/fluidized-bed-reactors\/","url":"https:\/\/www.parrinst.com\/de\/products\/tubular-reactor-systems\/fluidized-bed-reactors\/","name":"5410 Wirbelschichtreaktoren - Parr Instrument GmbH","isPartOf":{"@id":"https:\/\/www.parrinst.com\/de\/#website"},"primaryImageOfPage":{"@id":"https:\/\/www.parrinst.com\/de\/products\/tubular-reactor-systems\/fluidized-bed-reactors\/#primaryimage"},"image":{"@id":"https:\/\/www.parrinst.com\/de\/products\/tubular-reactor-systems\/fluidized-bed-reactors\/#primaryimage"},"thumbnailUrl":"https:\/\/i0.wp.com\/www.parrinst.com\/de\/wp-content\/uploads\/sites\/6\/2018\/01\/parr_banner_tubular_secondary.jpg?fit=2200%2C399&ssl=1","datePublished":"2011-03-11T01:21:39+00:00","dateModified":"2024-11-19T15:37:51+00:00","breadcrumb":{"@id":"https:\/\/www.parrinst.com\/de\/products\/tubular-reactor-systems\/fluidized-bed-reactors\/#breadcrumb"},"inLanguage":"en-US","potentialAction":[{"@type":"ReadAction","target":["https:\/\/www.parrinst.com\/de\/products\/tubular-reactor-systems\/fluidized-bed-reactors\/"]}]},{"@type":"ImageObject","inLanguage":"en-US","@id":"https:\/\/www.parrinst.com\/de\/products\/tubular-reactor-systems\/fluidized-bed-reactors\/#primaryimage","url":"https:\/\/i0.wp.com\/www.parrinst.com\/de\/wp-content\/uploads\/sites\/6\/2018\/01\/parr_banner_tubular_secondary.jpg?fit=2200%2C399&ssl=1","contentUrl":"https:\/\/i0.wp.com\/www.parrinst.com\/de\/wp-content\/uploads\/sites\/6\/2018\/01\/parr_banner_tubular_secondary.jpg?fit=2200%2C399&ssl=1","width":2200,"height":399},{"@type":"BreadcrumbList","@id":"https:\/\/www.parrinst.com\/de\/products\/tubular-reactor-systems\/fluidized-bed-reactors\/#breadcrumb","itemListElement":[{"@type":"ListItem","position":1,"name":"Home","item":"https:\/\/www.parrinst.com\/de\/"},{"@type":"ListItem","position":2,"name":"Products","item":"https:\/\/www.parrinst.com\/de\/products\/"},{"@type":"ListItem","position":3,"name":"Tubular Reactor Systems","item":"https:\/\/www.parrinst.com\/de\/products\/tubular-reactor-systems\/"},{"@type":"ListItem","position":4,"name":"5410 Wirbelschichtreaktoren"}]},{"@type":"WebSite","@id":"https:\/\/www.parrinst.com\/de\/#website","url":"https:\/\/www.parrinst.com\/de\/","name":"Parr Instrument GmbH","description":"","potentialAction":[{"@type":"SearchAction","target":{"@type":"EntryPoint","urlTemplate":"https:\/\/www.parrinst.com\/de\/?s={search_term_string}"},"query-input":{"@type":"PropertyValueSpecification","valueRequired":true,"valueName":"search_term_string"}}],"inLanguage":"en-US"}]}},"jetpack_sharing_enabled":true,"_links":{"self":[{"href":"https:\/\/www.parrinst.com\/de\/wp-json\/wp\/v2\/pages\/242","targetHints":{"allow":["GET"]}}],"collection":[{"href":"https:\/\/www.parrinst.com\/de\/wp-json\/wp\/v2\/pages"}],"about":[{"href":"https:\/\/www.parrinst.com\/de\/wp-json\/wp\/v2\/types\/page"}],"author":[{"embeddable":true,"href":"https:\/\/www.parrinst.com\/de\/wp-json\/wp\/v2\/users\/2"}],"replies":[{"embeddable":true,"href":"https:\/\/www.parrinst.com\/de\/wp-json\/wp\/v2\/comments?post=242"}],"version-history":[{"count":10,"href":"https:\/\/www.parrinst.com\/de\/wp-json\/wp\/v2\/pages\/242\/revisions"}],"predecessor-version":[{"id":41535,"href":"https:\/\/www.parrinst.com\/de\/wp-json\/wp\/v2\/pages\/242\/revisions\/41535"}],"up":[{"embeddable":true,"href":"https:\/\/www.parrinst.com\/de\/wp-json\/wp\/v2\/pages\/11594"}],"wp:featuredmedia":[{"embeddable":true,"href":"https:\/\/www.parrinst.com\/de\/wp-json\/wp\/v2\/media\/37710"}],"wp:attachment":[{"href":"https:\/\/www.parrinst.com\/de\/wp-json\/wp\/v2\/media?parent=242"}],"curies":[{"name":"wp","href":"https:\/\/api.w.org\/{rel}","templated":true}]}}