{"id":254,"date":"2011-03-10T19:27:22","date_gmt":"2011-03-11T01:27:22","guid":{"rendered":"https:\/\/www.parrinst.com\/?page_id=254"},"modified":"2013-05-27T15:27:52","modified_gmt":"2013-05-27T13:27:52","slug":"6400-automatic-isoperibol-calorimeter","status":"publish","type":"page","link":"https:\/\/www.parrinst.com\/de\/products\/oxygen-bomb-calorimeters\/6400-automatic-isoperibol-calorimeter\/","title":{"rendered":"6400 Automatisches Isoperiboles Verbrennungskalorimeter"},"content":{"rendered":"\n\t\t\t<div id='254-1' class='gallery gallery-254 gallery-columns-3 gallery-size-medium' itemscope itemtype='http:\/\/schema.org\/ImageGallery'>\n\t\t\t\t<div class='gallery-row gallery-col-3 gallery-clear'>\n\t\t\t\t\t<figure class='gallery-item col-3' itemprop='associatedMedia' itemscope itemtype='http:\/\/schema.org\/ImageObject'>\n\t\t\t\t\t\t<div class='gallery-icon landscape'><a href=\"https:\/\/i0.wp.com\/www.parrinst.com\/de\/wp-content\/uploads\/sites\/6\/2011\/06\/6400_closedPI3_0694web.jpg?ssl=1\" itemprop=\"contentURL\"><img loading=\"lazy\" decoding=\"async\" width=\"300\" height=\"300\" src=\"https:\/\/i0.wp.com\/www.parrinst.com\/de\/wp-content\/uploads\/sites\/6\/2011\/06\/6400_closedPI3_0694web.jpg?fit=300%2C300&amp;ssl=1\" class=\"attachment-medium size-medium\" alt=\"6400 Calorimeter\" srcset=\"https:\/\/i0.wp.com\/www.parrinst.com\/de\/wp-content\/uploads\/sites\/6\/2011\/06\/6400_closedPI3_0694web.jpg?w=600&amp;ssl=1 600w, https:\/\/i0.wp.com\/www.parrinst.com\/de\/wp-content\/uploads\/sites\/6\/2011\/06\/6400_closedPI3_0694web.jpg?resize=300%2C300&amp;ssl=1 300w, https:\/\/i0.wp.com\/www.parrinst.com\/de\/wp-content\/uploads\/sites\/6\/2011\/06\/6400_closedPI3_0694web.jpg?resize=150%2C150&amp;ssl=1 150w\" sizes=\"auto, (max-width: 300px) 100vw, 300px\" itemprop=\"thumbnail\" \/><\/a><\/div>\n\t\t\t\t\t<\/figure>\n\t\t\t\t\t<figure class='gallery-item col-3' itemprop='associatedMedia' itemscope itemtype='http:\/\/schema.org\/ImageObject'>\n\t\t\t\t\t\t<div class='gallery-icon landscape'><a href=\"https:\/\/i0.wp.com\/www.parrinst.com\/de\/wp-content\/uploads\/sites\/6\/2011\/06\/6400_OpenPI3_0695_web.jpg?ssl=1\" itemprop=\"contentURL\"><img loading=\"lazy\" decoding=\"async\" width=\"300\" height=\"300\" src=\"https:\/\/i0.wp.com\/www.parrinst.com\/de\/wp-content\/uploads\/sites\/6\/2011\/06\/6400_OpenPI3_0695_web.jpg?fit=300%2C300&amp;ssl=1\" class=\"attachment-medium size-medium\" alt=\"6400 Calorimeter with Open Lid\" srcset=\"https:\/\/i0.wp.com\/www.parrinst.com\/de\/wp-content\/uploads\/sites\/6\/2011\/06\/6400_OpenPI3_0695_web.jpg?w=600&amp;ssl=1 600w, https:\/\/i0.wp.com\/www.parrinst.com\/de\/wp-content\/uploads\/sites\/6\/2011\/06\/6400_OpenPI3_0695_web.jpg?resize=300%2C300&amp;ssl=1 300w, https:\/\/i0.wp.com\/www.parrinst.com\/de\/wp-content\/uploads\/sites\/6\/2011\/06\/6400_OpenPI3_0695_web.jpg?resize=150%2C150&amp;ssl=1 150w\" sizes=\"auto, (max-width: 300px) 100vw, 300px\" itemprop=\"thumbnail\" \/><\/a><\/div>\n\t\t\t\t\t<\/figure>\n\t\t\t\t\t<figure class='gallery-item col-3' itemprop='associatedMedia' itemscope itemtype='http:\/\/schema.org\/ImageObject'>\n\t\t\t\t\t\t<div class='gallery-icon portrait'><a href=\"https:\/\/i0.wp.com\/www.parrinst.com\/de\/wp-content\/uploads\/sites\/6\/2011\/03\/1138_07.jpg?ssl=1\" itemprop=\"contentURL\"><img loading=\"lazy\" decoding=\"async\" width=\"214\" height=\"300\" src=\"https:\/\/i0.wp.com\/www.parrinst.com\/de\/wp-content\/uploads\/sites\/6\/2011\/03\/1138_07.jpg?fit=214%2C300&amp;ssl=1\" class=\"attachment-medium size-medium\" alt=\"1138 Oxygen Combustion Bomb\" srcset=\"https:\/\/i0.wp.com\/www.parrinst.com\/de\/wp-content\/uploads\/sites\/6\/2011\/03\/1138_07.jpg?w=600&amp;ssl=1 600w, https:\/\/i0.wp.com\/www.parrinst.com\/de\/wp-content\/uploads\/sites\/6\/2011\/03\/1138_07.jpg?resize=107%2C150&amp;ssl=1 107w, https:\/\/i0.wp.com\/www.parrinst.com\/de\/wp-content\/uploads\/sites\/6\/2011\/03\/1138_07.jpg?resize=214%2C300&amp;ssl=1 214w\" sizes=\"auto, (max-width: 214px) 100vw, 214px\" itemprop=\"thumbnail\" \/><\/a><\/div>\n\t\t\t\t\t<\/figure>\n\t\t\t\t<\/div>\n\t\t\t\t<div class='gallery-row gallery-col-3 gallery-clear'>\n\t\t\t\t\t<figure class='gallery-item col-3' itemprop='associatedMedia' itemscope itemtype='http:\/\/schema.org\/ImageObject'>\n\t\t\t\t\t\t<div class='gallery-icon landscape'><a href=\"https:\/\/i0.wp.com\/www.parrinst.com\/de\/wp-content\/uploads\/sites\/6\/2011\/03\/Bomb-1-Control-Chart.png?ssl=1\" itemprop=\"contentURL\"><img loading=\"lazy\" decoding=\"async\" width=\"300\" height=\"225\" src=\"https:\/\/i0.wp.com\/www.parrinst.com\/de\/wp-content\/uploads\/sites\/6\/2011\/03\/Bomb-1-Control-Chart.png?fit=300%2C225&amp;ssl=1\" class=\"attachment-medium size-medium\" alt=\"\" srcset=\"https:\/\/i0.wp.com\/www.parrinst.com\/de\/wp-content\/uploads\/sites\/6\/2011\/03\/Bomb-1-Control-Chart.png?w=640&amp;ssl=1 640w, https:\/\/i0.wp.com\/www.parrinst.com\/de\/wp-content\/uploads\/sites\/6\/2011\/03\/Bomb-1-Control-Chart.png?resize=300%2C225&amp;ssl=1 300w\" sizes=\"auto, (max-width: 300px) 100vw, 300px\" itemprop=\"thumbnail\" \/><\/a><\/div>\n\t\t\t\t\t<\/figure>\n\t\t\t<\/div>\n\t\t\t<\/div><!-- .gallery -->\n\n<p><strong>Das automatische, isoperibole Kalorimeter 6400 <\/strong>repr\u00e4sentiert die n\u00e4chste Entwicklungsstufe der automatischen Kalorimeter von Parr. Das eigenst\u00e4ndige und kompakte Instrument verf\u00fcgt \u00fcber einen geschlossenen K\u00fchlkreislauf innerhalb des Kalorimeters. Das Subsystem verwendet eine thermoelektrische K\u00fchlung mit direktem Anschluss an einen 1 Liter Wassertank, welcher die K\u00fchlfl\u00fcssigkeit f\u00fcr das Kalorimeter bereitstellt. Eine externe Stickstoffflasche wird verwendet um das Kalorimeter mit Sp\u00fclwasser zu versorgen. Dieses Modell verf\u00fcgt \u00fcber eine feststehende Bombe und Kammer f\u00fcr eine automatische Bef\u00fcllung der Wasserbeh\u00e4lter und des Mantels, als auch eine automatische Bef\u00fcllung und Sp\u00fclung des Beh\u00e4lters. Die Bedienung des 6400 f\u00fcr einen Testlauf ben\u00f6tigt nur eine Minute, dadurch kann ein Techniker bis zu vier Kalorimeter simultan bedienen.<\/p>\n<hr \/>\n<h3>Konstruktionsmerkmale<\/h3>\n<h4>Parr Design: eingebaute Bombe und Wasserbeh\u00e4lter<\/h4>\n<p>Das automatische, isoperibole Kalorimeter 6400 verwendet eine eingebaute Bombe\/Wasserbeh\u00e4lter-Konstruktion, beide Teile werden w\u00e4hrend des normalen Betriebs, nicht aus dem Kalorimeter genommen. Dieses Konstruktionskonzept erm\u00f6glicht ein einzigartiges Ma\u00df an Automatisierung des gesamten Kalorimeters, nicht nur der Messwerterfassung und -auswertung. Das Ergebnis dieser Automatisierung spart durchschnittlich 5 Minuten Bedienzeit pro Testdurchlauf, gegen\u00fcber jedem Kalorimeter mit herausnehmbarer Bombe.<\/p>\n<h4>Sauerstoffbef\u00fcllung und -ablass<\/h4>\n<p>Die eingebaute Bombe\/Wasserbeh\u00e4lter Konstruktion erlaubt die Sauerstoffzufuhr bei Testbeginn durch den Bombenkopf. Die K\u00f6pfe dieser Bomben verf\u00fcgen \u00fcber ein R\u00fcckschlagventil, welches dynamisch schlie\u00dft sobald die Bombe unter Druck gesetzt wurde. Am Ende des Durchlaufs werden die Gase aus der Bombe automatisch abgelassen, w\u00e4hrend die Bombe auf die Anfangstemperatur abgek\u00fchlt wird.<\/p>\n<h4>Feststehende Wasserbeh\u00e4lter<\/h4>\n<p>Die Wasserbeh\u00e4lter dieses Kalorimeters wurde entwickelt um eine m\u00f6glichst gleichf\u00f6rmige Zirkulation \u00fcber die Oberfl\u00e4che des Druckbeh\u00e4lters zu erhalten. Das Design erlaubt die wiederholbare volumetrische Bef\u00fcllung des Wasserbeh\u00e4lters. Der Bombenkopfverschluss dichtet die Wasserbeh\u00e4lter gleichzeitig mit der Bombe ab. Dieses einzigartige Konzept minimiert den Wasserverbrauch f\u00fcr jeden Testdurchgang und bietet eine rasche, automatische und wiederholbare Bef\u00fcllung f\u00fcr jeden Test. Das aufgeheizt Wasser nach der Verbrennung wird automatisch im Anschluss an den Test aus der Kammer abgelassen und durch K\u00fchlwasser ersetzt, um die Bombe und die Wasserbeh\u00e4lter schnell auf die Ausgangstemperatur f\u00fcr den n\u00e4chsten Testdurchlauf herunter zu k\u00fchlen.<\/p>\n<h4>Feststehende Bombe<\/h4>\n<p>Das Kalorimeter 6400 verf\u00fcgt \u00fcber das patentierte Verschlusssystem der feststehenden Bomben von Parr. Diese Konstruktion erlaubt es dem Anwender den Kopf im Zylinder mit einer einfachen, leichten Drehung abzudichten und zu arretieren. Die Hauptdichtung der Bombe ist ein O-Ring mit minimiertem Verschlei\u00df durch Reibung um die Lebensdauer der Dichtung zu erh\u00f6hen. Nach dem Testdurchgang wird die Innenseite der Bombe gesp\u00fclt um die Verbrennungsprodukte aus der Bombe zu entfernen. Die Automatisierung des Waschdurchgangs eliminiert einen der langwierigsten und am meisten zeitraubenden Arbeiten, die bei einer herausnehmbaren Kalorimeterbombe manuell durchgef\u00fchrt werden m\u00fcssen. Neben dem Entfall der manuellen Reinigung verf\u00fcgt die Ausf\u00fchrung mit feststehender Bombe \u00fcber den Vorteil, dass der Waschprozess sofort begonnen werden kann, sobald die Endtemperatur bestimmt wurde. \u00dcblicherweise geschieht dies innerhalb von 4 bis 5 Minuten nachdem die Bombe gez\u00fcndet wurde. Dadurch wird ebenfalls die Zeit minimiert in der sich S\u00e4uren, die durch die Verbrennung entstehen k\u00f6nnen, an der Innenwand der Bombe ablagern k\u00f6nnen. Dies wiederum verbessert die Wartungsintervalle dieser Bomben gegen\u00fcber den herausnehmbaren Varianten.<\/p>\n<hr \/>\n<h3>Sauerstoffverbrennungsbombe 1138<\/h3>\n<p>Die Sauerstoffbombe 1138 ist die serienm\u00e4\u00dfige Bombe im Kalorimeter 6400. Die Sauerstoffbombe 1138 wurde neukonstruiert um h\u00f6here Belastungen w\u00e4hrend der Tests zu erlauben. Im Kopf ist eine O-Ring-Nut derart optimiert, dass Reibbeanspruchung minimiert und die Lebensdauer erh\u00f6ht wird. Der Bombenkopf ist abnehmbar und ist f\u00fcr einen schnellen Probenwechsel mit dem patentierten Quick Twist-Lock Verschlusssystem ausgestattet.<\/p>\n<p>Die Bombe wird aus Alloy 20 hergestellt; einem speziellem Niob-stabilisiertem Edelstahl mit hoher Best\u00e4ndigkeit gegen\u00fcber Mischungen aus Salpeter- und Schwefels\u00e4ure, die w\u00e4hrend des Verbrennungsprozesses entstehen. Die Variante 1138CL wird aus dem halogenresistentem Hastelloy G30\u2122 hergestellt. Hastelloy 30 ist eine Legierung mit gro\u00dfen Anteilen an Kobalt und Molybd\u00e4n und ist best\u00e4ndig gegen korrosive Effekte durch Salzs\u00e4ure und andere Halogens\u00e4uren, welche bei der Verbrennung von chlorhaltigen Proben entstehen. Obwohl keine Legierung vollkommen den korrosiven Gasen, die bei der Verbrennung von Proben mit Halogenbestandteilen entstehen widerstehen kann, empfehlen wir f\u00fcr Anwendungen mit solchen Materialproben die Bombe 1138CL.<\/p>\n<p>Diese Bomben haben ein Fassungsverm\u00f6gen von 250 ml und sind f\u00fcr einen Druck von 137 bar ausgelegt. Alle Bomben werden hydrostatisch bis 207 bar getestet und die Probengr\u00f6\u00dfe betr\u00e4gt zirka 1 g oder 5000 bis 8000 Kalorien (20 bis 33 kJ).<\/p>\n<h4>Kopf A1450DD<\/h4>\n<p>F\u00fcr Nutzer, die einen maximalen Durchsatz mit dem Kalorimeter 6400 anstreben, wird ein zweiter Kopf A1450DD f\u00fcr das Kalorimeter empfohlen. Dadurch kann die n\u00e4chste Probe komplett vorbereitet werden und sobald der laufende Test abgeschlossen ist, in die Bombe gebracht werden.<\/p>\n<h4>Kontrolldiagramme<a href=\"https:\/\/www.parrinst.com\/de\/products\/oxygen-bomb-calorimeters\/6400-automatic-isoperibol-calorimeter\/bomb-1-control-chart\/\" rel=\"attachment wp-att-7094\"><img data-recalc-dims=\"1\" loading=\"lazy\" decoding=\"async\" class=\"size-medium wp-image-7094 alignright\" alt=\"\" src=\"https:\/\/i0.wp.com\/www.parrinst.com\/de\/wp-content\/uploads\/sites\/6\/2011\/03\/Bomb-1-Control-Chart.png?resize=300%2C225&#038;ssl=1\" width=\"300\" height=\"225\" srcset=\"https:\/\/i0.wp.com\/www.parrinst.com\/de\/wp-content\/uploads\/sites\/6\/2011\/03\/Bomb-1-Control-Chart.png?resize=300%2C225&amp;ssl=1 300w, https:\/\/i0.wp.com\/www.parrinst.com\/de\/wp-content\/uploads\/sites\/6\/2011\/03\/Bomb-1-Control-Chart.png?w=640&amp;ssl=1 640w\" sizes=\"auto, (max-width: 300px) 100vw, 300px\" \/><\/a><\/h4>\n<p>Eine Kontrolldiagramm ist ein grafisches Hilfsmittel, das dem Nutzer hilft den Prozess auszuwerten und zu steuern. Viele Standardmethoden schlagen vor, dass eine Referenzprobe in bestimmten Zeitabst\u00e4nden gemessen wird und die Ergebnisse in einem Graphen ausgegeben werden. Grenzwerte f\u00fcr akzeptable Werte werden festgelegt und der Prozess ist in Ordnung solange die Ergebnisse innerhalb der Grenzwerte liegen. Sobald die Ergebnisse anfangen innerhalb der Grenzen zu streuen und ein Trend oder ein Muster in den Messpunkten erkennbar wird, ist dies ein Anzeichen f\u00fcr nahende Probleme. Das Kalorimeter 6400 bietet dem Nutzer die M\u00f6glichkeit einer<\/p>\n<hr \/>\n<h3>Laboranforderungen<\/h3>\n<p>Das Kalorimeter ben\u00f6tigt eine Versorgung mit 99,5%igem Sauerstoff, einer Stickstoffversorgung oder einen Anschluss an ein Druckluftsystem mit 5,5 bar und entionisiertes Wasser.<\/p>\n","protected":false},"excerpt":{"rendered":"<p>Das automatische, isoperibole Kalorimeter 6400 repr\u00e4sentiert die n\u00e4chste Entwicklungsstufe der automatischen Kalorimeter von Parr. Das eigenst\u00e4ndige und kompakte Instrument verf\u00fcgt \u00fcber einen geschlossenen K\u00fchlkreislauf innerhalb des Kalorimeters. Das Subsystem verwendet eine thermoelektrische K\u00fchlung mit direktem Anschluss an einen 1 Liter Wassertank, welcher die K\u00fchlfl\u00fcssigkeit f\u00fcr das Kalorimeter bereitstellt. Eine externe Stickstoffflasche wird verwendet um das [&hellip;]<\/p>\n","protected":false},"author":1,"featured_media":37712,"parent":83,"menu_order":1,"comment_status":"closed","ping_status":"closed","template":"product-wide.php","meta":{"_acf_changed":false,"footnotes":"","_links_to":"","_links_to_target":""},"class_list":["post-254","page","type-page","status-publish","has-post-thumbnail","hentry"],"acf":[],"yoast_head":"<!-- This site is optimized with the Yoast SEO plugin v27.4 - https:\/\/yoast.com\/product\/yoast-seo-wordpress\/ -->\n<title>6400 Automatisches Isoperiboles Verbrennungskalorimeter - Parr Instrument GmbH<\/title>\n<meta name=\"robots\" content=\"index, follow, max-snippet:-1, max-image-preview:large, max-video-preview:-1\" \/>\n<link rel=\"canonical\" href=\"https:\/\/www.parrinst.com\/de\/products\/oxygen-bomb-calorimeters\/6400-automatic-isoperibol-calorimeter\/\" \/>\n<meta property=\"og:locale\" content=\"en_US\" \/>\n<meta property=\"og:type\" content=\"article\" \/>\n<meta property=\"og:title\" content=\"6400 Automatisches Isoperiboles Verbrennungskalorimeter - Parr Instrument GmbH\" \/>\n<meta property=\"og:description\" content=\"Das automatische, isoperibole Kalorimeter 6400 repr\u00e4sentiert die n\u00e4chste Entwicklungsstufe der automatischen Kalorimeter von Parr. Das eigenst\u00e4ndige und kompakte Instrument verf\u00fcgt \u00fcber einen geschlossenen K\u00fchlkreislauf innerhalb des Kalorimeters. Das Subsystem verwendet eine thermoelektrische K\u00fchlung mit direktem Anschluss an einen 1 Liter Wassertank, welcher die K\u00fchlfl\u00fcssigkeit f\u00fcr das Kalorimeter bereitstellt. Eine externe Stickstoffflasche wird verwendet um das [&hellip;]\" \/>\n<meta property=\"og:url\" content=\"https:\/\/www.parrinst.com\/de\/products\/oxygen-bomb-calorimeters\/6400-automatic-isoperibol-calorimeter\/\" \/>\n<meta property=\"og:site_name\" content=\"Parr Instrument GmbH\" \/>\n<meta property=\"article:modified_time\" content=\"2013-05-27T13:27:52+00:00\" \/>\n<meta property=\"og:image\" content=\"https:\/\/www.parrinst.com\/de\/files\/2018\/01\/parr_banner_calorimeter_secondary-3.jpg\" \/>\n\t<meta property=\"og:image:width\" content=\"2200\" \/>\n\t<meta property=\"og:image:height\" content=\"399\" \/>\n\t<meta property=\"og:image:type\" content=\"image\/jpeg\" \/>\n<meta name=\"twitter:card\" content=\"summary_large_image\" \/>\n<meta name=\"twitter:label1\" content=\"Est. reading time\" \/>\n\t<meta name=\"twitter:data1\" content=\"5 minutes\" \/>\n<script type=\"application\/ld+json\" class=\"yoast-schema-graph\">{\"@context\":\"https:\\\/\\\/schema.org\",\"@graph\":[{\"@type\":\"WebPage\",\"@id\":\"https:\\\/\\\/www.parrinst.com\\\/de\\\/products\\\/oxygen-bomb-calorimeters\\\/6400-automatic-isoperibol-calorimeter\\\/\",\"url\":\"https:\\\/\\\/www.parrinst.com\\\/de\\\/products\\\/oxygen-bomb-calorimeters\\\/6400-automatic-isoperibol-calorimeter\\\/\",\"name\":\"6400 Automatisches Isoperiboles Verbrennungskalorimeter - Parr Instrument GmbH\",\"isPartOf\":{\"@id\":\"https:\\\/\\\/www.parrinst.com\\\/de\\\/#website\"},\"primaryImageOfPage\":{\"@id\":\"https:\\\/\\\/www.parrinst.com\\\/de\\\/products\\\/oxygen-bomb-calorimeters\\\/6400-automatic-isoperibol-calorimeter\\\/#primaryimage\"},\"image\":{\"@id\":\"https:\\\/\\\/www.parrinst.com\\\/de\\\/products\\\/oxygen-bomb-calorimeters\\\/6400-automatic-isoperibol-calorimeter\\\/#primaryimage\"},\"thumbnailUrl\":\"https:\\\/\\\/i0.wp.com\\\/www.parrinst.com\\\/de\\\/wp-content\\\/uploads\\\/sites\\\/6\\\/2018\\\/01\\\/parr_banner_calorimeter_secondary-3.jpg?fit=2200%2C399&ssl=1\",\"datePublished\":\"2011-03-11T01:27:22+00:00\",\"dateModified\":\"2013-05-27T13:27:52+00:00\",\"breadcrumb\":{\"@id\":\"https:\\\/\\\/www.parrinst.com\\\/de\\\/products\\\/oxygen-bomb-calorimeters\\\/6400-automatic-isoperibol-calorimeter\\\/#breadcrumb\"},\"inLanguage\":\"en-US\",\"potentialAction\":[{\"@type\":\"ReadAction\",\"target\":[\"https:\\\/\\\/www.parrinst.com\\\/de\\\/products\\\/oxygen-bomb-calorimeters\\\/6400-automatic-isoperibol-calorimeter\\\/\"]}]},{\"@type\":\"ImageObject\",\"inLanguage\":\"en-US\",\"@id\":\"https:\\\/\\\/www.parrinst.com\\\/de\\\/products\\\/oxygen-bomb-calorimeters\\\/6400-automatic-isoperibol-calorimeter\\\/#primaryimage\",\"url\":\"https:\\\/\\\/i0.wp.com\\\/www.parrinst.com\\\/de\\\/wp-content\\\/uploads\\\/sites\\\/6\\\/2018\\\/01\\\/parr_banner_calorimeter_secondary-3.jpg?fit=2200%2C399&ssl=1\",\"contentUrl\":\"https:\\\/\\\/i0.wp.com\\\/www.parrinst.com\\\/de\\\/wp-content\\\/uploads\\\/sites\\\/6\\\/2018\\\/01\\\/parr_banner_calorimeter_secondary-3.jpg?fit=2200%2C399&ssl=1\",\"width\":2200,\"height\":399},{\"@type\":\"BreadcrumbList\",\"@id\":\"https:\\\/\\\/www.parrinst.com\\\/de\\\/products\\\/oxygen-bomb-calorimeters\\\/6400-automatic-isoperibol-calorimeter\\\/#breadcrumb\",\"itemListElement\":[{\"@type\":\"ListItem\",\"position\":1,\"name\":\"Home\",\"item\":\"https:\\\/\\\/www.parrinst.com\\\/de\\\/\"},{\"@type\":\"ListItem\",\"position\":2,\"name\":\"Products\",\"item\":\"https:\\\/\\\/www.parrinst.com\\\/de\\\/products\\\/\"},{\"@type\":\"ListItem\",\"position\":3,\"name\":\"Sauerstoffbomben-Kalorimeter\",\"item\":\"https:\\\/\\\/www.parrinst.com\\\/de\\\/products\\\/oxygen-bomb-calorimeters\\\/\"},{\"@type\":\"ListItem\",\"position\":4,\"name\":\"6400 Automatisches Isoperiboles Verbrennungskalorimeter\"}]},{\"@type\":\"WebSite\",\"@id\":\"https:\\\/\\\/www.parrinst.com\\\/de\\\/#website\",\"url\":\"https:\\\/\\\/www.parrinst.com\\\/de\\\/\",\"name\":\"Parr Instrument GmbH\",\"description\":\"\",\"potentialAction\":[{\"@type\":\"SearchAction\",\"target\":{\"@type\":\"EntryPoint\",\"urlTemplate\":\"https:\\\/\\\/www.parrinst.com\\\/de\\\/?s={search_term_string}\"},\"query-input\":{\"@type\":\"PropertyValueSpecification\",\"valueRequired\":true,\"valueName\":\"search_term_string\"}}],\"inLanguage\":\"en-US\"}]}<\/script>\n<!-- \/ Yoast SEO plugin. -->","yoast_head_json":{"title":"6400 Automatisches Isoperiboles Verbrennungskalorimeter - Parr Instrument GmbH","robots":{"index":"index","follow":"follow","max-snippet":"max-snippet:-1","max-image-preview":"max-image-preview:large","max-video-preview":"max-video-preview:-1"},"canonical":"https:\/\/www.parrinst.com\/de\/products\/oxygen-bomb-calorimeters\/6400-automatic-isoperibol-calorimeter\/","og_locale":"en_US","og_type":"article","og_title":"6400 Automatisches Isoperiboles Verbrennungskalorimeter - Parr Instrument GmbH","og_description":"Das automatische, isoperibole Kalorimeter 6400 repr\u00e4sentiert die n\u00e4chste Entwicklungsstufe der automatischen Kalorimeter von Parr. Das eigenst\u00e4ndige und kompakte Instrument verf\u00fcgt \u00fcber einen geschlossenen K\u00fchlkreislauf innerhalb des Kalorimeters. Das Subsystem verwendet eine thermoelektrische K\u00fchlung mit direktem Anschluss an einen 1 Liter Wassertank, welcher die K\u00fchlfl\u00fcssigkeit f\u00fcr das Kalorimeter bereitstellt. Eine externe Stickstoffflasche wird verwendet um das [&hellip;]","og_url":"https:\/\/www.parrinst.com\/de\/products\/oxygen-bomb-calorimeters\/6400-automatic-isoperibol-calorimeter\/","og_site_name":"Parr Instrument GmbH","article_modified_time":"2013-05-27T13:27:52+00:00","og_image":[{"width":2200,"height":399,"url":"https:\/\/www.parrinst.com\/de\/files\/2018\/01\/parr_banner_calorimeter_secondary-3.jpg","type":"image\/jpeg"}],"twitter_card":"summary_large_image","twitter_misc":{"Est. reading time":"5 minutes"},"schema":{"@context":"https:\/\/schema.org","@graph":[{"@type":"WebPage","@id":"https:\/\/www.parrinst.com\/de\/products\/oxygen-bomb-calorimeters\/6400-automatic-isoperibol-calorimeter\/","url":"https:\/\/www.parrinst.com\/de\/products\/oxygen-bomb-calorimeters\/6400-automatic-isoperibol-calorimeter\/","name":"6400 Automatisches Isoperiboles Verbrennungskalorimeter - Parr Instrument GmbH","isPartOf":{"@id":"https:\/\/www.parrinst.com\/de\/#website"},"primaryImageOfPage":{"@id":"https:\/\/www.parrinst.com\/de\/products\/oxygen-bomb-calorimeters\/6400-automatic-isoperibol-calorimeter\/#primaryimage"},"image":{"@id":"https:\/\/www.parrinst.com\/de\/products\/oxygen-bomb-calorimeters\/6400-automatic-isoperibol-calorimeter\/#primaryimage"},"thumbnailUrl":"https:\/\/i0.wp.com\/www.parrinst.com\/de\/wp-content\/uploads\/sites\/6\/2018\/01\/parr_banner_calorimeter_secondary-3.jpg?fit=2200%2C399&ssl=1","datePublished":"2011-03-11T01:27:22+00:00","dateModified":"2013-05-27T13:27:52+00:00","breadcrumb":{"@id":"https:\/\/www.parrinst.com\/de\/products\/oxygen-bomb-calorimeters\/6400-automatic-isoperibol-calorimeter\/#breadcrumb"},"inLanguage":"en-US","potentialAction":[{"@type":"ReadAction","target":["https:\/\/www.parrinst.com\/de\/products\/oxygen-bomb-calorimeters\/6400-automatic-isoperibol-calorimeter\/"]}]},{"@type":"ImageObject","inLanguage":"en-US","@id":"https:\/\/www.parrinst.com\/de\/products\/oxygen-bomb-calorimeters\/6400-automatic-isoperibol-calorimeter\/#primaryimage","url":"https:\/\/i0.wp.com\/www.parrinst.com\/de\/wp-content\/uploads\/sites\/6\/2018\/01\/parr_banner_calorimeter_secondary-3.jpg?fit=2200%2C399&ssl=1","contentUrl":"https:\/\/i0.wp.com\/www.parrinst.com\/de\/wp-content\/uploads\/sites\/6\/2018\/01\/parr_banner_calorimeter_secondary-3.jpg?fit=2200%2C399&ssl=1","width":2200,"height":399},{"@type":"BreadcrumbList","@id":"https:\/\/www.parrinst.com\/de\/products\/oxygen-bomb-calorimeters\/6400-automatic-isoperibol-calorimeter\/#breadcrumb","itemListElement":[{"@type":"ListItem","position":1,"name":"Home","item":"https:\/\/www.parrinst.com\/de\/"},{"@type":"ListItem","position":2,"name":"Products","item":"https:\/\/www.parrinst.com\/de\/products\/"},{"@type":"ListItem","position":3,"name":"Sauerstoffbomben-Kalorimeter","item":"https:\/\/www.parrinst.com\/de\/products\/oxygen-bomb-calorimeters\/"},{"@type":"ListItem","position":4,"name":"6400 Automatisches Isoperiboles Verbrennungskalorimeter"}]},{"@type":"WebSite","@id":"https:\/\/www.parrinst.com\/de\/#website","url":"https:\/\/www.parrinst.com\/de\/","name":"Parr Instrument GmbH","description":"","potentialAction":[{"@type":"SearchAction","target":{"@type":"EntryPoint","urlTemplate":"https:\/\/www.parrinst.com\/de\/?s={search_term_string}"},"query-input":{"@type":"PropertyValueSpecification","valueRequired":true,"valueName":"search_term_string"}}],"inLanguage":"en-US"}]}},"jetpack_sharing_enabled":true,"_links":{"self":[{"href":"https:\/\/www.parrinst.com\/de\/wp-json\/wp\/v2\/pages\/254","targetHints":{"allow":["GET"]}}],"collection":[{"href":"https:\/\/www.parrinst.com\/de\/wp-json\/wp\/v2\/pages"}],"about":[{"href":"https:\/\/www.parrinst.com\/de\/wp-json\/wp\/v2\/types\/page"}],"author":[{"embeddable":true,"href":"https:\/\/www.parrinst.com\/de\/wp-json\/wp\/v2\/users\/1"}],"replies":[{"embeddable":true,"href":"https:\/\/www.parrinst.com\/de\/wp-json\/wp\/v2\/comments?post=254"}],"version-history":[{"count":0,"href":"https:\/\/www.parrinst.com\/de\/wp-json\/wp\/v2\/pages\/254\/revisions"}],"up":[{"embeddable":true,"href":"https:\/\/www.parrinst.com\/de\/wp-json\/wp\/v2\/pages\/83"}],"wp:featuredmedia":[{"embeddable":true,"href":"https:\/\/www.parrinst.com\/de\/wp-json\/wp\/v2\/media\/37712"}],"wp:attachment":[{"href":"https:\/\/www.parrinst.com\/de\/wp-json\/wp\/v2\/media?parent=254"}],"curies":[{"name":"wp","href":"https:\/\/api.w.org\/{rel}","templated":true}]}}