{"id":258,"date":"2011-03-10T19:55:59","date_gmt":"2011-03-11T01:55:59","guid":{"rendered":"https:\/\/www.parrinst.com\/?page_id=258"},"modified":"2018-02-28T18:27:18","modified_gmt":"2018-02-28T17:27:18","slug":"6200-isoperibol-calorimeter","status":"publish","type":"page","link":"https:\/\/www.parrinst.com\/de\/products\/oxygen-bomb-calorimeters\/6200-isoperibol-calorimeter\/","title":{"rendered":"6200 Isoperiboles Verbrennungskalorimeter"},"content":{"rendered":"\n\t\t\t<div id='258-1' class='gallery gallery-258 gallery-columns-3 gallery-size-medium' itemscope itemtype='http:\/\/schema.org\/ImageGallery'>\n\t\t\t\t<div class='gallery-row gallery-col-3 gallery-clear'>\n\t\t\t\t\t<figure class='gallery-item col-3' itemprop='associatedMedia' itemscope itemtype='http:\/\/schema.org\/ImageObject'>\n\t\t\t\t\t\t<div class='gallery-icon landscape'><a href=\"https:\/\/i0.wp.com\/www.parrinst.com\/de\/wp-content\/uploads\/sites\/6\/2011\/06\/6200_Solo-ClosedPI3_0672_web-1.jpg?ssl=1\" itemprop=\"contentURL\"><img loading=\"lazy\" decoding=\"async\" width=\"300\" height=\"300\" src=\"https:\/\/i0.wp.com\/www.parrinst.com\/de\/wp-content\/uploads\/sites\/6\/2011\/06\/6200_Solo-ClosedPI3_0672_web-1.jpg?fit=300%2C300&amp;ssl=1\" class=\"attachment-medium size-medium\" alt=\"6200 Calorimeter\" srcset=\"https:\/\/i0.wp.com\/www.parrinst.com\/de\/wp-content\/uploads\/sites\/6\/2011\/06\/6200_Solo-ClosedPI3_0672_web-1.jpg?w=600&amp;ssl=1 600w, https:\/\/i0.wp.com\/www.parrinst.com\/de\/wp-content\/uploads\/sites\/6\/2011\/06\/6200_Solo-ClosedPI3_0672_web-1.jpg?resize=300%2C300&amp;ssl=1 300w, https:\/\/i0.wp.com\/www.parrinst.com\/de\/wp-content\/uploads\/sites\/6\/2011\/06\/6200_Solo-ClosedPI3_0672_web-1.jpg?resize=150%2C150&amp;ssl=1 150w\" sizes=\"auto, (max-width: 300px) 100vw, 300px\" itemprop=\"thumbnail\" \/><\/a><\/div>\n\t\t\t\t\t<\/figure>\n\t\t\t\t\t<figure class='gallery-item col-3' itemprop='associatedMedia' itemscope itemtype='http:\/\/schema.org\/ImageObject'>\n\t\t\t\t\t\t<div class='gallery-icon portrait'><a href=\"https:\/\/i0.wp.com\/www.parrinst.com\/de\/wp-content\/uploads\/sites\/6\/2011\/06\/1108_Combustion-Bomb_342mL.jpg?ssl=1\" itemprop=\"contentURL\"><img loading=\"lazy\" decoding=\"async\" width=\"214\" height=\"300\" src=\"https:\/\/i0.wp.com\/www.parrinst.com\/de\/wp-content\/uploads\/sites\/6\/2011\/06\/1108_Combustion-Bomb_342mL.jpg?fit=214%2C300&amp;ssl=1\" class=\"attachment-medium size-medium\" alt=\"1108 Oxygen Combustion Bomb\" srcset=\"https:\/\/i0.wp.com\/www.parrinst.com\/de\/wp-content\/uploads\/sites\/6\/2011\/06\/1108_Combustion-Bomb_342mL.jpg?w=600&amp;ssl=1 600w, https:\/\/i0.wp.com\/www.parrinst.com\/de\/wp-content\/uploads\/sites\/6\/2011\/06\/1108_Combustion-Bomb_342mL.jpg?resize=107%2C150&amp;ssl=1 107w, https:\/\/i0.wp.com\/www.parrinst.com\/de\/wp-content\/uploads\/sites\/6\/2011\/06\/1108_Combustion-Bomb_342mL.jpg?resize=214%2C300&amp;ssl=1 214w\" sizes=\"auto, (max-width: 214px) 100vw, 214px\" itemprop=\"thumbnail\" \/><\/a><\/div>\n\t\t\t\t\t<\/figure>\n\t\t\t<\/div>\n\t\t\t<\/div><!-- .gallery -->\n\n<p><strong>Das Modell 6200 ist ein mikroprozessorgesteuertes, isoperibolen Sauerstoffaufschlusskalorimeter<\/strong>, das ein breites Anwendungsspektrum von gelegentlichen Test bis zu Routineuntersuchungen bietet. Es verwendet die altbew\u00e4hrte Sauerstoffbombe der Serie 1108 mit einem ovalem Wasserbeh\u00e4lter in einem kompakten Kalorimeter, das verl\u00e4ssliche Ergebnisse mit hoher Reproduzierbarkeit liefert. Es unterscheidet sich vom Modell 6400 darin, dass Bombe und Wasserbeh\u00e4lter aus dem Kalorimeter gehoben und manuell bef\u00fcllt werden m\u00fcssen, was wiederum mehr Zeit des Nutzers in Anspruch nimmt, als bei den automatischen Modellen.<\/p>\n<p>Alle Sensoren, Regler und Ummantelungen des Kalorimeters 6200 werden in einem einzelnen, kompakten Geh\u00e4use untergebracht, um eine eigenst\u00e4ndige Betriebseinheit zu liefern, bestehend aus:<\/p>\n<ul>\n<li>einer Temperaturgeregelten Wassermantel mit eingebauten Kreislaufsystem und einer elektrischen Heizung<\/li>\n<li>einer Sauerstoffbombe mit ovalem Wasserbeh\u00e4lter vom Typ 1108P, welcher genau in den isolierten Wassermantel passt<\/li>\n<li>einem eingebautem halbautomatischem System zur Bef\u00fcllung der Bombe mit Sauerstoff<\/li>\n<li>einem hochpr\u00e4zisem, elektrischem Thermometer<\/li>\n<li>einem hellen, farbigen Touchscreen zur Messwerterfassung und Regelung<\/li>\n<li>speziellen Kommunikationsanschl\u00fcssen f\u00fcr Drucker, Computer und Netzwerkverbindung (LAN)<\/li>\n<li>einem SD-Kartenleser f\u00fcr eine einfache Programmierung und Messwerterfassung<\/li>\n<\/ul>\n<p>A variety of vessels are available for testing samples releasing from 52 calories to 12,000 calories per test.<\/p>\n<h4>Pr\u00e4zise, elektronische Temperaturmessung<\/h4>\n<p>Temperaturen werden mit Hilfe eines hochpr\u00e4zisen, elektronischen Thermometer, das auf einem speziell entwickelten edelstahlummantelten Thermistor basiert gemessen, dieser ist im Kalorimeterdeckel fixiert. Messungen werden im Arbeitsbereich zwischen 20\u00b0C und 40\u00b0C mit einer Aufl\u00f6sung von 0,0001\u00b0C durchgef\u00fchrt, allen Temperaturangaben sind in \u00b0C.<\/p>\n<h4>Effektiver W\u00e4rmemantel<\/h4>\n<p>Der herausragende W\u00e4rmemantel wird durch einen Wasserkreislauf durch alle Seiten, den Boden, sowie den Kalorimeterdeckels \u00fcber eine eingebauten Pumpe mit gro\u00dfem F\u00f6rdervolumen kontinuierlich sicher gestellt. Die Manteltemperatur wird f\u00fcr den isoperibolen Betrieb konstant gehalten und es muss kein Wasser nachgef\u00fcllt werden, des Weiteren gibt es auch keine Wartezeit am Ende des Testlaufs. Ein vom Kalorimeter-Controller angesteuerter eingedichteter Tauchheizk\u00f6rper und ein eingebauter W\u00e4rmetauscher bieten eine hochpr\u00e4zise Regelung der Manteltemperatur.<\/p>\n<h4><strong>Eine verl\u00e4ssliche Sauerstoffbombe<\/strong><\/h4>\n<p>Die Parr Sauerstoffbombe 1108P, die im Kalorimeter verbaut wird, bietet eine sichere Verbrennung von Proben mit bis zu 8000 Kalorien pro Einwaage, unter Verwendung von Sauerstoff mit einem Druck von bis zu 40 bar. Eine alternative Bombe 1108PCL mit \u00fcberragender Best\u00e4ndigkeit gegen\u00fcber Chlor und Halogens\u00e4uren wird f\u00fcr Messungen mit Abfallmaterial und chlorhaltigen Proben empfohlen.<\/p>\n<h4>Eingebautes Sauerstofff\u00fcllsystem<\/h4>\n<p>Um den F\u00fcllvorgang zu vereinfachen und zu beschleunigen verf\u00fcgt das Kalorimeter 6200 \u00fcber ein halbautomatisches System zur Bef\u00fcllung der Bombe mit Sauerstoff. Eine handels\u00fcbliche Sauerstoffflasche wird an ein mikroprozessorgesteuertes Magnetventil im Kalorimeter angeschlossen. Zur Bef\u00fcllung muss einfach nur der F\u00fcllschlauch an das Einlassventil der Bombe angeschlossen werden und auf dem Touchscreen die F\u00fcllsequenz gestartet werden. Die Bef\u00fcllung erfolgt dann vollautomatisch mit dem voreingestellten Druck.<\/p>\n<h4>Automatische Standardisierung<\/h4>\n<p>Das Kalorimeter 6200 generiert automatisch den Energie\u00e4quivalentswert (EE) nach einer Reihe von Standardisierungstest. Dies geschieht durch die Berechnung des Mittelwertes einer benutzerdefinierten Anzahl der zuletzt durchgef\u00fchrten Standardisierungstest f\u00fcr jede Bomben\/Wasserbeh\u00e4lter-Kombination. Die \u00fcbliche Anzahl dieser Testl\u00e4ufe ist 10 nach ASTM und internationalen Vorschriften. Der Benutzer kann die von ihm tolerierte maximal zul\u00e4ssige Standardabweichung vorgeben und das Kalorimeter wird eine R\u00fcckmeldung geben ob die Kriterien erf\u00fcllt werden. Die Energie\u00e4quivalentswerte von bis zu vier Bomben\/ Wasserbeh\u00e4lter -Kombinationen k\u00f6nnen im Computer gespeichert werden.<\/p>\n<h4>Viele Nutzereinstellungen<\/h4>\n<p>Obwohl die grundlegende Vorgehensweise festgelegt ist, k\u00f6nnen dennoch einige kundenspezifische Optionen gew\u00e4hlt werden:<\/p>\n<ul>\n<li>die Programmparameter f\u00fcr ungew\u00f6hnliche Probengr\u00f6\u00dfen und Genauigkeitsanforderungen k\u00f6nnen angepasst werden um<\/li>\n<li>das Kalorimeter kann darauf programmiert werden jede vom Benutzer gew\u00e4hlte Reagenz Konzentration zu akzeptieren<\/li>\n<li>der Brennwert kann in jeglicher Ma\u00dfeinheit angegeben werden<\/li>\n<li>die Kalorimeter Software kann auf die geringf\u00fcgigen Unterschiede bei der S\u00e4urekorrektur in den Normen ASTM, BS, DIN und ISO eingestellt werden<\/li>\n<li>die Programmregelung kann vor unbeabsichtigten Ver\u00e4nderungen gesch\u00fctzt werden<\/li>\n<li>eine Testlaufz\u00e4hlung kann f\u00fcr jede Bombe eingerichtet werden, der Anwender wird auf eine anstehende Wartung hingewiesen<\/li>\n<\/ul>\n<h4>Auswahl verschiedener Sprachen<\/h4>\n<p>Das Modell 6200 kann so eingestellt werden, dass die Programmoptionen, das Bedienmen\u00fc, Berichte und etwaige Fehlermeldungen in den folgenden Sprachen erscheinen: Deutsch, Englisch, Franz\u00f6sisch, Spanisch, Italienisch, Polnisch, Chinesisch, Russisch, Tschechisch.<\/p>\n<h4>Automatischer Datentransfer<\/h4>\n<p>Das Kalorimeter ist mit einer USB Schnittstelle ausgestattet um die Ergebnisse an einen Drucker weiter zu leiten und um das Probengewicht von einer analytischen Waage zu \u00fcbernehmen. Die \u00dcbertragung der Messergebnisse zu einem Laborcomputer erfolgt durch eine Ethernet Verbindung unter Verwendung von Standardnetzwerkprotokollen.<\/p>\n<h4>Kompatible, modulare Konstruktion<\/h4>\n<p>Das Kalorimeter 6200 ist vollkompatibel zu allen existierenden Parr Bomben der 1108 Series und geschlossenen Wasserkreislaufsystemen, wodurch es sehr einfach ist, dass Ger\u00e4t in eine bestehende Laboranordnung zu integrieren. Der modulare Aufbau, mit der Regelelektronik in einem herausnehmbaren Geh\u00e4use, vereinfacht deutlich die Wartung.<\/p>\n","protected":false},"excerpt":{"rendered":"<p>Das Modell 6200 ist ein mikroprozessorgesteuertes, isoperibolen Sauerstoffaufschlusskalorimeter, das ein breites Anwendungsspektrum von gelegentlichen Test bis zu Routineuntersuchungen bietet. Es verwendet die altbew\u00e4hrte Sauerstoffbombe der Serie 1108 mit einem ovalem Wasserbeh\u00e4lter in einem kompakten Kalorimeter, das verl\u00e4ssliche Ergebnisse mit hoher Reproduzierbarkeit liefert. Es unterscheidet sich vom Modell 6400 darin, dass Bombe und Wasserbeh\u00e4lter aus dem [&hellip;]<\/p>\n","protected":false},"author":1,"featured_media":37712,"parent":83,"menu_order":3,"comment_status":"closed","ping_status":"closed","template":"product-wide.php","meta":{"_acf_changed":false,"footnotes":"","_links_to":"","_links_to_target":""},"class_list":["post-258","page","type-page","status-publish","has-post-thumbnail","hentry"],"acf":[],"yoast_head":"<!-- This site is optimized with the Yoast SEO plugin v27.4 - https:\/\/yoast.com\/product\/yoast-seo-wordpress\/ -->\n<title>6200 Isoperiboles Verbrennungskalorimeter - Parr Instrument GmbH<\/title>\n<meta name=\"robots\" content=\"index, follow, max-snippet:-1, max-image-preview:large, max-video-preview:-1\" \/>\n<link rel=\"canonical\" href=\"https:\/\/www.parrinst.com\/de\/products\/oxygen-bomb-calorimeters\/6200-isoperibol-calorimeter\/\" \/>\n<meta property=\"og:locale\" content=\"en_US\" \/>\n<meta property=\"og:type\" content=\"article\" \/>\n<meta property=\"og:title\" content=\"6200 Isoperiboles Verbrennungskalorimeter - Parr Instrument GmbH\" \/>\n<meta property=\"og:description\" content=\"Das Modell 6200 ist ein mikroprozessorgesteuertes, isoperibolen Sauerstoffaufschlusskalorimeter, das ein breites Anwendungsspektrum von gelegentlichen Test bis zu Routineuntersuchungen bietet. Es verwendet die altbew\u00e4hrte Sauerstoffbombe der Serie 1108 mit einem ovalem Wasserbeh\u00e4lter in einem kompakten Kalorimeter, das verl\u00e4ssliche Ergebnisse mit hoher Reproduzierbarkeit liefert. Es unterscheidet sich vom Modell 6400 darin, dass Bombe und Wasserbeh\u00e4lter aus dem [&hellip;]\" \/>\n<meta property=\"og:url\" content=\"https:\/\/www.parrinst.com\/de\/products\/oxygen-bomb-calorimeters\/6200-isoperibol-calorimeter\/\" \/>\n<meta property=\"og:site_name\" content=\"Parr Instrument GmbH\" \/>\n<meta property=\"article:modified_time\" content=\"2018-02-28T17:27:18+00:00\" \/>\n<meta property=\"og:image\" content=\"https:\/\/www.parrinst.com\/de\/files\/2018\/01\/parr_banner_calorimeter_secondary-3.jpg\" \/>\n\t<meta property=\"og:image:width\" content=\"2200\" \/>\n\t<meta property=\"og:image:height\" content=\"399\" \/>\n\t<meta property=\"og:image:type\" content=\"image\/jpeg\" \/>\n<meta name=\"twitter:card\" content=\"summary_large_image\" \/>\n<meta name=\"twitter:label1\" content=\"Est. reading time\" \/>\n\t<meta name=\"twitter:data1\" content=\"4 minutes\" \/>\n<script type=\"application\/ld+json\" class=\"yoast-schema-graph\">{\"@context\":\"https:\\\/\\\/schema.org\",\"@graph\":[{\"@type\":\"WebPage\",\"@id\":\"https:\\\/\\\/www.parrinst.com\\\/de\\\/products\\\/oxygen-bomb-calorimeters\\\/6200-isoperibol-calorimeter\\\/\",\"url\":\"https:\\\/\\\/www.parrinst.com\\\/de\\\/products\\\/oxygen-bomb-calorimeters\\\/6200-isoperibol-calorimeter\\\/\",\"name\":\"6200 Isoperiboles Verbrennungskalorimeter - Parr Instrument GmbH\",\"isPartOf\":{\"@id\":\"https:\\\/\\\/www.parrinst.com\\\/de\\\/#website\"},\"primaryImageOfPage\":{\"@id\":\"https:\\\/\\\/www.parrinst.com\\\/de\\\/products\\\/oxygen-bomb-calorimeters\\\/6200-isoperibol-calorimeter\\\/#primaryimage\"},\"image\":{\"@id\":\"https:\\\/\\\/www.parrinst.com\\\/de\\\/products\\\/oxygen-bomb-calorimeters\\\/6200-isoperibol-calorimeter\\\/#primaryimage\"},\"thumbnailUrl\":\"https:\\\/\\\/i0.wp.com\\\/www.parrinst.com\\\/de\\\/wp-content\\\/uploads\\\/sites\\\/6\\\/2018\\\/01\\\/parr_banner_calorimeter_secondary-3.jpg?fit=2200%2C399&ssl=1\",\"datePublished\":\"2011-03-11T01:55:59+00:00\",\"dateModified\":\"2018-02-28T17:27:18+00:00\",\"breadcrumb\":{\"@id\":\"https:\\\/\\\/www.parrinst.com\\\/de\\\/products\\\/oxygen-bomb-calorimeters\\\/6200-isoperibol-calorimeter\\\/#breadcrumb\"},\"inLanguage\":\"en-US\",\"potentialAction\":[{\"@type\":\"ReadAction\",\"target\":[\"https:\\\/\\\/www.parrinst.com\\\/de\\\/products\\\/oxygen-bomb-calorimeters\\\/6200-isoperibol-calorimeter\\\/\"]}]},{\"@type\":\"ImageObject\",\"inLanguage\":\"en-US\",\"@id\":\"https:\\\/\\\/www.parrinst.com\\\/de\\\/products\\\/oxygen-bomb-calorimeters\\\/6200-isoperibol-calorimeter\\\/#primaryimage\",\"url\":\"https:\\\/\\\/i0.wp.com\\\/www.parrinst.com\\\/de\\\/wp-content\\\/uploads\\\/sites\\\/6\\\/2018\\\/01\\\/parr_banner_calorimeter_secondary-3.jpg?fit=2200%2C399&ssl=1\",\"contentUrl\":\"https:\\\/\\\/i0.wp.com\\\/www.parrinst.com\\\/de\\\/wp-content\\\/uploads\\\/sites\\\/6\\\/2018\\\/01\\\/parr_banner_calorimeter_secondary-3.jpg?fit=2200%2C399&ssl=1\",\"width\":2200,\"height\":399},{\"@type\":\"BreadcrumbList\",\"@id\":\"https:\\\/\\\/www.parrinst.com\\\/de\\\/products\\\/oxygen-bomb-calorimeters\\\/6200-isoperibol-calorimeter\\\/#breadcrumb\",\"itemListElement\":[{\"@type\":\"ListItem\",\"position\":1,\"name\":\"Home\",\"item\":\"https:\\\/\\\/www.parrinst.com\\\/de\\\/\"},{\"@type\":\"ListItem\",\"position\":2,\"name\":\"Products\",\"item\":\"https:\\\/\\\/www.parrinst.com\\\/de\\\/products\\\/\"},{\"@type\":\"ListItem\",\"position\":3,\"name\":\"Sauerstoffbomben-Kalorimeter\",\"item\":\"https:\\\/\\\/www.parrinst.com\\\/de\\\/products\\\/oxygen-bomb-calorimeters\\\/\"},{\"@type\":\"ListItem\",\"position\":4,\"name\":\"6200 Isoperiboles Verbrennungskalorimeter\"}]},{\"@type\":\"WebSite\",\"@id\":\"https:\\\/\\\/www.parrinst.com\\\/de\\\/#website\",\"url\":\"https:\\\/\\\/www.parrinst.com\\\/de\\\/\",\"name\":\"Parr Instrument GmbH\",\"description\":\"\",\"potentialAction\":[{\"@type\":\"SearchAction\",\"target\":{\"@type\":\"EntryPoint\",\"urlTemplate\":\"https:\\\/\\\/www.parrinst.com\\\/de\\\/?s={search_term_string}\"},\"query-input\":{\"@type\":\"PropertyValueSpecification\",\"valueRequired\":true,\"valueName\":\"search_term_string\"}}],\"inLanguage\":\"en-US\"}]}<\/script>\n<!-- \/ Yoast SEO plugin. -->","yoast_head_json":{"title":"6200 Isoperiboles Verbrennungskalorimeter - Parr Instrument GmbH","robots":{"index":"index","follow":"follow","max-snippet":"max-snippet:-1","max-image-preview":"max-image-preview:large","max-video-preview":"max-video-preview:-1"},"canonical":"https:\/\/www.parrinst.com\/de\/products\/oxygen-bomb-calorimeters\/6200-isoperibol-calorimeter\/","og_locale":"en_US","og_type":"article","og_title":"6200 Isoperiboles Verbrennungskalorimeter - Parr Instrument GmbH","og_description":"Das Modell 6200 ist ein mikroprozessorgesteuertes, isoperibolen Sauerstoffaufschlusskalorimeter, das ein breites Anwendungsspektrum von gelegentlichen Test bis zu Routineuntersuchungen bietet. Es verwendet die altbew\u00e4hrte Sauerstoffbombe der Serie 1108 mit einem ovalem Wasserbeh\u00e4lter in einem kompakten Kalorimeter, das verl\u00e4ssliche Ergebnisse mit hoher Reproduzierbarkeit liefert. Es unterscheidet sich vom Modell 6400 darin, dass Bombe und Wasserbeh\u00e4lter aus dem [&hellip;]","og_url":"https:\/\/www.parrinst.com\/de\/products\/oxygen-bomb-calorimeters\/6200-isoperibol-calorimeter\/","og_site_name":"Parr Instrument GmbH","article_modified_time":"2018-02-28T17:27:18+00:00","og_image":[{"width":2200,"height":399,"url":"https:\/\/www.parrinst.com\/de\/files\/2018\/01\/parr_banner_calorimeter_secondary-3.jpg","type":"image\/jpeg"}],"twitter_card":"summary_large_image","twitter_misc":{"Est. reading time":"4 minutes"},"schema":{"@context":"https:\/\/schema.org","@graph":[{"@type":"WebPage","@id":"https:\/\/www.parrinst.com\/de\/products\/oxygen-bomb-calorimeters\/6200-isoperibol-calorimeter\/","url":"https:\/\/www.parrinst.com\/de\/products\/oxygen-bomb-calorimeters\/6200-isoperibol-calorimeter\/","name":"6200 Isoperiboles Verbrennungskalorimeter - Parr Instrument GmbH","isPartOf":{"@id":"https:\/\/www.parrinst.com\/de\/#website"},"primaryImageOfPage":{"@id":"https:\/\/www.parrinst.com\/de\/products\/oxygen-bomb-calorimeters\/6200-isoperibol-calorimeter\/#primaryimage"},"image":{"@id":"https:\/\/www.parrinst.com\/de\/products\/oxygen-bomb-calorimeters\/6200-isoperibol-calorimeter\/#primaryimage"},"thumbnailUrl":"https:\/\/i0.wp.com\/www.parrinst.com\/de\/wp-content\/uploads\/sites\/6\/2018\/01\/parr_banner_calorimeter_secondary-3.jpg?fit=2200%2C399&ssl=1","datePublished":"2011-03-11T01:55:59+00:00","dateModified":"2018-02-28T17:27:18+00:00","breadcrumb":{"@id":"https:\/\/www.parrinst.com\/de\/products\/oxygen-bomb-calorimeters\/6200-isoperibol-calorimeter\/#breadcrumb"},"inLanguage":"en-US","potentialAction":[{"@type":"ReadAction","target":["https:\/\/www.parrinst.com\/de\/products\/oxygen-bomb-calorimeters\/6200-isoperibol-calorimeter\/"]}]},{"@type":"ImageObject","inLanguage":"en-US","@id":"https:\/\/www.parrinst.com\/de\/products\/oxygen-bomb-calorimeters\/6200-isoperibol-calorimeter\/#primaryimage","url":"https:\/\/i0.wp.com\/www.parrinst.com\/de\/wp-content\/uploads\/sites\/6\/2018\/01\/parr_banner_calorimeter_secondary-3.jpg?fit=2200%2C399&ssl=1","contentUrl":"https:\/\/i0.wp.com\/www.parrinst.com\/de\/wp-content\/uploads\/sites\/6\/2018\/01\/parr_banner_calorimeter_secondary-3.jpg?fit=2200%2C399&ssl=1","width":2200,"height":399},{"@type":"BreadcrumbList","@id":"https:\/\/www.parrinst.com\/de\/products\/oxygen-bomb-calorimeters\/6200-isoperibol-calorimeter\/#breadcrumb","itemListElement":[{"@type":"ListItem","position":1,"name":"Home","item":"https:\/\/www.parrinst.com\/de\/"},{"@type":"ListItem","position":2,"name":"Products","item":"https:\/\/www.parrinst.com\/de\/products\/"},{"@type":"ListItem","position":3,"name":"Sauerstoffbomben-Kalorimeter","item":"https:\/\/www.parrinst.com\/de\/products\/oxygen-bomb-calorimeters\/"},{"@type":"ListItem","position":4,"name":"6200 Isoperiboles Verbrennungskalorimeter"}]},{"@type":"WebSite","@id":"https:\/\/www.parrinst.com\/de\/#website","url":"https:\/\/www.parrinst.com\/de\/","name":"Parr Instrument GmbH","description":"","potentialAction":[{"@type":"SearchAction","target":{"@type":"EntryPoint","urlTemplate":"https:\/\/www.parrinst.com\/de\/?s={search_term_string}"},"query-input":{"@type":"PropertyValueSpecification","valueRequired":true,"valueName":"search_term_string"}}],"inLanguage":"en-US"}]}},"jetpack_sharing_enabled":true,"_links":{"self":[{"href":"https:\/\/www.parrinst.com\/de\/wp-json\/wp\/v2\/pages\/258","targetHints":{"allow":["GET"]}}],"collection":[{"href":"https:\/\/www.parrinst.com\/de\/wp-json\/wp\/v2\/pages"}],"about":[{"href":"https:\/\/www.parrinst.com\/de\/wp-json\/wp\/v2\/types\/page"}],"author":[{"embeddable":true,"href":"https:\/\/www.parrinst.com\/de\/wp-json\/wp\/v2\/users\/1"}],"replies":[{"embeddable":true,"href":"https:\/\/www.parrinst.com\/de\/wp-json\/wp\/v2\/comments?post=258"}],"version-history":[{"count":3,"href":"https:\/\/www.parrinst.com\/de\/wp-json\/wp\/v2\/pages\/258\/revisions"}],"predecessor-version":[{"id":38278,"href":"https:\/\/www.parrinst.com\/de\/wp-json\/wp\/v2\/pages\/258\/revisions\/38278"}],"up":[{"embeddable":true,"href":"https:\/\/www.parrinst.com\/de\/wp-json\/wp\/v2\/pages\/83"}],"wp:featuredmedia":[{"embeddable":true,"href":"https:\/\/www.parrinst.com\/de\/wp-json\/wp\/v2\/media\/37712"}],"wp:attachment":[{"href":"https:\/\/www.parrinst.com\/de\/wp-json\/wp\/v2\/media?parent=258"}],"curies":[{"name":"wp","href":"https:\/\/api.w.org\/{rel}","templated":true}]}}