{"id":260,"date":"2011-03-10T19:56:21","date_gmt":"2011-03-11T01:56:21","guid":{"rendered":"https:\/\/www.parrinst.com\/?page_id=260"},"modified":"2022-11-18T12:46:24","modified_gmt":"2022-11-18T18:46:24","slug":"6100-compensated-jacket-calorimeter","status":"publish","type":"page","link":"https:\/\/www.parrinst.com\/de\/products\/oxygen-bomb-calorimeters\/6100-compensated-jacket-calorimeter\/","title":{"rendered":"6100 Automatisches Verbrennungskalorimeter"},"content":{"rendered":"\n\t\t\t<div id='260-1' class='gallery gallery-260 gallery-columns-3 gallery-size-medium' itemscope itemtype='http:\/\/schema.org\/ImageGallery'>\n\t\t\t\t<div class='gallery-row gallery-col-3 gallery-clear'>\n\t\t\t\t\t<figure class='gallery-item col-3' itemprop='associatedMedia' itemscope itemtype='http:\/\/schema.org\/ImageObject'>\n\t\t\t\t\t\t<div class='gallery-icon landscape'><a href=\"https:\/\/i0.wp.com\/www.parrinst.com\/de\/wp-content\/uploads\/sites\/6\/2011\/03\/6100_OpenPI3_0684_web.jpg?ssl=1\" itemprop=\"contentURL\"><img loading=\"lazy\" decoding=\"async\" width=\"300\" height=\"300\" src=\"https:\/\/i0.wp.com\/www.parrinst.com\/de\/wp-content\/uploads\/sites\/6\/2011\/03\/6100_OpenPI3_0684_web.jpg?fit=300%2C300&amp;ssl=1\" class=\"attachment-medium size-medium\" alt=\"6100 with Open Lid, Bucket &amp; Combustion Bomb\" srcset=\"https:\/\/i0.wp.com\/www.parrinst.com\/de\/wp-content\/uploads\/sites\/6\/2011\/03\/6100_OpenPI3_0684_web.jpg?w=600&amp;ssl=1 600w, https:\/\/i0.wp.com\/www.parrinst.com\/de\/wp-content\/uploads\/sites\/6\/2011\/03\/6100_OpenPI3_0684_web.jpg?resize=300%2C300&amp;ssl=1 300w, https:\/\/i0.wp.com\/www.parrinst.com\/de\/wp-content\/uploads\/sites\/6\/2011\/03\/6100_OpenPI3_0684_web.jpg?resize=150%2C150&amp;ssl=1 150w\" sizes=\"auto, (max-width: 300px) 100vw, 300px\" itemprop=\"thumbnail\" \/><\/a><\/div>\n\t\t\t\t\t<\/figure>\n\t\t\t\t\t<figure class='gallery-item col-3' itemprop='associatedMedia' itemscope itemtype='http:\/\/schema.org\/ImageObject'>\n\t\t\t\t\t\t<div class='gallery-icon portrait'><a href=\"https:\/\/i0.wp.com\/www.parrinst.com\/de\/wp-content\/uploads\/sites\/6\/2011\/03\/1108-bomb_W-Bkgrnd_2007.jpg?ssl=1\" itemprop=\"contentURL\"><img loading=\"lazy\" decoding=\"async\" width=\"214\" height=\"300\" src=\"https:\/\/i0.wp.com\/www.parrinst.com\/de\/wp-content\/uploads\/sites\/6\/2011\/03\/1108-bomb_W-Bkgrnd_2007.jpg?fit=214%2C300&amp;ssl=1\" class=\"attachment-medium size-medium\" alt=\"1108 Combustion Bomb\" srcset=\"https:\/\/i0.wp.com\/www.parrinst.com\/de\/wp-content\/uploads\/sites\/6\/2011\/03\/1108-bomb_W-Bkgrnd_2007.jpg?w=600&amp;ssl=1 600w, https:\/\/i0.wp.com\/www.parrinst.com\/de\/wp-content\/uploads\/sites\/6\/2011\/03\/1108-bomb_W-Bkgrnd_2007.jpg?resize=107%2C150&amp;ssl=1 107w, https:\/\/i0.wp.com\/www.parrinst.com\/de\/wp-content\/uploads\/sites\/6\/2011\/03\/1108-bomb_W-Bkgrnd_2007.jpg?resize=214%2C300&amp;ssl=1 214w\" sizes=\"auto, (max-width: 214px) 100vw, 214px\" itemprop=\"thumbnail\" \/><\/a><\/div>\n\t\t\t\t\t<\/figure>\n\t\t\t\t\t<figure class='gallery-item col-3' itemprop='associatedMedia' itemscope itemtype='http:\/\/schema.org\/ImageObject'>\n\t\t\t\t\t\t<div class='gallery-icon portrait'><a href=\"https:\/\/i0.wp.com\/www.parrinst.com\/de\/wp-content\/uploads\/sites\/6\/2011\/03\/1109-complete.jpg?ssl=1\" itemprop=\"contentURL\"><img loading=\"lazy\" decoding=\"async\" width=\"215\" height=\"300\" src=\"https:\/\/i0.wp.com\/www.parrinst.com\/de\/wp-content\/uploads\/sites\/6\/2011\/03\/1109-complete.jpg?fit=215%2C300&amp;ssl=1\" class=\"attachment-medium size-medium\" alt=\"1109A Assembled Combustion Bomb\" srcset=\"https:\/\/i0.wp.com\/www.parrinst.com\/de\/wp-content\/uploads\/sites\/6\/2011\/03\/1109-complete.jpg?w=600&amp;ssl=1 600w, https:\/\/i0.wp.com\/www.parrinst.com\/de\/wp-content\/uploads\/sites\/6\/2011\/03\/1109-complete.jpg?resize=107%2C150&amp;ssl=1 107w, https:\/\/i0.wp.com\/www.parrinst.com\/de\/wp-content\/uploads\/sites\/6\/2011\/03\/1109-complete.jpg?resize=215%2C300&amp;ssl=1 215w\" sizes=\"auto, (max-width: 215px) 100vw, 215px\" itemprop=\"thumbnail\" \/><\/a><\/div>\n\t\t\t\t\t<\/figure>\n\t\t\t\t<\/div>\n\t\t\t<\/div><!-- .gallery -->\n\n<p>&nbsp;<\/p>\n<p><strong>Das Kalorimeter wurde entwickelt um dem Nutzer folgende M\u00f6glichkeiten zu bieten:<\/strong><\/p>\n<ul>\n<li>ein traditionell konzipiertes Kalorimeter mit austauschbarer Sauerstoffbombe und Wasserbeh\u00e4lter<\/li>\n<li>ein Kalorimeter f\u00fcr die \u00e4u\u00dferst schnelle Durchf\u00fchrung von bis zu 7 Testl\u00e4ufen pro Stunde, wenn zwei Bomben und zwei Wasserbeh\u00e4lter verwendet werden<\/li>\n<li>eine sehr kompakte Bauweise, die ein Minimum an Arbeitsfl\u00e4che einnimmt<\/li>\n<li>eine moderne grafische Benutzeroberfl\u00e4che f\u00fcr eine leichte Bedienung<\/li>\n<li>ein Kalorimeter mit neuster digitaler Hardware, Software und Kommunikationsm\u00f6glichkeiten<\/li>\n<\/ul>\n<p>\u00c4u\u00dferlich ist das Kalorimeter 6100 dem isoperibolen Kalorimeter 6200 sehr \u00e4hnlich, da beide Ger\u00e4te in baugleichen Geh\u00e4usen untergebracht werden, mit dem gleichen Tastenfeld und LCD Display. Dennoch gibt es einen wichtigen Unterschied: das Kalorimeter 6100 hat keine temperaturgeregelte Ummantelung, wie es f\u00fcr isoperibole Kalorimeter erforderlich ist.<\/p>\n<p><strong>Das Kalorimeter 6100 ist f\u00fcr Anwender konzipiert, die ein modernes Kalorimeter <\/strong>mit den Vorz\u00fcgen und dem Automationsgrad des 6200 w\u00fcnschen und deren Genauigkeitsanforderungen ein statisches System ohne isoperibole Regelung erlauben. Ebenso ist es geeignet f\u00fcr Anwender mit einem kleinen bis mittleren Arbeitsumfang, der ein hochpreisiges Kalorimeter nicht rechtfertigen w\u00fcrde. Um alldiesen Anforderungen zu entsprechen, wurde der temperaturgeregelte Wassermantel und die zugeh\u00f6rige Ausr\u00fcstung aus dem Kalorimeter 6200 entfernt und durch einen statischen Luftmantel um den Wasserbeh\u00e4lter ersetzt, vergleichbar mit der Bauweise des einfachen Kalorimeter 1341. Dies spart alle Fl\u00fcssigkeiten und entsprechende Anschl\u00fcsse, was wiederum in einer signifikanten Kostenersparnis resultiert. Und ohne dauerhafte, \u00e4u\u00dfere Anschl\u00fcsse (au\u00dfer der Verbindung zu einer Sauerstoffflasche) kann das Kalorimeter innerhalb weniger Minuten aufgestellt und betriebsbereit gemacht werden, ebenso schnell kann es abgebaut und verstaut werden.<\/p>\n<p>Alle Sensoren und Regler des Kalorimeters 6100 werden eine einem einzelnen, kompakten Geh\u00e4use untergebracht, um eine eigenst\u00e4ndige Arbeitseinheit zu bieten, die aus folgenden Komponenten besteht:<\/p>\n<ul>\n<li>einer 1108P Sauerstoffbombe mit einem ovalen Wasserbeh\u00e4lter, der in den isolierten Mantel passt<\/li>\n<li>einem eingebautem, halbautomatischem System zur Speisung der Bombe mit Sauerstoff<\/li>\n<li>einem elektronischem Thermometer mit h\u00f6chster Pr\u00e4zision<\/li>\n<li>einem hellen, farbigen Touchscreen zur Messwerterfassung und Regelung<\/li>\n<li>einen USB Anschluss f\u00fcr einen Drucker und Waagenanschluss<\/li>\n<li>einem Ethernet Anschluss f\u00fcr eine Verbindung zu einem Computer oder Netzwerk (LAN)<\/li>\n<li>einem SD-Karteleser f\u00fcr einfache Programmaktualisierungen und zur Speicherung der Messwerte<\/li>\n<\/ul>\n<p>Eine gro\u00dfe Auswahl von Sauerstoffbomben f\u00fcr Proben, die zwischen 52 und 12000 Kalorien pro Versuch freisetzen ist verf\u00fcgbar<\/p>\n<h4>Hohe Reproduzierbarkeit<\/h4>\n<p>Das Parr Kompensations-Mantelkalorimeter 6100 \u00fcberwacht kontinuierlich die Umgebungstemperatur des Kalorimeters an und verwendet die notwendige W\u00e4rmeverlustkorrektur in Echtzeit. Ungeachtet der Tatsache, dass es ohne Wassermantel mit Temperaturregelung wie er isoperibolen Kalorimeter \u00fcblich ist arbeitet, bietet der kompensierte Mantel signifikante Verbesserungen zum traditionellen Kalorimeter mit statischem Mantel. Die Einf\u00fchrung der Echtzeit-Manteltemperatur in Verbindung mit der W\u00e4rmeverlustkorrektur macht eine langwierige Vor- und Nachbereitung, wie sie bei der W\u00e4rmemessung mit statischem Mantel \u00fcblich ist, \u00fcberfl\u00fcssig. Zus\u00e4tzlich zu einer schnellen Analyse erm\u00f6glicht diese Technologie die Realisierung einer Genauigkeit, die von den Standardtestmethoden f\u00fcr kommerzielle Brennstoffanalysen gefordert wird.<\/p>\n<p>Wie bei allen Kalorimetern mit statischem Mantel werden die besten Ergebnisse erzielt, wenn das Messinstrument vor Temperaturschwankungen und Zugluft gesch\u00fctzt wird. Der bevorzugte Arbeitsbereich ist ein klimatisierter Raum (+\/- 1\u00b0C). Es ist ein grundlegendes Prinzip einer verl\u00e4sslichen und aussagekr\u00e4ftigen Analyse regelm\u00e4\u00dfig die Messinstrumente zu kalibrieren. Der optimale Kalibrierintervall ist stark von der Temperaturstabilit\u00e4t des Arbeitsbereiches abh\u00e4ngig. Als Anhaltswert gilt, dass die Kalibrierung der Instrumente nach jedem zehnten Test evaluiert werden sollte. Die Kalorimeterregelsoftware bietet, der Einfachheit halber, sowohl eine grafische Kontrolle als auch zus\u00e4tzlich eine automatische, kontinuierliche Mittelwertbestimmung zur \u00dcberwachung der Kalibrierung. Unter Beachtung der oben genannten Richtlinien und unter Verwendung von Referenzproben, wie zum Beispiel Benzoes\u00e4ure, kann die Prozessstreuung (die Genauigkeitsklassifikation) des Kalorimeters 6100 einen Wert von 0,1% erreichen.<\/p>\n<h4>Eigenst\u00e4ndige Betriebseinheit<\/h4>\n<p><strong>Das Kalorimeter 6100 ist eine kompakte Betriebseinheit<\/strong>, welches \u00fcber die gleiche Sauerstoffbombe der Serie 1108 und den ovalen Wasserbeh\u00e4lter verf\u00fcgt wie das 6200 oder die Vorg\u00e4ngermodelle 1266 und 1356. Es beinhaltet auch das gleiche, automatische Sauerstofff\u00fcllsystem und das hochpr\u00e4zise, elektronische Thermometer wie das Kalorimeter 6200. Es hat einen LCD Farbbildschirm mit Touchscreen zur Dateneingabe und f\u00fcr Bedienerhinweise, Statusanzeige, Datenpr\u00fcfung und Messberichtsanzeige. Alle Schritte w\u00e4hrend des Messablaufs werden von einem Regelsystem mit Mikroprozessor verwaltet, der entweder darauf programmiert wurde im konventionellen Gleichgewichtsmodus zu verfahren oder den schnelleren, dynamischen Modus zu verwendet. Alle Messdaten werden automatisch von dem beschriebenen Mikrocomputer verarbeitet.<\/p>\n<h4>Gedruckte Berichte<\/h4>\n<p><strong>Das Kalorimeter 6100 kann mit dem zus\u00e4tzlichen Drucker 1761 erweitert werden<\/strong>, dieser liefert dann einen permanenten Ausdruck aller Aktivit\u00e4ten des Kalorimeters. Das Parr Modell 6100 kann in verschiedenen Sprachen betrieben werden, sodass die Programmoptionen, das Hauptmen\u00fc, der Ausdruck und etwaige Fehlermeldungen in den folgenden Sprachen erscheinen: Deutsch, Englisch, Franz\u00f6sisch, Spanisch, Italienisch, Polnisch,Chinesisch, Russisch, Tschechisch.<\/p>\n","protected":false},"excerpt":{"rendered":"<p>&nbsp; Das Kalorimeter wurde entwickelt um dem Nutzer folgende M\u00f6glichkeiten zu bieten: ein traditionell konzipiertes Kalorimeter mit austauschbarer Sauerstoffbombe und Wasserbeh\u00e4lter ein Kalorimeter f\u00fcr die \u00e4u\u00dferst schnelle Durchf\u00fchrung von bis zu 7 Testl\u00e4ufen pro Stunde, wenn zwei Bomben und zwei Wasserbeh\u00e4lter verwendet werden eine sehr kompakte Bauweise, die ein Minimum an Arbeitsfl\u00e4che einnimmt eine moderne [&hellip;]<\/p>\n","protected":false},"author":1,"featured_media":37712,"parent":83,"menu_order":4,"comment_status":"closed","ping_status":"closed","template":"product-wide.php","meta":{"_acf_changed":false,"footnotes":"","_links_to":"","_links_to_target":""},"class_list":["post-260","page","type-page","status-publish","has-post-thumbnail","hentry"],"acf":[],"yoast_head":"<!-- This site is optimized with the Yoast SEO plugin v27.4 - https:\/\/yoast.com\/product\/yoast-seo-wordpress\/ -->\n<title>6100 Automatisches Verbrennungskalorimeter - Parr Instrument GmbH<\/title>\n<meta name=\"robots\" content=\"index, follow, max-snippet:-1, max-image-preview:large, max-video-preview:-1\" \/>\n<link rel=\"canonical\" href=\"https:\/\/www.parrinst.com\/de\/products\/oxygen-bomb-calorimeters\/6100-compensated-jacket-calorimeter\/\" \/>\n<meta property=\"og:locale\" content=\"en_US\" \/>\n<meta property=\"og:type\" content=\"article\" \/>\n<meta property=\"og:title\" content=\"6100 Automatisches Verbrennungskalorimeter - Parr Instrument GmbH\" \/>\n<meta property=\"og:description\" content=\"&nbsp; Das Kalorimeter wurde entwickelt um dem Nutzer folgende M\u00f6glichkeiten zu bieten: ein traditionell konzipiertes Kalorimeter mit austauschbarer Sauerstoffbombe und Wasserbeh\u00e4lter ein Kalorimeter f\u00fcr die \u00e4u\u00dferst schnelle Durchf\u00fchrung von bis zu 7 Testl\u00e4ufen pro Stunde, wenn zwei Bomben und zwei Wasserbeh\u00e4lter verwendet werden eine sehr kompakte Bauweise, die ein Minimum an Arbeitsfl\u00e4che einnimmt eine moderne [&hellip;]\" \/>\n<meta property=\"og:url\" content=\"https:\/\/www.parrinst.com\/de\/products\/oxygen-bomb-calorimeters\/6100-compensated-jacket-calorimeter\/\" \/>\n<meta property=\"og:site_name\" content=\"Parr Instrument GmbH\" \/>\n<meta property=\"article:modified_time\" content=\"2022-11-18T18:46:24+00:00\" \/>\n<meta property=\"og:image\" content=\"https:\/\/www.parrinst.com\/de\/files\/2018\/01\/parr_banner_calorimeter_secondary-3.jpg\" \/>\n\t<meta property=\"og:image:width\" content=\"2200\" \/>\n\t<meta property=\"og:image:height\" content=\"399\" \/>\n\t<meta property=\"og:image:type\" content=\"image\/jpeg\" \/>\n<meta name=\"twitter:card\" content=\"summary_large_image\" \/>\n<meta name=\"twitter:label1\" content=\"Est. reading time\" \/>\n\t<meta name=\"twitter:data1\" content=\"4 minutes\" \/>\n<script type=\"application\/ld+json\" class=\"yoast-schema-graph\">{\"@context\":\"https:\\\/\\\/schema.org\",\"@graph\":[{\"@type\":\"WebPage\",\"@id\":\"https:\\\/\\\/www.parrinst.com\\\/de\\\/products\\\/oxygen-bomb-calorimeters\\\/6100-compensated-jacket-calorimeter\\\/\",\"url\":\"https:\\\/\\\/www.parrinst.com\\\/de\\\/products\\\/oxygen-bomb-calorimeters\\\/6100-compensated-jacket-calorimeter\\\/\",\"name\":\"6100 Automatisches Verbrennungskalorimeter - Parr Instrument GmbH\",\"isPartOf\":{\"@id\":\"https:\\\/\\\/www.parrinst.com\\\/de\\\/#website\"},\"primaryImageOfPage\":{\"@id\":\"https:\\\/\\\/www.parrinst.com\\\/de\\\/products\\\/oxygen-bomb-calorimeters\\\/6100-compensated-jacket-calorimeter\\\/#primaryimage\"},\"image\":{\"@id\":\"https:\\\/\\\/www.parrinst.com\\\/de\\\/products\\\/oxygen-bomb-calorimeters\\\/6100-compensated-jacket-calorimeter\\\/#primaryimage\"},\"thumbnailUrl\":\"https:\\\/\\\/i0.wp.com\\\/www.parrinst.com\\\/de\\\/wp-content\\\/uploads\\\/sites\\\/6\\\/2018\\\/01\\\/parr_banner_calorimeter_secondary-3.jpg?fit=2200%2C399&ssl=1\",\"datePublished\":\"2011-03-11T01:56:21+00:00\",\"dateModified\":\"2022-11-18T18:46:24+00:00\",\"breadcrumb\":{\"@id\":\"https:\\\/\\\/www.parrinst.com\\\/de\\\/products\\\/oxygen-bomb-calorimeters\\\/6100-compensated-jacket-calorimeter\\\/#breadcrumb\"},\"inLanguage\":\"en-US\",\"potentialAction\":[{\"@type\":\"ReadAction\",\"target\":[\"https:\\\/\\\/www.parrinst.com\\\/de\\\/products\\\/oxygen-bomb-calorimeters\\\/6100-compensated-jacket-calorimeter\\\/\"]}]},{\"@type\":\"ImageObject\",\"inLanguage\":\"en-US\",\"@id\":\"https:\\\/\\\/www.parrinst.com\\\/de\\\/products\\\/oxygen-bomb-calorimeters\\\/6100-compensated-jacket-calorimeter\\\/#primaryimage\",\"url\":\"https:\\\/\\\/i0.wp.com\\\/www.parrinst.com\\\/de\\\/wp-content\\\/uploads\\\/sites\\\/6\\\/2018\\\/01\\\/parr_banner_calorimeter_secondary-3.jpg?fit=2200%2C399&ssl=1\",\"contentUrl\":\"https:\\\/\\\/i0.wp.com\\\/www.parrinst.com\\\/de\\\/wp-content\\\/uploads\\\/sites\\\/6\\\/2018\\\/01\\\/parr_banner_calorimeter_secondary-3.jpg?fit=2200%2C399&ssl=1\",\"width\":2200,\"height\":399},{\"@type\":\"BreadcrumbList\",\"@id\":\"https:\\\/\\\/www.parrinst.com\\\/de\\\/products\\\/oxygen-bomb-calorimeters\\\/6100-compensated-jacket-calorimeter\\\/#breadcrumb\",\"itemListElement\":[{\"@type\":\"ListItem\",\"position\":1,\"name\":\"Home\",\"item\":\"https:\\\/\\\/www.parrinst.com\\\/de\\\/\"},{\"@type\":\"ListItem\",\"position\":2,\"name\":\"Products\",\"item\":\"https:\\\/\\\/www.parrinst.com\\\/de\\\/products\\\/\"},{\"@type\":\"ListItem\",\"position\":3,\"name\":\"Sauerstoffbomben-Kalorimeter\",\"item\":\"https:\\\/\\\/www.parrinst.com\\\/de\\\/products\\\/oxygen-bomb-calorimeters\\\/\"},{\"@type\":\"ListItem\",\"position\":4,\"name\":\"6100 Automatisches Verbrennungskalorimeter\"}]},{\"@type\":\"WebSite\",\"@id\":\"https:\\\/\\\/www.parrinst.com\\\/de\\\/#website\",\"url\":\"https:\\\/\\\/www.parrinst.com\\\/de\\\/\",\"name\":\"Parr Instrument GmbH\",\"description\":\"\",\"potentialAction\":[{\"@type\":\"SearchAction\",\"target\":{\"@type\":\"EntryPoint\",\"urlTemplate\":\"https:\\\/\\\/www.parrinst.com\\\/de\\\/?s={search_term_string}\"},\"query-input\":{\"@type\":\"PropertyValueSpecification\",\"valueRequired\":true,\"valueName\":\"search_term_string\"}}],\"inLanguage\":\"en-US\"}]}<\/script>\n<!-- \/ Yoast SEO plugin. -->","yoast_head_json":{"title":"6100 Automatisches Verbrennungskalorimeter - Parr Instrument GmbH","robots":{"index":"index","follow":"follow","max-snippet":"max-snippet:-1","max-image-preview":"max-image-preview:large","max-video-preview":"max-video-preview:-1"},"canonical":"https:\/\/www.parrinst.com\/de\/products\/oxygen-bomb-calorimeters\/6100-compensated-jacket-calorimeter\/","og_locale":"en_US","og_type":"article","og_title":"6100 Automatisches Verbrennungskalorimeter - Parr Instrument GmbH","og_description":"&nbsp; Das Kalorimeter wurde entwickelt um dem Nutzer folgende M\u00f6glichkeiten zu bieten: ein traditionell konzipiertes Kalorimeter mit austauschbarer Sauerstoffbombe und Wasserbeh\u00e4lter ein Kalorimeter f\u00fcr die \u00e4u\u00dferst schnelle Durchf\u00fchrung von bis zu 7 Testl\u00e4ufen pro Stunde, wenn zwei Bomben und zwei Wasserbeh\u00e4lter verwendet werden eine sehr kompakte Bauweise, die ein Minimum an Arbeitsfl\u00e4che einnimmt eine moderne [&hellip;]","og_url":"https:\/\/www.parrinst.com\/de\/products\/oxygen-bomb-calorimeters\/6100-compensated-jacket-calorimeter\/","og_site_name":"Parr Instrument GmbH","article_modified_time":"2022-11-18T18:46:24+00:00","og_image":[{"width":2200,"height":399,"url":"https:\/\/www.parrinst.com\/de\/files\/2018\/01\/parr_banner_calorimeter_secondary-3.jpg","type":"image\/jpeg"}],"twitter_card":"summary_large_image","twitter_misc":{"Est. reading time":"4 minutes"},"schema":{"@context":"https:\/\/schema.org","@graph":[{"@type":"WebPage","@id":"https:\/\/www.parrinst.com\/de\/products\/oxygen-bomb-calorimeters\/6100-compensated-jacket-calorimeter\/","url":"https:\/\/www.parrinst.com\/de\/products\/oxygen-bomb-calorimeters\/6100-compensated-jacket-calorimeter\/","name":"6100 Automatisches Verbrennungskalorimeter - Parr Instrument GmbH","isPartOf":{"@id":"https:\/\/www.parrinst.com\/de\/#website"},"primaryImageOfPage":{"@id":"https:\/\/www.parrinst.com\/de\/products\/oxygen-bomb-calorimeters\/6100-compensated-jacket-calorimeter\/#primaryimage"},"image":{"@id":"https:\/\/www.parrinst.com\/de\/products\/oxygen-bomb-calorimeters\/6100-compensated-jacket-calorimeter\/#primaryimage"},"thumbnailUrl":"https:\/\/i0.wp.com\/www.parrinst.com\/de\/wp-content\/uploads\/sites\/6\/2018\/01\/parr_banner_calorimeter_secondary-3.jpg?fit=2200%2C399&ssl=1","datePublished":"2011-03-11T01:56:21+00:00","dateModified":"2022-11-18T18:46:24+00:00","breadcrumb":{"@id":"https:\/\/www.parrinst.com\/de\/products\/oxygen-bomb-calorimeters\/6100-compensated-jacket-calorimeter\/#breadcrumb"},"inLanguage":"en-US","potentialAction":[{"@type":"ReadAction","target":["https:\/\/www.parrinst.com\/de\/products\/oxygen-bomb-calorimeters\/6100-compensated-jacket-calorimeter\/"]}]},{"@type":"ImageObject","inLanguage":"en-US","@id":"https:\/\/www.parrinst.com\/de\/products\/oxygen-bomb-calorimeters\/6100-compensated-jacket-calorimeter\/#primaryimage","url":"https:\/\/i0.wp.com\/www.parrinst.com\/de\/wp-content\/uploads\/sites\/6\/2018\/01\/parr_banner_calorimeter_secondary-3.jpg?fit=2200%2C399&ssl=1","contentUrl":"https:\/\/i0.wp.com\/www.parrinst.com\/de\/wp-content\/uploads\/sites\/6\/2018\/01\/parr_banner_calorimeter_secondary-3.jpg?fit=2200%2C399&ssl=1","width":2200,"height":399},{"@type":"BreadcrumbList","@id":"https:\/\/www.parrinst.com\/de\/products\/oxygen-bomb-calorimeters\/6100-compensated-jacket-calorimeter\/#breadcrumb","itemListElement":[{"@type":"ListItem","position":1,"name":"Home","item":"https:\/\/www.parrinst.com\/de\/"},{"@type":"ListItem","position":2,"name":"Products","item":"https:\/\/www.parrinst.com\/de\/products\/"},{"@type":"ListItem","position":3,"name":"Sauerstoffbomben-Kalorimeter","item":"https:\/\/www.parrinst.com\/de\/products\/oxygen-bomb-calorimeters\/"},{"@type":"ListItem","position":4,"name":"6100 Automatisches Verbrennungskalorimeter"}]},{"@type":"WebSite","@id":"https:\/\/www.parrinst.com\/de\/#website","url":"https:\/\/www.parrinst.com\/de\/","name":"Parr Instrument GmbH","description":"","potentialAction":[{"@type":"SearchAction","target":{"@type":"EntryPoint","urlTemplate":"https:\/\/www.parrinst.com\/de\/?s={search_term_string}"},"query-input":{"@type":"PropertyValueSpecification","valueRequired":true,"valueName":"search_term_string"}}],"inLanguage":"en-US"}]}},"jetpack_sharing_enabled":true,"_links":{"self":[{"href":"https:\/\/www.parrinst.com\/de\/wp-json\/wp\/v2\/pages\/260","targetHints":{"allow":["GET"]}}],"collection":[{"href":"https:\/\/www.parrinst.com\/de\/wp-json\/wp\/v2\/pages"}],"about":[{"href":"https:\/\/www.parrinst.com\/de\/wp-json\/wp\/v2\/types\/page"}],"author":[{"embeddable":true,"href":"https:\/\/www.parrinst.com\/de\/wp-json\/wp\/v2\/users\/1"}],"replies":[{"embeddable":true,"href":"https:\/\/www.parrinst.com\/de\/wp-json\/wp\/v2\/comments?post=260"}],"version-history":[{"count":6,"href":"https:\/\/www.parrinst.com\/de\/wp-json\/wp\/v2\/pages\/260\/revisions"}],"predecessor-version":[{"id":41135,"href":"https:\/\/www.parrinst.com\/de\/wp-json\/wp\/v2\/pages\/260\/revisions\/41135"}],"up":[{"embeddable":true,"href":"https:\/\/www.parrinst.com\/de\/wp-json\/wp\/v2\/pages\/83"}],"wp:featuredmedia":[{"embeddable":true,"href":"https:\/\/www.parrinst.com\/de\/wp-json\/wp\/v2\/media\/37712"}],"wp:attachment":[{"href":"https:\/\/www.parrinst.com\/de\/wp-json\/wp\/v2\/media?parent=260"}],"curies":[{"name":"wp","href":"https:\/\/api.w.org\/{rel}","templated":true}]}}