{"id":262,"date":"2011-03-10T19:56:45","date_gmt":"2011-03-11T01:56:45","guid":{"rendered":"https:\/\/www.parrinst.com\/?page_id=262"},"modified":"2018-09-19T14:08:40","modified_gmt":"2018-09-19T19:08:40","slug":"1341-plain-jacket-bomb-calorimeter","status":"publish","type":"page","link":"https:\/\/www.parrinst.com\/de\/products\/oxygen-bomb-calorimeters\/1341-plain-jacket-bomb-calorimeter\/","title":{"rendered":"1341 Plain Jacket Kalorimeter"},"content":{"rendered":"<p><a href=\"https:\/\/i0.wp.com\/www.parrinst.com\/de\/wp-content\/uploads\/sites\/6\/2011\/03\/13416775-1.jpg?ssl=1\"><img data-recalc-dims=\"1\" loading=\"lazy\" decoding=\"async\" class=\"size-medium wp-image-3011 alignright\" src=\"https:\/\/i0.wp.com\/www.parrinst.com\/de\/wp-content\/uploads\/sites\/6\/2011\/03\/13416775-1.jpg?resize=300%2C227&#038;ssl=1\" alt=\"1341 Plain Jacket Calorimeter\" width=\"300\" height=\"227\" \/><\/a><\/p>\n<h3>Ein verl\u00e4ssliches Sauerstoffaufschlussgef\u00e4\u00df mit flach abgedichtetem Mantel f\u00fcr gelegentliche kalorimetrische Messungen<\/h3>\n<p>Das Kalorimeter der Serie 1341 ist eine verbesserte Version des einfachen Verbrennungskalorimeters mit statischem Mantel, welches von Parr seit \u00fcber achtzig Jahren hergestellt wird. Dieses zuverl\u00e4ssige Kalorimeter kann f\u00fcr dieselbe Bandbreite an fl\u00fcssigen oder festen brennbaren Proben verwendet werden wie die Kalorimeter der Serie 6000. Die kosteng\u00fcnstige und einfache Konstruktion wird Anwendern empfohlen, deren Arbeitsumfang nicht die Anschaffung eines automatischen Modells rechtfertigt. Das Kalorimeter ben\u00f6tigt keine permanenten Anschl\u00fcsse. Es kann in wenigen Minuten aufgestellt und einsatzbereit gemacht werden, und wenn es nicht ben\u00f6tigt wird, kann es ebenso einfach abgebaut und in einem Schrank verstaut werden.<\/p>\n<h4>Viele Anwendungsm\u00f6glichkeiten<\/h4>\n<p>Mit dem Kalorimeter 1341 kann der Brennwert jeder fl\u00fcssigen oder festen Substanz bestimmt werden, die in einem Sauerstoffaufschlussger\u00e4t kontrolliert verbrannt werden kann. Es kann auch hervorragend f\u00fcr Unterrichtszwecke eingesetzt werden, um Sch\u00fclern und Studenten im Labor Techniken zur Durchf\u00fchrung von W\u00e4rmemessungen zu erl\u00e4utern, denn das Ger\u00e4t ist mit allen Funktionen ausgestattet, die f\u00fcr derartige Tests ben\u00f6tigt werden, wobei jeder Bestandteil des Gesamtsystems auf eine Basisausf\u00fchrung reduziert ist. Wegen seiner schlichten Konstruktion wird es zwar als \u201eeinfaches\u201c Kalorimeter bezeichnet, aus technischer Sicht jedoch ist es ein Messger\u00e4t mit statischem Mantel, welches bei Raumtemperatur oder nahe an Raumtemperatur ohne Vorrichtungen zur Kontrolle der Manteltemperatur betrieben wird. Jeglicher W\u00e4rmeverlust (oder \u2013gewinn) w\u00e4hrend der Messung wird rechnerisch anhand einer Kriechw\u00e4rmestrommessung vor und nach jeder Messung bestimmt. Im Allgemeinen k\u00f6nnen 10 bis 12 Messungen w\u00e4hrend eines 8-st\u00fcndigen Arbeitstages durchgef\u00fchrt werden, wohingegen mit einem automatischen Modell von Parr bis zu 55 Durchg\u00e4nge absolviert werden k\u00f6nnen.<\/p>\n<h4>Hohe Reproduzierbarkeit<\/h4>\n<p>Wenn der Temperaturanstieg und der Kriechw\u00e4rmestrom sorgsam gemessen und ausgewertet werden, kann mit dem Kalorimeter 1341 eine hohe Reproduzierbarkeit erreicht werden. Bei Verwendung des mitgelieferten Digitalthermometers 6775 sollte die Standardabweichung f\u00fcr eine Testreihe mit einheitlichen Proben von zum Beispiel Benzoes\u00e4ure einen Wert von 0,3% nicht \u00fcberschreiten. Die Reproduzierbarkeit kann noch verbessert und die Standardabweichung auf einen Wert von 0,2% verringert werden, wenn das kalorimetrische Thermometer 6772 von Parr verwendet wird.<\/p>\n<h4>Qualitativ hochwertige Ausf\u00fchrung<\/h4>\n<p>Bei der Auswahl der Komponenten f\u00fcr das kosteng\u00fcnstige Kalorimeter 1341 wurden keine Kompromisse eingegangen. Es ist mit dem gleichen Sauerstoffaufschlussgef\u00e4\u00df 1108 ausgestattet, mit dem Parr-Kalorimeter seit Jahrzehnten ausgestattet werden. Alternativ erh\u00e4ltlich ist das Verbrennungskalorimeter 1108CL mit einer erh\u00f6hten Widerstandsf\u00e4higkeit gegen\u00fcber Chlorgas und Halogens\u00e4uren f\u00fcr Messungen, die Abfallstoffe und chlorierte L\u00f6sungsmittel enthalten. Die doppelwandig ausgef\u00fchrten M\u00e4ntel stellen eine einfache, aber effektive Isolierung dar, die den W\u00e4rmeaustausch zwischen dem Kalorimeter und der Umgebung reduziert. Die Temperatur wird mit dem Digitalthermometer 6775 aufgezeichnet. Das Thermometer hat einen Arbeitsbereich von 10\u00b0C bis 40\u00b0C und eine Aufl\u00f6sung von 0,0001\u00b0C.<\/p>\n","protected":false},"excerpt":{"rendered":"<p>Ein verl\u00e4ssliches Sauerstoffaufschlussgef\u00e4\u00df mit flach abgedichtetem Mantel f\u00fcr gelegentliche kalorimetrische Messungen Das Kalorimeter der Serie 1341 ist eine verbesserte Version des einfachen Verbrennungskalorimeters mit statischem Mantel, welches von Parr seit \u00fcber achtzig Jahren hergestellt wird. Dieses zuverl\u00e4ssige Kalorimeter kann f\u00fcr dieselbe Bandbreite an fl\u00fcssigen oder festen brennbaren Proben verwendet werden wie die Kalorimeter der Serie [&hellip;]<\/p>\n","protected":false},"author":1,"featured_media":37712,"parent":83,"menu_order":5,"comment_status":"closed","ping_status":"closed","template":"product-wide.php","meta":{"_acf_changed":false,"footnotes":"","_links_to":"","_links_to_target":""},"class_list":["post-262","page","type-page","status-publish","has-post-thumbnail","hentry"],"acf":[],"yoast_head":"<!-- This site is optimized with the Yoast SEO plugin v27.5 - https:\/\/yoast.com\/product\/yoast-seo-wordpress\/ -->\n<title>1341 Plain Jacket Kalorimeter - Parr Instrument GmbH<\/title>\n<meta name=\"robots\" content=\"index, follow, max-snippet:-1, max-image-preview:large, max-video-preview:-1\" \/>\n<link rel=\"canonical\" href=\"https:\/\/www.parrinst.com\/de\/products\/oxygen-bomb-calorimeters\/1341-plain-jacket-bomb-calorimeter\/\" \/>\n<meta property=\"og:locale\" content=\"en_US\" \/>\n<meta property=\"og:type\" content=\"article\" \/>\n<meta property=\"og:title\" content=\"1341 Plain Jacket Kalorimeter - Parr Instrument GmbH\" \/>\n<meta property=\"og:description\" content=\"Ein verl\u00e4ssliches Sauerstoffaufschlussgef\u00e4\u00df mit flach abgedichtetem Mantel f\u00fcr gelegentliche kalorimetrische Messungen Das Kalorimeter der Serie 1341 ist eine verbesserte Version des einfachen Verbrennungskalorimeters mit statischem Mantel, welches von Parr seit \u00fcber achtzig Jahren hergestellt wird. Dieses zuverl\u00e4ssige Kalorimeter kann f\u00fcr dieselbe Bandbreite an fl\u00fcssigen oder festen brennbaren Proben verwendet werden wie die Kalorimeter der Serie [&hellip;]\" \/>\n<meta property=\"og:url\" content=\"https:\/\/www.parrinst.com\/de\/products\/oxygen-bomb-calorimeters\/1341-plain-jacket-bomb-calorimeter\/\" \/>\n<meta property=\"og:site_name\" content=\"Parr Instrument GmbH\" \/>\n<meta property=\"article:modified_time\" content=\"2018-09-19T19:08:40+00:00\" \/>\n<meta property=\"og:image\" content=\"https:\/\/www.parrinst.com\/de\/files\/2018\/01\/parr_banner_calorimeter_secondary-3.jpg\" \/>\n\t<meta property=\"og:image:width\" content=\"2200\" \/>\n\t<meta property=\"og:image:height\" content=\"399\" \/>\n\t<meta property=\"og:image:type\" content=\"image\/jpeg\" \/>\n<meta name=\"twitter:card\" content=\"summary_large_image\" \/>\n<meta name=\"twitter:label1\" content=\"Est. reading time\" \/>\n\t<meta name=\"twitter:data1\" content=\"2 minutes\" \/>\n<script type=\"application\/ld+json\" class=\"yoast-schema-graph\">{\"@context\":\"https:\\\/\\\/schema.org\",\"@graph\":[{\"@type\":\"WebPage\",\"@id\":\"https:\\\/\\\/www.parrinst.com\\\/de\\\/products\\\/oxygen-bomb-calorimeters\\\/1341-plain-jacket-bomb-calorimeter\\\/\",\"url\":\"https:\\\/\\\/www.parrinst.com\\\/de\\\/products\\\/oxygen-bomb-calorimeters\\\/1341-plain-jacket-bomb-calorimeter\\\/\",\"name\":\"1341 Plain Jacket Kalorimeter - Parr Instrument GmbH\",\"isPartOf\":{\"@id\":\"https:\\\/\\\/www.parrinst.com\\\/de\\\/#website\"},\"primaryImageOfPage\":{\"@id\":\"https:\\\/\\\/www.parrinst.com\\\/de\\\/products\\\/oxygen-bomb-calorimeters\\\/1341-plain-jacket-bomb-calorimeter\\\/#primaryimage\"},\"image\":{\"@id\":\"https:\\\/\\\/www.parrinst.com\\\/de\\\/products\\\/oxygen-bomb-calorimeters\\\/1341-plain-jacket-bomb-calorimeter\\\/#primaryimage\"},\"thumbnailUrl\":\"https:\\\/\\\/i0.wp.com\\\/www.parrinst.com\\\/de\\\/wp-content\\\/uploads\\\/sites\\\/6\\\/2018\\\/01\\\/parr_banner_calorimeter_secondary-3.jpg?fit=2200%2C399&ssl=1\",\"datePublished\":\"2011-03-11T01:56:45+00:00\",\"dateModified\":\"2018-09-19T19:08:40+00:00\",\"breadcrumb\":{\"@id\":\"https:\\\/\\\/www.parrinst.com\\\/de\\\/products\\\/oxygen-bomb-calorimeters\\\/1341-plain-jacket-bomb-calorimeter\\\/#breadcrumb\"},\"inLanguage\":\"en-US\",\"potentialAction\":[{\"@type\":\"ReadAction\",\"target\":[\"https:\\\/\\\/www.parrinst.com\\\/de\\\/products\\\/oxygen-bomb-calorimeters\\\/1341-plain-jacket-bomb-calorimeter\\\/\"]}]},{\"@type\":\"ImageObject\",\"inLanguage\":\"en-US\",\"@id\":\"https:\\\/\\\/www.parrinst.com\\\/de\\\/products\\\/oxygen-bomb-calorimeters\\\/1341-plain-jacket-bomb-calorimeter\\\/#primaryimage\",\"url\":\"https:\\\/\\\/i0.wp.com\\\/www.parrinst.com\\\/de\\\/wp-content\\\/uploads\\\/sites\\\/6\\\/2018\\\/01\\\/parr_banner_calorimeter_secondary-3.jpg?fit=2200%2C399&ssl=1\",\"contentUrl\":\"https:\\\/\\\/i0.wp.com\\\/www.parrinst.com\\\/de\\\/wp-content\\\/uploads\\\/sites\\\/6\\\/2018\\\/01\\\/parr_banner_calorimeter_secondary-3.jpg?fit=2200%2C399&ssl=1\",\"width\":2200,\"height\":399},{\"@type\":\"BreadcrumbList\",\"@id\":\"https:\\\/\\\/www.parrinst.com\\\/de\\\/products\\\/oxygen-bomb-calorimeters\\\/1341-plain-jacket-bomb-calorimeter\\\/#breadcrumb\",\"itemListElement\":[{\"@type\":\"ListItem\",\"position\":1,\"name\":\"Home\",\"item\":\"https:\\\/\\\/www.parrinst.com\\\/de\\\/\"},{\"@type\":\"ListItem\",\"position\":2,\"name\":\"Products\",\"item\":\"https:\\\/\\\/www.parrinst.com\\\/de\\\/products\\\/\"},{\"@type\":\"ListItem\",\"position\":3,\"name\":\"Sauerstoffbomben-Kalorimeter\",\"item\":\"https:\\\/\\\/www.parrinst.com\\\/de\\\/products\\\/oxygen-bomb-calorimeters\\\/\"},{\"@type\":\"ListItem\",\"position\":4,\"name\":\"1341 Plain Jacket Kalorimeter\"}]},{\"@type\":\"WebSite\",\"@id\":\"https:\\\/\\\/www.parrinst.com\\\/de\\\/#website\",\"url\":\"https:\\\/\\\/www.parrinst.com\\\/de\\\/\",\"name\":\"Parr Instrument GmbH\",\"description\":\"\",\"potentialAction\":[{\"@type\":\"SearchAction\",\"target\":{\"@type\":\"EntryPoint\",\"urlTemplate\":\"https:\\\/\\\/www.parrinst.com\\\/de\\\/?s={search_term_string}\"},\"query-input\":{\"@type\":\"PropertyValueSpecification\",\"valueRequired\":true,\"valueName\":\"search_term_string\"}}],\"inLanguage\":\"en-US\"}]}<\/script>\n<!-- \/ Yoast SEO plugin. -->","yoast_head_json":{"title":"1341 Plain Jacket Kalorimeter - Parr Instrument GmbH","robots":{"index":"index","follow":"follow","max-snippet":"max-snippet:-1","max-image-preview":"max-image-preview:large","max-video-preview":"max-video-preview:-1"},"canonical":"https:\/\/www.parrinst.com\/de\/products\/oxygen-bomb-calorimeters\/1341-plain-jacket-bomb-calorimeter\/","og_locale":"en_US","og_type":"article","og_title":"1341 Plain Jacket Kalorimeter - Parr Instrument GmbH","og_description":"Ein verl\u00e4ssliches Sauerstoffaufschlussgef\u00e4\u00df mit flach abgedichtetem Mantel f\u00fcr gelegentliche kalorimetrische Messungen Das Kalorimeter der Serie 1341 ist eine verbesserte Version des einfachen Verbrennungskalorimeters mit statischem Mantel, welches von Parr seit \u00fcber achtzig Jahren hergestellt wird. Dieses zuverl\u00e4ssige Kalorimeter kann f\u00fcr dieselbe Bandbreite an fl\u00fcssigen oder festen brennbaren Proben verwendet werden wie die Kalorimeter der Serie [&hellip;]","og_url":"https:\/\/www.parrinst.com\/de\/products\/oxygen-bomb-calorimeters\/1341-plain-jacket-bomb-calorimeter\/","og_site_name":"Parr Instrument GmbH","article_modified_time":"2018-09-19T19:08:40+00:00","og_image":[{"width":2200,"height":399,"url":"https:\/\/www.parrinst.com\/de\/files\/2018\/01\/parr_banner_calorimeter_secondary-3.jpg","type":"image\/jpeg"}],"twitter_card":"summary_large_image","twitter_misc":{"Est. reading time":"2 minutes"},"schema":{"@context":"https:\/\/schema.org","@graph":[{"@type":"WebPage","@id":"https:\/\/www.parrinst.com\/de\/products\/oxygen-bomb-calorimeters\/1341-plain-jacket-bomb-calorimeter\/","url":"https:\/\/www.parrinst.com\/de\/products\/oxygen-bomb-calorimeters\/1341-plain-jacket-bomb-calorimeter\/","name":"1341 Plain Jacket Kalorimeter - Parr Instrument GmbH","isPartOf":{"@id":"https:\/\/www.parrinst.com\/de\/#website"},"primaryImageOfPage":{"@id":"https:\/\/www.parrinst.com\/de\/products\/oxygen-bomb-calorimeters\/1341-plain-jacket-bomb-calorimeter\/#primaryimage"},"image":{"@id":"https:\/\/www.parrinst.com\/de\/products\/oxygen-bomb-calorimeters\/1341-plain-jacket-bomb-calorimeter\/#primaryimage"},"thumbnailUrl":"https:\/\/i0.wp.com\/www.parrinst.com\/de\/wp-content\/uploads\/sites\/6\/2018\/01\/parr_banner_calorimeter_secondary-3.jpg?fit=2200%2C399&ssl=1","datePublished":"2011-03-11T01:56:45+00:00","dateModified":"2018-09-19T19:08:40+00:00","breadcrumb":{"@id":"https:\/\/www.parrinst.com\/de\/products\/oxygen-bomb-calorimeters\/1341-plain-jacket-bomb-calorimeter\/#breadcrumb"},"inLanguage":"en-US","potentialAction":[{"@type":"ReadAction","target":["https:\/\/www.parrinst.com\/de\/products\/oxygen-bomb-calorimeters\/1341-plain-jacket-bomb-calorimeter\/"]}]},{"@type":"ImageObject","inLanguage":"en-US","@id":"https:\/\/www.parrinst.com\/de\/products\/oxygen-bomb-calorimeters\/1341-plain-jacket-bomb-calorimeter\/#primaryimage","url":"https:\/\/i0.wp.com\/www.parrinst.com\/de\/wp-content\/uploads\/sites\/6\/2018\/01\/parr_banner_calorimeter_secondary-3.jpg?fit=2200%2C399&ssl=1","contentUrl":"https:\/\/i0.wp.com\/www.parrinst.com\/de\/wp-content\/uploads\/sites\/6\/2018\/01\/parr_banner_calorimeter_secondary-3.jpg?fit=2200%2C399&ssl=1","width":2200,"height":399},{"@type":"BreadcrumbList","@id":"https:\/\/www.parrinst.com\/de\/products\/oxygen-bomb-calorimeters\/1341-plain-jacket-bomb-calorimeter\/#breadcrumb","itemListElement":[{"@type":"ListItem","position":1,"name":"Home","item":"https:\/\/www.parrinst.com\/de\/"},{"@type":"ListItem","position":2,"name":"Products","item":"https:\/\/www.parrinst.com\/de\/products\/"},{"@type":"ListItem","position":3,"name":"Sauerstoffbomben-Kalorimeter","item":"https:\/\/www.parrinst.com\/de\/products\/oxygen-bomb-calorimeters\/"},{"@type":"ListItem","position":4,"name":"1341 Plain Jacket Kalorimeter"}]},{"@type":"WebSite","@id":"https:\/\/www.parrinst.com\/de\/#website","url":"https:\/\/www.parrinst.com\/de\/","name":"Parr Instrument GmbH","description":"","potentialAction":[{"@type":"SearchAction","target":{"@type":"EntryPoint","urlTemplate":"https:\/\/www.parrinst.com\/de\/?s={search_term_string}"},"query-input":{"@type":"PropertyValueSpecification","valueRequired":true,"valueName":"search_term_string"}}],"inLanguage":"en-US"}]}},"jetpack_sharing_enabled":true,"_links":{"self":[{"href":"https:\/\/www.parrinst.com\/de\/wp-json\/wp\/v2\/pages\/262","targetHints":{"allow":["GET"]}}],"collection":[{"href":"https:\/\/www.parrinst.com\/de\/wp-json\/wp\/v2\/pages"}],"about":[{"href":"https:\/\/www.parrinst.com\/de\/wp-json\/wp\/v2\/types\/page"}],"author":[{"embeddable":true,"href":"https:\/\/www.parrinst.com\/de\/wp-json\/wp\/v2\/users\/1"}],"replies":[{"embeddable":true,"href":"https:\/\/www.parrinst.com\/de\/wp-json\/wp\/v2\/comments?post=262"}],"version-history":[{"count":2,"href":"https:\/\/www.parrinst.com\/de\/wp-json\/wp\/v2\/pages\/262\/revisions"}],"predecessor-version":[{"id":38987,"href":"https:\/\/www.parrinst.com\/de\/wp-json\/wp\/v2\/pages\/262\/revisions\/38987"}],"up":[{"embeddable":true,"href":"https:\/\/www.parrinst.com\/de\/wp-json\/wp\/v2\/pages\/83"}],"wp:featuredmedia":[{"embeddable":true,"href":"https:\/\/www.parrinst.com\/de\/wp-json\/wp\/v2\/media\/37712"}],"wp:attachment":[{"href":"https:\/\/www.parrinst.com\/de\/wp-json\/wp\/v2\/media?parent=262"}],"curies":[{"name":"wp","href":"https:\/\/api.w.org\/{rel}","templated":true}]}}