{"id":264,"date":"2011-03-10T19:57:15","date_gmt":"2011-03-11T01:57:15","guid":{"rendered":"https:\/\/www.parrinst.com\/?page_id=264"},"modified":"2019-05-17T16:11:10","modified_gmt":"2019-05-17T21:11:10","slug":"6725-semimicro-calorimeter","status":"publish","type":"page","link":"https:\/\/www.parrinst.com\/de\/products\/oxygen-bomb-calorimeters\/6725-semimicro-calorimeter\/","title":{"rendered":"6725 Semimikrokalorimeter"},"content":{"rendered":"\n\t\t\t<div id='264-1' class='gallery gallery-264 gallery-columns-3 gallery-size-medium' itemscope itemtype='http:\/\/schema.org\/ImageGallery'>\n\t\t\t\t<div class='gallery-row gallery-col-3 gallery-clear'>\n\t\t\t\t\t<figure class='gallery-item col-3' itemprop='associatedMedia' itemscope itemtype='http:\/\/schema.org\/ImageObject'>\n\t\t\t\t\t\t<div class='gallery-icon portrait'><a href=\"https:\/\/i0.wp.com\/www.parrinst.com\/de\/wp-content\/uploads\/sites\/6\/2011\/06\/6725-Semimicro-Calorimeter.jpg?ssl=1\" itemprop=\"contentURL\"><img loading=\"lazy\" decoding=\"async\" width=\"214\" height=\"300\" src=\"https:\/\/i0.wp.com\/www.parrinst.com\/de\/wp-content\/uploads\/sites\/6\/2011\/06\/6725-Semimicro-Calorimeter.jpg?fit=214%2C300&amp;ssl=1\" class=\"attachment-medium size-medium\" alt=\"6725 Semimicro Calorimeter\" srcset=\"https:\/\/i0.wp.com\/www.parrinst.com\/de\/wp-content\/uploads\/sites\/6\/2011\/06\/6725-Semimicro-Calorimeter.jpg?w=600&amp;ssl=1 600w, https:\/\/i0.wp.com\/www.parrinst.com\/de\/wp-content\/uploads\/sites\/6\/2011\/06\/6725-Semimicro-Calorimeter.jpg?resize=107%2C150&amp;ssl=1 107w, https:\/\/i0.wp.com\/www.parrinst.com\/de\/wp-content\/uploads\/sites\/6\/2011\/06\/6725-Semimicro-Calorimeter.jpg?resize=214%2C300&amp;ssl=1 214w\" sizes=\"auto, (max-width: 214px) 100vw, 214px\" itemprop=\"thumbnail\" \/><\/a><\/div>\n\t\t\t\t\t<\/figure>\n\t\t\t\t\t<figure class='gallery-item col-3' itemprop='associatedMedia' itemscope itemtype='http:\/\/schema.org\/ImageObject'>\n\t\t\t\t\t\t<div class='gallery-icon landscape'><a href=\"https:\/\/i0.wp.com\/www.parrinst.com\/de\/wp-content\/uploads\/sites\/6\/2011\/06\/6725-conversion_0522.jpg?ssl=1\" itemprop=\"contentURL\"><img loading=\"lazy\" decoding=\"async\" width=\"300\" height=\"190\" src=\"https:\/\/i0.wp.com\/www.parrinst.com\/de\/wp-content\/uploads\/sites\/6\/2011\/06\/6725-conversion_0522.jpg?fit=300%2C190&amp;ssl=1\" class=\"attachment-medium size-medium\" alt=\"6725 Semimicro Calorimeter with Accessories\" srcset=\"https:\/\/i0.wp.com\/www.parrinst.com\/de\/wp-content\/uploads\/sites\/6\/2011\/06\/6725-conversion_0522.jpg?w=2100&amp;ssl=1 2100w, https:\/\/i0.wp.com\/www.parrinst.com\/de\/wp-content\/uploads\/sites\/6\/2011\/06\/6725-conversion_0522.jpg?resize=300%2C190&amp;ssl=1 300w, https:\/\/i0.wp.com\/www.parrinst.com\/de\/wp-content\/uploads\/sites\/6\/2011\/06\/6725-conversion_0522.jpg?resize=1024%2C648&amp;ssl=1 1024w, https:\/\/i0.wp.com\/www.parrinst.com\/de\/wp-content\/uploads\/sites\/6\/2011\/06\/6725-conversion_0522.jpg?resize=237%2C150&amp;ssl=1 237w, https:\/\/i0.wp.com\/www.parrinst.com\/de\/wp-content\/uploads\/sites\/6\/2011\/06\/6725-conversion_0522.jpg?resize=1536%2C971&amp;ssl=1 1536w, https:\/\/i0.wp.com\/www.parrinst.com\/de\/wp-content\/uploads\/sites\/6\/2011\/06\/6725-conversion_0522.jpg?resize=2048%2C1295&amp;ssl=1 2048w, https:\/\/i0.wp.com\/www.parrinst.com\/de\/wp-content\/uploads\/sites\/6\/2011\/06\/6725-conversion_0522.jpg?w=1280&amp;ssl=1 1280w, https:\/\/i0.wp.com\/www.parrinst.com\/de\/wp-content\/uploads\/sites\/6\/2011\/06\/6725-conversion_0522.jpg?w=1920&amp;ssl=1 1920w\" sizes=\"auto, (max-width: 300px) 100vw, 300px\" itemprop=\"thumbnail\" \/><\/a><\/div>\n\t\t\t\t\t<\/figure>\n\t\t\t\t\t<figure class='gallery-item col-3' itemprop='associatedMedia' itemscope itemtype='http:\/\/schema.org\/ImageObject'>\n\t\t\t\t\t\t<div class='gallery-icon portrait'><a href=\"https:\/\/i0.wp.com\/www.parrinst.com\/de\/wp-content\/uploads\/sites\/6\/2011\/06\/6725_cross-section.jpg?ssl=1\" itemprop=\"contentURL\"><img loading=\"lazy\" decoding=\"async\" width=\"269\" height=\"300\" src=\"https:\/\/i0.wp.com\/www.parrinst.com\/de\/wp-content\/uploads\/sites\/6\/2011\/06\/6725_cross-section.jpg?fit=269%2C300&amp;ssl=1\" class=\"attachment-medium size-medium\" alt=\"\" srcset=\"https:\/\/i0.wp.com\/www.parrinst.com\/de\/wp-content\/uploads\/sites\/6\/2011\/06\/6725_cross-section.jpg?w=600&amp;ssl=1 600w, https:\/\/i0.wp.com\/www.parrinst.com\/de\/wp-content\/uploads\/sites\/6\/2011\/06\/6725_cross-section.jpg?resize=269%2C300&amp;ssl=1 269w\" sizes=\"auto, (max-width: 269px) 100vw, 269px\" itemprop=\"thumbnail\" \/><\/a><\/div>\n\t\t\t\t\t<\/figure>\n\t\t\t\t<\/div>\n\t\t\t\t<div class='gallery-row gallery-col-3 gallery-clear'>\n\t\t\t\t\t<figure class='gallery-item col-3' itemprop='associatedMedia' itemscope itemtype='http:\/\/schema.org\/ImageObject'>\n\t\t\t\t\t\t<div class='gallery-icon portrait'><a href=\"https:\/\/i0.wp.com\/www.parrinst.com\/de\/wp-content\/uploads\/sites\/6\/2011\/06\/1109-complete.jpg?ssl=1\" itemprop=\"contentURL\"><img loading=\"lazy\" decoding=\"async\" width=\"215\" height=\"300\" src=\"https:\/\/i0.wp.com\/www.parrinst.com\/de\/wp-content\/uploads\/sites\/6\/2011\/06\/1109-complete.jpg?fit=215%2C300&amp;ssl=1\" class=\"attachment-medium size-medium\" alt=\"1109A Semi-micro Oxygen Combustion Bomb\" srcset=\"https:\/\/i0.wp.com\/www.parrinst.com\/de\/wp-content\/uploads\/sites\/6\/2011\/06\/1109-complete.jpg?w=600&amp;ssl=1 600w, https:\/\/i0.wp.com\/www.parrinst.com\/de\/wp-content\/uploads\/sites\/6\/2011\/06\/1109-complete.jpg?resize=107%2C150&amp;ssl=1 107w, https:\/\/i0.wp.com\/www.parrinst.com\/de\/wp-content\/uploads\/sites\/6\/2011\/06\/1109-complete.jpg?resize=215%2C300&amp;ssl=1 215w\" sizes=\"auto, (max-width: 215px) 100vw, 215px\" itemprop=\"thumbnail\" \/><\/a><\/div>\n\t\t\t\t\t<\/figure>\n\t\t\t<\/div>\n\t\t\t<\/div><!-- .gallery -->\n\n<h3>Ein kompaktes Bombenkalorimeter f\u00fcr die Messung der W\u00e4rmemenge von kleinen Verbrennungsproben<\/h3>\n<p>Das Semimikrokalorimeter 6725 ist ein kompaktes und einfach zu bedienendes Verbrennungskalorimeter mit statischem Mantel, welches speziell f\u00fcr die Messung der W\u00e4rme bei der Verbrennung von kleinen Proben entwickelt wurde, und ist somit bestens daf\u00fcr geeignet, wenn nur sehr geringe Mengen des Probenmaterials verf\u00fcgbar sind.<\/p>\n<p>Die Nachfragen nach einem Semimikrobetrieb steigen besonders im Bereich der Meeresbiologie und anderen \u00f6kologischen Studien, bei denen die Probengr\u00f6\u00dfen begrenzt sind. Dar\u00fcber hinaus wird es f\u00fcr die Untersuchung von Pulversprengstoffen und pyrotechnischen Mischungen verwendet.<\/p>\n<h4>22 ml Sauerstoffbombe<\/h4>\n<p>Die im Semimikrokalorimeter verwendete Sauerstoffbombe 1109A mit 22ml Fassungsverm\u00f6gen erlaubt Proben mit einer Masse von 25 bis 200 mg, die bei der Verbrennung in Sauerstoff bis zu 1200 Kalorien (5 kJ) freisetzen.<\/p>\n<h4>Effektive W\u00e4rmeummantelung<\/h4>\n<p>Die effektive, statische W\u00e4rmeisolation wird durch die Verwendung eines verspiegelten Dewars als Kalorimeterbeh\u00e4lter erzielt. Dieser Vakuumbeh\u00e4lter h\u00e4lt die Bombe 1109A in 450 Gramm Wasser, er wird von einer Luftkammer aus rostfreiem Edelstahl gesch\u00fctzt, aus der sie zur Bef\u00fcllung oder Reinigung leicht herausgenommen werden kann<\/p>\n<h4>Komplettes Messinstrument der Serie 6000<\/h4>\n<p>Das Semimikrokalorimeter 6725 verwendet den Temperaturmesser f\u00fcr Pr\u00e4zisionskalorimeter der Reihe 6772. Dies bietet dem Nutzer die gleiche Temperaturmessung, Automatisierung und Datenerfassungsm\u00f6glichkeiten wie bei den gr\u00f6\u00dferen Kalorimetern der Serie 6000, welche im Prospekt \u201e6000 MB\u201c n\u00e4her beschrieben werden.<\/p>\n<p><a href=\"https:\/\/i0.wp.com\/www.parrinst.com\/de\/wp-content\/uploads\/sites\/6\/2011\/06\/1109-complete.jpg?ssl=1\"><img data-recalc-dims=\"1\" loading=\"lazy\" decoding=\"async\" class=\"alignleft wp-image-2490 size-thumbnail\" src=\"https:\/\/i0.wp.com\/www.parrinst.com\/de\/wp-content\/uploads\/sites\/6\/2011\/06\/1109-complete.jpg?resize=107%2C150&#038;ssl=1\" alt=\"1109 Semi-micro Oxygen Combustion Bomb\" width=\"107\" height=\"150\" srcset=\"https:\/\/i0.wp.com\/www.parrinst.com\/de\/wp-content\/uploads\/sites\/6\/2011\/06\/1109-complete.jpg?resize=107%2C150&amp;ssl=1 107w, https:\/\/i0.wp.com\/www.parrinst.com\/de\/wp-content\/uploads\/sites\/6\/2011\/06\/1109-complete.jpg?resize=215%2C300&amp;ssl=1 215w, https:\/\/i0.wp.com\/www.parrinst.com\/de\/wp-content\/uploads\/sites\/6\/2011\/06\/1109-complete.jpg?w=600&amp;ssl=1 600w\" sizes=\"auto, (max-width: 107px) 100vw, 107px\" \/><\/a><\/p>\n<h4>Semimikro-Sauerstoffbombe 1109A<\/h4>\n<p>Hierbei handelt es sich um eine 22 ml Bombe, die f\u00fcr die Verwendung in einem Semimikrokalorimeter 6725 und fr\u00fcheren Kalorimeter der Serie 1425 entwickelt wurde. Sie ist ausgelegt f\u00fcr Probengr\u00f6\u00dfen von 25 bis 200 Milligramm, die bis zu 1200 Kalorien freisetzen. Die Bombe ist ebenfalls f\u00fcr die Verbrennung von selbstoxidierenden Pulversprengstoffen mit weniger als 2400 Kalorien pro Einwaage geeignet.<\/p>\n<p>&nbsp;<\/p>\n<p>&nbsp;<\/p>\n","protected":false},"excerpt":{"rendered":"<p>Ein kompaktes Bombenkalorimeter f\u00fcr die Messung der W\u00e4rmemenge von kleinen Verbrennungsproben Das Semimikrokalorimeter 6725 ist ein kompaktes und einfach zu bedienendes Verbrennungskalorimeter mit statischem Mantel, welches speziell f\u00fcr die Messung der W\u00e4rme bei der Verbrennung von kleinen Proben entwickelt wurde, und ist somit bestens daf\u00fcr geeignet, wenn nur sehr geringe Mengen des Probenmaterials verf\u00fcgbar sind. [&hellip;]<\/p>\n","protected":false},"author":1,"featured_media":37712,"parent":83,"menu_order":6,"comment_status":"closed","ping_status":"closed","template":"product-wide.php","meta":{"_acf_changed":false,"footnotes":"","_links_to":"","_links_to_target":""},"class_list":["post-264","page","type-page","status-publish","has-post-thumbnail","hentry"],"acf":[],"yoast_head":"<!-- This site is optimized with the Yoast SEO plugin v27.5 - https:\/\/yoast.com\/product\/yoast-seo-wordpress\/ -->\n<title>6725 Semimikrokalorimeter - Parr Instrument GmbH<\/title>\n<meta name=\"robots\" content=\"index, follow, max-snippet:-1, max-image-preview:large, max-video-preview:-1\" \/>\n<link rel=\"canonical\" href=\"https:\/\/www.parrinst.com\/de\/products\/oxygen-bomb-calorimeters\/6725-semimicro-calorimeter\/\" \/>\n<meta property=\"og:locale\" content=\"en_US\" \/>\n<meta property=\"og:type\" content=\"article\" \/>\n<meta property=\"og:title\" content=\"6725 Semimikrokalorimeter - Parr Instrument GmbH\" \/>\n<meta property=\"og:description\" content=\"Ein kompaktes Bombenkalorimeter f\u00fcr die Messung der W\u00e4rmemenge von kleinen Verbrennungsproben Das Semimikrokalorimeter 6725 ist ein kompaktes und einfach zu bedienendes Verbrennungskalorimeter mit statischem Mantel, welches speziell f\u00fcr die Messung der W\u00e4rme bei der Verbrennung von kleinen Proben entwickelt wurde, und ist somit bestens daf\u00fcr geeignet, wenn nur sehr geringe Mengen des Probenmaterials verf\u00fcgbar sind. [&hellip;]\" \/>\n<meta property=\"og:url\" content=\"https:\/\/www.parrinst.com\/de\/products\/oxygen-bomb-calorimeters\/6725-semimicro-calorimeter\/\" \/>\n<meta property=\"og:site_name\" content=\"Parr Instrument GmbH\" \/>\n<meta property=\"article:modified_time\" content=\"2019-05-17T21:11:10+00:00\" \/>\n<meta property=\"og:image\" content=\"https:\/\/www.parrinst.com\/de\/files\/2018\/01\/parr_banner_calorimeter_secondary-3.jpg\" \/>\n\t<meta property=\"og:image:width\" content=\"2200\" \/>\n\t<meta property=\"og:image:height\" content=\"399\" \/>\n\t<meta property=\"og:image:type\" content=\"image\/jpeg\" \/>\n<meta name=\"twitter:card\" content=\"summary_large_image\" \/>\n<meta name=\"twitter:label1\" content=\"Est. reading time\" \/>\n\t<meta name=\"twitter:data1\" content=\"1 minute\" \/>\n<script type=\"application\/ld+json\" class=\"yoast-schema-graph\">{\"@context\":\"https:\\\/\\\/schema.org\",\"@graph\":[{\"@type\":\"WebPage\",\"@id\":\"https:\\\/\\\/www.parrinst.com\\\/de\\\/products\\\/oxygen-bomb-calorimeters\\\/6725-semimicro-calorimeter\\\/\",\"url\":\"https:\\\/\\\/www.parrinst.com\\\/de\\\/products\\\/oxygen-bomb-calorimeters\\\/6725-semimicro-calorimeter\\\/\",\"name\":\"6725 Semimikrokalorimeter - Parr Instrument GmbH\",\"isPartOf\":{\"@id\":\"https:\\\/\\\/www.parrinst.com\\\/de\\\/#website\"},\"primaryImageOfPage\":{\"@id\":\"https:\\\/\\\/www.parrinst.com\\\/de\\\/products\\\/oxygen-bomb-calorimeters\\\/6725-semimicro-calorimeter\\\/#primaryimage\"},\"image\":{\"@id\":\"https:\\\/\\\/www.parrinst.com\\\/de\\\/products\\\/oxygen-bomb-calorimeters\\\/6725-semimicro-calorimeter\\\/#primaryimage\"},\"thumbnailUrl\":\"https:\\\/\\\/i0.wp.com\\\/www.parrinst.com\\\/de\\\/wp-content\\\/uploads\\\/sites\\\/6\\\/2018\\\/01\\\/parr_banner_calorimeter_secondary-3.jpg?fit=2200%2C399&ssl=1\",\"datePublished\":\"2011-03-11T01:57:15+00:00\",\"dateModified\":\"2019-05-17T21:11:10+00:00\",\"breadcrumb\":{\"@id\":\"https:\\\/\\\/www.parrinst.com\\\/de\\\/products\\\/oxygen-bomb-calorimeters\\\/6725-semimicro-calorimeter\\\/#breadcrumb\"},\"inLanguage\":\"en-US\",\"potentialAction\":[{\"@type\":\"ReadAction\",\"target\":[\"https:\\\/\\\/www.parrinst.com\\\/de\\\/products\\\/oxygen-bomb-calorimeters\\\/6725-semimicro-calorimeter\\\/\"]}]},{\"@type\":\"ImageObject\",\"inLanguage\":\"en-US\",\"@id\":\"https:\\\/\\\/www.parrinst.com\\\/de\\\/products\\\/oxygen-bomb-calorimeters\\\/6725-semimicro-calorimeter\\\/#primaryimage\",\"url\":\"https:\\\/\\\/i0.wp.com\\\/www.parrinst.com\\\/de\\\/wp-content\\\/uploads\\\/sites\\\/6\\\/2018\\\/01\\\/parr_banner_calorimeter_secondary-3.jpg?fit=2200%2C399&ssl=1\",\"contentUrl\":\"https:\\\/\\\/i0.wp.com\\\/www.parrinst.com\\\/de\\\/wp-content\\\/uploads\\\/sites\\\/6\\\/2018\\\/01\\\/parr_banner_calorimeter_secondary-3.jpg?fit=2200%2C399&ssl=1\",\"width\":2200,\"height\":399},{\"@type\":\"BreadcrumbList\",\"@id\":\"https:\\\/\\\/www.parrinst.com\\\/de\\\/products\\\/oxygen-bomb-calorimeters\\\/6725-semimicro-calorimeter\\\/#breadcrumb\",\"itemListElement\":[{\"@type\":\"ListItem\",\"position\":1,\"name\":\"Home\",\"item\":\"https:\\\/\\\/www.parrinst.com\\\/de\\\/\"},{\"@type\":\"ListItem\",\"position\":2,\"name\":\"Products\",\"item\":\"https:\\\/\\\/www.parrinst.com\\\/de\\\/products\\\/\"},{\"@type\":\"ListItem\",\"position\":3,\"name\":\"Sauerstoffbomben-Kalorimeter\",\"item\":\"https:\\\/\\\/www.parrinst.com\\\/de\\\/products\\\/oxygen-bomb-calorimeters\\\/\"},{\"@type\":\"ListItem\",\"position\":4,\"name\":\"6725 Semimikrokalorimeter\"}]},{\"@type\":\"WebSite\",\"@id\":\"https:\\\/\\\/www.parrinst.com\\\/de\\\/#website\",\"url\":\"https:\\\/\\\/www.parrinst.com\\\/de\\\/\",\"name\":\"Parr Instrument GmbH\",\"description\":\"\",\"potentialAction\":[{\"@type\":\"SearchAction\",\"target\":{\"@type\":\"EntryPoint\",\"urlTemplate\":\"https:\\\/\\\/www.parrinst.com\\\/de\\\/?s={search_term_string}\"},\"query-input\":{\"@type\":\"PropertyValueSpecification\",\"valueRequired\":true,\"valueName\":\"search_term_string\"}}],\"inLanguage\":\"en-US\"}]}<\/script>\n<!-- \/ Yoast SEO plugin. -->","yoast_head_json":{"title":"6725 Semimikrokalorimeter - Parr Instrument GmbH","robots":{"index":"index","follow":"follow","max-snippet":"max-snippet:-1","max-image-preview":"max-image-preview:large","max-video-preview":"max-video-preview:-1"},"canonical":"https:\/\/www.parrinst.com\/de\/products\/oxygen-bomb-calorimeters\/6725-semimicro-calorimeter\/","og_locale":"en_US","og_type":"article","og_title":"6725 Semimikrokalorimeter - Parr Instrument GmbH","og_description":"Ein kompaktes Bombenkalorimeter f\u00fcr die Messung der W\u00e4rmemenge von kleinen Verbrennungsproben Das Semimikrokalorimeter 6725 ist ein kompaktes und einfach zu bedienendes Verbrennungskalorimeter mit statischem Mantel, welches speziell f\u00fcr die Messung der W\u00e4rme bei der Verbrennung von kleinen Proben entwickelt wurde, und ist somit bestens daf\u00fcr geeignet, wenn nur sehr geringe Mengen des Probenmaterials verf\u00fcgbar sind. [&hellip;]","og_url":"https:\/\/www.parrinst.com\/de\/products\/oxygen-bomb-calorimeters\/6725-semimicro-calorimeter\/","og_site_name":"Parr Instrument GmbH","article_modified_time":"2019-05-17T21:11:10+00:00","og_image":[{"width":2200,"height":399,"url":"https:\/\/www.parrinst.com\/de\/files\/2018\/01\/parr_banner_calorimeter_secondary-3.jpg","type":"image\/jpeg"}],"twitter_card":"summary_large_image","twitter_misc":{"Est. reading time":"1 minute"},"schema":{"@context":"https:\/\/schema.org","@graph":[{"@type":"WebPage","@id":"https:\/\/www.parrinst.com\/de\/products\/oxygen-bomb-calorimeters\/6725-semimicro-calorimeter\/","url":"https:\/\/www.parrinst.com\/de\/products\/oxygen-bomb-calorimeters\/6725-semimicro-calorimeter\/","name":"6725 Semimikrokalorimeter - Parr Instrument GmbH","isPartOf":{"@id":"https:\/\/www.parrinst.com\/de\/#website"},"primaryImageOfPage":{"@id":"https:\/\/www.parrinst.com\/de\/products\/oxygen-bomb-calorimeters\/6725-semimicro-calorimeter\/#primaryimage"},"image":{"@id":"https:\/\/www.parrinst.com\/de\/products\/oxygen-bomb-calorimeters\/6725-semimicro-calorimeter\/#primaryimage"},"thumbnailUrl":"https:\/\/i0.wp.com\/www.parrinst.com\/de\/wp-content\/uploads\/sites\/6\/2018\/01\/parr_banner_calorimeter_secondary-3.jpg?fit=2200%2C399&ssl=1","datePublished":"2011-03-11T01:57:15+00:00","dateModified":"2019-05-17T21:11:10+00:00","breadcrumb":{"@id":"https:\/\/www.parrinst.com\/de\/products\/oxygen-bomb-calorimeters\/6725-semimicro-calorimeter\/#breadcrumb"},"inLanguage":"en-US","potentialAction":[{"@type":"ReadAction","target":["https:\/\/www.parrinst.com\/de\/products\/oxygen-bomb-calorimeters\/6725-semimicro-calorimeter\/"]}]},{"@type":"ImageObject","inLanguage":"en-US","@id":"https:\/\/www.parrinst.com\/de\/products\/oxygen-bomb-calorimeters\/6725-semimicro-calorimeter\/#primaryimage","url":"https:\/\/i0.wp.com\/www.parrinst.com\/de\/wp-content\/uploads\/sites\/6\/2018\/01\/parr_banner_calorimeter_secondary-3.jpg?fit=2200%2C399&ssl=1","contentUrl":"https:\/\/i0.wp.com\/www.parrinst.com\/de\/wp-content\/uploads\/sites\/6\/2018\/01\/parr_banner_calorimeter_secondary-3.jpg?fit=2200%2C399&ssl=1","width":2200,"height":399},{"@type":"BreadcrumbList","@id":"https:\/\/www.parrinst.com\/de\/products\/oxygen-bomb-calorimeters\/6725-semimicro-calorimeter\/#breadcrumb","itemListElement":[{"@type":"ListItem","position":1,"name":"Home","item":"https:\/\/www.parrinst.com\/de\/"},{"@type":"ListItem","position":2,"name":"Products","item":"https:\/\/www.parrinst.com\/de\/products\/"},{"@type":"ListItem","position":3,"name":"Sauerstoffbomben-Kalorimeter","item":"https:\/\/www.parrinst.com\/de\/products\/oxygen-bomb-calorimeters\/"},{"@type":"ListItem","position":4,"name":"6725 Semimikrokalorimeter"}]},{"@type":"WebSite","@id":"https:\/\/www.parrinst.com\/de\/#website","url":"https:\/\/www.parrinst.com\/de\/","name":"Parr Instrument GmbH","description":"","potentialAction":[{"@type":"SearchAction","target":{"@type":"EntryPoint","urlTemplate":"https:\/\/www.parrinst.com\/de\/?s={search_term_string}"},"query-input":{"@type":"PropertyValueSpecification","valueRequired":true,"valueName":"search_term_string"}}],"inLanguage":"en-US"}]}},"jetpack_sharing_enabled":true,"_links":{"self":[{"href":"https:\/\/www.parrinst.com\/de\/wp-json\/wp\/v2\/pages\/264","targetHints":{"allow":["GET"]}}],"collection":[{"href":"https:\/\/www.parrinst.com\/de\/wp-json\/wp\/v2\/pages"}],"about":[{"href":"https:\/\/www.parrinst.com\/de\/wp-json\/wp\/v2\/types\/page"}],"author":[{"embeddable":true,"href":"https:\/\/www.parrinst.com\/de\/wp-json\/wp\/v2\/users\/1"}],"replies":[{"embeddable":true,"href":"https:\/\/www.parrinst.com\/de\/wp-json\/wp\/v2\/comments?post=264"}],"version-history":[{"count":5,"href":"https:\/\/www.parrinst.com\/de\/wp-json\/wp\/v2\/pages\/264\/revisions"}],"predecessor-version":[{"id":39742,"href":"https:\/\/www.parrinst.com\/de\/wp-json\/wp\/v2\/pages\/264\/revisions\/39742"}],"up":[{"embeddable":true,"href":"https:\/\/www.parrinst.com\/de\/wp-json\/wp\/v2\/pages\/83"}],"wp:featuredmedia":[{"embeddable":true,"href":"https:\/\/www.parrinst.com\/de\/wp-json\/wp\/v2\/media\/37712"}],"wp:attachment":[{"href":"https:\/\/www.parrinst.com\/de\/wp-json\/wp\/v2\/media?parent=264"}],"curies":[{"name":"wp","href":"https:\/\/api.w.org\/{rel}","templated":true}]}}