{"id":274,"date":"2011-03-10T19:59:13","date_gmt":"2011-03-11T01:59:13","guid":{"rendered":"https:\/\/www.parrinst.com\/?page_id=274"},"modified":"2013-04-18T11:50:06","modified_gmt":"2013-04-18T09:50:06","slug":"6790-detonation-calorimeter","status":"publish","type":"page","link":"https:\/\/www.parrinst.com\/de\/products\/oxygen-bomb-calorimeters\/6790-detonation-calorimeter\/","title":{"rendered":"6790 Detonation Calorimeter"},"content":{"rendered":"\n\t\t\t<div id='274-1' class='gallery gallery-274 gallery-columns-3 gallery-size-medium' itemscope itemtype='http:\/\/schema.org\/ImageGallery'>\n\t\t\t\t<div class='gallery-row gallery-col-3 gallery-clear'>\n\t\t\t\t\t<figure class='gallery-item col-3' itemprop='associatedMedia' itemscope itemtype='http:\/\/schema.org\/ImageObject'>\n\t\t\t\t\t\t<div class='gallery-icon portrait'><a href=\"https:\/\/i0.wp.com\/www.parrinst.com\/de\/wp-content\/uploads\/sites\/6\/2011\/06\/Detonation-Calorimeter-2.jpg?ssl=1\" itemprop=\"contentURL\"><img loading=\"lazy\" decoding=\"async\" width=\"214\" height=\"300\" src=\"https:\/\/i0.wp.com\/www.parrinst.com\/de\/wp-content\/uploads\/sites\/6\/2011\/06\/Detonation-Calorimeter-2.jpg?fit=214%2C300&amp;ssl=1\" class=\"attachment-medium size-medium\" alt=\"Detonation Calorimeter System\" srcset=\"https:\/\/i0.wp.com\/www.parrinst.com\/de\/wp-content\/uploads\/sites\/6\/2011\/06\/Detonation-Calorimeter-2.jpg?w=600&amp;ssl=1 600w, https:\/\/i0.wp.com\/www.parrinst.com\/de\/wp-content\/uploads\/sites\/6\/2011\/06\/Detonation-Calorimeter-2.jpg?resize=107%2C150&amp;ssl=1 107w, https:\/\/i0.wp.com\/www.parrinst.com\/de\/wp-content\/uploads\/sites\/6\/2011\/06\/Detonation-Calorimeter-2.jpg?resize=214%2C300&amp;ssl=1 214w\" sizes=\"auto, (max-width: 214px) 100vw, 214px\" itemprop=\"thumbnail\" \/><\/a><\/div>\n\t\t\t\t\t<\/figure>\n\t\t\t\t\t<figure class='gallery-item col-3' itemprop='associatedMedia' itemscope itemtype='http:\/\/schema.org\/ImageObject'>\n\t\t\t\t\t\t<div class='gallery-icon landscape'><a href=\"https:\/\/i0.wp.com\/www.parrinst.com\/de\/wp-content\/uploads\/sites\/6\/2011\/06\/Detonation-Calorimeter-1.jpg?ssl=1\" itemprop=\"contentURL\"><img loading=\"lazy\" decoding=\"async\" width=\"300\" height=\"259\" src=\"https:\/\/i0.wp.com\/www.parrinst.com\/de\/wp-content\/uploads\/sites\/6\/2011\/06\/Detonation-Calorimeter-1.jpg?fit=300%2C259&amp;ssl=1\" class=\"attachment-medium size-medium\" alt=\"6790 Detonation Calorimeter Top View\" srcset=\"https:\/\/i0.wp.com\/www.parrinst.com\/de\/wp-content\/uploads\/sites\/6\/2011\/06\/Detonation-Calorimeter-1.jpg?w=600&amp;ssl=1 600w, https:\/\/i0.wp.com\/www.parrinst.com\/de\/wp-content\/uploads\/sites\/6\/2011\/06\/Detonation-Calorimeter-1.jpg?resize=174%2C150&amp;ssl=1 174w, https:\/\/i0.wp.com\/www.parrinst.com\/de\/wp-content\/uploads\/sites\/6\/2011\/06\/Detonation-Calorimeter-1.jpg?resize=300%2C259&amp;ssl=1 300w\" sizes=\"auto, (max-width: 300px) 100vw, 300px\" itemprop=\"thumbnail\" \/><\/a><\/div>\n\t\t\t\t\t<\/figure>\n\t\t\t\t\t<figure class='gallery-item col-3' itemprop='associatedMedia' itemscope itemtype='http:\/\/schema.org\/ImageObject'>\n\t\t\t\t\t\t<div class='gallery-icon portrait'><a href=\"https:\/\/i0.wp.com\/www.parrinst.com\/de\/wp-content\/uploads\/sites\/6\/2011\/06\/Detonation-Calorimeter-3.jpg?ssl=1\" itemprop=\"contentURL\"><img loading=\"lazy\" decoding=\"async\" width=\"214\" height=\"300\" src=\"https:\/\/i0.wp.com\/www.parrinst.com\/de\/wp-content\/uploads\/sites\/6\/2011\/06\/Detonation-Calorimeter-3.jpg?fit=214%2C300&amp;ssl=1\" class=\"attachment-medium size-medium\" alt=\"Detonation Calorimeter Vessel\" srcset=\"https:\/\/i0.wp.com\/www.parrinst.com\/de\/wp-content\/uploads\/sites\/6\/2011\/06\/Detonation-Calorimeter-3.jpg?w=600&amp;ssl=1 600w, https:\/\/i0.wp.com\/www.parrinst.com\/de\/wp-content\/uploads\/sites\/6\/2011\/06\/Detonation-Calorimeter-3.jpg?resize=107%2C150&amp;ssl=1 107w, https:\/\/i0.wp.com\/www.parrinst.com\/de\/wp-content\/uploads\/sites\/6\/2011\/06\/Detonation-Calorimeter-3.jpg?resize=214%2C300&amp;ssl=1 214w\" sizes=\"auto, (max-width: 214px) 100vw, 214px\" itemprop=\"thumbnail\" \/><\/a><\/div>\n\t\t\t\t\t<\/figure>\n\t\t\t\t<\/div>\n\t\t\t<\/div><!-- .gallery -->\n\n<p> <strong>Die gew\u00f6hnliche Sauerstoffbomben-Verbrennungskalorimetrie <\/strong>wird dazu verwendet die entstehende W\u00e4rme bei der Verbrennung oder Reaktion von Stoffen in Sauerstoff oder in inerten Atmosph\u00e4ren zu messen. Jedoch k\u00f6nnen selbst bei hochfesten Beh\u00e4ltern, wie der Sauerstoffverbrennungsbombe 1104 von Parr, nicht die Voraussetzungen geschaffen werden um kleine Mengen an hochreaktiven Materialien zur Explosion zu bringen und es k\u00f6nnen unvorhersehbare Konsequenzen entstehen. Zum Beispiel entsteht bei der Verbrennung von Nitropenta (PETN) [C5H8N4O12] in Sauerstoff eine W\u00e4rmemenge von 1957 cal\/g (8,2 kJ\/g), w\u00e4hrend bei der Detonation im Vakuum 1490 cal\/g (6,2 kJ\/g) entstehen (Differenz von 24%).<\/p>\n<p>Dar\u00fcber hinaus ist bekannt das der Dichtegrad ma\u00dfgeblich die freiwerdende Energie beeinflusst. Bei unkomprimierten oder nur leicht verdichteten Ladungen wird ein Gro\u00dfteil der Energie nicht freigesetzt und verweilt im Produkt. Wenn die Ladung vorher stark verdichtet wurde, wird die Detonationsenergie gr\u00f6\u00dftenteils in kinetische und innere Energie des Geh\u00e4uses umgewandelt. Zum Beispiel liegt die Verbrennungsenergie von<br \/>\n2,4,6-Trinitrotoluol (TNT) in Sauerstoff bei 3590 cal\/g (15kJ\/g). Die Detonationsw\u00e4rme bei einer Ladungsdichte von 1,53 g\/cm\u00b3 liegt hingegen bei 1093 cal\/g (4,5 kJ\/g) und bei einer Dichte von 0,998 g\/cm\u00b3 ist sie 870 cal\/g (3,6 kJ\/g). Im Gegensatz dazu setzt eine drucklose\/nicht komprimierte Reaktion durchschnittlich 600 cal\/g (2,5 kJ\/g) frei.\n<\/p>\n<p>Grundlegende und pr\u00e4zise Informationen \u00fcber den Detonationsverlauf k\u00f6nnen durch eine Kombination einer kalorimetrischen mit einer dynamischen Druckmessung gesammelt werden. Solche Messungen k\u00f6nnen dazu verwendet werden um ein m\u00f6gliches Explosionsverhalten vorauszusagen. Das Detonationskalorimeter von Parr ist f\u00fcr die Forschung in diesen Bereichen entwickelt worden.<\/p>\n<p>Das neue Kalorimeter von  Parr Instrument ist speziell f\u00fcr die Messung von Detonationsw\u00e4rme geeignet und kann bis zu 25 g einer hochexplosiven Ladung mit einem Energiegehalt von zirka 160 kJ aufnehmen. Die Detonation wird ausgel\u00f6st durch einen kleinen, handels\u00fcblichen EBW Sprengz\u00fcnder, welcher 80 mg PETN, 450 mg Hexogen mit einem Bindemittel vereinigt. Der Z\u00fcnder wiederum wird durch die Entladung eines 1 \u00b5F Kondensators bei 4000 Volt entz\u00fcndet. Eine komplette W\u00e4rmemessung kann innerhalb von wenigen Stunden auf ein Tausendstel genau durchgef\u00fchrt werden. Die Bombe kann zus\u00e4tzlich noch mit einem Hochgeschwindigkeitsdruckumformer ausgestattet werden, dies erm\u00f6glicht einen genaueren Einblick in die Dynamik des Detonationsprozesses.<\/p>\n<hr \/>\n<h3>Hauptbauteile<\/h3>\n<h4>Detonationsbeh\u00e4lter<\/h4>\n<p>Die charakteristische, kugelf\u00f6rmige Bombe wird aus Edelstahl Vollmaterial gedreht, hat eine 3,2 cm dicke Wand und einen Innendurchmesser von 21,6 cm, dadurch entsteht ein Fassungsverm\u00f6gen von 5,3 Liter. Die 9 cm gro\u00dfe \u00d6ffnung wird mit einem 3,8 cm starken  Deckel verschlossen. Dieser Deckel wird von 12 hochfesten Bolzen mit einem Durchmesser von 13 mm, die durch den Deckelflansch gesteckt werden, gehalten und mit einem O-Ring abgedichtet. Der Verschlussdeckel verf\u00fcgt \u00fcber eine \u00d6se zum Anheben der Bombe, darum sind ein Ein\/Auslassventil und zwei isolierte Elektrodenanschl\u00fcsse f\u00fcr Hochspannungsanwendungen angeordnet. Ein zus\u00e4tzlicher Anschluss f\u00fcr einen schnell ansprechenden Druckmessumformer ist im Deckel vorgesehen. Das Gewicht der kompletten Bombe (Zylinder und Deckel) betr\u00e4gt 55 kg.<\/p>\n<h4>Kalorimeterstand<\/h4>\n<p>Das Detonationskalorimeter verwendet einen klassischen Aufbau mit stehendem Mantel. Dieser Manteltyp wird seit Jahren erfolgreich in zwei anderen Generationen der Parr Kalorimeter (Modellreihen 1356 &amp; 6100) eingesetzt. Der Kalorimeterstand beinhaltet den Kalorimetermantel und  einen Flaschenzug f\u00fcr die Bombe, des Weitern verf\u00fcgt er \u00fcber eine praktische Bombenhalterung mit zus\u00e4tzlichem Platz f\u00fcr den Bombenkopf. Der Kalorimeterdeckel wird im unteren Ablagefach, unter der Steuereinheit  aufbewahrt, solang dieser nicht verwendet wird.<\/p>\n","protected":false},"excerpt":{"rendered":"<p>Die gew\u00f6hnliche Sauerstoffbomben-Verbrennungskalorimetrie wird dazu verwendet die entstehende W\u00e4rme bei der Verbrennung oder Reaktion von Stoffen in Sauerstoff oder in inerten Atmosph\u00e4ren zu messen. Jedoch k\u00f6nnen selbst bei hochfesten Beh\u00e4ltern, wie der Sauerstoffverbrennungsbombe 1104 von Parr, nicht die Voraussetzungen geschaffen werden um kleine Mengen an hochreaktiven Materialien zur Explosion zu bringen und es k\u00f6nnen unvorhersehbare [&hellip;]<\/p>\n","protected":false},"author":1,"featured_media":37712,"parent":83,"menu_order":11,"comment_status":"closed","ping_status":"closed","template":"product-narrow.php","meta":{"_acf_changed":false,"footnotes":"","_links_to":"","_links_to_target":""},"class_list":["post-274","page","type-page","status-publish","has-post-thumbnail","hentry"],"acf":[],"yoast_head":"<!-- This site is optimized with the Yoast SEO plugin v27.4 - https:\/\/yoast.com\/product\/yoast-seo-wordpress\/ -->\n<title>6790 Detonation Calorimeter - Parr Instrument GmbH<\/title>\n<meta name=\"robots\" content=\"index, follow, max-snippet:-1, max-image-preview:large, max-video-preview:-1\" \/>\n<link rel=\"canonical\" href=\"https:\/\/www.parrinst.com\/de\/products\/oxygen-bomb-calorimeters\/6790-detonation-calorimeter\/\" \/>\n<meta property=\"og:locale\" content=\"en_US\" \/>\n<meta property=\"og:type\" content=\"article\" \/>\n<meta property=\"og:title\" content=\"6790 Detonation Calorimeter - Parr Instrument GmbH\" \/>\n<meta property=\"og:description\" content=\"Die gew\u00f6hnliche Sauerstoffbomben-Verbrennungskalorimetrie wird dazu verwendet die entstehende W\u00e4rme bei der Verbrennung oder Reaktion von Stoffen in Sauerstoff oder in inerten Atmosph\u00e4ren zu messen. Jedoch k\u00f6nnen selbst bei hochfesten Beh\u00e4ltern, wie der Sauerstoffverbrennungsbombe 1104 von Parr, nicht die Voraussetzungen geschaffen werden um kleine Mengen an hochreaktiven Materialien zur Explosion zu bringen und es k\u00f6nnen unvorhersehbare [&hellip;]\" \/>\n<meta property=\"og:url\" content=\"https:\/\/www.parrinst.com\/de\/products\/oxygen-bomb-calorimeters\/6790-detonation-calorimeter\/\" \/>\n<meta property=\"og:site_name\" content=\"Parr Instrument GmbH\" \/>\n<meta property=\"article:modified_time\" content=\"2013-04-18T09:50:06+00:00\" \/>\n<meta property=\"og:image\" content=\"https:\/\/www.parrinst.com\/de\/files\/2018\/01\/parr_banner_calorimeter_secondary-3.jpg\" \/>\n\t<meta property=\"og:image:width\" content=\"2200\" \/>\n\t<meta property=\"og:image:height\" content=\"399\" \/>\n\t<meta property=\"og:image:type\" content=\"image\/jpeg\" \/>\n<meta name=\"twitter:card\" content=\"summary_large_image\" \/>\n<meta name=\"twitter:label1\" content=\"Est. reading time\" \/>\n\t<meta name=\"twitter:data1\" content=\"3 minutes\" \/>\n<script type=\"application\/ld+json\" class=\"yoast-schema-graph\">{\"@context\":\"https:\\\/\\\/schema.org\",\"@graph\":[{\"@type\":\"WebPage\",\"@id\":\"https:\\\/\\\/www.parrinst.com\\\/de\\\/products\\\/oxygen-bomb-calorimeters\\\/6790-detonation-calorimeter\\\/\",\"url\":\"https:\\\/\\\/www.parrinst.com\\\/de\\\/products\\\/oxygen-bomb-calorimeters\\\/6790-detonation-calorimeter\\\/\",\"name\":\"6790 Detonation Calorimeter - Parr Instrument GmbH\",\"isPartOf\":{\"@id\":\"https:\\\/\\\/www.parrinst.com\\\/de\\\/#website\"},\"primaryImageOfPage\":{\"@id\":\"https:\\\/\\\/www.parrinst.com\\\/de\\\/products\\\/oxygen-bomb-calorimeters\\\/6790-detonation-calorimeter\\\/#primaryimage\"},\"image\":{\"@id\":\"https:\\\/\\\/www.parrinst.com\\\/de\\\/products\\\/oxygen-bomb-calorimeters\\\/6790-detonation-calorimeter\\\/#primaryimage\"},\"thumbnailUrl\":\"https:\\\/\\\/i0.wp.com\\\/www.parrinst.com\\\/de\\\/wp-content\\\/uploads\\\/sites\\\/6\\\/2018\\\/01\\\/parr_banner_calorimeter_secondary-3.jpg?fit=2200%2C399&ssl=1\",\"datePublished\":\"2011-03-11T01:59:13+00:00\",\"dateModified\":\"2013-04-18T09:50:06+00:00\",\"breadcrumb\":{\"@id\":\"https:\\\/\\\/www.parrinst.com\\\/de\\\/products\\\/oxygen-bomb-calorimeters\\\/6790-detonation-calorimeter\\\/#breadcrumb\"},\"inLanguage\":\"en-US\",\"potentialAction\":[{\"@type\":\"ReadAction\",\"target\":[\"https:\\\/\\\/www.parrinst.com\\\/de\\\/products\\\/oxygen-bomb-calorimeters\\\/6790-detonation-calorimeter\\\/\"]}]},{\"@type\":\"ImageObject\",\"inLanguage\":\"en-US\",\"@id\":\"https:\\\/\\\/www.parrinst.com\\\/de\\\/products\\\/oxygen-bomb-calorimeters\\\/6790-detonation-calorimeter\\\/#primaryimage\",\"url\":\"https:\\\/\\\/i0.wp.com\\\/www.parrinst.com\\\/de\\\/wp-content\\\/uploads\\\/sites\\\/6\\\/2018\\\/01\\\/parr_banner_calorimeter_secondary-3.jpg?fit=2200%2C399&ssl=1\",\"contentUrl\":\"https:\\\/\\\/i0.wp.com\\\/www.parrinst.com\\\/de\\\/wp-content\\\/uploads\\\/sites\\\/6\\\/2018\\\/01\\\/parr_banner_calorimeter_secondary-3.jpg?fit=2200%2C399&ssl=1\",\"width\":2200,\"height\":399},{\"@type\":\"BreadcrumbList\",\"@id\":\"https:\\\/\\\/www.parrinst.com\\\/de\\\/products\\\/oxygen-bomb-calorimeters\\\/6790-detonation-calorimeter\\\/#breadcrumb\",\"itemListElement\":[{\"@type\":\"ListItem\",\"position\":1,\"name\":\"Home\",\"item\":\"https:\\\/\\\/www.parrinst.com\\\/de\\\/\"},{\"@type\":\"ListItem\",\"position\":2,\"name\":\"Products\",\"item\":\"https:\\\/\\\/www.parrinst.com\\\/de\\\/products\\\/\"},{\"@type\":\"ListItem\",\"position\":3,\"name\":\"Sauerstoffbomben-Kalorimeter\",\"item\":\"https:\\\/\\\/www.parrinst.com\\\/de\\\/products\\\/oxygen-bomb-calorimeters\\\/\"},{\"@type\":\"ListItem\",\"position\":4,\"name\":\"6790 Detonation Calorimeter\"}]},{\"@type\":\"WebSite\",\"@id\":\"https:\\\/\\\/www.parrinst.com\\\/de\\\/#website\",\"url\":\"https:\\\/\\\/www.parrinst.com\\\/de\\\/\",\"name\":\"Parr Instrument GmbH\",\"description\":\"\",\"potentialAction\":[{\"@type\":\"SearchAction\",\"target\":{\"@type\":\"EntryPoint\",\"urlTemplate\":\"https:\\\/\\\/www.parrinst.com\\\/de\\\/?s={search_term_string}\"},\"query-input\":{\"@type\":\"PropertyValueSpecification\",\"valueRequired\":true,\"valueName\":\"search_term_string\"}}],\"inLanguage\":\"en-US\"}]}<\/script>\n<!-- \/ Yoast SEO plugin. -->","yoast_head_json":{"title":"6790 Detonation Calorimeter - Parr Instrument GmbH","robots":{"index":"index","follow":"follow","max-snippet":"max-snippet:-1","max-image-preview":"max-image-preview:large","max-video-preview":"max-video-preview:-1"},"canonical":"https:\/\/www.parrinst.com\/de\/products\/oxygen-bomb-calorimeters\/6790-detonation-calorimeter\/","og_locale":"en_US","og_type":"article","og_title":"6790 Detonation Calorimeter - Parr Instrument GmbH","og_description":"Die gew\u00f6hnliche Sauerstoffbomben-Verbrennungskalorimetrie wird dazu verwendet die entstehende W\u00e4rme bei der Verbrennung oder Reaktion von Stoffen in Sauerstoff oder in inerten Atmosph\u00e4ren zu messen. Jedoch k\u00f6nnen selbst bei hochfesten Beh\u00e4ltern, wie der Sauerstoffverbrennungsbombe 1104 von Parr, nicht die Voraussetzungen geschaffen werden um kleine Mengen an hochreaktiven Materialien zur Explosion zu bringen und es k\u00f6nnen unvorhersehbare [&hellip;]","og_url":"https:\/\/www.parrinst.com\/de\/products\/oxygen-bomb-calorimeters\/6790-detonation-calorimeter\/","og_site_name":"Parr Instrument GmbH","article_modified_time":"2013-04-18T09:50:06+00:00","og_image":[{"width":2200,"height":399,"url":"https:\/\/www.parrinst.com\/de\/files\/2018\/01\/parr_banner_calorimeter_secondary-3.jpg","type":"image\/jpeg"}],"twitter_card":"summary_large_image","twitter_misc":{"Est. reading time":"3 minutes"},"schema":{"@context":"https:\/\/schema.org","@graph":[{"@type":"WebPage","@id":"https:\/\/www.parrinst.com\/de\/products\/oxygen-bomb-calorimeters\/6790-detonation-calorimeter\/","url":"https:\/\/www.parrinst.com\/de\/products\/oxygen-bomb-calorimeters\/6790-detonation-calorimeter\/","name":"6790 Detonation Calorimeter - Parr Instrument GmbH","isPartOf":{"@id":"https:\/\/www.parrinst.com\/de\/#website"},"primaryImageOfPage":{"@id":"https:\/\/www.parrinst.com\/de\/products\/oxygen-bomb-calorimeters\/6790-detonation-calorimeter\/#primaryimage"},"image":{"@id":"https:\/\/www.parrinst.com\/de\/products\/oxygen-bomb-calorimeters\/6790-detonation-calorimeter\/#primaryimage"},"thumbnailUrl":"https:\/\/i0.wp.com\/www.parrinst.com\/de\/wp-content\/uploads\/sites\/6\/2018\/01\/parr_banner_calorimeter_secondary-3.jpg?fit=2200%2C399&ssl=1","datePublished":"2011-03-11T01:59:13+00:00","dateModified":"2013-04-18T09:50:06+00:00","breadcrumb":{"@id":"https:\/\/www.parrinst.com\/de\/products\/oxygen-bomb-calorimeters\/6790-detonation-calorimeter\/#breadcrumb"},"inLanguage":"en-US","potentialAction":[{"@type":"ReadAction","target":["https:\/\/www.parrinst.com\/de\/products\/oxygen-bomb-calorimeters\/6790-detonation-calorimeter\/"]}]},{"@type":"ImageObject","inLanguage":"en-US","@id":"https:\/\/www.parrinst.com\/de\/products\/oxygen-bomb-calorimeters\/6790-detonation-calorimeter\/#primaryimage","url":"https:\/\/i0.wp.com\/www.parrinst.com\/de\/wp-content\/uploads\/sites\/6\/2018\/01\/parr_banner_calorimeter_secondary-3.jpg?fit=2200%2C399&ssl=1","contentUrl":"https:\/\/i0.wp.com\/www.parrinst.com\/de\/wp-content\/uploads\/sites\/6\/2018\/01\/parr_banner_calorimeter_secondary-3.jpg?fit=2200%2C399&ssl=1","width":2200,"height":399},{"@type":"BreadcrumbList","@id":"https:\/\/www.parrinst.com\/de\/products\/oxygen-bomb-calorimeters\/6790-detonation-calorimeter\/#breadcrumb","itemListElement":[{"@type":"ListItem","position":1,"name":"Home","item":"https:\/\/www.parrinst.com\/de\/"},{"@type":"ListItem","position":2,"name":"Products","item":"https:\/\/www.parrinst.com\/de\/products\/"},{"@type":"ListItem","position":3,"name":"Sauerstoffbomben-Kalorimeter","item":"https:\/\/www.parrinst.com\/de\/products\/oxygen-bomb-calorimeters\/"},{"@type":"ListItem","position":4,"name":"6790 Detonation Calorimeter"}]},{"@type":"WebSite","@id":"https:\/\/www.parrinst.com\/de\/#website","url":"https:\/\/www.parrinst.com\/de\/","name":"Parr Instrument GmbH","description":"","potentialAction":[{"@type":"SearchAction","target":{"@type":"EntryPoint","urlTemplate":"https:\/\/www.parrinst.com\/de\/?s={search_term_string}"},"query-input":{"@type":"PropertyValueSpecification","valueRequired":true,"valueName":"search_term_string"}}],"inLanguage":"en-US"}]}},"jetpack_sharing_enabled":true,"_links":{"self":[{"href":"https:\/\/www.parrinst.com\/de\/wp-json\/wp\/v2\/pages\/274","targetHints":{"allow":["GET"]}}],"collection":[{"href":"https:\/\/www.parrinst.com\/de\/wp-json\/wp\/v2\/pages"}],"about":[{"href":"https:\/\/www.parrinst.com\/de\/wp-json\/wp\/v2\/types\/page"}],"author":[{"embeddable":true,"href":"https:\/\/www.parrinst.com\/de\/wp-json\/wp\/v2\/users\/1"}],"replies":[{"embeddable":true,"href":"https:\/\/www.parrinst.com\/de\/wp-json\/wp\/v2\/comments?post=274"}],"version-history":[{"count":0,"href":"https:\/\/www.parrinst.com\/de\/wp-json\/wp\/v2\/pages\/274\/revisions"}],"up":[{"embeddable":true,"href":"https:\/\/www.parrinst.com\/de\/wp-json\/wp\/v2\/pages\/83"}],"wp:featuredmedia":[{"embeddable":true,"href":"https:\/\/www.parrinst.com\/de\/wp-json\/wp\/v2\/media\/37712"}],"wp:attachment":[{"href":"https:\/\/www.parrinst.com\/de\/wp-json\/wp\/v2\/media?parent=274"}],"curies":[{"name":"wp","href":"https:\/\/api.w.org\/{rel}","templated":true}]}}