{"id":306,"date":"2011-03-10T20:22:23","date_gmt":"2011-03-11T02:22:23","guid":{"rendered":"https:\/\/www.parrinst.com\/?page_id=306"},"modified":"2021-09-10T14:21:38","modified_gmt":"2021-09-10T19:21:38","slug":"4848-reactor-controller","status":"publish","type":"page","link":"https:\/\/www.parrinst.com\/de\/products\/controllers\/4848-reactor-controller\/","title":{"rendered":"4848 Reaktor Regler"},"content":{"rendered":"<figure id=\"attachment_3753\" aria-describedby=\"caption-attachment-3753\" style=\"width: 300px\" class=\"wp-caption alignright\"><a href=\"https:\/\/i0.wp.com\/www.parrinst.com\/de\/wp-content\/uploads\/sites\/6\/2011\/06\/4848DSC_6170_01.jpg?ssl=1\"><img data-recalc-dims=\"1\" loading=\"lazy\" decoding=\"async\" class=\"wp-image-3753 size-medium\" src=\"https:\/\/i0.wp.com\/www.parrinst.com\/de\/wp-content\/uploads\/sites\/6\/2011\/06\/4848DSC_6170_01.jpg?resize=300%2C226&#038;ssl=1\" alt=\"4848 Reactor Controller\" width=\"300\" height=\"226\" srcset=\"https:\/\/i0.wp.com\/www.parrinst.com\/de\/wp-content\/uploads\/sites\/6\/2011\/06\/4848DSC_6170_01.jpg?resize=300%2C226&amp;ssl=1 300w, https:\/\/i0.wp.com\/www.parrinst.com\/de\/wp-content\/uploads\/sites\/6\/2011\/06\/4848DSC_6170_01.jpg?resize=199%2C150&amp;ssl=1 199w, https:\/\/i0.wp.com\/www.parrinst.com\/de\/wp-content\/uploads\/sites\/6\/2011\/06\/4848DSC_6170_01.jpg?w=600&amp;ssl=1 600w\" sizes=\"auto, (max-width: 300px) 100vw, 300px\" \/><\/a><figcaption id=\"caption-attachment-3753\" class=\"wp-caption-text\">4848 Regler mit PTM, MCM, PDM und HTM Erweiterungsmodule<\/figcaption><\/figure>\n<p><strong>Der Parr Regler 4848<\/strong> erm\u00f6glicht eine digitale Kommunikation zwischen allen Funktionen dieses modularen Reaktor-Reglers.<\/p>\n<p>Der Regler 4848 bietet:<\/p>\n<ul>\n<li>PID Regelung, mit Automatische Einstellung,\u00a0f\u00fcr genaue Temperatur Regelung mit minimalen Schwankungen<\/li>\n<li>Programmierung von Rampen und Stufen<\/li>\n<li>Separate Regelschleifen f\u00fcr Heizung und K\u00fchlung<\/li>\n<li>Optional erh\u00e4ltliches Magnetventil zur Steuerung einer K\u00fchlung<\/li>\n<li>Motordrehzahlsteuerung<\/li>\n<li><span class=\"hps\">Hohen oder niedrigen<\/span> <span class=\"hps\">Stromheizungsschalter<\/span><\/li>\n<li>M\u00f6glichkeit der vollen oder halben Heizleistung<\/li>\n<li>Abschaltrelais zum Schutz vor zu hoher Temperatur<\/li>\n<li>Erweiterungsmodule f\u00fcr Drehzahlmesser, Druck und Hochtemperaturalarm<\/li>\n<\/ul>\n<h3><\/h3>\n<figure id=\"attachment_2416\" aria-describedby=\"caption-attachment-2416\" style=\"width: 300px\" class=\"wp-caption alignright\"><a href=\"https:\/\/i0.wp.com\/www.parrinst.com\/de\/wp-content\/uploads\/sites\/6\/2011\/06\/4848_Process-Controller_back.jpg?ssl=1\"><img data-recalc-dims=\"1\" loading=\"lazy\" decoding=\"async\" class=\"wp-image-2416 size-medium\" src=\"https:\/\/i0.wp.com\/www.parrinst.com\/de\/wp-content\/uploads\/sites\/6\/2011\/06\/4848_Process-Controller_back.jpg?resize=300%2C240&#038;ssl=1\" alt=\"4848 R\u00fcckseite des Reglers (115V Version)\" width=\"300\" height=\"240\" srcset=\"https:\/\/i0.wp.com\/www.parrinst.com\/de\/wp-content\/uploads\/sites\/6\/2011\/06\/4848_Process-Controller_back.jpg?resize=300%2C240&amp;ssl=1 300w, https:\/\/i0.wp.com\/www.parrinst.com\/de\/wp-content\/uploads\/sites\/6\/2011\/06\/4848_Process-Controller_back.jpg?resize=188%2C150&amp;ssl=1 188w, https:\/\/i0.wp.com\/www.parrinst.com\/de\/wp-content\/uploads\/sites\/6\/2011\/06\/4848_Process-Controller_back.jpg?w=600&amp;ssl=1 600w\" sizes=\"auto, (max-width: 300px) 100vw, 300px\" \/><\/a><figcaption id=\"caption-attachment-2416\" class=\"wp-caption-text\">4848 R\u00fcckseite des Reglers (115V Version)<\/figcaption><\/figure>\n<p>Im Regler 4848 verf\u00fcgen die zus\u00e4tzlichen Module f\u00fcr R\u00fchrgeschwindigkeit, Beh\u00e4lterdruckmessung, Hochtemperaturschutz und Stromaufnahme des Motors sowie der Prim\u00e4rtemperaturregler \u00fcber eine bidirektionale, digitale Datenkommunikation via RS-485. Dadurch kann der Anwender nicht nur alle Messwerte am PC auszulesen, sondern auch Vorgaben f\u00fcr R\u00fchrgeschwindigkeit und Warngrenzen vom PC aus setzen. Die Flexibilit\u00e4t des Aufbaus erlaubt auch eine Verkettung mehrerer Regler 4848 mit einem einzigen PC.<\/p>\n<p>&nbsp;<\/p>\n<p><a id=\"4848B\" name=\"4848B\"><\/a><\/p>\n<h3>4848B Expanded Reactor Controller<\/h3>\n<figure id=\"attachment_2419\" aria-describedby=\"caption-attachment-2419\" style=\"width: 300px\" class=\"wp-caption alignright\"><a href=\"https:\/\/i0.wp.com\/www.parrinst.com\/de\/wp-content\/uploads\/sites\/6\/2011\/06\/4848B_Process-Controller_front.jpg?ssl=1\"><img data-recalc-dims=\"1\" loading=\"lazy\" decoding=\"async\" class=\"wp-image-2419 size-medium\" src=\"https:\/\/i0.wp.com\/www.parrinst.com\/de\/wp-content\/uploads\/sites\/6\/2011\/06\/4848B_Process-Controller_front.jpg?resize=300%2C207&#038;ssl=1\" alt=\"4848B Reaktor Regler mit sechs Erweiterungsmodule\" width=\"300\" height=\"207\" srcset=\"https:\/\/i0.wp.com\/www.parrinst.com\/de\/wp-content\/uploads\/sites\/6\/2011\/06\/4848B_Process-Controller_front.jpg?resize=300%2C207&amp;ssl=1 300w, https:\/\/i0.wp.com\/www.parrinst.com\/de\/wp-content\/uploads\/sites\/6\/2011\/06\/4848B_Process-Controller_front.jpg?resize=217%2C150&amp;ssl=1 217w, https:\/\/i0.wp.com\/www.parrinst.com\/de\/wp-content\/uploads\/sites\/6\/2011\/06\/4848B_Process-Controller_front.jpg?w=600&amp;ssl=1 600w\" sizes=\"auto, (max-width: 300px) 100vw, 300px\" \/><\/a><figcaption id=\"caption-attachment-2419\" class=\"wp-caption-text\">4848B Reaktor Regler mit bis zu sechs Erweiterungsmodule<\/figcaption><\/figure>\n<p>The 4848B Expanded Reactor Controller is a larger version of the 4848 Reactor Controller. It has the same Primary Temperature Control Module as the 4848, and can accommodate up to six expansion modules. It will also communicate with the A3504HC SpecView software.<\/p>\n<p>The 4848B is most useful when the process requires more modules than a single 4848 can handle. A common application would be a stirred reactor which requires a pressure display showing internal pressure and the pressure of an external gas burette. The 4848B has a chassis with enough space to handle both burettes and associated cables and other infrastructure.<\/p>\n<p>The 4848B also has two optional Auxiliary modules. These will read an analog signal, most commonly 4-20mA or 0-5VDC. These can be fed into the chassis through a dedicated auxiliary input slot.<\/p>\n<h3>4848M Master Controller<\/h3>\n<p>The 4848M Master Controller is typically used with multi-zone heaters such as those used on our 4555 Series Stirred Reactors. It will interface with one or more slave boxes, allowing a dedicated power supply to be used for each zone.<\/p>\n<h3>4848A Reactor Controller for AC Motors<\/h3>\n<p>The 4848A can be used with AC Motors. DC motors are more or less ubiquitous in Parr equipment, but some specialty applications require AC motors. The 4848A allows a tachometer display or motor control module to be used with an AC motor.<\/p>\n","protected":false},"excerpt":{"rendered":"<p>Der Parr Regler 4848 erm\u00f6glicht eine digitale Kommunikation zwischen allen Funktionen dieses modularen Reaktor-Reglers. Der Regler 4848 bietet: PID Regelung, mit Automatische Einstellung,\u00a0f\u00fcr genaue Temperatur Regelung mit minimalen Schwankungen Programmierung von Rampen und Stufen Separate Regelschleifen f\u00fcr Heizung und K\u00fchlung Optional erh\u00e4ltliches Magnetventil zur Steuerung einer K\u00fchlung Motordrehzahlsteuerung Hohen oder niedrigen Stromheizungsschalter M\u00f6glichkeit der vollen [&hellip;]<\/p>\n","protected":false},"author":2,"featured_media":38329,"parent":130,"menu_order":1,"comment_status":"closed","ping_status":"closed","template":"product-narrow.php","meta":{"_acf_changed":false,"footnotes":"","_links_to":"","_links_to_target":""},"class_list":["post-306","page","type-page","status-publish","has-post-thumbnail","hentry"],"acf":[],"yoast_head":"<!-- This site is optimized with the Yoast SEO plugin v27.5 - https:\/\/yoast.com\/product\/yoast-seo-wordpress\/ -->\n<title>4848 Reaktor Regler - Parr Instrument GmbH<\/title>\n<meta name=\"robots\" content=\"index, follow, max-snippet:-1, max-image-preview:large, max-video-preview:-1\" \/>\n<link rel=\"canonical\" href=\"https:\/\/www.parrinst.com\/de\/products\/controllers\/4848-reactor-controller\/\" \/>\n<meta property=\"og:locale\" content=\"en_US\" \/>\n<meta property=\"og:type\" content=\"article\" \/>\n<meta property=\"og:title\" content=\"4848 Reaktor Regler - Parr Instrument GmbH\" \/>\n<meta property=\"og:description\" content=\"Der Parr Regler 4848 erm\u00f6glicht eine digitale Kommunikation zwischen allen Funktionen dieses modularen Reaktor-Reglers. Der Regler 4848 bietet: PID Regelung, mit Automatische Einstellung,\u00a0f\u00fcr genaue Temperatur Regelung mit minimalen Schwankungen Programmierung von Rampen und Stufen Separate Regelschleifen f\u00fcr Heizung und K\u00fchlung Optional erh\u00e4ltliches Magnetventil zur Steuerung einer K\u00fchlung Motordrehzahlsteuerung Hohen oder niedrigen Stromheizungsschalter M\u00f6glichkeit der vollen [&hellip;]\" \/>\n<meta property=\"og:url\" content=\"https:\/\/www.parrinst.com\/de\/products\/controllers\/4848-reactor-controller\/\" \/>\n<meta property=\"og:site_name\" content=\"Parr Instrument GmbH\" \/>\n<meta property=\"article:modified_time\" content=\"2021-09-10T19:21:38+00:00\" \/>\n<meta property=\"og:image\" content=\"https:\/\/www.parrinst.com\/de\/files\/2018\/03\/Controller_banner3PI2_1068.jpg\" \/>\n\t<meta property=\"og:image:width\" content=\"2200\" \/>\n\t<meta property=\"og:image:height\" content=\"399\" \/>\n\t<meta property=\"og:image:type\" content=\"image\/jpeg\" \/>\n<meta name=\"twitter:card\" content=\"summary_large_image\" \/>\n<meta name=\"twitter:label1\" content=\"Est. reading time\" \/>\n\t<meta name=\"twitter:data1\" content=\"2 minutes\" \/>\n<script type=\"application\/ld+json\" class=\"yoast-schema-graph\">{\"@context\":\"https:\\\/\\\/schema.org\",\"@graph\":[{\"@type\":\"WebPage\",\"@id\":\"https:\\\/\\\/www.parrinst.com\\\/de\\\/products\\\/controllers\\\/4848-reactor-controller\\\/\",\"url\":\"https:\\\/\\\/www.parrinst.com\\\/de\\\/products\\\/controllers\\\/4848-reactor-controller\\\/\",\"name\":\"4848 Reaktor Regler - Parr Instrument GmbH\",\"isPartOf\":{\"@id\":\"https:\\\/\\\/www.parrinst.com\\\/de\\\/#website\"},\"primaryImageOfPage\":{\"@id\":\"https:\\\/\\\/www.parrinst.com\\\/de\\\/products\\\/controllers\\\/4848-reactor-controller\\\/#primaryimage\"},\"image\":{\"@id\":\"https:\\\/\\\/www.parrinst.com\\\/de\\\/products\\\/controllers\\\/4848-reactor-controller\\\/#primaryimage\"},\"thumbnailUrl\":\"https:\\\/\\\/i0.wp.com\\\/www.parrinst.com\\\/de\\\/wp-content\\\/uploads\\\/sites\\\/6\\\/2018\\\/03\\\/Controller_banner3PI2_1068.jpg?fit=2200%2C399&ssl=1\",\"datePublished\":\"2011-03-11T02:22:23+00:00\",\"dateModified\":\"2021-09-10T19:21:38+00:00\",\"breadcrumb\":{\"@id\":\"https:\\\/\\\/www.parrinst.com\\\/de\\\/products\\\/controllers\\\/4848-reactor-controller\\\/#breadcrumb\"},\"inLanguage\":\"en-US\",\"potentialAction\":[{\"@type\":\"ReadAction\",\"target\":[\"https:\\\/\\\/www.parrinst.com\\\/de\\\/products\\\/controllers\\\/4848-reactor-controller\\\/\"]}]},{\"@type\":\"ImageObject\",\"inLanguage\":\"en-US\",\"@id\":\"https:\\\/\\\/www.parrinst.com\\\/de\\\/products\\\/controllers\\\/4848-reactor-controller\\\/#primaryimage\",\"url\":\"https:\\\/\\\/i0.wp.com\\\/www.parrinst.com\\\/de\\\/wp-content\\\/uploads\\\/sites\\\/6\\\/2018\\\/03\\\/Controller_banner3PI2_1068.jpg?fit=2200%2C399&ssl=1\",\"contentUrl\":\"https:\\\/\\\/i0.wp.com\\\/www.parrinst.com\\\/de\\\/wp-content\\\/uploads\\\/sites\\\/6\\\/2018\\\/03\\\/Controller_banner3PI2_1068.jpg?fit=2200%2C399&ssl=1\",\"width\":2200,\"height\":399},{\"@type\":\"BreadcrumbList\",\"@id\":\"https:\\\/\\\/www.parrinst.com\\\/de\\\/products\\\/controllers\\\/4848-reactor-controller\\\/#breadcrumb\",\"itemListElement\":[{\"@type\":\"ListItem\",\"position\":1,\"name\":\"Home\",\"item\":\"https:\\\/\\\/www.parrinst.com\\\/de\\\/\"},{\"@type\":\"ListItem\",\"position\":2,\"name\":\"Products\",\"item\":\"https:\\\/\\\/www.parrinst.com\\\/de\\\/products\\\/\"},{\"@type\":\"ListItem\",\"position\":3,\"name\":\"Regler\",\"item\":\"https:\\\/\\\/www.parrinst.com\\\/de\\\/products\\\/controllers\\\/\"},{\"@type\":\"ListItem\",\"position\":4,\"name\":\"4848 Reaktor Regler\"}]},{\"@type\":\"WebSite\",\"@id\":\"https:\\\/\\\/www.parrinst.com\\\/de\\\/#website\",\"url\":\"https:\\\/\\\/www.parrinst.com\\\/de\\\/\",\"name\":\"Parr Instrument GmbH\",\"description\":\"\",\"potentialAction\":[{\"@type\":\"SearchAction\",\"target\":{\"@type\":\"EntryPoint\",\"urlTemplate\":\"https:\\\/\\\/www.parrinst.com\\\/de\\\/?s={search_term_string}\"},\"query-input\":{\"@type\":\"PropertyValueSpecification\",\"valueRequired\":true,\"valueName\":\"search_term_string\"}}],\"inLanguage\":\"en-US\"}]}<\/script>\n<!-- \/ Yoast SEO plugin. -->","yoast_head_json":{"title":"4848 Reaktor Regler - Parr Instrument GmbH","robots":{"index":"index","follow":"follow","max-snippet":"max-snippet:-1","max-image-preview":"max-image-preview:large","max-video-preview":"max-video-preview:-1"},"canonical":"https:\/\/www.parrinst.com\/de\/products\/controllers\/4848-reactor-controller\/","og_locale":"en_US","og_type":"article","og_title":"4848 Reaktor Regler - Parr Instrument GmbH","og_description":"Der Parr Regler 4848 erm\u00f6glicht eine digitale Kommunikation zwischen allen Funktionen dieses modularen Reaktor-Reglers. Der Regler 4848 bietet: PID Regelung, mit Automatische Einstellung,\u00a0f\u00fcr genaue Temperatur Regelung mit minimalen Schwankungen Programmierung von Rampen und Stufen Separate Regelschleifen f\u00fcr Heizung und K\u00fchlung Optional erh\u00e4ltliches Magnetventil zur Steuerung einer K\u00fchlung Motordrehzahlsteuerung Hohen oder niedrigen Stromheizungsschalter M\u00f6glichkeit der vollen [&hellip;]","og_url":"https:\/\/www.parrinst.com\/de\/products\/controllers\/4848-reactor-controller\/","og_site_name":"Parr Instrument GmbH","article_modified_time":"2021-09-10T19:21:38+00:00","og_image":[{"width":2200,"height":399,"url":"https:\/\/www.parrinst.com\/de\/files\/2018\/03\/Controller_banner3PI2_1068.jpg","type":"image\/jpeg"}],"twitter_card":"summary_large_image","twitter_misc":{"Est. reading time":"2 minutes"},"schema":{"@context":"https:\/\/schema.org","@graph":[{"@type":"WebPage","@id":"https:\/\/www.parrinst.com\/de\/products\/controllers\/4848-reactor-controller\/","url":"https:\/\/www.parrinst.com\/de\/products\/controllers\/4848-reactor-controller\/","name":"4848 Reaktor Regler - Parr Instrument GmbH","isPartOf":{"@id":"https:\/\/www.parrinst.com\/de\/#website"},"primaryImageOfPage":{"@id":"https:\/\/www.parrinst.com\/de\/products\/controllers\/4848-reactor-controller\/#primaryimage"},"image":{"@id":"https:\/\/www.parrinst.com\/de\/products\/controllers\/4848-reactor-controller\/#primaryimage"},"thumbnailUrl":"https:\/\/i0.wp.com\/www.parrinst.com\/de\/wp-content\/uploads\/sites\/6\/2018\/03\/Controller_banner3PI2_1068.jpg?fit=2200%2C399&ssl=1","datePublished":"2011-03-11T02:22:23+00:00","dateModified":"2021-09-10T19:21:38+00:00","breadcrumb":{"@id":"https:\/\/www.parrinst.com\/de\/products\/controllers\/4848-reactor-controller\/#breadcrumb"},"inLanguage":"en-US","potentialAction":[{"@type":"ReadAction","target":["https:\/\/www.parrinst.com\/de\/products\/controllers\/4848-reactor-controller\/"]}]},{"@type":"ImageObject","inLanguage":"en-US","@id":"https:\/\/www.parrinst.com\/de\/products\/controllers\/4848-reactor-controller\/#primaryimage","url":"https:\/\/i0.wp.com\/www.parrinst.com\/de\/wp-content\/uploads\/sites\/6\/2018\/03\/Controller_banner3PI2_1068.jpg?fit=2200%2C399&ssl=1","contentUrl":"https:\/\/i0.wp.com\/www.parrinst.com\/de\/wp-content\/uploads\/sites\/6\/2018\/03\/Controller_banner3PI2_1068.jpg?fit=2200%2C399&ssl=1","width":2200,"height":399},{"@type":"BreadcrumbList","@id":"https:\/\/www.parrinst.com\/de\/products\/controllers\/4848-reactor-controller\/#breadcrumb","itemListElement":[{"@type":"ListItem","position":1,"name":"Home","item":"https:\/\/www.parrinst.com\/de\/"},{"@type":"ListItem","position":2,"name":"Products","item":"https:\/\/www.parrinst.com\/de\/products\/"},{"@type":"ListItem","position":3,"name":"Regler","item":"https:\/\/www.parrinst.com\/de\/products\/controllers\/"},{"@type":"ListItem","position":4,"name":"4848 Reaktor Regler"}]},{"@type":"WebSite","@id":"https:\/\/www.parrinst.com\/de\/#website","url":"https:\/\/www.parrinst.com\/de\/","name":"Parr Instrument GmbH","description":"","potentialAction":[{"@type":"SearchAction","target":{"@type":"EntryPoint","urlTemplate":"https:\/\/www.parrinst.com\/de\/?s={search_term_string}"},"query-input":{"@type":"PropertyValueSpecification","valueRequired":true,"valueName":"search_term_string"}}],"inLanguage":"en-US"}]}},"jetpack_sharing_enabled":true,"_links":{"self":[{"href":"https:\/\/www.parrinst.com\/de\/wp-json\/wp\/v2\/pages\/306","targetHints":{"allow":["GET"]}}],"collection":[{"href":"https:\/\/www.parrinst.com\/de\/wp-json\/wp\/v2\/pages"}],"about":[{"href":"https:\/\/www.parrinst.com\/de\/wp-json\/wp\/v2\/types\/page"}],"author":[{"embeddable":true,"href":"https:\/\/www.parrinst.com\/de\/wp-json\/wp\/v2\/users\/2"}],"replies":[{"embeddable":true,"href":"https:\/\/www.parrinst.com\/de\/wp-json\/wp\/v2\/comments?post=306"}],"version-history":[{"count":2,"href":"https:\/\/www.parrinst.com\/de\/wp-json\/wp\/v2\/pages\/306\/revisions"}],"predecessor-version":[{"id":38407,"href":"https:\/\/www.parrinst.com\/de\/wp-json\/wp\/v2\/pages\/306\/revisions\/38407"}],"up":[{"embeddable":true,"href":"https:\/\/www.parrinst.com\/de\/wp-json\/wp\/v2\/pages\/130"}],"wp:featuredmedia":[{"embeddable":true,"href":"https:\/\/www.parrinst.com\/de\/wp-json\/wp\/v2\/media\/38329"}],"wp:attachment":[{"href":"https:\/\/www.parrinst.com\/de\/wp-json\/wp\/v2\/media?parent=306"}],"curies":[{"name":"wp","href":"https:\/\/api.w.org\/{rel}","templated":true}]}}