{"id":310,"date":"2011-03-10T20:23:08","date_gmt":"2011-03-11T02:23:08","guid":{"rendered":"https:\/\/www.parrinst.com\/?page_id=310"},"modified":"2023-05-03T15:53:00","modified_gmt":"2023-05-03T20:53:00","slug":"4838-reactor-controller","status":"publish","type":"page","link":"https:\/\/www.parrinst.com\/de\/products\/controllers\/4838-reactor-controller\/","title":{"rendered":"4838 Reaktor Regler"},"content":{"rendered":"<figure id=\"attachment_2415\" aria-describedby=\"caption-attachment-2415\" style=\"width: 240px\" class=\"wp-caption alignright\"><a href=\"https:\/\/i0.wp.com\/www.parrinst.com\/de\/wp-content\/uploads\/sites\/6\/2011\/06\/4838_Temperature-Controller_front.jpg?ssl=1\"><img data-recalc-dims=\"1\" loading=\"lazy\" decoding=\"async\" class=\"size-medium wp-image-2415 \" src=\"https:\/\/i0.wp.com\/www.parrinst.com\/de\/wp-content\/uploads\/sites\/6\/2011\/06\/4838_Temperature-Controller_front.jpg?resize=240%2C214&#038;ssl=1\" alt=\"4838 Reaktor Regler\" width=\"240\" height=\"214\" \/><\/a><figcaption id=\"caption-attachment-2415\" class=\"wp-caption-text\">4838\u00a0Reaktor Regler (mit\u00a0Optional HTM Module)<\/figcaption><\/figure>\n<p>Die Reihe von Parr-Reglern wurde durch den\u00a0<strong>Reaktor Regler 4838<\/strong> erweitert. Dieser kompakte Regler ist f\u00fcr die Temperaturregelung in unseren zahlreichen Druckgef\u00e4\u00dfen ohne R\u00fchrwerk gedacht. Der Controller ist nicht daf\u00fcr vorgesehen, die Drehzahl einer Reaktors zu regeln und kann auch nicht auf diese Funktion erweitert werden.<\/p>\n<p>Der 4838 enth\u00e4lt das gleiche <span class=\"hps\">prim\u00e4r<\/span> Temperaturregelmodul, das auch im Regler 4848 Verwendung findet und bietet dieselben M\u00f6glichkeiten zur Regelung und zum Datenaustausch. Auch die Funktion der zweistufigen Heizung (volle oder halbe Leistung) schalter sowie das Abschaltrelais mit Reset-Funktion f\u00fcr den Schutz vor zu hohen Temperaturen sind enthalten.<\/p>\n<p>Der Reaktor Regler 4838 kann entweder mit dem Druckanzeigemodul, dem Hochtemperatur-abschaltmodul oder dem Modul zur Au\u00dfentemperaturbegrenzung erweitert werden.<\/p>\n<p>Der Regler 4838 bietet:<\/p>\n<ul>\n<li>PID Regelung, mit Automatische Einstellung,\u00a0f\u00fcr genaue Temperatur Regelung mit minimalen Schwankungen<\/li>\n<li>Programmierung von Rampen und Stufen<\/li>\n<li><span class=\"hps\">Hohen oder niedrigen<\/span> <span class=\"hps\">Stromheizungsschalter<\/span>M\u00f6glichkeit der vollen oder halben Heizleistung<\/li>\n<li>Abschaltrelais zum Schutz vor zu hoher Temperatur<\/li>\n<\/ul>\n<p>&nbsp;<\/p>\n<p>&nbsp;<\/p>\n","protected":false},"excerpt":{"rendered":"<p>Die Reihe von Parr-Reglern wurde durch den\u00a0Reaktor Regler 4838 erweitert. Dieser kompakte Regler ist f\u00fcr die Temperaturregelung in unseren zahlreichen Druckgef\u00e4\u00dfen ohne R\u00fchrwerk gedacht. Der Controller ist nicht daf\u00fcr vorgesehen, die Drehzahl einer Reaktors zu regeln und kann auch nicht auf diese Funktion erweitert werden. Der 4838 enth\u00e4lt das gleiche prim\u00e4r Temperaturregelmodul, das auch im [&hellip;]<\/p>\n","protected":false},"author":2,"featured_media":38329,"parent":130,"menu_order":3,"comment_status":"closed","ping_status":"closed","template":"product-narrow.php","meta":{"_acf_changed":false,"footnotes":"","_links_to":"","_links_to_target":""},"class_list":["post-310","page","type-page","status-publish","has-post-thumbnail","hentry"],"acf":[],"yoast_head":"<!-- This site is optimized with the Yoast SEO plugin v27.4 - https:\/\/yoast.com\/product\/yoast-seo-wordpress\/ -->\n<title>4838 Reaktor Regler - Parr Instrument GmbH<\/title>\n<meta name=\"robots\" content=\"index, follow, max-snippet:-1, max-image-preview:large, max-video-preview:-1\" \/>\n<link rel=\"canonical\" href=\"https:\/\/www.parrinst.com\/de\/products\/controllers\/4838-reactor-controller\/\" \/>\n<meta property=\"og:locale\" content=\"en_US\" \/>\n<meta property=\"og:type\" content=\"article\" \/>\n<meta property=\"og:title\" content=\"4838 Reaktor Regler - Parr Instrument GmbH\" \/>\n<meta property=\"og:description\" content=\"Die Reihe von Parr-Reglern wurde durch den\u00a0Reaktor Regler 4838 erweitert. Dieser kompakte Regler ist f\u00fcr die Temperaturregelung in unseren zahlreichen Druckgef\u00e4\u00dfen ohne R\u00fchrwerk gedacht. Der Controller ist nicht daf\u00fcr vorgesehen, die Drehzahl einer Reaktors zu regeln und kann auch nicht auf diese Funktion erweitert werden. Der 4838 enth\u00e4lt das gleiche prim\u00e4r Temperaturregelmodul, das auch im [&hellip;]\" \/>\n<meta property=\"og:url\" content=\"https:\/\/www.parrinst.com\/de\/products\/controllers\/4838-reactor-controller\/\" \/>\n<meta property=\"og:site_name\" content=\"Parr Instrument GmbH\" \/>\n<meta property=\"article:modified_time\" content=\"2023-05-03T20:53:00+00:00\" \/>\n<meta property=\"og:image\" content=\"https:\/\/www.parrinst.com\/de\/files\/2018\/03\/Controller_banner3PI2_1068.jpg\" \/>\n\t<meta property=\"og:image:width\" content=\"2200\" \/>\n\t<meta property=\"og:image:height\" content=\"399\" \/>\n\t<meta property=\"og:image:type\" content=\"image\/jpeg\" \/>\n<meta name=\"twitter:card\" content=\"summary_large_image\" \/>\n<meta name=\"twitter:label1\" content=\"Est. reading time\" \/>\n\t<meta name=\"twitter:data1\" content=\"1 minute\" \/>\n<script type=\"application\/ld+json\" class=\"yoast-schema-graph\">{\"@context\":\"https:\\\/\\\/schema.org\",\"@graph\":[{\"@type\":\"WebPage\",\"@id\":\"https:\\\/\\\/www.parrinst.com\\\/de\\\/products\\\/controllers\\\/4838-reactor-controller\\\/\",\"url\":\"https:\\\/\\\/www.parrinst.com\\\/de\\\/products\\\/controllers\\\/4838-reactor-controller\\\/\",\"name\":\"4838 Reaktor Regler - Parr Instrument GmbH\",\"isPartOf\":{\"@id\":\"https:\\\/\\\/www.parrinst.com\\\/de\\\/#website\"},\"primaryImageOfPage\":{\"@id\":\"https:\\\/\\\/www.parrinst.com\\\/de\\\/products\\\/controllers\\\/4838-reactor-controller\\\/#primaryimage\"},\"image\":{\"@id\":\"https:\\\/\\\/www.parrinst.com\\\/de\\\/products\\\/controllers\\\/4838-reactor-controller\\\/#primaryimage\"},\"thumbnailUrl\":\"https:\\\/\\\/i0.wp.com\\\/www.parrinst.com\\\/de\\\/wp-content\\\/uploads\\\/sites\\\/6\\\/2018\\\/03\\\/Controller_banner3PI2_1068.jpg?fit=2200%2C399&ssl=1\",\"datePublished\":\"2011-03-11T02:23:08+00:00\",\"dateModified\":\"2023-05-03T20:53:00+00:00\",\"breadcrumb\":{\"@id\":\"https:\\\/\\\/www.parrinst.com\\\/de\\\/products\\\/controllers\\\/4838-reactor-controller\\\/#breadcrumb\"},\"inLanguage\":\"en-US\",\"potentialAction\":[{\"@type\":\"ReadAction\",\"target\":[\"https:\\\/\\\/www.parrinst.com\\\/de\\\/products\\\/controllers\\\/4838-reactor-controller\\\/\"]}]},{\"@type\":\"ImageObject\",\"inLanguage\":\"en-US\",\"@id\":\"https:\\\/\\\/www.parrinst.com\\\/de\\\/products\\\/controllers\\\/4838-reactor-controller\\\/#primaryimage\",\"url\":\"https:\\\/\\\/i0.wp.com\\\/www.parrinst.com\\\/de\\\/wp-content\\\/uploads\\\/sites\\\/6\\\/2018\\\/03\\\/Controller_banner3PI2_1068.jpg?fit=2200%2C399&ssl=1\",\"contentUrl\":\"https:\\\/\\\/i0.wp.com\\\/www.parrinst.com\\\/de\\\/wp-content\\\/uploads\\\/sites\\\/6\\\/2018\\\/03\\\/Controller_banner3PI2_1068.jpg?fit=2200%2C399&ssl=1\",\"width\":2200,\"height\":399},{\"@type\":\"BreadcrumbList\",\"@id\":\"https:\\\/\\\/www.parrinst.com\\\/de\\\/products\\\/controllers\\\/4838-reactor-controller\\\/#breadcrumb\",\"itemListElement\":[{\"@type\":\"ListItem\",\"position\":1,\"name\":\"Home\",\"item\":\"https:\\\/\\\/www.parrinst.com\\\/de\\\/\"},{\"@type\":\"ListItem\",\"position\":2,\"name\":\"Products\",\"item\":\"https:\\\/\\\/www.parrinst.com\\\/de\\\/products\\\/\"},{\"@type\":\"ListItem\",\"position\":3,\"name\":\"Regler\",\"item\":\"https:\\\/\\\/www.parrinst.com\\\/de\\\/products\\\/controllers\\\/\"},{\"@type\":\"ListItem\",\"position\":4,\"name\":\"4838 Reaktor Regler\"}]},{\"@type\":\"WebSite\",\"@id\":\"https:\\\/\\\/www.parrinst.com\\\/de\\\/#website\",\"url\":\"https:\\\/\\\/www.parrinst.com\\\/de\\\/\",\"name\":\"Parr Instrument GmbH\",\"description\":\"\",\"potentialAction\":[{\"@type\":\"SearchAction\",\"target\":{\"@type\":\"EntryPoint\",\"urlTemplate\":\"https:\\\/\\\/www.parrinst.com\\\/de\\\/?s={search_term_string}\"},\"query-input\":{\"@type\":\"PropertyValueSpecification\",\"valueRequired\":true,\"valueName\":\"search_term_string\"}}],\"inLanguage\":\"en-US\"}]}<\/script>\n<!-- \/ Yoast SEO plugin. -->","yoast_head_json":{"title":"4838 Reaktor Regler - Parr Instrument GmbH","robots":{"index":"index","follow":"follow","max-snippet":"max-snippet:-1","max-image-preview":"max-image-preview:large","max-video-preview":"max-video-preview:-1"},"canonical":"https:\/\/www.parrinst.com\/de\/products\/controllers\/4838-reactor-controller\/","og_locale":"en_US","og_type":"article","og_title":"4838 Reaktor Regler - Parr Instrument GmbH","og_description":"Die Reihe von Parr-Reglern wurde durch den\u00a0Reaktor Regler 4838 erweitert. Dieser kompakte Regler ist f\u00fcr die Temperaturregelung in unseren zahlreichen Druckgef\u00e4\u00dfen ohne R\u00fchrwerk gedacht. Der Controller ist nicht daf\u00fcr vorgesehen, die Drehzahl einer Reaktors zu regeln und kann auch nicht auf diese Funktion erweitert werden. Der 4838 enth\u00e4lt das gleiche prim\u00e4r Temperaturregelmodul, das auch im [&hellip;]","og_url":"https:\/\/www.parrinst.com\/de\/products\/controllers\/4838-reactor-controller\/","og_site_name":"Parr Instrument GmbH","article_modified_time":"2023-05-03T20:53:00+00:00","og_image":[{"width":2200,"height":399,"url":"https:\/\/www.parrinst.com\/de\/files\/2018\/03\/Controller_banner3PI2_1068.jpg","type":"image\/jpeg"}],"twitter_card":"summary_large_image","twitter_misc":{"Est. reading time":"1 minute"},"schema":{"@context":"https:\/\/schema.org","@graph":[{"@type":"WebPage","@id":"https:\/\/www.parrinst.com\/de\/products\/controllers\/4838-reactor-controller\/","url":"https:\/\/www.parrinst.com\/de\/products\/controllers\/4838-reactor-controller\/","name":"4838 Reaktor Regler - Parr Instrument GmbH","isPartOf":{"@id":"https:\/\/www.parrinst.com\/de\/#website"},"primaryImageOfPage":{"@id":"https:\/\/www.parrinst.com\/de\/products\/controllers\/4838-reactor-controller\/#primaryimage"},"image":{"@id":"https:\/\/www.parrinst.com\/de\/products\/controllers\/4838-reactor-controller\/#primaryimage"},"thumbnailUrl":"https:\/\/i0.wp.com\/www.parrinst.com\/de\/wp-content\/uploads\/sites\/6\/2018\/03\/Controller_banner3PI2_1068.jpg?fit=2200%2C399&ssl=1","datePublished":"2011-03-11T02:23:08+00:00","dateModified":"2023-05-03T20:53:00+00:00","breadcrumb":{"@id":"https:\/\/www.parrinst.com\/de\/products\/controllers\/4838-reactor-controller\/#breadcrumb"},"inLanguage":"en-US","potentialAction":[{"@type":"ReadAction","target":["https:\/\/www.parrinst.com\/de\/products\/controllers\/4838-reactor-controller\/"]}]},{"@type":"ImageObject","inLanguage":"en-US","@id":"https:\/\/www.parrinst.com\/de\/products\/controllers\/4838-reactor-controller\/#primaryimage","url":"https:\/\/i0.wp.com\/www.parrinst.com\/de\/wp-content\/uploads\/sites\/6\/2018\/03\/Controller_banner3PI2_1068.jpg?fit=2200%2C399&ssl=1","contentUrl":"https:\/\/i0.wp.com\/www.parrinst.com\/de\/wp-content\/uploads\/sites\/6\/2018\/03\/Controller_banner3PI2_1068.jpg?fit=2200%2C399&ssl=1","width":2200,"height":399},{"@type":"BreadcrumbList","@id":"https:\/\/www.parrinst.com\/de\/products\/controllers\/4838-reactor-controller\/#breadcrumb","itemListElement":[{"@type":"ListItem","position":1,"name":"Home","item":"https:\/\/www.parrinst.com\/de\/"},{"@type":"ListItem","position":2,"name":"Products","item":"https:\/\/www.parrinst.com\/de\/products\/"},{"@type":"ListItem","position":3,"name":"Regler","item":"https:\/\/www.parrinst.com\/de\/products\/controllers\/"},{"@type":"ListItem","position":4,"name":"4838 Reaktor Regler"}]},{"@type":"WebSite","@id":"https:\/\/www.parrinst.com\/de\/#website","url":"https:\/\/www.parrinst.com\/de\/","name":"Parr Instrument GmbH","description":"","potentialAction":[{"@type":"SearchAction","target":{"@type":"EntryPoint","urlTemplate":"https:\/\/www.parrinst.com\/de\/?s={search_term_string}"},"query-input":{"@type":"PropertyValueSpecification","valueRequired":true,"valueName":"search_term_string"}}],"inLanguage":"en-US"}]}},"jetpack_sharing_enabled":true,"_links":{"self":[{"href":"https:\/\/www.parrinst.com\/de\/wp-json\/wp\/v2\/pages\/310","targetHints":{"allow":["GET"]}}],"collection":[{"href":"https:\/\/www.parrinst.com\/de\/wp-json\/wp\/v2\/pages"}],"about":[{"href":"https:\/\/www.parrinst.com\/de\/wp-json\/wp\/v2\/types\/page"}],"author":[{"embeddable":true,"href":"https:\/\/www.parrinst.com\/de\/wp-json\/wp\/v2\/users\/2"}],"replies":[{"embeddable":true,"href":"https:\/\/www.parrinst.com\/de\/wp-json\/wp\/v2\/comments?post=310"}],"version-history":[{"count":1,"href":"https:\/\/www.parrinst.com\/de\/wp-json\/wp\/v2\/pages\/310\/revisions"}],"predecessor-version":[{"id":38099,"href":"https:\/\/www.parrinst.com\/de\/wp-json\/wp\/v2\/pages\/310\/revisions\/38099"}],"up":[{"embeddable":true,"href":"https:\/\/www.parrinst.com\/de\/wp-json\/wp\/v2\/pages\/130"}],"wp:featuredmedia":[{"embeddable":true,"href":"https:\/\/www.parrinst.com\/de\/wp-json\/wp\/v2\/media\/38329"}],"wp:attachment":[{"href":"https:\/\/www.parrinst.com\/de\/wp-json\/wp\/v2\/media?parent=310"}],"curies":[{"name":"wp","href":"https:\/\/api.w.org\/{rel}","templated":true}]}}