{"id":318,"date":"2011-03-10T20:25:14","date_gmt":"2011-03-11T02:25:14","guid":{"rendered":"https:\/\/www.parrinst.com\/?page_id=318"},"modified":"2024-05-15T15:00:40","modified_gmt":"2024-05-15T20:00:40","slug":"specview","status":"publish","type":"page","link":"https:\/\/www.parrinst.com\/de\/products\/controllers\/4848-reactor-controller\/specview\/","title":{"rendered":"SpecView"},"content":{"rendered":"<figure id=\"attachment_40620\" aria-describedby=\"caption-attachment-40620\" style=\"width: 300px\" class=\"wp-caption alignright\"><a href=\"https:\/\/i0.wp.com\/www.parrinst.com\/de\/wp-content\/uploads\/sites\/6\/2020\/11\/SV3-with-4848_600.jpg?ssl=1\"><img data-recalc-dims=\"1\" loading=\"lazy\" decoding=\"async\" class=\"size-medium wp-image-40620\" src=\"https:\/\/i0.wp.com\/www.parrinst.com\/de\/wp-content\/uploads\/sites\/6\/2020\/11\/SV3-with-4848_600.jpg?resize=300%2C184&#038;ssl=1\" alt=\"Parr 4848 Regler und ein Beispiel der SpecView Software\" width=\"300\" height=\"184\" srcset=\"https:\/\/i0.wp.com\/www.parrinst.com\/de\/wp-content\/uploads\/sites\/6\/2020\/11\/SV3-with-4848_600.jpg?resize=300%2C184&amp;ssl=1 300w, https:\/\/i0.wp.com\/www.parrinst.com\/de\/wp-content\/uploads\/sites\/6\/2020\/11\/SV3-with-4848_600.jpg?resize=245%2C150&amp;ssl=1 245w, https:\/\/i0.wp.com\/www.parrinst.com\/de\/wp-content\/uploads\/sites\/6\/2020\/11\/SV3-with-4848_600.jpg?w=979&amp;ssl=1 979w\" sizes=\"auto, (max-width: 300px) 100vw, 300px\" \/><\/a><figcaption id=\"caption-attachment-40620\" class=\"wp-caption-text\">Parr 4848 Regler und ein Beispiel der SpecView Software<\/figcaption><\/figure>\n<h2>SpecView<sup>\u00ae<\/sup> f\u00fcr die Parr Regler 4848 &amp; 4838<\/h2>\n<p>Seit fast einem Jahrzehnt benutzt Parr Instrument die SpecView-Software aus dem Hauptgrund eine flexible, anpassbare Benutzeroberfl\u00e4che f\u00fcr den Prozess-Regler der Serie 4871 anzubieten. Die vereinheitlichte Modbus-Kommunikationsstruktur der Regler-Systeme 4848 &amp; 4838 erm\u00f6glicht es uns nun auch die Leistungsf\u00e4higkeit und Anwenderfreundlichkeit von SpecView f\u00fcr die Regler der Serie 4848 &amp; 4838 bereitzustellen. Eine besondere Absprache mit den Entwicklern von SpecView erlaubt es Parr eine einzigartige SpecView Version anzubieten, diese unterst\u00fctzt die Instrumente der Serien 4848 &amp; 4838, welche bis zu acht individuelle PID- oder Grenzwert-Module beinhalten. Dies stellt eine Unterst\u00fctzung f\u00fcr bis zu zwei komplett ausgef\u00fcllte Regler 4848 oder einem Regler 4848B sicher.<\/p>\n<p><!-- [if gte mso 9]&gt;--><\/p>\n<p class=\"MsoNormal\">Folgende Eigenschaften und Vorteile bietet die neue SpecView Software im Vergleich zur gew\u00f6hnlichen ParrComm Sotware<\/p>\n<ul>\n<li>Verbesserte Echtzeit-Aufzeichnung, mit eingeschlossen sind mehrfache Diagramme, jedes mit einer unbegrenzten Anzahl an Stiften<\/li>\n<li>Verbesserte Datenaufzeichnung \u2013 mit der M\u00f6glichkeit jeden einzelnen Regler-Parameter aufzuzeichnen, nicht nur die Prozessvariablen<\/li>\n<li>Alarm und Ereignis Aufzeichnungen<\/li>\n<li>\u00dcbergeordnete Alarmanzeige<\/li>\n<li>M\u00f6glichkeit die Benutzeroberfl\u00e4che einfach an den gegebenen Anwendungsfall anzupassDie Benutzeroberfl\u00e4che kann ortsgebunden ausgef\u00fchrt werden, um zum Beispiel eine Vielzahl von Sprachen zu unterst\u00fctzenThe user interface can be localized, for example to support a variety of languages.<\/li>\n<\/ul>\n<h3>SpecView-Systemanforderungen<\/h3>\n<p>SpecView l\u00e4uft auf den folgenden Windows-Betriebssystemen:<\/p>\n<ul>\n<li>Windows 11, 10, 8, 8.1, &amp; 7; 32 bit &amp; 64 bit<\/li>\n<\/ul>\n<p>Beachten Sie, dass SpecView unter Windows 8 RT (wie auf einigen Microsoft Surface-Tablets angeboten) nicht funktioniert.<\/p>\n<p>Parr empfiehlt mindestens:<\/p>\n<ul>\n<li>Intel Core i5, 2.6 Ghz<\/li>\n<li>8GB RAM (am besten 16GB)<\/li>\n<li>1GB Festplattenspeiche<\/li>\n<li>Zus\u00e4tzlicher Speicherplatz f\u00fcr die Datenprotokollierung (variiert je nachdem, wie viele und wie oft Sie Daten protokollieren)<\/li>\n<li>Anzeigeadapter, der mit 1024 x 768 Pixeln und mindestens 16-Bit-Farbe arbeiten kann (1920 x 1080 f\u00fcr 4871 erforderlich)<\/li>\n<li>2 USB-Anschl\u00fcsse<\/li>\n<li>Ein kabelgebundener Ethernet-Anschluss (nur f\u00fcr Parr 4871 Controller)<\/li>\n<\/ul>\n","protected":false},"excerpt":{"rendered":"<p>SpecView\u00ae f\u00fcr die Parr Regler 4848 &amp; 4838 Seit fast einem Jahrzehnt benutzt Parr Instrument die SpecView-Software aus dem Hauptgrund eine flexible, anpassbare Benutzeroberfl\u00e4che f\u00fcr den Prozess-Regler der Serie 4871 anzubieten. Die vereinheitlichte Modbus-Kommunikationsstruktur der Regler-Systeme 4848 &amp; 4838 erm\u00f6glicht es uns nun auch die Leistungsf\u00e4higkeit und Anwenderfreundlichkeit von SpecView f\u00fcr die Regler der Serie [&hellip;]<\/p>\n","protected":false},"author":1,"featured_media":38329,"parent":306,"menu_order":7,"comment_status":"closed","ping_status":"closed","template":"product-narrow.php","meta":{"_acf_changed":false,"footnotes":"","_links_to":"","_links_to_target":""},"class_list":["post-318","page","type-page","status-publish","has-post-thumbnail","hentry"],"acf":[],"yoast_head":"<!-- This site is optimized with the Yoast SEO plugin v27.4 - https:\/\/yoast.com\/product\/yoast-seo-wordpress\/ -->\n<title>SpecView - Parr Instrument GmbH<\/title>\n<meta name=\"robots\" content=\"index, follow, max-snippet:-1, max-image-preview:large, max-video-preview:-1\" \/>\n<link rel=\"canonical\" href=\"https:\/\/www.parrinst.com\/de\/products\/controllers\/4848-reactor-controller\/specview\/\" \/>\n<meta property=\"og:locale\" content=\"en_US\" \/>\n<meta property=\"og:type\" content=\"article\" \/>\n<meta property=\"og:title\" content=\"SpecView - Parr Instrument GmbH\" \/>\n<meta property=\"og:description\" content=\"SpecView\u00ae f\u00fcr die Parr Regler 4848 &amp; 4838 Seit fast einem Jahrzehnt benutzt Parr Instrument die SpecView-Software aus dem Hauptgrund eine flexible, anpassbare Benutzeroberfl\u00e4che f\u00fcr den Prozess-Regler der Serie 4871 anzubieten. Die vereinheitlichte Modbus-Kommunikationsstruktur der Regler-Systeme 4848 &amp; 4838 erm\u00f6glicht es uns nun auch die Leistungsf\u00e4higkeit und Anwenderfreundlichkeit von SpecView f\u00fcr die Regler der Serie [&hellip;]\" \/>\n<meta property=\"og:url\" content=\"https:\/\/www.parrinst.com\/de\/products\/controllers\/4848-reactor-controller\/specview\/\" \/>\n<meta property=\"og:site_name\" content=\"Parr Instrument GmbH\" \/>\n<meta property=\"article:modified_time\" content=\"2024-05-15T20:00:40+00:00\" \/>\n<meta property=\"og:image\" content=\"https:\/\/www.parrinst.com\/de\/files\/2018\/03\/Controller_banner3PI2_1068.jpg\" \/>\n\t<meta property=\"og:image:width\" content=\"2200\" \/>\n\t<meta property=\"og:image:height\" content=\"399\" \/>\n\t<meta property=\"og:image:type\" content=\"image\/jpeg\" \/>\n<meta name=\"twitter:card\" content=\"summary_large_image\" \/>\n<meta name=\"twitter:label1\" content=\"Est. reading time\" \/>\n\t<meta name=\"twitter:data1\" content=\"2 minutes\" \/>\n<script type=\"application\/ld+json\" class=\"yoast-schema-graph\">{\"@context\":\"https:\\\/\\\/schema.org\",\"@graph\":[{\"@type\":\"WebPage\",\"@id\":\"https:\\\/\\\/www.parrinst.com\\\/de\\\/products\\\/controllers\\\/4848-reactor-controller\\\/specview\\\/\",\"url\":\"https:\\\/\\\/www.parrinst.com\\\/de\\\/products\\\/controllers\\\/4848-reactor-controller\\\/specview\\\/\",\"name\":\"SpecView - Parr Instrument GmbH\",\"isPartOf\":{\"@id\":\"https:\\\/\\\/www.parrinst.com\\\/de\\\/#website\"},\"primaryImageOfPage\":{\"@id\":\"https:\\\/\\\/www.parrinst.com\\\/de\\\/products\\\/controllers\\\/4848-reactor-controller\\\/specview\\\/#primaryimage\"},\"image\":{\"@id\":\"https:\\\/\\\/www.parrinst.com\\\/de\\\/products\\\/controllers\\\/4848-reactor-controller\\\/specview\\\/#primaryimage\"},\"thumbnailUrl\":\"https:\\\/\\\/i0.wp.com\\\/www.parrinst.com\\\/de\\\/wp-content\\\/uploads\\\/sites\\\/6\\\/2018\\\/03\\\/Controller_banner3PI2_1068.jpg?fit=2200%2C399&ssl=1\",\"datePublished\":\"2011-03-11T02:25:14+00:00\",\"dateModified\":\"2024-05-15T20:00:40+00:00\",\"breadcrumb\":{\"@id\":\"https:\\\/\\\/www.parrinst.com\\\/de\\\/products\\\/controllers\\\/4848-reactor-controller\\\/specview\\\/#breadcrumb\"},\"inLanguage\":\"en-US\",\"potentialAction\":[{\"@type\":\"ReadAction\",\"target\":[\"https:\\\/\\\/www.parrinst.com\\\/de\\\/products\\\/controllers\\\/4848-reactor-controller\\\/specview\\\/\"]}]},{\"@type\":\"ImageObject\",\"inLanguage\":\"en-US\",\"@id\":\"https:\\\/\\\/www.parrinst.com\\\/de\\\/products\\\/controllers\\\/4848-reactor-controller\\\/specview\\\/#primaryimage\",\"url\":\"https:\\\/\\\/i0.wp.com\\\/www.parrinst.com\\\/de\\\/wp-content\\\/uploads\\\/sites\\\/6\\\/2018\\\/03\\\/Controller_banner3PI2_1068.jpg?fit=2200%2C399&ssl=1\",\"contentUrl\":\"https:\\\/\\\/i0.wp.com\\\/www.parrinst.com\\\/de\\\/wp-content\\\/uploads\\\/sites\\\/6\\\/2018\\\/03\\\/Controller_banner3PI2_1068.jpg?fit=2200%2C399&ssl=1\",\"width\":2200,\"height\":399},{\"@type\":\"BreadcrumbList\",\"@id\":\"https:\\\/\\\/www.parrinst.com\\\/de\\\/products\\\/controllers\\\/4848-reactor-controller\\\/specview\\\/#breadcrumb\",\"itemListElement\":[{\"@type\":\"ListItem\",\"position\":1,\"name\":\"Home\",\"item\":\"https:\\\/\\\/www.parrinst.com\\\/de\\\/\"},{\"@type\":\"ListItem\",\"position\":2,\"name\":\"Products\",\"item\":\"https:\\\/\\\/www.parrinst.com\\\/de\\\/products\\\/\"},{\"@type\":\"ListItem\",\"position\":3,\"name\":\"Regler\",\"item\":\"https:\\\/\\\/www.parrinst.com\\\/de\\\/products\\\/controllers\\\/\"},{\"@type\":\"ListItem\",\"position\":4,\"name\":\"4848 Reaktor Regler\",\"item\":\"https:\\\/\\\/www.parrinst.com\\\/de\\\/products\\\/controllers\\\/4848-reactor-controller\\\/\"},{\"@type\":\"ListItem\",\"position\":5,\"name\":\"SpecView\"}]},{\"@type\":\"WebSite\",\"@id\":\"https:\\\/\\\/www.parrinst.com\\\/de\\\/#website\",\"url\":\"https:\\\/\\\/www.parrinst.com\\\/de\\\/\",\"name\":\"Parr Instrument GmbH\",\"description\":\"\",\"potentialAction\":[{\"@type\":\"SearchAction\",\"target\":{\"@type\":\"EntryPoint\",\"urlTemplate\":\"https:\\\/\\\/www.parrinst.com\\\/de\\\/?s={search_term_string}\"},\"query-input\":{\"@type\":\"PropertyValueSpecification\",\"valueRequired\":true,\"valueName\":\"search_term_string\"}}],\"inLanguage\":\"en-US\"}]}<\/script>\n<!-- \/ Yoast SEO plugin. -->","yoast_head_json":{"title":"SpecView - Parr Instrument GmbH","robots":{"index":"index","follow":"follow","max-snippet":"max-snippet:-1","max-image-preview":"max-image-preview:large","max-video-preview":"max-video-preview:-1"},"canonical":"https:\/\/www.parrinst.com\/de\/products\/controllers\/4848-reactor-controller\/specview\/","og_locale":"en_US","og_type":"article","og_title":"SpecView - Parr Instrument GmbH","og_description":"SpecView\u00ae f\u00fcr die Parr Regler 4848 &amp; 4838 Seit fast einem Jahrzehnt benutzt Parr Instrument die SpecView-Software aus dem Hauptgrund eine flexible, anpassbare Benutzeroberfl\u00e4che f\u00fcr den Prozess-Regler der Serie 4871 anzubieten. Die vereinheitlichte Modbus-Kommunikationsstruktur der Regler-Systeme 4848 &amp; 4838 erm\u00f6glicht es uns nun auch die Leistungsf\u00e4higkeit und Anwenderfreundlichkeit von SpecView f\u00fcr die Regler der Serie [&hellip;]","og_url":"https:\/\/www.parrinst.com\/de\/products\/controllers\/4848-reactor-controller\/specview\/","og_site_name":"Parr Instrument GmbH","article_modified_time":"2024-05-15T20:00:40+00:00","og_image":[{"width":2200,"height":399,"url":"https:\/\/www.parrinst.com\/de\/files\/2018\/03\/Controller_banner3PI2_1068.jpg","type":"image\/jpeg"}],"twitter_card":"summary_large_image","twitter_misc":{"Est. reading time":"2 minutes"},"schema":{"@context":"https:\/\/schema.org","@graph":[{"@type":"WebPage","@id":"https:\/\/www.parrinst.com\/de\/products\/controllers\/4848-reactor-controller\/specview\/","url":"https:\/\/www.parrinst.com\/de\/products\/controllers\/4848-reactor-controller\/specview\/","name":"SpecView - Parr Instrument GmbH","isPartOf":{"@id":"https:\/\/www.parrinst.com\/de\/#website"},"primaryImageOfPage":{"@id":"https:\/\/www.parrinst.com\/de\/products\/controllers\/4848-reactor-controller\/specview\/#primaryimage"},"image":{"@id":"https:\/\/www.parrinst.com\/de\/products\/controllers\/4848-reactor-controller\/specview\/#primaryimage"},"thumbnailUrl":"https:\/\/i0.wp.com\/www.parrinst.com\/de\/wp-content\/uploads\/sites\/6\/2018\/03\/Controller_banner3PI2_1068.jpg?fit=2200%2C399&ssl=1","datePublished":"2011-03-11T02:25:14+00:00","dateModified":"2024-05-15T20:00:40+00:00","breadcrumb":{"@id":"https:\/\/www.parrinst.com\/de\/products\/controllers\/4848-reactor-controller\/specview\/#breadcrumb"},"inLanguage":"en-US","potentialAction":[{"@type":"ReadAction","target":["https:\/\/www.parrinst.com\/de\/products\/controllers\/4848-reactor-controller\/specview\/"]}]},{"@type":"ImageObject","inLanguage":"en-US","@id":"https:\/\/www.parrinst.com\/de\/products\/controllers\/4848-reactor-controller\/specview\/#primaryimage","url":"https:\/\/i0.wp.com\/www.parrinst.com\/de\/wp-content\/uploads\/sites\/6\/2018\/03\/Controller_banner3PI2_1068.jpg?fit=2200%2C399&ssl=1","contentUrl":"https:\/\/i0.wp.com\/www.parrinst.com\/de\/wp-content\/uploads\/sites\/6\/2018\/03\/Controller_banner3PI2_1068.jpg?fit=2200%2C399&ssl=1","width":2200,"height":399},{"@type":"BreadcrumbList","@id":"https:\/\/www.parrinst.com\/de\/products\/controllers\/4848-reactor-controller\/specview\/#breadcrumb","itemListElement":[{"@type":"ListItem","position":1,"name":"Home","item":"https:\/\/www.parrinst.com\/de\/"},{"@type":"ListItem","position":2,"name":"Products","item":"https:\/\/www.parrinst.com\/de\/products\/"},{"@type":"ListItem","position":3,"name":"Regler","item":"https:\/\/www.parrinst.com\/de\/products\/controllers\/"},{"@type":"ListItem","position":4,"name":"4848 Reaktor Regler","item":"https:\/\/www.parrinst.com\/de\/products\/controllers\/4848-reactor-controller\/"},{"@type":"ListItem","position":5,"name":"SpecView"}]},{"@type":"WebSite","@id":"https:\/\/www.parrinst.com\/de\/#website","url":"https:\/\/www.parrinst.com\/de\/","name":"Parr Instrument GmbH","description":"","potentialAction":[{"@type":"SearchAction","target":{"@type":"EntryPoint","urlTemplate":"https:\/\/www.parrinst.com\/de\/?s={search_term_string}"},"query-input":{"@type":"PropertyValueSpecification","valueRequired":true,"valueName":"search_term_string"}}],"inLanguage":"en-US"}]}},"jetpack_sharing_enabled":true,"_links":{"self":[{"href":"https:\/\/www.parrinst.com\/de\/wp-json\/wp\/v2\/pages\/318","targetHints":{"allow":["GET"]}}],"collection":[{"href":"https:\/\/www.parrinst.com\/de\/wp-json\/wp\/v2\/pages"}],"about":[{"href":"https:\/\/www.parrinst.com\/de\/wp-json\/wp\/v2\/types\/page"}],"author":[{"embeddable":true,"href":"https:\/\/www.parrinst.com\/de\/wp-json\/wp\/v2\/users\/1"}],"replies":[{"embeddable":true,"href":"https:\/\/www.parrinst.com\/de\/wp-json\/wp\/v2\/comments?post=318"}],"version-history":[{"count":10,"href":"https:\/\/www.parrinst.com\/de\/wp-json\/wp\/v2\/pages\/318\/revisions"}],"predecessor-version":[{"id":41390,"href":"https:\/\/www.parrinst.com\/de\/wp-json\/wp\/v2\/pages\/318\/revisions\/41390"}],"up":[{"embeddable":true,"href":"https:\/\/www.parrinst.com\/de\/wp-json\/wp\/v2\/pages\/306"}],"wp:featuredmedia":[{"embeddable":true,"href":"https:\/\/www.parrinst.com\/de\/wp-json\/wp\/v2\/media\/38329"}],"wp:attachment":[{"href":"https:\/\/www.parrinst.com\/de\/wp-json\/wp\/v2\/media?parent=318"}],"curies":[{"name":"wp","href":"https:\/\/api.w.org\/{rel}","templated":true}]}}