{"id":331,"date":"2011-03-10T20:32:11","date_gmt":"2011-03-11T02:32:11","guid":{"rendered":"https:\/\/www.parrinst.com\/?page_id=331"},"modified":"2018-02-02T23:09:22","modified_gmt":"2018-02-02T22:09:22","slug":"4639-cell-disruption-vessel","status":"publish","type":"page","link":"https:\/\/www.parrinst.com\/de\/products\/sample-preparation\/cell-disruption\/4639-cell-disruption-vessel\/","title":{"rendered":"4639 Cell Disruption Vessel"},"content":{"rendered":"<figure id=\"attachment_3352\" aria-describedby=\"caption-attachment-3352\" style=\"width: 214px\" class=\"wp-caption alignright\"><a href=\"https:\/\/i0.wp.com\/www.parrinst.com\/de\/wp-content\/uploads\/sites\/6\/2011\/06\/4639_cdb.jpg?ssl=1\"><img data-recalc-dims=\"1\" loading=\"lazy\" decoding=\"async\" class=\"wp-image-3352 size-medium\" src=\"https:\/\/i0.wp.com\/www.parrinst.com\/de\/wp-content\/uploads\/sites\/6\/2011\/06\/4639_cdb.jpg?resize=214%2C300&#038;ssl=1\" alt=\"4639 Cell Disruption Vessel\" width=\"214\" height=\"300\" srcset=\"https:\/\/i0.wp.com\/www.parrinst.com\/de\/wp-content\/uploads\/sites\/6\/2011\/06\/4639_cdb.jpg?resize=214%2C300&amp;ssl=1 214w, https:\/\/i0.wp.com\/www.parrinst.com\/de\/wp-content\/uploads\/sites\/6\/2011\/06\/4639_cdb.jpg?resize=107%2C150&amp;ssl=1 107w, https:\/\/i0.wp.com\/www.parrinst.com\/de\/wp-content\/uploads\/sites\/6\/2011\/06\/4639_cdb.jpg?w=600&amp;ssl=1 600w\" sizes=\"auto, (max-width: 214px) 100vw, 214px\" \/><\/a><figcaption id=\"caption-attachment-3352\" class=\"wp-caption-text\">4639 Cell Disruption Vessel<\/figcaption><\/figure>\n<p>Der 45 ml Druckbeh\u00e4lter 4639 wurde f\u00fcr kleine Proben mit einem Volumen von weniger als einem Milliliter bis 30 ml entwickelt. Der Boden ist konisch zulaufend und mit einem Bodenablassventil versehen. Somit ist sichergestellt, dass die Probe restlos entnommen werden kann.<\/p>\n<h4>Die Stickstofff\u00fcllverbindung ist im Lieferumfang enthalten<\/h4>\n<p>Eine Stickstofff\u00fcllverbindung 1831 ist an jedem Druckbeh\u00e4lter angebracht und stellt alle Anschl\u00fcsse bereit, um den Druckbeh\u00e4lter mit einer handels\u00fcblichen Stickstoffflasche zu beaufschlagen. Das Verbindungsst\u00fcck 1823 besteht aus einem Nadelventil mit einer genormten CGA-580 Kupplung, um eine Stickstoffflasche, eine Druckanzeige und einen flexiblen Druckschlauch aus Nylon mit dem Einlassventil des Beh\u00e4lters zu verbinden. Zus\u00e4tzliche O-Ringe f\u00fcr den Druckbeh\u00e4lterkopf sind ebenfalls im Lieferumfang enthalten.<\/p>\n","protected":false},"excerpt":{"rendered":"<p>Der 45 ml Druckbeh\u00e4lter 4639 wurde f\u00fcr kleine Proben mit einem Volumen von weniger als einem Milliliter bis 30 ml entwickelt. Der Boden ist konisch zulaufend und mit einem Bodenablassventil versehen. Somit ist sichergestellt, dass die Probe restlos entnommen werden kann. Die Stickstofff\u00fcllverbindung ist im Lieferumfang enthalten Eine Stickstofff\u00fcllverbindung 1831 ist an jedem Druckbeh\u00e4lter angebracht [&hellip;]<\/p>\n","protected":false},"author":1,"featured_media":37714,"parent":89,"menu_order":5,"comment_status":"closed","ping_status":"closed","template":"product-narrow.php","meta":{"_acf_changed":false,"footnotes":"","_links_to":"","_links_to_target":""},"class_list":["post-331","page","type-page","status-publish","has-post-thumbnail","hentry"],"acf":[],"yoast_head":"<!-- This site is optimized with the Yoast SEO plugin v27.4 - https:\/\/yoast.com\/product\/yoast-seo-wordpress\/ -->\n<title>4639 Cell Disruption Vessel - Parr Instrument GmbH<\/title>\n<meta name=\"robots\" content=\"index, follow, max-snippet:-1, max-image-preview:large, max-video-preview:-1\" \/>\n<link rel=\"canonical\" href=\"https:\/\/www.parrinst.com\/de\/products\/sample-preparation\/cell-disruption\/4639-cell-disruption-vessel\/\" \/>\n<meta property=\"og:locale\" content=\"en_US\" \/>\n<meta property=\"og:type\" content=\"article\" \/>\n<meta property=\"og:title\" content=\"4639 Cell Disruption Vessel - Parr Instrument GmbH\" \/>\n<meta property=\"og:description\" content=\"Der 45 ml Druckbeh\u00e4lter 4639 wurde f\u00fcr kleine Proben mit einem Volumen von weniger als einem Milliliter bis 30 ml entwickelt. Der Boden ist konisch zulaufend und mit einem Bodenablassventil versehen. Somit ist sichergestellt, dass die Probe restlos entnommen werden kann. Die Stickstofff\u00fcllverbindung ist im Lieferumfang enthalten Eine Stickstofff\u00fcllverbindung 1831 ist an jedem Druckbeh\u00e4lter angebracht [&hellip;]\" \/>\n<meta property=\"og:url\" content=\"https:\/\/www.parrinst.com\/de\/products\/sample-preparation\/cell-disruption\/4639-cell-disruption-vessel\/\" \/>\n<meta property=\"og:site_name\" content=\"Parr Instrument GmbH\" \/>\n<meta property=\"article:modified_time\" content=\"2018-02-02T22:09:22+00:00\" \/>\n<meta property=\"og:image\" content=\"https:\/\/www.parrinst.com\/de\/files\/2018\/01\/parr_banner_sample-prep_secondary-1.jpg\" \/>\n\t<meta property=\"og:image:width\" content=\"2200\" \/>\n\t<meta property=\"og:image:height\" content=\"399\" \/>\n\t<meta property=\"og:image:type\" content=\"image\/jpeg\" \/>\n<meta name=\"twitter:card\" content=\"summary_large_image\" \/>\n<meta name=\"twitter:label1\" content=\"Est. reading time\" \/>\n\t<meta name=\"twitter:data1\" content=\"1 minute\" \/>\n<script type=\"application\/ld+json\" class=\"yoast-schema-graph\">{\"@context\":\"https:\\\/\\\/schema.org\",\"@graph\":[{\"@type\":\"WebPage\",\"@id\":\"https:\\\/\\\/www.parrinst.com\\\/de\\\/products\\\/sample-preparation\\\/cell-disruption\\\/4639-cell-disruption-vessel\\\/\",\"url\":\"https:\\\/\\\/www.parrinst.com\\\/de\\\/products\\\/sample-preparation\\\/cell-disruption\\\/4639-cell-disruption-vessel\\\/\",\"name\":\"4639 Cell Disruption Vessel - Parr Instrument GmbH\",\"isPartOf\":{\"@id\":\"https:\\\/\\\/www.parrinst.com\\\/de\\\/#website\"},\"primaryImageOfPage\":{\"@id\":\"https:\\\/\\\/www.parrinst.com\\\/de\\\/products\\\/sample-preparation\\\/cell-disruption\\\/4639-cell-disruption-vessel\\\/#primaryimage\"},\"image\":{\"@id\":\"https:\\\/\\\/www.parrinst.com\\\/de\\\/products\\\/sample-preparation\\\/cell-disruption\\\/4639-cell-disruption-vessel\\\/#primaryimage\"},\"thumbnailUrl\":\"https:\\\/\\\/i0.wp.com\\\/www.parrinst.com\\\/de\\\/wp-content\\\/uploads\\\/sites\\\/6\\\/2018\\\/01\\\/parr_banner_sample-prep_secondary-1.jpg?fit=2200%2C399&ssl=1\",\"datePublished\":\"2011-03-11T02:32:11+00:00\",\"dateModified\":\"2018-02-02T22:09:22+00:00\",\"breadcrumb\":{\"@id\":\"https:\\\/\\\/www.parrinst.com\\\/de\\\/products\\\/sample-preparation\\\/cell-disruption\\\/4639-cell-disruption-vessel\\\/#breadcrumb\"},\"inLanguage\":\"en-US\",\"potentialAction\":[{\"@type\":\"ReadAction\",\"target\":[\"https:\\\/\\\/www.parrinst.com\\\/de\\\/products\\\/sample-preparation\\\/cell-disruption\\\/4639-cell-disruption-vessel\\\/\"]}]},{\"@type\":\"ImageObject\",\"inLanguage\":\"en-US\",\"@id\":\"https:\\\/\\\/www.parrinst.com\\\/de\\\/products\\\/sample-preparation\\\/cell-disruption\\\/4639-cell-disruption-vessel\\\/#primaryimage\",\"url\":\"https:\\\/\\\/i0.wp.com\\\/www.parrinst.com\\\/de\\\/wp-content\\\/uploads\\\/sites\\\/6\\\/2018\\\/01\\\/parr_banner_sample-prep_secondary-1.jpg?fit=2200%2C399&ssl=1\",\"contentUrl\":\"https:\\\/\\\/i0.wp.com\\\/www.parrinst.com\\\/de\\\/wp-content\\\/uploads\\\/sites\\\/6\\\/2018\\\/01\\\/parr_banner_sample-prep_secondary-1.jpg?fit=2200%2C399&ssl=1\",\"width\":2200,\"height\":399},{\"@type\":\"BreadcrumbList\",\"@id\":\"https:\\\/\\\/www.parrinst.com\\\/de\\\/products\\\/sample-preparation\\\/cell-disruption\\\/4639-cell-disruption-vessel\\\/#breadcrumb\",\"itemListElement\":[{\"@type\":\"ListItem\",\"position\":1,\"name\":\"Home\",\"item\":\"https:\\\/\\\/www.parrinst.com\\\/de\\\/\"},{\"@type\":\"ListItem\",\"position\":2,\"name\":\"Products\",\"item\":\"https:\\\/\\\/www.parrinst.com\\\/de\\\/products\\\/\"},{\"@type\":\"ListItem\",\"position\":3,\"name\":\"Sample Preparation\",\"item\":\"https:\\\/\\\/www.parrinst.com\\\/de\\\/products\\\/sample-preparation\\\/\"},{\"@type\":\"ListItem\",\"position\":4,\"name\":\"Cell Disruption\",\"item\":\"https:\\\/\\\/www.parrinst.com\\\/de\\\/products\\\/sample-preparation\\\/cell-disruption\\\/\"},{\"@type\":\"ListItem\",\"position\":5,\"name\":\"4639 Cell Disruption Vessel\"}]},{\"@type\":\"WebSite\",\"@id\":\"https:\\\/\\\/www.parrinst.com\\\/de\\\/#website\",\"url\":\"https:\\\/\\\/www.parrinst.com\\\/de\\\/\",\"name\":\"Parr Instrument GmbH\",\"description\":\"\",\"potentialAction\":[{\"@type\":\"SearchAction\",\"target\":{\"@type\":\"EntryPoint\",\"urlTemplate\":\"https:\\\/\\\/www.parrinst.com\\\/de\\\/?s={search_term_string}\"},\"query-input\":{\"@type\":\"PropertyValueSpecification\",\"valueRequired\":true,\"valueName\":\"search_term_string\"}}],\"inLanguage\":\"en-US\"}]}<\/script>\n<!-- \/ Yoast SEO plugin. -->","yoast_head_json":{"title":"4639 Cell Disruption Vessel - Parr Instrument GmbH","robots":{"index":"index","follow":"follow","max-snippet":"max-snippet:-1","max-image-preview":"max-image-preview:large","max-video-preview":"max-video-preview:-1"},"canonical":"https:\/\/www.parrinst.com\/de\/products\/sample-preparation\/cell-disruption\/4639-cell-disruption-vessel\/","og_locale":"en_US","og_type":"article","og_title":"4639 Cell Disruption Vessel - Parr Instrument GmbH","og_description":"Der 45 ml Druckbeh\u00e4lter 4639 wurde f\u00fcr kleine Proben mit einem Volumen von weniger als einem Milliliter bis 30 ml entwickelt. Der Boden ist konisch zulaufend und mit einem Bodenablassventil versehen. Somit ist sichergestellt, dass die Probe restlos entnommen werden kann. Die Stickstofff\u00fcllverbindung ist im Lieferumfang enthalten Eine Stickstofff\u00fcllverbindung 1831 ist an jedem Druckbeh\u00e4lter angebracht [&hellip;]","og_url":"https:\/\/www.parrinst.com\/de\/products\/sample-preparation\/cell-disruption\/4639-cell-disruption-vessel\/","og_site_name":"Parr Instrument GmbH","article_modified_time":"2018-02-02T22:09:22+00:00","og_image":[{"width":2200,"height":399,"url":"https:\/\/www.parrinst.com\/de\/files\/2018\/01\/parr_banner_sample-prep_secondary-1.jpg","type":"image\/jpeg"}],"twitter_card":"summary_large_image","twitter_misc":{"Est. reading time":"1 minute"},"schema":{"@context":"https:\/\/schema.org","@graph":[{"@type":"WebPage","@id":"https:\/\/www.parrinst.com\/de\/products\/sample-preparation\/cell-disruption\/4639-cell-disruption-vessel\/","url":"https:\/\/www.parrinst.com\/de\/products\/sample-preparation\/cell-disruption\/4639-cell-disruption-vessel\/","name":"4639 Cell Disruption Vessel - Parr Instrument GmbH","isPartOf":{"@id":"https:\/\/www.parrinst.com\/de\/#website"},"primaryImageOfPage":{"@id":"https:\/\/www.parrinst.com\/de\/products\/sample-preparation\/cell-disruption\/4639-cell-disruption-vessel\/#primaryimage"},"image":{"@id":"https:\/\/www.parrinst.com\/de\/products\/sample-preparation\/cell-disruption\/4639-cell-disruption-vessel\/#primaryimage"},"thumbnailUrl":"https:\/\/i0.wp.com\/www.parrinst.com\/de\/wp-content\/uploads\/sites\/6\/2018\/01\/parr_banner_sample-prep_secondary-1.jpg?fit=2200%2C399&ssl=1","datePublished":"2011-03-11T02:32:11+00:00","dateModified":"2018-02-02T22:09:22+00:00","breadcrumb":{"@id":"https:\/\/www.parrinst.com\/de\/products\/sample-preparation\/cell-disruption\/4639-cell-disruption-vessel\/#breadcrumb"},"inLanguage":"en-US","potentialAction":[{"@type":"ReadAction","target":["https:\/\/www.parrinst.com\/de\/products\/sample-preparation\/cell-disruption\/4639-cell-disruption-vessel\/"]}]},{"@type":"ImageObject","inLanguage":"en-US","@id":"https:\/\/www.parrinst.com\/de\/products\/sample-preparation\/cell-disruption\/4639-cell-disruption-vessel\/#primaryimage","url":"https:\/\/i0.wp.com\/www.parrinst.com\/de\/wp-content\/uploads\/sites\/6\/2018\/01\/parr_banner_sample-prep_secondary-1.jpg?fit=2200%2C399&ssl=1","contentUrl":"https:\/\/i0.wp.com\/www.parrinst.com\/de\/wp-content\/uploads\/sites\/6\/2018\/01\/parr_banner_sample-prep_secondary-1.jpg?fit=2200%2C399&ssl=1","width":2200,"height":399},{"@type":"BreadcrumbList","@id":"https:\/\/www.parrinst.com\/de\/products\/sample-preparation\/cell-disruption\/4639-cell-disruption-vessel\/#breadcrumb","itemListElement":[{"@type":"ListItem","position":1,"name":"Home","item":"https:\/\/www.parrinst.com\/de\/"},{"@type":"ListItem","position":2,"name":"Products","item":"https:\/\/www.parrinst.com\/de\/products\/"},{"@type":"ListItem","position":3,"name":"Sample Preparation","item":"https:\/\/www.parrinst.com\/de\/products\/sample-preparation\/"},{"@type":"ListItem","position":4,"name":"Cell Disruption","item":"https:\/\/www.parrinst.com\/de\/products\/sample-preparation\/cell-disruption\/"},{"@type":"ListItem","position":5,"name":"4639 Cell Disruption Vessel"}]},{"@type":"WebSite","@id":"https:\/\/www.parrinst.com\/de\/#website","url":"https:\/\/www.parrinst.com\/de\/","name":"Parr Instrument GmbH","description":"","potentialAction":[{"@type":"SearchAction","target":{"@type":"EntryPoint","urlTemplate":"https:\/\/www.parrinst.com\/de\/?s={search_term_string}"},"query-input":{"@type":"PropertyValueSpecification","valueRequired":true,"valueName":"search_term_string"}}],"inLanguage":"en-US"}]}},"jetpack_sharing_enabled":true,"_links":{"self":[{"href":"https:\/\/www.parrinst.com\/de\/wp-json\/wp\/v2\/pages\/331","targetHints":{"allow":["GET"]}}],"collection":[{"href":"https:\/\/www.parrinst.com\/de\/wp-json\/wp\/v2\/pages"}],"about":[{"href":"https:\/\/www.parrinst.com\/de\/wp-json\/wp\/v2\/types\/page"}],"author":[{"embeddable":true,"href":"https:\/\/www.parrinst.com\/de\/wp-json\/wp\/v2\/users\/1"}],"replies":[{"embeddable":true,"href":"https:\/\/www.parrinst.com\/de\/wp-json\/wp\/v2\/comments?post=331"}],"version-history":[{"count":1,"href":"https:\/\/www.parrinst.com\/de\/wp-json\/wp\/v2\/pages\/331\/revisions"}],"predecessor-version":[{"id":38001,"href":"https:\/\/www.parrinst.com\/de\/wp-json\/wp\/v2\/pages\/331\/revisions\/38001"}],"up":[{"embeddable":true,"href":"https:\/\/www.parrinst.com\/de\/wp-json\/wp\/v2\/pages\/89"}],"wp:featuredmedia":[{"embeddable":true,"href":"https:\/\/www.parrinst.com\/de\/wp-json\/wp\/v2\/media\/37714"}],"wp:attachment":[{"href":"https:\/\/www.parrinst.com\/de\/wp-json\/wp\/v2\/media?parent=331"}],"curies":[{"name":"wp","href":"https:\/\/api.w.org\/{rel}","templated":true}]}}