{"id":333,"date":"2011-03-10T20:32:33","date_gmt":"2011-03-11T02:32:33","guid":{"rendered":"https:\/\/www.parrinst.com\/?page_id=333"},"modified":"2016-07-19T23:57:44","modified_gmt":"2016-07-19T21:57:44","slug":"design-features","status":"publish","type":"page","link":"https:\/\/www.parrinst.com\/de\/products\/sample-preparation\/cell-disruption\/design-features\/","title":{"rendered":"Design Features"},"content":{"rendered":"\n\t\t\t<div id='333-1' class='gallery gallery-333 gallery-columns-1 gallery-size-medium' itemscope itemtype='http:\/\/schema.org\/ImageGallery'>\n\t\t\t\t<div class='gallery-row gallery-col-1 gallery-clear'>\n\t\t\t\t\t<figure class='gallery-item col-1' itemprop='associatedMedia' itemscope itemtype='http:\/\/schema.org\/ImageObject'>\n\t\t\t\t\t\t<div class='gallery-icon portrait'><a href=\"https:\/\/i0.wp.com\/www.parrinst.com\/de\/wp-content\/uploads\/sites\/6\/2011\/03\/4639_Cell-Disruption-Vessel_Cross-section.jpg?ssl=1\" itemprop=\"contentURL\"><img loading=\"lazy\" decoding=\"async\" width=\"149\" height=\"300\" src=\"https:\/\/i0.wp.com\/www.parrinst.com\/de\/wp-content\/uploads\/sites\/6\/2011\/03\/4639_Cell-Disruption-Vessel_Cross-section.jpg?fit=149%2C300&amp;ssl=1\" class=\"attachment-medium size-medium\" alt=\"4639 Cell Disruption Vessel Cross Section\" srcset=\"https:\/\/i0.wp.com\/www.parrinst.com\/de\/wp-content\/uploads\/sites\/6\/2011\/03\/4639_Cell-Disruption-Vessel_Cross-section.jpg?w=600&amp;ssl=1 600w, https:\/\/i0.wp.com\/www.parrinst.com\/de\/wp-content\/uploads\/sites\/6\/2011\/03\/4639_Cell-Disruption-Vessel_Cross-section.jpg?resize=149%2C300&amp;ssl=1 149w, https:\/\/i0.wp.com\/www.parrinst.com\/de\/wp-content\/uploads\/sites\/6\/2011\/03\/4639_Cell-Disruption-Vessel_Cross-section.jpg?resize=510%2C1024&amp;ssl=1 510w\" sizes=\"auto, (max-width: 149px) 100vw, 149px\" itemprop=\"thumbnail\" \/><\/a><\/div>\n\t\t\t\t\t<\/figure>\n\t\t\t\t<\/div>\n\t\t\t\t<div class='gallery-row gallery-col-1 gallery-clear'>\n\t\t\t\t\t<figure class='gallery-item col-1' itemprop='associatedMedia' itemscope itemtype='http:\/\/schema.org\/ImageObject'>\n\t\t\t\t\t\t<div class='gallery-icon portrait'><a href=\"https:\/\/i0.wp.com\/www.parrinst.com\/de\/wp-content\/uploads\/sites\/6\/2011\/03\/4635_Cell-Disruption-Vessel_Cross-section.jpg?ssl=1\" itemprop=\"contentURL\"><img loading=\"lazy\" decoding=\"async\" width=\"267\" height=\"300\" src=\"https:\/\/i0.wp.com\/www.parrinst.com\/de\/wp-content\/uploads\/sites\/6\/2011\/03\/4635_Cell-Disruption-Vessel_Cross-section.jpg?fit=267%2C300&amp;ssl=1\" class=\"attachment-medium size-medium\" alt=\"\" srcset=\"https:\/\/i0.wp.com\/www.parrinst.com\/de\/wp-content\/uploads\/sites\/6\/2011\/03\/4635_Cell-Disruption-Vessel_Cross-section.jpg?w=600&amp;ssl=1 600w, https:\/\/i0.wp.com\/www.parrinst.com\/de\/wp-content\/uploads\/sites\/6\/2011\/03\/4635_Cell-Disruption-Vessel_Cross-section.jpg?resize=267%2C300&amp;ssl=1 267w\" sizes=\"auto, (max-width: 267px) 100vw, 267px\" itemprop=\"thumbnail\" \/><\/a><\/div>\n\t\t\t\t\t<\/figure>\n\t\t\t\t<\/div>\n\t\t\t<\/div><!-- .gallery -->\n\n<h2>Ausf\u00fchrungen f\u00fcr kleine und gro\u00dfe Proben<\/h2>\n<p>Diese Beh\u00e4lter werden in f\u00fcnf verschiedenen Gr\u00f6\u00dfen f\u00fcr Probenmengen von 0,5 ml bis 5 l angeboten. Die maximale F\u00fcllh\u00f6he der Beh\u00e4lter betr\u00e4gt zwei Drittel des Gesamtvolumens, kleinere Proben k\u00f6nnen ebenfalls behandelt werden, diese m\u00fcssen dann in einem Becher oder einem Reagenzglas unterhalb des Tauchrohrs im Beh\u00e4lter platziert werden.<\/p>\n<h3>einfacher Zugang zur Beh\u00e4lterkammer<\/h3>\n<p>Jeder dieser Beh\u00e4lter, au\u00dfer der kleinen 45 ml Gr\u00f6\u00dfe, verf\u00fcgt \u00fcber einen Split-Ring Verschluss \u2013 einer exklusiven Konstruktion von Parr, welche es erlaubt, den Beh\u00e4lter zu \u00f6ffnen und zu schlie\u00dfen, ohne dass die Anschl\u00fcsse und Verbindungen am Kopf beeinflusst werden. Bei diesem Verschlusssystem werden zwei Ringh\u00e4lften seitlich auf den Beh\u00e4lter geschoben und halten so den Reaktorkopf in Position, w\u00e4hrend ein selbstabdichtender O-Ring f\u00fcr einen dichten Verschluss unter Druck sorgt. Der Split-Ring selbst wird von einem Metallring gesichert, der von unten aufgeschoben wird und mit einer einzelnen, handfesten Schraube gehalten wird. Bei dem kleinen 45 ml Beh\u00e4lter wird der dichte Verschluss sichergestellt, indem eine ger\u00e4ndelte Kappe handfest aufgeschraubt wird. Daher werden keine Werkzeuge oder spezielle Halterungen ben\u00f6tigt.<\/p>\n<h3>Sicherheitsvorkehrungen<\/h3>\n<p>Alle Parr Zellaufschlussbeh\u00e4lter sind so ausgelegt, dass sie den kompletten Druck von 137 bar einer handels\u00fcblichen Stickstoffflasche ertragen k\u00f6nnen. Falls sich pl\u00f6tzlich h\u00f6here Dr\u00fccke entwickeln, verf\u00fcgen die Beh\u00e4lter ab 920 ml \u00fcber eine Berstscheibe, welche bei ungef\u00e4hr 200 bar birst. Dies ist noch deutlich unter der Druckgrenze, bei welcher irgendein Teil des Beh\u00e4lters versagen w\u00fcrde. Ein Manometer bis 206 bar und eine passende Berstscheibe werden standardm\u00e4\u00dfig verbaut, jedoch k\u00f6nnen auf Wunsch auch Manometer und Berstscheiben f\u00fcr einen niedrigeren Druckbereich verbaut werden.<\/p>\n<h3>kundenspezifische Modifikationen<\/h3>\n<figure id=\"attachment_12231\" aria-describedby=\"caption-attachment-12231\" style=\"width: 218px\" class=\"wp-caption alignright\"><a href=\"https:\/\/i0.wp.com\/www.parrinst.com\/de\/wp-content\/uploads\/sites\/6\/2011\/03\/QW15902-02.jpg?ssl=1\"><img data-recalc-dims=\"1\" loading=\"lazy\" decoding=\"async\" class=\"wp-image-12231 size-medium\" src=\"https:\/\/i0.wp.com\/www.parrinst.com\/de\/wp-content\/uploads\/sites\/6\/2011\/03\/QW15902-02.jpg?resize=218%2C300&#038;ssl=1\" alt=\"dxfC658.tmp\" width=\"218\" height=\"300\" srcset=\"https:\/\/i0.wp.com\/www.parrinst.com\/de\/wp-content\/uploads\/sites\/6\/2011\/03\/QW15902-02.jpg?resize=218%2C300&amp;ssl=1 218w, https:\/\/i0.wp.com\/www.parrinst.com\/de\/wp-content\/uploads\/sites\/6\/2011\/03\/QW15902-02.jpg?resize=109%2C150&amp;ssl=1 109w, https:\/\/i0.wp.com\/www.parrinst.com\/de\/wp-content\/uploads\/sites\/6\/2011\/03\/QW15902-02.jpg?resize=768%2C1056&amp;ssl=1 768w, https:\/\/i0.wp.com\/www.parrinst.com\/de\/wp-content\/uploads\/sites\/6\/2011\/03\/QW15902-02.jpg?resize=745%2C1024&amp;ssl=1 745w, https:\/\/i0.wp.com\/www.parrinst.com\/de\/wp-content\/uploads\/sites\/6\/2011\/03\/QW15902-02.jpg?w=1200&amp;ssl=1 1200w\" sizes=\"auto, (max-width: 218px) 100vw, 218px\" \/><\/a><figcaption id=\"caption-attachment-12231\" class=\"wp-caption-text\">Custom Multiple Chamber Cell Disruption Vessel<\/figcaption><\/figure>\n<p>Die meisten Zellaufschlussverfahren k\u00f6nnen in dem handlichen Beh\u00e4lter 4635 mit 920 ml Inhalt und den \u00fcblichen Anschl\u00fcssen sowie Verbindungen durchgef\u00fchrt werden. F\u00fcr spezielle Anwendungen kann der Beh\u00e4lter nach Kundenwunsch angepasst werden um die bestehenden Anforderungen zu erf\u00fcllen. Wenn ein Probelauf gezeigt hat, dass Modifikationen von N\u00f6ten sind, kann der Beh\u00e4lter einfach zur\u00fcckgesendet werden und die Ver\u00e4nderungen oder Zusatzfunktionen werden angebracht. \u00c4nderungsanfragen beinhalten des \u00d6fteren:<\/p>\n<h3>Fassungsverm\u00f6gen f\u00fcr mehrere Proben<\/h3>\n<p>Bis zu drei zus\u00e4tzliche Tauchrohre und Ablassventile k\u00f6nnen in jedem Beh\u00e4lter (au\u00dfer der 45 ml Gr\u00f6\u00dfe) angebracht werden. Mit diesen zus\u00e4tzlichen Ausl\u00e4ssen und Probenhaltern k\u00f6nnen bis zu vier Proben unabh\u00e4ngig und zeitgleich in einer einzelnen Einheit untersucht werden.<\/p>\n<h3>Spezialventile<\/h3>\n<p>Es k\u00f6nnen Ventile mit gr\u00f6\u00dferem oder kleinerem \u00d6ffnungsquerschnitt verwendet werden. F\u00fcr Anwendungen mit gro\u00dfen Durchflussmengen und der Tendenz, das serienm\u00e4\u00dfige Drosselventil zu verstopfen, kann auch ein gr\u00f6\u00dferes Nadelventil oder ein Kugelventil verbaut werden, um die gr\u00f6\u00dfere Durchflussrate zu gew\u00e4hrleisten oder einer Verstopfung entgegen zu wirken. Hingegen k\u00f6nnen auch genaue Dosierventile mit kleinerem \u00d6ffnungsquerschnitt und sehr genauen Regeleigenschaften Verwendung finden, wenn die Proben unter sehr genauen und reproduzierbaren Bedingungen untersucht werden sollen. Diese Ventile werden auch bei nur sehr kleinen Probengr\u00f6\u00dfen verwendet.<\/p>\n<h3>Gr\u00f6\u00dfenanpassung<\/h3>\n<p>Weil die Zylinder der 920 ml und 1850 ml Beh\u00e4lter untereinander austauschbar sind und beide Druckbeh\u00e4lter denselben Kopf und Verschluss verwenden, kann jeder Nutzer des Beh\u00e4lters 4635 das Fassungsverm\u00f6gen erh\u00f6hen indem er den tieferen Zylinder (599HC22) und das l\u00e4ngere Tauchrohr (591HC2) benutzt. Ebenso kann der der 3,75 l Beh\u00e4lter in die 7,5 l Gr\u00f6\u00dfe konvertiert werden f\u00fcr zum Beispiel die Impfstoffherstellung oder \u00e4hnliche Anwendungen mit gr\u00f6\u00dferem Volumenbedarf.  Die gr\u00f6\u00dferen Beh\u00e4lter k\u00f6nnen auch mit einem starken, inneren R\u00fchrwerk ausgestattet werden um eine schnellere Durchmischung bei gro\u00dfen Mengen zu erreichen.<\/p>\n","protected":false},"excerpt":{"rendered":"<p>Ausf\u00fchrungen f\u00fcr kleine und gro\u00dfe Proben Diese Beh\u00e4lter werden in f\u00fcnf verschiedenen Gr\u00f6\u00dfen f\u00fcr Probenmengen von 0,5 ml bis 5 l angeboten. Die maximale F\u00fcllh\u00f6he der Beh\u00e4lter betr\u00e4gt zwei Drittel des Gesamtvolumens, kleinere Proben k\u00f6nnen ebenfalls behandelt werden, diese m\u00fcssen dann in einem Becher oder einem Reagenzglas unterhalb des Tauchrohrs im Beh\u00e4lter platziert werden. einfacher [&hellip;]<\/p>\n","protected":false},"author":1,"featured_media":37714,"parent":89,"menu_order":2,"comment_status":"closed","ping_status":"closed","template":"general-tabs.php","meta":{"_acf_changed":false,"footnotes":"","_links_to":"","_links_to_target":""},"class_list":["post-333","page","type-page","status-publish","has-post-thumbnail","hentry"],"acf":[],"yoast_head":"<!-- This site is optimized with the Yoast SEO plugin v27.4 - https:\/\/yoast.com\/product\/yoast-seo-wordpress\/ -->\n<title>Design Features - Parr Instrument GmbH<\/title>\n<meta name=\"robots\" content=\"index, follow, max-snippet:-1, max-image-preview:large, max-video-preview:-1\" \/>\n<link rel=\"canonical\" href=\"https:\/\/www.parrinst.com\/de\/products\/sample-preparation\/cell-disruption\/design-features\/\" \/>\n<meta property=\"og:locale\" content=\"en_US\" \/>\n<meta property=\"og:type\" content=\"article\" \/>\n<meta property=\"og:title\" content=\"Design Features - Parr Instrument GmbH\" \/>\n<meta property=\"og:description\" content=\"Ausf\u00fchrungen f\u00fcr kleine und gro\u00dfe Proben Diese Beh\u00e4lter werden in f\u00fcnf verschiedenen Gr\u00f6\u00dfen f\u00fcr Probenmengen von 0,5 ml bis 5 l angeboten. Die maximale F\u00fcllh\u00f6he der Beh\u00e4lter betr\u00e4gt zwei Drittel des Gesamtvolumens, kleinere Proben k\u00f6nnen ebenfalls behandelt werden, diese m\u00fcssen dann in einem Becher oder einem Reagenzglas unterhalb des Tauchrohrs im Beh\u00e4lter platziert werden. einfacher [&hellip;]\" \/>\n<meta property=\"og:url\" content=\"https:\/\/www.parrinst.com\/de\/products\/sample-preparation\/cell-disruption\/design-features\/\" \/>\n<meta property=\"og:site_name\" content=\"Parr Instrument GmbH\" \/>\n<meta property=\"article:modified_time\" content=\"2016-07-19T21:57:44+00:00\" \/>\n<meta property=\"og:image\" content=\"https:\/\/www.parrinst.com\/de\/files\/2018\/01\/parr_banner_sample-prep_secondary-1.jpg\" \/>\n\t<meta property=\"og:image:width\" content=\"2200\" \/>\n\t<meta property=\"og:image:height\" content=\"399\" \/>\n\t<meta property=\"og:image:type\" content=\"image\/jpeg\" \/>\n<meta name=\"twitter:card\" content=\"summary_large_image\" \/>\n<meta name=\"twitter:label1\" content=\"Est. reading time\" \/>\n\t<meta name=\"twitter:data1\" content=\"3 minutes\" \/>\n<script type=\"application\/ld+json\" class=\"yoast-schema-graph\">{\"@context\":\"https:\\\/\\\/schema.org\",\"@graph\":[{\"@type\":\"WebPage\",\"@id\":\"https:\\\/\\\/www.parrinst.com\\\/de\\\/products\\\/sample-preparation\\\/cell-disruption\\\/design-features\\\/\",\"url\":\"https:\\\/\\\/www.parrinst.com\\\/de\\\/products\\\/sample-preparation\\\/cell-disruption\\\/design-features\\\/\",\"name\":\"Design Features - Parr Instrument GmbH\",\"isPartOf\":{\"@id\":\"https:\\\/\\\/www.parrinst.com\\\/de\\\/#website\"},\"primaryImageOfPage\":{\"@id\":\"https:\\\/\\\/www.parrinst.com\\\/de\\\/products\\\/sample-preparation\\\/cell-disruption\\\/design-features\\\/#primaryimage\"},\"image\":{\"@id\":\"https:\\\/\\\/www.parrinst.com\\\/de\\\/products\\\/sample-preparation\\\/cell-disruption\\\/design-features\\\/#primaryimage\"},\"thumbnailUrl\":\"https:\\\/\\\/i0.wp.com\\\/www.parrinst.com\\\/de\\\/wp-content\\\/uploads\\\/sites\\\/6\\\/2018\\\/01\\\/parr_banner_sample-prep_secondary-1.jpg?fit=2200%2C399&ssl=1\",\"datePublished\":\"2011-03-11T02:32:33+00:00\",\"dateModified\":\"2016-07-19T21:57:44+00:00\",\"breadcrumb\":{\"@id\":\"https:\\\/\\\/www.parrinst.com\\\/de\\\/products\\\/sample-preparation\\\/cell-disruption\\\/design-features\\\/#breadcrumb\"},\"inLanguage\":\"en-US\",\"potentialAction\":[{\"@type\":\"ReadAction\",\"target\":[\"https:\\\/\\\/www.parrinst.com\\\/de\\\/products\\\/sample-preparation\\\/cell-disruption\\\/design-features\\\/\"]}]},{\"@type\":\"ImageObject\",\"inLanguage\":\"en-US\",\"@id\":\"https:\\\/\\\/www.parrinst.com\\\/de\\\/products\\\/sample-preparation\\\/cell-disruption\\\/design-features\\\/#primaryimage\",\"url\":\"https:\\\/\\\/i0.wp.com\\\/www.parrinst.com\\\/de\\\/wp-content\\\/uploads\\\/sites\\\/6\\\/2018\\\/01\\\/parr_banner_sample-prep_secondary-1.jpg?fit=2200%2C399&ssl=1\",\"contentUrl\":\"https:\\\/\\\/i0.wp.com\\\/www.parrinst.com\\\/de\\\/wp-content\\\/uploads\\\/sites\\\/6\\\/2018\\\/01\\\/parr_banner_sample-prep_secondary-1.jpg?fit=2200%2C399&ssl=1\",\"width\":2200,\"height\":399},{\"@type\":\"BreadcrumbList\",\"@id\":\"https:\\\/\\\/www.parrinst.com\\\/de\\\/products\\\/sample-preparation\\\/cell-disruption\\\/design-features\\\/#breadcrumb\",\"itemListElement\":[{\"@type\":\"ListItem\",\"position\":1,\"name\":\"Home\",\"item\":\"https:\\\/\\\/www.parrinst.com\\\/de\\\/\"},{\"@type\":\"ListItem\",\"position\":2,\"name\":\"Products\",\"item\":\"https:\\\/\\\/www.parrinst.com\\\/de\\\/products\\\/\"},{\"@type\":\"ListItem\",\"position\":3,\"name\":\"Sample Preparation\",\"item\":\"https:\\\/\\\/www.parrinst.com\\\/de\\\/products\\\/sample-preparation\\\/\"},{\"@type\":\"ListItem\",\"position\":4,\"name\":\"Cell Disruption\",\"item\":\"https:\\\/\\\/www.parrinst.com\\\/de\\\/products\\\/sample-preparation\\\/cell-disruption\\\/\"},{\"@type\":\"ListItem\",\"position\":5,\"name\":\"Design Features\"}]},{\"@type\":\"WebSite\",\"@id\":\"https:\\\/\\\/www.parrinst.com\\\/de\\\/#website\",\"url\":\"https:\\\/\\\/www.parrinst.com\\\/de\\\/\",\"name\":\"Parr Instrument GmbH\",\"description\":\"\",\"potentialAction\":[{\"@type\":\"SearchAction\",\"target\":{\"@type\":\"EntryPoint\",\"urlTemplate\":\"https:\\\/\\\/www.parrinst.com\\\/de\\\/?s={search_term_string}\"},\"query-input\":{\"@type\":\"PropertyValueSpecification\",\"valueRequired\":true,\"valueName\":\"search_term_string\"}}],\"inLanguage\":\"en-US\"}]}<\/script>\n<!-- \/ Yoast SEO plugin. -->","yoast_head_json":{"title":"Design Features - Parr Instrument GmbH","robots":{"index":"index","follow":"follow","max-snippet":"max-snippet:-1","max-image-preview":"max-image-preview:large","max-video-preview":"max-video-preview:-1"},"canonical":"https:\/\/www.parrinst.com\/de\/products\/sample-preparation\/cell-disruption\/design-features\/","og_locale":"en_US","og_type":"article","og_title":"Design Features - Parr Instrument GmbH","og_description":"Ausf\u00fchrungen f\u00fcr kleine und gro\u00dfe Proben Diese Beh\u00e4lter werden in f\u00fcnf verschiedenen Gr\u00f6\u00dfen f\u00fcr Probenmengen von 0,5 ml bis 5 l angeboten. Die maximale F\u00fcllh\u00f6he der Beh\u00e4lter betr\u00e4gt zwei Drittel des Gesamtvolumens, kleinere Proben k\u00f6nnen ebenfalls behandelt werden, diese m\u00fcssen dann in einem Becher oder einem Reagenzglas unterhalb des Tauchrohrs im Beh\u00e4lter platziert werden. einfacher [&hellip;]","og_url":"https:\/\/www.parrinst.com\/de\/products\/sample-preparation\/cell-disruption\/design-features\/","og_site_name":"Parr Instrument GmbH","article_modified_time":"2016-07-19T21:57:44+00:00","og_image":[{"width":2200,"height":399,"url":"https:\/\/www.parrinst.com\/de\/files\/2018\/01\/parr_banner_sample-prep_secondary-1.jpg","type":"image\/jpeg"}],"twitter_card":"summary_large_image","twitter_misc":{"Est. reading time":"3 minutes"},"schema":{"@context":"https:\/\/schema.org","@graph":[{"@type":"WebPage","@id":"https:\/\/www.parrinst.com\/de\/products\/sample-preparation\/cell-disruption\/design-features\/","url":"https:\/\/www.parrinst.com\/de\/products\/sample-preparation\/cell-disruption\/design-features\/","name":"Design Features - Parr Instrument GmbH","isPartOf":{"@id":"https:\/\/www.parrinst.com\/de\/#website"},"primaryImageOfPage":{"@id":"https:\/\/www.parrinst.com\/de\/products\/sample-preparation\/cell-disruption\/design-features\/#primaryimage"},"image":{"@id":"https:\/\/www.parrinst.com\/de\/products\/sample-preparation\/cell-disruption\/design-features\/#primaryimage"},"thumbnailUrl":"https:\/\/i0.wp.com\/www.parrinst.com\/de\/wp-content\/uploads\/sites\/6\/2018\/01\/parr_banner_sample-prep_secondary-1.jpg?fit=2200%2C399&ssl=1","datePublished":"2011-03-11T02:32:33+00:00","dateModified":"2016-07-19T21:57:44+00:00","breadcrumb":{"@id":"https:\/\/www.parrinst.com\/de\/products\/sample-preparation\/cell-disruption\/design-features\/#breadcrumb"},"inLanguage":"en-US","potentialAction":[{"@type":"ReadAction","target":["https:\/\/www.parrinst.com\/de\/products\/sample-preparation\/cell-disruption\/design-features\/"]}]},{"@type":"ImageObject","inLanguage":"en-US","@id":"https:\/\/www.parrinst.com\/de\/products\/sample-preparation\/cell-disruption\/design-features\/#primaryimage","url":"https:\/\/i0.wp.com\/www.parrinst.com\/de\/wp-content\/uploads\/sites\/6\/2018\/01\/parr_banner_sample-prep_secondary-1.jpg?fit=2200%2C399&ssl=1","contentUrl":"https:\/\/i0.wp.com\/www.parrinst.com\/de\/wp-content\/uploads\/sites\/6\/2018\/01\/parr_banner_sample-prep_secondary-1.jpg?fit=2200%2C399&ssl=1","width":2200,"height":399},{"@type":"BreadcrumbList","@id":"https:\/\/www.parrinst.com\/de\/products\/sample-preparation\/cell-disruption\/design-features\/#breadcrumb","itemListElement":[{"@type":"ListItem","position":1,"name":"Home","item":"https:\/\/www.parrinst.com\/de\/"},{"@type":"ListItem","position":2,"name":"Products","item":"https:\/\/www.parrinst.com\/de\/products\/"},{"@type":"ListItem","position":3,"name":"Sample Preparation","item":"https:\/\/www.parrinst.com\/de\/products\/sample-preparation\/"},{"@type":"ListItem","position":4,"name":"Cell Disruption","item":"https:\/\/www.parrinst.com\/de\/products\/sample-preparation\/cell-disruption\/"},{"@type":"ListItem","position":5,"name":"Design Features"}]},{"@type":"WebSite","@id":"https:\/\/www.parrinst.com\/de\/#website","url":"https:\/\/www.parrinst.com\/de\/","name":"Parr Instrument GmbH","description":"","potentialAction":[{"@type":"SearchAction","target":{"@type":"EntryPoint","urlTemplate":"https:\/\/www.parrinst.com\/de\/?s={search_term_string}"},"query-input":{"@type":"PropertyValueSpecification","valueRequired":true,"valueName":"search_term_string"}}],"inLanguage":"en-US"}]}},"jetpack_sharing_enabled":true,"_links":{"self":[{"href":"https:\/\/www.parrinst.com\/de\/wp-json\/wp\/v2\/pages\/333","targetHints":{"allow":["GET"]}}],"collection":[{"href":"https:\/\/www.parrinst.com\/de\/wp-json\/wp\/v2\/pages"}],"about":[{"href":"https:\/\/www.parrinst.com\/de\/wp-json\/wp\/v2\/types\/page"}],"author":[{"embeddable":true,"href":"https:\/\/www.parrinst.com\/de\/wp-json\/wp\/v2\/users\/1"}],"replies":[{"embeddable":true,"href":"https:\/\/www.parrinst.com\/de\/wp-json\/wp\/v2\/comments?post=333"}],"version-history":[{"count":0,"href":"https:\/\/www.parrinst.com\/de\/wp-json\/wp\/v2\/pages\/333\/revisions"}],"up":[{"embeddable":true,"href":"https:\/\/www.parrinst.com\/de\/wp-json\/wp\/v2\/pages\/89"}],"wp:featuredmedia":[{"embeddable":true,"href":"https:\/\/www.parrinst.com\/de\/wp-json\/wp\/v2\/media\/37714"}],"wp:attachment":[{"href":"https:\/\/www.parrinst.com\/de\/wp-json\/wp\/v2\/media?parent=333"}],"curies":[{"name":"wp","href":"https:\/\/api.w.org\/{rel}","templated":true}]}}