{"id":337,"date":"2011-03-10T20:34:41","date_gmt":"2011-03-11T02:34:41","guid":{"rendered":"https:\/\/www.parrinst.com\/?page_id=337"},"modified":"2018-02-01T17:40:36","modified_gmt":"2018-02-01T16:40:36","slug":"3911-hydrogenator","status":"publish","type":"page","link":"https:\/\/www.parrinst.com\/de\/products\/hydrogenation\/3911-hydrogenator\/","title":{"rendered":"3911 Sch\u00fcttel-Hydrierapparate"},"content":{"rendered":"<figure id=\"attachment_37960\" aria-describedby=\"caption-attachment-37960\" style=\"width: 300px\" class=\"wp-caption alignright\"><a href=\"https:\/\/i0.wp.com\/www.parrinst.com\/de\/wp-content\/uploads\/sites\/6\/2018\/02\/3911-shakerDSC55372.jpg?ssl=1\"><img data-recalc-dims=\"1\" loading=\"lazy\" decoding=\"async\" class=\"size-medium wp-image-37960\" src=\"https:\/\/i0.wp.com\/www.parrinst.com\/de\/wp-content\/uploads\/sites\/6\/2018\/02\/3911-shakerDSC55372.jpg?resize=300%2C230&#038;ssl=1\" alt=\"3911 Hydrierapparat mit explosionsgesch\u00fctztem Motor und Schalter (nicht ATEX)\" width=\"300\" height=\"230\" srcset=\"https:\/\/i0.wp.com\/www.parrinst.com\/de\/wp-content\/uploads\/sites\/6\/2018\/02\/3911-shakerDSC55372.jpg?resize=300%2C230&amp;ssl=1 300w, https:\/\/i0.wp.com\/www.parrinst.com\/de\/wp-content\/uploads\/sites\/6\/2018\/02\/3911-shakerDSC55372.jpg?resize=196%2C150&amp;ssl=1 196w, https:\/\/i0.wp.com\/www.parrinst.com\/de\/wp-content\/uploads\/sites\/6\/2018\/02\/3911-shakerDSC55372.jpg?w=600&amp;ssl=1 600w\" sizes=\"auto, (max-width: 300px) 100vw, 300px\" \/><\/a><figcaption id=\"caption-attachment-37960\" class=\"wp-caption-text\">3911 Hydrierapparat mit explosionsgesch\u00fctztem Motor und Schalter<br \/>(nicht ATEX)<\/figcaption><\/figure>\n<h3>Reaktionstechnik<\/h3>\n<p>Materialien, die in einem Parr Hydrierapparat behandelt werden sollen, werden in einer Reaktionsflasche mit Katalysator eingebracht und an einen\u00a0 Wasserstoffvorratstank angeschlossen. Etwaige Luft\u00a0 wird entweder durch Evakuieren der Flasche entfernt oder durch Wasserstoffsp\u00fclung verdr\u00e4ngt. Anschlie\u00dfend wird der notwendige Druck\u00a0 aus dem Wasserstoffbeh\u00e4lter bereitgestellt und die Flasche\u00a0 kr\u00e4ftig\u00a0 gesch\u00fcttelt,\u00a0 um die Reaktion in Gang zu setzen. Falls n\u00f6tig, kann die Flasche auch w\u00e4hrend des Prozesses erw\u00e4rmt oder gek\u00fchlt werden. Wenn die Reaktion den gew\u00fcnschten Punkt erreicht hat, wird die Sch\u00fcttelvorrichtung angehalten. Im Anschluss wird die Flasche entgast, und das Produkt und der Katalysator k\u00f6nnen entnommen werden.<\/p>\n<p>Der Reaktionsablauf\u00a0 kann anhand des Druckabfalls im System nachvollzogen werden. Wenn zum Beispiel eine 250ml Ladung in einer\u00a0 500ml Flasche\u00a0 initiiert wurde und Wasserstoff aus einem g\u00e4ngigem 4-Liter Tank entnommen wird, sinkt der Druck um zirka 0,55 bar f\u00fcr jedes Zehntel Mol Wasserstoff, das verbraucht wird. Das genaue Verh\u00e4ltnis zwischen Druckabfall und der Menge an verbrauchtem Wasserstoff kann durch einen Kalibriervorgang bestimmt werden, bei dem\u00a0 eine abgewogene\u00a0 Menge einer chemischen Verbindung mit bekannter Wasserstoffaufnahme verwendet wird.<\/p>\n<h3>Geeignete Ventile und Anschl\u00fcsse<\/h3>\n<p>Jede Messvorrichtung ist mit allen n\u00f6tigen Ventilen und Anschl\u00fcssen versehen, um Wasserstoff in die Flasche zu geben, die Flasche zu evakuieren und den Wasserstofftank zu f\u00fcllen \u2013 alles ohne Beeintr\u00e4chtigung des Flaschenanschlusses. Separate Manometer zeigen jederzeit den Flaschendruck und den Tankdruck an. Der 4-Liter Tank, die Gef\u00e4\u00dfhalterung und der solide Sch\u00fcttelmechanismus sind in einem kompakten Geh\u00e4use auf einer Stahlplatte montiert, so dass es bequem\u00a0 auf einem Labortisch oder unter einer Abzugshaube verwendet werden kann.<\/p>\n<p>Die Gasleitung vom Wasserstofftank zur Reaktorflasche besteht aus einem Polypropylenschlauch, der direkt in die Flasche m\u00fcndet, sodass kein Metall in Kontakt mit den Reaktionssubstanzen kommt. Der Tank selbst, die Ventile und die Druckmanometer sind aus Kupfer oder Kupferlegierungen.<\/p>\n<p>Diese Bauteile sind hervorragend f\u00fcr den Einsatz unter Wasserstoffatmosph\u00e4ren geeignet. Sie m\u00fcssen jedoch\u00a0 durch einen Tank und Ventile aus Edelstahl ersetzt werden, wenn Ammoniak oder korrosive Gase im System eingesetzt werden. Alle Ventile haben eine rostfreie Spindel, PTFE-Dichtungen und einen austauschbaren Kel-Fist-Sitz, um sicherzustellen, dass die Armatur bei quantitativen Anwendungen dicht ist. F\u00fcr Halbmikroarbeitsschritte, welche eine kleinere Gasmenge ben\u00f6tigen,\u00a0 ist ein kleinerer 1-Liter Tank verf\u00fcgbar. Die normalen Ventile k\u00f6nnen einfach mit dem kleineren Tank verwendet werden.<\/p>\n<p>An jedem Ger\u00e4t ist ein 1,80m langer Druckschlauch angebracht, um das Bef\u00fcllen des Wasserstofftanks mit einer gew\u00f6hnlichen Druckgasflasche zu erm\u00f6glichen. Dieser kann einfach an jeden Gasdruckregler oder jedes Tankventil angeschlossen werden.<\/p>\n","protected":false},"excerpt":{"rendered":"<p>Reaktionstechnik Materialien, die in einem Parr Hydrierapparat behandelt werden sollen, werden in einer Reaktionsflasche mit Katalysator eingebracht und an einen\u00a0 Wasserstoffvorratstank angeschlossen. Etwaige Luft\u00a0 wird entweder durch Evakuieren der Flasche entfernt oder durch Wasserstoffsp\u00fclung verdr\u00e4ngt. Anschlie\u00dfend wird der notwendige Druck\u00a0 aus dem Wasserstoffbeh\u00e4lter bereitgestellt und die Flasche\u00a0 kr\u00e4ftig\u00a0 gesch\u00fcttelt,\u00a0 um die Reaktion in Gang zu [&hellip;]<\/p>\n","protected":false},"author":1,"featured_media":37709,"parent":91,"menu_order":1,"comment_status":"closed","ping_status":"closed","template":"product-narrow.php","meta":{"_acf_changed":false,"footnotes":"","_links_to":"","_links_to_target":""},"class_list":["post-337","page","type-page","status-publish","has-post-thumbnail","hentry"],"acf":[],"yoast_head":"<!-- This site is optimized with the Yoast SEO plugin v27.4 - https:\/\/yoast.com\/product\/yoast-seo-wordpress\/ -->\n<title>3911 Sch\u00fcttel-Hydrierapparate - Parr Instrument GmbH<\/title>\n<meta name=\"robots\" content=\"index, follow, max-snippet:-1, max-image-preview:large, max-video-preview:-1\" \/>\n<link rel=\"canonical\" href=\"https:\/\/www.parrinst.com\/de\/products\/hydrogenation\/3911-hydrogenator\/\" \/>\n<meta property=\"og:locale\" content=\"en_US\" \/>\n<meta property=\"og:type\" content=\"article\" \/>\n<meta property=\"og:title\" content=\"3911 Sch\u00fcttel-Hydrierapparate - Parr Instrument GmbH\" \/>\n<meta property=\"og:description\" content=\"Reaktionstechnik Materialien, die in einem Parr Hydrierapparat behandelt werden sollen, werden in einer Reaktionsflasche mit Katalysator eingebracht und an einen\u00a0 Wasserstoffvorratstank angeschlossen. Etwaige Luft\u00a0 wird entweder durch Evakuieren der Flasche entfernt oder durch Wasserstoffsp\u00fclung verdr\u00e4ngt. Anschlie\u00dfend wird der notwendige Druck\u00a0 aus dem Wasserstoffbeh\u00e4lter bereitgestellt und die Flasche\u00a0 kr\u00e4ftig\u00a0 gesch\u00fcttelt,\u00a0 um die Reaktion in Gang zu [&hellip;]\" \/>\n<meta property=\"og:url\" content=\"https:\/\/www.parrinst.com\/de\/products\/hydrogenation\/3911-hydrogenator\/\" \/>\n<meta property=\"og:site_name\" content=\"Parr Instrument GmbH\" \/>\n<meta property=\"article:modified_time\" content=\"2018-02-01T16:40:36+00:00\" \/>\n<meta property=\"og:image\" content=\"https:\/\/www.parrinst.com\/de\/files\/2018\/01\/parr_banner_shaker_secondary.jpg\" \/>\n\t<meta property=\"og:image:width\" content=\"2200\" \/>\n\t<meta property=\"og:image:height\" content=\"399\" \/>\n\t<meta property=\"og:image:type\" content=\"image\/jpeg\" \/>\n<meta name=\"twitter:card\" content=\"summary_large_image\" \/>\n<meta name=\"twitter:label1\" content=\"Est. reading time\" \/>\n\t<meta name=\"twitter:data1\" content=\"2 minutes\" \/>\n<script type=\"application\/ld+json\" class=\"yoast-schema-graph\">{\"@context\":\"https:\\\/\\\/schema.org\",\"@graph\":[{\"@type\":\"WebPage\",\"@id\":\"https:\\\/\\\/www.parrinst.com\\\/de\\\/products\\\/hydrogenation\\\/3911-hydrogenator\\\/\",\"url\":\"https:\\\/\\\/www.parrinst.com\\\/de\\\/products\\\/hydrogenation\\\/3911-hydrogenator\\\/\",\"name\":\"3911 Sch\u00fcttel-Hydrierapparate - Parr Instrument GmbH\",\"isPartOf\":{\"@id\":\"https:\\\/\\\/www.parrinst.com\\\/de\\\/#website\"},\"primaryImageOfPage\":{\"@id\":\"https:\\\/\\\/www.parrinst.com\\\/de\\\/products\\\/hydrogenation\\\/3911-hydrogenator\\\/#primaryimage\"},\"image\":{\"@id\":\"https:\\\/\\\/www.parrinst.com\\\/de\\\/products\\\/hydrogenation\\\/3911-hydrogenator\\\/#primaryimage\"},\"thumbnailUrl\":\"https:\\\/\\\/i0.wp.com\\\/www.parrinst.com\\\/de\\\/wp-content\\\/uploads\\\/sites\\\/6\\\/2018\\\/01\\\/parr_banner_shaker_secondary.jpg?fit=2200%2C399&ssl=1\",\"datePublished\":\"2011-03-11T02:34:41+00:00\",\"dateModified\":\"2018-02-01T16:40:36+00:00\",\"breadcrumb\":{\"@id\":\"https:\\\/\\\/www.parrinst.com\\\/de\\\/products\\\/hydrogenation\\\/3911-hydrogenator\\\/#breadcrumb\"},\"inLanguage\":\"en-US\",\"potentialAction\":[{\"@type\":\"ReadAction\",\"target\":[\"https:\\\/\\\/www.parrinst.com\\\/de\\\/products\\\/hydrogenation\\\/3911-hydrogenator\\\/\"]}]},{\"@type\":\"ImageObject\",\"inLanguage\":\"en-US\",\"@id\":\"https:\\\/\\\/www.parrinst.com\\\/de\\\/products\\\/hydrogenation\\\/3911-hydrogenator\\\/#primaryimage\",\"url\":\"https:\\\/\\\/i0.wp.com\\\/www.parrinst.com\\\/de\\\/wp-content\\\/uploads\\\/sites\\\/6\\\/2018\\\/01\\\/parr_banner_shaker_secondary.jpg?fit=2200%2C399&ssl=1\",\"contentUrl\":\"https:\\\/\\\/i0.wp.com\\\/www.parrinst.com\\\/de\\\/wp-content\\\/uploads\\\/sites\\\/6\\\/2018\\\/01\\\/parr_banner_shaker_secondary.jpg?fit=2200%2C399&ssl=1\",\"width\":2200,\"height\":399},{\"@type\":\"BreadcrumbList\",\"@id\":\"https:\\\/\\\/www.parrinst.com\\\/de\\\/products\\\/hydrogenation\\\/3911-hydrogenator\\\/#breadcrumb\",\"itemListElement\":[{\"@type\":\"ListItem\",\"position\":1,\"name\":\"Home\",\"item\":\"https:\\\/\\\/www.parrinst.com\\\/de\\\/\"},{\"@type\":\"ListItem\",\"position\":2,\"name\":\"Products\",\"item\":\"https:\\\/\\\/www.parrinst.com\\\/de\\\/products\\\/\"},{\"@type\":\"ListItem\",\"position\":3,\"name\":\"Sch\u00fcttel-Hydrierapparate\",\"item\":\"https:\\\/\\\/www.parrinst.com\\\/de\\\/products\\\/hydrogenation\\\/\"},{\"@type\":\"ListItem\",\"position\":4,\"name\":\"3911 Sch\u00fcttel-Hydrierapparate\"}]},{\"@type\":\"WebSite\",\"@id\":\"https:\\\/\\\/www.parrinst.com\\\/de\\\/#website\",\"url\":\"https:\\\/\\\/www.parrinst.com\\\/de\\\/\",\"name\":\"Parr Instrument GmbH\",\"description\":\"\",\"potentialAction\":[{\"@type\":\"SearchAction\",\"target\":{\"@type\":\"EntryPoint\",\"urlTemplate\":\"https:\\\/\\\/www.parrinst.com\\\/de\\\/?s={search_term_string}\"},\"query-input\":{\"@type\":\"PropertyValueSpecification\",\"valueRequired\":true,\"valueName\":\"search_term_string\"}}],\"inLanguage\":\"en-US\"}]}<\/script>\n<!-- \/ Yoast SEO plugin. -->","yoast_head_json":{"title":"3911 Sch\u00fcttel-Hydrierapparate - Parr Instrument GmbH","robots":{"index":"index","follow":"follow","max-snippet":"max-snippet:-1","max-image-preview":"max-image-preview:large","max-video-preview":"max-video-preview:-1"},"canonical":"https:\/\/www.parrinst.com\/de\/products\/hydrogenation\/3911-hydrogenator\/","og_locale":"en_US","og_type":"article","og_title":"3911 Sch\u00fcttel-Hydrierapparate - Parr Instrument GmbH","og_description":"Reaktionstechnik Materialien, die in einem Parr Hydrierapparat behandelt werden sollen, werden in einer Reaktionsflasche mit Katalysator eingebracht und an einen\u00a0 Wasserstoffvorratstank angeschlossen. Etwaige Luft\u00a0 wird entweder durch Evakuieren der Flasche entfernt oder durch Wasserstoffsp\u00fclung verdr\u00e4ngt. Anschlie\u00dfend wird der notwendige Druck\u00a0 aus dem Wasserstoffbeh\u00e4lter bereitgestellt und die Flasche\u00a0 kr\u00e4ftig\u00a0 gesch\u00fcttelt,\u00a0 um die Reaktion in Gang zu [&hellip;]","og_url":"https:\/\/www.parrinst.com\/de\/products\/hydrogenation\/3911-hydrogenator\/","og_site_name":"Parr Instrument GmbH","article_modified_time":"2018-02-01T16:40:36+00:00","og_image":[{"width":2200,"height":399,"url":"https:\/\/www.parrinst.com\/de\/files\/2018\/01\/parr_banner_shaker_secondary.jpg","type":"image\/jpeg"}],"twitter_card":"summary_large_image","twitter_misc":{"Est. reading time":"2 minutes"},"schema":{"@context":"https:\/\/schema.org","@graph":[{"@type":"WebPage","@id":"https:\/\/www.parrinst.com\/de\/products\/hydrogenation\/3911-hydrogenator\/","url":"https:\/\/www.parrinst.com\/de\/products\/hydrogenation\/3911-hydrogenator\/","name":"3911 Sch\u00fcttel-Hydrierapparate - Parr Instrument GmbH","isPartOf":{"@id":"https:\/\/www.parrinst.com\/de\/#website"},"primaryImageOfPage":{"@id":"https:\/\/www.parrinst.com\/de\/products\/hydrogenation\/3911-hydrogenator\/#primaryimage"},"image":{"@id":"https:\/\/www.parrinst.com\/de\/products\/hydrogenation\/3911-hydrogenator\/#primaryimage"},"thumbnailUrl":"https:\/\/i0.wp.com\/www.parrinst.com\/de\/wp-content\/uploads\/sites\/6\/2018\/01\/parr_banner_shaker_secondary.jpg?fit=2200%2C399&ssl=1","datePublished":"2011-03-11T02:34:41+00:00","dateModified":"2018-02-01T16:40:36+00:00","breadcrumb":{"@id":"https:\/\/www.parrinst.com\/de\/products\/hydrogenation\/3911-hydrogenator\/#breadcrumb"},"inLanguage":"en-US","potentialAction":[{"@type":"ReadAction","target":["https:\/\/www.parrinst.com\/de\/products\/hydrogenation\/3911-hydrogenator\/"]}]},{"@type":"ImageObject","inLanguage":"en-US","@id":"https:\/\/www.parrinst.com\/de\/products\/hydrogenation\/3911-hydrogenator\/#primaryimage","url":"https:\/\/i0.wp.com\/www.parrinst.com\/de\/wp-content\/uploads\/sites\/6\/2018\/01\/parr_banner_shaker_secondary.jpg?fit=2200%2C399&ssl=1","contentUrl":"https:\/\/i0.wp.com\/www.parrinst.com\/de\/wp-content\/uploads\/sites\/6\/2018\/01\/parr_banner_shaker_secondary.jpg?fit=2200%2C399&ssl=1","width":2200,"height":399},{"@type":"BreadcrumbList","@id":"https:\/\/www.parrinst.com\/de\/products\/hydrogenation\/3911-hydrogenator\/#breadcrumb","itemListElement":[{"@type":"ListItem","position":1,"name":"Home","item":"https:\/\/www.parrinst.com\/de\/"},{"@type":"ListItem","position":2,"name":"Products","item":"https:\/\/www.parrinst.com\/de\/products\/"},{"@type":"ListItem","position":3,"name":"Sch\u00fcttel-Hydrierapparate","item":"https:\/\/www.parrinst.com\/de\/products\/hydrogenation\/"},{"@type":"ListItem","position":4,"name":"3911 Sch\u00fcttel-Hydrierapparate"}]},{"@type":"WebSite","@id":"https:\/\/www.parrinst.com\/de\/#website","url":"https:\/\/www.parrinst.com\/de\/","name":"Parr Instrument GmbH","description":"","potentialAction":[{"@type":"SearchAction","target":{"@type":"EntryPoint","urlTemplate":"https:\/\/www.parrinst.com\/de\/?s={search_term_string}"},"query-input":{"@type":"PropertyValueSpecification","valueRequired":true,"valueName":"search_term_string"}}],"inLanguage":"en-US"}]}},"jetpack_sharing_enabled":true,"_links":{"self":[{"href":"https:\/\/www.parrinst.com\/de\/wp-json\/wp\/v2\/pages\/337","targetHints":{"allow":["GET"]}}],"collection":[{"href":"https:\/\/www.parrinst.com\/de\/wp-json\/wp\/v2\/pages"}],"about":[{"href":"https:\/\/www.parrinst.com\/de\/wp-json\/wp\/v2\/types\/page"}],"author":[{"embeddable":true,"href":"https:\/\/www.parrinst.com\/de\/wp-json\/wp\/v2\/users\/1"}],"replies":[{"embeddable":true,"href":"https:\/\/www.parrinst.com\/de\/wp-json\/wp\/v2\/comments?post=337"}],"version-history":[{"count":2,"href":"https:\/\/www.parrinst.com\/de\/wp-json\/wp\/v2\/pages\/337\/revisions"}],"predecessor-version":[{"id":37962,"href":"https:\/\/www.parrinst.com\/de\/wp-json\/wp\/v2\/pages\/337\/revisions\/37962"}],"up":[{"embeddable":true,"href":"https:\/\/www.parrinst.com\/de\/wp-json\/wp\/v2\/pages\/91"}],"wp:featuredmedia":[{"embeddable":true,"href":"https:\/\/www.parrinst.com\/de\/wp-json\/wp\/v2\/media\/37709"}],"wp:attachment":[{"href":"https:\/\/www.parrinst.com\/de\/wp-json\/wp\/v2\/media?parent=337"}],"curies":[{"name":"wp","href":"https:\/\/api.w.org\/{rel}","templated":true}]}}