{"id":3382,"date":"2011-06-24T20:29:56","date_gmt":"2011-06-25T01:29:56","guid":{"rendered":"https:\/\/www.parrinst.com\/?page_id=3382"},"modified":"2016-08-28T15:13:41","modified_gmt":"2016-08-28T13:13:41","slug":"catalyst-addition-device","status":"publish","type":"page","link":"https:\/\/www.parrinst.com\/de\/products\/stirred-reactors\/options-accessories\/catalyst-addition-device\/","title":{"rendered":"Catalyst Addition Device"},"content":{"rendered":"\n\t\t\t<div id='3382-1' class='gallery gallery-3382 gallery-columns-1 gallery-size-medium' itemscope itemtype='http:\/\/schema.org\/ImageGallery'>\n\t\t\t\t<div class='gallery-row gallery-col-1 gallery-clear'>\n\t\t\t\t\t<figure class='gallery-item col-1' itemprop='associatedMedia' itemscope itemtype='http:\/\/schema.org\/ImageObject'>\n\t\t\t\t\t\t<div class='gallery-icon portrait'><a href=\"https:\/\/i0.wp.com\/www.parrinst.com\/de\/wp-content\/uploads\/sites\/6\/2011\/06\/A550HC-CAD_closed.jpg?ssl=1\" itemprop=\"contentURL\"><img loading=\"lazy\" decoding=\"async\" width=\"214\" height=\"300\" src=\"https:\/\/i0.wp.com\/www.parrinst.com\/de\/wp-content\/uploads\/sites\/6\/2011\/06\/A550HC-CAD_closed.jpg?fit=214%2C300&amp;ssl=1\" class=\"attachment-medium size-medium\" alt=\"A550HC Catalyst Addition Device\" srcset=\"https:\/\/i0.wp.com\/www.parrinst.com\/de\/wp-content\/uploads\/sites\/6\/2011\/06\/A550HC-CAD_closed.jpg?w=600&amp;ssl=1 600w, https:\/\/i0.wp.com\/www.parrinst.com\/de\/wp-content\/uploads\/sites\/6\/2011\/06\/A550HC-CAD_closed.jpg?resize=107%2C150&amp;ssl=1 107w, https:\/\/i0.wp.com\/www.parrinst.com\/de\/wp-content\/uploads\/sites\/6\/2011\/06\/A550HC-CAD_closed.jpg?resize=214%2C300&amp;ssl=1 214w\" sizes=\"auto, (max-width: 214px) 100vw, 214px\" itemprop=\"thumbnail\" \/><\/a><\/div>\n\t\t\t\t\t<\/figure>\n\t\t\t\t<\/div>\n\t\t\t\t<div class='gallery-row gallery-col-1 gallery-clear'>\n\t\t\t\t\t<figure class='gallery-item col-1' itemprop='associatedMedia' itemscope itemtype='http:\/\/schema.org\/ImageObject'>\n\t\t\t\t\t\t<div class='gallery-icon portrait'><a href=\"https:\/\/i0.wp.com\/www.parrinst.com\/de\/wp-content\/uploads\/sites\/6\/2011\/06\/catalyst-addition-open.jpg?ssl=1\" itemprop=\"contentURL\"><img loading=\"lazy\" decoding=\"async\" width=\"214\" height=\"300\" src=\"https:\/\/i0.wp.com\/www.parrinst.com\/de\/wp-content\/uploads\/sites\/6\/2011\/06\/catalyst-addition-open.jpg?fit=214%2C300&amp;ssl=1\" class=\"attachment-medium size-medium\" alt=\"A550HC Catalyst Addition Device Open\" srcset=\"https:\/\/i0.wp.com\/www.parrinst.com\/de\/wp-content\/uploads\/sites\/6\/2011\/06\/catalyst-addition-open.jpg?w=600&amp;ssl=1 600w, https:\/\/i0.wp.com\/www.parrinst.com\/de\/wp-content\/uploads\/sites\/6\/2011\/06\/catalyst-addition-open.jpg?resize=107%2C150&amp;ssl=1 107w, https:\/\/i0.wp.com\/www.parrinst.com\/de\/wp-content\/uploads\/sites\/6\/2011\/06\/catalyst-addition-open.jpg?resize=214%2C300&amp;ssl=1 214w\" sizes=\"auto, (max-width: 214px) 100vw, 214px\" itemprop=\"thumbnail\" \/><\/a><\/div>\n\t\t\t\t\t<\/figure>\n\t\t\t\t<\/div>\n\t\t\t<\/div><!-- .gallery -->\n\n<p>Parr hat eine einzigartige Vorrichtung zur Abgabe von kleinen Feststoff- (oder Fl\u00fcssigkeits -) Mengen aus einem abgedichteten Beh\u00e4lter innerhalb des Reaktors entwickelt. Diese Vorrichtung ist besonders f\u00fcr kinetische Untersuchungen katalytischer  Reaktionen von Interesse.  Sie besteht aus einer kleinen zylindrischen Kammer mit Verschlusskappe und O-Ringdichtung, die an der Unterseite des Beh\u00e4lterkopfes mit einer 1\/8 Zoll NPT Verbindung angebracht wird.  Der kleine Zylinder wird \u00fcber ein Ventil im Reaktorkopf mittels Gasdruck bet\u00e4tigt. Wenn der \u00e4u\u00dfere Druck gr\u00f6\u00dfer ist als der Druck im Reaktor, \u00f6ffnet die Verschlusskappe und gibt den Katalysator oder einen beliebigen Inhalt in den Reaktor. Am besten ist die Katalysatorzugabe-Vorrichtung in den gr\u00f6\u00dferen Reaktoren ab einem Fassungsverm\u00f6gen von zirka 450 bis 600 ml einsetzbar.<\/p>\n<table class=\"GeneralTable\">\n<tbody>\n<tr>\n<td class=\"GeneralTable-DarkBlue\" colspan=\"4\">Katalysatorzugabe-Vorrichtung<\/td>\n<\/tr>\n<tr>\n<td><strong>Reaktorgr\u00f6\u00dfe<\/strong><\/td>\n<td><strong>Zugabemenge<\/strong><\/td>\n<td><strong>Artikel Nr.<\/strong><\/td>\n<td><strong>Befestigung<\/strong><\/td>\n<\/tr>\n<tr class=\"GeneralTable-LightBlue\">\n<td>Mini<\/td>\n<td>6 cm\u00b3<\/td>\n<td>A550HC3<\/td>\n<td>1\/8 Zoll NPT<\/td>\n<\/tr>\n<tr>\n<td>1 Liter<\/td>\n<td>8 cm\u00b3<\/td>\n<td>A550HC<\/td>\n<td>1\/8 Zoll NPT<\/td>\n<\/tr>\n<tr class=\"GeneralTable-LightBlue\">\n<td>gr\u00f6\u00dfer<\/td>\n<td>20 cm\u00b3<\/td>\n<td>A550HC2<\/td>\n<td>1\/8 Zoll NPT<\/td>\n<\/tr>\n<\/tbody>\n<\/table>\n","protected":false},"excerpt":{"rendered":"<p>Parr hat eine einzigartige Vorrichtung zur Abgabe von kleinen Feststoff- (oder Fl\u00fcssigkeits -) Mengen aus einem abgedichteten Beh\u00e4lter innerhalb des Reaktors entwickelt. Diese Vorrichtung ist besonders f\u00fcr kinetische Untersuchungen katalytischer Reaktionen von Interesse. Sie besteht aus einer kleinen zylindrischen Kammer mit Verschlusskappe und O-Ringdichtung, die an der Unterseite des Beh\u00e4lterkopfes mit einer 1\/8 Zoll NPT [&hellip;]<\/p>\n","protected":false},"author":1,"featured_media":36873,"parent":128,"menu_order":1,"comment_status":"closed","ping_status":"closed","template":"product-wide.php","meta":{"_acf_changed":false,"footnotes":"","_links_to":"","_links_to_target":""},"class_list":["post-3382","page","type-page","status-publish","has-post-thumbnail","hentry"],"acf":[],"yoast_head":"<!-- This site is optimized with the Yoast SEO plugin v27.5 - https:\/\/yoast.com\/product\/yoast-seo-wordpress\/ -->\n<title>Catalyst Addition Device - Parr Instrument GmbH<\/title>\n<meta name=\"robots\" content=\"index, follow, max-snippet:-1, max-image-preview:large, max-video-preview:-1\" \/>\n<link rel=\"canonical\" href=\"https:\/\/www.parrinst.com\/de\/products\/stirred-reactors\/options-accessories\/catalyst-addition-device\/\" \/>\n<meta property=\"og:locale\" content=\"en_US\" \/>\n<meta property=\"og:type\" content=\"article\" \/>\n<meta property=\"og:title\" content=\"Catalyst Addition Device - Parr Instrument GmbH\" \/>\n<meta property=\"og:description\" content=\"Parr hat eine einzigartige Vorrichtung zur Abgabe von kleinen Feststoff- (oder Fl\u00fcssigkeits -) Mengen aus einem abgedichteten Beh\u00e4lter innerhalb des Reaktors entwickelt. Diese Vorrichtung ist besonders f\u00fcr kinetische Untersuchungen katalytischer Reaktionen von Interesse. Sie besteht aus einer kleinen zylindrischen Kammer mit Verschlusskappe und O-Ringdichtung, die an der Unterseite des Beh\u00e4lterkopfes mit einer 1\/8 Zoll NPT [&hellip;]\" \/>\n<meta property=\"og:url\" content=\"https:\/\/www.parrinst.com\/de\/products\/stirred-reactors\/options-accessories\/catalyst-addition-device\/\" \/>\n<meta property=\"og:site_name\" content=\"Parr Instrument GmbH\" \/>\n<meta property=\"article:modified_time\" content=\"2016-08-28T13:13:41+00:00\" \/>\n<meta property=\"og:image\" content=\"https:\/\/www.parrinst.com\/de\/files\/2017\/12\/parr_banner_stirred3_secondary.jpg\" \/>\n\t<meta property=\"og:image:width\" content=\"2200\" \/>\n\t<meta property=\"og:image:height\" content=\"399\" \/>\n\t<meta property=\"og:image:type\" content=\"image\/jpeg\" \/>\n<meta name=\"twitter:card\" content=\"summary_large_image\" \/>\n<meta name=\"twitter:label1\" content=\"Est. reading time\" \/>\n\t<meta name=\"twitter:data1\" content=\"1 minute\" \/>\n<script type=\"application\/ld+json\" class=\"yoast-schema-graph\">{\"@context\":\"https:\\\/\\\/schema.org\",\"@graph\":[{\"@type\":\"WebPage\",\"@id\":\"https:\\\/\\\/www.parrinst.com\\\/de\\\/products\\\/stirred-reactors\\\/options-accessories\\\/catalyst-addition-device\\\/\",\"url\":\"https:\\\/\\\/www.parrinst.com\\\/de\\\/products\\\/stirred-reactors\\\/options-accessories\\\/catalyst-addition-device\\\/\",\"name\":\"Catalyst Addition Device - Parr Instrument GmbH\",\"isPartOf\":{\"@id\":\"https:\\\/\\\/www.parrinst.com\\\/de\\\/#website\"},\"primaryImageOfPage\":{\"@id\":\"https:\\\/\\\/www.parrinst.com\\\/de\\\/products\\\/stirred-reactors\\\/options-accessories\\\/catalyst-addition-device\\\/#primaryimage\"},\"image\":{\"@id\":\"https:\\\/\\\/www.parrinst.com\\\/de\\\/products\\\/stirred-reactors\\\/options-accessories\\\/catalyst-addition-device\\\/#primaryimage\"},\"thumbnailUrl\":\"https:\\\/\\\/i0.wp.com\\\/www.parrinst.com\\\/de\\\/wp-content\\\/uploads\\\/sites\\\/6\\\/2017\\\/12\\\/parr_banner_stirred3_secondary.jpg?fit=2200%2C399&ssl=1\",\"datePublished\":\"2011-06-25T01:29:56+00:00\",\"dateModified\":\"2016-08-28T13:13:41+00:00\",\"breadcrumb\":{\"@id\":\"https:\\\/\\\/www.parrinst.com\\\/de\\\/products\\\/stirred-reactors\\\/options-accessories\\\/catalyst-addition-device\\\/#breadcrumb\"},\"inLanguage\":\"en-US\",\"potentialAction\":[{\"@type\":\"ReadAction\",\"target\":[\"https:\\\/\\\/www.parrinst.com\\\/de\\\/products\\\/stirred-reactors\\\/options-accessories\\\/catalyst-addition-device\\\/\"]}]},{\"@type\":\"ImageObject\",\"inLanguage\":\"en-US\",\"@id\":\"https:\\\/\\\/www.parrinst.com\\\/de\\\/products\\\/stirred-reactors\\\/options-accessories\\\/catalyst-addition-device\\\/#primaryimage\",\"url\":\"https:\\\/\\\/i0.wp.com\\\/www.parrinst.com\\\/de\\\/wp-content\\\/uploads\\\/sites\\\/6\\\/2017\\\/12\\\/parr_banner_stirred3_secondary.jpg?fit=2200%2C399&ssl=1\",\"contentUrl\":\"https:\\\/\\\/i0.wp.com\\\/www.parrinst.com\\\/de\\\/wp-content\\\/uploads\\\/sites\\\/6\\\/2017\\\/12\\\/parr_banner_stirred3_secondary.jpg?fit=2200%2C399&ssl=1\",\"width\":2200,\"height\":399},{\"@type\":\"BreadcrumbList\",\"@id\":\"https:\\\/\\\/www.parrinst.com\\\/de\\\/products\\\/stirred-reactors\\\/options-accessories\\\/catalyst-addition-device\\\/#breadcrumb\",\"itemListElement\":[{\"@type\":\"ListItem\",\"position\":1,\"name\":\"Home\",\"item\":\"https:\\\/\\\/www.parrinst.com\\\/de\\\/\"},{\"@type\":\"ListItem\",\"position\":2,\"name\":\"Products\",\"item\":\"https:\\\/\\\/www.parrinst.com\\\/de\\\/products\\\/\"},{\"@type\":\"ListItem\",\"position\":3,\"name\":\"Ger\u00fchrte Reaktoren\",\"item\":\"https:\\\/\\\/www.parrinst.com\\\/de\\\/products\\\/stirred-reactors\\\/\"},{\"@type\":\"ListItem\",\"position\":4,\"name\":\"Zubeh\u00f6r\",\"item\":\"https:\\\/\\\/www.parrinst.com\\\/de\\\/products\\\/stirred-reactors\\\/options-accessories\\\/\"},{\"@type\":\"ListItem\",\"position\":5,\"name\":\"Catalyst Addition Device\"}]},{\"@type\":\"WebSite\",\"@id\":\"https:\\\/\\\/www.parrinst.com\\\/de\\\/#website\",\"url\":\"https:\\\/\\\/www.parrinst.com\\\/de\\\/\",\"name\":\"Parr Instrument GmbH\",\"description\":\"\",\"potentialAction\":[{\"@type\":\"SearchAction\",\"target\":{\"@type\":\"EntryPoint\",\"urlTemplate\":\"https:\\\/\\\/www.parrinst.com\\\/de\\\/?s={search_term_string}\"},\"query-input\":{\"@type\":\"PropertyValueSpecification\",\"valueRequired\":true,\"valueName\":\"search_term_string\"}}],\"inLanguage\":\"en-US\"}]}<\/script>\n<!-- \/ Yoast SEO plugin. -->","yoast_head_json":{"title":"Catalyst Addition Device - Parr Instrument GmbH","robots":{"index":"index","follow":"follow","max-snippet":"max-snippet:-1","max-image-preview":"max-image-preview:large","max-video-preview":"max-video-preview:-1"},"canonical":"https:\/\/www.parrinst.com\/de\/products\/stirred-reactors\/options-accessories\/catalyst-addition-device\/","og_locale":"en_US","og_type":"article","og_title":"Catalyst Addition Device - Parr Instrument GmbH","og_description":"Parr hat eine einzigartige Vorrichtung zur Abgabe von kleinen Feststoff- (oder Fl\u00fcssigkeits -) Mengen aus einem abgedichteten Beh\u00e4lter innerhalb des Reaktors entwickelt. Diese Vorrichtung ist besonders f\u00fcr kinetische Untersuchungen katalytischer Reaktionen von Interesse. Sie besteht aus einer kleinen zylindrischen Kammer mit Verschlusskappe und O-Ringdichtung, die an der Unterseite des Beh\u00e4lterkopfes mit einer 1\/8 Zoll NPT [&hellip;]","og_url":"https:\/\/www.parrinst.com\/de\/products\/stirred-reactors\/options-accessories\/catalyst-addition-device\/","og_site_name":"Parr Instrument GmbH","article_modified_time":"2016-08-28T13:13:41+00:00","og_image":[{"width":2200,"height":399,"url":"https:\/\/www.parrinst.com\/de\/files\/2017\/12\/parr_banner_stirred3_secondary.jpg","type":"image\/jpeg"}],"twitter_card":"summary_large_image","twitter_misc":{"Est. reading time":"1 minute"},"schema":{"@context":"https:\/\/schema.org","@graph":[{"@type":"WebPage","@id":"https:\/\/www.parrinst.com\/de\/products\/stirred-reactors\/options-accessories\/catalyst-addition-device\/","url":"https:\/\/www.parrinst.com\/de\/products\/stirred-reactors\/options-accessories\/catalyst-addition-device\/","name":"Catalyst Addition Device - Parr Instrument GmbH","isPartOf":{"@id":"https:\/\/www.parrinst.com\/de\/#website"},"primaryImageOfPage":{"@id":"https:\/\/www.parrinst.com\/de\/products\/stirred-reactors\/options-accessories\/catalyst-addition-device\/#primaryimage"},"image":{"@id":"https:\/\/www.parrinst.com\/de\/products\/stirred-reactors\/options-accessories\/catalyst-addition-device\/#primaryimage"},"thumbnailUrl":"https:\/\/i0.wp.com\/www.parrinst.com\/de\/wp-content\/uploads\/sites\/6\/2017\/12\/parr_banner_stirred3_secondary.jpg?fit=2200%2C399&ssl=1","datePublished":"2011-06-25T01:29:56+00:00","dateModified":"2016-08-28T13:13:41+00:00","breadcrumb":{"@id":"https:\/\/www.parrinst.com\/de\/products\/stirred-reactors\/options-accessories\/catalyst-addition-device\/#breadcrumb"},"inLanguage":"en-US","potentialAction":[{"@type":"ReadAction","target":["https:\/\/www.parrinst.com\/de\/products\/stirred-reactors\/options-accessories\/catalyst-addition-device\/"]}]},{"@type":"ImageObject","inLanguage":"en-US","@id":"https:\/\/www.parrinst.com\/de\/products\/stirred-reactors\/options-accessories\/catalyst-addition-device\/#primaryimage","url":"https:\/\/i0.wp.com\/www.parrinst.com\/de\/wp-content\/uploads\/sites\/6\/2017\/12\/parr_banner_stirred3_secondary.jpg?fit=2200%2C399&ssl=1","contentUrl":"https:\/\/i0.wp.com\/www.parrinst.com\/de\/wp-content\/uploads\/sites\/6\/2017\/12\/parr_banner_stirred3_secondary.jpg?fit=2200%2C399&ssl=1","width":2200,"height":399},{"@type":"BreadcrumbList","@id":"https:\/\/www.parrinst.com\/de\/products\/stirred-reactors\/options-accessories\/catalyst-addition-device\/#breadcrumb","itemListElement":[{"@type":"ListItem","position":1,"name":"Home","item":"https:\/\/www.parrinst.com\/de\/"},{"@type":"ListItem","position":2,"name":"Products","item":"https:\/\/www.parrinst.com\/de\/products\/"},{"@type":"ListItem","position":3,"name":"Ger\u00fchrte Reaktoren","item":"https:\/\/www.parrinst.com\/de\/products\/stirred-reactors\/"},{"@type":"ListItem","position":4,"name":"Zubeh\u00f6r","item":"https:\/\/www.parrinst.com\/de\/products\/stirred-reactors\/options-accessories\/"},{"@type":"ListItem","position":5,"name":"Catalyst Addition Device"}]},{"@type":"WebSite","@id":"https:\/\/www.parrinst.com\/de\/#website","url":"https:\/\/www.parrinst.com\/de\/","name":"Parr Instrument GmbH","description":"","potentialAction":[{"@type":"SearchAction","target":{"@type":"EntryPoint","urlTemplate":"https:\/\/www.parrinst.com\/de\/?s={search_term_string}"},"query-input":{"@type":"PropertyValueSpecification","valueRequired":true,"valueName":"search_term_string"}}],"inLanguage":"en-US"}]}},"jetpack_sharing_enabled":true,"_links":{"self":[{"href":"https:\/\/www.parrinst.com\/de\/wp-json\/wp\/v2\/pages\/3382","targetHints":{"allow":["GET"]}}],"collection":[{"href":"https:\/\/www.parrinst.com\/de\/wp-json\/wp\/v2\/pages"}],"about":[{"href":"https:\/\/www.parrinst.com\/de\/wp-json\/wp\/v2\/types\/page"}],"author":[{"embeddable":true,"href":"https:\/\/www.parrinst.com\/de\/wp-json\/wp\/v2\/users\/1"}],"replies":[{"embeddable":true,"href":"https:\/\/www.parrinst.com\/de\/wp-json\/wp\/v2\/comments?post=3382"}],"version-history":[{"count":0,"href":"https:\/\/www.parrinst.com\/de\/wp-json\/wp\/v2\/pages\/3382\/revisions"}],"up":[{"embeddable":true,"href":"https:\/\/www.parrinst.com\/de\/wp-json\/wp\/v2\/pages\/128"}],"wp:featuredmedia":[{"embeddable":true,"href":"https:\/\/www.parrinst.com\/de\/wp-json\/wp\/v2\/media\/36873"}],"wp:attachment":[{"href":"https:\/\/www.parrinst.com\/de\/wp-json\/wp\/v2\/media?parent=3382"}],"curies":[{"name":"wp","href":"https:\/\/api.w.org\/{rel}","templated":true}]}}