{"id":3388,"date":"2011-06-24T20:38:08","date_gmt":"2011-06-25T01:38:08","guid":{"rendered":"https:\/\/www.parrinst.com\/?page_id=3388"},"modified":"2018-03-06T17:34:21","modified_gmt":"2018-03-06T16:34:21","slug":"condensers","status":"publish","type":"page","link":"https:\/\/www.parrinst.com\/de\/products\/stirred-reactors\/options-accessories\/condensers\/","title":{"rendered":"Condensers"},"content":{"rendered":"\n\t\t\t<div id='3388-1' class='gallery gallery-3388 gallery-columns-3 gallery-size-medium' itemscope itemtype='http:\/\/schema.org\/ImageGallery'>\n\t\t\t\t<div class='gallery-row gallery-col-3 gallery-clear'>\n\t\t\t\t\t<figure class='gallery-item col-3' itemprop='associatedMedia' itemscope itemtype='http:\/\/schema.org\/ImageObject'>\n\t\t\t\t\t\t<div class='gallery-icon portrait'><a href=\"https:\/\/i0.wp.com\/www.parrinst.com\/de\/wp-content\/uploads\/sites\/6\/2011\/06\/Burette-04.jpg?ssl=1\" itemprop=\"contentURL\"><img loading=\"lazy\" decoding=\"async\" width=\"215\" height=\"300\" src=\"https:\/\/i0.wp.com\/www.parrinst.com\/de\/wp-content\/uploads\/sites\/6\/2011\/06\/Burette-04.jpg?fit=215%2C300&amp;ssl=1\" class=\"attachment-medium size-medium\" alt=\"Direkter R\u00fccklaufkondensator\" srcset=\"https:\/\/i0.wp.com\/www.parrinst.com\/de\/wp-content\/uploads\/sites\/6\/2011\/06\/Burette-04.jpg?w=600&amp;ssl=1 600w, https:\/\/i0.wp.com\/www.parrinst.com\/de\/wp-content\/uploads\/sites\/6\/2011\/06\/Burette-04.jpg?resize=107%2C150&amp;ssl=1 107w, https:\/\/i0.wp.com\/www.parrinst.com\/de\/wp-content\/uploads\/sites\/6\/2011\/06\/Burette-04.jpg?resize=215%2C300&amp;ssl=1 215w\" sizes=\"auto, (max-width: 215px) 100vw, 215px\" itemprop=\"thumbnail\" \/><\/a><\/div>\n\t\t\t\t\t<\/figure>\n\t\t\t\t\t<figure class='gallery-item col-3' itemprop='associatedMedia' itemscope itemtype='http:\/\/schema.org\/ImageObject'>\n\t\t\t\t\t\t<div class='gallery-icon portrait'><a href=\"https:\/\/i0.wp.com\/www.parrinst.com\/de\/wp-content\/uploads\/sites\/6\/2011\/06\/Burette-02.jpg?ssl=1\" itemprop=\"contentURL\"><img loading=\"lazy\" decoding=\"async\" width=\"215\" height=\"300\" src=\"https:\/\/i0.wp.com\/www.parrinst.com\/de\/wp-content\/uploads\/sites\/6\/2011\/06\/Burette-02.jpg?fit=215%2C300&amp;ssl=1\" class=\"attachment-medium size-medium\" alt=\"R\u00fccklaufkondensator mit abnehmbarem Kollektor\" srcset=\"https:\/\/i0.wp.com\/www.parrinst.com\/de\/wp-content\/uploads\/sites\/6\/2011\/06\/Burette-02.jpg?w=600&amp;ssl=1 600w, https:\/\/i0.wp.com\/www.parrinst.com\/de\/wp-content\/uploads\/sites\/6\/2011\/06\/Burette-02.jpg?resize=107%2C150&amp;ssl=1 107w, https:\/\/i0.wp.com\/www.parrinst.com\/de\/wp-content\/uploads\/sites\/6\/2011\/06\/Burette-02.jpg?resize=215%2C300&amp;ssl=1 215w\" sizes=\"auto, (max-width: 215px) 100vw, 215px\" itemprop=\"thumbnail\" \/><\/a><\/div>\n\t\t\t\t\t<\/figure>\n\t\t\t<\/div>\n\t\t\t<\/div><!-- .gallery -->\n\n<p>Parr bietet zwei Arten von Kondensatabscheidern f\u00fcr ger\u00fchrte Reaktoren oder Druckbeh\u00e4lter. Sie k\u00f6nnen passend zu den Reaktoren in verschiedenen Gr\u00f6\u00dfen gefertigt werden.<\/p>\n<h3>Direkter R\u00fccklaufkondensator<\/h3>\n<p>Dieser R\u00fccklaufkondensator besteht aus einer langen R\u00f6hre, die unmittelbar an den Beh\u00e4lterkopf angeschlossen wird und von einer wassergek\u00fchlten Ummantelung umgeben ist. Kondensierte Gase k\u00f6nnen direkt in den Beh\u00e4lter zur\u00fcck flie\u00dfen, und alle Gase, die nicht kondensieren, k\u00f6nnen durch ein Nadelventil am oberen Ende des Kondensators abgelassen werden. Die spiralf\u00f6rmige Wicklung im inneren des Kondensators erh\u00f6ht die Effizienz bei vergleichsweise kurzer Baugr\u00f6\u00dfe.<\/p>\n<h3>R\u00fccklaufkondensator mit abnehmbarem Kollektor<\/h3>\n<p>Auch dieser R\u00fccklaufkondensator besteht aus einer R\u00f6hre mit wassergek\u00fchlter Ummantelung, jedoch mit einem Auffangbeh\u00e4lter am unteren Ende. Alle Gase, wie zum Beispiel Wasser bei einer Polymerisationsreaktion, k\u00f6nnen nun kondensiert und in einem separaten Beh\u00e4lter gesammelt werden. Durch ein Bodenablassventil kann der Auffangbeh\u00e4lter entleert werden. Alle nicht kondensierenden Gase k\u00f6nnen am oberen Ende des Kondensators \u00fcber ein Nadelventil abgelassen werden. Wird das Auffangen des Kondensats nicht ben\u00f6tigt, so kann der Auffangbeh\u00e4lter entfernt und der Kondensator direkt \u00fcber dem Reaktor platziert werden, so dass das Kondensat direkt in den Beh\u00e4lter zur\u00fcck flie\u00dft.<\/p>\n<h3>Modifikationen<\/h3>\n<p>Viele Nutzer w\u00fcnschen einen Kugelhahn zwischen Kondensator und Reaktorkopf, damit der Kondensator geschlossen werden kann, wenn er nicht ben\u00f6tigt wird. Auch alternative Schnellanschl\u00fcsse und verschiedene Volumina f\u00fcr den Auffangbeh\u00e4lter sind verf\u00fcgbar.<\/p>\n<p>Die Installation eines Kondensatabscheiders erfordert bei allen Reaktoren einen gr\u00f6\u00dferen Anschluss im Beh\u00e4lterkopf, wobei die Gr\u00f6\u00dfe mit den einzelnen Volumina der Reaktorsysteme variiert. Aufgrund der begrenzten Platzverh\u00e4ltnisse im Mini Reaktor 4560 wird bei diesem Modell zur Unterbringung des Kondensators entweder der Manometeranschluss modifiziert, oder eine K\u00fchler\u00f6ffnung wird auf 1\/4 Zoll NPT umger\u00fcstet. Dabei werden entweder Manometer und Kondensator in einer Baugruppe zusammengefasst, oder es muss auf die K\u00fchlfunktion verzichtet werden. Ab einem Reaktorvolumen von 1 Liter werden je nach exakter Reaktorgr\u00f6\u00dfe 3\/8 Zoll NPT Anschl\u00fcsse oder noch gr\u00f6\u00dfere verbaut. Die serienm\u00e4\u00dfigen Kopfanschl\u00fcsse werden dann neu angeordnet, um diesen neuen Anschluss zu erm\u00f6glichen<\/p>\n<table class=\"GeneralTable\">\n<tbody>\n<tr>\n<td class=\"GeneralTable-DarkBlue\" colspan=\"6\">Kondensatoren<\/td>\n<\/tr>\n<tr>\n<td><strong>Reaktor<\/strong><\/td>\n<td><strong>Ausf\u00fchrung<\/strong><\/td>\n<td><strong>Anmerkung<\/strong><\/td>\n<td><strong>Innerer Rohr-<br \/>\nO.D. durchmesser, Zoll<\/strong><\/td>\n<td><strong>serienm\u00e4\u00dfiger<br \/>\nAuffangbeh\u00e4lter, mL<\/strong><\/td>\n<td><strong>Teile Nr.<\/strong><\/td>\n<\/tr>\n<tr class=\"GeneralTable-LightBlue\">\n<td>4560\/4590<\/td>\n<td>R\u00fccklauf\/<br \/>\nabnehmbarer<br \/>\nKollektor<\/td>\n<td>modifizierte Manometer\u00f6ffnung 1\/4\u2033 NPT<\/td>\n<td>3\/8\u2033<\/td>\n<td>150 ml<\/td>\n<td>A2011HC<\/td>\n<\/tr>\n<tr>\n<td>4560\/4590<\/td>\n<td>R\u00fccklauf<\/td>\n<td>modifizierte Manometer\u00f6ffnung 1\/4\u2033 NPT<\/td>\n<td>3\/8\u2033<\/td>\n<td><\/td>\n<td>A2012HC<\/td>\n<\/tr>\n<tr class=\"GeneralTable-LightBlue\">\n<td>4560<\/td>\n<td>R\u00fccklauf\/ abnehmbarer<br \/>\nKollektor<\/td>\n<td>modifizierte K\u00fchlkreislauf\u00f6ffnung 1\/4\u2033 NPT<\/td>\n<td>3\/8\u2033<\/td>\n<td>150 ml<\/td>\n<td>A2013HC<\/td>\n<\/tr>\n<tr>\n<td>4560<\/td>\n<td>R\u00fccklauf<\/td>\n<td>modifizierte K\u00fchlkreislauf\u00f6ffnung 1\/4\u2033 NPT<\/td>\n<td>3\/8\u2033<\/td>\n<td><\/td>\n<td>A2014HC<\/td>\n<\/tr>\n<tr class=\"GeneralTable-LightBlue\">\n<td>4520\/4530\/4550<\/td>\n<td>R\u00fccklauf\/<br \/>\nabnehmbarer<br \/>\nKollektor<\/td>\n<td>3\/8\u2033 NPT<\/td>\n<td>1\/2\u2033<\/td>\n<td>300 ml<\/td>\n<td>A2001HC<\/td>\n<\/tr>\n<tr>\n<td>4520\/4530\/4550<\/td>\n<td>R\u00fccklauf<\/td>\n<td>3\/8\u2033 NPT<\/td>\n<td>1\/2\u2033<\/td>\n<td><\/td>\n<td>A2002HC<\/td>\n<\/tr>\n<tr class=\"GeneralTable-LightBlue\">\n<td>4530 MD*<\/td>\n<td>R\u00fccklauf\/<br \/>\nabnehmbarer<br \/>\nKollektor<\/td>\n<td>3\/8\u2033 NPT<\/td>\n<td>1\/2\u2033<\/td>\n<td>300 ml<\/td>\n<td>A2003HC<\/td>\n<\/tr>\n<tr>\n<td>4530 MD*<\/td>\n<td>R\u00fccklauf<\/td>\n<td>3\/8\u2033 NPT<\/td>\n<td>1\/2\u2033<\/td>\n<td><\/td>\n<td>A2004HC<\/td>\n<\/tr>\n<tr class=\"GeneralTable-LightBlue\">\n<td>4540\/4570\/4580<\/td>\n<td>R\u00fccklauf\/<br \/>\nabnehmbarer<br \/>\nKollektor<\/td>\n<td>3\/8\u2033 NPT<\/td>\n<td>3\/8\u2033<\/td>\n<td>300 ml<\/td>\n<td>A2016HC<\/td>\n<\/tr>\n<tr>\n<td>4540\/4570\/4580<\/td>\n<td>R\u00fccklauf<\/td>\n<td>3\/8\u2033 NPT<\/td>\n<td>3\/8\u2033<\/td>\n<td><\/td>\n<td>A2017HC<\/td>\n<\/tr>\n<tr class=\"GeneralTable-LightBlue\">\n<td>4555<\/td>\n<td>R\u00fccklauf\/<br \/>\nabnehmbarer<br \/>\nKollektor<\/td>\n<td>1\/2\u2033 NPT<\/td>\n<td>3\/4\u2033<\/td>\n<td>1000 ml<\/td>\n<td>A2018HC<\/td>\n<\/tr>\n<tr>\n<td>4555<\/td>\n<td>R\u00fccklauf<\/td>\n<td>1\/2\u2033 NPT<\/td>\n<td>3\/4\u2033<\/td>\n<td><\/td>\n<td>A2019HC<\/td>\n<\/tr>\n<tr>\n<td style=\"width: 743px;\" colspan=\"6\">* with Mag Drive<\/td>\n<\/tr>\n<\/tbody>\n<\/table>\n<p>&nbsp;<\/p>\n","protected":false},"excerpt":{"rendered":"<p>Parr bietet zwei Arten von Kondensatabscheidern f\u00fcr ger\u00fchrte Reaktoren oder Druckbeh\u00e4lter. Sie k\u00f6nnen passend zu den Reaktoren in verschiedenen Gr\u00f6\u00dfen gefertigt werden. Direkter R\u00fccklaufkondensator Dieser R\u00fccklaufkondensator besteht aus einer langen R\u00f6hre, die unmittelbar an den Beh\u00e4lterkopf angeschlossen wird und von einer wassergek\u00fchlten Ummantelung umgeben ist. Kondensierte Gase k\u00f6nnen direkt in den Beh\u00e4lter zur\u00fcck flie\u00dfen, und [&hellip;]<\/p>\n","protected":false},"author":1,"featured_media":36873,"parent":128,"menu_order":3,"comment_status":"closed","ping_status":"closed","template":"product-wide.php","meta":{"_acf_changed":false,"footnotes":"","_links_to":"","_links_to_target":""},"class_list":["post-3388","page","type-page","status-publish","has-post-thumbnail","hentry"],"acf":[],"yoast_head":"<!-- This site is optimized with the Yoast SEO plugin v27.5 - https:\/\/yoast.com\/product\/yoast-seo-wordpress\/ -->\n<title>Condensers - Parr Instrument GmbH<\/title>\n<meta name=\"robots\" content=\"index, follow, max-snippet:-1, max-image-preview:large, max-video-preview:-1\" \/>\n<link rel=\"canonical\" href=\"https:\/\/www.parrinst.com\/de\/products\/stirred-reactors\/options-accessories\/condensers\/\" \/>\n<meta property=\"og:locale\" content=\"en_US\" \/>\n<meta property=\"og:type\" content=\"article\" \/>\n<meta property=\"og:title\" content=\"Condensers - Parr Instrument GmbH\" \/>\n<meta property=\"og:description\" content=\"Parr bietet zwei Arten von Kondensatabscheidern f\u00fcr ger\u00fchrte Reaktoren oder Druckbeh\u00e4lter. Sie k\u00f6nnen passend zu den Reaktoren in verschiedenen Gr\u00f6\u00dfen gefertigt werden. Direkter R\u00fccklaufkondensator Dieser R\u00fccklaufkondensator besteht aus einer langen R\u00f6hre, die unmittelbar an den Beh\u00e4lterkopf angeschlossen wird und von einer wassergek\u00fchlten Ummantelung umgeben ist. Kondensierte Gase k\u00f6nnen direkt in den Beh\u00e4lter zur\u00fcck flie\u00dfen, und [&hellip;]\" \/>\n<meta property=\"og:url\" content=\"https:\/\/www.parrinst.com\/de\/products\/stirred-reactors\/options-accessories\/condensers\/\" \/>\n<meta property=\"og:site_name\" content=\"Parr Instrument GmbH\" \/>\n<meta property=\"article:modified_time\" content=\"2018-03-06T16:34:21+00:00\" \/>\n<meta property=\"og:image\" content=\"https:\/\/www.parrinst.com\/de\/files\/2017\/12\/parr_banner_stirred3_secondary.jpg\" \/>\n\t<meta property=\"og:image:width\" content=\"2200\" \/>\n\t<meta property=\"og:image:height\" content=\"399\" \/>\n\t<meta property=\"og:image:type\" content=\"image\/jpeg\" \/>\n<meta name=\"twitter:card\" content=\"summary_large_image\" \/>\n<meta name=\"twitter:label1\" content=\"Est. reading time\" \/>\n\t<meta name=\"twitter:data1\" content=\"2 minutes\" \/>\n<script type=\"application\/ld+json\" class=\"yoast-schema-graph\">{\"@context\":\"https:\\\/\\\/schema.org\",\"@graph\":[{\"@type\":\"WebPage\",\"@id\":\"https:\\\/\\\/www.parrinst.com\\\/de\\\/products\\\/stirred-reactors\\\/options-accessories\\\/condensers\\\/\",\"url\":\"https:\\\/\\\/www.parrinst.com\\\/de\\\/products\\\/stirred-reactors\\\/options-accessories\\\/condensers\\\/\",\"name\":\"Condensers - Parr Instrument GmbH\",\"isPartOf\":{\"@id\":\"https:\\\/\\\/www.parrinst.com\\\/de\\\/#website\"},\"primaryImageOfPage\":{\"@id\":\"https:\\\/\\\/www.parrinst.com\\\/de\\\/products\\\/stirred-reactors\\\/options-accessories\\\/condensers\\\/#primaryimage\"},\"image\":{\"@id\":\"https:\\\/\\\/www.parrinst.com\\\/de\\\/products\\\/stirred-reactors\\\/options-accessories\\\/condensers\\\/#primaryimage\"},\"thumbnailUrl\":\"https:\\\/\\\/i0.wp.com\\\/www.parrinst.com\\\/de\\\/wp-content\\\/uploads\\\/sites\\\/6\\\/2017\\\/12\\\/parr_banner_stirred3_secondary.jpg?fit=2200%2C399&ssl=1\",\"datePublished\":\"2011-06-25T01:38:08+00:00\",\"dateModified\":\"2018-03-06T16:34:21+00:00\",\"breadcrumb\":{\"@id\":\"https:\\\/\\\/www.parrinst.com\\\/de\\\/products\\\/stirred-reactors\\\/options-accessories\\\/condensers\\\/#breadcrumb\"},\"inLanguage\":\"en-US\",\"potentialAction\":[{\"@type\":\"ReadAction\",\"target\":[\"https:\\\/\\\/www.parrinst.com\\\/de\\\/products\\\/stirred-reactors\\\/options-accessories\\\/condensers\\\/\"]}]},{\"@type\":\"ImageObject\",\"inLanguage\":\"en-US\",\"@id\":\"https:\\\/\\\/www.parrinst.com\\\/de\\\/products\\\/stirred-reactors\\\/options-accessories\\\/condensers\\\/#primaryimage\",\"url\":\"https:\\\/\\\/i0.wp.com\\\/www.parrinst.com\\\/de\\\/wp-content\\\/uploads\\\/sites\\\/6\\\/2017\\\/12\\\/parr_banner_stirred3_secondary.jpg?fit=2200%2C399&ssl=1\",\"contentUrl\":\"https:\\\/\\\/i0.wp.com\\\/www.parrinst.com\\\/de\\\/wp-content\\\/uploads\\\/sites\\\/6\\\/2017\\\/12\\\/parr_banner_stirred3_secondary.jpg?fit=2200%2C399&ssl=1\",\"width\":2200,\"height\":399},{\"@type\":\"BreadcrumbList\",\"@id\":\"https:\\\/\\\/www.parrinst.com\\\/de\\\/products\\\/stirred-reactors\\\/options-accessories\\\/condensers\\\/#breadcrumb\",\"itemListElement\":[{\"@type\":\"ListItem\",\"position\":1,\"name\":\"Home\",\"item\":\"https:\\\/\\\/www.parrinst.com\\\/de\\\/\"},{\"@type\":\"ListItem\",\"position\":2,\"name\":\"Products\",\"item\":\"https:\\\/\\\/www.parrinst.com\\\/de\\\/products\\\/\"},{\"@type\":\"ListItem\",\"position\":3,\"name\":\"Ger\u00fchrte Reaktoren\",\"item\":\"https:\\\/\\\/www.parrinst.com\\\/de\\\/products\\\/stirred-reactors\\\/\"},{\"@type\":\"ListItem\",\"position\":4,\"name\":\"Zubeh\u00f6r\",\"item\":\"https:\\\/\\\/www.parrinst.com\\\/de\\\/products\\\/stirred-reactors\\\/options-accessories\\\/\"},{\"@type\":\"ListItem\",\"position\":5,\"name\":\"Condensers\"}]},{\"@type\":\"WebSite\",\"@id\":\"https:\\\/\\\/www.parrinst.com\\\/de\\\/#website\",\"url\":\"https:\\\/\\\/www.parrinst.com\\\/de\\\/\",\"name\":\"Parr Instrument GmbH\",\"description\":\"\",\"potentialAction\":[{\"@type\":\"SearchAction\",\"target\":{\"@type\":\"EntryPoint\",\"urlTemplate\":\"https:\\\/\\\/www.parrinst.com\\\/de\\\/?s={search_term_string}\"},\"query-input\":{\"@type\":\"PropertyValueSpecification\",\"valueRequired\":true,\"valueName\":\"search_term_string\"}}],\"inLanguage\":\"en-US\"}]}<\/script>\n<!-- \/ Yoast SEO plugin. -->","yoast_head_json":{"title":"Condensers - Parr Instrument GmbH","robots":{"index":"index","follow":"follow","max-snippet":"max-snippet:-1","max-image-preview":"max-image-preview:large","max-video-preview":"max-video-preview:-1"},"canonical":"https:\/\/www.parrinst.com\/de\/products\/stirred-reactors\/options-accessories\/condensers\/","og_locale":"en_US","og_type":"article","og_title":"Condensers - Parr Instrument GmbH","og_description":"Parr bietet zwei Arten von Kondensatabscheidern f\u00fcr ger\u00fchrte Reaktoren oder Druckbeh\u00e4lter. Sie k\u00f6nnen passend zu den Reaktoren in verschiedenen Gr\u00f6\u00dfen gefertigt werden. Direkter R\u00fccklaufkondensator Dieser R\u00fccklaufkondensator besteht aus einer langen R\u00f6hre, die unmittelbar an den Beh\u00e4lterkopf angeschlossen wird und von einer wassergek\u00fchlten Ummantelung umgeben ist. Kondensierte Gase k\u00f6nnen direkt in den Beh\u00e4lter zur\u00fcck flie\u00dfen, und [&hellip;]","og_url":"https:\/\/www.parrinst.com\/de\/products\/stirred-reactors\/options-accessories\/condensers\/","og_site_name":"Parr Instrument GmbH","article_modified_time":"2018-03-06T16:34:21+00:00","og_image":[{"width":2200,"height":399,"url":"https:\/\/www.parrinst.com\/de\/files\/2017\/12\/parr_banner_stirred3_secondary.jpg","type":"image\/jpeg"}],"twitter_card":"summary_large_image","twitter_misc":{"Est. reading time":"2 minutes"},"schema":{"@context":"https:\/\/schema.org","@graph":[{"@type":"WebPage","@id":"https:\/\/www.parrinst.com\/de\/products\/stirred-reactors\/options-accessories\/condensers\/","url":"https:\/\/www.parrinst.com\/de\/products\/stirred-reactors\/options-accessories\/condensers\/","name":"Condensers - Parr Instrument GmbH","isPartOf":{"@id":"https:\/\/www.parrinst.com\/de\/#website"},"primaryImageOfPage":{"@id":"https:\/\/www.parrinst.com\/de\/products\/stirred-reactors\/options-accessories\/condensers\/#primaryimage"},"image":{"@id":"https:\/\/www.parrinst.com\/de\/products\/stirred-reactors\/options-accessories\/condensers\/#primaryimage"},"thumbnailUrl":"https:\/\/i0.wp.com\/www.parrinst.com\/de\/wp-content\/uploads\/sites\/6\/2017\/12\/parr_banner_stirred3_secondary.jpg?fit=2200%2C399&ssl=1","datePublished":"2011-06-25T01:38:08+00:00","dateModified":"2018-03-06T16:34:21+00:00","breadcrumb":{"@id":"https:\/\/www.parrinst.com\/de\/products\/stirred-reactors\/options-accessories\/condensers\/#breadcrumb"},"inLanguage":"en-US","potentialAction":[{"@type":"ReadAction","target":["https:\/\/www.parrinst.com\/de\/products\/stirred-reactors\/options-accessories\/condensers\/"]}]},{"@type":"ImageObject","inLanguage":"en-US","@id":"https:\/\/www.parrinst.com\/de\/products\/stirred-reactors\/options-accessories\/condensers\/#primaryimage","url":"https:\/\/i0.wp.com\/www.parrinst.com\/de\/wp-content\/uploads\/sites\/6\/2017\/12\/parr_banner_stirred3_secondary.jpg?fit=2200%2C399&ssl=1","contentUrl":"https:\/\/i0.wp.com\/www.parrinst.com\/de\/wp-content\/uploads\/sites\/6\/2017\/12\/parr_banner_stirred3_secondary.jpg?fit=2200%2C399&ssl=1","width":2200,"height":399},{"@type":"BreadcrumbList","@id":"https:\/\/www.parrinst.com\/de\/products\/stirred-reactors\/options-accessories\/condensers\/#breadcrumb","itemListElement":[{"@type":"ListItem","position":1,"name":"Home","item":"https:\/\/www.parrinst.com\/de\/"},{"@type":"ListItem","position":2,"name":"Products","item":"https:\/\/www.parrinst.com\/de\/products\/"},{"@type":"ListItem","position":3,"name":"Ger\u00fchrte Reaktoren","item":"https:\/\/www.parrinst.com\/de\/products\/stirred-reactors\/"},{"@type":"ListItem","position":4,"name":"Zubeh\u00f6r","item":"https:\/\/www.parrinst.com\/de\/products\/stirred-reactors\/options-accessories\/"},{"@type":"ListItem","position":5,"name":"Condensers"}]},{"@type":"WebSite","@id":"https:\/\/www.parrinst.com\/de\/#website","url":"https:\/\/www.parrinst.com\/de\/","name":"Parr Instrument GmbH","description":"","potentialAction":[{"@type":"SearchAction","target":{"@type":"EntryPoint","urlTemplate":"https:\/\/www.parrinst.com\/de\/?s={search_term_string}"},"query-input":{"@type":"PropertyValueSpecification","valueRequired":true,"valueName":"search_term_string"}}],"inLanguage":"en-US"}]}},"jetpack_sharing_enabled":true,"_links":{"self":[{"href":"https:\/\/www.parrinst.com\/de\/wp-json\/wp\/v2\/pages\/3388","targetHints":{"allow":["GET"]}}],"collection":[{"href":"https:\/\/www.parrinst.com\/de\/wp-json\/wp\/v2\/pages"}],"about":[{"href":"https:\/\/www.parrinst.com\/de\/wp-json\/wp\/v2\/types\/page"}],"author":[{"embeddable":true,"href":"https:\/\/www.parrinst.com\/de\/wp-json\/wp\/v2\/users\/1"}],"replies":[{"embeddable":true,"href":"https:\/\/www.parrinst.com\/de\/wp-json\/wp\/v2\/comments?post=3388"}],"version-history":[{"count":6,"href":"https:\/\/www.parrinst.com\/de\/wp-json\/wp\/v2\/pages\/3388\/revisions"}],"predecessor-version":[{"id":38339,"href":"https:\/\/www.parrinst.com\/de\/wp-json\/wp\/v2\/pages\/3388\/revisions\/38339"}],"up":[{"embeddable":true,"href":"https:\/\/www.parrinst.com\/de\/wp-json\/wp\/v2\/pages\/128"}],"wp:featuredmedia":[{"embeddable":true,"href":"https:\/\/www.parrinst.com\/de\/wp-json\/wp\/v2\/media\/36873"}],"wp:attachment":[{"href":"https:\/\/www.parrinst.com\/de\/wp-json\/wp\/v2\/media?parent=3388"}],"curies":[{"name":"wp","href":"https:\/\/api.w.org\/{rel}","templated":true}]}}