{"id":3393,"date":"2011-06-24T20:41:09","date_gmt":"2011-06-25T01:41:09","guid":{"rendered":"https:\/\/www.parrinst.com\/?page_id=3393"},"modified":"2016-08-28T16:07:55","modified_gmt":"2016-08-28T14:07:55","slug":"cooling-coils","status":"publish","type":"page","link":"https:\/\/www.parrinst.com\/de\/products\/stirred-reactors\/options-accessories\/cooling-coils\/","title":{"rendered":"K\u00fchlschlangen"},"content":{"rendered":"\n\t\t\t<div id='3393-1' class='gallery gallery-3393 gallery-columns-1 gallery-size-medium' itemscope itemtype='http:\/\/schema.org\/ImageGallery'>\n\t\t\t\t<div class='gallery-row gallery-col-1 gallery-clear'>\n\t\t\t\t\t<figure class='gallery-item col-1' itemprop='associatedMedia' itemscope itemtype='http:\/\/schema.org\/ImageObject'>\n\t\t\t\t\t\t<div class='gallery-icon portrait'><a href=\"https:\/\/i0.wp.com\/www.parrinst.com\/de\/wp-content\/uploads\/sites\/6\/2011\/06\/cooling-coil-Serpentine-1000mL.jpg?ssl=1\" itemprop=\"contentURL\"><img loading=\"lazy\" decoding=\"async\" width=\"214\" height=\"300\" src=\"https:\/\/i0.wp.com\/www.parrinst.com\/de\/wp-content\/uploads\/sites\/6\/2011\/06\/cooling-coil-Serpentine-1000mL.jpg?fit=214%2C300&amp;ssl=1\" class=\"attachment-medium size-medium\" alt=\"Serpentine Cooling Coil 1000 mL\" srcset=\"https:\/\/i0.wp.com\/www.parrinst.com\/de\/wp-content\/uploads\/sites\/6\/2011\/06\/cooling-coil-Serpentine-1000mL.jpg?w=600&amp;ssl=1 600w, https:\/\/i0.wp.com\/www.parrinst.com\/de\/wp-content\/uploads\/sites\/6\/2011\/06\/cooling-coil-Serpentine-1000mL.jpg?resize=107%2C150&amp;ssl=1 107w, https:\/\/i0.wp.com\/www.parrinst.com\/de\/wp-content\/uploads\/sites\/6\/2011\/06\/cooling-coil-Serpentine-1000mL.jpg?resize=214%2C300&amp;ssl=1 214w\" sizes=\"auto, (max-width: 214px) 100vw, 214px\" itemprop=\"thumbnail\" \/><\/a><\/div>\n\t\t\t\t\t<\/figure>\n\t\t\t\t<\/div>\n\t\t\t\t<div class='gallery-row gallery-col-1 gallery-clear'>\n\t\t\t\t\t<figure class='gallery-item col-1' itemprop='associatedMedia' itemscope itemtype='http:\/\/schema.org\/ImageObject'>\n\t\t\t\t\t\t<div class='gallery-icon portrait'><a href=\"https:\/\/i0.wp.com\/www.parrinst.com\/de\/wp-content\/uploads\/sites\/6\/2011\/06\/cooling-coil-Spiral-1000mL.jpg?ssl=1\" itemprop=\"contentURL\"><img loading=\"lazy\" decoding=\"async\" width=\"214\" height=\"300\" src=\"https:\/\/i0.wp.com\/www.parrinst.com\/de\/wp-content\/uploads\/sites\/6\/2011\/06\/cooling-coil-Spiral-1000mL.jpg?fit=214%2C300&amp;ssl=1\" class=\"attachment-medium size-medium\" alt=\"Spiral Cooling Coil 1000 mL\" srcset=\"https:\/\/i0.wp.com\/www.parrinst.com\/de\/wp-content\/uploads\/sites\/6\/2011\/06\/cooling-coil-Spiral-1000mL.jpg?w=600&amp;ssl=1 600w, https:\/\/i0.wp.com\/www.parrinst.com\/de\/wp-content\/uploads\/sites\/6\/2011\/06\/cooling-coil-Spiral-1000mL.jpg?resize=107%2C150&amp;ssl=1 107w, https:\/\/i0.wp.com\/www.parrinst.com\/de\/wp-content\/uploads\/sites\/6\/2011\/06\/cooling-coil-Spiral-1000mL.jpg?resize=214%2C300&amp;ssl=1 214w\" sizes=\"auto, (max-width: 214px) 100vw, 214px\" itemprop=\"thumbnail\" \/><\/a><\/div>\n\t\t\t\t\t<\/figure>\n\t\t\t\t<\/div>\n\t\t\t<\/div><!-- .gallery -->\n\n<p>Interne K\u00fchlschlangen sind &#8211; au\u00dfer f\u00fcr die kleinsten &#8211; f\u00fcr alle Parr Reaktoren erh\u00e4ltlich. Die Spulen sind ein h\u00f6chst effizientes Mittel, W\u00e4rme aus dem Druckbeh\u00e4lter abzuf\u00fchren, um zum Beispiel eine exotherme Reaktion zu kontrollieren oder den Reaktor am Ende einer Testreihe abzuk\u00fchlen. Die W\u00e4rme kann durch die relativ d\u00fcnnen W\u00e4nde der K\u00fchlschlange leichter transportiert werden als durch die dicken Beh\u00e4lterw\u00e4nde, so dass das K\u00fchlen  generell viel schneller geht  als das Aufheizen, insbesondere bei Temperaturen \u00fcber 80\u00b0C. Normalerweise wird Wasser als K\u00fchlmedium verwendet, aber f\u00fcr eine moderate K\u00fchlleistung kann auch Druckluft benutzt werden. Die K\u00fchlschlangen werden in drei Standardkonfigurationen angeboten:<\/p>\n<h3>Einzelschleife<\/h3>\n<p>Einzelschleifen-K\u00fchlschlangen bestehen aus einer vertikal verlaufenden R\u00f6hrenf\u00fchrung  in Form einer  U-Spule.  Diese Bauart wird meist in kleineren Reaktoren verwendet, wo nicht viel Platz zur Verf\u00fcgung steht.<\/p>\n<h3>Serpentinen<\/h3>\n<p>Serpentinen-K\u00fchlschlangen bestehen aus sechs bis acht vertikal verlaufenden Windungen, die gleichm\u00e4\u00dfig auf dem Beh\u00e4lterumfang verteilt sind. Sie bieten eine ausreichende Oberfl\u00e4che, minimale Beeinflussung der R\u00fchrschaufeln, eine gute Durchmischung und sind einfach zu s\u00e4ubern und zu warten.<\/p>\n<h3>Spiralwicklungen<\/h3>\n<p>Die Spiralwicklungen bestehen aus mehreren Schleifen, die direkt an der Innenseite des Beh\u00e4lters entlang verlaufen. Sie sind serienm\u00e4\u00dfig nur f\u00fcr Druckbeh\u00e4lter mit einem Innendurchmesser von 4 und 6 Zoll verf\u00fcgbar, auf Wunsch k\u00f6nnen aber auch andere Gr\u00f6\u00dfen speziell hergestellt werden. Diese Wicklungen bieten eine maximale Oberfl\u00e4che zur K\u00fchlung, aber unter Umst\u00e4nden k\u00f6nnen sie ein gleichm\u00e4\u00dfiges R\u00fchren behindern und die Reinigung erschweren.<\/p>\n<p>Die Art der Wicklung wird  durch die individuellen Reaktoreigenschaften bestimmt. Bei manchen Reaktoren geh\u00f6ren K\u00fchlschlangen zur Serienausstattung, w\u00e4hrend sie bei anderen Reaktoren optional dazu geordert werden k\u00f6nnen.<\/p>\n<p>K\u00fchlschlangen sind in den gleichen Materialien erh\u00e4ltlich wie die Reaktoren. Falls keine K\u00fchlung  erforderlich ist, k\u00f6nnen alle K\u00fchlschlangen ausgebaut werden. F\u00fcr die Anschluss\u00f6ffnungen im Reaktorkopf sind Verschlussstopfen erh\u00e4ltlich, in den meisten F\u00e4llen k\u00f6nnen die \u00d6ffnungen auch als zus\u00e4tzlicher Einlass\/Auslass verwendet werden.<\/p>\n","protected":false},"excerpt":{"rendered":"<p>Interne K\u00fchlschlangen sind &#8211; au\u00dfer f\u00fcr die kleinsten &#8211; f\u00fcr alle Parr Reaktoren erh\u00e4ltlich. Die Spulen sind ein h\u00f6chst effizientes Mittel, W\u00e4rme aus dem Druckbeh\u00e4lter abzuf\u00fchren, um zum Beispiel eine exotherme Reaktion zu kontrollieren oder den Reaktor am Ende einer Testreihe abzuk\u00fchlen. Die W\u00e4rme kann durch die relativ d\u00fcnnen W\u00e4nde der K\u00fchlschlange leichter transportiert werden [&hellip;]<\/p>\n","protected":false},"author":1,"featured_media":36873,"parent":128,"menu_order":5,"comment_status":"closed","ping_status":"closed","template":"product-wide.php","meta":{"_acf_changed":false,"footnotes":"","_links_to":"","_links_to_target":""},"class_list":["post-3393","page","type-page","status-publish","has-post-thumbnail","hentry"],"acf":[],"yoast_head":"<!-- This site is optimized with the Yoast SEO plugin v27.5 - https:\/\/yoast.com\/product\/yoast-seo-wordpress\/ -->\n<title>K\u00fchlschlangen - Parr Instrument GmbH<\/title>\n<meta name=\"robots\" content=\"index, follow, max-snippet:-1, max-image-preview:large, max-video-preview:-1\" \/>\n<link rel=\"canonical\" href=\"https:\/\/www.parrinst.com\/de\/products\/stirred-reactors\/options-accessories\/cooling-coils\/\" \/>\n<meta property=\"og:locale\" content=\"en_US\" \/>\n<meta property=\"og:type\" content=\"article\" \/>\n<meta property=\"og:title\" content=\"K\u00fchlschlangen - Parr Instrument GmbH\" \/>\n<meta property=\"og:description\" content=\"Interne K\u00fchlschlangen sind &#8211; au\u00dfer f\u00fcr die kleinsten &#8211; f\u00fcr alle Parr Reaktoren erh\u00e4ltlich. Die Spulen sind ein h\u00f6chst effizientes Mittel, W\u00e4rme aus dem Druckbeh\u00e4lter abzuf\u00fchren, um zum Beispiel eine exotherme Reaktion zu kontrollieren oder den Reaktor am Ende einer Testreihe abzuk\u00fchlen. Die W\u00e4rme kann durch die relativ d\u00fcnnen W\u00e4nde der K\u00fchlschlange leichter transportiert werden [&hellip;]\" \/>\n<meta property=\"og:url\" content=\"https:\/\/www.parrinst.com\/de\/products\/stirred-reactors\/options-accessories\/cooling-coils\/\" \/>\n<meta property=\"og:site_name\" content=\"Parr Instrument GmbH\" \/>\n<meta property=\"article:modified_time\" content=\"2016-08-28T14:07:55+00:00\" \/>\n<meta property=\"og:image\" content=\"https:\/\/www.parrinst.com\/de\/files\/2017\/12\/parr_banner_stirred3_secondary.jpg\" \/>\n\t<meta property=\"og:image:width\" content=\"2200\" \/>\n\t<meta property=\"og:image:height\" content=\"399\" \/>\n\t<meta property=\"og:image:type\" content=\"image\/jpeg\" \/>\n<meta name=\"twitter:card\" content=\"summary_large_image\" \/>\n<meta name=\"twitter:label1\" content=\"Est. reading time\" \/>\n\t<meta name=\"twitter:data1\" content=\"2 minutes\" \/>\n<script type=\"application\/ld+json\" class=\"yoast-schema-graph\">{\"@context\":\"https:\\\/\\\/schema.org\",\"@graph\":[{\"@type\":\"WebPage\",\"@id\":\"https:\\\/\\\/www.parrinst.com\\\/de\\\/products\\\/stirred-reactors\\\/options-accessories\\\/cooling-coils\\\/\",\"url\":\"https:\\\/\\\/www.parrinst.com\\\/de\\\/products\\\/stirred-reactors\\\/options-accessories\\\/cooling-coils\\\/\",\"name\":\"K\u00fchlschlangen - Parr Instrument GmbH\",\"isPartOf\":{\"@id\":\"https:\\\/\\\/www.parrinst.com\\\/de\\\/#website\"},\"primaryImageOfPage\":{\"@id\":\"https:\\\/\\\/www.parrinst.com\\\/de\\\/products\\\/stirred-reactors\\\/options-accessories\\\/cooling-coils\\\/#primaryimage\"},\"image\":{\"@id\":\"https:\\\/\\\/www.parrinst.com\\\/de\\\/products\\\/stirred-reactors\\\/options-accessories\\\/cooling-coils\\\/#primaryimage\"},\"thumbnailUrl\":\"https:\\\/\\\/i0.wp.com\\\/www.parrinst.com\\\/de\\\/wp-content\\\/uploads\\\/sites\\\/6\\\/2017\\\/12\\\/parr_banner_stirred3_secondary.jpg?fit=2200%2C399&ssl=1\",\"datePublished\":\"2011-06-25T01:41:09+00:00\",\"dateModified\":\"2016-08-28T14:07:55+00:00\",\"breadcrumb\":{\"@id\":\"https:\\\/\\\/www.parrinst.com\\\/de\\\/products\\\/stirred-reactors\\\/options-accessories\\\/cooling-coils\\\/#breadcrumb\"},\"inLanguage\":\"en-US\",\"potentialAction\":[{\"@type\":\"ReadAction\",\"target\":[\"https:\\\/\\\/www.parrinst.com\\\/de\\\/products\\\/stirred-reactors\\\/options-accessories\\\/cooling-coils\\\/\"]}]},{\"@type\":\"ImageObject\",\"inLanguage\":\"en-US\",\"@id\":\"https:\\\/\\\/www.parrinst.com\\\/de\\\/products\\\/stirred-reactors\\\/options-accessories\\\/cooling-coils\\\/#primaryimage\",\"url\":\"https:\\\/\\\/i0.wp.com\\\/www.parrinst.com\\\/de\\\/wp-content\\\/uploads\\\/sites\\\/6\\\/2017\\\/12\\\/parr_banner_stirred3_secondary.jpg?fit=2200%2C399&ssl=1\",\"contentUrl\":\"https:\\\/\\\/i0.wp.com\\\/www.parrinst.com\\\/de\\\/wp-content\\\/uploads\\\/sites\\\/6\\\/2017\\\/12\\\/parr_banner_stirred3_secondary.jpg?fit=2200%2C399&ssl=1\",\"width\":2200,\"height\":399},{\"@type\":\"BreadcrumbList\",\"@id\":\"https:\\\/\\\/www.parrinst.com\\\/de\\\/products\\\/stirred-reactors\\\/options-accessories\\\/cooling-coils\\\/#breadcrumb\",\"itemListElement\":[{\"@type\":\"ListItem\",\"position\":1,\"name\":\"Home\",\"item\":\"https:\\\/\\\/www.parrinst.com\\\/de\\\/\"},{\"@type\":\"ListItem\",\"position\":2,\"name\":\"Products\",\"item\":\"https:\\\/\\\/www.parrinst.com\\\/de\\\/products\\\/\"},{\"@type\":\"ListItem\",\"position\":3,\"name\":\"Ger\u00fchrte Reaktoren\",\"item\":\"https:\\\/\\\/www.parrinst.com\\\/de\\\/products\\\/stirred-reactors\\\/\"},{\"@type\":\"ListItem\",\"position\":4,\"name\":\"Zubeh\u00f6r\",\"item\":\"https:\\\/\\\/www.parrinst.com\\\/de\\\/products\\\/stirred-reactors\\\/options-accessories\\\/\"},{\"@type\":\"ListItem\",\"position\":5,\"name\":\"K\u00fchlschlangen\"}]},{\"@type\":\"WebSite\",\"@id\":\"https:\\\/\\\/www.parrinst.com\\\/de\\\/#website\",\"url\":\"https:\\\/\\\/www.parrinst.com\\\/de\\\/\",\"name\":\"Parr Instrument GmbH\",\"description\":\"\",\"potentialAction\":[{\"@type\":\"SearchAction\",\"target\":{\"@type\":\"EntryPoint\",\"urlTemplate\":\"https:\\\/\\\/www.parrinst.com\\\/de\\\/?s={search_term_string}\"},\"query-input\":{\"@type\":\"PropertyValueSpecification\",\"valueRequired\":true,\"valueName\":\"search_term_string\"}}],\"inLanguage\":\"en-US\"}]}<\/script>\n<!-- \/ Yoast SEO plugin. -->","yoast_head_json":{"title":"K\u00fchlschlangen - Parr Instrument GmbH","robots":{"index":"index","follow":"follow","max-snippet":"max-snippet:-1","max-image-preview":"max-image-preview:large","max-video-preview":"max-video-preview:-1"},"canonical":"https:\/\/www.parrinst.com\/de\/products\/stirred-reactors\/options-accessories\/cooling-coils\/","og_locale":"en_US","og_type":"article","og_title":"K\u00fchlschlangen - Parr Instrument GmbH","og_description":"Interne K\u00fchlschlangen sind &#8211; au\u00dfer f\u00fcr die kleinsten &#8211; f\u00fcr alle Parr Reaktoren erh\u00e4ltlich. Die Spulen sind ein h\u00f6chst effizientes Mittel, W\u00e4rme aus dem Druckbeh\u00e4lter abzuf\u00fchren, um zum Beispiel eine exotherme Reaktion zu kontrollieren oder den Reaktor am Ende einer Testreihe abzuk\u00fchlen. Die W\u00e4rme kann durch die relativ d\u00fcnnen W\u00e4nde der K\u00fchlschlange leichter transportiert werden [&hellip;]","og_url":"https:\/\/www.parrinst.com\/de\/products\/stirred-reactors\/options-accessories\/cooling-coils\/","og_site_name":"Parr Instrument GmbH","article_modified_time":"2016-08-28T14:07:55+00:00","og_image":[{"width":2200,"height":399,"url":"https:\/\/www.parrinst.com\/de\/files\/2017\/12\/parr_banner_stirred3_secondary.jpg","type":"image\/jpeg"}],"twitter_card":"summary_large_image","twitter_misc":{"Est. reading time":"2 minutes"},"schema":{"@context":"https:\/\/schema.org","@graph":[{"@type":"WebPage","@id":"https:\/\/www.parrinst.com\/de\/products\/stirred-reactors\/options-accessories\/cooling-coils\/","url":"https:\/\/www.parrinst.com\/de\/products\/stirred-reactors\/options-accessories\/cooling-coils\/","name":"K\u00fchlschlangen - Parr Instrument GmbH","isPartOf":{"@id":"https:\/\/www.parrinst.com\/de\/#website"},"primaryImageOfPage":{"@id":"https:\/\/www.parrinst.com\/de\/products\/stirred-reactors\/options-accessories\/cooling-coils\/#primaryimage"},"image":{"@id":"https:\/\/www.parrinst.com\/de\/products\/stirred-reactors\/options-accessories\/cooling-coils\/#primaryimage"},"thumbnailUrl":"https:\/\/i0.wp.com\/www.parrinst.com\/de\/wp-content\/uploads\/sites\/6\/2017\/12\/parr_banner_stirred3_secondary.jpg?fit=2200%2C399&ssl=1","datePublished":"2011-06-25T01:41:09+00:00","dateModified":"2016-08-28T14:07:55+00:00","breadcrumb":{"@id":"https:\/\/www.parrinst.com\/de\/products\/stirred-reactors\/options-accessories\/cooling-coils\/#breadcrumb"},"inLanguage":"en-US","potentialAction":[{"@type":"ReadAction","target":["https:\/\/www.parrinst.com\/de\/products\/stirred-reactors\/options-accessories\/cooling-coils\/"]}]},{"@type":"ImageObject","inLanguage":"en-US","@id":"https:\/\/www.parrinst.com\/de\/products\/stirred-reactors\/options-accessories\/cooling-coils\/#primaryimage","url":"https:\/\/i0.wp.com\/www.parrinst.com\/de\/wp-content\/uploads\/sites\/6\/2017\/12\/parr_banner_stirred3_secondary.jpg?fit=2200%2C399&ssl=1","contentUrl":"https:\/\/i0.wp.com\/www.parrinst.com\/de\/wp-content\/uploads\/sites\/6\/2017\/12\/parr_banner_stirred3_secondary.jpg?fit=2200%2C399&ssl=1","width":2200,"height":399},{"@type":"BreadcrumbList","@id":"https:\/\/www.parrinst.com\/de\/products\/stirred-reactors\/options-accessories\/cooling-coils\/#breadcrumb","itemListElement":[{"@type":"ListItem","position":1,"name":"Home","item":"https:\/\/www.parrinst.com\/de\/"},{"@type":"ListItem","position":2,"name":"Products","item":"https:\/\/www.parrinst.com\/de\/products\/"},{"@type":"ListItem","position":3,"name":"Ger\u00fchrte Reaktoren","item":"https:\/\/www.parrinst.com\/de\/products\/stirred-reactors\/"},{"@type":"ListItem","position":4,"name":"Zubeh\u00f6r","item":"https:\/\/www.parrinst.com\/de\/products\/stirred-reactors\/options-accessories\/"},{"@type":"ListItem","position":5,"name":"K\u00fchlschlangen"}]},{"@type":"WebSite","@id":"https:\/\/www.parrinst.com\/de\/#website","url":"https:\/\/www.parrinst.com\/de\/","name":"Parr Instrument GmbH","description":"","potentialAction":[{"@type":"SearchAction","target":{"@type":"EntryPoint","urlTemplate":"https:\/\/www.parrinst.com\/de\/?s={search_term_string}"},"query-input":{"@type":"PropertyValueSpecification","valueRequired":true,"valueName":"search_term_string"}}],"inLanguage":"en-US"}]}},"jetpack_sharing_enabled":true,"_links":{"self":[{"href":"https:\/\/www.parrinst.com\/de\/wp-json\/wp\/v2\/pages\/3393","targetHints":{"allow":["GET"]}}],"collection":[{"href":"https:\/\/www.parrinst.com\/de\/wp-json\/wp\/v2\/pages"}],"about":[{"href":"https:\/\/www.parrinst.com\/de\/wp-json\/wp\/v2\/types\/page"}],"author":[{"embeddable":true,"href":"https:\/\/www.parrinst.com\/de\/wp-json\/wp\/v2\/users\/1"}],"replies":[{"embeddable":true,"href":"https:\/\/www.parrinst.com\/de\/wp-json\/wp\/v2\/comments?post=3393"}],"version-history":[{"count":0,"href":"https:\/\/www.parrinst.com\/de\/wp-json\/wp\/v2\/pages\/3393\/revisions"}],"up":[{"embeddable":true,"href":"https:\/\/www.parrinst.com\/de\/wp-json\/wp\/v2\/pages\/128"}],"wp:featuredmedia":[{"embeddable":true,"href":"https:\/\/www.parrinst.com\/de\/wp-json\/wp\/v2\/media\/36873"}],"wp:attachment":[{"href":"https:\/\/www.parrinst.com\/de\/wp-json\/wp\/v2\/media?parent=3393"}],"curies":[{"name":"wp","href":"https:\/\/api.w.org\/{rel}","templated":true}]}}