{"id":3397,"date":"2011-06-24T20:45:41","date_gmt":"2011-06-25T01:45:41","guid":{"rendered":"https:\/\/www.parrinst.com\/?page_id=3397"},"modified":"2016-08-28T16:10:23","modified_gmt":"2016-08-28T14:10:23","slug":"external-valves-and-fittings","status":"publish","type":"page","link":"https:\/\/www.parrinst.com\/de\/products\/stirred-reactors\/options-accessories\/external-valves-and-fittings\/","title":{"rendered":"Externe Ventile und Anschl\u00fcsse"},"content":{"rendered":"<h3>Materialien<\/h3>\n<p>Standardm\u00e4\u00dfig werden Ventile, Manometer, Magnetantrieb und andere \u00e4u\u00dfere Anbauteile an den Parr Reaktoren aus rostfreiem Edelstahl gefertigt, auch wenn f\u00fcr den Zylinder, den Kopf und die inneren, benetzten Teile andere Materialien gew\u00e4hlt wurden. Die \u00e4u\u00dferen rostfreien Komponenten kommen typischerweise nur mit Gasen der Reagenzien in Ber\u00fchrung, und die Temperaturen sind  viel geringer als im Zylinder und an den internen Anschl\u00fcssen. Daher ist rostfreier Edelstahl f\u00fcr die \u00e4u\u00dferen Passungen in den meisten F\u00e4llen vollkommen ausreichend. Falls die \u00e4u\u00dferen Teile aus einem anderen Material hergestellt werden m\u00fcssen, zum Beispiel aus Sicherheitsgr\u00fcnden, kann Parr diesem Wunsch in den meisten F\u00e4llen nachkommen. Alle Anforderungen an die Materialien der \u00e4u\u00dferen Anbauteile m\u00fcssen bei der Bestellung klar und deutlich aufgezeigt werden.<\/p>\n<h3>Ventile<\/h3>\n<p>Die meisten Reaktorventile werden aus Alloy 400 gefertigt;  auch rostfreier Edelstahl ist bei einem geringen Aufpreis erh\u00e4ltlich. Ebenso m\u00f6glich sind Ventile aus Alloy C-276, aber nur bei speziellen Reaktorkonstruktionen und f\u00fcr einen deutlichen Mehrpreis. Ventile aus Titan oder Zirkon arbeiten generell nicht so zuverl\u00e4ssig.<\/p>\n<h3>Manometer<\/h3>\n<p>Druckmanometer sind nur in den Werkstoffen Alloy 400 und rostfreier Edelstahl erh\u00e4ltlich. Zum Schutz des Manometers in korrosiven Umgebungen wird eine sch\u00fctzende Membran angebracht. Diese flexible H\u00fclle isoliert das Manometer von den verwendeten Reagenzien und verf\u00fcgt \u00fcber einen abgedichteten Hydraulikanschluss f\u00fcr die Druckversorgung des Manometers. Solche Baueinheiten sind allerdings zu gro\u00df f\u00fcr die meisten Reaktoren und k\u00f6nnen nur in den gr\u00f6\u00dften Parr Reaktoren eingesetzt werden. <\/p>\n<p>Als Alternative hat Parr einen \u00f6lgef\u00fcllten Kolbenisolator entwickelt, der das Manometer (und gegebenenfalls auch den Drucksensor) sch\u00fctzt und der auch an kleinen Reaktoren und Druckbeh\u00e4ltern mit begrenztem Platzangebot angebracht werden kann. Diese Isolatoren k\u00f6nnen aus allen Parr Werkstoffen hergestellt werden.<\/p>\n<h3>Drucksensoren<\/h3>\n<p>Die Drucksensoren sind nur aus rostfreiem Edelstahl und aus Alloy C-276 erh\u00e4ltlich. Parr bietet einen Anschlussadapter mit einem Wasserk\u00fchlmantel f\u00fcr den Drucksensor zum Schutz vor zu hohen Temperaturen an. Wenn Korrosionsschutz verlangt wird, k\u00f6nnen die Sensoren au\u00dferdem mit einem Kolbenisolator \u00e4hnlich dem Manometer-Schutz  ausgef\u00fchrt werden. Werden sowohl Manometer als auch Drucksensoren verbaut, so kann ein einziger Isolator verwendet werden, der beide Bauteile sch\u00fctzt.<\/p>\n<h3>Magnetantrieb<\/h3>\n<p>Der Magnetantrieb kann aus allen Werkstoffen von Parr hergestellt werden, au\u00dfer aus Nickel, da dieses selbst magnetisch ist.<\/p>\n<h3>Berstscheiben<\/h3>\n<p>Das g\u00e4ngige Material f\u00fcr die Herstellung von Berstscheiben ist Alloy 600. Eine Goldbeschichtung ist f\u00fcr die kleineren Scheiben, die in den Beh\u00e4ltern bis 2 Liter verwendet werden, verf\u00fcgbar. Auf speziellen Wunsch sind auch Alloy C-276, Tantal oder andere Premium-Materialien erh\u00e4ltlich.<\/p>\n<h3><\/h3>\n","protected":false},"excerpt":{"rendered":"<p>Materialien Standardm\u00e4\u00dfig werden Ventile, Manometer, Magnetantrieb und andere \u00e4u\u00dfere Anbauteile an den Parr Reaktoren aus rostfreiem Edelstahl gefertigt, auch wenn f\u00fcr den Zylinder, den Kopf und die inneren, benetzten Teile andere Materialien gew\u00e4hlt wurden. Die \u00e4u\u00dferen rostfreien Komponenten kommen typischerweise nur mit Gasen der Reagenzien in Ber\u00fchrung, und die Temperaturen sind viel geringer als im [&hellip;]<\/p>\n","protected":false},"author":1,"featured_media":36873,"parent":128,"menu_order":8,"comment_status":"closed","ping_status":"closed","template":"product-wide.php","meta":{"_acf_changed":false,"footnotes":"","_links_to":"","_links_to_target":""},"class_list":["post-3397","page","type-page","status-publish","has-post-thumbnail","hentry"],"acf":[],"yoast_head":"<!-- This site is optimized with the Yoast SEO plugin v27.5 - https:\/\/yoast.com\/product\/yoast-seo-wordpress\/ -->\n<title>Externe Ventile und Anschl\u00fcsse - Parr Instrument GmbH<\/title>\n<meta name=\"robots\" content=\"index, follow, max-snippet:-1, max-image-preview:large, max-video-preview:-1\" \/>\n<link rel=\"canonical\" href=\"https:\/\/www.parrinst.com\/de\/products\/stirred-reactors\/options-accessories\/external-valves-and-fittings\/\" \/>\n<meta property=\"og:locale\" content=\"en_US\" \/>\n<meta property=\"og:type\" content=\"article\" \/>\n<meta property=\"og:title\" content=\"Externe Ventile und Anschl\u00fcsse - Parr Instrument GmbH\" \/>\n<meta property=\"og:description\" content=\"Materialien Standardm\u00e4\u00dfig werden Ventile, Manometer, Magnetantrieb und andere \u00e4u\u00dfere Anbauteile an den Parr Reaktoren aus rostfreiem Edelstahl gefertigt, auch wenn f\u00fcr den Zylinder, den Kopf und die inneren, benetzten Teile andere Materialien gew\u00e4hlt wurden. Die \u00e4u\u00dferen rostfreien Komponenten kommen typischerweise nur mit Gasen der Reagenzien in Ber\u00fchrung, und die Temperaturen sind viel geringer als im [&hellip;]\" \/>\n<meta property=\"og:url\" content=\"https:\/\/www.parrinst.com\/de\/products\/stirred-reactors\/options-accessories\/external-valves-and-fittings\/\" \/>\n<meta property=\"og:site_name\" content=\"Parr Instrument GmbH\" \/>\n<meta property=\"article:modified_time\" content=\"2016-08-28T14:10:23+00:00\" \/>\n<meta property=\"og:image\" content=\"https:\/\/www.parrinst.com\/de\/files\/2017\/12\/parr_banner_stirred3_secondary.jpg\" \/>\n\t<meta property=\"og:image:width\" content=\"2200\" \/>\n\t<meta property=\"og:image:height\" content=\"399\" \/>\n\t<meta property=\"og:image:type\" content=\"image\/jpeg\" \/>\n<meta name=\"twitter:card\" content=\"summary_large_image\" \/>\n<meta name=\"twitter:label1\" content=\"Est. reading time\" \/>\n\t<meta name=\"twitter:data1\" content=\"2 minutes\" \/>\n<script type=\"application\/ld+json\" class=\"yoast-schema-graph\">{\"@context\":\"https:\\\/\\\/schema.org\",\"@graph\":[{\"@type\":\"WebPage\",\"@id\":\"https:\\\/\\\/www.parrinst.com\\\/de\\\/products\\\/stirred-reactors\\\/options-accessories\\\/external-valves-and-fittings\\\/\",\"url\":\"https:\\\/\\\/www.parrinst.com\\\/de\\\/products\\\/stirred-reactors\\\/options-accessories\\\/external-valves-and-fittings\\\/\",\"name\":\"Externe Ventile und Anschl\u00fcsse - Parr Instrument GmbH\",\"isPartOf\":{\"@id\":\"https:\\\/\\\/www.parrinst.com\\\/de\\\/#website\"},\"primaryImageOfPage\":{\"@id\":\"https:\\\/\\\/www.parrinst.com\\\/de\\\/products\\\/stirred-reactors\\\/options-accessories\\\/external-valves-and-fittings\\\/#primaryimage\"},\"image\":{\"@id\":\"https:\\\/\\\/www.parrinst.com\\\/de\\\/products\\\/stirred-reactors\\\/options-accessories\\\/external-valves-and-fittings\\\/#primaryimage\"},\"thumbnailUrl\":\"https:\\\/\\\/i0.wp.com\\\/www.parrinst.com\\\/de\\\/wp-content\\\/uploads\\\/sites\\\/6\\\/2017\\\/12\\\/parr_banner_stirred3_secondary.jpg?fit=2200%2C399&ssl=1\",\"datePublished\":\"2011-06-25T01:45:41+00:00\",\"dateModified\":\"2016-08-28T14:10:23+00:00\",\"breadcrumb\":{\"@id\":\"https:\\\/\\\/www.parrinst.com\\\/de\\\/products\\\/stirred-reactors\\\/options-accessories\\\/external-valves-and-fittings\\\/#breadcrumb\"},\"inLanguage\":\"en-US\",\"potentialAction\":[{\"@type\":\"ReadAction\",\"target\":[\"https:\\\/\\\/www.parrinst.com\\\/de\\\/products\\\/stirred-reactors\\\/options-accessories\\\/external-valves-and-fittings\\\/\"]}]},{\"@type\":\"ImageObject\",\"inLanguage\":\"en-US\",\"@id\":\"https:\\\/\\\/www.parrinst.com\\\/de\\\/products\\\/stirred-reactors\\\/options-accessories\\\/external-valves-and-fittings\\\/#primaryimage\",\"url\":\"https:\\\/\\\/i0.wp.com\\\/www.parrinst.com\\\/de\\\/wp-content\\\/uploads\\\/sites\\\/6\\\/2017\\\/12\\\/parr_banner_stirred3_secondary.jpg?fit=2200%2C399&ssl=1\",\"contentUrl\":\"https:\\\/\\\/i0.wp.com\\\/www.parrinst.com\\\/de\\\/wp-content\\\/uploads\\\/sites\\\/6\\\/2017\\\/12\\\/parr_banner_stirred3_secondary.jpg?fit=2200%2C399&ssl=1\",\"width\":2200,\"height\":399},{\"@type\":\"BreadcrumbList\",\"@id\":\"https:\\\/\\\/www.parrinst.com\\\/de\\\/products\\\/stirred-reactors\\\/options-accessories\\\/external-valves-and-fittings\\\/#breadcrumb\",\"itemListElement\":[{\"@type\":\"ListItem\",\"position\":1,\"name\":\"Home\",\"item\":\"https:\\\/\\\/www.parrinst.com\\\/de\\\/\"},{\"@type\":\"ListItem\",\"position\":2,\"name\":\"Products\",\"item\":\"https:\\\/\\\/www.parrinst.com\\\/de\\\/products\\\/\"},{\"@type\":\"ListItem\",\"position\":3,\"name\":\"Ger\u00fchrte Reaktoren\",\"item\":\"https:\\\/\\\/www.parrinst.com\\\/de\\\/products\\\/stirred-reactors\\\/\"},{\"@type\":\"ListItem\",\"position\":4,\"name\":\"Zubeh\u00f6r\",\"item\":\"https:\\\/\\\/www.parrinst.com\\\/de\\\/products\\\/stirred-reactors\\\/options-accessories\\\/\"},{\"@type\":\"ListItem\",\"position\":5,\"name\":\"Externe Ventile und Anschl\u00fcsse\"}]},{\"@type\":\"WebSite\",\"@id\":\"https:\\\/\\\/www.parrinst.com\\\/de\\\/#website\",\"url\":\"https:\\\/\\\/www.parrinst.com\\\/de\\\/\",\"name\":\"Parr Instrument GmbH\",\"description\":\"\",\"potentialAction\":[{\"@type\":\"SearchAction\",\"target\":{\"@type\":\"EntryPoint\",\"urlTemplate\":\"https:\\\/\\\/www.parrinst.com\\\/de\\\/?s={search_term_string}\"},\"query-input\":{\"@type\":\"PropertyValueSpecification\",\"valueRequired\":true,\"valueName\":\"search_term_string\"}}],\"inLanguage\":\"en-US\"}]}<\/script>\n<!-- \/ Yoast SEO plugin. -->","yoast_head_json":{"title":"Externe Ventile und Anschl\u00fcsse - Parr Instrument GmbH","robots":{"index":"index","follow":"follow","max-snippet":"max-snippet:-1","max-image-preview":"max-image-preview:large","max-video-preview":"max-video-preview:-1"},"canonical":"https:\/\/www.parrinst.com\/de\/products\/stirred-reactors\/options-accessories\/external-valves-and-fittings\/","og_locale":"en_US","og_type":"article","og_title":"Externe Ventile und Anschl\u00fcsse - Parr Instrument GmbH","og_description":"Materialien Standardm\u00e4\u00dfig werden Ventile, Manometer, Magnetantrieb und andere \u00e4u\u00dfere Anbauteile an den Parr Reaktoren aus rostfreiem Edelstahl gefertigt, auch wenn f\u00fcr den Zylinder, den Kopf und die inneren, benetzten Teile andere Materialien gew\u00e4hlt wurden. Die \u00e4u\u00dferen rostfreien Komponenten kommen typischerweise nur mit Gasen der Reagenzien in Ber\u00fchrung, und die Temperaturen sind viel geringer als im [&hellip;]","og_url":"https:\/\/www.parrinst.com\/de\/products\/stirred-reactors\/options-accessories\/external-valves-and-fittings\/","og_site_name":"Parr Instrument GmbH","article_modified_time":"2016-08-28T14:10:23+00:00","og_image":[{"width":2200,"height":399,"url":"https:\/\/www.parrinst.com\/de\/files\/2017\/12\/parr_banner_stirred3_secondary.jpg","type":"image\/jpeg"}],"twitter_card":"summary_large_image","twitter_misc":{"Est. reading time":"2 minutes"},"schema":{"@context":"https:\/\/schema.org","@graph":[{"@type":"WebPage","@id":"https:\/\/www.parrinst.com\/de\/products\/stirred-reactors\/options-accessories\/external-valves-and-fittings\/","url":"https:\/\/www.parrinst.com\/de\/products\/stirred-reactors\/options-accessories\/external-valves-and-fittings\/","name":"Externe Ventile und Anschl\u00fcsse - Parr Instrument GmbH","isPartOf":{"@id":"https:\/\/www.parrinst.com\/de\/#website"},"primaryImageOfPage":{"@id":"https:\/\/www.parrinst.com\/de\/products\/stirred-reactors\/options-accessories\/external-valves-and-fittings\/#primaryimage"},"image":{"@id":"https:\/\/www.parrinst.com\/de\/products\/stirred-reactors\/options-accessories\/external-valves-and-fittings\/#primaryimage"},"thumbnailUrl":"https:\/\/i0.wp.com\/www.parrinst.com\/de\/wp-content\/uploads\/sites\/6\/2017\/12\/parr_banner_stirred3_secondary.jpg?fit=2200%2C399&ssl=1","datePublished":"2011-06-25T01:45:41+00:00","dateModified":"2016-08-28T14:10:23+00:00","breadcrumb":{"@id":"https:\/\/www.parrinst.com\/de\/products\/stirred-reactors\/options-accessories\/external-valves-and-fittings\/#breadcrumb"},"inLanguage":"en-US","potentialAction":[{"@type":"ReadAction","target":["https:\/\/www.parrinst.com\/de\/products\/stirred-reactors\/options-accessories\/external-valves-and-fittings\/"]}]},{"@type":"ImageObject","inLanguage":"en-US","@id":"https:\/\/www.parrinst.com\/de\/products\/stirred-reactors\/options-accessories\/external-valves-and-fittings\/#primaryimage","url":"https:\/\/i0.wp.com\/www.parrinst.com\/de\/wp-content\/uploads\/sites\/6\/2017\/12\/parr_banner_stirred3_secondary.jpg?fit=2200%2C399&ssl=1","contentUrl":"https:\/\/i0.wp.com\/www.parrinst.com\/de\/wp-content\/uploads\/sites\/6\/2017\/12\/parr_banner_stirred3_secondary.jpg?fit=2200%2C399&ssl=1","width":2200,"height":399},{"@type":"BreadcrumbList","@id":"https:\/\/www.parrinst.com\/de\/products\/stirred-reactors\/options-accessories\/external-valves-and-fittings\/#breadcrumb","itemListElement":[{"@type":"ListItem","position":1,"name":"Home","item":"https:\/\/www.parrinst.com\/de\/"},{"@type":"ListItem","position":2,"name":"Products","item":"https:\/\/www.parrinst.com\/de\/products\/"},{"@type":"ListItem","position":3,"name":"Ger\u00fchrte Reaktoren","item":"https:\/\/www.parrinst.com\/de\/products\/stirred-reactors\/"},{"@type":"ListItem","position":4,"name":"Zubeh\u00f6r","item":"https:\/\/www.parrinst.com\/de\/products\/stirred-reactors\/options-accessories\/"},{"@type":"ListItem","position":5,"name":"Externe Ventile und Anschl\u00fcsse"}]},{"@type":"WebSite","@id":"https:\/\/www.parrinst.com\/de\/#website","url":"https:\/\/www.parrinst.com\/de\/","name":"Parr Instrument GmbH","description":"","potentialAction":[{"@type":"SearchAction","target":{"@type":"EntryPoint","urlTemplate":"https:\/\/www.parrinst.com\/de\/?s={search_term_string}"},"query-input":{"@type":"PropertyValueSpecification","valueRequired":true,"valueName":"search_term_string"}}],"inLanguage":"en-US"}]}},"jetpack_sharing_enabled":true,"_links":{"self":[{"href":"https:\/\/www.parrinst.com\/de\/wp-json\/wp\/v2\/pages\/3397","targetHints":{"allow":["GET"]}}],"collection":[{"href":"https:\/\/www.parrinst.com\/de\/wp-json\/wp\/v2\/pages"}],"about":[{"href":"https:\/\/www.parrinst.com\/de\/wp-json\/wp\/v2\/types\/page"}],"author":[{"embeddable":true,"href":"https:\/\/www.parrinst.com\/de\/wp-json\/wp\/v2\/users\/1"}],"replies":[{"embeddable":true,"href":"https:\/\/www.parrinst.com\/de\/wp-json\/wp\/v2\/comments?post=3397"}],"version-history":[{"count":0,"href":"https:\/\/www.parrinst.com\/de\/wp-json\/wp\/v2\/pages\/3397\/revisions"}],"up":[{"embeddable":true,"href":"https:\/\/www.parrinst.com\/de\/wp-json\/wp\/v2\/pages\/128"}],"wp:featuredmedia":[{"embeddable":true,"href":"https:\/\/www.parrinst.com\/de\/wp-json\/wp\/v2\/media\/36873"}],"wp:attachment":[{"href":"https:\/\/www.parrinst.com\/de\/wp-json\/wp\/v2\/media?parent=3397"}],"curies":[{"name":"wp","href":"https:\/\/api.w.org\/{rel}","templated":true}]}}