{"id":3443,"date":"2011-06-24T21:41:13","date_gmt":"2011-06-25T02:41:13","guid":{"rendered":"https:\/\/www.parrinst.com\/?page_id=3443"},"modified":"2023-11-15T10:41:38","modified_gmt":"2023-11-15T16:41:38","slug":"split-ring-closures","status":"publish","type":"page","link":"https:\/\/www.parrinst.com\/de\/products\/stirred-reactors\/options-accessories\/split-ring-closures\/","title":{"rendered":"Split-Ring-Verschluss"},"content":{"rendered":"<div id=\"pl-3443\"  class=\"panel-layout\" ><div id=\"pg-3443-0\"  class=\"panel-grid panel-no-style\" ><div id=\"pgc-3443-0-0\"  class=\"panel-grid-cell\" ><div id=\"panel-3443-0-0-0\" class=\"so-panel widget widget_sow-editor panel-first-child panel-last-child\" data-index=\"0\" ><div\n\t\t\t\n\t\t\tclass=\"so-widget-sow-editor so-widget-sow-editor-base\"\n\t\t\t\n\t\t>\n<div class=\"siteorigin-widget-tinymce textwidget\">\n\t<h2><\/h2>\n<h2>Einfachster Zugang zu Druckbeh\u00e4ltern<\/h2>\n\n\t\t\t<div id='3443-1' class='gallery gallery-3443 gallery-columns-2 gallery-size-medium' itemscope itemtype='http:\/\/schema.org\/ImageGallery'>\n\t\t\t\t<div class='gallery-row gallery-col-2 gallery-clear'>\n\t\t\t\t\t<figure class='gallery-item col-2' itemprop='associatedMedia' itemscope itemtype='http:\/\/schema.org\/ImageObject'>\n\t\t\t\t\t\t<div class='gallery-icon landscape'><a href=\"https:\/\/i0.wp.com\/www.parrinst.com\/de\/wp-content\/uploads\/sites\/6\/2011\/09\/split-ring-halfs-cap-screw-for-moveable-head.jpg?ssl=1\" itemprop=\"contentURL\"><img loading=\"lazy\" decoding=\"async\" width=\"300\" height=\"225\" src=\"https:\/\/i0.wp.com\/www.parrinst.com\/de\/wp-content\/uploads\/sites\/6\/2011\/09\/split-ring-halfs-cap-screw-for-moveable-head.jpg?fit=300%2C225&amp;ssl=1\" class=\"attachment-medium size-medium\" alt=\"Split-Ring with Cap Screws for Moveable Vessels\" srcset=\"https:\/\/i0.wp.com\/www.parrinst.com\/de\/wp-content\/uploads\/sites\/6\/2011\/09\/split-ring-halfs-cap-screw-for-moveable-head.jpg?w=600&amp;ssl=1 600w, https:\/\/i0.wp.com\/www.parrinst.com\/de\/wp-content\/uploads\/sites\/6\/2011\/09\/split-ring-halfs-cap-screw-for-moveable-head.jpg?resize=300%2C225&amp;ssl=1 300w\" sizes=\"auto, (max-width: 300px) 100vw, 300px\" itemprop=\"thumbnail\" \/><\/a><\/div>\n\t\t\t\t\t<\/figure>\n\t\t\t\t\t<figure class='gallery-item col-2' itemprop='associatedMedia' itemscope itemtype='http:\/\/schema.org\/ImageObject'>\n\t\t\t\t\t\t<div class='gallery-icon landscape'><a href=\"https:\/\/i0.wp.com\/www.parrinst.com\/de\/wp-content\/uploads\/sites\/6\/2011\/09\/split-ring-halfs-cap-screws-for-fixed-head.jpg?ssl=1\" itemprop=\"contentURL\"><img loading=\"lazy\" decoding=\"async\" width=\"300\" height=\"225\" src=\"https:\/\/i0.wp.com\/www.parrinst.com\/de\/wp-content\/uploads\/sites\/6\/2011\/09\/split-ring-halfs-cap-screws-for-fixed-head.jpg?fit=300%2C225&amp;ssl=1\" class=\"attachment-medium size-medium\" alt=\"Split-Ring with Compression Bolts for Fixed Head Vessels\" srcset=\"https:\/\/i0.wp.com\/www.parrinst.com\/de\/wp-content\/uploads\/sites\/6\/2011\/09\/split-ring-halfs-cap-screws-for-fixed-head.jpg?w=600&amp;ssl=1 600w, https:\/\/i0.wp.com\/www.parrinst.com\/de\/wp-content\/uploads\/sites\/6\/2011\/09\/split-ring-halfs-cap-screws-for-fixed-head.jpg?resize=300%2C225&amp;ssl=1 300w\" sizes=\"auto, (max-width: 300px) 100vw, 300px\" itemprop=\"thumbnail\" \/><\/a><\/div>\n\t\t\t\t\t<\/figure>\n\t\t\t\t<\/div>\n\t\t\t\t<div class='gallery-row gallery-col-2 gallery-clear'>\n\t\t\t\t\t<figure class='gallery-item col-2' itemprop='associatedMedia' itemscope itemtype='http:\/\/schema.org\/ImageObject'>\n\t\t\t\t\t\t<div class='gallery-icon landscape'><a href=\"https:\/\/i0.wp.com\/www.parrinst.com\/de\/wp-content\/uploads\/sites\/6\/2011\/09\/split-ring-halfs-for-self-sealing-o-rings.jpg?ssl=1\" itemprop=\"contentURL\"><img loading=\"lazy\" decoding=\"async\" width=\"300\" height=\"225\" src=\"https:\/\/i0.wp.com\/www.parrinst.com\/de\/wp-content\/uploads\/sites\/6\/2011\/09\/split-ring-halfs-for-self-sealing-o-rings.jpg?fit=300%2C225&amp;ssl=1\" class=\"attachment-medium size-medium\" alt=\"Split-Ring for Self Sealing O-ring Closures\" srcset=\"https:\/\/i0.wp.com\/www.parrinst.com\/de\/wp-content\/uploads\/sites\/6\/2011\/09\/split-ring-halfs-for-self-sealing-o-rings.jpg?w=600&amp;ssl=1 600w, https:\/\/i0.wp.com\/www.parrinst.com\/de\/wp-content\/uploads\/sites\/6\/2011\/09\/split-ring-halfs-for-self-sealing-o-rings.jpg?resize=300%2C225&amp;ssl=1 300w\" sizes=\"auto, (max-width: 300px) 100vw, 300px\" itemprop=\"thumbnail\" \/><\/a><\/div>\n\t\t\t\t\t<\/figure>\n\t\t\t\t\t<figure class='gallery-item col-2' itemprop='associatedMedia' itemscope itemtype='http:\/\/schema.org\/ImageObject'>\n\t\t\t\t\t\t<div class='gallery-icon landscape'><a href=\"https:\/\/i0.wp.com\/www.parrinst.com\/de\/wp-content\/uploads\/sites\/6\/2019\/02\/4578-Hinged-Split-Ring_detail_887664PI2_1802-e1549652850290.jpg?ssl=1\" itemprop=\"contentURL\"><img loading=\"lazy\" decoding=\"async\" width=\"300\" height=\"214\" src=\"https:\/\/i0.wp.com\/www.parrinst.com\/de\/wp-content\/uploads\/sites\/6\/2019\/02\/4578-Hinged-Split-Ring_detail_887664PI2_1802-e1549652850290.jpg?fit=300%2C214&amp;ssl=1\" class=\"attachment-medium size-medium\" alt=\"Split-Ringe mit Scharnieren\" itemprop=\"thumbnail\" \/><\/a><\/div>\n\t\t\t\t\t<\/figure>\n\t\t\t\t<\/div>\n\t\t\t<\/div><!-- .gallery -->\n\n<p>Parr Reaktoren und Druckbeh\u00e4lter sind mit einem einzigartigen Split-Ring Verschlusssystem ausgestattet, welches auf besondere Weise Funktionalit\u00e4t mit einer einfachen Handhabung kombiniert. Hierbei handelt es sich um eine Parr-exklusive Konstruktion (Split-Ring U.S. Patent No. 2625296), welche einen einfachen Zugang zum Beh\u00e4lter erm\u00f6glicht ohne die Notwendigkeit von schweren \u00dcberwurfschrauben, l\u00e4stigen Verklammerungen oder einem breiten Flansch mit Bolzenschrauben. Stattdessen wird der Kopf mit einem geteilten Ring aus Typ 4140 Stahl oder Typ 316 rostfreier Edelstahl an den Zylinder gepresst. Die beiden Teile werden seitlich aufgeschoben und beeinflussen somit keinen der Anschl\u00fcssse am Reaktorkopf.<\/p>\n<h3>Selbstabdichtendes oder Druckschrauben Design<\/h3>\n<p>F\u00fcr Reaktoren und Beh\u00e4lter mit einem selbstabdichtenden O-Ring als Kopfdichtung gibt es einen Split-Ring ohne seuckschraube. Hierbei wird der Beh\u00e4lter geschlossen indem die beiden Teilringe seitlich aufgeschoben werden und diese mit einem Schnellverschluss gesichert werden. Diese gebr\u00e4uchliche Verschlussart kann bei den meisten kleinen und mittelgro\u00dfen Beh\u00e4ltern und Reaktoren von Parr angewandt werden, solange die Arbeitstemperatur nicht die zul\u00e4ssige Temperatur des O-Rings \u00fcbersteigt. Weitere Information finde Sie unter <a href=\"https:\/\/www.parrinst.com\/de\/products\/stirred-reactors\/design-features\/gaskets-and-seals\/#self-sealing\">selbstdichtenden O-Ringen<\/a>.<\/p>\n<p>Die Split-Ring Verschlusssysteme f\u00fcr Reaktoren mit PTFE-, Grafit-, Metall- oder anderen Flachdichtungen haben eine Anzahl von Seuckschraube, um die n\u00f6tige Dichtkraft f\u00fcr eine zuverl\u00e4ssige Abdichtung zu entwickeln. Der Split-Ring wird entweder von einem \u00dcberwurfband, speziellen Kompressionsringen oder einem Schnellverschluss zusammengehalten.<\/p>\n<p>Bei beiden Ausf\u00fchrungen sind die Verschlussteile komplett eigenst\u00e4ndig, sodass der Kopf abgenommen werden kann oder der Beh\u00e4lter abgesenkt werden kann, ohne dass die Verbindungen und Anschl\u00fcsse getrennt werden m\u00fcssen. Wenn Seuckschraube zum Einsatz kommen, m\u00fcssen diese nur angezogen oder gel\u00f6st werden, sie verbleiben jedoch immer an Ort und Stelle. Dies spart Zeit beim \u00d6ffnen und Schlie\u00dfen des Druckbeh\u00e4lters und auch bei der Suche nach verlorenen Teilen.<\/p>\n<\/div>\n<\/div><\/div><\/div><\/div><div id=\"pg-3443-1\"  class=\"panel-grid panel-no-style\" ><div id=\"pgc-3443-1-0\"  class=\"panel-grid-cell\" ><div id=\"panel-3443-1-0-0\" class=\"so-panel widget widget_sow-editor panel-first-child panel-last-child\" data-index=\"1\" ><div\n\t\t\t\n\t\t\tclass=\"so-widget-sow-editor so-widget-sow-editor-base\"\n\t\t\t\n\t\t>\n<div class=\"siteorigin-widget-tinymce textwidget\">\n\t<h4><strong>Split-Ringe mit Scharnieren<\/strong><\/h4>\n<p>Split-Ringe mit Scharnieren bieten eine sichere und komfortable L\u00f6sung zum \u00d6ffnen gr\u00f6\u00dferer Fixed Head Beh\u00e4lter. Mit diesem Design schwingen die Split-Ringe zur Seite und erlauben somit den einfachen Zugang zum Beh\u00e4lter.\u00a0Split-Ringe mit Scharnieren sind Standard bei Beh\u00e4ltern ab 3,75 Litern und k\u00f6nnen bei Bedarf auch f\u00fcr kleine Gr\u00f6\u00dfen angepasst werden.<\/p>\n<\/div>\n<\/div><\/div><\/div><div id=\"pgc-3443-1-1\"  class=\"panel-grid-cell\" ><div id=\"panel-3443-1-1-0\" class=\"so-panel widget widget_media_video panel-first-child panel-last-child\" data-index=\"2\" ><div style=\"width:100%;\" class=\"wp-video\"><video class=\"wp-video-shortcode\" id=\"video-3443-1\" preload=\"metadata\" controls=\"controls\"><source type=\"video\/mp4\" src=\"https:\/\/www.parrinst.com\/de\/wp-content\/uploads\/sites\/6\/2023\/11\/Parr_Hinged-Split-Rings_with-titlescreen.mp4?_=1\" \/><source type=\"video\/mp4\" src=\"https:\/\/www.parrinst.com\/de\/wp-content\/uploads\/sites\/6\/2023\/11\/Parr_Hinged-Split-Rings_with-titlescreen.mp4?_=1\" \/><a href=\"https:\/\/www.parrinst.com\/de\/wp-content\/uploads\/sites\/6\/2023\/11\/Parr_Hinged-Split-Rings_with-titlescreen.mp4\">https:\/\/www.parrinst.com\/de\/wp-content\/uploads\/sites\/6\/2023\/11\/Parr_Hinged-Split-Rings_with-titlescreen.mp4<\/a><\/video><\/div><\/div><\/div><\/div><div id=\"pg-3443-2\"  class=\"panel-grid panel-no-style\" ><div id=\"pgc-3443-2-0\"  class=\"panel-grid-cell\" ><div id=\"panel-3443-2-0-0\" class=\"so-panel widget widget_sow-editor panel-first-child panel-last-child\" data-index=\"3\" ><div\n\t\t\t\n\t\t\tclass=\"so-widget-sow-editor so-widget-sow-editor-base\"\n\t\t\t\n\t\t>\n<div class=\"siteorigin-widget-tinymce textwidget\">\n\t<p><strong>Der Split-Ring Verschluss bietet attraktive Vorteile f\u00fcr Parr Reaktoren und Druckbeh\u00e4lter.<\/strong><\/p>\n<ul>\n<li>Der Reaktor kann ohne Beeinflussung auf die Anschl\u00fcsse und Leitungen am Kopf ge\u00f6ffnet und wieder geschlossen werden.<\/li>\n<li>Der komplette Querschnitt des Beh\u00e4lters wird freigegeben, wenn der Kopf entfernt wurde.<\/li>\n<li>Der gr\u00f6\u00dftm\u00f6gliche Platz wird geboten um Ventile und Anschl\u00fcsse im Beh\u00e4lterkopf anzubringen<\/li>\n<li>Keine hinderliche Flanschbolzen oder Gewindebolzen st\u00f6ren den Betriebg.<\/li>\n<li>Keine empfindlichen Gewinde im Zylinder, die bei der Handhabung besch\u00e4digt werden k\u00f6nnen.<\/li>\n<\/ul>\n<h3>Schraubverschluss<\/h3>\n<p>Parr verwendet Schraubverschl\u00fcsse bei kleinen Beh\u00e4ltern, bei denen ausreichende Dichtkr\u00e4fte durch das Aufschrauben des Deckels aufgebracht werden k\u00f6nnen. Diese Verschlussvariante ist kompakter als der Split-Ring Verschluss und wird \u00fcblicherweise f\u00fcr Druckbeh\u00e4lter bis 100 ml verwendet.<\/p>\n<\/div>\n<\/div><\/div><\/div><\/div><\/div>","protected":false},"excerpt":{"rendered":"<p>Einfachster Zugang zu Druckbeh\u00e4ltern Parr Reaktoren und Druckbeh\u00e4lter sind mit einem einzigartigen Split-Ring Verschlusssystem ausgestattet, welches auf besondere Weise Funktionalit\u00e4t mit einer einfachen Handhabung kombiniert. Hierbei handelt es sich um eine Parr-exklusive Konstruktion (Split-Ring U.S. Patent No. 2625296), welche einen einfachen Zugang zum Beh\u00e4lter erm\u00f6glicht ohne die Notwendigkeit von schweren \u00dcberwurfschrauben, l\u00e4stigen Verklammerungen oder einem [&hellip;]<\/p>\n","protected":false},"author":1,"featured_media":36873,"parent":128,"menu_order":29,"comment_status":"closed","ping_status":"closed","template":"product-wide.php","meta":{"_acf_changed":false,"footnotes":"","_links_to":"","_links_to_target":""},"class_list":["post-3443","page","type-page","status-publish","has-post-thumbnail","hentry"],"acf":[],"yoast_head":"<!-- This site is optimized with the Yoast SEO plugin v27.5 - https:\/\/yoast.com\/product\/yoast-seo-wordpress\/ -->\n<title>Split-Ring-Verschluss - Parr Instrument GmbH<\/title>\n<meta name=\"robots\" content=\"index, follow, max-snippet:-1, max-image-preview:large, max-video-preview:-1\" \/>\n<link rel=\"canonical\" href=\"https:\/\/www.parrinst.com\/de\/products\/stirred-reactors\/options-accessories\/split-ring-closures\/\" \/>\n<meta property=\"og:locale\" content=\"en_US\" \/>\n<meta property=\"og:type\" content=\"article\" \/>\n<meta property=\"og:title\" content=\"Split-Ring-Verschluss - Parr Instrument GmbH\" \/>\n<meta property=\"og:description\" content=\"Einfachster Zugang zu Druckbeh\u00e4ltern Parr Reaktoren und Druckbeh\u00e4lter sind mit einem einzigartigen Split-Ring Verschlusssystem ausgestattet, welches auf besondere Weise Funktionalit\u00e4t mit einer einfachen Handhabung kombiniert. Hierbei handelt es sich um eine Parr-exklusive Konstruktion (Split-Ring U.S. Patent No. 2625296), welche einen einfachen Zugang zum Beh\u00e4lter erm\u00f6glicht ohne die Notwendigkeit von schweren \u00dcberwurfschrauben, l\u00e4stigen Verklammerungen oder einem [&hellip;]\" \/>\n<meta property=\"og:url\" content=\"https:\/\/www.parrinst.com\/de\/products\/stirred-reactors\/options-accessories\/split-ring-closures\/\" \/>\n<meta property=\"og:site_name\" content=\"Parr Instrument GmbH\" \/>\n<meta property=\"article:modified_time\" content=\"2023-11-15T16:41:38+00:00\" \/>\n<meta property=\"og:image\" content=\"https:\/\/www.parrinst.com\/de\/files\/2017\/12\/parr_banner_stirred3_secondary.jpg\" \/>\n\t<meta property=\"og:image:width\" content=\"2200\" \/>\n\t<meta property=\"og:image:height\" content=\"399\" \/>\n\t<meta property=\"og:image:type\" content=\"image\/jpeg\" \/>\n<meta name=\"twitter:card\" content=\"summary_large_image\" \/>\n<meta name=\"twitter:label1\" content=\"Est. reading time\" \/>\n\t<meta name=\"twitter:data1\" content=\"2 minutes\" \/>\n<script type=\"application\/ld+json\" class=\"yoast-schema-graph\">{\"@context\":\"https:\\\/\\\/schema.org\",\"@graph\":[{\"@type\":\"WebPage\",\"@id\":\"https:\\\/\\\/www.parrinst.com\\\/de\\\/products\\\/stirred-reactors\\\/options-accessories\\\/split-ring-closures\\\/\",\"url\":\"https:\\\/\\\/www.parrinst.com\\\/de\\\/products\\\/stirred-reactors\\\/options-accessories\\\/split-ring-closures\\\/\",\"name\":\"Split-Ring-Verschluss - Parr Instrument GmbH\",\"isPartOf\":{\"@id\":\"https:\\\/\\\/www.parrinst.com\\\/de\\\/#website\"},\"primaryImageOfPage\":{\"@id\":\"https:\\\/\\\/www.parrinst.com\\\/de\\\/products\\\/stirred-reactors\\\/options-accessories\\\/split-ring-closures\\\/#primaryimage\"},\"image\":{\"@id\":\"https:\\\/\\\/www.parrinst.com\\\/de\\\/products\\\/stirred-reactors\\\/options-accessories\\\/split-ring-closures\\\/#primaryimage\"},\"thumbnailUrl\":\"https:\\\/\\\/i0.wp.com\\\/www.parrinst.com\\\/de\\\/wp-content\\\/uploads\\\/sites\\\/6\\\/2017\\\/12\\\/parr_banner_stirred3_secondary.jpg?fit=2200%2C399&ssl=1\",\"datePublished\":\"2011-06-25T02:41:13+00:00\",\"dateModified\":\"2023-11-15T16:41:38+00:00\",\"breadcrumb\":{\"@id\":\"https:\\\/\\\/www.parrinst.com\\\/de\\\/products\\\/stirred-reactors\\\/options-accessories\\\/split-ring-closures\\\/#breadcrumb\"},\"inLanguage\":\"en-US\",\"potentialAction\":[{\"@type\":\"ReadAction\",\"target\":[\"https:\\\/\\\/www.parrinst.com\\\/de\\\/products\\\/stirred-reactors\\\/options-accessories\\\/split-ring-closures\\\/\"]}]},{\"@type\":\"ImageObject\",\"inLanguage\":\"en-US\",\"@id\":\"https:\\\/\\\/www.parrinst.com\\\/de\\\/products\\\/stirred-reactors\\\/options-accessories\\\/split-ring-closures\\\/#primaryimage\",\"url\":\"https:\\\/\\\/i0.wp.com\\\/www.parrinst.com\\\/de\\\/wp-content\\\/uploads\\\/sites\\\/6\\\/2017\\\/12\\\/parr_banner_stirred3_secondary.jpg?fit=2200%2C399&ssl=1\",\"contentUrl\":\"https:\\\/\\\/i0.wp.com\\\/www.parrinst.com\\\/de\\\/wp-content\\\/uploads\\\/sites\\\/6\\\/2017\\\/12\\\/parr_banner_stirred3_secondary.jpg?fit=2200%2C399&ssl=1\",\"width\":2200,\"height\":399},{\"@type\":\"BreadcrumbList\",\"@id\":\"https:\\\/\\\/www.parrinst.com\\\/de\\\/products\\\/stirred-reactors\\\/options-accessories\\\/split-ring-closures\\\/#breadcrumb\",\"itemListElement\":[{\"@type\":\"ListItem\",\"position\":1,\"name\":\"Home\",\"item\":\"https:\\\/\\\/www.parrinst.com\\\/de\\\/\"},{\"@type\":\"ListItem\",\"position\":2,\"name\":\"Products\",\"item\":\"https:\\\/\\\/www.parrinst.com\\\/de\\\/products\\\/\"},{\"@type\":\"ListItem\",\"position\":3,\"name\":\"Ger\u00fchrte Reaktoren\",\"item\":\"https:\\\/\\\/www.parrinst.com\\\/de\\\/products\\\/stirred-reactors\\\/\"},{\"@type\":\"ListItem\",\"position\":4,\"name\":\"Zubeh\u00f6r\",\"item\":\"https:\\\/\\\/www.parrinst.com\\\/de\\\/products\\\/stirred-reactors\\\/options-accessories\\\/\"},{\"@type\":\"ListItem\",\"position\":5,\"name\":\"Split-Ring-Verschluss\"}]},{\"@type\":\"WebSite\",\"@id\":\"https:\\\/\\\/www.parrinst.com\\\/de\\\/#website\",\"url\":\"https:\\\/\\\/www.parrinst.com\\\/de\\\/\",\"name\":\"Parr Instrument GmbH\",\"description\":\"\",\"potentialAction\":[{\"@type\":\"SearchAction\",\"target\":{\"@type\":\"EntryPoint\",\"urlTemplate\":\"https:\\\/\\\/www.parrinst.com\\\/de\\\/?s={search_term_string}\"},\"query-input\":{\"@type\":\"PropertyValueSpecification\",\"valueRequired\":true,\"valueName\":\"search_term_string\"}}],\"inLanguage\":\"en-US\"}]}<\/script>\n<!-- \/ Yoast SEO plugin. -->","yoast_head_json":{"title":"Split-Ring-Verschluss - Parr Instrument GmbH","robots":{"index":"index","follow":"follow","max-snippet":"max-snippet:-1","max-image-preview":"max-image-preview:large","max-video-preview":"max-video-preview:-1"},"canonical":"https:\/\/www.parrinst.com\/de\/products\/stirred-reactors\/options-accessories\/split-ring-closures\/","og_locale":"en_US","og_type":"article","og_title":"Split-Ring-Verschluss - Parr Instrument GmbH","og_description":"Einfachster Zugang zu Druckbeh\u00e4ltern Parr Reaktoren und Druckbeh\u00e4lter sind mit einem einzigartigen Split-Ring Verschlusssystem ausgestattet, welches auf besondere Weise Funktionalit\u00e4t mit einer einfachen Handhabung kombiniert. Hierbei handelt es sich um eine Parr-exklusive Konstruktion (Split-Ring U.S. Patent No. 2625296), welche einen einfachen Zugang zum Beh\u00e4lter erm\u00f6glicht ohne die Notwendigkeit von schweren \u00dcberwurfschrauben, l\u00e4stigen Verklammerungen oder einem [&hellip;]","og_url":"https:\/\/www.parrinst.com\/de\/products\/stirred-reactors\/options-accessories\/split-ring-closures\/","og_site_name":"Parr Instrument GmbH","article_modified_time":"2023-11-15T16:41:38+00:00","og_image":[{"width":2200,"height":399,"url":"https:\/\/www.parrinst.com\/de\/files\/2017\/12\/parr_banner_stirred3_secondary.jpg","type":"image\/jpeg"}],"twitter_card":"summary_large_image","twitter_misc":{"Est. reading time":"2 minutes"},"schema":{"@context":"https:\/\/schema.org","@graph":[{"@type":"WebPage","@id":"https:\/\/www.parrinst.com\/de\/products\/stirred-reactors\/options-accessories\/split-ring-closures\/","url":"https:\/\/www.parrinst.com\/de\/products\/stirred-reactors\/options-accessories\/split-ring-closures\/","name":"Split-Ring-Verschluss - Parr Instrument GmbH","isPartOf":{"@id":"https:\/\/www.parrinst.com\/de\/#website"},"primaryImageOfPage":{"@id":"https:\/\/www.parrinst.com\/de\/products\/stirred-reactors\/options-accessories\/split-ring-closures\/#primaryimage"},"image":{"@id":"https:\/\/www.parrinst.com\/de\/products\/stirred-reactors\/options-accessories\/split-ring-closures\/#primaryimage"},"thumbnailUrl":"https:\/\/i0.wp.com\/www.parrinst.com\/de\/wp-content\/uploads\/sites\/6\/2017\/12\/parr_banner_stirred3_secondary.jpg?fit=2200%2C399&ssl=1","datePublished":"2011-06-25T02:41:13+00:00","dateModified":"2023-11-15T16:41:38+00:00","breadcrumb":{"@id":"https:\/\/www.parrinst.com\/de\/products\/stirred-reactors\/options-accessories\/split-ring-closures\/#breadcrumb"},"inLanguage":"en-US","potentialAction":[{"@type":"ReadAction","target":["https:\/\/www.parrinst.com\/de\/products\/stirred-reactors\/options-accessories\/split-ring-closures\/"]}]},{"@type":"ImageObject","inLanguage":"en-US","@id":"https:\/\/www.parrinst.com\/de\/products\/stirred-reactors\/options-accessories\/split-ring-closures\/#primaryimage","url":"https:\/\/i0.wp.com\/www.parrinst.com\/de\/wp-content\/uploads\/sites\/6\/2017\/12\/parr_banner_stirred3_secondary.jpg?fit=2200%2C399&ssl=1","contentUrl":"https:\/\/i0.wp.com\/www.parrinst.com\/de\/wp-content\/uploads\/sites\/6\/2017\/12\/parr_banner_stirred3_secondary.jpg?fit=2200%2C399&ssl=1","width":2200,"height":399},{"@type":"BreadcrumbList","@id":"https:\/\/www.parrinst.com\/de\/products\/stirred-reactors\/options-accessories\/split-ring-closures\/#breadcrumb","itemListElement":[{"@type":"ListItem","position":1,"name":"Home","item":"https:\/\/www.parrinst.com\/de\/"},{"@type":"ListItem","position":2,"name":"Products","item":"https:\/\/www.parrinst.com\/de\/products\/"},{"@type":"ListItem","position":3,"name":"Ger\u00fchrte Reaktoren","item":"https:\/\/www.parrinst.com\/de\/products\/stirred-reactors\/"},{"@type":"ListItem","position":4,"name":"Zubeh\u00f6r","item":"https:\/\/www.parrinst.com\/de\/products\/stirred-reactors\/options-accessories\/"},{"@type":"ListItem","position":5,"name":"Split-Ring-Verschluss"}]},{"@type":"WebSite","@id":"https:\/\/www.parrinst.com\/de\/#website","url":"https:\/\/www.parrinst.com\/de\/","name":"Parr Instrument GmbH","description":"","potentialAction":[{"@type":"SearchAction","target":{"@type":"EntryPoint","urlTemplate":"https:\/\/www.parrinst.com\/de\/?s={search_term_string}"},"query-input":{"@type":"PropertyValueSpecification","valueRequired":true,"valueName":"search_term_string"}}],"inLanguage":"en-US"}]}},"jetpack_sharing_enabled":true,"_links":{"self":[{"href":"https:\/\/www.parrinst.com\/de\/wp-json\/wp\/v2\/pages\/3443","targetHints":{"allow":["GET"]}}],"collection":[{"href":"https:\/\/www.parrinst.com\/de\/wp-json\/wp\/v2\/pages"}],"about":[{"href":"https:\/\/www.parrinst.com\/de\/wp-json\/wp\/v2\/types\/page"}],"author":[{"embeddable":true,"href":"https:\/\/www.parrinst.com\/de\/wp-json\/wp\/v2\/users\/1"}],"replies":[{"embeddable":true,"href":"https:\/\/www.parrinst.com\/de\/wp-json\/wp\/v2\/comments?post=3443"}],"version-history":[{"count":12,"href":"https:\/\/www.parrinst.com\/de\/wp-json\/wp\/v2\/pages\/3443\/revisions"}],"predecessor-version":[{"id":41341,"href":"https:\/\/www.parrinst.com\/de\/wp-json\/wp\/v2\/pages\/3443\/revisions\/41341"}],"up":[{"embeddable":true,"href":"https:\/\/www.parrinst.com\/de\/wp-json\/wp\/v2\/pages\/128"}],"wp:featuredmedia":[{"embeddable":true,"href":"https:\/\/www.parrinst.com\/de\/wp-json\/wp\/v2\/media\/36873"}],"wp:attachment":[{"href":"https:\/\/www.parrinst.com\/de\/wp-json\/wp\/v2\/media?parent=3443"}],"curies":[{"name":"wp","href":"https:\/\/api.w.org\/{rel}","templated":true}]}}