{"id":36874,"date":"2017-12-14T16:33:28","date_gmt":"2017-12-14T15:33:28","guid":{"rendered":"https:\/\/www.parrinst.com\/de\/?page_id=36874"},"modified":"2018-09-07T21:51:20","modified_gmt":"2018-09-08T02:51:20","slug":"reactors-pressure-vessels","status":"publish","type":"page","link":"https:\/\/www.parrinst.com\/de\/reactors-pressure-vessels\/","title":{"rendered":"Reaktoren und Druckgef\u00e4\u00dfe"},"content":{"rendered":"<p><strong>Parr bietet eine breite Auswahl von ger\u00fchrten und nicht-ger\u00fchrten Druckgef\u00e4\u00dfen <\/strong>in verschiedenen Ausf\u00fchrungen, Gr\u00f6\u00dfen und Druckbereichen f\u00fcr vielf\u00e4ltige Laboranwendungen. Die neuesten Erg\u00e4nzungen dieser Linie umfassen Produkte in zus\u00e4tzlichen Gr\u00f6\u00dfen und Temperatur- und Druck-Kombinationen mit selbstabdichtenden Verschl\u00fcssen, die f\u00fcr bequeme Laboranwendungen unter Druck bei erh\u00f6hten Temperaturen ausgelegt sind.<\/p>\n<div style=\"width: 100%\">\n<div style=\"width: 40%;float: left;min-width: 300px\">\n<figure id=\"attachment_36891\" aria-describedby=\"caption-attachment-36891\" style=\"width: 300px\" class=\"wp-caption alignleft\"><a href=\"https:\/\/www.parrinst.com\/de\/products\/stirred-reactors\/\"><img data-recalc-dims=\"1\" loading=\"lazy\" decoding=\"async\" class=\"wp-image-36891 size-medium\" src=\"https:\/\/i0.wp.com\/www.parrinst.com\/wp-content\/uploads\/2011\/03\/4523_no-bkg-300x300.jpg?resize=300%2C300&#038;ssl=1\" alt=\"Ger\u00fchrte Reaktoren\" width=\"300\" height=\"300\" \/><\/a><figcaption id=\"caption-attachment-36891\" class=\"wp-caption-text\"><b>Ger\u00fchrte Reaktoren<\/b><\/figcaption><\/figure>\n<\/div>\n<div style=\"width: 40%;float: right;min-width: 300px\">\n<figure id=\"attachment_37267\" aria-describedby=\"caption-attachment-37267\" style=\"width: 300px\" class=\"wp-caption alignleft\"><a href=\"https:\/\/www.parrinst.com\/de\/products\/non-stirred-pressure-vessels\/\"><img data-recalc-dims=\"1\" loading=\"lazy\" decoding=\"async\" class=\"wp-image-37267 size-medium\" src=\"https:\/\/i0.wp.com\/www.parrinst.com\/wp-content\/uploads\/2017\/11\/4766_300mL-Vessel-VGR-300x300.jpg?resize=300%2C300&#038;ssl=1\" alt=\"Nicht-ger\u00fchrte Druckgef\u00e4\u00dfe\" width=\"300\" height=\"300\" \/><\/a><figcaption id=\"caption-attachment-37267\" class=\"wp-caption-text\"><b>Nicht-ger\u00fchrte Druckgef\u00e4\u00dfe<\/b><\/figcaption><\/figure>\n<\/div>\n<\/div>\n","protected":false},"excerpt":{"rendered":"<p>Parr bietet eine breite Auswahl von ger\u00fchrten und nicht-ger\u00fchrten Druckgef\u00e4\u00dfen in verschiedenen Ausf\u00fchrungen, Gr\u00f6\u00dfen und Druckbereichen f\u00fcr vielf\u00e4ltige Laboranwendungen. Die neuesten Erg\u00e4nzungen dieser Linie umfassen Produkte in zus\u00e4tzlichen Gr\u00f6\u00dfen und Temperatur- und Druck-Kombinationen mit selbstabdichtenden Verschl\u00fcssen, die f\u00fcr bequeme Laboranwendungen unter Druck bei erh\u00f6hten Temperaturen ausgelegt sind.<\/p>\n","protected":false},"author":12,"featured_media":36873,"parent":0,"menu_order":0,"comment_status":"closed","ping_status":"closed","template":"","meta":{"_acf_changed":false,"footnotes":"","_links_to":"","_links_to_target":""},"class_list":["post-36874","page","type-page","status-publish","has-post-thumbnail","hentry"],"acf":[],"yoast_head":"<!-- This site is optimized with the Yoast SEO plugin v27.4 - https:\/\/yoast.com\/product\/yoast-seo-wordpress\/ -->\n<title>Reaktoren und Druckgef\u00e4\u00dfe - Parr Instrument GmbH<\/title>\n<meta name=\"robots\" content=\"index, follow, max-snippet:-1, max-image-preview:large, max-video-preview:-1\" \/>\n<link rel=\"canonical\" href=\"https:\/\/www.parrinst.com\/de\/reactors-pressure-vessels\/\" \/>\n<meta property=\"og:locale\" content=\"en_US\" \/>\n<meta property=\"og:type\" content=\"article\" \/>\n<meta property=\"og:title\" content=\"Reaktoren und Druckgef\u00e4\u00dfe - Parr Instrument GmbH\" \/>\n<meta property=\"og:description\" content=\"Parr bietet eine breite Auswahl von ger\u00fchrten und nicht-ger\u00fchrten Druckgef\u00e4\u00dfen in verschiedenen Ausf\u00fchrungen, Gr\u00f6\u00dfen und Druckbereichen f\u00fcr vielf\u00e4ltige Laboranwendungen. Die neuesten Erg\u00e4nzungen dieser Linie umfassen Produkte in zus\u00e4tzlichen Gr\u00f6\u00dfen und Temperatur- und Druck-Kombinationen mit selbstabdichtenden Verschl\u00fcssen, die f\u00fcr bequeme Laboranwendungen unter Druck bei erh\u00f6hten Temperaturen ausgelegt sind.\" \/>\n<meta property=\"og:url\" content=\"https:\/\/www.parrinst.com\/de\/reactors-pressure-vessels\/\" \/>\n<meta property=\"og:site_name\" content=\"Parr Instrument GmbH\" \/>\n<meta property=\"article:modified_time\" content=\"2018-09-08T02:51:20+00:00\" \/>\n<meta property=\"og:image\" content=\"https:\/\/www.parrinst.com\/de\/files\/2017\/12\/parr_banner_stirred3_secondary.jpg\" \/>\n\t<meta property=\"og:image:width\" content=\"2200\" \/>\n\t<meta property=\"og:image:height\" content=\"399\" \/>\n\t<meta property=\"og:image:type\" content=\"image\/jpeg\" \/>\n<meta name=\"twitter:card\" content=\"summary_large_image\" \/>\n<script type=\"application\/ld+json\" class=\"yoast-schema-graph\">{\"@context\":\"https:\\\/\\\/schema.org\",\"@graph\":[{\"@type\":\"WebPage\",\"@id\":\"https:\\\/\\\/www.parrinst.com\\\/de\\\/reactors-pressure-vessels\\\/\",\"url\":\"https:\\\/\\\/www.parrinst.com\\\/de\\\/reactors-pressure-vessels\\\/\",\"name\":\"Reaktoren und Druckgef\u00e4\u00dfe - Parr Instrument GmbH\",\"isPartOf\":{\"@id\":\"https:\\\/\\\/www.parrinst.com\\\/de\\\/#website\"},\"primaryImageOfPage\":{\"@id\":\"https:\\\/\\\/www.parrinst.com\\\/de\\\/reactors-pressure-vessels\\\/#primaryimage\"},\"image\":{\"@id\":\"https:\\\/\\\/www.parrinst.com\\\/de\\\/reactors-pressure-vessels\\\/#primaryimage\"},\"thumbnailUrl\":\"https:\\\/\\\/i0.wp.com\\\/www.parrinst.com\\\/de\\\/wp-content\\\/uploads\\\/sites\\\/6\\\/2017\\\/12\\\/parr_banner_stirred3_secondary.jpg?fit=2200%2C399&ssl=1\",\"datePublished\":\"2017-12-14T15:33:28+00:00\",\"dateModified\":\"2018-09-08T02:51:20+00:00\",\"breadcrumb\":{\"@id\":\"https:\\\/\\\/www.parrinst.com\\\/de\\\/reactors-pressure-vessels\\\/#breadcrumb\"},\"inLanguage\":\"en-US\",\"potentialAction\":[{\"@type\":\"ReadAction\",\"target\":[\"https:\\\/\\\/www.parrinst.com\\\/de\\\/reactors-pressure-vessels\\\/\"]}]},{\"@type\":\"ImageObject\",\"inLanguage\":\"en-US\",\"@id\":\"https:\\\/\\\/www.parrinst.com\\\/de\\\/reactors-pressure-vessels\\\/#primaryimage\",\"url\":\"https:\\\/\\\/i0.wp.com\\\/www.parrinst.com\\\/de\\\/wp-content\\\/uploads\\\/sites\\\/6\\\/2017\\\/12\\\/parr_banner_stirred3_secondary.jpg?fit=2200%2C399&ssl=1\",\"contentUrl\":\"https:\\\/\\\/i0.wp.com\\\/www.parrinst.com\\\/de\\\/wp-content\\\/uploads\\\/sites\\\/6\\\/2017\\\/12\\\/parr_banner_stirred3_secondary.jpg?fit=2200%2C399&ssl=1\",\"width\":2200,\"height\":399},{\"@type\":\"BreadcrumbList\",\"@id\":\"https:\\\/\\\/www.parrinst.com\\\/de\\\/reactors-pressure-vessels\\\/#breadcrumb\",\"itemListElement\":[{\"@type\":\"ListItem\",\"position\":1,\"name\":\"Home\",\"item\":\"https:\\\/\\\/www.parrinst.com\\\/de\\\/\"},{\"@type\":\"ListItem\",\"position\":2,\"name\":\"Reaktoren und Druckgef\u00e4\u00dfe\"}]},{\"@type\":\"WebSite\",\"@id\":\"https:\\\/\\\/www.parrinst.com\\\/de\\\/#website\",\"url\":\"https:\\\/\\\/www.parrinst.com\\\/de\\\/\",\"name\":\"Parr Instrument GmbH\",\"description\":\"\",\"potentialAction\":[{\"@type\":\"SearchAction\",\"target\":{\"@type\":\"EntryPoint\",\"urlTemplate\":\"https:\\\/\\\/www.parrinst.com\\\/de\\\/?s={search_term_string}\"},\"query-input\":{\"@type\":\"PropertyValueSpecification\",\"valueRequired\":true,\"valueName\":\"search_term_string\"}}],\"inLanguage\":\"en-US\"}]}<\/script>\n<!-- \/ Yoast SEO plugin. -->","yoast_head_json":{"title":"Reaktoren und Druckgef\u00e4\u00dfe - Parr Instrument GmbH","robots":{"index":"index","follow":"follow","max-snippet":"max-snippet:-1","max-image-preview":"max-image-preview:large","max-video-preview":"max-video-preview:-1"},"canonical":"https:\/\/www.parrinst.com\/de\/reactors-pressure-vessels\/","og_locale":"en_US","og_type":"article","og_title":"Reaktoren und Druckgef\u00e4\u00dfe - Parr Instrument GmbH","og_description":"Parr bietet eine breite Auswahl von ger\u00fchrten und nicht-ger\u00fchrten Druckgef\u00e4\u00dfen in verschiedenen Ausf\u00fchrungen, Gr\u00f6\u00dfen und Druckbereichen f\u00fcr vielf\u00e4ltige Laboranwendungen. Die neuesten Erg\u00e4nzungen dieser Linie umfassen Produkte in zus\u00e4tzlichen Gr\u00f6\u00dfen und Temperatur- und Druck-Kombinationen mit selbstabdichtenden Verschl\u00fcssen, die f\u00fcr bequeme Laboranwendungen unter Druck bei erh\u00f6hten Temperaturen ausgelegt sind.","og_url":"https:\/\/www.parrinst.com\/de\/reactors-pressure-vessels\/","og_site_name":"Parr Instrument GmbH","article_modified_time":"2018-09-08T02:51:20+00:00","og_image":[{"width":2200,"height":399,"url":"https:\/\/www.parrinst.com\/de\/files\/2017\/12\/parr_banner_stirred3_secondary.jpg","type":"image\/jpeg"}],"twitter_card":"summary_large_image","schema":{"@context":"https:\/\/schema.org","@graph":[{"@type":"WebPage","@id":"https:\/\/www.parrinst.com\/de\/reactors-pressure-vessels\/","url":"https:\/\/www.parrinst.com\/de\/reactors-pressure-vessels\/","name":"Reaktoren und Druckgef\u00e4\u00dfe - Parr Instrument GmbH","isPartOf":{"@id":"https:\/\/www.parrinst.com\/de\/#website"},"primaryImageOfPage":{"@id":"https:\/\/www.parrinst.com\/de\/reactors-pressure-vessels\/#primaryimage"},"image":{"@id":"https:\/\/www.parrinst.com\/de\/reactors-pressure-vessels\/#primaryimage"},"thumbnailUrl":"https:\/\/i0.wp.com\/www.parrinst.com\/de\/wp-content\/uploads\/sites\/6\/2017\/12\/parr_banner_stirred3_secondary.jpg?fit=2200%2C399&ssl=1","datePublished":"2017-12-14T15:33:28+00:00","dateModified":"2018-09-08T02:51:20+00:00","breadcrumb":{"@id":"https:\/\/www.parrinst.com\/de\/reactors-pressure-vessels\/#breadcrumb"},"inLanguage":"en-US","potentialAction":[{"@type":"ReadAction","target":["https:\/\/www.parrinst.com\/de\/reactors-pressure-vessels\/"]}]},{"@type":"ImageObject","inLanguage":"en-US","@id":"https:\/\/www.parrinst.com\/de\/reactors-pressure-vessels\/#primaryimage","url":"https:\/\/i0.wp.com\/www.parrinst.com\/de\/wp-content\/uploads\/sites\/6\/2017\/12\/parr_banner_stirred3_secondary.jpg?fit=2200%2C399&ssl=1","contentUrl":"https:\/\/i0.wp.com\/www.parrinst.com\/de\/wp-content\/uploads\/sites\/6\/2017\/12\/parr_banner_stirred3_secondary.jpg?fit=2200%2C399&ssl=1","width":2200,"height":399},{"@type":"BreadcrumbList","@id":"https:\/\/www.parrinst.com\/de\/reactors-pressure-vessels\/#breadcrumb","itemListElement":[{"@type":"ListItem","position":1,"name":"Home","item":"https:\/\/www.parrinst.com\/de\/"},{"@type":"ListItem","position":2,"name":"Reaktoren und Druckgef\u00e4\u00dfe"}]},{"@type":"WebSite","@id":"https:\/\/www.parrinst.com\/de\/#website","url":"https:\/\/www.parrinst.com\/de\/","name":"Parr Instrument GmbH","description":"","potentialAction":[{"@type":"SearchAction","target":{"@type":"EntryPoint","urlTemplate":"https:\/\/www.parrinst.com\/de\/?s={search_term_string}"},"query-input":{"@type":"PropertyValueSpecification","valueRequired":true,"valueName":"search_term_string"}}],"inLanguage":"en-US"}]}},"jetpack_sharing_enabled":true,"_links":{"self":[{"href":"https:\/\/www.parrinst.com\/de\/wp-json\/wp\/v2\/pages\/36874","targetHints":{"allow":["GET"]}}],"collection":[{"href":"https:\/\/www.parrinst.com\/de\/wp-json\/wp\/v2\/pages"}],"about":[{"href":"https:\/\/www.parrinst.com\/de\/wp-json\/wp\/v2\/types\/page"}],"author":[{"embeddable":true,"href":"https:\/\/www.parrinst.com\/de\/wp-json\/wp\/v2\/users\/12"}],"replies":[{"embeddable":true,"href":"https:\/\/www.parrinst.com\/de\/wp-json\/wp\/v2\/comments?post=36874"}],"version-history":[{"count":5,"href":"https:\/\/www.parrinst.com\/de\/wp-json\/wp\/v2\/pages\/36874\/revisions"}],"predecessor-version":[{"id":38951,"href":"https:\/\/www.parrinst.com\/de\/wp-json\/wp\/v2\/pages\/36874\/revisions\/38951"}],"wp:featuredmedia":[{"embeddable":true,"href":"https:\/\/www.parrinst.com\/de\/wp-json\/wp\/v2\/media\/36873"}],"wp:attachment":[{"href":"https:\/\/www.parrinst.com\/de\/wp-json\/wp\/v2\/media?parent=36874"}],"curies":[{"name":"wp","href":"https:\/\/api.w.org\/{rel}","templated":true}]}}