{"id":36899,"date":"2018-01-09T20:10:52","date_gmt":"2018-01-09T19:10:52","guid":{"rendered":"https:\/\/www.parrinst.com\/de\/?page_id=36899"},"modified":"2021-01-13T08:33:44","modified_gmt":"2021-01-13T14:33:44","slug":"series-2500-micro-batch-system","status":"publish","type":"page","link":"https:\/\/www.parrinst.com\/de\/products\/multi-reactor-systems\/series-2500-micro-batch-system\/","title":{"rendered":"Serie 2500 Mikro Batchsystem"},"content":{"rendered":"\n\t\t\t<div id='36899-1' class='gallery gallery-36899 gallery-columns-3 gallery-size-medium' itemscope itemtype='http:\/\/schema.org\/ImageGallery'>\n\t\t\t\t<div class='gallery-row gallery-col-3 gallery-clear'>\n\t\t\t\t\t<figure class='gallery-item col-3' itemprop='associatedMedia' itemscope itemtype='http:\/\/schema.org\/ImageObject'>\n\t\t\t\t\t\t<div class='gallery-icon portrait'><a href=\"https:\/\/i0.wp.com\/www.parrinst.com\/de\/wp-content\/uploads\/sites\/6\/2018\/01\/2500_solo-straightPI2_32325x7.jpg?ssl=1\" itemprop=\"contentURL\"><img loading=\"lazy\" decoding=\"async\" width=\"214\" height=\"300\" src=\"https:\/\/i0.wp.com\/www.parrinst.com\/de\/wp-content\/uploads\/sites\/6\/2018\/01\/2500_solo-straightPI2_32325x7.jpg?fit=214%2C300&amp;ssl=1\" class=\"attachment-medium size-medium\" alt=\"Mikro-Batchsystem\" srcset=\"https:\/\/i0.wp.com\/www.parrinst.com\/de\/wp-content\/uploads\/sites\/6\/2018\/01\/2500_solo-straightPI2_32325x7.jpg?w=1500&amp;ssl=1 1500w, https:\/\/i0.wp.com\/www.parrinst.com\/de\/wp-content\/uploads\/sites\/6\/2018\/01\/2500_solo-straightPI2_32325x7.jpg?resize=107%2C150&amp;ssl=1 107w, https:\/\/i0.wp.com\/www.parrinst.com\/de\/wp-content\/uploads\/sites\/6\/2018\/01\/2500_solo-straightPI2_32325x7.jpg?resize=214%2C300&amp;ssl=1 214w, https:\/\/i0.wp.com\/www.parrinst.com\/de\/wp-content\/uploads\/sites\/6\/2018\/01\/2500_solo-straightPI2_32325x7.jpg?resize=731%2C1024&amp;ssl=1 731w, https:\/\/i0.wp.com\/www.parrinst.com\/de\/wp-content\/uploads\/sites\/6\/2018\/01\/2500_solo-straightPI2_32325x7.jpg?w=1280&amp;ssl=1 1280w\" sizes=\"auto, (max-width: 214px) 100vw, 214px\" itemprop=\"thumbnail\" \/><\/a><\/div>\n\t\t\t\t\t<\/figure>\n\t\t\t\t\t<figure class='gallery-item col-3' itemprop='associatedMedia' itemscope itemtype='http:\/\/schema.org\/ImageObject'>\n\t\t\t\t\t\t<div class='gallery-icon landscape'><a href=\"https:\/\/i0.wp.com\/www.parrinst.com\/de\/wp-content\/uploads\/sites\/6\/2018\/01\/2500_fullPI2_32177x7_new.jpg?ssl=1\" itemprop=\"contentURL\"><img loading=\"lazy\" decoding=\"async\" width=\"300\" height=\"300\" src=\"https:\/\/i0.wp.com\/www.parrinst.com\/de\/wp-content\/uploads\/sites\/6\/2018\/01\/2500_fullPI2_32177x7_new.jpg?fit=300%2C300&amp;ssl=1\" class=\"attachment-medium size-medium\" alt=\"Mikro-Batchsystem mit 4848MBS Steuerungssystem\" srcset=\"https:\/\/i0.wp.com\/www.parrinst.com\/de\/wp-content\/uploads\/sites\/6\/2018\/01\/2500_fullPI2_32177x7_new.jpg?w=2100&amp;ssl=1 2100w, https:\/\/i0.wp.com\/www.parrinst.com\/de\/wp-content\/uploads\/sites\/6\/2018\/01\/2500_fullPI2_32177x7_new.jpg?resize=150%2C150&amp;ssl=1 150w, https:\/\/i0.wp.com\/www.parrinst.com\/de\/wp-content\/uploads\/sites\/6\/2018\/01\/2500_fullPI2_32177x7_new.jpg?resize=300%2C300&amp;ssl=1 300w, https:\/\/i0.wp.com\/www.parrinst.com\/de\/wp-content\/uploads\/sites\/6\/2018\/01\/2500_fullPI2_32177x7_new.jpg?resize=1024%2C1024&amp;ssl=1 1024w, https:\/\/i0.wp.com\/www.parrinst.com\/de\/wp-content\/uploads\/sites\/6\/2018\/01\/2500_fullPI2_32177x7_new.jpg?w=1280&amp;ssl=1 1280w, https:\/\/i0.wp.com\/www.parrinst.com\/de\/wp-content\/uploads\/sites\/6\/2018\/01\/2500_fullPI2_32177x7_new.jpg?w=1920&amp;ssl=1 1920w\" sizes=\"auto, (max-width: 300px) 100vw, 300px\" itemprop=\"thumbnail\" \/><\/a><\/div>\n\t\t\t\t\t<\/figure>\n\t\t\t<\/div>\n\t\t\t<\/div><!-- .gallery -->\n\n<p>Parr Instrument Company freut sich, die Baureihe von unseren kleinsten \u00fcberhaupt R\u00fchrreaktoren vorzustellen. Diese sind in verschiedenen Ausf\u00fchrungen erh\u00e4ltlich. Mit Reaktorgr\u00f6\u00dfen von 5 ml und 10 ml, unabh\u00e4ngigem Gaszufuhrsystem, PID-Temperatursteuerung und der Auswahl von zwei Verschluss-Designs, zeichnet sich das MBS 2500 durch seine Flexibilit\u00e4t aus und ist perfekt f\u00fcr Ihre Hochdruckanwendungen mit kleinen Probenvolumen geeignet.<\/p>\n<p>Das MBS 2500 basiert auf dem beliebten MRS 5000 von Parr und bietet noch kleinere Gr\u00f6\u00dfen, kleinere Grundfl\u00e4che, eigenst\u00e4ndiges Steuerung- und Data logging-System und einen niedrigeren Preis pro Reaktor.<\/p>\n<p><strong>Die wichtigsten Merkmale des Mikro-Batchsystems 2500 sind: <\/strong><\/p>\n<ul>\n<li>Drei Reaktoren in Gr\u00f6\u00dfen von 5 ml oder 10 ml, aus Edelstahl, hoher Nickellegierung, Titan, Zirkonium bzw. anderen exotischen Materialien<\/li>\n<li>Kleine Grundfl\u00e4che (25 cm x 30.5 cm) und entfernter 4848-basierter Controller f\u00fcr die Temperatur- und R\u00fchrsteuerung sowie die Druckanzeige<\/li>\n<li>Standard Temperatur- und Druckgrenzwerte von 200 bar (3000 psi) bei 300 \u00b0C f\u00fcr die T316 Edelstahl-Ausf\u00fchrung<\/li>\n<li>Bew\u00e4hrte Dichtungsgeometrie von Parr durch den Einsatz von entweder einer PTFE-Flachdichtung und Schraubkappe mit Druckschauben oder eines selbstabdichtenden O-Rings mit werkzeugslos montierten Schraubverschluss<\/li>\n<li>Standard Kopfaustattung: Sicherheitsberstscheiben, Druckaufnehmer, Einlass- und Auslassventile sowie innenliegendes Thermoelement<\/li>\n<li>3-Ventil-Verteiler f\u00fcr die Gaszufuhr-Steuerung<\/li>\n<li>\u00dcbliche Aluminiumblockheizung mit PID-Steuerung<\/li>\n<li>Temperatur\u00fcberwachung jedes einzelnen Reaktors<\/li>\n<li>Druck\u00fcberwachung jedes einzelnen Reaktors<\/li>\n<li>\u00dcbliche R\u00fchrgeschwindigkeit durch einzelne PTFE- bzw. Pyrex-ummantelte R\u00fchrst\u00e4bchen<\/li>\n<\/ul>\n","protected":false},"excerpt":{"rendered":"<p>Parr Instrument Company freut sich, die Baureihe von unseren kleinsten \u00fcberhaupt R\u00fchrreaktoren vorzustellen. Diese sind in verschiedenen Ausf\u00fchrungen erh\u00e4ltlich. Mit Reaktorgr\u00f6\u00dfen von 5 ml und 10 ml, unabh\u00e4ngigem Gaszufuhrsystem, PID-Temperatursteuerung und der Auswahl von zwei Verschluss-Designs, zeichnet sich das MBS 2500 durch seine Flexibilit\u00e4t aus und ist perfekt f\u00fcr Ihre Hochdruckanwendungen mit kleinen Probenvolumen geeignet. [&hellip;]<\/p>\n","protected":false},"author":12,"featured_media":36913,"parent":11596,"menu_order":1,"comment_status":"closed","ping_status":"closed","template":"product-wide-strirred-filter.php","meta":{"_acf_changed":false,"footnotes":"","_links_to":"","_links_to_target":""},"class_list":["post-36899","page","type-page","status-publish","has-post-thumbnail","hentry"],"acf":[],"yoast_head":"<!-- This site is optimized with the Yoast SEO plugin v27.4 - https:\/\/yoast.com\/product\/yoast-seo-wordpress\/ -->\n<title>Serie 2500 Mikro Batchsystem - Parr Instrument GmbH<\/title>\n<meta name=\"robots\" content=\"index, follow, max-snippet:-1, max-image-preview:large, max-video-preview:-1\" \/>\n<link rel=\"canonical\" href=\"https:\/\/www.parrinst.com\/de\/products\/multi-reactor-systems\/series-2500-micro-batch-system\/\" \/>\n<meta property=\"og:locale\" content=\"en_US\" \/>\n<meta property=\"og:type\" content=\"article\" \/>\n<meta property=\"og:title\" content=\"Serie 2500 Mikro Batchsystem - Parr Instrument GmbH\" \/>\n<meta property=\"og:description\" content=\"Parr Instrument Company freut sich, die Baureihe von unseren kleinsten \u00fcberhaupt R\u00fchrreaktoren vorzustellen. Diese sind in verschiedenen Ausf\u00fchrungen erh\u00e4ltlich. Mit Reaktorgr\u00f6\u00dfen von 5 ml und 10 ml, unabh\u00e4ngigem Gaszufuhrsystem, PID-Temperatursteuerung und der Auswahl von zwei Verschluss-Designs, zeichnet sich das MBS 2500 durch seine Flexibilit\u00e4t aus und ist perfekt f\u00fcr Ihre Hochdruckanwendungen mit kleinen Probenvolumen geeignet. [&hellip;]\" \/>\n<meta property=\"og:url\" content=\"https:\/\/www.parrinst.com\/de\/products\/multi-reactor-systems\/series-2500-micro-batch-system\/\" \/>\n<meta property=\"og:site_name\" content=\"Parr Instrument GmbH\" \/>\n<meta property=\"article:modified_time\" content=\"2021-01-13T14:33:44+00:00\" \/>\n<meta property=\"og:image\" content=\"https:\/\/www.parrinst.com\/de\/files\/2018\/01\/parr_banner_multi_secondary.jpg\" \/>\n\t<meta property=\"og:image:width\" content=\"2200\" \/>\n\t<meta property=\"og:image:height\" content=\"399\" \/>\n\t<meta property=\"og:image:type\" content=\"image\/jpeg\" \/>\n<meta name=\"twitter:card\" content=\"summary_large_image\" \/>\n<meta name=\"twitter:label1\" content=\"Est. reading time\" \/>\n\t<meta name=\"twitter:data1\" content=\"1 minute\" \/>\n<script type=\"application\/ld+json\" class=\"yoast-schema-graph\">{\"@context\":\"https:\\\/\\\/schema.org\",\"@graph\":[{\"@type\":\"WebPage\",\"@id\":\"https:\\\/\\\/www.parrinst.com\\\/de\\\/products\\\/multi-reactor-systems\\\/series-2500-micro-batch-system\\\/\",\"url\":\"https:\\\/\\\/www.parrinst.com\\\/de\\\/products\\\/multi-reactor-systems\\\/series-2500-micro-batch-system\\\/\",\"name\":\"Serie 2500 Mikro Batchsystem - Parr Instrument GmbH\",\"isPartOf\":{\"@id\":\"https:\\\/\\\/www.parrinst.com\\\/de\\\/#website\"},\"primaryImageOfPage\":{\"@id\":\"https:\\\/\\\/www.parrinst.com\\\/de\\\/products\\\/multi-reactor-systems\\\/series-2500-micro-batch-system\\\/#primaryimage\"},\"image\":{\"@id\":\"https:\\\/\\\/www.parrinst.com\\\/de\\\/products\\\/multi-reactor-systems\\\/series-2500-micro-batch-system\\\/#primaryimage\"},\"thumbnailUrl\":\"https:\\\/\\\/i0.wp.com\\\/www.parrinst.com\\\/de\\\/wp-content\\\/uploads\\\/sites\\\/6\\\/2018\\\/01\\\/parr_banner_multi_secondary.jpg?fit=2200%2C399&ssl=1\",\"datePublished\":\"2018-01-09T19:10:52+00:00\",\"dateModified\":\"2021-01-13T14:33:44+00:00\",\"breadcrumb\":{\"@id\":\"https:\\\/\\\/www.parrinst.com\\\/de\\\/products\\\/multi-reactor-systems\\\/series-2500-micro-batch-system\\\/#breadcrumb\"},\"inLanguage\":\"en-US\",\"potentialAction\":[{\"@type\":\"ReadAction\",\"target\":[\"https:\\\/\\\/www.parrinst.com\\\/de\\\/products\\\/multi-reactor-systems\\\/series-2500-micro-batch-system\\\/\"]}]},{\"@type\":\"ImageObject\",\"inLanguage\":\"en-US\",\"@id\":\"https:\\\/\\\/www.parrinst.com\\\/de\\\/products\\\/multi-reactor-systems\\\/series-2500-micro-batch-system\\\/#primaryimage\",\"url\":\"https:\\\/\\\/i0.wp.com\\\/www.parrinst.com\\\/de\\\/wp-content\\\/uploads\\\/sites\\\/6\\\/2018\\\/01\\\/parr_banner_multi_secondary.jpg?fit=2200%2C399&ssl=1\",\"contentUrl\":\"https:\\\/\\\/i0.wp.com\\\/www.parrinst.com\\\/de\\\/wp-content\\\/uploads\\\/sites\\\/6\\\/2018\\\/01\\\/parr_banner_multi_secondary.jpg?fit=2200%2C399&ssl=1\",\"width\":2200,\"height\":399},{\"@type\":\"BreadcrumbList\",\"@id\":\"https:\\\/\\\/www.parrinst.com\\\/de\\\/products\\\/multi-reactor-systems\\\/series-2500-micro-batch-system\\\/#breadcrumb\",\"itemListElement\":[{\"@type\":\"ListItem\",\"position\":1,\"name\":\"Home\",\"item\":\"https:\\\/\\\/www.parrinst.com\\\/de\\\/\"},{\"@type\":\"ListItem\",\"position\":2,\"name\":\"Products\",\"item\":\"https:\\\/\\\/www.parrinst.com\\\/de\\\/products\\\/\"},{\"@type\":\"ListItem\",\"position\":3,\"name\":\"Mehrfachreaktorsysteme\",\"item\":\"https:\\\/\\\/www.parrinst.com\\\/de\\\/products\\\/multi-reactor-systems\\\/\"},{\"@type\":\"ListItem\",\"position\":4,\"name\":\"Serie 2500 Mikro Batchsystem\"}]},{\"@type\":\"WebSite\",\"@id\":\"https:\\\/\\\/www.parrinst.com\\\/de\\\/#website\",\"url\":\"https:\\\/\\\/www.parrinst.com\\\/de\\\/\",\"name\":\"Parr Instrument GmbH\",\"description\":\"\",\"potentialAction\":[{\"@type\":\"SearchAction\",\"target\":{\"@type\":\"EntryPoint\",\"urlTemplate\":\"https:\\\/\\\/www.parrinst.com\\\/de\\\/?s={search_term_string}\"},\"query-input\":{\"@type\":\"PropertyValueSpecification\",\"valueRequired\":true,\"valueName\":\"search_term_string\"}}],\"inLanguage\":\"en-US\"}]}<\/script>\n<!-- \/ Yoast SEO plugin. -->","yoast_head_json":{"title":"Serie 2500 Mikro Batchsystem - Parr Instrument GmbH","robots":{"index":"index","follow":"follow","max-snippet":"max-snippet:-1","max-image-preview":"max-image-preview:large","max-video-preview":"max-video-preview:-1"},"canonical":"https:\/\/www.parrinst.com\/de\/products\/multi-reactor-systems\/series-2500-micro-batch-system\/","og_locale":"en_US","og_type":"article","og_title":"Serie 2500 Mikro Batchsystem - Parr Instrument GmbH","og_description":"Parr Instrument Company freut sich, die Baureihe von unseren kleinsten \u00fcberhaupt R\u00fchrreaktoren vorzustellen. Diese sind in verschiedenen Ausf\u00fchrungen erh\u00e4ltlich. Mit Reaktorgr\u00f6\u00dfen von 5 ml und 10 ml, unabh\u00e4ngigem Gaszufuhrsystem, PID-Temperatursteuerung und der Auswahl von zwei Verschluss-Designs, zeichnet sich das MBS 2500 durch seine Flexibilit\u00e4t aus und ist perfekt f\u00fcr Ihre Hochdruckanwendungen mit kleinen Probenvolumen geeignet. [&hellip;]","og_url":"https:\/\/www.parrinst.com\/de\/products\/multi-reactor-systems\/series-2500-micro-batch-system\/","og_site_name":"Parr Instrument GmbH","article_modified_time":"2021-01-13T14:33:44+00:00","og_image":[{"width":2200,"height":399,"url":"https:\/\/www.parrinst.com\/de\/files\/2018\/01\/parr_banner_multi_secondary.jpg","type":"image\/jpeg"}],"twitter_card":"summary_large_image","twitter_misc":{"Est. reading time":"1 minute"},"schema":{"@context":"https:\/\/schema.org","@graph":[{"@type":"WebPage","@id":"https:\/\/www.parrinst.com\/de\/products\/multi-reactor-systems\/series-2500-micro-batch-system\/","url":"https:\/\/www.parrinst.com\/de\/products\/multi-reactor-systems\/series-2500-micro-batch-system\/","name":"Serie 2500 Mikro Batchsystem - Parr Instrument GmbH","isPartOf":{"@id":"https:\/\/www.parrinst.com\/de\/#website"},"primaryImageOfPage":{"@id":"https:\/\/www.parrinst.com\/de\/products\/multi-reactor-systems\/series-2500-micro-batch-system\/#primaryimage"},"image":{"@id":"https:\/\/www.parrinst.com\/de\/products\/multi-reactor-systems\/series-2500-micro-batch-system\/#primaryimage"},"thumbnailUrl":"https:\/\/i0.wp.com\/www.parrinst.com\/de\/wp-content\/uploads\/sites\/6\/2018\/01\/parr_banner_multi_secondary.jpg?fit=2200%2C399&ssl=1","datePublished":"2018-01-09T19:10:52+00:00","dateModified":"2021-01-13T14:33:44+00:00","breadcrumb":{"@id":"https:\/\/www.parrinst.com\/de\/products\/multi-reactor-systems\/series-2500-micro-batch-system\/#breadcrumb"},"inLanguage":"en-US","potentialAction":[{"@type":"ReadAction","target":["https:\/\/www.parrinst.com\/de\/products\/multi-reactor-systems\/series-2500-micro-batch-system\/"]}]},{"@type":"ImageObject","inLanguage":"en-US","@id":"https:\/\/www.parrinst.com\/de\/products\/multi-reactor-systems\/series-2500-micro-batch-system\/#primaryimage","url":"https:\/\/i0.wp.com\/www.parrinst.com\/de\/wp-content\/uploads\/sites\/6\/2018\/01\/parr_banner_multi_secondary.jpg?fit=2200%2C399&ssl=1","contentUrl":"https:\/\/i0.wp.com\/www.parrinst.com\/de\/wp-content\/uploads\/sites\/6\/2018\/01\/parr_banner_multi_secondary.jpg?fit=2200%2C399&ssl=1","width":2200,"height":399},{"@type":"BreadcrumbList","@id":"https:\/\/www.parrinst.com\/de\/products\/multi-reactor-systems\/series-2500-micro-batch-system\/#breadcrumb","itemListElement":[{"@type":"ListItem","position":1,"name":"Home","item":"https:\/\/www.parrinst.com\/de\/"},{"@type":"ListItem","position":2,"name":"Products","item":"https:\/\/www.parrinst.com\/de\/products\/"},{"@type":"ListItem","position":3,"name":"Mehrfachreaktorsysteme","item":"https:\/\/www.parrinst.com\/de\/products\/multi-reactor-systems\/"},{"@type":"ListItem","position":4,"name":"Serie 2500 Mikro Batchsystem"}]},{"@type":"WebSite","@id":"https:\/\/www.parrinst.com\/de\/#website","url":"https:\/\/www.parrinst.com\/de\/","name":"Parr Instrument GmbH","description":"","potentialAction":[{"@type":"SearchAction","target":{"@type":"EntryPoint","urlTemplate":"https:\/\/www.parrinst.com\/de\/?s={search_term_string}"},"query-input":{"@type":"PropertyValueSpecification","valueRequired":true,"valueName":"search_term_string"}}],"inLanguage":"en-US"}]}},"jetpack_sharing_enabled":true,"_links":{"self":[{"href":"https:\/\/www.parrinst.com\/de\/wp-json\/wp\/v2\/pages\/36899","targetHints":{"allow":["GET"]}}],"collection":[{"href":"https:\/\/www.parrinst.com\/de\/wp-json\/wp\/v2\/pages"}],"about":[{"href":"https:\/\/www.parrinst.com\/de\/wp-json\/wp\/v2\/types\/page"}],"author":[{"embeddable":true,"href":"https:\/\/www.parrinst.com\/de\/wp-json\/wp\/v2\/users\/12"}],"replies":[{"embeddable":true,"href":"https:\/\/www.parrinst.com\/de\/wp-json\/wp\/v2\/comments?post=36899"}],"version-history":[{"count":11,"href":"https:\/\/www.parrinst.com\/de\/wp-json\/wp\/v2\/pages\/36899\/revisions"}],"predecessor-version":[{"id":40661,"href":"https:\/\/www.parrinst.com\/de\/wp-json\/wp\/v2\/pages\/36899\/revisions\/40661"}],"up":[{"embeddable":true,"href":"https:\/\/www.parrinst.com\/de\/wp-json\/wp\/v2\/pages\/11596"}],"wp:featuredmedia":[{"embeddable":true,"href":"https:\/\/www.parrinst.com\/de\/wp-json\/wp\/v2\/media\/36913"}],"wp:attachment":[{"href":"https:\/\/www.parrinst.com\/de\/wp-json\/wp\/v2\/media?parent=36899"}],"curies":[{"name":"wp","href":"https:\/\/api.w.org\/{rel}","templated":true}]}}