{"id":37706,"date":"2018-01-25T17:31:29","date_gmt":"2018-01-25T16:31:29","guid":{"rendered":"https:\/\/www.parrinst.com\/de\/?page_id=37706"},"modified":"2022-04-06T16:13:40","modified_gmt":"2022-04-06T21:13:40","slug":"custom-systems","status":"publish","type":"page","link":"https:\/\/www.parrinst.com\/de\/products\/stirred-reactors\/custom-systems\/","title":{"rendered":"Kundespezifische Reaktorsysteme"},"content":{"rendered":"<figure id=\"attachment_37707\" aria-describedby=\"caption-attachment-37707\" style=\"width: 300px\" class=\"wp-caption alignright\"><a href=\"https:\/\/i0.wp.com\/www.parrinst.com\/de\/wp-content\/uploads\/sites\/6\/2018\/01\/Custom-Reactor_09DSC3631.jpg?ssl=1\"><img data-recalc-dims=\"1\" loading=\"lazy\" decoding=\"async\" class=\"size-medium wp-image-37707\" src=\"https:\/\/i0.wp.com\/www.parrinst.com\/de\/wp-content\/uploads\/sites\/6\/2018\/01\/Custom-Reactor_09DSC3631.jpg?resize=300%2C300&#038;ssl=1\" alt=\"Custom Reactor\" width=\"300\" height=\"300\" srcset=\"https:\/\/i0.wp.com\/www.parrinst.com\/de\/wp-content\/uploads\/sites\/6\/2018\/01\/Custom-Reactor_09DSC3631.jpg?resize=300%2C300&amp;ssl=1 300w, https:\/\/i0.wp.com\/www.parrinst.com\/de\/wp-content\/uploads\/sites\/6\/2018\/01\/Custom-Reactor_09DSC3631.jpg?resize=150%2C150&amp;ssl=1 150w, https:\/\/i0.wp.com\/www.parrinst.com\/de\/wp-content\/uploads\/sites\/6\/2018\/01\/Custom-Reactor_09DSC3631.jpg?w=600&amp;ssl=1 600w\" sizes=\"auto, (max-width: 300px) 100vw, 300px\" \/><\/a><figcaption id=\"caption-attachment-37707\" class=\"wp-caption-text\">Kundenspezifisches ger\u00fchrtes Reaktorsystem<\/figcaption><\/figure>\n<p>Haben Sie in unserem Angebot keinen passenden Druck, Temperatur oder Gr\u00f6\u00dfe gefunden? Dann lassen Sie sich ein Spezialreaktorystem von uns bauen.<\/p>\n<p>Die kundenspezifischen Reaktorsysteme von Parr k\u00f6nnen effizient f\u00fcr Ihre speziellen Forschungsanforderungen ma\u00dfgeschneidert werden. Unsere erfahrenen Ingenieure, Vertriebs- und Produktionsteams arbeiten in allen Produktionssstufen \u2013 vom Konzept bis zur Fertigung \u2013 eng mit Ihnen zusammen, um Ihr System schnell, pr\u00e4zise und \u00f6konomisch zu bauen.<\/p>\n<p><strong>Kontaktieren Sie uns \u2013 wir hoffen schon bald ein hochwertiges Laborsystem f\u00fcr Sie bauen zu d\u00fcrfen!<\/strong><\/p>\n<p>&nbsp;<\/p>\n<div id=\"frmapi-101650\" class=\"frmapi-form\" data-url=\"https:\/\/www.parrinst.com\/wp-json\/frm\/v2\/forms\/10?exclude_script=&#038;return=html\"><\/div>\n","protected":false},"excerpt":{"rendered":"<p>Haben Sie in unserem Angebot keinen passenden Druck, Temperatur oder Gr\u00f6\u00dfe gefunden? Dann lassen Sie sich ein Spezialreaktorystem von uns bauen. Die kundenspezifischen Reaktorsysteme von Parr k\u00f6nnen effizient f\u00fcr Ihre speziellen Forschungsanforderungen ma\u00dfgeschneidert werden. Unsere erfahrenen Ingenieure, Vertriebs- und Produktionsteams arbeiten in allen Produktionssstufen \u2013 vom Konzept bis zur Fertigung \u2013 eng mit Ihnen zusammen, [&hellip;]<\/p>\n","protected":false},"author":12,"featured_media":36873,"parent":47,"menu_order":100,"comment_status":"closed","ping_status":"closed","template":"product-wide-strirred-filter.php","meta":{"_acf_changed":false,"footnotes":"","_links_to":"","_links_to_target":""},"class_list":["post-37706","page","type-page","status-publish","has-post-thumbnail","hentry"],"acf":[],"yoast_head":"<!-- This site is optimized with the Yoast SEO plugin v27.4 - https:\/\/yoast.com\/product\/yoast-seo-wordpress\/ -->\n<title>Kundespezifische Reaktorsysteme - Parr Instrument GmbH<\/title>\n<meta name=\"robots\" content=\"index, follow, max-snippet:-1, max-image-preview:large, max-video-preview:-1\" \/>\n<link rel=\"canonical\" href=\"https:\/\/www.parrinst.com\/de\/products\/stirred-reactors\/custom-systems\/\" \/>\n<meta property=\"og:locale\" content=\"en_US\" \/>\n<meta property=\"og:type\" content=\"article\" \/>\n<meta property=\"og:title\" content=\"Kundespezifische Reaktorsysteme - Parr Instrument GmbH\" \/>\n<meta property=\"og:description\" content=\"Haben Sie in unserem Angebot keinen passenden Druck, Temperatur oder Gr\u00f6\u00dfe gefunden? Dann lassen Sie sich ein Spezialreaktorystem von uns bauen. Die kundenspezifischen Reaktorsysteme von Parr k\u00f6nnen effizient f\u00fcr Ihre speziellen Forschungsanforderungen ma\u00dfgeschneidert werden. Unsere erfahrenen Ingenieure, Vertriebs- und Produktionsteams arbeiten in allen Produktionssstufen \u2013 vom Konzept bis zur Fertigung \u2013 eng mit Ihnen zusammen, [&hellip;]\" \/>\n<meta property=\"og:url\" content=\"https:\/\/www.parrinst.com\/de\/products\/stirred-reactors\/custom-systems\/\" \/>\n<meta property=\"og:site_name\" content=\"Parr Instrument GmbH\" \/>\n<meta property=\"article:modified_time\" content=\"2022-04-06T21:13:40+00:00\" \/>\n<meta property=\"og:image\" content=\"https:\/\/www.parrinst.com\/de\/files\/2017\/12\/parr_banner_stirred3_secondary.jpg\" \/>\n\t<meta property=\"og:image:width\" content=\"2200\" \/>\n\t<meta property=\"og:image:height\" content=\"399\" \/>\n\t<meta property=\"og:image:type\" content=\"image\/jpeg\" \/>\n<meta name=\"twitter:card\" content=\"summary_large_image\" \/>\n<meta name=\"twitter:label1\" content=\"Est. reading time\" \/>\n\t<meta name=\"twitter:data1\" content=\"1 minute\" \/>\n<script type=\"application\/ld+json\" class=\"yoast-schema-graph\">{\"@context\":\"https:\\\/\\\/schema.org\",\"@graph\":[{\"@type\":\"WebPage\",\"@id\":\"https:\\\/\\\/www.parrinst.com\\\/de\\\/products\\\/stirred-reactors\\\/custom-systems\\\/\",\"url\":\"https:\\\/\\\/www.parrinst.com\\\/de\\\/products\\\/stirred-reactors\\\/custom-systems\\\/\",\"name\":\"Kundespezifische Reaktorsysteme - Parr Instrument GmbH\",\"isPartOf\":{\"@id\":\"https:\\\/\\\/www.parrinst.com\\\/de\\\/#website\"},\"primaryImageOfPage\":{\"@id\":\"https:\\\/\\\/www.parrinst.com\\\/de\\\/products\\\/stirred-reactors\\\/custom-systems\\\/#primaryimage\"},\"image\":{\"@id\":\"https:\\\/\\\/www.parrinst.com\\\/de\\\/products\\\/stirred-reactors\\\/custom-systems\\\/#primaryimage\"},\"thumbnailUrl\":\"https:\\\/\\\/i0.wp.com\\\/www.parrinst.com\\\/de\\\/wp-content\\\/uploads\\\/sites\\\/6\\\/2017\\\/12\\\/parr_banner_stirred3_secondary.jpg?fit=2200%2C399&ssl=1\",\"datePublished\":\"2018-01-25T16:31:29+00:00\",\"dateModified\":\"2022-04-06T21:13:40+00:00\",\"breadcrumb\":{\"@id\":\"https:\\\/\\\/www.parrinst.com\\\/de\\\/products\\\/stirred-reactors\\\/custom-systems\\\/#breadcrumb\"},\"inLanguage\":\"en-US\",\"potentialAction\":[{\"@type\":\"ReadAction\",\"target\":[\"https:\\\/\\\/www.parrinst.com\\\/de\\\/products\\\/stirred-reactors\\\/custom-systems\\\/\"]}]},{\"@type\":\"ImageObject\",\"inLanguage\":\"en-US\",\"@id\":\"https:\\\/\\\/www.parrinst.com\\\/de\\\/products\\\/stirred-reactors\\\/custom-systems\\\/#primaryimage\",\"url\":\"https:\\\/\\\/i0.wp.com\\\/www.parrinst.com\\\/de\\\/wp-content\\\/uploads\\\/sites\\\/6\\\/2017\\\/12\\\/parr_banner_stirred3_secondary.jpg?fit=2200%2C399&ssl=1\",\"contentUrl\":\"https:\\\/\\\/i0.wp.com\\\/www.parrinst.com\\\/de\\\/wp-content\\\/uploads\\\/sites\\\/6\\\/2017\\\/12\\\/parr_banner_stirred3_secondary.jpg?fit=2200%2C399&ssl=1\",\"width\":2200,\"height\":399},{\"@type\":\"BreadcrumbList\",\"@id\":\"https:\\\/\\\/www.parrinst.com\\\/de\\\/products\\\/stirred-reactors\\\/custom-systems\\\/#breadcrumb\",\"itemListElement\":[{\"@type\":\"ListItem\",\"position\":1,\"name\":\"Home\",\"item\":\"https:\\\/\\\/www.parrinst.com\\\/de\\\/\"},{\"@type\":\"ListItem\",\"position\":2,\"name\":\"Products\",\"item\":\"https:\\\/\\\/www.parrinst.com\\\/de\\\/products\\\/\"},{\"@type\":\"ListItem\",\"position\":3,\"name\":\"Ger\u00fchrte Reaktoren\",\"item\":\"https:\\\/\\\/www.parrinst.com\\\/de\\\/products\\\/stirred-reactors\\\/\"},{\"@type\":\"ListItem\",\"position\":4,\"name\":\"Kundespezifische Reaktorsysteme\"}]},{\"@type\":\"WebSite\",\"@id\":\"https:\\\/\\\/www.parrinst.com\\\/de\\\/#website\",\"url\":\"https:\\\/\\\/www.parrinst.com\\\/de\\\/\",\"name\":\"Parr Instrument GmbH\",\"description\":\"\",\"potentialAction\":[{\"@type\":\"SearchAction\",\"target\":{\"@type\":\"EntryPoint\",\"urlTemplate\":\"https:\\\/\\\/www.parrinst.com\\\/de\\\/?s={search_term_string}\"},\"query-input\":{\"@type\":\"PropertyValueSpecification\",\"valueRequired\":true,\"valueName\":\"search_term_string\"}}],\"inLanguage\":\"en-US\"}]}<\/script>\n<!-- \/ Yoast SEO plugin. -->","yoast_head_json":{"title":"Kundespezifische Reaktorsysteme - Parr Instrument GmbH","robots":{"index":"index","follow":"follow","max-snippet":"max-snippet:-1","max-image-preview":"max-image-preview:large","max-video-preview":"max-video-preview:-1"},"canonical":"https:\/\/www.parrinst.com\/de\/products\/stirred-reactors\/custom-systems\/","og_locale":"en_US","og_type":"article","og_title":"Kundespezifische Reaktorsysteme - Parr Instrument GmbH","og_description":"Haben Sie in unserem Angebot keinen passenden Druck, Temperatur oder Gr\u00f6\u00dfe gefunden? Dann lassen Sie sich ein Spezialreaktorystem von uns bauen. Die kundenspezifischen Reaktorsysteme von Parr k\u00f6nnen effizient f\u00fcr Ihre speziellen Forschungsanforderungen ma\u00dfgeschneidert werden. Unsere erfahrenen Ingenieure, Vertriebs- und Produktionsteams arbeiten in allen Produktionssstufen \u2013 vom Konzept bis zur Fertigung \u2013 eng mit Ihnen zusammen, [&hellip;]","og_url":"https:\/\/www.parrinst.com\/de\/products\/stirred-reactors\/custom-systems\/","og_site_name":"Parr Instrument GmbH","article_modified_time":"2022-04-06T21:13:40+00:00","og_image":[{"width":2200,"height":399,"url":"https:\/\/www.parrinst.com\/de\/files\/2017\/12\/parr_banner_stirred3_secondary.jpg","type":"image\/jpeg"}],"twitter_card":"summary_large_image","twitter_misc":{"Est. reading time":"1 minute"},"schema":{"@context":"https:\/\/schema.org","@graph":[{"@type":"WebPage","@id":"https:\/\/www.parrinst.com\/de\/products\/stirred-reactors\/custom-systems\/","url":"https:\/\/www.parrinst.com\/de\/products\/stirred-reactors\/custom-systems\/","name":"Kundespezifische Reaktorsysteme - Parr Instrument GmbH","isPartOf":{"@id":"https:\/\/www.parrinst.com\/de\/#website"},"primaryImageOfPage":{"@id":"https:\/\/www.parrinst.com\/de\/products\/stirred-reactors\/custom-systems\/#primaryimage"},"image":{"@id":"https:\/\/www.parrinst.com\/de\/products\/stirred-reactors\/custom-systems\/#primaryimage"},"thumbnailUrl":"https:\/\/i0.wp.com\/www.parrinst.com\/de\/wp-content\/uploads\/sites\/6\/2017\/12\/parr_banner_stirred3_secondary.jpg?fit=2200%2C399&ssl=1","datePublished":"2018-01-25T16:31:29+00:00","dateModified":"2022-04-06T21:13:40+00:00","breadcrumb":{"@id":"https:\/\/www.parrinst.com\/de\/products\/stirred-reactors\/custom-systems\/#breadcrumb"},"inLanguage":"en-US","potentialAction":[{"@type":"ReadAction","target":["https:\/\/www.parrinst.com\/de\/products\/stirred-reactors\/custom-systems\/"]}]},{"@type":"ImageObject","inLanguage":"en-US","@id":"https:\/\/www.parrinst.com\/de\/products\/stirred-reactors\/custom-systems\/#primaryimage","url":"https:\/\/i0.wp.com\/www.parrinst.com\/de\/wp-content\/uploads\/sites\/6\/2017\/12\/parr_banner_stirred3_secondary.jpg?fit=2200%2C399&ssl=1","contentUrl":"https:\/\/i0.wp.com\/www.parrinst.com\/de\/wp-content\/uploads\/sites\/6\/2017\/12\/parr_banner_stirred3_secondary.jpg?fit=2200%2C399&ssl=1","width":2200,"height":399},{"@type":"BreadcrumbList","@id":"https:\/\/www.parrinst.com\/de\/products\/stirred-reactors\/custom-systems\/#breadcrumb","itemListElement":[{"@type":"ListItem","position":1,"name":"Home","item":"https:\/\/www.parrinst.com\/de\/"},{"@type":"ListItem","position":2,"name":"Products","item":"https:\/\/www.parrinst.com\/de\/products\/"},{"@type":"ListItem","position":3,"name":"Ger\u00fchrte Reaktoren","item":"https:\/\/www.parrinst.com\/de\/products\/stirred-reactors\/"},{"@type":"ListItem","position":4,"name":"Kundespezifische Reaktorsysteme"}]},{"@type":"WebSite","@id":"https:\/\/www.parrinst.com\/de\/#website","url":"https:\/\/www.parrinst.com\/de\/","name":"Parr Instrument GmbH","description":"","potentialAction":[{"@type":"SearchAction","target":{"@type":"EntryPoint","urlTemplate":"https:\/\/www.parrinst.com\/de\/?s={search_term_string}"},"query-input":{"@type":"PropertyValueSpecification","valueRequired":true,"valueName":"search_term_string"}}],"inLanguage":"en-US"}]}},"jetpack_sharing_enabled":true,"_links":{"self":[{"href":"https:\/\/www.parrinst.com\/de\/wp-json\/wp\/v2\/pages\/37706","targetHints":{"allow":["GET"]}}],"collection":[{"href":"https:\/\/www.parrinst.com\/de\/wp-json\/wp\/v2\/pages"}],"about":[{"href":"https:\/\/www.parrinst.com\/de\/wp-json\/wp\/v2\/types\/page"}],"author":[{"embeddable":true,"href":"https:\/\/www.parrinst.com\/de\/wp-json\/wp\/v2\/users\/12"}],"replies":[{"embeddable":true,"href":"https:\/\/www.parrinst.com\/de\/wp-json\/wp\/v2\/comments?post=37706"}],"version-history":[{"count":7,"href":"https:\/\/www.parrinst.com\/de\/wp-json\/wp\/v2\/pages\/37706\/revisions"}],"predecessor-version":[{"id":41052,"href":"https:\/\/www.parrinst.com\/de\/wp-json\/wp\/v2\/pages\/37706\/revisions\/41052"}],"up":[{"embeddable":true,"href":"https:\/\/www.parrinst.com\/de\/wp-json\/wp\/v2\/pages\/47"}],"wp:featuredmedia":[{"embeddable":true,"href":"https:\/\/www.parrinst.com\/de\/wp-json\/wp\/v2\/media\/36873"}],"wp:attachment":[{"href":"https:\/\/www.parrinst.com\/de\/wp-json\/wp\/v2\/media?parent=37706"}],"curies":[{"name":"wp","href":"https:\/\/api.w.org\/{rel}","templated":true}]}}