{"id":37864,"date":"2018-01-29T16:33:55","date_gmt":"2018-01-29T15:33:55","guid":{"rendered":"https:\/\/www.parrinst.com\/de\/?page_id=37864"},"modified":"2024-09-17T15:05:11","modified_gmt":"2024-09-17T20:05:11","slug":"custom-non-stirred-pressure-vessels","status":"publish","type":"page","link":"https:\/\/www.parrinst.com\/de\/products\/non-stirred-pressure-vessels\/custom-non-stirred-pressure-vessels\/","title":{"rendered":"Kundenspezifische nicht ger\u00fchrte Druckgef\u00e4\u00dfe"},"content":{"rendered":"<p><a href=\"https:\/\/i0.wp.com\/www.parrinst.com\/de\/wp-content\/uploads\/sites\/6\/2018\/01\/4740_75mL_4848_500x600.jpg?ssl=1\"><img data-recalc-dims=\"1\" loading=\"lazy\" decoding=\"async\" class=\"alignright size-medium wp-image-37770\" src=\"https:\/\/i0.wp.com\/www.parrinst.com\/de\/wp-content\/uploads\/sites\/6\/2018\/01\/4740_75mL_4848_500x600.jpg?resize=250%2C300&#038;ssl=1\" alt=\"\" width=\"250\" height=\"300\" srcset=\"https:\/\/i0.wp.com\/www.parrinst.com\/de\/wp-content\/uploads\/sites\/6\/2018\/01\/4740_75mL_4848_500x600.jpg?resize=250%2C300&amp;ssl=1 250w, https:\/\/i0.wp.com\/www.parrinst.com\/de\/wp-content\/uploads\/sites\/6\/2018\/01\/4740_75mL_4848_500x600.jpg?resize=125%2C150&amp;ssl=1 125w, https:\/\/i0.wp.com\/www.parrinst.com\/de\/wp-content\/uploads\/sites\/6\/2018\/01\/4740_75mL_4848_500x600.jpg?w=500&amp;ssl=1 500w\" sizes=\"auto, (max-width: 250px) 100vw, 250px\" \/><\/a>Haben Sie in unserem Angebot keinen passenden Druck, Temperatur oder Gr\u00f6\u00dfe gefunden? Dann lassen Sie sich ein Spezialdruckgef\u00e4\u00df von uns bauen.<\/p>\n<p>Von einzelnen Druckgef\u00e4\u00dfen bis kompletten Systemen mit Heizungen und Zubeh\u00f6r &#8211; unsere erfahrenen Ingenieure, Vertriebs- und Produktionsteams arbeiten eng mit Ihnen zusammen, um Druck-Equipment zu bauen, das Ihren Forschungsanforderungen v\u00f6llig entspricht.<\/p>\n<p><strong>Kontaktieren Sie uns \u2013 wir hoffen schon bald ein hochwertiges Laborsystem f\u00fcr Sie bauen zu d\u00fcrfen!<\/strong><\/p>\n<p><iframe style=\"width:100%; height:1600px; border:0;\" src=\"https:\/\/www.parrinst.com\/contact-form-embed\/\" title=\"Contact Form\"><\/iframe><\/p>\n<p><!--[qqfrm-api type=\"form\" id=10 url=\"https:\/\/www.parrinst.com\"]--><\/p>\n","protected":false},"excerpt":{"rendered":"<p>Haben Sie in unserem Angebot keinen passenden Druck, Temperatur oder Gr\u00f6\u00dfe gefunden? Dann lassen Sie sich ein Spezialdruckgef\u00e4\u00df von uns bauen. Von einzelnen Druckgef\u00e4\u00dfen bis kompletten Systemen mit Heizungen und Zubeh\u00f6r &#8211; unsere erfahrenen Ingenieure, Vertriebs- und Produktionsteams arbeiten eng mit Ihnen zusammen, um Druck-Equipment zu bauen, das Ihren Forschungsanforderungen v\u00f6llig entspricht. Kontaktieren Sie uns [&hellip;]<\/p>\n","protected":false},"author":12,"featured_media":37713,"parent":77,"menu_order":100,"comment_status":"closed","ping_status":"closed","template":"product-wide-strirred-filter.php","meta":{"_acf_changed":false,"footnotes":"","_links_to":"","_links_to_target":""},"class_list":["post-37864","page","type-page","status-publish","has-post-thumbnail","hentry"],"acf":[],"yoast_head":"<!-- This site is optimized with the Yoast SEO plugin v27.4 - https:\/\/yoast.com\/product\/yoast-seo-wordpress\/ -->\n<title>Kundenspezifische nicht ger\u00fchrte Druckgef\u00e4\u00dfe - Parr Instrument GmbH<\/title>\n<meta name=\"robots\" content=\"index, follow, max-snippet:-1, max-image-preview:large, max-video-preview:-1\" \/>\n<link rel=\"canonical\" href=\"https:\/\/www.parrinst.com\/de\/products\/non-stirred-pressure-vessels\/custom-non-stirred-pressure-vessels\/\" \/>\n<meta property=\"og:locale\" content=\"en_US\" \/>\n<meta property=\"og:type\" content=\"article\" \/>\n<meta property=\"og:title\" content=\"Kundenspezifische nicht ger\u00fchrte Druckgef\u00e4\u00dfe - Parr Instrument GmbH\" \/>\n<meta property=\"og:description\" content=\"Haben Sie in unserem Angebot keinen passenden Druck, Temperatur oder Gr\u00f6\u00dfe gefunden? Dann lassen Sie sich ein Spezialdruckgef\u00e4\u00df von uns bauen. Von einzelnen Druckgef\u00e4\u00dfen bis kompletten Systemen mit Heizungen und Zubeh\u00f6r &#8211; unsere erfahrenen Ingenieure, Vertriebs- und Produktionsteams arbeiten eng mit Ihnen zusammen, um Druck-Equipment zu bauen, das Ihren Forschungsanforderungen v\u00f6llig entspricht. Kontaktieren Sie uns [&hellip;]\" \/>\n<meta property=\"og:url\" content=\"https:\/\/www.parrinst.com\/de\/products\/non-stirred-pressure-vessels\/custom-non-stirred-pressure-vessels\/\" \/>\n<meta property=\"og:site_name\" content=\"Parr Instrument GmbH\" \/>\n<meta property=\"article:modified_time\" content=\"2024-09-17T20:05:11+00:00\" \/>\n<meta property=\"og:image\" content=\"https:\/\/www.parrinst.com\/de\/files\/2018\/01\/parr_banner_non-stirred_secondary.jpg\" \/>\n\t<meta property=\"og:image:width\" content=\"2200\" \/>\n\t<meta property=\"og:image:height\" content=\"399\" \/>\n\t<meta property=\"og:image:type\" content=\"image\/jpeg\" \/>\n<meta name=\"twitter:card\" content=\"summary_large_image\" \/>\n<meta name=\"twitter:label1\" content=\"Est. reading time\" \/>\n\t<meta name=\"twitter:data1\" content=\"1 minute\" \/>\n<script type=\"application\/ld+json\" class=\"yoast-schema-graph\">{\"@context\":\"https:\\\/\\\/schema.org\",\"@graph\":[{\"@type\":\"WebPage\",\"@id\":\"https:\\\/\\\/www.parrinst.com\\\/de\\\/products\\\/non-stirred-pressure-vessels\\\/custom-non-stirred-pressure-vessels\\\/\",\"url\":\"https:\\\/\\\/www.parrinst.com\\\/de\\\/products\\\/non-stirred-pressure-vessels\\\/custom-non-stirred-pressure-vessels\\\/\",\"name\":\"Kundenspezifische nicht ger\u00fchrte Druckgef\u00e4\u00dfe - Parr Instrument GmbH\",\"isPartOf\":{\"@id\":\"https:\\\/\\\/www.parrinst.com\\\/de\\\/#website\"},\"primaryImageOfPage\":{\"@id\":\"https:\\\/\\\/www.parrinst.com\\\/de\\\/products\\\/non-stirred-pressure-vessels\\\/custom-non-stirred-pressure-vessels\\\/#primaryimage\"},\"image\":{\"@id\":\"https:\\\/\\\/www.parrinst.com\\\/de\\\/products\\\/non-stirred-pressure-vessels\\\/custom-non-stirred-pressure-vessels\\\/#primaryimage\"},\"thumbnailUrl\":\"https:\\\/\\\/i0.wp.com\\\/www.parrinst.com\\\/de\\\/wp-content\\\/uploads\\\/sites\\\/6\\\/2018\\\/01\\\/parr_banner_non-stirred_secondary.jpg?fit=2200%2C399&ssl=1\",\"datePublished\":\"2018-01-29T15:33:55+00:00\",\"dateModified\":\"2024-09-17T20:05:11+00:00\",\"breadcrumb\":{\"@id\":\"https:\\\/\\\/www.parrinst.com\\\/de\\\/products\\\/non-stirred-pressure-vessels\\\/custom-non-stirred-pressure-vessels\\\/#breadcrumb\"},\"inLanguage\":\"en-US\",\"potentialAction\":[{\"@type\":\"ReadAction\",\"target\":[\"https:\\\/\\\/www.parrinst.com\\\/de\\\/products\\\/non-stirred-pressure-vessels\\\/custom-non-stirred-pressure-vessels\\\/\"]}]},{\"@type\":\"ImageObject\",\"inLanguage\":\"en-US\",\"@id\":\"https:\\\/\\\/www.parrinst.com\\\/de\\\/products\\\/non-stirred-pressure-vessels\\\/custom-non-stirred-pressure-vessels\\\/#primaryimage\",\"url\":\"https:\\\/\\\/i0.wp.com\\\/www.parrinst.com\\\/de\\\/wp-content\\\/uploads\\\/sites\\\/6\\\/2018\\\/01\\\/parr_banner_non-stirred_secondary.jpg?fit=2200%2C399&ssl=1\",\"contentUrl\":\"https:\\\/\\\/i0.wp.com\\\/www.parrinst.com\\\/de\\\/wp-content\\\/uploads\\\/sites\\\/6\\\/2018\\\/01\\\/parr_banner_non-stirred_secondary.jpg?fit=2200%2C399&ssl=1\",\"width\":2200,\"height\":399},{\"@type\":\"BreadcrumbList\",\"@id\":\"https:\\\/\\\/www.parrinst.com\\\/de\\\/products\\\/non-stirred-pressure-vessels\\\/custom-non-stirred-pressure-vessels\\\/#breadcrumb\",\"itemListElement\":[{\"@type\":\"ListItem\",\"position\":1,\"name\":\"Home\",\"item\":\"https:\\\/\\\/www.parrinst.com\\\/de\\\/\"},{\"@type\":\"ListItem\",\"position\":2,\"name\":\"Products\",\"item\":\"https:\\\/\\\/www.parrinst.com\\\/de\\\/products\\\/\"},{\"@type\":\"ListItem\",\"position\":3,\"name\":\"Nicht ger\u00fchrte Druckbeh\u00e4lter\",\"item\":\"https:\\\/\\\/www.parrinst.com\\\/de\\\/products\\\/non-stirred-pressure-vessels\\\/\"},{\"@type\":\"ListItem\",\"position\":4,\"name\":\"Kundenspezifische nicht ger\u00fchrte Druckgef\u00e4\u00dfe\"}]},{\"@type\":\"WebSite\",\"@id\":\"https:\\\/\\\/www.parrinst.com\\\/de\\\/#website\",\"url\":\"https:\\\/\\\/www.parrinst.com\\\/de\\\/\",\"name\":\"Parr Instrument GmbH\",\"description\":\"\",\"potentialAction\":[{\"@type\":\"SearchAction\",\"target\":{\"@type\":\"EntryPoint\",\"urlTemplate\":\"https:\\\/\\\/www.parrinst.com\\\/de\\\/?s={search_term_string}\"},\"query-input\":{\"@type\":\"PropertyValueSpecification\",\"valueRequired\":true,\"valueName\":\"search_term_string\"}}],\"inLanguage\":\"en-US\"}]}<\/script>\n<!-- \/ Yoast SEO plugin. -->","yoast_head_json":{"title":"Kundenspezifische nicht ger\u00fchrte Druckgef\u00e4\u00dfe - Parr Instrument GmbH","robots":{"index":"index","follow":"follow","max-snippet":"max-snippet:-1","max-image-preview":"max-image-preview:large","max-video-preview":"max-video-preview:-1"},"canonical":"https:\/\/www.parrinst.com\/de\/products\/non-stirred-pressure-vessels\/custom-non-stirred-pressure-vessels\/","og_locale":"en_US","og_type":"article","og_title":"Kundenspezifische nicht ger\u00fchrte Druckgef\u00e4\u00dfe - Parr Instrument GmbH","og_description":"Haben Sie in unserem Angebot keinen passenden Druck, Temperatur oder Gr\u00f6\u00dfe gefunden? Dann lassen Sie sich ein Spezialdruckgef\u00e4\u00df von uns bauen. Von einzelnen Druckgef\u00e4\u00dfen bis kompletten Systemen mit Heizungen und Zubeh\u00f6r &#8211; unsere erfahrenen Ingenieure, Vertriebs- und Produktionsteams arbeiten eng mit Ihnen zusammen, um Druck-Equipment zu bauen, das Ihren Forschungsanforderungen v\u00f6llig entspricht. Kontaktieren Sie uns [&hellip;]","og_url":"https:\/\/www.parrinst.com\/de\/products\/non-stirred-pressure-vessels\/custom-non-stirred-pressure-vessels\/","og_site_name":"Parr Instrument GmbH","article_modified_time":"2024-09-17T20:05:11+00:00","og_image":[{"width":2200,"height":399,"url":"https:\/\/www.parrinst.com\/de\/files\/2018\/01\/parr_banner_non-stirred_secondary.jpg","type":"image\/jpeg"}],"twitter_card":"summary_large_image","twitter_misc":{"Est. reading time":"1 minute"},"schema":{"@context":"https:\/\/schema.org","@graph":[{"@type":"WebPage","@id":"https:\/\/www.parrinst.com\/de\/products\/non-stirred-pressure-vessels\/custom-non-stirred-pressure-vessels\/","url":"https:\/\/www.parrinst.com\/de\/products\/non-stirred-pressure-vessels\/custom-non-stirred-pressure-vessels\/","name":"Kundenspezifische nicht ger\u00fchrte Druckgef\u00e4\u00dfe - Parr Instrument GmbH","isPartOf":{"@id":"https:\/\/www.parrinst.com\/de\/#website"},"primaryImageOfPage":{"@id":"https:\/\/www.parrinst.com\/de\/products\/non-stirred-pressure-vessels\/custom-non-stirred-pressure-vessels\/#primaryimage"},"image":{"@id":"https:\/\/www.parrinst.com\/de\/products\/non-stirred-pressure-vessels\/custom-non-stirred-pressure-vessels\/#primaryimage"},"thumbnailUrl":"https:\/\/i0.wp.com\/www.parrinst.com\/de\/wp-content\/uploads\/sites\/6\/2018\/01\/parr_banner_non-stirred_secondary.jpg?fit=2200%2C399&ssl=1","datePublished":"2018-01-29T15:33:55+00:00","dateModified":"2024-09-17T20:05:11+00:00","breadcrumb":{"@id":"https:\/\/www.parrinst.com\/de\/products\/non-stirred-pressure-vessels\/custom-non-stirred-pressure-vessels\/#breadcrumb"},"inLanguage":"en-US","potentialAction":[{"@type":"ReadAction","target":["https:\/\/www.parrinst.com\/de\/products\/non-stirred-pressure-vessels\/custom-non-stirred-pressure-vessels\/"]}]},{"@type":"ImageObject","inLanguage":"en-US","@id":"https:\/\/www.parrinst.com\/de\/products\/non-stirred-pressure-vessels\/custom-non-stirred-pressure-vessels\/#primaryimage","url":"https:\/\/i0.wp.com\/www.parrinst.com\/de\/wp-content\/uploads\/sites\/6\/2018\/01\/parr_banner_non-stirred_secondary.jpg?fit=2200%2C399&ssl=1","contentUrl":"https:\/\/i0.wp.com\/www.parrinst.com\/de\/wp-content\/uploads\/sites\/6\/2018\/01\/parr_banner_non-stirred_secondary.jpg?fit=2200%2C399&ssl=1","width":2200,"height":399},{"@type":"BreadcrumbList","@id":"https:\/\/www.parrinst.com\/de\/products\/non-stirred-pressure-vessels\/custom-non-stirred-pressure-vessels\/#breadcrumb","itemListElement":[{"@type":"ListItem","position":1,"name":"Home","item":"https:\/\/www.parrinst.com\/de\/"},{"@type":"ListItem","position":2,"name":"Products","item":"https:\/\/www.parrinst.com\/de\/products\/"},{"@type":"ListItem","position":3,"name":"Nicht ger\u00fchrte Druckbeh\u00e4lter","item":"https:\/\/www.parrinst.com\/de\/products\/non-stirred-pressure-vessels\/"},{"@type":"ListItem","position":4,"name":"Kundenspezifische nicht ger\u00fchrte Druckgef\u00e4\u00dfe"}]},{"@type":"WebSite","@id":"https:\/\/www.parrinst.com\/de\/#website","url":"https:\/\/www.parrinst.com\/de\/","name":"Parr Instrument GmbH","description":"","potentialAction":[{"@type":"SearchAction","target":{"@type":"EntryPoint","urlTemplate":"https:\/\/www.parrinst.com\/de\/?s={search_term_string}"},"query-input":{"@type":"PropertyValueSpecification","valueRequired":true,"valueName":"search_term_string"}}],"inLanguage":"en-US"}]}},"jetpack_sharing_enabled":true,"_links":{"self":[{"href":"https:\/\/www.parrinst.com\/de\/wp-json\/wp\/v2\/pages\/37864","targetHints":{"allow":["GET"]}}],"collection":[{"href":"https:\/\/www.parrinst.com\/de\/wp-json\/wp\/v2\/pages"}],"about":[{"href":"https:\/\/www.parrinst.com\/de\/wp-json\/wp\/v2\/types\/page"}],"author":[{"embeddable":true,"href":"https:\/\/www.parrinst.com\/de\/wp-json\/wp\/v2\/users\/12"}],"replies":[{"embeddable":true,"href":"https:\/\/www.parrinst.com\/de\/wp-json\/wp\/v2\/comments?post=37864"}],"version-history":[{"count":9,"href":"https:\/\/www.parrinst.com\/de\/wp-json\/wp\/v2\/pages\/37864\/revisions"}],"predecessor-version":[{"id":41507,"href":"https:\/\/www.parrinst.com\/de\/wp-json\/wp\/v2\/pages\/37864\/revisions\/41507"}],"up":[{"embeddable":true,"href":"https:\/\/www.parrinst.com\/de\/wp-json\/wp\/v2\/pages\/77"}],"wp:featuredmedia":[{"embeddable":true,"href":"https:\/\/www.parrinst.com\/de\/wp-json\/wp\/v2\/media\/37713"}],"wp:attachment":[{"href":"https:\/\/www.parrinst.com\/de\/wp-json\/wp\/v2\/media?parent=37864"}],"curies":[{"name":"wp","href":"https:\/\/api.w.org\/{rel}","templated":true}]}}