{"id":40665,"date":"2021-01-13T14:42:03","date_gmt":"2021-01-13T20:42:03","guid":{"rendered":"https:\/\/www.parrinst.com\/de\/?page_id=40665"},"modified":"2026-01-15T10:08:49","modified_gmt":"2026-01-15T16:08:49","slug":"power-compensation-reaction-calorimetry","status":"publish","type":"page","link":"https:\/\/www.parrinst.com\/de\/products\/specialty-custom-systems\/power-compensation-reaction-calorimetry\/","title":{"rendered":"Reaktionskalorimeter nach dem Leistungskompensationsprinzip"},"content":{"rendered":"\n\t\t\t<div id='40665-1' class='gallery gallery-40665 gallery-columns-3 gallery-size-large' itemscope itemtype='http:\/\/schema.org\/ImageGallery'>\n\t\t\t\t<div class='gallery-row gallery-col-3 gallery-clear'>\n\t\t\t\t\t<figure class='gallery-item col-3' itemprop='associatedMedia' itemscope itemtype='http:\/\/schema.org\/ImageObject'>\n\t\t\t\t\t\t<div class='gallery-icon portrait'><a href=\"https:\/\/i0.wp.com\/www.parrinst.com\/de\/wp-content\/uploads\/sites\/6\/2026\/01\/Reaction-Calorimeter_115940_ClosedPI3_3241.jpg?ssl=1\" itemprop=\"contentURL\"><img loading=\"lazy\" decoding=\"async\" width=\"640\" height=\"961\" src=\"https:\/\/i0.wp.com\/www.parrinst.com\/de\/wp-content\/uploads\/sites\/6\/2026\/01\/Reaction-Calorimeter_115940_ClosedPI3_3241.jpg?fit=640%2C961&amp;ssl=1\" class=\"attachment-large size-large\" alt=\"Parr 4524, 2 L Reaktor, ausgestattet f\u00fcr Leistungskompensationskalorimetrie.\" srcset=\"https:\/\/i0.wp.com\/www.parrinst.com\/de\/wp-content\/uploads\/sites\/6\/2026\/01\/Reaction-Calorimeter_115940_ClosedPI3_3241.jpg?w=2400&amp;ssl=1 2400w, https:\/\/i0.wp.com\/www.parrinst.com\/de\/wp-content\/uploads\/sites\/6\/2026\/01\/Reaction-Calorimeter_115940_ClosedPI3_3241.jpg?resize=200%2C300&amp;ssl=1 200w, https:\/\/i0.wp.com\/www.parrinst.com\/de\/wp-content\/uploads\/sites\/6\/2026\/01\/Reaction-Calorimeter_115940_ClosedPI3_3241.jpg?resize=682%2C1024&amp;ssl=1 682w, https:\/\/i0.wp.com\/www.parrinst.com\/de\/wp-content\/uploads\/sites\/6\/2026\/01\/Reaction-Calorimeter_115940_ClosedPI3_3241.jpg?resize=100%2C150&amp;ssl=1 100w, https:\/\/i0.wp.com\/www.parrinst.com\/de\/wp-content\/uploads\/sites\/6\/2026\/01\/Reaction-Calorimeter_115940_ClosedPI3_3241.jpg?resize=1023%2C1536&amp;ssl=1 1023w, https:\/\/i0.wp.com\/www.parrinst.com\/de\/wp-content\/uploads\/sites\/6\/2026\/01\/Reaction-Calorimeter_115940_ClosedPI3_3241.jpg?resize=1365%2C2048&amp;ssl=1 1365w, https:\/\/i0.wp.com\/www.parrinst.com\/de\/wp-content\/uploads\/sites\/6\/2026\/01\/Reaction-Calorimeter_115940_ClosedPI3_3241.jpg?w=1280&amp;ssl=1 1280w, https:\/\/i0.wp.com\/www.parrinst.com\/de\/wp-content\/uploads\/sites\/6\/2026\/01\/Reaction-Calorimeter_115940_ClosedPI3_3241.jpg?w=1920&amp;ssl=1 1920w\" sizes=\"auto, (max-width: 640px) 100vw, 640px\" itemprop=\"thumbnail\" \/><\/a><\/div>\n\t\t\t\t\t<\/figure>\n\t\t\t\t\t<figure class='gallery-item col-3' itemprop='associatedMedia' itemscope itemtype='http:\/\/schema.org\/ImageObject'>\n\t\t\t\t\t\t<div class='gallery-icon portrait'><a href=\"https:\/\/i0.wp.com\/www.parrinst.com\/de\/wp-content\/uploads\/sites\/6\/2026\/01\/Reaction-Calorimeter_115940_OpenPI3_3244.jpg?ssl=1\" itemprop=\"contentURL\"><img loading=\"lazy\" decoding=\"async\" width=\"640\" height=\"961\" src=\"https:\/\/i0.wp.com\/www.parrinst.com\/de\/wp-content\/uploads\/sites\/6\/2026\/01\/Reaction-Calorimeter_115940_OpenPI3_3244.jpg?fit=640%2C961&amp;ssl=1\" class=\"attachment-large size-large\" alt=\"Parr 4524, 2 L Reaktor, ausgestattet f\u00fcr Leistungskompensationskalorimetrie.\" srcset=\"https:\/\/i0.wp.com\/www.parrinst.com\/de\/wp-content\/uploads\/sites\/6\/2026\/01\/Reaction-Calorimeter_115940_OpenPI3_3244.jpg?w=2400&amp;ssl=1 2400w, https:\/\/i0.wp.com\/www.parrinst.com\/de\/wp-content\/uploads\/sites\/6\/2026\/01\/Reaction-Calorimeter_115940_OpenPI3_3244.jpg?resize=200%2C300&amp;ssl=1 200w, https:\/\/i0.wp.com\/www.parrinst.com\/de\/wp-content\/uploads\/sites\/6\/2026\/01\/Reaction-Calorimeter_115940_OpenPI3_3244.jpg?resize=682%2C1024&amp;ssl=1 682w, https:\/\/i0.wp.com\/www.parrinst.com\/de\/wp-content\/uploads\/sites\/6\/2026\/01\/Reaction-Calorimeter_115940_OpenPI3_3244.jpg?resize=100%2C150&amp;ssl=1 100w, https:\/\/i0.wp.com\/www.parrinst.com\/de\/wp-content\/uploads\/sites\/6\/2026\/01\/Reaction-Calorimeter_115940_OpenPI3_3244.jpg?resize=1023%2C1536&amp;ssl=1 1023w, https:\/\/i0.wp.com\/www.parrinst.com\/de\/wp-content\/uploads\/sites\/6\/2026\/01\/Reaction-Calorimeter_115940_OpenPI3_3244.jpg?resize=1365%2C2048&amp;ssl=1 1365w, https:\/\/i0.wp.com\/www.parrinst.com\/de\/wp-content\/uploads\/sites\/6\/2026\/01\/Reaction-Calorimeter_115940_OpenPI3_3244.jpg?w=1280&amp;ssl=1 1280w, https:\/\/i0.wp.com\/www.parrinst.com\/de\/wp-content\/uploads\/sites\/6\/2026\/01\/Reaction-Calorimeter_115940_OpenPI3_3244.jpg?w=1920&amp;ssl=1 1920w\" sizes=\"auto, (max-width: 640px) 100vw, 640px\" itemprop=\"thumbnail\" \/><\/a><\/div>\n\t\t\t\t\t<\/figure>\n\t\t\t\t\t<figure class='gallery-item col-3' itemprop='associatedMedia' itemscope itemtype='http:\/\/schema.org\/ImageObject'>\n\t\t\t\t\t\t<div class='gallery-icon portrait'><a href=\"https:\/\/i0.wp.com\/www.parrinst.com\/de\/wp-content\/uploads\/sites\/6\/2026\/01\/Reaction-Calorimeter_115940_Close-upPI3_3247.jpg?ssl=1\" itemprop=\"contentURL\"><img loading=\"lazy\" decoding=\"async\" width=\"640\" height=\"961\" src=\"https:\/\/i0.wp.com\/www.parrinst.com\/de\/wp-content\/uploads\/sites\/6\/2026\/01\/Reaction-Calorimeter_115940_Close-upPI3_3247.jpg?fit=640%2C961&amp;ssl=1\" class=\"attachment-large size-large\" alt=\"Detailansicht der Beh\u00e4lterkopfbaugruppe des Leistungskompensations-Reaktionskalorimeters\" srcset=\"https:\/\/i0.wp.com\/www.parrinst.com\/de\/wp-content\/uploads\/sites\/6\/2026\/01\/Reaction-Calorimeter_115940_Close-upPI3_3247.jpg?w=2400&amp;ssl=1 2400w, https:\/\/i0.wp.com\/www.parrinst.com\/de\/wp-content\/uploads\/sites\/6\/2026\/01\/Reaction-Calorimeter_115940_Close-upPI3_3247.jpg?resize=200%2C300&amp;ssl=1 200w, https:\/\/i0.wp.com\/www.parrinst.com\/de\/wp-content\/uploads\/sites\/6\/2026\/01\/Reaction-Calorimeter_115940_Close-upPI3_3247.jpg?resize=682%2C1024&amp;ssl=1 682w, https:\/\/i0.wp.com\/www.parrinst.com\/de\/wp-content\/uploads\/sites\/6\/2026\/01\/Reaction-Calorimeter_115940_Close-upPI3_3247.jpg?resize=100%2C150&amp;ssl=1 100w, https:\/\/i0.wp.com\/www.parrinst.com\/de\/wp-content\/uploads\/sites\/6\/2026\/01\/Reaction-Calorimeter_115940_Close-upPI3_3247.jpg?resize=1023%2C1536&amp;ssl=1 1023w, https:\/\/i0.wp.com\/www.parrinst.com\/de\/wp-content\/uploads\/sites\/6\/2026\/01\/Reaction-Calorimeter_115940_Close-upPI3_3247.jpg?resize=1365%2C2048&amp;ssl=1 1365w, https:\/\/i0.wp.com\/www.parrinst.com\/de\/wp-content\/uploads\/sites\/6\/2026\/01\/Reaction-Calorimeter_115940_Close-upPI3_3247.jpg?w=1280&amp;ssl=1 1280w, https:\/\/i0.wp.com\/www.parrinst.com\/de\/wp-content\/uploads\/sites\/6\/2026\/01\/Reaction-Calorimeter_115940_Close-upPI3_3247.jpg?w=1920&amp;ssl=1 1920w\" sizes=\"auto, (max-width: 640px) 100vw, 640px\" itemprop=\"thumbnail\" \/><\/a><\/div>\n\t\t\t\t\t<\/figure>\n\t\t\t\t<\/div>\n\t\t\t<\/div><!-- .gallery -->\n\n<p>Parr freut sich eine neue Anwendung f\u00fcr unsere Reaktorsysteme vorstellen zu k\u00f6nnen, mit der Benutzer die Reaktionsenthalpie, mithilfe des Leistungskompensationsprinzips bestimmen k\u00f6nnen.<\/p>\n<p>Reaktionskalorimeter nach diesem Prinzip, bieten eine direkte und intuitive Methode, um die Prozessleistung und die Enthalpie einer Reaktion zu quantifizieren. Ein Reaktor mit aufgeschwei\u00dftem Doppelmantel wird isotherm durch ein Umw\u00e4lzthermostat kontrolliert. Die Manteltemperatur wird hierf\u00fcr normalerweise auf eine Temperatur knapp unter der gew\u00fcnschten Reaktionstemperatur eingestellt. Die Prozesstemperatur selbst wird durch das Einstellen der Heizleistung einer elektrischen Heizung im Reaktor geregelt. Diese Heizung ist die sogenannte Kompensations- oder Trimmheizung. Wenn sich die Prozessw\u00e4rmelast \u00e4ndert, wird die Leistung der elektrischen Heizung automatisch angepasst, um die gew\u00fcnschte Prozesstemperatur beizubehalten. Die durch den Prozess freigesetzte oder absorbierte W\u00e4rme wird aus der Differenz zwischen der anf\u00e4nglichen elektrischen Leistung und dem Bedarf an elektrischer Leistung zum Zeitpunkt der Messung bestimmt. Diese Methode erfordert keine Kalibrierung vor oder w\u00e4hrend des Prozesses und wird h\u00e4ufig verwendet um schnelle Ergebnisse zu erzielen. Leistungskompensationskalorimeter erreichen in der Regel schneller ein thermisches Gleichgewicht als W\u00e4rmestrom- oder W\u00e4rmebilanzkalorimeter. Ihr Einsatz ist daher f\u00fcr die Messung des W\u00e4rmetransfers aus kurzlebigen Reaktionen vorteilhaft.<\/p>\n<p>Die Reaktionskalorimetrie erm\u00f6glicht Ihnen die folgenden Vorhaben:<\/p>\n<ul>\n<li>Untersuchen Sie die Faktoren, die die Reaktionsmechanismen und Kinetik beeinflussen.<\/li>\n<li>\u00dcberpr\u00fcfen Sie das Ende einer Reaktion in Echtzeit.<\/li>\n<li>Ermitteln Sie die K\u00fchlleistung, die zur Aufrechterhaltung sicherer und effektiver Prozessbedingungen erforderlich ist.<\/li>\n<\/ul>\n<p>F\u00fcr die Umsetzung dieser Funktion sind drei grundlegende Komponenten oder Subsysteme erforderlich:<\/p>\n<ul>\n<li>Ein Beh\u00e4lter mit Doppelmantel verbunden mit einem Umw\u00e4lzthermostat mit konstanter Temperatur.<\/li>\n<li>Eine entsprechend dimensionierte und konfigurierte Trimm- oder Kompensationsheizung, die mit einer geregelten Stromversorgung ausgestattet ist.<\/li>\n<li>Unser 4871 Prozessregler zur Steuerung und Koordination des Gesamtbetriebs des Systems.<\/li>\n<\/ul>\n<p>Das folgende Diagramm zeigt die resultierenden, vor\u00fcbergehenden Temperatur\u00e4nderungen in einem Reaktor, der f\u00fcr die Durchf\u00fchrung einer leistungskompensierten Kalorimetrie ausger\u00fcstet ist. Der hier verwendete 4547-Reaktor mit Doppelmantel hat ein Innenvolumen von 1,2 l und war zur H\u00e4lfte mit Wasser gef\u00fcllt. Die Daten wurden in Intervallen von einer Minute aufgezeichnet, w\u00e4hrend die Sollwertabweichung auf 1,5 \u00b0 C festgelegt wurde. Die y-Achse ist die Leistung der Trimmheizung [Watt].<\/p>\n<p><a href=\"https:\/\/i0.wp.com\/www.parrinst.com\/de\/wp-content\/uploads\/sites\/6\/2021\/01\/918743_graph.jpg?ssl=1\"><img data-recalc-dims=\"1\" loading=\"lazy\" decoding=\"async\" class=\"size-full wp-image-40666 aligncenter\" src=\"https:\/\/i0.wp.com\/www.parrinst.com\/de\/wp-content\/uploads\/sites\/6\/2021\/01\/918743_graph.jpg?resize=448%2C273&#038;ssl=1\" alt=\"\" width=\"448\" height=\"273\" srcset=\"https:\/\/i0.wp.com\/www.parrinst.com\/de\/wp-content\/uploads\/sites\/6\/2021\/01\/918743_graph.jpg?w=448&amp;ssl=1 448w, https:\/\/i0.wp.com\/www.parrinst.com\/de\/wp-content\/uploads\/sites\/6\/2021\/01\/918743_graph.jpg?resize=300%2C183&amp;ssl=1 300w, https:\/\/i0.wp.com\/www.parrinst.com\/de\/wp-content\/uploads\/sites\/6\/2021\/01\/918743_graph.jpg?resize=246%2C150&amp;ssl=1 246w\" sizes=\"auto, (max-width: 448px) 100vw, 448px\" \/><\/a><\/p>\n","protected":false},"excerpt":{"rendered":"<p>Parr freut sich eine neue Anwendung f\u00fcr unsere Reaktorsysteme vorstellen zu k\u00f6nnen, mit der Benutzer die Reaktionsenthalpie, mithilfe des Leistungskompensationsprinzips bestimmen k\u00f6nnen. Reaktionskalorimeter nach diesem Prinzip, bieten eine direkte und intuitive Methode, um die Prozessleistung und die Enthalpie einer Reaktion zu quantifizieren. Ein Reaktor mit aufgeschwei\u00dftem Doppelmantel wird isotherm durch ein Umw\u00e4lzthermostat kontrolliert. Die Manteltemperatur [&hellip;]<\/p>\n","protected":false},"author":12,"featured_media":36913,"parent":81,"menu_order":60,"comment_status":"closed","ping_status":"closed","template":"product-narrow.php","meta":{"_acf_changed":false,"footnotes":"","_links_to":"","_links_to_target":""},"class_list":["post-40665","page","type-page","status-publish","has-post-thumbnail","hentry"],"acf":[],"yoast_head":"<!-- This site is optimized with the Yoast SEO plugin v27.4 - https:\/\/yoast.com\/product\/yoast-seo-wordpress\/ -->\n<title>Reaktionskalorimeter nach dem Leistungskompensationsprinzip - Parr Instrument GmbH<\/title>\n<meta name=\"robots\" content=\"index, follow, max-snippet:-1, max-image-preview:large, max-video-preview:-1\" \/>\n<link rel=\"canonical\" href=\"https:\/\/www.parrinst.com\/de\/products\/specialty-custom-systems\/power-compensation-reaction-calorimetry\/\" \/>\n<meta property=\"og:locale\" content=\"en_US\" \/>\n<meta property=\"og:type\" content=\"article\" \/>\n<meta property=\"og:title\" content=\"Reaktionskalorimeter nach dem Leistungskompensationsprinzip - Parr Instrument GmbH\" \/>\n<meta property=\"og:description\" content=\"Parr freut sich eine neue Anwendung f\u00fcr unsere Reaktorsysteme vorstellen zu k\u00f6nnen, mit der Benutzer die Reaktionsenthalpie, mithilfe des Leistungskompensationsprinzips bestimmen k\u00f6nnen. Reaktionskalorimeter nach diesem Prinzip, bieten eine direkte und intuitive Methode, um die Prozessleistung und die Enthalpie einer Reaktion zu quantifizieren. Ein Reaktor mit aufgeschwei\u00dftem Doppelmantel wird isotherm durch ein Umw\u00e4lzthermostat kontrolliert. Die Manteltemperatur [&hellip;]\" \/>\n<meta property=\"og:url\" content=\"https:\/\/www.parrinst.com\/de\/products\/specialty-custom-systems\/power-compensation-reaction-calorimetry\/\" \/>\n<meta property=\"og:site_name\" content=\"Parr Instrument GmbH\" \/>\n<meta property=\"article:modified_time\" content=\"2026-01-15T16:08:49+00:00\" \/>\n<meta property=\"og:image\" content=\"https:\/\/www.parrinst.com\/de\/wp-content\/uploads\/sites\/6\/2018\/01\/parr_banner_multi_secondary.jpg\" \/>\n\t<meta property=\"og:image:width\" content=\"2200\" \/>\n\t<meta property=\"og:image:height\" content=\"399\" \/>\n\t<meta property=\"og:image:type\" content=\"image\/jpeg\" \/>\n<meta name=\"twitter:card\" content=\"summary_large_image\" \/>\n<meta name=\"twitter:label1\" content=\"Est. reading time\" \/>\n\t<meta name=\"twitter:data1\" content=\"2 minutes\" \/>\n<script type=\"application\/ld+json\" class=\"yoast-schema-graph\">{\"@context\":\"https:\\\/\\\/schema.org\",\"@graph\":[{\"@type\":\"WebPage\",\"@id\":\"https:\\\/\\\/www.parrinst.com\\\/de\\\/products\\\/specialty-custom-systems\\\/power-compensation-reaction-calorimetry\\\/\",\"url\":\"https:\\\/\\\/www.parrinst.com\\\/de\\\/products\\\/specialty-custom-systems\\\/power-compensation-reaction-calorimetry\\\/\",\"name\":\"Reaktionskalorimeter nach dem Leistungskompensationsprinzip - Parr Instrument GmbH\",\"isPartOf\":{\"@id\":\"https:\\\/\\\/www.parrinst.com\\\/de\\\/#website\"},\"primaryImageOfPage\":{\"@id\":\"https:\\\/\\\/www.parrinst.com\\\/de\\\/products\\\/specialty-custom-systems\\\/power-compensation-reaction-calorimetry\\\/#primaryimage\"},\"image\":{\"@id\":\"https:\\\/\\\/www.parrinst.com\\\/de\\\/products\\\/specialty-custom-systems\\\/power-compensation-reaction-calorimetry\\\/#primaryimage\"},\"thumbnailUrl\":\"https:\\\/\\\/i0.wp.com\\\/www.parrinst.com\\\/de\\\/wp-content\\\/uploads\\\/sites\\\/6\\\/2018\\\/01\\\/parr_banner_multi_secondary.jpg?fit=2200%2C399&ssl=1\",\"datePublished\":\"2021-01-13T20:42:03+00:00\",\"dateModified\":\"2026-01-15T16:08:49+00:00\",\"breadcrumb\":{\"@id\":\"https:\\\/\\\/www.parrinst.com\\\/de\\\/products\\\/specialty-custom-systems\\\/power-compensation-reaction-calorimetry\\\/#breadcrumb\"},\"inLanguage\":\"en-US\",\"potentialAction\":[{\"@type\":\"ReadAction\",\"target\":[\"https:\\\/\\\/www.parrinst.com\\\/de\\\/products\\\/specialty-custom-systems\\\/power-compensation-reaction-calorimetry\\\/\"]}]},{\"@type\":\"ImageObject\",\"inLanguage\":\"en-US\",\"@id\":\"https:\\\/\\\/www.parrinst.com\\\/de\\\/products\\\/specialty-custom-systems\\\/power-compensation-reaction-calorimetry\\\/#primaryimage\",\"url\":\"https:\\\/\\\/i0.wp.com\\\/www.parrinst.com\\\/de\\\/wp-content\\\/uploads\\\/sites\\\/6\\\/2018\\\/01\\\/parr_banner_multi_secondary.jpg?fit=2200%2C399&ssl=1\",\"contentUrl\":\"https:\\\/\\\/i0.wp.com\\\/www.parrinst.com\\\/de\\\/wp-content\\\/uploads\\\/sites\\\/6\\\/2018\\\/01\\\/parr_banner_multi_secondary.jpg?fit=2200%2C399&ssl=1\",\"width\":2200,\"height\":399},{\"@type\":\"BreadcrumbList\",\"@id\":\"https:\\\/\\\/www.parrinst.com\\\/de\\\/products\\\/specialty-custom-systems\\\/power-compensation-reaction-calorimetry\\\/#breadcrumb\",\"itemListElement\":[{\"@type\":\"ListItem\",\"position\":1,\"name\":\"Home\",\"item\":\"https:\\\/\\\/www.parrinst.com\\\/de\\\/\"},{\"@type\":\"ListItem\",\"position\":2,\"name\":\"Products\",\"item\":\"https:\\\/\\\/www.parrinst.com\\\/de\\\/products\\\/\"},{\"@type\":\"ListItem\",\"position\":3,\"name\":\"Specialty &amp; Custom Designed Systems\",\"item\":\"https:\\\/\\\/www.parrinst.com\\\/de\\\/products\\\/specialty-custom-systems\\\/\"},{\"@type\":\"ListItem\",\"position\":4,\"name\":\"Reaktionskalorimeter nach dem Leistungskompensationsprinzip\"}]},{\"@type\":\"WebSite\",\"@id\":\"https:\\\/\\\/www.parrinst.com\\\/de\\\/#website\",\"url\":\"https:\\\/\\\/www.parrinst.com\\\/de\\\/\",\"name\":\"Parr Instrument GmbH\",\"description\":\"\",\"potentialAction\":[{\"@type\":\"SearchAction\",\"target\":{\"@type\":\"EntryPoint\",\"urlTemplate\":\"https:\\\/\\\/www.parrinst.com\\\/de\\\/?s={search_term_string}\"},\"query-input\":{\"@type\":\"PropertyValueSpecification\",\"valueRequired\":true,\"valueName\":\"search_term_string\"}}],\"inLanguage\":\"en-US\"}]}<\/script>\n<!-- \/ Yoast SEO plugin. -->","yoast_head_json":{"title":"Reaktionskalorimeter nach dem Leistungskompensationsprinzip - Parr Instrument GmbH","robots":{"index":"index","follow":"follow","max-snippet":"max-snippet:-1","max-image-preview":"max-image-preview:large","max-video-preview":"max-video-preview:-1"},"canonical":"https:\/\/www.parrinst.com\/de\/products\/specialty-custom-systems\/power-compensation-reaction-calorimetry\/","og_locale":"en_US","og_type":"article","og_title":"Reaktionskalorimeter nach dem Leistungskompensationsprinzip - Parr Instrument GmbH","og_description":"Parr freut sich eine neue Anwendung f\u00fcr unsere Reaktorsysteme vorstellen zu k\u00f6nnen, mit der Benutzer die Reaktionsenthalpie, mithilfe des Leistungskompensationsprinzips bestimmen k\u00f6nnen. Reaktionskalorimeter nach diesem Prinzip, bieten eine direkte und intuitive Methode, um die Prozessleistung und die Enthalpie einer Reaktion zu quantifizieren. Ein Reaktor mit aufgeschwei\u00dftem Doppelmantel wird isotherm durch ein Umw\u00e4lzthermostat kontrolliert. Die Manteltemperatur [&hellip;]","og_url":"https:\/\/www.parrinst.com\/de\/products\/specialty-custom-systems\/power-compensation-reaction-calorimetry\/","og_site_name":"Parr Instrument GmbH","article_modified_time":"2026-01-15T16:08:49+00:00","og_image":[{"width":2200,"height":399,"url":"https:\/\/www.parrinst.com\/de\/wp-content\/uploads\/sites\/6\/2018\/01\/parr_banner_multi_secondary.jpg","type":"image\/jpeg"}],"twitter_card":"summary_large_image","twitter_misc":{"Est. reading time":"2 minutes"},"schema":{"@context":"https:\/\/schema.org","@graph":[{"@type":"WebPage","@id":"https:\/\/www.parrinst.com\/de\/products\/specialty-custom-systems\/power-compensation-reaction-calorimetry\/","url":"https:\/\/www.parrinst.com\/de\/products\/specialty-custom-systems\/power-compensation-reaction-calorimetry\/","name":"Reaktionskalorimeter nach dem Leistungskompensationsprinzip - Parr Instrument GmbH","isPartOf":{"@id":"https:\/\/www.parrinst.com\/de\/#website"},"primaryImageOfPage":{"@id":"https:\/\/www.parrinst.com\/de\/products\/specialty-custom-systems\/power-compensation-reaction-calorimetry\/#primaryimage"},"image":{"@id":"https:\/\/www.parrinst.com\/de\/products\/specialty-custom-systems\/power-compensation-reaction-calorimetry\/#primaryimage"},"thumbnailUrl":"https:\/\/i0.wp.com\/www.parrinst.com\/de\/wp-content\/uploads\/sites\/6\/2018\/01\/parr_banner_multi_secondary.jpg?fit=2200%2C399&ssl=1","datePublished":"2021-01-13T20:42:03+00:00","dateModified":"2026-01-15T16:08:49+00:00","breadcrumb":{"@id":"https:\/\/www.parrinst.com\/de\/products\/specialty-custom-systems\/power-compensation-reaction-calorimetry\/#breadcrumb"},"inLanguage":"en-US","potentialAction":[{"@type":"ReadAction","target":["https:\/\/www.parrinst.com\/de\/products\/specialty-custom-systems\/power-compensation-reaction-calorimetry\/"]}]},{"@type":"ImageObject","inLanguage":"en-US","@id":"https:\/\/www.parrinst.com\/de\/products\/specialty-custom-systems\/power-compensation-reaction-calorimetry\/#primaryimage","url":"https:\/\/i0.wp.com\/www.parrinst.com\/de\/wp-content\/uploads\/sites\/6\/2018\/01\/parr_banner_multi_secondary.jpg?fit=2200%2C399&ssl=1","contentUrl":"https:\/\/i0.wp.com\/www.parrinst.com\/de\/wp-content\/uploads\/sites\/6\/2018\/01\/parr_banner_multi_secondary.jpg?fit=2200%2C399&ssl=1","width":2200,"height":399},{"@type":"BreadcrumbList","@id":"https:\/\/www.parrinst.com\/de\/products\/specialty-custom-systems\/power-compensation-reaction-calorimetry\/#breadcrumb","itemListElement":[{"@type":"ListItem","position":1,"name":"Home","item":"https:\/\/www.parrinst.com\/de\/"},{"@type":"ListItem","position":2,"name":"Products","item":"https:\/\/www.parrinst.com\/de\/products\/"},{"@type":"ListItem","position":3,"name":"Specialty &amp; Custom Designed Systems","item":"https:\/\/www.parrinst.com\/de\/products\/specialty-custom-systems\/"},{"@type":"ListItem","position":4,"name":"Reaktionskalorimeter nach dem Leistungskompensationsprinzip"}]},{"@type":"WebSite","@id":"https:\/\/www.parrinst.com\/de\/#website","url":"https:\/\/www.parrinst.com\/de\/","name":"Parr Instrument GmbH","description":"","potentialAction":[{"@type":"SearchAction","target":{"@type":"EntryPoint","urlTemplate":"https:\/\/www.parrinst.com\/de\/?s={search_term_string}"},"query-input":{"@type":"PropertyValueSpecification","valueRequired":true,"valueName":"search_term_string"}}],"inLanguage":"en-US"}]}},"jetpack_sharing_enabled":true,"_links":{"self":[{"href":"https:\/\/www.parrinst.com\/de\/wp-json\/wp\/v2\/pages\/40665","targetHints":{"allow":["GET"]}}],"collection":[{"href":"https:\/\/www.parrinst.com\/de\/wp-json\/wp\/v2\/pages"}],"about":[{"href":"https:\/\/www.parrinst.com\/de\/wp-json\/wp\/v2\/types\/page"}],"author":[{"embeddable":true,"href":"https:\/\/www.parrinst.com\/de\/wp-json\/wp\/v2\/users\/12"}],"replies":[{"embeddable":true,"href":"https:\/\/www.parrinst.com\/de\/wp-json\/wp\/v2\/comments?post=40665"}],"version-history":[{"count":6,"href":"https:\/\/www.parrinst.com\/de\/wp-json\/wp\/v2\/pages\/40665\/revisions"}],"predecessor-version":[{"id":41696,"href":"https:\/\/www.parrinst.com\/de\/wp-json\/wp\/v2\/pages\/40665\/revisions\/41696"}],"up":[{"embeddable":true,"href":"https:\/\/www.parrinst.com\/de\/wp-json\/wp\/v2\/pages\/81"}],"wp:featuredmedia":[{"embeddable":true,"href":"https:\/\/www.parrinst.com\/de\/wp-json\/wp\/v2\/media\/36913"}],"wp:attachment":[{"href":"https:\/\/www.parrinst.com\/de\/wp-json\/wp\/v2\/media?parent=40665"}],"curies":[{"name":"wp","href":"https:\/\/api.w.org\/{rel}","templated":true}]}}