{"id":421,"date":"2011-04-26T20:46:39","date_gmt":"2011-04-27T01:46:39","guid":{"rendered":"https:\/\/www.parrinst.com\/?page_id=421"},"modified":"2019-05-31T13:57:07","modified_gmt":"2019-05-31T18:57:07","slug":"selection-guide","status":"publish","type":"page","link":"https:\/\/www.parrinst.com\/de\/products\/hydrogenation\/selection-guide\/","title":{"rendered":"Auswahlhilfe"},"content":{"rendered":"<h2>Sch\u00fcttel-Hydrierapparat Auswahl\u00fcbersicht<\/h2>\n<table class=\"GeneralTable\" style=\"width: 976px; height: 288px;\">\n<tbody>\n<tr style=\"height: 24px;\">\n<td class=\"GeneralTable-DarkBlue\" style=\"width: 966px; height: 24px;\" colspan=\"5\">Sch\u00fcttel-Hydrierreaktor<\/td>\n<\/tr>\n<tr style=\"height: 24px;\">\n<td style=\"width: 204.46px; height: 24px;\"><strong>Serie<\/strong><\/td>\n<td style=\"width: 31.64px; height: 24px; text-align: center;\" colspan=\"2\"><strong><br \/>\n<\/strong><a href=\"https:\/\/www.parrinst.com\/products\/hydrogenation\/3911-hydrogenator\/\"><strong>3910<\/strong><\/a><\/td>\n<td style=\"width: 218.78px; height: 24px; text-align: center;\" colspan=\"2\"><strong><br \/>\n<\/strong><a href=\"https:\/\/www.parrinst.com\/products\/hydrogenation\/3921-hydrogenator\/\"><strong>3920<\/strong><\/a><\/td>\n<\/tr>\n<tr class=\"GeneralTable-LightBlue\" style=\"height: 24px;\">\n<td style=\"width: 204.46px; height: 24px;\"><strong>Flaschenvolumen<\/strong><\/td>\n<td style=\"width: 31.64px; height: 24px; text-align: center;\" colspan=\"2\">250 und\u00a0500 mL<\/td>\n<td style=\"width: 218.78px; height: 24px; text-align: center;\" colspan=\"2\">1000, 1825, 2000, und\u00a02250 mL<\/td>\n<\/tr>\n<tr style=\"height: 24px;\">\n<td style=\"width: 204.46px; height: 24px;\"><strong>Maximaldruck<\/strong><\/td>\n<td style=\"width: 31.64px; height: 24px; text-align: center;\" colspan=\"2\">4 bar<\/td>\n<td style=\"width: 218.78px; height: 24px; text-align: center;\" colspan=\"2\">2, 3, 4, 4,5 bar<\/td>\n<\/tr>\n<tr class=\"GeneralTable-LightBlue\" style=\"height: 24px;\">\n<td style=\"width: 204.46px; height: 24px;\"><strong>Maximal-temperature<\/strong><\/td>\n<td style=\"width: 31.64px; height: 24px; text-align: center;\" colspan=\"2\">80 \u00b0C<\/td>\n<td style=\"width: 218.78px; height: 24px; text-align: center;\" colspan=\"2\">80 \u00b0C<\/td>\n<\/tr>\n<tr style=\"height: 48px;\">\n<td style=\"width: 204.46px; height: 48px;\"><strong>Motor Typ<\/strong><\/td>\n<td style=\"width: 31.64px; height: 48px; text-align: center;\" colspan=\"2\">Standard-, Luftdruck-, oder explosionsgesch\u00fctzter Motor<\/td>\n<td style=\"width: 218.78px; height: 48px; text-align: center;\" colspan=\"2\">Standard-, Luftdruck-, oder explosionsgesch\u00fctzter Motor<\/td>\n<\/tr>\n<tr class=\"GeneralTable-LightBlue\" style=\"height: 24px;\">\n<td style=\"width: 966px; height: 24px;\" colspan=\"5\"><strong>Abmessungen<\/strong><\/td>\n<\/tr>\n<tr style=\"height: 24px;\">\n<td style=\"width: 175.46px; height: 24px; padding-left: 30px;\"><strong>Model Number<\/strong><\/td>\n<td style=\"width: 31.64px; height: 24px; text-align: center;\"><strong>3911<\/strong><\/td>\n<td style=\"width: 243.56px; height: 24px; text-align: center;\"><strong>3916<\/strong><\/td>\n<td style=\"width: 218.78px; height: 24px; text-align: center;\"><strong>3921<\/strong><\/td>\n<td style=\"width: 243.56px; height: 24px; text-align: center;\"><strong>3926<\/strong><\/td>\n<\/tr>\n<tr class=\"GeneralTable-LightBlue\" style=\"height: 48px;\">\n<td style=\"width: 175.46px; height: 48px; padding-left: 30px;\"><strong>Hydrierapparat Auswahlubersicht (in.)<\/strong><\/td>\n<td style=\"width: 281.2px; height: 48px; text-align: center;\" colspan=\"2\">22w x 19d x 14h<\/td>\n<td style=\"width: 468.34px; height: 48px; text-align: center;\" colspan=\"2\">33w x 20.5d x 17h<\/td>\n<\/tr>\n<tr style=\"height: 24px;\">\n<td style=\"width: 175.46px; height: 24px; padding-left: 30px;\"><strong>4848 Controller (in.)<\/strong><\/td>\n<td style=\"width: 31.64px; height: 24px; text-align: center;\">N\/A<\/td>\n<td style=\"width: 243.56px; height: 24px; text-align: center;\">10.2w x 7.7d x 7.1h<\/td>\n<td style=\"width: 218.78px; height: 24px; text-align: center;\">N\/A<\/td>\n<td style=\"width: 243.56px; height: 24px; text-align: center;\">10.2w x 7.7d x 7.1h<\/td>\n<\/tr>\n<\/tbody>\n<\/table>\n","protected":false},"excerpt":{"rendered":"<p>Sch\u00fcttel-Hydrierapparat Auswahl\u00fcbersicht Sch\u00fcttel-Hydrierreaktor Serie 3910 3920 Flaschenvolumen 250 und\u00a0500 mL 1000, 1825, 2000, und\u00a02250 mL Maximaldruck 4 bar 2, 3, 4, 4,5 bar Maximal-temperature 80 \u00b0C 80 \u00b0C Motor Typ Standard-, Luftdruck-, oder explosionsgesch\u00fctzter Motor Standard-, Luftdruck-, oder explosionsgesch\u00fctzter Motor Abmessungen Model Number 3911 3916 3921 3926 Hydrierapparat Auswahlubersicht (in.) 22w x 19d x 14h [&hellip;]<\/p>\n","protected":false},"author":1,"featured_media":37709,"parent":91,"menu_order":5,"comment_status":"closed","ping_status":"closed","template":"general-tabs.php","meta":{"_acf_changed":false,"footnotes":"","_links_to":"","_links_to_target":""},"class_list":["post-421","page","type-page","status-publish","has-post-thumbnail","hentry"],"acf":[],"yoast_head":"<!-- This site is optimized with the Yoast SEO plugin v27.4 - https:\/\/yoast.com\/product\/yoast-seo-wordpress\/ -->\n<title>Auswahlhilfe - Parr Instrument GmbH<\/title>\n<meta name=\"robots\" content=\"index, follow, max-snippet:-1, max-image-preview:large, max-video-preview:-1\" \/>\n<link rel=\"canonical\" href=\"https:\/\/www.parrinst.com\/de\/products\/hydrogenation\/selection-guide\/\" \/>\n<meta property=\"og:locale\" content=\"en_US\" \/>\n<meta property=\"og:type\" content=\"article\" \/>\n<meta property=\"og:title\" content=\"Auswahlhilfe - Parr Instrument GmbH\" \/>\n<meta property=\"og:description\" content=\"Sch\u00fcttel-Hydrierapparat Auswahl\u00fcbersicht Sch\u00fcttel-Hydrierreaktor Serie 3910 3920 Flaschenvolumen 250 und\u00a0500 mL 1000, 1825, 2000, und\u00a02250 mL Maximaldruck 4 bar 2, 3, 4, 4,5 bar Maximal-temperature 80 \u00b0C 80 \u00b0C Motor Typ Standard-, Luftdruck-, oder explosionsgesch\u00fctzter Motor Standard-, Luftdruck-, oder explosionsgesch\u00fctzter Motor Abmessungen Model Number 3911 3916 3921 3926 Hydrierapparat Auswahlubersicht (in.) 22w x 19d x 14h [&hellip;]\" \/>\n<meta property=\"og:url\" content=\"https:\/\/www.parrinst.com\/de\/products\/hydrogenation\/selection-guide\/\" \/>\n<meta property=\"og:site_name\" content=\"Parr Instrument GmbH\" \/>\n<meta property=\"article:modified_time\" content=\"2019-05-31T18:57:07+00:00\" \/>\n<meta property=\"og:image\" content=\"https:\/\/www.parrinst.com\/de\/files\/2018\/01\/parr_banner_shaker_secondary.jpg\" \/>\n\t<meta property=\"og:image:width\" content=\"2200\" \/>\n\t<meta property=\"og:image:height\" content=\"399\" \/>\n\t<meta property=\"og:image:type\" content=\"image\/jpeg\" \/>\n<meta name=\"twitter:card\" content=\"summary_large_image\" \/>\n<script type=\"application\/ld+json\" class=\"yoast-schema-graph\">{\"@context\":\"https:\\\/\\\/schema.org\",\"@graph\":[{\"@type\":\"WebPage\",\"@id\":\"https:\\\/\\\/www.parrinst.com\\\/de\\\/products\\\/hydrogenation\\\/selection-guide\\\/\",\"url\":\"https:\\\/\\\/www.parrinst.com\\\/de\\\/products\\\/hydrogenation\\\/selection-guide\\\/\",\"name\":\"Auswahlhilfe - Parr Instrument GmbH\",\"isPartOf\":{\"@id\":\"https:\\\/\\\/www.parrinst.com\\\/de\\\/#website\"},\"primaryImageOfPage\":{\"@id\":\"https:\\\/\\\/www.parrinst.com\\\/de\\\/products\\\/hydrogenation\\\/selection-guide\\\/#primaryimage\"},\"image\":{\"@id\":\"https:\\\/\\\/www.parrinst.com\\\/de\\\/products\\\/hydrogenation\\\/selection-guide\\\/#primaryimage\"},\"thumbnailUrl\":\"https:\\\/\\\/i0.wp.com\\\/www.parrinst.com\\\/de\\\/wp-content\\\/uploads\\\/sites\\\/6\\\/2018\\\/01\\\/parr_banner_shaker_secondary.jpg?fit=2200%2C399&ssl=1\",\"datePublished\":\"2011-04-27T01:46:39+00:00\",\"dateModified\":\"2019-05-31T18:57:07+00:00\",\"breadcrumb\":{\"@id\":\"https:\\\/\\\/www.parrinst.com\\\/de\\\/products\\\/hydrogenation\\\/selection-guide\\\/#breadcrumb\"},\"inLanguage\":\"en-US\",\"potentialAction\":[{\"@type\":\"ReadAction\",\"target\":[\"https:\\\/\\\/www.parrinst.com\\\/de\\\/products\\\/hydrogenation\\\/selection-guide\\\/\"]}]},{\"@type\":\"ImageObject\",\"inLanguage\":\"en-US\",\"@id\":\"https:\\\/\\\/www.parrinst.com\\\/de\\\/products\\\/hydrogenation\\\/selection-guide\\\/#primaryimage\",\"url\":\"https:\\\/\\\/i0.wp.com\\\/www.parrinst.com\\\/de\\\/wp-content\\\/uploads\\\/sites\\\/6\\\/2018\\\/01\\\/parr_banner_shaker_secondary.jpg?fit=2200%2C399&ssl=1\",\"contentUrl\":\"https:\\\/\\\/i0.wp.com\\\/www.parrinst.com\\\/de\\\/wp-content\\\/uploads\\\/sites\\\/6\\\/2018\\\/01\\\/parr_banner_shaker_secondary.jpg?fit=2200%2C399&ssl=1\",\"width\":2200,\"height\":399},{\"@type\":\"BreadcrumbList\",\"@id\":\"https:\\\/\\\/www.parrinst.com\\\/de\\\/products\\\/hydrogenation\\\/selection-guide\\\/#breadcrumb\",\"itemListElement\":[{\"@type\":\"ListItem\",\"position\":1,\"name\":\"Home\",\"item\":\"https:\\\/\\\/www.parrinst.com\\\/de\\\/\"},{\"@type\":\"ListItem\",\"position\":2,\"name\":\"Products\",\"item\":\"https:\\\/\\\/www.parrinst.com\\\/de\\\/products\\\/\"},{\"@type\":\"ListItem\",\"position\":3,\"name\":\"Sch\u00fcttel-Hydrierapparate\",\"item\":\"https:\\\/\\\/www.parrinst.com\\\/de\\\/products\\\/hydrogenation\\\/\"},{\"@type\":\"ListItem\",\"position\":4,\"name\":\"Auswahlhilfe\"}]},{\"@type\":\"WebSite\",\"@id\":\"https:\\\/\\\/www.parrinst.com\\\/de\\\/#website\",\"url\":\"https:\\\/\\\/www.parrinst.com\\\/de\\\/\",\"name\":\"Parr Instrument GmbH\",\"description\":\"\",\"potentialAction\":[{\"@type\":\"SearchAction\",\"target\":{\"@type\":\"EntryPoint\",\"urlTemplate\":\"https:\\\/\\\/www.parrinst.com\\\/de\\\/?s={search_term_string}\"},\"query-input\":{\"@type\":\"PropertyValueSpecification\",\"valueRequired\":true,\"valueName\":\"search_term_string\"}}],\"inLanguage\":\"en-US\"}]}<\/script>\n<!-- \/ Yoast SEO plugin. -->","yoast_head_json":{"title":"Auswahlhilfe - Parr Instrument GmbH","robots":{"index":"index","follow":"follow","max-snippet":"max-snippet:-1","max-image-preview":"max-image-preview:large","max-video-preview":"max-video-preview:-1"},"canonical":"https:\/\/www.parrinst.com\/de\/products\/hydrogenation\/selection-guide\/","og_locale":"en_US","og_type":"article","og_title":"Auswahlhilfe - Parr Instrument GmbH","og_description":"Sch\u00fcttel-Hydrierapparat Auswahl\u00fcbersicht Sch\u00fcttel-Hydrierreaktor Serie 3910 3920 Flaschenvolumen 250 und\u00a0500 mL 1000, 1825, 2000, und\u00a02250 mL Maximaldruck 4 bar 2, 3, 4, 4,5 bar Maximal-temperature 80 \u00b0C 80 \u00b0C Motor Typ Standard-, Luftdruck-, oder explosionsgesch\u00fctzter Motor Standard-, Luftdruck-, oder explosionsgesch\u00fctzter Motor Abmessungen Model Number 3911 3916 3921 3926 Hydrierapparat Auswahlubersicht (in.) 22w x 19d x 14h [&hellip;]","og_url":"https:\/\/www.parrinst.com\/de\/products\/hydrogenation\/selection-guide\/","og_site_name":"Parr Instrument GmbH","article_modified_time":"2019-05-31T18:57:07+00:00","og_image":[{"width":2200,"height":399,"url":"https:\/\/www.parrinst.com\/de\/files\/2018\/01\/parr_banner_shaker_secondary.jpg","type":"image\/jpeg"}],"twitter_card":"summary_large_image","schema":{"@context":"https:\/\/schema.org","@graph":[{"@type":"WebPage","@id":"https:\/\/www.parrinst.com\/de\/products\/hydrogenation\/selection-guide\/","url":"https:\/\/www.parrinst.com\/de\/products\/hydrogenation\/selection-guide\/","name":"Auswahlhilfe - Parr Instrument GmbH","isPartOf":{"@id":"https:\/\/www.parrinst.com\/de\/#website"},"primaryImageOfPage":{"@id":"https:\/\/www.parrinst.com\/de\/products\/hydrogenation\/selection-guide\/#primaryimage"},"image":{"@id":"https:\/\/www.parrinst.com\/de\/products\/hydrogenation\/selection-guide\/#primaryimage"},"thumbnailUrl":"https:\/\/i0.wp.com\/www.parrinst.com\/de\/wp-content\/uploads\/sites\/6\/2018\/01\/parr_banner_shaker_secondary.jpg?fit=2200%2C399&ssl=1","datePublished":"2011-04-27T01:46:39+00:00","dateModified":"2019-05-31T18:57:07+00:00","breadcrumb":{"@id":"https:\/\/www.parrinst.com\/de\/products\/hydrogenation\/selection-guide\/#breadcrumb"},"inLanguage":"en-US","potentialAction":[{"@type":"ReadAction","target":["https:\/\/www.parrinst.com\/de\/products\/hydrogenation\/selection-guide\/"]}]},{"@type":"ImageObject","inLanguage":"en-US","@id":"https:\/\/www.parrinst.com\/de\/products\/hydrogenation\/selection-guide\/#primaryimage","url":"https:\/\/i0.wp.com\/www.parrinst.com\/de\/wp-content\/uploads\/sites\/6\/2018\/01\/parr_banner_shaker_secondary.jpg?fit=2200%2C399&ssl=1","contentUrl":"https:\/\/i0.wp.com\/www.parrinst.com\/de\/wp-content\/uploads\/sites\/6\/2018\/01\/parr_banner_shaker_secondary.jpg?fit=2200%2C399&ssl=1","width":2200,"height":399},{"@type":"BreadcrumbList","@id":"https:\/\/www.parrinst.com\/de\/products\/hydrogenation\/selection-guide\/#breadcrumb","itemListElement":[{"@type":"ListItem","position":1,"name":"Home","item":"https:\/\/www.parrinst.com\/de\/"},{"@type":"ListItem","position":2,"name":"Products","item":"https:\/\/www.parrinst.com\/de\/products\/"},{"@type":"ListItem","position":3,"name":"Sch\u00fcttel-Hydrierapparate","item":"https:\/\/www.parrinst.com\/de\/products\/hydrogenation\/"},{"@type":"ListItem","position":4,"name":"Auswahlhilfe"}]},{"@type":"WebSite","@id":"https:\/\/www.parrinst.com\/de\/#website","url":"https:\/\/www.parrinst.com\/de\/","name":"Parr Instrument GmbH","description":"","potentialAction":[{"@type":"SearchAction","target":{"@type":"EntryPoint","urlTemplate":"https:\/\/www.parrinst.com\/de\/?s={search_term_string}"},"query-input":{"@type":"PropertyValueSpecification","valueRequired":true,"valueName":"search_term_string"}}],"inLanguage":"en-US"}]}},"jetpack_sharing_enabled":true,"_links":{"self":[{"href":"https:\/\/www.parrinst.com\/de\/wp-json\/wp\/v2\/pages\/421","targetHints":{"allow":["GET"]}}],"collection":[{"href":"https:\/\/www.parrinst.com\/de\/wp-json\/wp\/v2\/pages"}],"about":[{"href":"https:\/\/www.parrinst.com\/de\/wp-json\/wp\/v2\/types\/page"}],"author":[{"embeddable":true,"href":"https:\/\/www.parrinst.com\/de\/wp-json\/wp\/v2\/users\/1"}],"replies":[{"embeddable":true,"href":"https:\/\/www.parrinst.com\/de\/wp-json\/wp\/v2\/comments?post=421"}],"version-history":[{"count":2,"href":"https:\/\/www.parrinst.com\/de\/wp-json\/wp\/v2\/pages\/421\/revisions"}],"predecessor-version":[{"id":39815,"href":"https:\/\/www.parrinst.com\/de\/wp-json\/wp\/v2\/pages\/421\/revisions\/39815"}],"up":[{"embeddable":true,"href":"https:\/\/www.parrinst.com\/de\/wp-json\/wp\/v2\/pages\/91"}],"wp:featuredmedia":[{"embeddable":true,"href":"https:\/\/www.parrinst.com\/de\/wp-json\/wp\/v2\/media\/37709"}],"wp:attachment":[{"href":"https:\/\/www.parrinst.com\/de\/wp-json\/wp\/v2\/media?parent=421"}],"curies":[{"name":"wp","href":"https:\/\/api.w.org\/{rel}","templated":true}]}}