{"id":4241,"date":"2011-07-14T16:27:31","date_gmt":"2011-07-14T21:27:31","guid":{"rendered":"https:\/\/www.parrinst.com\/?page_id=4241"},"modified":"2022-11-18T13:01:31","modified_gmt":"2022-11-18T19:01:31","slug":"6755-solution-calorimeter","status":"publish","type":"page","link":"https:\/\/www.parrinst.com\/de\/products\/oxygen-bomb-calorimeters\/6755-solution-calorimeter\/","title":{"rendered":"6755 L\u00f6sungskalorimeter"},"content":{"rendered":"\n\t\t\t<div id='4241-1' class='gallery gallery-4241 gallery-columns-3 gallery-size-medium' itemscope itemtype='http:\/\/schema.org\/ImageGallery'>\n\t\t\t\t<div class='gallery-row gallery-col-3 gallery-clear'>\n\t\t\t\t\t<figure class='gallery-item col-3' itemprop='associatedMedia' itemscope itemtype='http:\/\/schema.org\/ImageObject'>\n\t\t\t\t\t\t<div class='gallery-icon portrait'><a href=\"https:\/\/i0.wp.com\/www.parrinst.com\/de\/wp-content\/uploads\/sites\/6\/2011\/06\/6755-Solution-Calorimeter_.jpg?ssl=1\" itemprop=\"contentURL\"><img loading=\"lazy\" decoding=\"async\" width=\"214\" height=\"300\" src=\"https:\/\/i0.wp.com\/www.parrinst.com\/de\/wp-content\/uploads\/sites\/6\/2011\/06\/6755-Solution-Calorimeter_.jpg?fit=214%2C300&amp;ssl=1\" class=\"attachment-medium size-medium\" alt=\"6755 Solution Calorimeter\" srcset=\"https:\/\/i0.wp.com\/www.parrinst.com\/de\/wp-content\/uploads\/sites\/6\/2011\/06\/6755-Solution-Calorimeter_.jpg?w=600&amp;ssl=1 600w, https:\/\/i0.wp.com\/www.parrinst.com\/de\/wp-content\/uploads\/sites\/6\/2011\/06\/6755-Solution-Calorimeter_.jpg?resize=107%2C150&amp;ssl=1 107w, https:\/\/i0.wp.com\/www.parrinst.com\/de\/wp-content\/uploads\/sites\/6\/2011\/06\/6755-Solution-Calorimeter_.jpg?resize=214%2C300&amp;ssl=1 214w\" sizes=\"auto, (max-width: 214px) 100vw, 214px\" itemprop=\"thumbnail\" \/><\/a><\/div>\n\t\t\t\t\t<\/figure>\n\t\t\t\t\t<figure class='gallery-item col-3' itemprop='associatedMedia' itemscope itemtype='http:\/\/schema.org\/ImageObject'>\n\t\t\t\t\t\t<div class='gallery-icon portrait'><a href=\"https:\/\/i0.wp.com\/www.parrinst.com\/de\/wp-content\/uploads\/sites\/6\/2011\/06\/6755_cross-section.jpg?ssl=1\" itemprop=\"contentURL\"><img loading=\"lazy\" decoding=\"async\" width=\"278\" height=\"300\" src=\"https:\/\/i0.wp.com\/www.parrinst.com\/de\/wp-content\/uploads\/sites\/6\/2011\/06\/6755_cross-section.jpg?fit=278%2C300&amp;ssl=1\" class=\"attachment-medium size-medium\" alt=\"6755 Cross Section\" srcset=\"https:\/\/i0.wp.com\/www.parrinst.com\/de\/wp-content\/uploads\/sites\/6\/2011\/06\/6755_cross-section.jpg?w=600&amp;ssl=1 600w, https:\/\/i0.wp.com\/www.parrinst.com\/de\/wp-content\/uploads\/sites\/6\/2011\/06\/6755_cross-section.jpg?resize=278%2C300&amp;ssl=1 278w\" sizes=\"auto, (max-width: 278px) 100vw, 278px\" itemprop=\"thumbnail\" \/><\/a><\/div>\n\t\t\t\t\t<\/figure>\n\t\t\t<\/div>\n\t\t\t<\/div><!-- .gallery -->\n\n<h3>Das Modell 6755 ist ein multifunktionales Kalorimeter f\u00fcr die Messung von Enthalpie\u00e4nderungen, die bei chemischen Reaktionen in L\u00f6sungen auftreten.<\/h3>\n<p>Es verf\u00fcgt \u00fcber eine neuartige rotierende Probenzelle und nutzt ein pr\u00e4zises Mikroprozessor-gesteuertes Thermometer. Das L\u00f6sungskalorimeter 6755 ist somit ein leicht zu bedienendes Messinstrument f\u00fcr die Messung von:<\/p>\n<ul>\n<li>Reaktionsw\u00e4rme<\/li>\n<li>Mischungsw\u00e4rme<\/li>\n<li>L\u00f6sungsw\u00e4rme<\/li>\n<li>Verd\u00fcnnungsw\u00e4rme<\/li>\n<li>Benetzungsw\u00e4rme<\/li>\n<\/ul>\n<p>Messungen werden bei Umgebungstemperatur und\u00a0Atmosph\u00e4rendruck in entweder fl\u00fcssig-fl\u00fcssigen oder fl\u00fcssig-festen Systemen durchgef\u00fchrt, und decken die Energie\u00e4nderungen von 2 bis 1000 Kalorien ab. Alle Kalorimeter Konfigurationen und Bedienschritte sind \u00fcbersichtlich und unkompliziert und werden \u00fcber ein men\u00fcgesteuertes Touchscreen Display bedient. Pr\u00e4zise Temperaturmessungen werden auf dem hellen Farbdisplay angezeigt. Das Kalorimeter verf\u00fcgt \u00fcber Ausg\u00e4nge f\u00fcr den Drucker, PC oder f\u00fcr die Ethernet Netzwerkverbindung (LAN).<\/p>\n<h3>Viele unterschiedliche Reaktionen<\/h3>\n<p>Das Kalorimeter 6755 kann f\u00fcr die Untersuchung von allen fl\u00fcssig-fl\u00fcssigen oder fl\u00fcssig-festen chemischen Reaktionen im Temperaturbereich von 10 bis 50 \u00b0C verwendet werden. Reaktionsw\u00e4rme, endotherme, sowie exotherme kann in verschiedenen Systemen, von einfachen S\u00e4ure-Base-Reaktionen bis komplizierteren Redox, Chelatisierung, Hydrolyse und anderen Reaktionen, bestimmt werden. Das Kalorimeter eignet sich besonders gut f\u00fcr die Analyse von schwachen S\u00e4uren und Basen, die sich mit anderen Methoden schwer untersuchen lassen. Das Kalorimeter kann auch f\u00fcr schnelle spezifische Ionen-Bestimmung mit thermochemischen Verfahren verwendet werden.<\/p>\n<p>Die bei der L\u00f6sung von Feststoffen in Fl\u00fcssigkeit entstehende L\u00f6sungsw\u00e4rme kann einfach gemessen werden. Auf die gleiche Weise kann das Kalorimeter die Verd\u00fcnnungsw\u00e4rme messen, die entsteht, wenn einer L\u00f6sung ein L\u00f6sungsmittel oder eine weniger konzentrierte L\u00f6sung zugesetzt wird. Das Kalorimeter ist auch geeignet f\u00fcr die Messung von Mischungsw\u00e4rme, die bei Mischung zweier Fl\u00fcssigkeiten entsteht. Die Benetzungsw\u00e4rme, so wie sie vom Kalorimeter gemessen wird, dient nicht nur als thermochemische Messung, sondern auch als schnelle Methode f\u00fcr die Bestimmung der Oberfl\u00e4che der pulverf\u00f6rmigen Feststoffe. Die W\u00e4rme, die bei der Benetzung des Pulvers mit einem Netzmittel entsteht, proportional der ausgesetzten Oberfl\u00e4che ist.<\/p>\n<h4>Gut isolierte Reaktionskammer<\/h4>\n<p>Alle Reaktionen im Kalorimeter 6755 werden in einem voll versilberten Dewar Gef\u00e4\u00df aus Glas, mit einem inneren Durchmesser von 48 mm und einer Tiefe von 103 mm, durchgef\u00fchrt. Das Dewar Gef\u00e4\u00df wird in ein Geh\u00e4useeinsatz eingesetzt, aus dem es sich leicht zum Reinigen und Bef\u00fcllen entnehmen l\u00e4sst. Der Geh\u00e4useeinsatz ist mit Kunststoff-Isolierschaum isoliert, die ganze Einheit ist in ein robustes Aluminium-Geh\u00e4use eingebaut.<\/p>\n<h4>Neuartige rotierende Probenzelle<\/h4>\n<p>Fl\u00fcssige und feste Proben werden in einer geschlossenen Glasglocke mit abnehmbaren Boden in Dewar Gef\u00e4\u00df eingesetzt. Diese Glocke dient auch als R\u00fchrer im Kalorimetersystem. Der Zellenboden wird mit einem Teflon-Sch\u00e4lchen verschlossen, das genau in die Glocke passt, ohne dass zus\u00e4tzliche Dichtungen ben\u00f6tigt werden. Feste Proben (bis 2 g) k\u00f6nnen direkt in dieses Sch\u00e4lchen gef\u00fcllt werden, bevor es an die Glocke befestigt wird. Fl\u00fcssige Proben (bis 20 ml) k\u00f6nnen in eine geschlossene Zelle mit einer Pipette durch den Glasschaft oben auf der Zelle gef\u00fcllt werden. Um die Reaktion zu starten, wird eine Glas-Schubstange in die \u00d6ffnung des Kalorimeters durch die R\u00fchrwelle in die Aufnahme im Probensch\u00e4lchen geschoben. Wenn der Stab nach unten gedr\u00fcckt wird, gleitet das Sch\u00e4lchen aus der Zelle heraus und bleibt am Stab, in einem definierten Abstand \u00fcben den Reaktionsgef\u00e4\u00df-Boden, haften. In dieser Position rotieren der Stab und das Sch\u00e4lchen zusammen mit der Zelle, wobei die Reaktanten in die L\u00f6sung herausgeschleudert werden. Die ganze Einheit dient als zus\u00e4tzlicher Impeller f\u00fcr das R\u00fchrsystem. Dank dem d\u00fcnnwandigen Glasschaft mit niedriger Leitf\u00e4higkeit und der Kunststoff-Kupplung, die die Zelle an der R\u00fchrwelle befestigt, werden W\u00e4rmeverluste aus der Zelle sehr gering gehalten. Die Zelle ist leicht zu bef\u00fcllen und zu reinigen. Gebrochene Zellen k\u00f6nnen ersetzt werden, weil Probensch\u00e4lchen und andere Teile austauschbar sind. Die Sch\u00e4lchen werden aus glasfaserverst\u00e4rktem Teflon gefertigt und weisen ausgezeichneten Widerstand gegen meisten chemischen Arbeitsstoffe und gute Dimensionsstabilit\u00e4t auf.<\/p>\n<h4>R\u00fchrantrieb<\/h4>\n<p>Der R\u00fchrmechanismus besteht aus einem au\u00dfen montierten Elektromotor mit einem Antriebsriemen, der die R\u00fchrwelle mit einer konstanten Geschwindigkeit (ca. 400 U\/min) ohne Verrutschen und mit sehr geringer Reibung dreht. Die hohle R\u00fchrwelle geht bis zur Unterseite des Kalorimeter Deckels, wo sie mit der Kupplung oben auf der Probenzelle verbunden wird.<\/p>\n<h4>Einfach zu bedienen<\/h4>\n<p>Das Kalorimeter 6755 ist klassisch einfach zu bedienen. Am Anfang eines Versuchs befindet sich eine Fl\u00fcssigkeit im Glas-Dewar-Gef\u00e4\u00df. Der andere Reaktant, fl\u00fcssig oder fest, befindet sich in einer abgedichteten rotierenden Zelle, die in der Fl\u00fcssigkeit im Dewar-Gef\u00e4\u00df getaucht ist. Das System erreicht schnell das Gleichgewicht. Dabei kommt es zu einer nur sehr geringen Temperaturdrift, die durch die R\u00fchrw\u00e4rme und die in das Kalorimeter eintretende bzw. aus dem Kalorimeter austretende W\u00e4rme bedingt ist. Nach dem Verzeichnen der anf\u00e4nglichen Drift, wird die Reaktion gestartet, indem die Schubstange heruntergedr\u00fcckt und der Inhalt der Probenzelle freigegeben wird, ohne dass die Drehung der Messzelle unterbrochen wird. Danach verl\u00e4uft die Reaktion beim intensiven Umr\u00fchren der Probenzelle, bis sie vollendet ist.<\/p>\n<h4>Pr\u00e4zision-Temperaturmessung<\/h4>\n<p>Die Temperatur in Dewar-Gef\u00e4\u00df wird mit einem kalorimetrischen Thermometer 6772 gemessen, das mit dem Kalorimeter 6755 mitgeliefert wird. Messungen werden mit einem Thermistor aufgenommen, der in einem Edelstahl-Temperaturf\u00fchler versiegelt ist. Temperaturmessungen k\u00f6nnen im Arbeitsbereich von 10 bis 50 \u00b0C vorgenommen werden, die besten Ergebnisse werden jedoch bei +\/- 5 \u00b0C von der Raumtemperatur erzielt, weil die W\u00e4rmeverluste aus dem Dewar-Gef\u00e4\u00df dabei minimal sind. Das Kalorimeter-Thermometer kann auch f\u00fcr allgemeine, hochpr\u00e4zise Temperaturmessungen und andere Anwendungen eingesetzt werden, wobei der Temperaturf\u00fchler mit Edelstahlmantel (1168E2) genutzt wird. Alle f\u00fcr das Kalorimeter 6755 bereitgestellte Funktionen, wie Touchscreen-Display, Echtzeit-Aufzeichnungen, Datenlogger und Kommunikationseigenschaften, sind auch verf\u00fcgbar, wenn das Thermometer als eigenst\u00e4ndiges Teil f\u00fcr andere Anwendungen genutzt wird. Das Thermometer verf\u00fcgt auch \u00fcber eine eingebaute Z\u00fcndeinheit f\u00fcr die Benutzer, die das Teil f\u00fcr die Verbrennungskalorimetrie, wie z. B. mit Parr Semimikrokalorimeter 6725 einsetzen m\u00f6chten.<\/p>\n<h4>Datenerfassung und Berichterstattung<\/h4>\n<p>Das Kalorimeter 6755 verf\u00fcgt \u00fcber eine Protokollfunktion, mit der die Kalorimetertemperatur und wichtige zus\u00e4tzliche Werte mit der benutzerdefinierten Frequenz gemessen und aufgezeichnet werden. Diese Daten k\u00f6nnen an einen Drucker via USB-Port oder an einen PC via Ethernet-Verbindung mittels Standard-Netzwerkprotokoll geschickt werden. Die in das Kalorimeter eingebaute Software gibt die Temperaturanstiegsdaten, die bereits hinsichtlich der W\u00e4rmeverluste und R\u00fchrw\u00e4rme im System korrigiert sind, bzw. unkorrigierte Daten f\u00fcr die manuelle, Computer- oder grafische Auswertung aus. F\u00fcr die Anwender, die Berichts- und Druckfunktionalit\u00e4t des Kalorimeters im vollen Umfang nutzen m\u00f6chten, steht der Parr Drucker 1761 verf\u00fcgbar. Dies ist ein kompakter Thermodrucker, der auf die Ausgabe von 40 Zeichen pro Zeile eingestellt ist. F\u00fcr den Anschluss des Druckers steht ein Standard-USB-Port mit kompletter Konfigurationssoftware zur Verf\u00fcgung. Der USB-Port kann auch f\u00fcr die Arbeit mit anderen Druckern konfiguriert werden.<\/p>\n<h4>Pr\u00e4zision<\/h4>\n<p>Die erreichbare Pr\u00e4zision des 6755 L\u00f6sungskalorimeters ist eine Funktion von der W\u00e4rmemenge, die von den Reaktanten freigesetzt wird, und der Temperatur, bei der der Versuch durchgef\u00fchrt wird. Die h\u00f6chste Pr\u00e4zision wird erreicht bei der Arbeit mit den Reaktionen, die zwischen 200 und 600 Kalorien freisetzen, den Temperaturanstieg von 1,5 bis 5 \u00b0C erzeugen und im Raumtemperaturbereich durchgef\u00fchrt werden. Unter diesen Bedingungen kann eine Standardabweichung weiniger 0,4 % von einem bestimmten Wert bei wiederholten Versuchen erreicht werden. Betr\u00e4gt der Temperaturanstieg weniger als 0,5 \u00b0C oder mehr als 6 \u00b0C, bzw. wird der Versuch bei h\u00f6heren Arbeitstemperaturen mit wesentlichen W\u00e4rmeverlusten durchgef\u00fchrt, so kann die Standardabweichung bis 1,0 % von einem bestimmten Wert steigen.<\/p>\n<hr \/>\n<h3>Betriebsspezifikationen<\/h3>\n<p>&nbsp;<\/p>\n<table class=\"GeneralTable\">\n<tbody>\n<tr>\n<td class=\"GeneralTable-DarkBlue\" colspan=\"2\">Betriebsspezifikationen f\u00fcr L\u00f6sungskalorimeter 6755<\/td>\n<\/tr>\n<tr>\n<td><strong>Bezeichnung<\/strong><\/td>\n<td><strong>Wert<\/strong><\/td>\n<\/tr>\n<tr class=\"GeneralTable-LightBlue\">\n<td>Arbeitstemperaturbereich<\/td>\n<td>10\u00b0 bis 50\u00b0C<\/td>\n<\/tr>\n<tr>\n<td>Temperaturempfindlichkeit<\/td>\n<td>0.0002\u00b0C<\/td>\n<\/tr>\n<tr class=\"GeneralTable-LightBlue\">\n<td>Energiemessbereich<\/td>\n<td>2 bis 1000 Kalorien<\/td>\n<\/tr>\n<tr>\n<td>Nachweisgrenze<\/td>\n<td>0.1 Kalorie<\/td>\n<\/tr>\n<tr class=\"GeneralTable-LightBlue\">\n<td>Energie\u00e4quivalent<\/td>\n<td>100-145 Kalorien\/\u00b0C<\/td>\n<\/tr>\n<tr>\n<td>Max. F\u00fcllvolumen, zu l\u00f6sender Stoff<\/td>\n<td>20 mL<\/td>\n<\/tr>\n<tr class=\"GeneralTable-LightBlue\">\n<td>Erforderliches Volumen, L\u00f6sung<\/td>\n<td>90 bis 120 mL<\/td>\n<\/tr>\n<\/tbody>\n<\/table>\n<p>&nbsp;<\/p>\n<hr \/>\n<h3>Standardisierung<\/h3>\n<p><strong>F\u00fcr das Kalorimeter 6755 stehen drei verschiedene Standardisierungsverfahren zur Verf\u00fcgung:<\/strong><\/p>\n<ul>\n<li>Chemische Standardisierung kann einfach mittels einer pr\u00e4zisen reproduzierbaren exothermischen Reaktion von tris (hydroxymethyl) aminomethane mit 0,1 N HCL nach dem NIST-Verfahren, das in der beiliegenden Standardisierungsanweisung beschrieben wird, durchgef\u00fchrt werden. Eine 100-gramm Flasche von \u201etris\u201c ist im Lieferumfang des 6755 Kalorimeters zu diesen Zwecken enthalten. Zus\u00e4tzliche Mengen k\u00f6nnen Sie unter Bestellnummer 724 bei Parr bestellen.<\/li>\n<li>Bei der Vergleich-Standardisierung werden die Proben mit bekannten Enthalpie\u00e4nderungen und thermochemischen Eigenschaften \u00e4hnlich zu denen von unbekannten Proben genutzt. Das Kalorimeter wird standardisiert, indem doppelte Versuche, mit bekannten und unbekannten Proben, durchgef\u00fchrt werden.<\/li>\n<li>F\u00fcr die elektrische Standardisierung ben\u00f6tigt man einen elektrischen \u00dcberhitzungsf\u00fchler, einheitliche Stromversorgung, ein hochpr\u00e4zises Voltmeter und einen pr\u00e4zisen Intervalltaktgeber. Andere Teile k\u00f6nnen von kommerziellen Quellen bestellt werden.<\/li>\n<\/ul>\n<p><a href=\"https:\/\/i0.wp.com\/www.parrinst.com\/de\/wp-content\/uploads\/sites\/6\/2011\/07\/6755_Cutaway_Parts.jpg?ssl=1\"><img data-recalc-dims=\"1\" loading=\"lazy\" decoding=\"async\" class=\"size-medium wp-image-4271 alignleft\" src=\"https:\/\/i0.wp.com\/www.parrinst.com\/de\/wp-content\/uploads\/sites\/6\/2011\/07\/6755_Cutaway_Parts.jpg?resize=300%2C283&#038;ssl=1\" alt=\"6755 Cutaway wParts\" width=\"300\" height=\"283\" srcset=\"https:\/\/i0.wp.com\/www.parrinst.com\/de\/wp-content\/uploads\/sites\/6\/2011\/07\/6755_Cutaway_Parts.jpg?resize=300%2C283&amp;ssl=1 300w, https:\/\/i0.wp.com\/www.parrinst.com\/de\/wp-content\/uploads\/sites\/6\/2011\/07\/6755_Cutaway_Parts.jpg?w=834&amp;ssl=1 834w\" sizes=\"auto, (max-width: 300px) 100vw, 300px\" \/><\/a><\/p>\n","protected":false},"excerpt":{"rendered":"<p>Das Modell 6755 ist ein multifunktionales Kalorimeter f\u00fcr die Messung von Enthalpie\u00e4nderungen, die bei chemischen Reaktionen in L\u00f6sungen auftreten. Es verf\u00fcgt \u00fcber eine neuartige rotierende Probenzelle und nutzt ein pr\u00e4zises Mikroprozessor-gesteuertes Thermometer. Das L\u00f6sungskalorimeter 6755 ist somit ein leicht zu bedienendes Messinstrument f\u00fcr die Messung von: Reaktionsw\u00e4rme Mischungsw\u00e4rme L\u00f6sungsw\u00e4rme Verd\u00fcnnungsw\u00e4rme Benetzungsw\u00e4rme Messungen werden bei Umgebungstemperatur [&hellip;]<\/p>\n","protected":false},"author":1,"featured_media":37712,"parent":83,"menu_order":0,"comment_status":"closed","ping_status":"closed","template":"product-wide.php","meta":{"_acf_changed":false,"footnotes":"","_links_to":"","_links_to_target":""},"class_list":["post-4241","page","type-page","status-publish","has-post-thumbnail","hentry"],"acf":[],"yoast_head":"<!-- This site is optimized with the Yoast SEO plugin v27.4 - https:\/\/yoast.com\/product\/yoast-seo-wordpress\/ -->\n<title>6755 L\u00f6sungskalorimeter - Parr Instrument GmbH<\/title>\n<meta name=\"robots\" content=\"index, follow, max-snippet:-1, max-image-preview:large, max-video-preview:-1\" \/>\n<link rel=\"canonical\" href=\"https:\/\/www.parrinst.com\/de\/products\/oxygen-bomb-calorimeters\/6755-solution-calorimeter\/\" \/>\n<meta property=\"og:locale\" content=\"en_US\" \/>\n<meta property=\"og:type\" content=\"article\" \/>\n<meta property=\"og:title\" content=\"6755 L\u00f6sungskalorimeter - Parr Instrument GmbH\" \/>\n<meta property=\"og:description\" content=\"Das Modell 6755 ist ein multifunktionales Kalorimeter f\u00fcr die Messung von Enthalpie\u00e4nderungen, die bei chemischen Reaktionen in L\u00f6sungen auftreten. Es verf\u00fcgt \u00fcber eine neuartige rotierende Probenzelle und nutzt ein pr\u00e4zises Mikroprozessor-gesteuertes Thermometer. Das L\u00f6sungskalorimeter 6755 ist somit ein leicht zu bedienendes Messinstrument f\u00fcr die Messung von: Reaktionsw\u00e4rme Mischungsw\u00e4rme L\u00f6sungsw\u00e4rme Verd\u00fcnnungsw\u00e4rme Benetzungsw\u00e4rme Messungen werden bei Umgebungstemperatur [&hellip;]\" \/>\n<meta property=\"og:url\" content=\"https:\/\/www.parrinst.com\/de\/products\/oxygen-bomb-calorimeters\/6755-solution-calorimeter\/\" \/>\n<meta property=\"og:site_name\" content=\"Parr Instrument GmbH\" \/>\n<meta property=\"article:modified_time\" content=\"2022-11-18T19:01:31+00:00\" \/>\n<meta property=\"og:image\" content=\"https:\/\/www.parrinst.com\/de\/files\/2018\/01\/parr_banner_calorimeter_secondary-3.jpg\" \/>\n\t<meta property=\"og:image:width\" content=\"2200\" \/>\n\t<meta property=\"og:image:height\" content=\"399\" \/>\n\t<meta property=\"og:image:type\" content=\"image\/jpeg\" \/>\n<meta name=\"twitter:card\" content=\"summary_large_image\" \/>\n<meta name=\"twitter:label1\" content=\"Est. reading time\" \/>\n\t<meta name=\"twitter:data1\" content=\"6 minutes\" \/>\n<script type=\"application\/ld+json\" class=\"yoast-schema-graph\">{\"@context\":\"https:\\\/\\\/schema.org\",\"@graph\":[{\"@type\":\"WebPage\",\"@id\":\"https:\\\/\\\/www.parrinst.com\\\/de\\\/products\\\/oxygen-bomb-calorimeters\\\/6755-solution-calorimeter\\\/\",\"url\":\"https:\\\/\\\/www.parrinst.com\\\/de\\\/products\\\/oxygen-bomb-calorimeters\\\/6755-solution-calorimeter\\\/\",\"name\":\"6755 L\u00f6sungskalorimeter - Parr Instrument GmbH\",\"isPartOf\":{\"@id\":\"https:\\\/\\\/www.parrinst.com\\\/de\\\/#website\"},\"primaryImageOfPage\":{\"@id\":\"https:\\\/\\\/www.parrinst.com\\\/de\\\/products\\\/oxygen-bomb-calorimeters\\\/6755-solution-calorimeter\\\/#primaryimage\"},\"image\":{\"@id\":\"https:\\\/\\\/www.parrinst.com\\\/de\\\/products\\\/oxygen-bomb-calorimeters\\\/6755-solution-calorimeter\\\/#primaryimage\"},\"thumbnailUrl\":\"https:\\\/\\\/i0.wp.com\\\/www.parrinst.com\\\/de\\\/wp-content\\\/uploads\\\/sites\\\/6\\\/2018\\\/01\\\/parr_banner_calorimeter_secondary-3.jpg?fit=2200%2C399&ssl=1\",\"datePublished\":\"2011-07-14T21:27:31+00:00\",\"dateModified\":\"2022-11-18T19:01:31+00:00\",\"breadcrumb\":{\"@id\":\"https:\\\/\\\/www.parrinst.com\\\/de\\\/products\\\/oxygen-bomb-calorimeters\\\/6755-solution-calorimeter\\\/#breadcrumb\"},\"inLanguage\":\"en-US\",\"potentialAction\":[{\"@type\":\"ReadAction\",\"target\":[\"https:\\\/\\\/www.parrinst.com\\\/de\\\/products\\\/oxygen-bomb-calorimeters\\\/6755-solution-calorimeter\\\/\"]}]},{\"@type\":\"ImageObject\",\"inLanguage\":\"en-US\",\"@id\":\"https:\\\/\\\/www.parrinst.com\\\/de\\\/products\\\/oxygen-bomb-calorimeters\\\/6755-solution-calorimeter\\\/#primaryimage\",\"url\":\"https:\\\/\\\/i0.wp.com\\\/www.parrinst.com\\\/de\\\/wp-content\\\/uploads\\\/sites\\\/6\\\/2018\\\/01\\\/parr_banner_calorimeter_secondary-3.jpg?fit=2200%2C399&ssl=1\",\"contentUrl\":\"https:\\\/\\\/i0.wp.com\\\/www.parrinst.com\\\/de\\\/wp-content\\\/uploads\\\/sites\\\/6\\\/2018\\\/01\\\/parr_banner_calorimeter_secondary-3.jpg?fit=2200%2C399&ssl=1\",\"width\":2200,\"height\":399},{\"@type\":\"BreadcrumbList\",\"@id\":\"https:\\\/\\\/www.parrinst.com\\\/de\\\/products\\\/oxygen-bomb-calorimeters\\\/6755-solution-calorimeter\\\/#breadcrumb\",\"itemListElement\":[{\"@type\":\"ListItem\",\"position\":1,\"name\":\"Home\",\"item\":\"https:\\\/\\\/www.parrinst.com\\\/de\\\/\"},{\"@type\":\"ListItem\",\"position\":2,\"name\":\"Products\",\"item\":\"https:\\\/\\\/www.parrinst.com\\\/de\\\/products\\\/\"},{\"@type\":\"ListItem\",\"position\":3,\"name\":\"Sauerstoffbomben-Kalorimeter\",\"item\":\"https:\\\/\\\/www.parrinst.com\\\/de\\\/products\\\/oxygen-bomb-calorimeters\\\/\"},{\"@type\":\"ListItem\",\"position\":4,\"name\":\"6755 L\u00f6sungskalorimeter\"}]},{\"@type\":\"WebSite\",\"@id\":\"https:\\\/\\\/www.parrinst.com\\\/de\\\/#website\",\"url\":\"https:\\\/\\\/www.parrinst.com\\\/de\\\/\",\"name\":\"Parr Instrument GmbH\",\"description\":\"\",\"potentialAction\":[{\"@type\":\"SearchAction\",\"target\":{\"@type\":\"EntryPoint\",\"urlTemplate\":\"https:\\\/\\\/www.parrinst.com\\\/de\\\/?s={search_term_string}\"},\"query-input\":{\"@type\":\"PropertyValueSpecification\",\"valueRequired\":true,\"valueName\":\"search_term_string\"}}],\"inLanguage\":\"en-US\"}]}<\/script>\n<!-- \/ Yoast SEO plugin. -->","yoast_head_json":{"title":"6755 L\u00f6sungskalorimeter - Parr Instrument GmbH","robots":{"index":"index","follow":"follow","max-snippet":"max-snippet:-1","max-image-preview":"max-image-preview:large","max-video-preview":"max-video-preview:-1"},"canonical":"https:\/\/www.parrinst.com\/de\/products\/oxygen-bomb-calorimeters\/6755-solution-calorimeter\/","og_locale":"en_US","og_type":"article","og_title":"6755 L\u00f6sungskalorimeter - Parr Instrument GmbH","og_description":"Das Modell 6755 ist ein multifunktionales Kalorimeter f\u00fcr die Messung von Enthalpie\u00e4nderungen, die bei chemischen Reaktionen in L\u00f6sungen auftreten. Es verf\u00fcgt \u00fcber eine neuartige rotierende Probenzelle und nutzt ein pr\u00e4zises Mikroprozessor-gesteuertes Thermometer. Das L\u00f6sungskalorimeter 6755 ist somit ein leicht zu bedienendes Messinstrument f\u00fcr die Messung von: Reaktionsw\u00e4rme Mischungsw\u00e4rme L\u00f6sungsw\u00e4rme Verd\u00fcnnungsw\u00e4rme Benetzungsw\u00e4rme Messungen werden bei Umgebungstemperatur [&hellip;]","og_url":"https:\/\/www.parrinst.com\/de\/products\/oxygen-bomb-calorimeters\/6755-solution-calorimeter\/","og_site_name":"Parr Instrument GmbH","article_modified_time":"2022-11-18T19:01:31+00:00","og_image":[{"width":2200,"height":399,"url":"https:\/\/www.parrinst.com\/de\/files\/2018\/01\/parr_banner_calorimeter_secondary-3.jpg","type":"image\/jpeg"}],"twitter_card":"summary_large_image","twitter_misc":{"Est. reading time":"6 minutes"},"schema":{"@context":"https:\/\/schema.org","@graph":[{"@type":"WebPage","@id":"https:\/\/www.parrinst.com\/de\/products\/oxygen-bomb-calorimeters\/6755-solution-calorimeter\/","url":"https:\/\/www.parrinst.com\/de\/products\/oxygen-bomb-calorimeters\/6755-solution-calorimeter\/","name":"6755 L\u00f6sungskalorimeter - Parr Instrument GmbH","isPartOf":{"@id":"https:\/\/www.parrinst.com\/de\/#website"},"primaryImageOfPage":{"@id":"https:\/\/www.parrinst.com\/de\/products\/oxygen-bomb-calorimeters\/6755-solution-calorimeter\/#primaryimage"},"image":{"@id":"https:\/\/www.parrinst.com\/de\/products\/oxygen-bomb-calorimeters\/6755-solution-calorimeter\/#primaryimage"},"thumbnailUrl":"https:\/\/i0.wp.com\/www.parrinst.com\/de\/wp-content\/uploads\/sites\/6\/2018\/01\/parr_banner_calorimeter_secondary-3.jpg?fit=2200%2C399&ssl=1","datePublished":"2011-07-14T21:27:31+00:00","dateModified":"2022-11-18T19:01:31+00:00","breadcrumb":{"@id":"https:\/\/www.parrinst.com\/de\/products\/oxygen-bomb-calorimeters\/6755-solution-calorimeter\/#breadcrumb"},"inLanguage":"en-US","potentialAction":[{"@type":"ReadAction","target":["https:\/\/www.parrinst.com\/de\/products\/oxygen-bomb-calorimeters\/6755-solution-calorimeter\/"]}]},{"@type":"ImageObject","inLanguage":"en-US","@id":"https:\/\/www.parrinst.com\/de\/products\/oxygen-bomb-calorimeters\/6755-solution-calorimeter\/#primaryimage","url":"https:\/\/i0.wp.com\/www.parrinst.com\/de\/wp-content\/uploads\/sites\/6\/2018\/01\/parr_banner_calorimeter_secondary-3.jpg?fit=2200%2C399&ssl=1","contentUrl":"https:\/\/i0.wp.com\/www.parrinst.com\/de\/wp-content\/uploads\/sites\/6\/2018\/01\/parr_banner_calorimeter_secondary-3.jpg?fit=2200%2C399&ssl=1","width":2200,"height":399},{"@type":"BreadcrumbList","@id":"https:\/\/www.parrinst.com\/de\/products\/oxygen-bomb-calorimeters\/6755-solution-calorimeter\/#breadcrumb","itemListElement":[{"@type":"ListItem","position":1,"name":"Home","item":"https:\/\/www.parrinst.com\/de\/"},{"@type":"ListItem","position":2,"name":"Products","item":"https:\/\/www.parrinst.com\/de\/products\/"},{"@type":"ListItem","position":3,"name":"Sauerstoffbomben-Kalorimeter","item":"https:\/\/www.parrinst.com\/de\/products\/oxygen-bomb-calorimeters\/"},{"@type":"ListItem","position":4,"name":"6755 L\u00f6sungskalorimeter"}]},{"@type":"WebSite","@id":"https:\/\/www.parrinst.com\/de\/#website","url":"https:\/\/www.parrinst.com\/de\/","name":"Parr Instrument GmbH","description":"","potentialAction":[{"@type":"SearchAction","target":{"@type":"EntryPoint","urlTemplate":"https:\/\/www.parrinst.com\/de\/?s={search_term_string}"},"query-input":{"@type":"PropertyValueSpecification","valueRequired":true,"valueName":"search_term_string"}}],"inLanguage":"en-US"}]}},"jetpack_sharing_enabled":true,"_links":{"self":[{"href":"https:\/\/www.parrinst.com\/de\/wp-json\/wp\/v2\/pages\/4241","targetHints":{"allow":["GET"]}}],"collection":[{"href":"https:\/\/www.parrinst.com\/de\/wp-json\/wp\/v2\/pages"}],"about":[{"href":"https:\/\/www.parrinst.com\/de\/wp-json\/wp\/v2\/types\/page"}],"author":[{"embeddable":true,"href":"https:\/\/www.parrinst.com\/de\/wp-json\/wp\/v2\/users\/1"}],"replies":[{"embeddable":true,"href":"https:\/\/www.parrinst.com\/de\/wp-json\/wp\/v2\/comments?post=4241"}],"version-history":[{"count":6,"href":"https:\/\/www.parrinst.com\/de\/wp-json\/wp\/v2\/pages\/4241\/revisions"}],"predecessor-version":[{"id":41140,"href":"https:\/\/www.parrinst.com\/de\/wp-json\/wp\/v2\/pages\/4241\/revisions\/41140"}],"up":[{"embeddable":true,"href":"https:\/\/www.parrinst.com\/de\/wp-json\/wp\/v2\/pages\/83"}],"wp:featuredmedia":[{"embeddable":true,"href":"https:\/\/www.parrinst.com\/de\/wp-json\/wp\/v2\/media\/37712"}],"wp:attachment":[{"href":"https:\/\/www.parrinst.com\/de\/wp-json\/wp\/v2\/media?parent=4241"}],"curies":[{"name":"wp","href":"https:\/\/api.w.org\/{rel}","templated":true}]}}