{"id":4245,"date":"2011-07-14T16:30:10","date_gmt":"2011-07-14T21:30:10","guid":{"rendered":"https:\/\/www.parrinst.com\/?page_id=4245"},"modified":"2016-08-28T16:31:09","modified_gmt":"2016-08-28T14:31:09","slug":"specifications","status":"publish","type":"page","link":"https:\/\/www.parrinst.com\/de\/products\/oxygen-bomb-calorimeters\/6755-solution-calorimeter\/specifications\/","title":{"rendered":"Specifications"},"content":{"rendered":"<h2>Spezifikationen:<\/h2>\n<ul>\n<li>Pr\u00e4zision 0,4% (1,5 \u2013 5,0 \u00b0C Anstieg im Raumtemperaturbereich) <\/li>\n<li>Arbeitstemperaturbereich 10 \u2013 50 \u00b0C <\/li>\n<li>Temperaturempfindlichkeit 0.0001 \u00b0C<\/li>\n<li>Probenenergie-Messbereich 2-1000 Kalorien<\/li>\n<li>Nachweisgrenze 0,1 Kalorie<\/li>\n<li>Energie\u00e4quivalent 100 -145 Kalorien\/\u00b0C<\/li>\n<li>20 ml Max. F\u00fcllvolumen, zu l\u00f6sender Stoff<\/li>\n<li>90 \u2013 120 ml erforderliches Volumen, L\u00f6sungsmittel<\/li>\n<li>USB-Anschluss f\u00fcr Waage und Drucker<\/li>\n<li>SD Speicherkarte f\u00fcr einfache Daten- und Protokoll\u00fcbertragung<\/li>\n<li>TCP\/IP via Ethernet-Netzwerkverbindung<\/li>\n<li>6755: Abmessungen (Zoll) 9 breit X 13 tief X 13 hoch<\/li>\n<li>6772: Abmessungen (Zoll) 22 breit X 14 tief X 12 hoch<\/li>\n<li>6755: Abmessungen (cm) 22 breit X 33 tief X 33 hoch<\/li>\n<li>6772: Abmessungen (cm) 56 breit X 36 tief X 31 hoch<\/li>\n<\/ul>\n","protected":false},"excerpt":{"rendered":"<p>Spezifikationen: Pr\u00e4zision 0,4% (1,5 \u2013 5,0 \u00b0C Anstieg im Raumtemperaturbereich) Arbeitstemperaturbereich 10 \u2013 50 \u00b0C Temperaturempfindlichkeit 0.0001 \u00b0C Probenenergie-Messbereich 2-1000 Kalorien Nachweisgrenze 0,1 Kalorie Energie\u00e4quivalent 100 -145 Kalorien\/\u00b0C 20 ml Max. F\u00fcllvolumen, zu l\u00f6sender Stoff 90 \u2013 120 ml erforderliches Volumen, L\u00f6sungsmittel USB-Anschluss f\u00fcr Waage und Drucker SD Speicherkarte f\u00fcr einfache Daten- und Protokoll\u00fcbertragung TCP\/IP [&hellip;]<\/p>\n","protected":false},"author":1,"featured_media":37712,"parent":4241,"menu_order":2,"comment_status":"closed","ping_status":"closed","template":"product-narrow.php","meta":{"_acf_changed":false,"footnotes":"","_links_to":"","_links_to_target":""},"class_list":["post-4245","page","type-page","status-publish","has-post-thumbnail","hentry"],"acf":[],"yoast_head":"<!-- This site is optimized with the Yoast SEO plugin v27.4 - https:\/\/yoast.com\/product\/yoast-seo-wordpress\/ -->\n<title>Specifications - Parr Instrument GmbH<\/title>\n<meta name=\"robots\" content=\"index, follow, max-snippet:-1, max-image-preview:large, max-video-preview:-1\" \/>\n<link rel=\"canonical\" href=\"https:\/\/www.parrinst.com\/de\/products\/oxygen-bomb-calorimeters\/6755-solution-calorimeter\/specifications\/\" \/>\n<meta property=\"og:locale\" content=\"en_US\" \/>\n<meta property=\"og:type\" content=\"article\" \/>\n<meta property=\"og:title\" content=\"Specifications - Parr Instrument GmbH\" \/>\n<meta property=\"og:description\" content=\"Spezifikationen: Pr\u00e4zision 0,4% (1,5 \u2013 5,0 \u00b0C Anstieg im Raumtemperaturbereich) Arbeitstemperaturbereich 10 \u2013 50 \u00b0C Temperaturempfindlichkeit 0.0001 \u00b0C Probenenergie-Messbereich 2-1000 Kalorien Nachweisgrenze 0,1 Kalorie Energie\u00e4quivalent 100 -145 Kalorien\/\u00b0C 20 ml Max. F\u00fcllvolumen, zu l\u00f6sender Stoff 90 \u2013 120 ml erforderliches Volumen, L\u00f6sungsmittel USB-Anschluss f\u00fcr Waage und Drucker SD Speicherkarte f\u00fcr einfache Daten- und Protokoll\u00fcbertragung TCP\/IP [&hellip;]\" \/>\n<meta property=\"og:url\" content=\"https:\/\/www.parrinst.com\/de\/products\/oxygen-bomb-calorimeters\/6755-solution-calorimeter\/specifications\/\" \/>\n<meta property=\"og:site_name\" content=\"Parr Instrument GmbH\" \/>\n<meta property=\"article:modified_time\" content=\"2016-08-28T14:31:09+00:00\" \/>\n<meta property=\"og:image\" content=\"https:\/\/www.parrinst.com\/de\/files\/2018\/01\/parr_banner_calorimeter_secondary-3.jpg\" \/>\n\t<meta property=\"og:image:width\" content=\"2200\" \/>\n\t<meta property=\"og:image:height\" content=\"399\" \/>\n\t<meta property=\"og:image:type\" content=\"image\/jpeg\" \/>\n<meta name=\"twitter:card\" content=\"summary_large_image\" \/>\n<script type=\"application\/ld+json\" class=\"yoast-schema-graph\">{\"@context\":\"https:\\\/\\\/schema.org\",\"@graph\":[{\"@type\":\"WebPage\",\"@id\":\"https:\\\/\\\/www.parrinst.com\\\/de\\\/products\\\/oxygen-bomb-calorimeters\\\/6755-solution-calorimeter\\\/specifications\\\/\",\"url\":\"https:\\\/\\\/www.parrinst.com\\\/de\\\/products\\\/oxygen-bomb-calorimeters\\\/6755-solution-calorimeter\\\/specifications\\\/\",\"name\":\"Specifications - Parr Instrument GmbH\",\"isPartOf\":{\"@id\":\"https:\\\/\\\/www.parrinst.com\\\/de\\\/#website\"},\"primaryImageOfPage\":{\"@id\":\"https:\\\/\\\/www.parrinst.com\\\/de\\\/products\\\/oxygen-bomb-calorimeters\\\/6755-solution-calorimeter\\\/specifications\\\/#primaryimage\"},\"image\":{\"@id\":\"https:\\\/\\\/www.parrinst.com\\\/de\\\/products\\\/oxygen-bomb-calorimeters\\\/6755-solution-calorimeter\\\/specifications\\\/#primaryimage\"},\"thumbnailUrl\":\"https:\\\/\\\/i0.wp.com\\\/www.parrinst.com\\\/de\\\/wp-content\\\/uploads\\\/sites\\\/6\\\/2018\\\/01\\\/parr_banner_calorimeter_secondary-3.jpg?fit=2200%2C399&ssl=1\",\"datePublished\":\"2011-07-14T21:30:10+00:00\",\"dateModified\":\"2016-08-28T14:31:09+00:00\",\"breadcrumb\":{\"@id\":\"https:\\\/\\\/www.parrinst.com\\\/de\\\/products\\\/oxygen-bomb-calorimeters\\\/6755-solution-calorimeter\\\/specifications\\\/#breadcrumb\"},\"inLanguage\":\"en-US\",\"potentialAction\":[{\"@type\":\"ReadAction\",\"target\":[\"https:\\\/\\\/www.parrinst.com\\\/de\\\/products\\\/oxygen-bomb-calorimeters\\\/6755-solution-calorimeter\\\/specifications\\\/\"]}]},{\"@type\":\"ImageObject\",\"inLanguage\":\"en-US\",\"@id\":\"https:\\\/\\\/www.parrinst.com\\\/de\\\/products\\\/oxygen-bomb-calorimeters\\\/6755-solution-calorimeter\\\/specifications\\\/#primaryimage\",\"url\":\"https:\\\/\\\/i0.wp.com\\\/www.parrinst.com\\\/de\\\/wp-content\\\/uploads\\\/sites\\\/6\\\/2018\\\/01\\\/parr_banner_calorimeter_secondary-3.jpg?fit=2200%2C399&ssl=1\",\"contentUrl\":\"https:\\\/\\\/i0.wp.com\\\/www.parrinst.com\\\/de\\\/wp-content\\\/uploads\\\/sites\\\/6\\\/2018\\\/01\\\/parr_banner_calorimeter_secondary-3.jpg?fit=2200%2C399&ssl=1\",\"width\":2200,\"height\":399},{\"@type\":\"BreadcrumbList\",\"@id\":\"https:\\\/\\\/www.parrinst.com\\\/de\\\/products\\\/oxygen-bomb-calorimeters\\\/6755-solution-calorimeter\\\/specifications\\\/#breadcrumb\",\"itemListElement\":[{\"@type\":\"ListItem\",\"position\":1,\"name\":\"Home\",\"item\":\"https:\\\/\\\/www.parrinst.com\\\/de\\\/\"},{\"@type\":\"ListItem\",\"position\":2,\"name\":\"Products\",\"item\":\"https:\\\/\\\/www.parrinst.com\\\/de\\\/products\\\/\"},{\"@type\":\"ListItem\",\"position\":3,\"name\":\"Sauerstoffbomben-Kalorimeter\",\"item\":\"https:\\\/\\\/www.parrinst.com\\\/de\\\/products\\\/oxygen-bomb-calorimeters\\\/\"},{\"@type\":\"ListItem\",\"position\":4,\"name\":\"6755 L\u00f6sungskalorimeter\",\"item\":\"https:\\\/\\\/www.parrinst.com\\\/de\\\/products\\\/oxygen-bomb-calorimeters\\\/6755-solution-calorimeter\\\/\"},{\"@type\":\"ListItem\",\"position\":5,\"name\":\"Specifications\"}]},{\"@type\":\"WebSite\",\"@id\":\"https:\\\/\\\/www.parrinst.com\\\/de\\\/#website\",\"url\":\"https:\\\/\\\/www.parrinst.com\\\/de\\\/\",\"name\":\"Parr Instrument GmbH\",\"description\":\"\",\"potentialAction\":[{\"@type\":\"SearchAction\",\"target\":{\"@type\":\"EntryPoint\",\"urlTemplate\":\"https:\\\/\\\/www.parrinst.com\\\/de\\\/?s={search_term_string}\"},\"query-input\":{\"@type\":\"PropertyValueSpecification\",\"valueRequired\":true,\"valueName\":\"search_term_string\"}}],\"inLanguage\":\"en-US\"}]}<\/script>\n<!-- \/ Yoast SEO plugin. -->","yoast_head_json":{"title":"Specifications - Parr Instrument GmbH","robots":{"index":"index","follow":"follow","max-snippet":"max-snippet:-1","max-image-preview":"max-image-preview:large","max-video-preview":"max-video-preview:-1"},"canonical":"https:\/\/www.parrinst.com\/de\/products\/oxygen-bomb-calorimeters\/6755-solution-calorimeter\/specifications\/","og_locale":"en_US","og_type":"article","og_title":"Specifications - Parr Instrument GmbH","og_description":"Spezifikationen: Pr\u00e4zision 0,4% (1,5 \u2013 5,0 \u00b0C Anstieg im Raumtemperaturbereich) Arbeitstemperaturbereich 10 \u2013 50 \u00b0C Temperaturempfindlichkeit 0.0001 \u00b0C Probenenergie-Messbereich 2-1000 Kalorien Nachweisgrenze 0,1 Kalorie Energie\u00e4quivalent 100 -145 Kalorien\/\u00b0C 20 ml Max. F\u00fcllvolumen, zu l\u00f6sender Stoff 90 \u2013 120 ml erforderliches Volumen, L\u00f6sungsmittel USB-Anschluss f\u00fcr Waage und Drucker SD Speicherkarte f\u00fcr einfache Daten- und Protokoll\u00fcbertragung TCP\/IP [&hellip;]","og_url":"https:\/\/www.parrinst.com\/de\/products\/oxygen-bomb-calorimeters\/6755-solution-calorimeter\/specifications\/","og_site_name":"Parr Instrument GmbH","article_modified_time":"2016-08-28T14:31:09+00:00","og_image":[{"width":2200,"height":399,"url":"https:\/\/www.parrinst.com\/de\/files\/2018\/01\/parr_banner_calorimeter_secondary-3.jpg","type":"image\/jpeg"}],"twitter_card":"summary_large_image","schema":{"@context":"https:\/\/schema.org","@graph":[{"@type":"WebPage","@id":"https:\/\/www.parrinst.com\/de\/products\/oxygen-bomb-calorimeters\/6755-solution-calorimeter\/specifications\/","url":"https:\/\/www.parrinst.com\/de\/products\/oxygen-bomb-calorimeters\/6755-solution-calorimeter\/specifications\/","name":"Specifications - Parr Instrument GmbH","isPartOf":{"@id":"https:\/\/www.parrinst.com\/de\/#website"},"primaryImageOfPage":{"@id":"https:\/\/www.parrinst.com\/de\/products\/oxygen-bomb-calorimeters\/6755-solution-calorimeter\/specifications\/#primaryimage"},"image":{"@id":"https:\/\/www.parrinst.com\/de\/products\/oxygen-bomb-calorimeters\/6755-solution-calorimeter\/specifications\/#primaryimage"},"thumbnailUrl":"https:\/\/i0.wp.com\/www.parrinst.com\/de\/wp-content\/uploads\/sites\/6\/2018\/01\/parr_banner_calorimeter_secondary-3.jpg?fit=2200%2C399&ssl=1","datePublished":"2011-07-14T21:30:10+00:00","dateModified":"2016-08-28T14:31:09+00:00","breadcrumb":{"@id":"https:\/\/www.parrinst.com\/de\/products\/oxygen-bomb-calorimeters\/6755-solution-calorimeter\/specifications\/#breadcrumb"},"inLanguage":"en-US","potentialAction":[{"@type":"ReadAction","target":["https:\/\/www.parrinst.com\/de\/products\/oxygen-bomb-calorimeters\/6755-solution-calorimeter\/specifications\/"]}]},{"@type":"ImageObject","inLanguage":"en-US","@id":"https:\/\/www.parrinst.com\/de\/products\/oxygen-bomb-calorimeters\/6755-solution-calorimeter\/specifications\/#primaryimage","url":"https:\/\/i0.wp.com\/www.parrinst.com\/de\/wp-content\/uploads\/sites\/6\/2018\/01\/parr_banner_calorimeter_secondary-3.jpg?fit=2200%2C399&ssl=1","contentUrl":"https:\/\/i0.wp.com\/www.parrinst.com\/de\/wp-content\/uploads\/sites\/6\/2018\/01\/parr_banner_calorimeter_secondary-3.jpg?fit=2200%2C399&ssl=1","width":2200,"height":399},{"@type":"BreadcrumbList","@id":"https:\/\/www.parrinst.com\/de\/products\/oxygen-bomb-calorimeters\/6755-solution-calorimeter\/specifications\/#breadcrumb","itemListElement":[{"@type":"ListItem","position":1,"name":"Home","item":"https:\/\/www.parrinst.com\/de\/"},{"@type":"ListItem","position":2,"name":"Products","item":"https:\/\/www.parrinst.com\/de\/products\/"},{"@type":"ListItem","position":3,"name":"Sauerstoffbomben-Kalorimeter","item":"https:\/\/www.parrinst.com\/de\/products\/oxygen-bomb-calorimeters\/"},{"@type":"ListItem","position":4,"name":"6755 L\u00f6sungskalorimeter","item":"https:\/\/www.parrinst.com\/de\/products\/oxygen-bomb-calorimeters\/6755-solution-calorimeter\/"},{"@type":"ListItem","position":5,"name":"Specifications"}]},{"@type":"WebSite","@id":"https:\/\/www.parrinst.com\/de\/#website","url":"https:\/\/www.parrinst.com\/de\/","name":"Parr Instrument GmbH","description":"","potentialAction":[{"@type":"SearchAction","target":{"@type":"EntryPoint","urlTemplate":"https:\/\/www.parrinst.com\/de\/?s={search_term_string}"},"query-input":{"@type":"PropertyValueSpecification","valueRequired":true,"valueName":"search_term_string"}}],"inLanguage":"en-US"}]}},"jetpack_sharing_enabled":true,"_links":{"self":[{"href":"https:\/\/www.parrinst.com\/de\/wp-json\/wp\/v2\/pages\/4245","targetHints":{"allow":["GET"]}}],"collection":[{"href":"https:\/\/www.parrinst.com\/de\/wp-json\/wp\/v2\/pages"}],"about":[{"href":"https:\/\/www.parrinst.com\/de\/wp-json\/wp\/v2\/types\/page"}],"author":[{"embeddable":true,"href":"https:\/\/www.parrinst.com\/de\/wp-json\/wp\/v2\/users\/1"}],"replies":[{"embeddable":true,"href":"https:\/\/www.parrinst.com\/de\/wp-json\/wp\/v2\/comments?post=4245"}],"version-history":[{"count":0,"href":"https:\/\/www.parrinst.com\/de\/wp-json\/wp\/v2\/pages\/4245\/revisions"}],"up":[{"embeddable":true,"href":"https:\/\/www.parrinst.com\/de\/wp-json\/wp\/v2\/pages\/4241"}],"wp:featuredmedia":[{"embeddable":true,"href":"https:\/\/www.parrinst.com\/de\/wp-json\/wp\/v2\/media\/37712"}],"wp:attachment":[{"href":"https:\/\/www.parrinst.com\/de\/wp-json\/wp\/v2\/media?parent=4245"}],"curies":[{"name":"wp","href":"https:\/\/api.w.org\/{rel}","templated":true}]}}